{"id":241814,"date":"2018-03-08T15:21:04","date_gmt":"2018-03-08T14:21:04","guid":{"rendered":"https:\/\/nueva.ledsolintel.com\/product\/lampara-portatil-recargable-take-away-de-faro\/"},"modified":"2018-03-08T15:21:04","modified_gmt":"2018-03-08T14:21:04","slug":"lampara-portatil-recargable-take-away-de-faro","status":"publish","type":"product","link":"https:\/\/ledsolintel.com\/fr\/produit-2\/lampara-portatil-recargable-take-away-de-faro\/","title":{"rendered":"Lampe portable rechargeable TAKE-AWAY par Faro Barcelona"},"content":{"rendered":"<h3>Caract\u00e9ristiques :<\/h3>\n<ul>\n<li>Fabriqu\u00e9 en polycarbonate avec une base en bois.<\/li>\n<li>Puissance : 1W-2W-3W (avec variateur)<\/li>\n<li>L'autonomie :\n<ul>\n<li>1W : 15 heures<\/li>\n<li>2W : 10 heures<\/li>\n<li>3W : 5 heures<\/li>\n<\/ul>\n<\/li>\n<li>Luminosit\u00e9 :\n<ul>\n<li>1W : 100 lumens<\/li>\n<li>2W : 200 lumens<\/li>\n<li>3W : 300 lumens<\/li>\n<\/ul>\n<\/li>\n<li>Protection IP20<\/li>\n<li>Finition :\n<ul>\n<li>Blanc<\/li>\n<li>Noir<\/li>\n<\/ul>\n<\/li>\n<li>Dimensions (mm) :\n<ul>\n<li>Longueur : 118<\/li>\n<li>Hauteur : 200<\/li>\n<\/ul>\n<\/li>\n<li>Poids : 0,32 kg<\/li>\n<\/ul>\n<p>\u00a0<\/p><\/p>","protected":false},"excerpt":{"rendered":"<p>Avec un design confortable et d\u00e9contract\u00e9 sign\u00e9 Nathrang, la lampe Take Away offre une source lumineuse transportable qui peut \u00eatre emport\u00e9e partout ou suspendue comme une applique murale. Parfaite pour l'ext\u00e9rieur<\/p>\n<p>Il dispose d'un chargeur USB qui lui permet de fonctionner jusqu'\u00e0 15 heures.<\/p>","protected":false},"featured_media":241809,"template":"","meta":[],"product_brand":[99359],"product_cat":[99573,99903,99583],"product_tag":[],"class_list":{"0":"post-241814","1":"product","2":"type-product","3":"status-publish","4":"has-post-thumbnail","6":"product_brand-faro-barcelona","7":"product_cat-iluminacion-interior","8":"product_cat-apliques-y-lamparas-de-techo-lamparas-de-pared","9":"product_cat-lamparas-portatiles","10":"pa_acabado-blanco","11":"pa_acabado-negro","14":"instock","15":"taxable","16":"shipping-taxable","17":"purchasable","18":"product-type-variable","19":"has-default-attributes"},"yoast_head":"<!-- This site is optimized with the Yoast SEO plugin v26.6 - https:\/\/yoast.com\/wordpress\/plugins\/seo\/ -->\n<title>L\u00e1mpara port\u00e1til recargable TAKE-AWAY de Faro Barcelona<\/title>\n<meta name=\"description\" content=\"Con un dise\u00f1o c\u00f3modo y desenfadado firmado por Nathrang, la l\u00e1mpara Take Away ofrece una fuente de luz transportable con autonom\u00eda de hasta 15 horas\" \/>\n<meta name=\"robots\" content=\"index, follow, max-snippet:-1, max-image-preview:large, max-video-preview:-1\" \/>\n<link rel=\"canonical\" href=\"https:\/\/ledsolintel.com\/fr\/produit-2\/lampara-portatil-recargable-take-away-de-faro\/\" \/>\n<meta property=\"og:locale\" content=\"fr_FR\" \/>\n<meta property=\"og:type\" content=\"article\" \/>\n<meta property=\"og:title\" content=\"L\u00e1mpara port\u00e1til recargable TAKE-AWAY de Faro Barcelona\" \/>\n<meta property=\"og:description\" content=\"Con un dise\u00f1o c\u00f3modo y desenfadado firmado por Nathrang, la l\u00e1mpara Take Away ofrece una fuente de luz transportable con autonom\u00eda de hasta 15 horas\" \/>\n<meta property=\"og:url\" content=\"https:\/\/ledsolintel.com\/fr\/produit-2\/lampara-portatil-recargable-take-away-de-faro\/\" \/>\n<meta property=\"og:site_name\" content=\"Ledsolintel\" \/>\n<meta property=\"article:publisher\" content=\"http:\/\/www.facebook.com\/webmenaje\" \/>\n<meta property=\"og:image\" content=\"https:\/\/ledsolintel.com\/wp-content\/uploads\/2018\/03\/7717-Lampara-portatil-recargable-TAKE-AWAY-de-Faro.jpg\" \/>\n\t<meta property=\"og:image:width\" content=\"1\" \/>\n\t<meta property=\"og:image:height\" content=\"1\" \/>\n\t<meta property=\"og:image:type\" content=\"image\/jpeg\" \/>\n<meta name=\"twitter:card\" content=\"summary_large_image\" \/>\n<meta name=\"twitter:site\" content=\"@webmenaje\" \/>\n<script type=\"application\/ld+json\" class=\"yoast-schema-graph\">{\"@context\":\"https:\/\/schema.org\",\"@graph\":[{\"@type\":\"WebPage\",\"@id\":\"https:\/\/ledsolintel.com\/product\/lampara-portatil-recargable-take-away-de-faro\/\",\"url\":\"https:\/\/ledsolintel.com\/product\/lampara-portatil-recargable-take-away-de-faro\/\",\"name\":\"L\u00e1mpara port\u00e1til recargable TAKE-AWAY de Faro Barcelona\",\"isPartOf\":{\"@id\":\"https:\/\/ledsolintel.com\/#website\"},\"primaryImageOfPage\":{\"@id\":\"https:\/\/ledsolintel.com\/product\/lampara-portatil-recargable-take-away-de-faro\/#primaryimage\"},\"image\":{\"@id\":\"https:\/\/ledsolintel.com\/product\/lampara-portatil-recargable-take-away-de-faro\/#primaryimage\"},\"thumbnailUrl\":\"https:\/\/ledsolintel.com\/wp-content\/uploads\/2018\/03\/7717-Lampara-portatil-recargable-TAKE-AWAY-de-Faro.jpg\",\"datePublished\":\"2018-03-08T14:21:04+00:00\",\"description\":\"Con un dise\u00f1o c\u00f3modo y desenfadado firmado por Nathrang, la l\u00e1mpara Take Away ofrece una fuente de luz transportable con autonom\u00eda de hasta 15 horas\",\"breadcrumb\":{\"@id\":\"https:\/\/ledsolintel.com\/product\/lampara-portatil-recargable-take-away-de-faro\/#breadcrumb\"},\"inLanguage\":\"fr-FR\",\"potentialAction\":[{\"@type\":\"ReadAction\",\"target\":[\"https:\/\/ledsolintel.com\/product\/lampara-portatil-recargable-take-away-de-faro\/\"]}]},{\"@type\":\"ImageObject\",\"inLanguage\":\"fr-FR\",\"@id\":\"https:\/\/ledsolintel.com\/product\/lampara-portatil-recargable-take-away-de-faro\/#primaryimage\",\"url\":\"https:\/\/ledsolintel.com\/wp-content\/uploads\/2018\/03\/7717-Lampara-portatil-recargable-TAKE-AWAY-de-Faro.jpg\",\"contentUrl\":\"https:\/\/ledsolintel.com\/wp-content\/uploads\/2018\/03\/7717-Lampara-portatil-recargable-TAKE-AWAY-de-Faro.jpg\",\"caption\":\"L\u00e1mpara port\u00e1til recargable TAKE-AWAY de Faro\"},{\"@type\":\"BreadcrumbList\",\"@id\":\"https:\/\/ledsolintel.com\/product\/lampara-portatil-recargable-take-away-de-faro\/#breadcrumb\",\"itemListElement\":[{\"@type\":\"ListItem\",\"position\":1,\"name\":\"Portada\",\"item\":\"https:\/\/ledsolintel.com\/fr\/\"},{\"@type\":\"ListItem\",\"position\":2,\"name\":\"Tienda\",\"item\":\"https:\/\/ledsolintel.com\/tienda\/\"},{\"@type\":\"ListItem\",\"position\":3,\"name\":\"L\u00e1mpara port\u00e1til recargable TAKE-AWAY de Faro Barcelona\"}]},{\"@type\":\"WebSite\",\"@id\":\"https:\/\/ledsolintel.com\/#website\",\"url\":\"https:\/\/ledsolintel.com\/\",\"name\":\"Webmenaje\",\"description\":\"Tienda de bombillas y l\u00e1mparas LED para profesionales\",\"publisher\":{\"@id\":\"https:\/\/ledsolintel.com\/#organization\"},\"potentialAction\":[{\"@type\":\"SearchAction\",\"target\":{\"@type\":\"EntryPoint\",\"urlTemplate\":\"https:\/\/ledsolintel.com\/?s={search_term_string}\"},\"query-input\":{\"@type\":\"PropertyValueSpecification\",\"valueRequired\":true,\"valueName\":\"search_term_string\"}}],\"inLanguage\":\"fr-FR\"},{\"@type\":\"Organization\",\"@id\":\"https:\/\/ledsolintel.com\/#organization\",\"name\":\"Solintel Noroeste, S.L.\",\"url\":\"https:\/\/ledsolintel.com\/\",\"logo\":{\"@type\":\"ImageObject\",\"inLanguage\":\"fr-FR\",\"@id\":\"https:\/\/ledsolintel.com\/#\/schema\/logo\/image\/\",\"url\":\"https:\/\/ledsolintel.com\/wp-content\/uploads\/2024\/11\/webmenaje-logo-1508269066.jpg\",\"contentUrl\":\"https:\/\/ledsolintel.com\/wp-content\/uploads\/2024\/11\/webmenaje-logo-1508269066.jpg\",\"width\":370,\"height\":90,\"caption\":\"Solintel Noroeste, S.L.\"},\"image\":{\"@id\":\"https:\/\/ledsolintel.com\/#\/schema\/logo\/image\/\"},\"sameAs\":[\"http:\/\/www.facebook.com\/webmenaje\",\"https:\/\/x.com\/webmenaje\",\"https:\/\/www.youtube.com\/channel\/UCX2KoVoeCG4LocZjUc6LmSQ\",\"http:\/\/www.pinterest.com\/webmenaje\"]}]}<\/script>\n<!-- \/ Yoast SEO plugin. -->","yoast_head_json":{"title":"Lampe portable rechargeable TAKE-AWAY par Faro Barcelona","description":"Con un dise\u00f1o c\u00f3modo y desenfadado firmado por Nathrang, la l\u00e1mpara Take Away ofrece una fuente de luz transportable con autonom\u00eda de hasta 15 horas","robots":{"index":"index","follow":"follow","max-snippet":"max-snippet:-1","max-image-preview":"max-image-preview:large","max-video-preview":"max-video-preview:-1"},"canonical":"https:\/\/ledsolintel.com\/fr\/produit-2\/lampara-portatil-recargable-take-away-de-faro\/","og_locale":"fr_FR","og_type":"article","og_title":"L\u00e1mpara port\u00e1til recargable TAKE-AWAY de Faro Barcelona","og_description":"Con un dise\u00f1o c\u00f3modo y desenfadado firmado por Nathrang, la l\u00e1mpara Take Away ofrece una fuente de luz transportable con autonom\u00eda de hasta 15 horas","og_url":"https:\/\/ledsolintel.com\/fr\/produit-2\/lampara-portatil-recargable-take-away-de-faro\/","og_site_name":"Ledsolintel","article_publisher":"http:\/\/www.facebook.com\/webmenaje","og_image":[{"url":"https:\/\/ledsolintel.com\/wp-content\/uploads\/2018\/03\/7717-Lampara-portatil-recargable-TAKE-AWAY-de-Faro.jpg","width":1,"height":1,"type":"image\/jpeg"}],"twitter_card":"summary_large_image","twitter_site":"@webmenaje","schema":{"@context":"https:\/\/schema.org","@graph":[{"@type":"WebPage","@id":"https:\/\/ledsolintel.com\/product\/lampara-portatil-recargable-take-away-de-faro\/","url":"https:\/\/ledsolintel.com\/product\/lampara-portatil-recargable-take-away-de-faro\/","name":"Lampe portable rechargeable TAKE-AWAY par Faro Barcelona","isPartOf":{"@id":"https:\/\/ledsolintel.com\/#website"},"primaryImageOfPage":{"@id":"https:\/\/ledsolintel.com\/product\/lampara-portatil-recargable-take-away-de-faro\/#primaryimage"},"image":{"@id":"https:\/\/ledsolintel.com\/product\/lampara-portatil-recargable-take-away-de-faro\/#primaryimage"},"thumbnailUrl":"https:\/\/ledsolintel.com\/wp-content\/uploads\/2018\/03\/7717-Lampara-portatil-recargable-TAKE-AWAY-de-Faro.jpg","datePublished":"2018-03-08T14:21:04+00:00","description":"Con un dise\u00f1o c\u00f3modo y desenfadado firmado por Nathrang, la l\u00e1mpara Take Away ofrece una fuente de luz transportable con autonom\u00eda de hasta 15 horas","breadcrumb":{"@id":"https:\/\/ledsolintel.com\/product\/lampara-portatil-recargable-take-away-de-faro\/#breadcrumb"},"inLanguage":"fr-FR","potentialAction":[{"@type":"ReadAction","target":["https:\/\/ledsolintel.com\/product\/lampara-portatil-recargable-take-away-de-faro\/"]}]},{"@type":"ImageObject","inLanguage":"fr-FR","@id":"https:\/\/ledsolintel.com\/product\/lampara-portatil-recargable-take-away-de-faro\/#primaryimage","url":"https:\/\/ledsolintel.com\/wp-content\/uploads\/2018\/03\/7717-Lampara-portatil-recargable-TAKE-AWAY-de-Faro.jpg","contentUrl":"https:\/\/ledsolintel.com\/wp-content\/uploads\/2018\/03\/7717-Lampara-portatil-recargable-TAKE-AWAY-de-Faro.jpg","caption":"L\u00e1mpara port\u00e1til recargable TAKE-AWAY de Faro"},{"@type":"BreadcrumbList","@id":"https:\/\/ledsolintel.com\/product\/lampara-portatil-recargable-take-away-de-faro\/#breadcrumb","itemListElement":[{"@type":"ListItem","position":1,"name":"Portada","item":"https:\/\/ledsolintel.com\/fr\/"},{"@type":"ListItem","position":2,"name":"Tienda","item":"https:\/\/ledsolintel.com\/tienda\/"},{"@type":"ListItem","position":3,"name":"L\u00e1mpara port\u00e1til recargable TAKE-AWAY de Faro Barcelona"}]},{"@type":"WebSite","@id":"https:\/\/ledsolintel.com\/#website","url":"https:\/\/ledsolintel.com\/","name":"Webmenaje","description":"Magasin d'ampoules et de lampes LED pour les professionnels","publisher":{"@id":"https:\/\/ledsolintel.com\/#organization"},"potentialAction":[{"@type":"SearchAction","target":{"@type":"EntryPoint","urlTemplate":"https:\/\/ledsolintel.com\/?s={search_term_string}"},"query-input":{"@type":"PropertyValueSpecification","valueRequired":true,"valueName":"search_term_string"}}],"inLanguage":"fr-FR"},{"@type":"Organization","@id":"https:\/\/ledsolintel.com\/#organization","name":"Solintel Noroeste, S.L.","url":"https:\/\/ledsolintel.com\/","logo":{"@type":"ImageObject","inLanguage":"fr-FR","@id":"https:\/\/ledsolintel.com\/#\/schema\/logo\/image\/","url":"https:\/\/ledsolintel.com\/wp-content\/uploads\/2024\/11\/webmenaje-logo-1508269066.jpg","contentUrl":"https:\/\/ledsolintel.com\/wp-content\/uploads\/2024\/11\/webmenaje-logo-1508269066.jpg","width":370,"height":90,"caption":"Solintel Noroeste, S.L."},"image":{"@id":"https:\/\/ledsolintel.com\/#\/schema\/logo\/image\/"},"sameAs":["http:\/\/www.facebook.com\/webmenaje","https:\/\/x.com\/webmenaje","https:\/\/www.youtube.com\/channel\/UCX2KoVoeCG4LocZjUc6LmSQ","http:\/\/www.pinterest.com\/webmenaje"]}]}},"_links":{"self":[{"href":"https:\/\/ledsolintel.com\/fr\/wp-json\/wp\/v2\/product\/241814","targetHints":{"allow":["GET"]}}],"collection":[{"href":"https:\/\/ledsolintel.com\/fr\/wp-json\/wp\/v2\/product"}],"about":[{"href":"https:\/\/ledsolintel.com\/fr\/wp-json\/wp\/v2\/types\/product"}],"version-history":[{"count":0,"href":"https:\/\/ledsolintel.com\/fr\/wp-json\/wp\/v2\/product\/241814\/revisions"}],"wp:featuredmedia":[{"embeddable":true,"href":"https:\/\/ledsolintel.com\/fr\/wp-json\/wp\/v2\/media\/241809"}],"wp:attachment":[{"href":"https:\/\/ledsolintel.com\/fr\/wp-json\/wp\/v2\/media?parent=241814"}],"wp:term":[{"taxonomy":"product_brand","embeddable":true,"href":"https:\/\/ledsolintel.com\/fr\/wp-json\/wp\/v2\/product_brand?post=241814"},{"taxonomy":"product_cat","embeddable":true,"href":"https:\/\/ledsolintel.com\/fr\/wp-json\/wp\/v2\/product_cat?post=241814"},{"taxonomy":"product_tag","embeddable":true,"href":"https:\/\/ledsolintel.com\/fr\/wp-json\/wp\/v2\/product_tag?post=241814"}],"curies":[{"name":"wp","href":"https:\/\/api.w.org\/{rel}","templated":true}]}}