{"id":241802,"date":"2018-03-08T13:08:30","date_gmt":"2018-03-08T12:08:30","guid":{"rendered":"https:\/\/nueva.ledsolintel.com\/product\/aplique-orleans-2-o-3-lamparas-de-faro\/"},"modified":"2018-03-08T13:08:30","modified_gmt":"2018-03-08T12:08:30","slug":"aplique-orleans-2-o-3-lamparas-de-faro","status":"publish","type":"product","link":"https:\/\/ledsolintel.com\/fr\/produit-2\/aplique-orleans-2-o-3-lamparas-de-faro\/","title":{"rendered":"ORLEANS applique 2 ou 3 lampes par Faro Barcelona"},"content":{"rendered":"<h3>Caract\u00e9ristiques :<\/h3>\n<ul>\n<li>En m\u00e9tal<\/li>\n<li>Puissance : 8W<\/li>\n<li>Tension : 100-240V, 50\/60 Hz<\/li>\n<li>Connexion : GU10<\/li>\n<li>Finitions :\u00a0<\/li>\n<li>\n<ul>\n<li>Blanc<\/li>\n<li>Noir<\/li>\n<li>Chrome<\/li>\n<\/ul>\n<\/li>\n<li>Dimensions (mm) :\n<ul>\n<li>2 l\u00e1mparas:\n<ul>\n<li>Longueur : 380<\/li>\n<li>Alto:\u00a0100<\/li>\n<li>Ancho:\u00a0175<\/li>\n<\/ul>\n<\/li>\n<li>3 l\u00e1mparas:\n<ul>\n<li>Largo: 585<\/li>\n<li>Alto: 170<\/li>\n<li>Ancho: 120\u00a0<\/li>\n<\/ul>\n<\/li>\n<\/ul>\n<\/li>\n<\/ul>\n<h4>Atenci\u00f3n: las bombillas no est\u00e1n incluidas. Es v\u00e1lida cualquier bombilla con conexi\u00f3n GU10 hasta 8W. Nosotros le recomendamos que acuda a fabricantes como Roblan o Beneito Faure, cuyos productos puede encontrar en esta misma web.<\/h4>","protected":false},"excerpt":{"rendered":"<p>La s\u00e9rie Orleans de Faro propose plusieurs mod\u00e8les d'appliques murales au style futuriste. Un accessoire sophistiqu\u00e9 et fonctionnel qui compl\u00e8te tout type d'environnement dans les chambres \u00e0 coucher, les salons ou les espaces de lecture.<\/p>\n<p>Disponible en 3 colores y con 2 o 3 l\u00e1mparas.<\/p>","protected":false},"featured_media":241793,"template":"","meta":[],"product_brand":[99359],"product_cat":[99903,99573],"product_tag":[],"class_list":{"0":"post-241802","1":"product","2":"type-product","3":"status-publish","4":"has-post-thumbnail","6":"product_brand-faro-barcelona","7":"product_cat-apliques-y-lamparas-de-techo-lamparas-de-pared","8":"product_cat-iluminacion-interior","9":"pa_acabado-blanco","10":"pa_acabado-cromo","11":"pa_acabado-negro","12":"pa_numerodelamparas-2lamparas","13":"pa_numerodelamparas-3lamparas","16":"instock","17":"taxable","18":"shipping-taxable","19":"purchasable","20":"product-type-variable","21":"has-default-attributes"},"yoast_head":"<!-- This site is optimized with the Yoast SEO plugin v27.4 - https:\/\/yoast.com\/product\/yoast-seo-wordpress\/ -->\n<title>Aplique ORLEANS 2 o 3 l\u00e1mparas de Faro Barcelona<\/title>\n<meta name=\"description\" content=\"La serie Orleans de Faro Barcelona propone varios modelos de aplique con un estilo futurista. Complemento sofisticado y funcional para toda clase de ambientes\" \/>\n<meta name=\"robots\" content=\"index, follow, max-snippet:-1, max-image-preview:large, max-video-preview:-1\" \/>\n<link rel=\"canonical\" href=\"https:\/\/ledsolintel.com\/fr\/produit-2\/aplique-orleans-2-o-3-lamparas-de-faro\/\" \/>\n<meta property=\"og:locale\" content=\"fr_FR\" \/>\n<meta property=\"og:type\" content=\"article\" \/>\n<meta property=\"og:title\" content=\"Aplique ORLEANS 2 o 3 l\u00e1mparas de Faro Barcelona\" \/>\n<meta property=\"og:description\" content=\"La serie Orleans de Faro Barcelona propone varios modelos de aplique con un estilo futurista. Complemento sofisticado y funcional para toda clase de ambientes\" \/>\n<meta property=\"og:url\" content=\"https:\/\/ledsolintel.com\/fr\/produit-2\/aplique-orleans-2-o-3-lamparas-de-faro\/\" \/>\n<meta property=\"og:site_name\" content=\"Ledsolintel\" \/>\n<meta property=\"article:publisher\" content=\"http:\/\/www.facebook.com\/webmenaje\" \/>\n<meta property=\"og:image\" content=\"https:\/\/ledsolintel.com\/wp-content\/uploads\/2018\/03\/7708-Aplique-ORLEANS-2-o-3-lamparas-de-Faro.jpg\" \/>\n\t<meta property=\"og:image:width\" content=\"1\" \/>\n\t<meta property=\"og:image:height\" content=\"1\" \/>\n\t<meta property=\"og:image:type\" content=\"image\/jpeg\" \/>\n<meta name=\"twitter:card\" content=\"summary_large_image\" \/>\n<meta name=\"twitter:site\" content=\"@webmenaje\" \/>\n<script type=\"application\/ld+json\" class=\"yoast-schema-graph\">{\"@context\":\"https:\\\/\\\/schema.org\",\"@graph\":[{\"@type\":\"WebPage\",\"@id\":\"https:\\\/\\\/ledsolintel.com\\\/product\\\/aplique-orleans-2-o-3-lamparas-de-faro\\\/\",\"url\":\"https:\\\/\\\/ledsolintel.com\\\/product\\\/aplique-orleans-2-o-3-lamparas-de-faro\\\/\",\"name\":\"Aplique ORLEANS 2 o 3 l\u00e1mparas de Faro Barcelona\",\"isPartOf\":{\"@id\":\"https:\\\/\\\/ledsolintel.com\\\/#website\"},\"primaryImageOfPage\":{\"@id\":\"https:\\\/\\\/ledsolintel.com\\\/product\\\/aplique-orleans-2-o-3-lamparas-de-faro\\\/#primaryimage\"},\"image\":{\"@id\":\"https:\\\/\\\/ledsolintel.com\\\/product\\\/aplique-orleans-2-o-3-lamparas-de-faro\\\/#primaryimage\"},\"thumbnailUrl\":\"https:\\\/\\\/ledsolintel.com\\\/wp-content\\\/uploads\\\/2018\\\/03\\\/7708-Aplique-ORLEANS-2-o-3-lamparas-de-Faro.jpg\",\"datePublished\":\"2018-03-08T12:08:30+00:00\",\"description\":\"La serie Orleans de Faro Barcelona propone varios modelos de aplique con un estilo futurista. Complemento sofisticado y funcional para toda clase de ambientes\",\"breadcrumb\":{\"@id\":\"https:\\\/\\\/ledsolintel.com\\\/product\\\/aplique-orleans-2-o-3-lamparas-de-faro\\\/#breadcrumb\"},\"inLanguage\":\"fr-FR\",\"potentialAction\":[{\"@type\":\"ReadAction\",\"target\":[\"https:\\\/\\\/ledsolintel.com\\\/product\\\/aplique-orleans-2-o-3-lamparas-de-faro\\\/\"]}]},{\"@type\":\"ImageObject\",\"inLanguage\":\"fr-FR\",\"@id\":\"https:\\\/\\\/ledsolintel.com\\\/product\\\/aplique-orleans-2-o-3-lamparas-de-faro\\\/#primaryimage\",\"url\":\"https:\\\/\\\/ledsolintel.com\\\/wp-content\\\/uploads\\\/2018\\\/03\\\/7708-Aplique-ORLEANS-2-o-3-lamparas-de-Faro.jpg\",\"contentUrl\":\"https:\\\/\\\/ledsolintel.com\\\/wp-content\\\/uploads\\\/2018\\\/03\\\/7708-Aplique-ORLEANS-2-o-3-lamparas-de-Faro.jpg\",\"caption\":\"Aplique ORLEANS 2 o 3 l\u00e1mparas de Faro\"},{\"@type\":\"BreadcrumbList\",\"@id\":\"https:\\\/\\\/ledsolintel.com\\\/product\\\/aplique-orleans-2-o-3-lamparas-de-faro\\\/#breadcrumb\",\"itemListElement\":[{\"@type\":\"ListItem\",\"position\":1,\"name\":\"Portada\",\"item\":\"https:\\\/\\\/ledsolintel.com\\\/fr\\\/\"},{\"@type\":\"ListItem\",\"position\":2,\"name\":\"Tienda\",\"item\":\"https:\\\/\\\/ledsolintel.com\\\/tienda\\\/\"},{\"@type\":\"ListItem\",\"position\":3,\"name\":\"Aplique ORLEANS 2 o 3 l\u00e1mparas de Faro Barcelona\"}]},{\"@type\":\"WebSite\",\"@id\":\"https:\\\/\\\/ledsolintel.com\\\/#website\",\"url\":\"https:\\\/\\\/ledsolintel.com\\\/\",\"name\":\"Webmenaje\",\"description\":\"Tienda de bombillas y l\u00e1mparas LED para profesionales\",\"publisher\":{\"@id\":\"https:\\\/\\\/ledsolintel.com\\\/#organization\"},\"potentialAction\":[{\"@type\":\"SearchAction\",\"target\":{\"@type\":\"EntryPoint\",\"urlTemplate\":\"https:\\\/\\\/ledsolintel.com\\\/?s={search_term_string}\"},\"query-input\":{\"@type\":\"PropertyValueSpecification\",\"valueRequired\":true,\"valueName\":\"search_term_string\"}}],\"inLanguage\":\"fr-FR\"},{\"@type\":\"Organization\",\"@id\":\"https:\\\/\\\/ledsolintel.com\\\/#organization\",\"name\":\"Solintel Noroeste, S.L.\",\"url\":\"https:\\\/\\\/ledsolintel.com\\\/\",\"logo\":{\"@type\":\"ImageObject\",\"inLanguage\":\"fr-FR\",\"@id\":\"https:\\\/\\\/ledsolintel.com\\\/#\\\/schema\\\/logo\\\/image\\\/\",\"url\":\"https:\\\/\\\/ledsolintel.com\\\/wp-content\\\/uploads\\\/2024\\\/11\\\/webmenaje-logo-1508269066.jpg\",\"contentUrl\":\"https:\\\/\\\/ledsolintel.com\\\/wp-content\\\/uploads\\\/2024\\\/11\\\/webmenaje-logo-1508269066.jpg\",\"width\":370,\"height\":90,\"caption\":\"Solintel Noroeste, S.L.\"},\"image\":{\"@id\":\"https:\\\/\\\/ledsolintel.com\\\/#\\\/schema\\\/logo\\\/image\\\/\"},\"sameAs\":[\"http:\\\/\\\/www.facebook.com\\\/webmenaje\",\"https:\\\/\\\/x.com\\\/webmenaje\",\"https:\\\/\\\/www.youtube.com\\\/channel\\\/UCX2KoVoeCG4LocZjUc6LmSQ\",\"http:\\\/\\\/www.pinterest.com\\\/webmenaje\"]}]}<\/script>\n<!-- \/ Yoast SEO plugin. -->","yoast_head_json":{"title":"ORLEANS applique 2 ou 3 lampes par Faro Barcelona","description":"La serie Orleans de Faro Barcelona propone varios modelos de aplique con un estilo futurista. Complemento sofisticado y funcional para toda clase de ambientes","robots":{"index":"index","follow":"follow","max-snippet":"max-snippet:-1","max-image-preview":"max-image-preview:large","max-video-preview":"max-video-preview:-1"},"canonical":"https:\/\/ledsolintel.com\/fr\/produit-2\/aplique-orleans-2-o-3-lamparas-de-faro\/","og_locale":"fr_FR","og_type":"article","og_title":"Aplique ORLEANS 2 o 3 l\u00e1mparas de Faro Barcelona","og_description":"La serie Orleans de Faro Barcelona propone varios modelos de aplique con un estilo futurista. Complemento sofisticado y funcional para toda clase de ambientes","og_url":"https:\/\/ledsolintel.com\/fr\/produit-2\/aplique-orleans-2-o-3-lamparas-de-faro\/","og_site_name":"Ledsolintel","article_publisher":"http:\/\/www.facebook.com\/webmenaje","og_image":[{"url":"https:\/\/ledsolintel.com\/wp-content\/uploads\/2018\/03\/7708-Aplique-ORLEANS-2-o-3-lamparas-de-Faro.jpg","width":1,"height":1,"type":"image\/jpeg"}],"twitter_card":"summary_large_image","twitter_site":"@webmenaje","schema":{"@context":"https:\/\/schema.org","@graph":[{"@type":"WebPage","@id":"https:\/\/ledsolintel.com\/product\/aplique-orleans-2-o-3-lamparas-de-faro\/","url":"https:\/\/ledsolintel.com\/product\/aplique-orleans-2-o-3-lamparas-de-faro\/","name":"ORLEANS applique 2 ou 3 lampes par Faro Barcelona","isPartOf":{"@id":"https:\/\/ledsolintel.com\/#website"},"primaryImageOfPage":{"@id":"https:\/\/ledsolintel.com\/product\/aplique-orleans-2-o-3-lamparas-de-faro\/#primaryimage"},"image":{"@id":"https:\/\/ledsolintel.com\/product\/aplique-orleans-2-o-3-lamparas-de-faro\/#primaryimage"},"thumbnailUrl":"https:\/\/ledsolintel.com\/wp-content\/uploads\/2018\/03\/7708-Aplique-ORLEANS-2-o-3-lamparas-de-Faro.jpg","datePublished":"2018-03-08T12:08:30+00:00","description":"La serie Orleans de Faro Barcelona propone varios modelos de aplique con un estilo futurista. Complemento sofisticado y funcional para toda clase de ambientes","breadcrumb":{"@id":"https:\/\/ledsolintel.com\/product\/aplique-orleans-2-o-3-lamparas-de-faro\/#breadcrumb"},"inLanguage":"fr-FR","potentialAction":[{"@type":"ReadAction","target":["https:\/\/ledsolintel.com\/product\/aplique-orleans-2-o-3-lamparas-de-faro\/"]}]},{"@type":"ImageObject","inLanguage":"fr-FR","@id":"https:\/\/ledsolintel.com\/product\/aplique-orleans-2-o-3-lamparas-de-faro\/#primaryimage","url":"https:\/\/ledsolintel.com\/wp-content\/uploads\/2018\/03\/7708-Aplique-ORLEANS-2-o-3-lamparas-de-Faro.jpg","contentUrl":"https:\/\/ledsolintel.com\/wp-content\/uploads\/2018\/03\/7708-Aplique-ORLEANS-2-o-3-lamparas-de-Faro.jpg","caption":"Aplique ORLEANS 2 o 3 l\u00e1mparas de Faro"},{"@type":"BreadcrumbList","@id":"https:\/\/ledsolintel.com\/product\/aplique-orleans-2-o-3-lamparas-de-faro\/#breadcrumb","itemListElement":[{"@type":"ListItem","position":1,"name":"Portada","item":"https:\/\/ledsolintel.com\/fr\/"},{"@type":"ListItem","position":2,"name":"Tienda","item":"https:\/\/ledsolintel.com\/tienda\/"},{"@type":"ListItem","position":3,"name":"Aplique ORLEANS 2 o 3 l\u00e1mparas de Faro Barcelona"}]},{"@type":"WebSite","@id":"https:\/\/ledsolintel.com\/#website","url":"https:\/\/ledsolintel.com\/","name":"Webmenaje","description":"Magasin d'ampoules et de lampes LED pour les professionnels","publisher":{"@id":"https:\/\/ledsolintel.com\/#organization"},"potentialAction":[{"@type":"SearchAction","target":{"@type":"EntryPoint","urlTemplate":"https:\/\/ledsolintel.com\/?s={search_term_string}"},"query-input":{"@type":"PropertyValueSpecification","valueRequired":true,"valueName":"search_term_string"}}],"inLanguage":"fr-FR"},{"@type":"Organization","@id":"https:\/\/ledsolintel.com\/#organization","name":"Solintel Noroeste, S.L.","url":"https:\/\/ledsolintel.com\/","logo":{"@type":"ImageObject","inLanguage":"fr-FR","@id":"https:\/\/ledsolintel.com\/#\/schema\/logo\/image\/","url":"https:\/\/ledsolintel.com\/wp-content\/uploads\/2024\/11\/webmenaje-logo-1508269066.jpg","contentUrl":"https:\/\/ledsolintel.com\/wp-content\/uploads\/2024\/11\/webmenaje-logo-1508269066.jpg","width":370,"height":90,"caption":"Solintel Noroeste, S.L."},"image":{"@id":"https:\/\/ledsolintel.com\/#\/schema\/logo\/image\/"},"sameAs":["http:\/\/www.facebook.com\/webmenaje","https:\/\/x.com\/webmenaje","https:\/\/www.youtube.com\/channel\/UCX2KoVoeCG4LocZjUc6LmSQ","http:\/\/www.pinterest.com\/webmenaje"]}]}},"_links":{"self":[{"href":"https:\/\/ledsolintel.com\/fr\/wp-json\/wp\/v2\/product\/241802","targetHints":{"allow":["GET"]}}],"collection":[{"href":"https:\/\/ledsolintel.com\/fr\/wp-json\/wp\/v2\/product"}],"about":[{"href":"https:\/\/ledsolintel.com\/fr\/wp-json\/wp\/v2\/types\/product"}],"version-history":[{"count":0,"href":"https:\/\/ledsolintel.com\/fr\/wp-json\/wp\/v2\/product\/241802\/revisions"}],"wp:featuredmedia":[{"embeddable":true,"href":"https:\/\/ledsolintel.com\/fr\/wp-json\/wp\/v2\/media\/241793"}],"wp:attachment":[{"href":"https:\/\/ledsolintel.com\/fr\/wp-json\/wp\/v2\/media?parent=241802"}],"wp:term":[{"taxonomy":"product_brand","embeddable":true,"href":"https:\/\/ledsolintel.com\/fr\/wp-json\/wp\/v2\/product_brand?post=241802"},{"taxonomy":"product_cat","embeddable":true,"href":"https:\/\/ledsolintel.com\/fr\/wp-json\/wp\/v2\/product_cat?post=241802"},{"taxonomy":"product_tag","embeddable":true,"href":"https:\/\/ledsolintel.com\/fr\/wp-json\/wp\/v2\/product_tag?post=241802"}],"curies":[{"name":"wp","href":"https:\/\/api.w.org\/{rel}","templated":true}]}}