{"id":241789,"date":"2018-03-08T12:45:29","date_gmt":"2018-03-08T11:45:29","guid":{"rendered":"https:\/\/nueva.ledsolintel.com\/product\/aplique-orleans-de-faro\/"},"modified":"2018-03-08T12:45:29","modified_gmt":"2018-03-08T11:45:29","slug":"lampe-murale-phare-dorleans","status":"publish","type":"product","link":"https:\/\/ledsolintel.com\/fr\/produit-2\/lampe-murale-phare-dorleans\/","title":{"rendered":"Applique ORLEANS de Faro Barcelona"},"content":{"rendered":"<h3>Caract\u00e9ristiques :<\/h3>\n<ul>\n<li>En m\u00e9tal<\/li>\n<li>Puissance : 8W<\/li>\n<li>Tension : 100-240V, 50\/60 Hz<\/li>\n<li>Connexion : GU10<\/li>\n<li>Finitions :\u00a0<\/li>\n<li>\n<ul>\n<li>Blanc<\/li>\n<li>Noir<\/li>\n<li>Chrome<\/li>\n<\/ul>\n<\/li>\n<li>Dimensions (mm) :\n<ul>\n<li>Longueur : 150<\/li>\n<li>Hauteur : 200<\/li>\n<li>Largeur : 120<\/li>\n<\/ul>\n<\/li>\n<li>Poids : 0,48 kg<\/li>\n<\/ul>\n<p>\u00a0<\/p>\n<h4>Attention : les ampoules ne sont pas incluses. Toute ampoule avec connexion E27 jusqu'\u00e0 8W est valable. Nous vous conseillons de vous adresser \u00e0 des fabricants tels que Roblan ou Beneito Faure, dont vous trouverez les produits sur ce site.<\/h4>","protected":false},"excerpt":{"rendered":"<p>La s\u00e9rie Orleans de Faro propose plusieurs mod\u00e8les d'appliques murales au style futuriste. Un accessoire sophistiqu\u00e9 et fonctionnel qui compl\u00e8te tout type d'environnement dans les chambres \u00e0 coucher, les salons ou les espaces de lecture.<\/p>","protected":false},"featured_media":241784,"template":"","meta":[],"product_brand":[99359],"product_cat":[99903,99573],"product_tag":[],"class_list":{"0":"post-241789","1":"product","2":"type-product","3":"status-publish","4":"has-post-thumbnail","6":"product_brand-faro-barcelona","7":"product_cat-apliques-y-lamparas-de-techo-lamparas-de-pared","8":"product_cat-iluminacion-interior","9":"pa_acabado-blanco","10":"pa_acabado-cromo","11":"pa_acabado-negro","14":"instock","15":"taxable","16":"shipping-taxable","17":"purchasable","18":"product-type-variable","19":"has-default-attributes"},"yoast_head":"<!-- This site is optimized with the Yoast SEO plugin v27.4 - https:\/\/yoast.com\/product\/yoast-seo-wordpress\/ -->\n<title>Aplique ORLEANS de Faro Barcelona<\/title>\n<meta name=\"description\" content=\"La serie Orleans de Faro Barcelona propone varios modelos de aplique con un estilo futurista. Un complemento sofisticado y funcional para habitaciones y salones.\" \/>\n<meta name=\"robots\" content=\"index, follow, max-snippet:-1, max-image-preview:large, max-video-preview:-1\" \/>\n<link rel=\"canonical\" href=\"https:\/\/ledsolintel.com\/fr\/produit-2\/lampe-murale-phare-dorleans\/\" \/>\n<meta property=\"og:locale\" content=\"fr_FR\" \/>\n<meta property=\"og:type\" content=\"article\" \/>\n<meta property=\"og:title\" content=\"Aplique ORLEANS de Faro Barcelona\" \/>\n<meta property=\"og:description\" content=\"La serie Orleans de Faro Barcelona propone varios modelos de aplique con un estilo futurista. Un complemento sofisticado y funcional para habitaciones y salones.\" \/>\n<meta property=\"og:url\" content=\"https:\/\/ledsolintel.com\/fr\/produit-2\/lampe-murale-phare-dorleans\/\" \/>\n<meta property=\"og:site_name\" content=\"Ledsolintel\" \/>\n<meta property=\"article:publisher\" content=\"http:\/\/www.facebook.com\/webmenaje\" \/>\n<meta property=\"og:image\" content=\"https:\/\/ledsolintel.com\/wp-content\/uploads\/2018\/03\/7703-Aplique-ORLEANS-de-Faro.jpg\" \/>\n\t<meta property=\"og:image:width\" content=\"1\" \/>\n\t<meta property=\"og:image:height\" content=\"1\" \/>\n\t<meta property=\"og:image:type\" content=\"image\/jpeg\" \/>\n<meta name=\"twitter:card\" content=\"summary_large_image\" \/>\n<meta name=\"twitter:site\" content=\"@webmenaje\" \/>\n<script type=\"application\/ld+json\" class=\"yoast-schema-graph\">{\"@context\":\"https:\\\/\\\/schema.org\",\"@graph\":[{\"@type\":\"WebPage\",\"@id\":\"https:\\\/\\\/ledsolintel.com\\\/product\\\/aplique-orleans-de-faro\\\/\",\"url\":\"https:\\\/\\\/ledsolintel.com\\\/product\\\/aplique-orleans-de-faro\\\/\",\"name\":\"Aplique ORLEANS de Faro Barcelona\",\"isPartOf\":{\"@id\":\"https:\\\/\\\/ledsolintel.com\\\/#website\"},\"primaryImageOfPage\":{\"@id\":\"https:\\\/\\\/ledsolintel.com\\\/product\\\/aplique-orleans-de-faro\\\/#primaryimage\"},\"image\":{\"@id\":\"https:\\\/\\\/ledsolintel.com\\\/product\\\/aplique-orleans-de-faro\\\/#primaryimage\"},\"thumbnailUrl\":\"https:\\\/\\\/ledsolintel.com\\\/wp-content\\\/uploads\\\/2018\\\/03\\\/7703-Aplique-ORLEANS-de-Faro.jpg\",\"datePublished\":\"2018-03-08T11:45:29+00:00\",\"description\":\"La serie Orleans de Faro Barcelona propone varios modelos de aplique con un estilo futurista. Un complemento sofisticado y funcional para habitaciones y salones.\",\"breadcrumb\":{\"@id\":\"https:\\\/\\\/ledsolintel.com\\\/product\\\/aplique-orleans-de-faro\\\/#breadcrumb\"},\"inLanguage\":\"fr-FR\",\"potentialAction\":[{\"@type\":\"ReadAction\",\"target\":[\"https:\\\/\\\/ledsolintel.com\\\/product\\\/aplique-orleans-de-faro\\\/\"]}]},{\"@type\":\"ImageObject\",\"inLanguage\":\"fr-FR\",\"@id\":\"https:\\\/\\\/ledsolintel.com\\\/product\\\/aplique-orleans-de-faro\\\/#primaryimage\",\"url\":\"https:\\\/\\\/ledsolintel.com\\\/wp-content\\\/uploads\\\/2018\\\/03\\\/7703-Aplique-ORLEANS-de-Faro.jpg\",\"contentUrl\":\"https:\\\/\\\/ledsolintel.com\\\/wp-content\\\/uploads\\\/2018\\\/03\\\/7703-Aplique-ORLEANS-de-Faro.jpg\",\"caption\":\"Aplique ORLEANS de Faro\"},{\"@type\":\"BreadcrumbList\",\"@id\":\"https:\\\/\\\/ledsolintel.com\\\/product\\\/aplique-orleans-de-faro\\\/#breadcrumb\",\"itemListElement\":[{\"@type\":\"ListItem\",\"position\":1,\"name\":\"Portada\",\"item\":\"https:\\\/\\\/ledsolintel.com\\\/fr\\\/\"},{\"@type\":\"ListItem\",\"position\":2,\"name\":\"Tienda\",\"item\":\"https:\\\/\\\/ledsolintel.com\\\/tienda\\\/\"},{\"@type\":\"ListItem\",\"position\":3,\"name\":\"Aplique ORLEANS de Faro Barcelona\"}]},{\"@type\":\"WebSite\",\"@id\":\"https:\\\/\\\/ledsolintel.com\\\/#website\",\"url\":\"https:\\\/\\\/ledsolintel.com\\\/\",\"name\":\"Webmenaje\",\"description\":\"Tienda de bombillas y l\u00e1mparas LED para profesionales\",\"publisher\":{\"@id\":\"https:\\\/\\\/ledsolintel.com\\\/#organization\"},\"potentialAction\":[{\"@type\":\"SearchAction\",\"target\":{\"@type\":\"EntryPoint\",\"urlTemplate\":\"https:\\\/\\\/ledsolintel.com\\\/?s={search_term_string}\"},\"query-input\":{\"@type\":\"PropertyValueSpecification\",\"valueRequired\":true,\"valueName\":\"search_term_string\"}}],\"inLanguage\":\"fr-FR\"},{\"@type\":\"Organization\",\"@id\":\"https:\\\/\\\/ledsolintel.com\\\/#organization\",\"name\":\"Solintel Noroeste, S.L.\",\"url\":\"https:\\\/\\\/ledsolintel.com\\\/\",\"logo\":{\"@type\":\"ImageObject\",\"inLanguage\":\"fr-FR\",\"@id\":\"https:\\\/\\\/ledsolintel.com\\\/#\\\/schema\\\/logo\\\/image\\\/\",\"url\":\"https:\\\/\\\/ledsolintel.com\\\/wp-content\\\/uploads\\\/2024\\\/11\\\/webmenaje-logo-1508269066.jpg\",\"contentUrl\":\"https:\\\/\\\/ledsolintel.com\\\/wp-content\\\/uploads\\\/2024\\\/11\\\/webmenaje-logo-1508269066.jpg\",\"width\":370,\"height\":90,\"caption\":\"Solintel Noroeste, S.L.\"},\"image\":{\"@id\":\"https:\\\/\\\/ledsolintel.com\\\/#\\\/schema\\\/logo\\\/image\\\/\"},\"sameAs\":[\"http:\\\/\\\/www.facebook.com\\\/webmenaje\",\"https:\\\/\\\/x.com\\\/webmenaje\",\"https:\\\/\\\/www.youtube.com\\\/channel\\\/UCX2KoVoeCG4LocZjUc6LmSQ\",\"http:\\\/\\\/www.pinterest.com\\\/webmenaje\"]}]}<\/script>\n<!-- \/ Yoast SEO plugin. -->","yoast_head_json":{"title":"Applique ORLEANS de Faro Barcelona","description":"La s\u00e9rie Orleans de Faro Barcelona propose plusieurs mod\u00e8les d'appliques murales au style futuriste. Un compl\u00e9ment sophistiqu\u00e9 et fonctionnel pour les chambres \u00e0 coucher et les salons.","robots":{"index":"index","follow":"follow","max-snippet":"max-snippet:-1","max-image-preview":"max-image-preview:large","max-video-preview":"max-video-preview:-1"},"canonical":"https:\/\/ledsolintel.com\/fr\/produit-2\/lampe-murale-phare-dorleans\/","og_locale":"fr_FR","og_type":"article","og_title":"Aplique ORLEANS de Faro Barcelona","og_description":"La serie Orleans de Faro Barcelona propone varios modelos de aplique con un estilo futurista. Un complemento sofisticado y funcional para habitaciones y salones.","og_url":"https:\/\/ledsolintel.com\/fr\/produit-2\/lampe-murale-phare-dorleans\/","og_site_name":"Ledsolintel","article_publisher":"http:\/\/www.facebook.com\/webmenaje","og_image":[{"url":"https:\/\/ledsolintel.com\/wp-content\/uploads\/2018\/03\/7703-Aplique-ORLEANS-de-Faro.jpg","width":1,"height":1,"type":"image\/jpeg"}],"twitter_card":"summary_large_image","twitter_site":"@webmenaje","schema":{"@context":"https:\/\/schema.org","@graph":[{"@type":"WebPage","@id":"https:\/\/ledsolintel.com\/product\/aplique-orleans-de-faro\/","url":"https:\/\/ledsolintel.com\/product\/aplique-orleans-de-faro\/","name":"Applique ORLEANS de Faro Barcelona","isPartOf":{"@id":"https:\/\/ledsolintel.com\/#website"},"primaryImageOfPage":{"@id":"https:\/\/ledsolintel.com\/product\/aplique-orleans-de-faro\/#primaryimage"},"image":{"@id":"https:\/\/ledsolintel.com\/product\/aplique-orleans-de-faro\/#primaryimage"},"thumbnailUrl":"https:\/\/ledsolintel.com\/wp-content\/uploads\/2018\/03\/7703-Aplique-ORLEANS-de-Faro.jpg","datePublished":"2018-03-08T11:45:29+00:00","description":"La s\u00e9rie Orleans de Faro Barcelona propose plusieurs mod\u00e8les d'appliques murales au style futuriste. Un compl\u00e9ment sophistiqu\u00e9 et fonctionnel pour les chambres \u00e0 coucher et les salons.","breadcrumb":{"@id":"https:\/\/ledsolintel.com\/product\/aplique-orleans-de-faro\/#breadcrumb"},"inLanguage":"fr-FR","potentialAction":[{"@type":"ReadAction","target":["https:\/\/ledsolintel.com\/product\/aplique-orleans-de-faro\/"]}]},{"@type":"ImageObject","inLanguage":"fr-FR","@id":"https:\/\/ledsolintel.com\/product\/aplique-orleans-de-faro\/#primaryimage","url":"https:\/\/ledsolintel.com\/wp-content\/uploads\/2018\/03\/7703-Aplique-ORLEANS-de-Faro.jpg","contentUrl":"https:\/\/ledsolintel.com\/wp-content\/uploads\/2018\/03\/7703-Aplique-ORLEANS-de-Faro.jpg","caption":"Aplique ORLEANS de Faro"},{"@type":"BreadcrumbList","@id":"https:\/\/ledsolintel.com\/product\/aplique-orleans-de-faro\/#breadcrumb","itemListElement":[{"@type":"ListItem","position":1,"name":"Portada","item":"https:\/\/ledsolintel.com\/fr\/"},{"@type":"ListItem","position":2,"name":"Tienda","item":"https:\/\/ledsolintel.com\/tienda\/"},{"@type":"ListItem","position":3,"name":"Aplique ORLEANS de Faro Barcelona"}]},{"@type":"WebSite","@id":"https:\/\/ledsolintel.com\/#website","url":"https:\/\/ledsolintel.com\/","name":"Webmenaje","description":"Magasin d'ampoules et de lampes LED pour les professionnels","publisher":{"@id":"https:\/\/ledsolintel.com\/#organization"},"potentialAction":[{"@type":"SearchAction","target":{"@type":"EntryPoint","urlTemplate":"https:\/\/ledsolintel.com\/?s={search_term_string}"},"query-input":{"@type":"PropertyValueSpecification","valueRequired":true,"valueName":"search_term_string"}}],"inLanguage":"fr-FR"},{"@type":"Organization","@id":"https:\/\/ledsolintel.com\/#organization","name":"Solintel Noroeste, S.L.","url":"https:\/\/ledsolintel.com\/","logo":{"@type":"ImageObject","inLanguage":"fr-FR","@id":"https:\/\/ledsolintel.com\/#\/schema\/logo\/image\/","url":"https:\/\/ledsolintel.com\/wp-content\/uploads\/2024\/11\/webmenaje-logo-1508269066.jpg","contentUrl":"https:\/\/ledsolintel.com\/wp-content\/uploads\/2024\/11\/webmenaje-logo-1508269066.jpg","width":370,"height":90,"caption":"Solintel Noroeste, S.L."},"image":{"@id":"https:\/\/ledsolintel.com\/#\/schema\/logo\/image\/"},"sameAs":["http:\/\/www.facebook.com\/webmenaje","https:\/\/x.com\/webmenaje","https:\/\/www.youtube.com\/channel\/UCX2KoVoeCG4LocZjUc6LmSQ","http:\/\/www.pinterest.com\/webmenaje"]}]}},"_links":{"self":[{"href":"https:\/\/ledsolintel.com\/fr\/wp-json\/wp\/v2\/product\/241789","targetHints":{"allow":["GET"]}}],"collection":[{"href":"https:\/\/ledsolintel.com\/fr\/wp-json\/wp\/v2\/product"}],"about":[{"href":"https:\/\/ledsolintel.com\/fr\/wp-json\/wp\/v2\/types\/product"}],"version-history":[{"count":0,"href":"https:\/\/ledsolintel.com\/fr\/wp-json\/wp\/v2\/product\/241789\/revisions"}],"wp:featuredmedia":[{"embeddable":true,"href":"https:\/\/ledsolintel.com\/fr\/wp-json\/wp\/v2\/media\/241784"}],"wp:attachment":[{"href":"https:\/\/ledsolintel.com\/fr\/wp-json\/wp\/v2\/media?parent=241789"}],"wp:term":[{"taxonomy":"product_brand","embeddable":true,"href":"https:\/\/ledsolintel.com\/fr\/wp-json\/wp\/v2\/product_brand?post=241789"},{"taxonomy":"product_cat","embeddable":true,"href":"https:\/\/ledsolintel.com\/fr\/wp-json\/wp\/v2\/product_cat?post=241789"},{"taxonomy":"product_tag","embeddable":true,"href":"https:\/\/ledsolintel.com\/fr\/wp-json\/wp\/v2\/product_tag?post=241789"}],"curies":[{"name":"wp","href":"https:\/\/api.w.org\/{rel}","templated":true}]}}