{"id":241745,"date":"2018-01-29T20:18:02","date_gmt":"2018-01-29T19:18:02","guid":{"rendered":"https:\/\/nueva.ledsolintel.com\/product\/sky-aluminium-200w-220v-110-led-de-beneito-faure\/"},"modified":"2018-01-29T20:18:02","modified_gmt":"2018-01-29T19:18:02","slug":"sky-aluminium-200w-220v-110-led-de-beneito-faure","status":"publish","type":"product","link":"https:\/\/ledsolintel.com\/fr\/produit-2\/sky-aluminium-200w-220v-110-led-de-beneito-faure\/","title":{"rendered":"Beneito Faure LED SKY 2200K ULTRAWARM Projecteur"},"content":{"rendered":"<h1>Beneito Faure Projecteur LED SKY 2200K<\/h1>\n<p>\u00a0<\/p>\n<h2>LED SKY 2200K 100W de Beneito Faure<\/h2>\n<ul>\n<li>En aluminium<\/li>\n<li>Puissance : 100 W<\/li>\n<li>Tension : 220 - 240V AC<\/li>\n<li>CCT : 2200 K<\/li>\n<li>Flux lumineux : 7000 lm<\/li>\n<li>Optique : 110\u00ba.<\/li>\n<li>Protection IP65<\/li>\n<li>Protection IK08<\/li>\n<li>C.R.I. &gt;80<\/li>\n<li>Facteur de puissance : 1<\/li>\n<li>Raccordement \u00e9tanche<\/li>\n<\/ul>\n<p>\u00a0<\/p>\n<h2>Beneito Faure LED SKY 2200K 150W<\/h2>\n<ul>\n<li>En aluminium<\/li>\n<li>Puissance : 150 W<\/li>\n<li>Tension : 220 - 240V AC<\/li>\n<li>Raccordement \u00e9tanche<\/li>\n<li>CCT : 2200 K<\/li>\n<li>Flux lumineux : 11 000 lm<\/li>\n<li>Optique : 110\u00ba.<\/li>\n<li>Protection IP65<\/li>\n<li>Protection IK08<\/li>\n<li>C.R.I. &gt;80<\/li>\n<li>Facteur de puissance : 1<\/li>\n<\/ul>\n<p>\u00a0<\/p>\n<h2>LED SKY 2200K 200W de Beneito Faure<\/h2>\n<ul>\n<li>En aluminium<\/li>\n<li>Puissance : 200 W<\/li>\n<li>Tension : 220 - 240V AC<\/li>\n<li>Raccordement \u00e9tanche<\/li>\n<li>CCT : 2200 K<\/li>\n<li>Flux lumineux : 14 000 lm<\/li>\n<li>Optique : 110\u00ba.<\/li>\n<li>Protection IP65<\/li>\n<li>Protection IK08<\/li>\n<li>C.R.I. &gt;80<\/li>\n<li>Facteur de puissance : 1<\/li>\n<\/ul>\n<p>\u00a0<\/p><\/p>","protected":false},"excerpt":{"rendered":"<p>Couleur blanc ultra chaud pour remplacer les luminaires \u00e0 vapeur de sodium ambr\u00e9e dans l'\u00e9clairage des monuments et des zones urbaines. Conforme \u00e0 la norme ultra chaude pour les parcs naturels europ\u00e9ens. Grade de couleur &gt;80%, pour favoriser la croissance des plantes.<\/p>","protected":false},"featured_media":241741,"template":"","meta":[],"product_brand":[99357],"product_cat":[99691],"product_tag":[],"class_list":{"0":"post-241745","1":"product","2":"type-product","3":"status-publish","4":"has-post-thumbnail","6":"product_brand-beneito-faure","7":"product_cat-proyectores-para-exterior-y-transporte","8":"pa_potencia-100w","9":"pa_potencia-150w","10":"pa_potencia-200w","13":"instock","14":"taxable","15":"shipping-taxable","16":"purchasable","17":"product-type-variable","18":"has-default-attributes"},"yoast_head":"<!-- This site is optimized with the Yoast SEO plugin v26.6 - https:\/\/yoast.com\/wordpress\/plugins\/seo\/ -->\n<title>Proyector LED SKY 2200K de Beneito Faure<\/title>\n<meta name=\"description\" content=\"LED SKY ULTRAWARM 200W de Beneito Faure para sustituir luminarias de vapor de sodio. Acorde a la normativa ultra c\u00e1lida para los parques naturales europeos\" \/>\n<meta name=\"robots\" content=\"index, follow, max-snippet:-1, max-image-preview:large, max-video-preview:-1\" \/>\n<link rel=\"canonical\" href=\"https:\/\/ledsolintel.com\/fr\/produit-2\/sky-aluminium-200w-220v-110-led-de-beneito-faure\/\" \/>\n<meta property=\"og:locale\" content=\"fr_FR\" \/>\n<meta property=\"og:type\" content=\"article\" \/>\n<meta property=\"og:title\" content=\"Proyector LED SKY 2200K de Beneito Faure\" \/>\n<meta property=\"og:description\" content=\"LED SKY ULTRAWARM 200W de Beneito Faure para sustituir luminarias de vapor de sodio. Acorde a la normativa ultra c\u00e1lida para los parques naturales europeos\" \/>\n<meta property=\"og:url\" content=\"https:\/\/ledsolintel.com\/fr\/produit-2\/sky-aluminium-200w-220v-110-led-de-beneito-faure\/\" \/>\n<meta property=\"og:site_name\" content=\"Ledsolintel\" \/>\n<meta property=\"article:publisher\" content=\"http:\/\/www.facebook.com\/webmenaje\" \/>\n<meta property=\"og:image\" content=\"https:\/\/ledsolintel.com\/wp-content\/uploads\/2018\/01\/13565-Proyector-LED-SKY-2200K-ULTRAWARM-de-Beneito-Faure.jpg\" \/>\n\t<meta property=\"og:image:width\" content=\"1\" \/>\n\t<meta property=\"og:image:height\" content=\"1\" \/>\n\t<meta property=\"og:image:type\" content=\"image\/jpeg\" \/>\n<meta name=\"twitter:card\" content=\"summary_large_image\" \/>\n<meta name=\"twitter:site\" content=\"@webmenaje\" \/>\n<meta name=\"twitter:label1\" content=\"Dur\u00e9e de lecture estim\u00e9e\" \/>\n\t<meta name=\"twitter:data1\" content=\"1 minute\" \/>\n<script type=\"application\/ld+json\" class=\"yoast-schema-graph\">{\"@context\":\"https:\/\/schema.org\",\"@graph\":[{\"@type\":\"WebPage\",\"@id\":\"https:\/\/ledsolintel.com\/product\/sky-aluminium-200w-220v-110-led-de-beneito-faure\/\",\"url\":\"https:\/\/ledsolintel.com\/product\/sky-aluminium-200w-220v-110-led-de-beneito-faure\/\",\"name\":\"Proyector LED SKY 2200K de Beneito Faure\",\"isPartOf\":{\"@id\":\"https:\/\/ledsolintel.com\/#website\"},\"primaryImageOfPage\":{\"@id\":\"https:\/\/ledsolintel.com\/product\/sky-aluminium-200w-220v-110-led-de-beneito-faure\/#primaryimage\"},\"image\":{\"@id\":\"https:\/\/ledsolintel.com\/product\/sky-aluminium-200w-220v-110-led-de-beneito-faure\/#primaryimage\"},\"thumbnailUrl\":\"https:\/\/ledsolintel.com\/wp-content\/uploads\/2018\/01\/13565-Proyector-LED-SKY-2200K-ULTRAWARM-de-Beneito-Faure.jpg\",\"datePublished\":\"2018-01-29T19:18:02+00:00\",\"description\":\"LED SKY ULTRAWARM 200W de Beneito Faure para sustituir luminarias de vapor de sodio. Acorde a la normativa ultra c\u00e1lida para los parques naturales europeos\",\"breadcrumb\":{\"@id\":\"https:\/\/ledsolintel.com\/product\/sky-aluminium-200w-220v-110-led-de-beneito-faure\/#breadcrumb\"},\"inLanguage\":\"fr-FR\",\"potentialAction\":[{\"@type\":\"ReadAction\",\"target\":[\"https:\/\/ledsolintel.com\/product\/sky-aluminium-200w-220v-110-led-de-beneito-faure\/\"]}]},{\"@type\":\"ImageObject\",\"inLanguage\":\"fr-FR\",\"@id\":\"https:\/\/ledsolintel.com\/product\/sky-aluminium-200w-220v-110-led-de-beneito-faure\/#primaryimage\",\"url\":\"https:\/\/ledsolintel.com\/wp-content\/uploads\/2018\/01\/13565-Proyector-LED-SKY-2200K-ULTRAWARM-de-Beneito-Faure.jpg\",\"contentUrl\":\"https:\/\/ledsolintel.com\/wp-content\/uploads\/2018\/01\/13565-Proyector-LED-SKY-2200K-ULTRAWARM-de-Beneito-Faure.jpg\",\"caption\":\"Proyector LED SKY 2200K ULTRAWARM de Beneito Faure\"},{\"@type\":\"BreadcrumbList\",\"@id\":\"https:\/\/ledsolintel.com\/product\/sky-aluminium-200w-220v-110-led-de-beneito-faure\/#breadcrumb\",\"itemListElement\":[{\"@type\":\"ListItem\",\"position\":1,\"name\":\"Portada\",\"item\":\"https:\/\/ledsolintel.com\/fr\/\"},{\"@type\":\"ListItem\",\"position\":2,\"name\":\"Tienda\",\"item\":\"https:\/\/ledsolintel.com\/tienda\/\"},{\"@type\":\"ListItem\",\"position\":3,\"name\":\"Proyector LED SKY 2200K ULTRAWARM de Beneito Faure\"}]},{\"@type\":\"WebSite\",\"@id\":\"https:\/\/ledsolintel.com\/#website\",\"url\":\"https:\/\/ledsolintel.com\/\",\"name\":\"Webmenaje\",\"description\":\"Tienda de bombillas y l\u00e1mparas LED para profesionales\",\"publisher\":{\"@id\":\"https:\/\/ledsolintel.com\/#organization\"},\"potentialAction\":[{\"@type\":\"SearchAction\",\"target\":{\"@type\":\"EntryPoint\",\"urlTemplate\":\"https:\/\/ledsolintel.com\/?s={search_term_string}\"},\"query-input\":{\"@type\":\"PropertyValueSpecification\",\"valueRequired\":true,\"valueName\":\"search_term_string\"}}],\"inLanguage\":\"fr-FR\"},{\"@type\":\"Organization\",\"@id\":\"https:\/\/ledsolintel.com\/#organization\",\"name\":\"Solintel Noroeste, S.L.\",\"url\":\"https:\/\/ledsolintel.com\/\",\"logo\":{\"@type\":\"ImageObject\",\"inLanguage\":\"fr-FR\",\"@id\":\"https:\/\/ledsolintel.com\/#\/schema\/logo\/image\/\",\"url\":\"https:\/\/ledsolintel.com\/wp-content\/uploads\/2024\/11\/webmenaje-logo-1508269066.jpg\",\"contentUrl\":\"https:\/\/ledsolintel.com\/wp-content\/uploads\/2024\/11\/webmenaje-logo-1508269066.jpg\",\"width\":370,\"height\":90,\"caption\":\"Solintel Noroeste, S.L.\"},\"image\":{\"@id\":\"https:\/\/ledsolintel.com\/#\/schema\/logo\/image\/\"},\"sameAs\":[\"http:\/\/www.facebook.com\/webmenaje\",\"https:\/\/x.com\/webmenaje\",\"https:\/\/www.youtube.com\/channel\/UCX2KoVoeCG4LocZjUc6LmSQ\",\"http:\/\/www.pinterest.com\/webmenaje\"]}]}<\/script>\n<!-- \/ Yoast SEO plugin. -->","yoast_head_json":{"title":"Beneito Faure Projecteur LED SKY 2200K","description":"Beneito Faure LED SKY ULTRAWARM 200W pour remplacer les luminaires \u00e0 vapeur de sodium. Conforme \u00e0 la norme ultra chaude pour les parcs naturels europ\u00e9ens.","robots":{"index":"index","follow":"follow","max-snippet":"max-snippet:-1","max-image-preview":"max-image-preview:large","max-video-preview":"max-video-preview:-1"},"canonical":"https:\/\/ledsolintel.com\/fr\/produit-2\/sky-aluminium-200w-220v-110-led-de-beneito-faure\/","og_locale":"fr_FR","og_type":"article","og_title":"Proyector LED SKY 2200K de Beneito Faure","og_description":"LED SKY ULTRAWARM 200W de Beneito Faure para sustituir luminarias de vapor de sodio. Acorde a la normativa ultra c\u00e1lida para los parques naturales europeos","og_url":"https:\/\/ledsolintel.com\/fr\/produit-2\/sky-aluminium-200w-220v-110-led-de-beneito-faure\/","og_site_name":"Ledsolintel","article_publisher":"http:\/\/www.facebook.com\/webmenaje","og_image":[{"url":"https:\/\/ledsolintel.com\/wp-content\/uploads\/2018\/01\/13565-Proyector-LED-SKY-2200K-ULTRAWARM-de-Beneito-Faure.jpg","width":1,"height":1,"type":"image\/jpeg"}],"twitter_card":"summary_large_image","twitter_site":"@webmenaje","twitter_misc":{"Dur\u00e9e de lecture estim\u00e9e":"1 minute"},"schema":{"@context":"https:\/\/schema.org","@graph":[{"@type":"WebPage","@id":"https:\/\/ledsolintel.com\/product\/sky-aluminium-200w-220v-110-led-de-beneito-faure\/","url":"https:\/\/ledsolintel.com\/product\/sky-aluminium-200w-220v-110-led-de-beneito-faure\/","name":"Beneito Faure Projecteur LED SKY 2200K","isPartOf":{"@id":"https:\/\/ledsolintel.com\/#website"},"primaryImageOfPage":{"@id":"https:\/\/ledsolintel.com\/product\/sky-aluminium-200w-220v-110-led-de-beneito-faure\/#primaryimage"},"image":{"@id":"https:\/\/ledsolintel.com\/product\/sky-aluminium-200w-220v-110-led-de-beneito-faure\/#primaryimage"},"thumbnailUrl":"https:\/\/ledsolintel.com\/wp-content\/uploads\/2018\/01\/13565-Proyector-LED-SKY-2200K-ULTRAWARM-de-Beneito-Faure.jpg","datePublished":"2018-01-29T19:18:02+00:00","description":"Beneito Faure LED SKY ULTRAWARM 200W pour remplacer les luminaires \u00e0 vapeur de sodium. Conforme \u00e0 la norme ultra chaude pour les parcs naturels europ\u00e9ens.","breadcrumb":{"@id":"https:\/\/ledsolintel.com\/product\/sky-aluminium-200w-220v-110-led-de-beneito-faure\/#breadcrumb"},"inLanguage":"fr-FR","potentialAction":[{"@type":"ReadAction","target":["https:\/\/ledsolintel.com\/product\/sky-aluminium-200w-220v-110-led-de-beneito-faure\/"]}]},{"@type":"ImageObject","inLanguage":"fr-FR","@id":"https:\/\/ledsolintel.com\/product\/sky-aluminium-200w-220v-110-led-de-beneito-faure\/#primaryimage","url":"https:\/\/ledsolintel.com\/wp-content\/uploads\/2018\/01\/13565-Proyector-LED-SKY-2200K-ULTRAWARM-de-Beneito-Faure.jpg","contentUrl":"https:\/\/ledsolintel.com\/wp-content\/uploads\/2018\/01\/13565-Proyector-LED-SKY-2200K-ULTRAWARM-de-Beneito-Faure.jpg","caption":"Proyector LED SKY 2200K ULTRAWARM de Beneito Faure"},{"@type":"BreadcrumbList","@id":"https:\/\/ledsolintel.com\/product\/sky-aluminium-200w-220v-110-led-de-beneito-faure\/#breadcrumb","itemListElement":[{"@type":"ListItem","position":1,"name":"Portada","item":"https:\/\/ledsolintel.com\/fr\/"},{"@type":"ListItem","position":2,"name":"Tienda","item":"https:\/\/ledsolintel.com\/tienda\/"},{"@type":"ListItem","position":3,"name":"Proyector LED SKY 2200K ULTRAWARM de Beneito Faure"}]},{"@type":"WebSite","@id":"https:\/\/ledsolintel.com\/#website","url":"https:\/\/ledsolintel.com\/","name":"Webmenaje","description":"Magasin d'ampoules et de lampes LED pour les professionnels","publisher":{"@id":"https:\/\/ledsolintel.com\/#organization"},"potentialAction":[{"@type":"SearchAction","target":{"@type":"EntryPoint","urlTemplate":"https:\/\/ledsolintel.com\/?s={search_term_string}"},"query-input":{"@type":"PropertyValueSpecification","valueRequired":true,"valueName":"search_term_string"}}],"inLanguage":"fr-FR"},{"@type":"Organization","@id":"https:\/\/ledsolintel.com\/#organization","name":"Solintel Noroeste, S.L.","url":"https:\/\/ledsolintel.com\/","logo":{"@type":"ImageObject","inLanguage":"fr-FR","@id":"https:\/\/ledsolintel.com\/#\/schema\/logo\/image\/","url":"https:\/\/ledsolintel.com\/wp-content\/uploads\/2024\/11\/webmenaje-logo-1508269066.jpg","contentUrl":"https:\/\/ledsolintel.com\/wp-content\/uploads\/2024\/11\/webmenaje-logo-1508269066.jpg","width":370,"height":90,"caption":"Solintel Noroeste, S.L."},"image":{"@id":"https:\/\/ledsolintel.com\/#\/schema\/logo\/image\/"},"sameAs":["http:\/\/www.facebook.com\/webmenaje","https:\/\/x.com\/webmenaje","https:\/\/www.youtube.com\/channel\/UCX2KoVoeCG4LocZjUc6LmSQ","http:\/\/www.pinterest.com\/webmenaje"]}]}},"_links":{"self":[{"href":"https:\/\/ledsolintel.com\/fr\/wp-json\/wp\/v2\/product\/241745","targetHints":{"allow":["GET"]}}],"collection":[{"href":"https:\/\/ledsolintel.com\/fr\/wp-json\/wp\/v2\/product"}],"about":[{"href":"https:\/\/ledsolintel.com\/fr\/wp-json\/wp\/v2\/types\/product"}],"version-history":[{"count":0,"href":"https:\/\/ledsolintel.com\/fr\/wp-json\/wp\/v2\/product\/241745\/revisions"}],"wp:featuredmedia":[{"embeddable":true,"href":"https:\/\/ledsolintel.com\/fr\/wp-json\/wp\/v2\/media\/241741"}],"wp:attachment":[{"href":"https:\/\/ledsolintel.com\/fr\/wp-json\/wp\/v2\/media?parent=241745"}],"wp:term":[{"taxonomy":"product_brand","embeddable":true,"href":"https:\/\/ledsolintel.com\/fr\/wp-json\/wp\/v2\/product_brand?post=241745"},{"taxonomy":"product_cat","embeddable":true,"href":"https:\/\/ledsolintel.com\/fr\/wp-json\/wp\/v2\/product_cat?post=241745"},{"taxonomy":"product_tag","embeddable":true,"href":"https:\/\/ledsolintel.com\/fr\/wp-json\/wp\/v2\/product_tag?post=241745"}],"curies":[{"name":"wp","href":"https:\/\/api.w.org\/{rel}","templated":true}]}}