{"id":241675,"date":"2018-01-08T22:34:38","date_gmt":"2018-01-08T21:34:38","guid":{"rendered":"https:\/\/nueva.ledsolintel.com\/product\/aplique-stood-de-faro\/"},"modified":"2018-01-08T22:34:38","modified_gmt":"2018-01-08T21:34:38","slug":"aplique-stood-de-faro","status":"publish","type":"product","link":"https:\/\/ledsolintel.com\/fr\/produit-2\/aplique-stood-de-faro\/","title":{"rendered":"Lampe murale STOOD de Faro Barcelona"},"content":{"rendered":"<h3>Caract\u00e9ristiques :<\/h3>\n<ul>\n<li>Fabriqu\u00e9 en m\u00e9tal et en bois de cerisier.<\/li>\n<li>Puissance : 15W<\/li>\n<li>Raccordement : E27<\/li>\n<li>Tension : 100-240V<\/li>\n<li>Protection IP20<\/li>\n<li>Finition : marron<\/li>\n<li>Dimensions (mm) :\n<ul>\n<li>Di\u00e1metro:\u00a0220<\/li>\n<li>Ancho:\u00a0220<\/li>\n<li>Hauteur : 200<\/li>\n<\/ul>\n<\/li>\n<li>Peso:\u00a00.82 kg<\/li>\n<\/ul>\n<p>\u00a0<\/p>\n<h4>Attention : les ampoules ne sont pas incluses. Toute ampoule avec connexion E27 jusqu'\u00e0 15W est valable. Nous vous conseillons de vous adresser \u00e0 des fabricants tels que Roblan ou Beneito Faure, dont vous trouverez les produits sur ce site.<\/h4>","protected":false},"excerpt":{"rendered":"<p>Con\u00e7ue par l'agence L\u00facid, la famille de lampes Stood apporte un air naturel aux espaces gr\u00e2ce \u00e0 son abat-jour en bois de cerisier. Sa forme \u00e9l\u00e9gante la rend id\u00e9ale pour les environnements rustiques et modernes.<\/p>","protected":false},"featured_media":241674,"template":"","meta":[],"product_brand":[99359],"product_cat":[99573,99903],"product_tag":[],"class_list":{"0":"post-241675","1":"product","2":"type-product","3":"status-publish","4":"has-post-thumbnail","6":"product_brand-faro-barcelona","7":"product_cat-iluminacion-interior","8":"product_cat-apliques-y-lamparas-de-techo-lamparas-de-pared","11":"instock","12":"taxable","13":"shipping-taxable","14":"purchasable","15":"product-type-simple"},"yoast_head":"<!-- This site is optimized with the Yoast SEO plugin v26.6 - https:\/\/yoast.com\/wordpress\/plugins\/seo\/ -->\n<title>Aplique STOOD de Faro Barcelona<\/title>\n<meta name=\"description\" content=\"Con dise\u00f1o de la agencia L\u00facid, la familia de l\u00e1mparas Stood aporta un aire natural a los espacios gracias a su pantalla de madera de cerezo. Aplique de pared\" \/>\n<meta name=\"robots\" content=\"index, follow, max-snippet:-1, max-image-preview:large, max-video-preview:-1\" \/>\n<link rel=\"canonical\" href=\"https:\/\/ledsolintel.com\/fr\/produit-2\/aplique-stood-de-faro\/\" \/>\n<meta property=\"og:locale\" content=\"fr_FR\" \/>\n<meta property=\"og:type\" content=\"article\" \/>\n<meta property=\"og:title\" content=\"Aplique STOOD de Faro Barcelona\" \/>\n<meta property=\"og:description\" content=\"Con dise\u00f1o de la agencia L\u00facid, la familia de l\u00e1mparas Stood aporta un aire natural a los espacios gracias a su pantalla de madera de cerezo. Aplique de pared\" \/>\n<meta property=\"og:url\" content=\"https:\/\/ledsolintel.com\/fr\/produit-2\/aplique-stood-de-faro\/\" \/>\n<meta property=\"og:site_name\" content=\"Ledsolintel\" \/>\n<meta property=\"article:publisher\" content=\"http:\/\/www.facebook.com\/webmenaje\" \/>\n<meta property=\"og:image\" content=\"https:\/\/ledsolintel.com\/wp-content\/uploads\/2018\/01\/7621-Aplique-STOOD-de-Faro.jpg\" \/>\n\t<meta property=\"og:image:width\" content=\"1\" \/>\n\t<meta property=\"og:image:height\" content=\"1\" \/>\n\t<meta property=\"og:image:type\" content=\"image\/jpeg\" \/>\n<meta name=\"twitter:card\" content=\"summary_large_image\" \/>\n<meta name=\"twitter:site\" content=\"@webmenaje\" \/>\n<script type=\"application\/ld+json\" class=\"yoast-schema-graph\">{\"@context\":\"https:\/\/schema.org\",\"@graph\":[{\"@type\":\"WebPage\",\"@id\":\"https:\/\/ledsolintel.com\/product\/aplique-stood-de-faro\/\",\"url\":\"https:\/\/ledsolintel.com\/product\/aplique-stood-de-faro\/\",\"name\":\"Aplique STOOD de Faro Barcelona\",\"isPartOf\":{\"@id\":\"https:\/\/ledsolintel.com\/#website\"},\"primaryImageOfPage\":{\"@id\":\"https:\/\/ledsolintel.com\/product\/aplique-stood-de-faro\/#primaryimage\"},\"image\":{\"@id\":\"https:\/\/ledsolintel.com\/product\/aplique-stood-de-faro\/#primaryimage\"},\"thumbnailUrl\":\"https:\/\/ledsolintel.com\/wp-content\/uploads\/2018\/01\/7621-Aplique-STOOD-de-Faro.jpg\",\"datePublished\":\"2018-01-08T21:34:38+00:00\",\"description\":\"Con dise\u00f1o de la agencia L\u00facid, la familia de l\u00e1mparas Stood aporta un aire natural a los espacios gracias a su pantalla de madera de cerezo. Aplique de pared\",\"breadcrumb\":{\"@id\":\"https:\/\/ledsolintel.com\/product\/aplique-stood-de-faro\/#breadcrumb\"},\"inLanguage\":\"fr-FR\",\"potentialAction\":[{\"@type\":\"ReadAction\",\"target\":[\"https:\/\/ledsolintel.com\/product\/aplique-stood-de-faro\/\"]}]},{\"@type\":\"ImageObject\",\"inLanguage\":\"fr-FR\",\"@id\":\"https:\/\/ledsolintel.com\/product\/aplique-stood-de-faro\/#primaryimage\",\"url\":\"https:\/\/ledsolintel.com\/wp-content\/uploads\/2018\/01\/7621-Aplique-STOOD-de-Faro.jpg\",\"contentUrl\":\"https:\/\/ledsolintel.com\/wp-content\/uploads\/2018\/01\/7621-Aplique-STOOD-de-Faro.jpg\",\"caption\":\"Aplique STOOD de Faro\"},{\"@type\":\"BreadcrumbList\",\"@id\":\"https:\/\/ledsolintel.com\/product\/aplique-stood-de-faro\/#breadcrumb\",\"itemListElement\":[{\"@type\":\"ListItem\",\"position\":1,\"name\":\"Portada\",\"item\":\"https:\/\/ledsolintel.com\/fr\/\"},{\"@type\":\"ListItem\",\"position\":2,\"name\":\"Tienda\",\"item\":\"https:\/\/ledsolintel.com\/tienda\/\"},{\"@type\":\"ListItem\",\"position\":3,\"name\":\"Aplique STOOD de Faro Barcelona\"}]},{\"@type\":\"WebSite\",\"@id\":\"https:\/\/ledsolintel.com\/#website\",\"url\":\"https:\/\/ledsolintel.com\/\",\"name\":\"Webmenaje\",\"description\":\"Tienda de bombillas y l\u00e1mparas LED para profesionales\",\"publisher\":{\"@id\":\"https:\/\/ledsolintel.com\/#organization\"},\"potentialAction\":[{\"@type\":\"SearchAction\",\"target\":{\"@type\":\"EntryPoint\",\"urlTemplate\":\"https:\/\/ledsolintel.com\/?s={search_term_string}\"},\"query-input\":{\"@type\":\"PropertyValueSpecification\",\"valueRequired\":true,\"valueName\":\"search_term_string\"}}],\"inLanguage\":\"fr-FR\"},{\"@type\":\"Organization\",\"@id\":\"https:\/\/ledsolintel.com\/#organization\",\"name\":\"Solintel Noroeste, S.L.\",\"url\":\"https:\/\/ledsolintel.com\/\",\"logo\":{\"@type\":\"ImageObject\",\"inLanguage\":\"fr-FR\",\"@id\":\"https:\/\/ledsolintel.com\/#\/schema\/logo\/image\/\",\"url\":\"https:\/\/ledsolintel.com\/wp-content\/uploads\/2024\/11\/webmenaje-logo-1508269066.jpg\",\"contentUrl\":\"https:\/\/ledsolintel.com\/wp-content\/uploads\/2024\/11\/webmenaje-logo-1508269066.jpg\",\"width\":370,\"height\":90,\"caption\":\"Solintel Noroeste, S.L.\"},\"image\":{\"@id\":\"https:\/\/ledsolintel.com\/#\/schema\/logo\/image\/\"},\"sameAs\":[\"http:\/\/www.facebook.com\/webmenaje\",\"https:\/\/x.com\/webmenaje\",\"https:\/\/www.youtube.com\/channel\/UCX2KoVoeCG4LocZjUc6LmSQ\",\"http:\/\/www.pinterest.com\/webmenaje\"]}]}<\/script>\n<!-- \/ Yoast SEO plugin. -->","yoast_head_json":{"title":"Lampe murale STOOD de Faro Barcelona","description":"Con dise\u00f1o de la agencia L\u00facid, la familia de l\u00e1mparas Stood aporta un aire natural a los espacios gracias a su pantalla de madera de cerezo. Aplique de pared","robots":{"index":"index","follow":"follow","max-snippet":"max-snippet:-1","max-image-preview":"max-image-preview:large","max-video-preview":"max-video-preview:-1"},"canonical":"https:\/\/ledsolintel.com\/fr\/produit-2\/aplique-stood-de-faro\/","og_locale":"fr_FR","og_type":"article","og_title":"Aplique STOOD de Faro Barcelona","og_description":"Con dise\u00f1o de la agencia L\u00facid, la familia de l\u00e1mparas Stood aporta un aire natural a los espacios gracias a su pantalla de madera de cerezo. Aplique de pared","og_url":"https:\/\/ledsolintel.com\/fr\/produit-2\/aplique-stood-de-faro\/","og_site_name":"Ledsolintel","article_publisher":"http:\/\/www.facebook.com\/webmenaje","og_image":[{"url":"https:\/\/ledsolintel.com\/wp-content\/uploads\/2018\/01\/7621-Aplique-STOOD-de-Faro.jpg","width":1,"height":1,"type":"image\/jpeg"}],"twitter_card":"summary_large_image","twitter_site":"@webmenaje","schema":{"@context":"https:\/\/schema.org","@graph":[{"@type":"WebPage","@id":"https:\/\/ledsolintel.com\/product\/aplique-stood-de-faro\/","url":"https:\/\/ledsolintel.com\/product\/aplique-stood-de-faro\/","name":"Lampe murale STOOD de Faro Barcelona","isPartOf":{"@id":"https:\/\/ledsolintel.com\/#website"},"primaryImageOfPage":{"@id":"https:\/\/ledsolintel.com\/product\/aplique-stood-de-faro\/#primaryimage"},"image":{"@id":"https:\/\/ledsolintel.com\/product\/aplique-stood-de-faro\/#primaryimage"},"thumbnailUrl":"https:\/\/ledsolintel.com\/wp-content\/uploads\/2018\/01\/7621-Aplique-STOOD-de-Faro.jpg","datePublished":"2018-01-08T21:34:38+00:00","description":"Con dise\u00f1o de la agencia L\u00facid, la familia de l\u00e1mparas Stood aporta un aire natural a los espacios gracias a su pantalla de madera de cerezo. Aplique de pared","breadcrumb":{"@id":"https:\/\/ledsolintel.com\/product\/aplique-stood-de-faro\/#breadcrumb"},"inLanguage":"fr-FR","potentialAction":[{"@type":"ReadAction","target":["https:\/\/ledsolintel.com\/product\/aplique-stood-de-faro\/"]}]},{"@type":"ImageObject","inLanguage":"fr-FR","@id":"https:\/\/ledsolintel.com\/product\/aplique-stood-de-faro\/#primaryimage","url":"https:\/\/ledsolintel.com\/wp-content\/uploads\/2018\/01\/7621-Aplique-STOOD-de-Faro.jpg","contentUrl":"https:\/\/ledsolintel.com\/wp-content\/uploads\/2018\/01\/7621-Aplique-STOOD-de-Faro.jpg","caption":"Aplique STOOD de Faro"},{"@type":"BreadcrumbList","@id":"https:\/\/ledsolintel.com\/product\/aplique-stood-de-faro\/#breadcrumb","itemListElement":[{"@type":"ListItem","position":1,"name":"Portada","item":"https:\/\/ledsolintel.com\/fr\/"},{"@type":"ListItem","position":2,"name":"Tienda","item":"https:\/\/ledsolintel.com\/tienda\/"},{"@type":"ListItem","position":3,"name":"Aplique STOOD de Faro Barcelona"}]},{"@type":"WebSite","@id":"https:\/\/ledsolintel.com\/#website","url":"https:\/\/ledsolintel.com\/","name":"Webmenaje","description":"Magasin d'ampoules et de lampes LED pour les professionnels","publisher":{"@id":"https:\/\/ledsolintel.com\/#organization"},"potentialAction":[{"@type":"SearchAction","target":{"@type":"EntryPoint","urlTemplate":"https:\/\/ledsolintel.com\/?s={search_term_string}"},"query-input":{"@type":"PropertyValueSpecification","valueRequired":true,"valueName":"search_term_string"}}],"inLanguage":"fr-FR"},{"@type":"Organization","@id":"https:\/\/ledsolintel.com\/#organization","name":"Solintel Noroeste, S.L.","url":"https:\/\/ledsolintel.com\/","logo":{"@type":"ImageObject","inLanguage":"fr-FR","@id":"https:\/\/ledsolintel.com\/#\/schema\/logo\/image\/","url":"https:\/\/ledsolintel.com\/wp-content\/uploads\/2024\/11\/webmenaje-logo-1508269066.jpg","contentUrl":"https:\/\/ledsolintel.com\/wp-content\/uploads\/2024\/11\/webmenaje-logo-1508269066.jpg","width":370,"height":90,"caption":"Solintel Noroeste, S.L."},"image":{"@id":"https:\/\/ledsolintel.com\/#\/schema\/logo\/image\/"},"sameAs":["http:\/\/www.facebook.com\/webmenaje","https:\/\/x.com\/webmenaje","https:\/\/www.youtube.com\/channel\/UCX2KoVoeCG4LocZjUc6LmSQ","http:\/\/www.pinterest.com\/webmenaje"]}]}},"_links":{"self":[{"href":"https:\/\/ledsolintel.com\/fr\/wp-json\/wp\/v2\/product\/241675","targetHints":{"allow":["GET"]}}],"collection":[{"href":"https:\/\/ledsolintel.com\/fr\/wp-json\/wp\/v2\/product"}],"about":[{"href":"https:\/\/ledsolintel.com\/fr\/wp-json\/wp\/v2\/types\/product"}],"version-history":[{"count":0,"href":"https:\/\/ledsolintel.com\/fr\/wp-json\/wp\/v2\/product\/241675\/revisions"}],"wp:featuredmedia":[{"embeddable":true,"href":"https:\/\/ledsolintel.com\/fr\/wp-json\/wp\/v2\/media\/241674"}],"wp:attachment":[{"href":"https:\/\/ledsolintel.com\/fr\/wp-json\/wp\/v2\/media?parent=241675"}],"wp:term":[{"taxonomy":"product_brand","embeddable":true,"href":"https:\/\/ledsolintel.com\/fr\/wp-json\/wp\/v2\/product_brand?post=241675"},{"taxonomy":"product_cat","embeddable":true,"href":"https:\/\/ledsolintel.com\/fr\/wp-json\/wp\/v2\/product_cat?post=241675"},{"taxonomy":"product_tag","embeddable":true,"href":"https:\/\/ledsolintel.com\/fr\/wp-json\/wp\/v2\/product_tag?post=241675"}],"curies":[{"name":"wp","href":"https:\/\/api.w.org\/{rel}","templated":true}]}}