{"id":241642,"date":"2018-01-03T13:57:35","date_gmt":"2018-01-03T12:57:35","guid":{"rendered":"https:\/\/nueva.ledsolintel.com\/product\/robot-mopa-braava-jet-240-de-irobot\/"},"modified":"2018-01-03T13:57:35","modified_gmt":"2018-01-03T12:57:35","slug":"irobot-braava-jet-240-robot-mopper","status":"publish","type":"product","link":"https:\/\/ledsolintel.com\/fr\/produit-2\/irobot-braava-jet-240-robot-mopper\/","title":{"rendered":"iRobot Braava Jet 240 Robot Mopper"},"content":{"rendered":"<p>Caract\u00e9ristiques<\/p>\n<\/p>\n<ul>\n<li>Couverture :\u00a0\n<ul>\n<li>Balayage : 25 m<sup>2<\/sup><\/li>\n<li>R\u00e9curage : 20 m<sup>2<\/sup><\/li>\n<\/ul>\n<\/li>\n<li>Navigation automatique iAdapt 2.0 : \u00e9vite les obstacles et ne laisse aucune zone non d\u00e9gag\u00e9e<\/li>\n<li>Modes de nettoyage :\n<ul>\n<li>Balayage \u00e0 sec<\/li>\n<li>Balayage humide<\/li>\n<li>D\u00e9capage<\/li>\n<\/ul>\n<\/li>\n<li>Lingettes lavables et jetables<\/li>\n<li>Pulv\u00e9risateur \u00e0 jet sous pression<\/li>\n<li>T\u00eate de nettoyage vibrante<\/li>\n<li>Application smartphone iRobot HOME<\/li>\n<li>Nettoyage en trois passages<\/li>\n<li>D\u00e9tection des pentes pour \u00e9viter les chutes<\/li>\n<li>Retour automatique au point de d\u00e9part<\/li>\n<\/ul>","protected":false},"excerpt":{"rendered":"<p>Le robot balai iRobot Braava Jet balaie et passe la serpilli\u00e8re automatiquement dans votre maison. Gr\u00e2ce \u00e0 un jet d'eau sous pression et \u00e0 un syst\u00e8me de nettoyage en trois passages, il permet de nettoyer les sols sans effort et de gagner beaucoup de temps.<\/p>","protected":false},"featured_media":241641,"template":"","meta":[],"product_brand":[],"product_cat":[15],"product_tag":[],"class_list":{"0":"post-241642","1":"product","2":"type-product","3":"status-publish","4":"has-post-thumbnail","6":"product_cat-uncategorized","9":"instock","10":"taxable","11":"shipping-taxable","12":"purchasable","13":"product-type-simple"},"yoast_head":"<!-- This site is optimized with the Yoast SEO plugin v26.6 - https:\/\/yoast.com\/wordpress\/plugins\/seo\/ -->\n<title>Robot mopa Braava Jet 240 de iRobot<\/title>\n<meta name=\"description\" content=\"El robot mopa Braava Jet de iRobot barre y friega el hogar autom\u00e1ticamente. Pulverizador de agua a presi\u00f3n y un sistema de limpieza en tres pasadas\" \/>\n<meta name=\"robots\" content=\"index, follow, max-snippet:-1, max-image-preview:large, max-video-preview:-1\" \/>\n<link rel=\"canonical\" href=\"https:\/\/ledsolintel.com\/fr\/produit\/irobot-braava-jet-240-robot-mopper\/\" \/>\n<meta property=\"og:locale\" content=\"fr_FR\" \/>\n<meta property=\"og:type\" content=\"article\" \/>\n<meta property=\"og:title\" content=\"Robot mopa Braava Jet 240 de iRobot\" \/>\n<meta property=\"og:description\" content=\"El robot mopa Braava Jet de iRobot barre y friega el hogar autom\u00e1ticamente. Pulverizador de agua a presi\u00f3n y un sistema de limpieza en tres pasadas\" \/>\n<meta property=\"og:url\" content=\"https:\/\/ledsolintel.com\/fr\/produit\/irobot-braava-jet-240-robot-mopper\/\" \/>\n<meta property=\"og:site_name\" content=\"Ledsolintel\" \/>\n<meta property=\"article:publisher\" content=\"http:\/\/www.facebook.com\/webmenaje\" \/>\n<meta property=\"og:image\" content=\"https:\/\/ledsolintel.com\/wp-content\/uploads\/2018\/01\/7599-Robot-mopa-Braava-Jet-240-de-iRobot.jpg\" \/>\n\t<meta property=\"og:image:width\" content=\"1\" \/>\n\t<meta property=\"og:image:height\" content=\"1\" \/>\n\t<meta property=\"og:image:type\" content=\"image\/jpeg\" \/>\n<meta name=\"twitter:card\" content=\"summary_large_image\" \/>\n<meta name=\"twitter:site\" content=\"@webmenaje\" \/>\n<script type=\"application\/ld+json\" class=\"yoast-schema-graph\">{\"@context\":\"https:\/\/schema.org\",\"@graph\":[{\"@type\":\"WebPage\",\"@id\":\"https:\/\/ledsolintel.com\/en\/product\/robot-mopa-braava-jet-240-de-irobot\/\",\"url\":\"https:\/\/ledsolintel.com\/en\/product\/robot-mopa-braava-jet-240-de-irobot\/\",\"name\":\"Robot mopa Braava Jet 240 de iRobot\",\"isPartOf\":{\"@id\":\"https:\/\/ledsolintel.com\/#website\"},\"primaryImageOfPage\":{\"@id\":\"https:\/\/ledsolintel.com\/en\/product\/robot-mopa-braava-jet-240-de-irobot\/#primaryimage\"},\"image\":{\"@id\":\"https:\/\/ledsolintel.com\/en\/product\/robot-mopa-braava-jet-240-de-irobot\/#primaryimage\"},\"thumbnailUrl\":\"https:\/\/ledsolintel.com\/wp-content\/uploads\/2018\/01\/7599-Robot-mopa-Braava-Jet-240-de-iRobot.jpg\",\"datePublished\":\"2018-01-03T12:57:35+00:00\",\"description\":\"El robot mopa Braava Jet de iRobot barre y friega el hogar autom\u00e1ticamente. Pulverizador de agua a presi\u00f3n y un sistema de limpieza en tres pasadas\",\"breadcrumb\":{\"@id\":\"https:\/\/ledsolintel.com\/en\/product\/robot-mopa-braava-jet-240-de-irobot\/#breadcrumb\"},\"inLanguage\":\"fr-FR\",\"potentialAction\":[{\"@type\":\"ReadAction\",\"target\":[\"https:\/\/ledsolintel.com\/en\/product\/robot-mopa-braava-jet-240-de-irobot\/\"]}]},{\"@type\":\"ImageObject\",\"inLanguage\":\"fr-FR\",\"@id\":\"https:\/\/ledsolintel.com\/en\/product\/robot-mopa-braava-jet-240-de-irobot\/#primaryimage\",\"url\":\"https:\/\/ledsolintel.com\/wp-content\/uploads\/2018\/01\/7599-Robot-mopa-Braava-Jet-240-de-iRobot.jpg\",\"contentUrl\":\"https:\/\/ledsolintel.com\/wp-content\/uploads\/2018\/01\/7599-Robot-mopa-Braava-Jet-240-de-iRobot.jpg\",\"caption\":\"Robot mopa Braava Jet 240 de iRobot\"},{\"@type\":\"BreadcrumbList\",\"@id\":\"https:\/\/ledsolintel.com\/en\/product\/robot-mopa-braava-jet-240-de-irobot\/#breadcrumb\",\"itemListElement\":[{\"@type\":\"ListItem\",\"position\":1,\"name\":\"Portada\",\"item\":\"https:\/\/ledsolintel.com\/fr\/\"},{\"@type\":\"ListItem\",\"position\":2,\"name\":\"Tienda\",\"item\":\"https:\/\/ledsolintel.com\/tienda\/\"},{\"@type\":\"ListItem\",\"position\":3,\"name\":\"Robot mopa Braava Jet 240 de iRobot\"}]},{\"@type\":\"WebSite\",\"@id\":\"https:\/\/ledsolintel.com\/#website\",\"url\":\"https:\/\/ledsolintel.com\/\",\"name\":\"Webmenaje\",\"description\":\"Tienda de bombillas y l\u00e1mparas LED para profesionales\",\"publisher\":{\"@id\":\"https:\/\/ledsolintel.com\/#organization\"},\"potentialAction\":[{\"@type\":\"SearchAction\",\"target\":{\"@type\":\"EntryPoint\",\"urlTemplate\":\"https:\/\/ledsolintel.com\/?s={search_term_string}\"},\"query-input\":{\"@type\":\"PropertyValueSpecification\",\"valueRequired\":true,\"valueName\":\"search_term_string\"}}],\"inLanguage\":\"fr-FR\"},{\"@type\":\"Organization\",\"@id\":\"https:\/\/ledsolintel.com\/#organization\",\"name\":\"Solintel Noroeste, S.L.\",\"url\":\"https:\/\/ledsolintel.com\/\",\"logo\":{\"@type\":\"ImageObject\",\"inLanguage\":\"fr-FR\",\"@id\":\"https:\/\/ledsolintel.com\/#\/schema\/logo\/image\/\",\"url\":\"https:\/\/ledsolintel.com\/wp-content\/uploads\/2024\/11\/webmenaje-logo-1508269066.jpg\",\"contentUrl\":\"https:\/\/ledsolintel.com\/wp-content\/uploads\/2024\/11\/webmenaje-logo-1508269066.jpg\",\"width\":370,\"height\":90,\"caption\":\"Solintel Noroeste, S.L.\"},\"image\":{\"@id\":\"https:\/\/ledsolintel.com\/#\/schema\/logo\/image\/\"},\"sameAs\":[\"http:\/\/www.facebook.com\/webmenaje\",\"https:\/\/x.com\/webmenaje\",\"https:\/\/www.youtube.com\/channel\/UCX2KoVoeCG4LocZjUc6LmSQ\",\"http:\/\/www.pinterest.com\/webmenaje\"]}]}<\/script>\n<!-- \/ Yoast SEO plugin. -->","yoast_head_json":{"title":"iRobot Braava Jet 240 Robot Mopper","description":"Le robot balai iRobot Braava Jet balaie et passe la serpilli\u00e8re automatiquement dans la maison. Pulv\u00e9risation d'eau sous pression et syst\u00e8me de nettoyage en trois passages.","robots":{"index":"index","follow":"follow","max-snippet":"max-snippet:-1","max-image-preview":"max-image-preview:large","max-video-preview":"max-video-preview:-1"},"canonical":"https:\/\/ledsolintel.com\/fr\/produit\/irobot-braava-jet-240-robot-mopper\/","og_locale":"fr_FR","og_type":"article","og_title":"Robot mopa Braava Jet 240 de iRobot","og_description":"El robot mopa Braava Jet de iRobot barre y friega el hogar autom\u00e1ticamente. Pulverizador de agua a presi\u00f3n y un sistema de limpieza en tres pasadas","og_url":"https:\/\/ledsolintel.com\/fr\/produit\/irobot-braava-jet-240-robot-mopper\/","og_site_name":"Ledsolintel","article_publisher":"http:\/\/www.facebook.com\/webmenaje","og_image":[{"url":"https:\/\/ledsolintel.com\/wp-content\/uploads\/2018\/01\/7599-Robot-mopa-Braava-Jet-240-de-iRobot.jpg","width":1,"height":1,"type":"image\/jpeg"}],"twitter_card":"summary_large_image","twitter_site":"@webmenaje","schema":{"@context":"https:\/\/schema.org","@graph":[{"@type":"WebPage","@id":"https:\/\/ledsolintel.com\/en\/product\/robot-mopa-braava-jet-240-de-irobot\/","url":"https:\/\/ledsolintel.com\/en\/product\/robot-mopa-braava-jet-240-de-irobot\/","name":"iRobot Braava Jet 240 Robot Mopper","isPartOf":{"@id":"https:\/\/ledsolintel.com\/#website"},"primaryImageOfPage":{"@id":"https:\/\/ledsolintel.com\/en\/product\/robot-mopa-braava-jet-240-de-irobot\/#primaryimage"},"image":{"@id":"https:\/\/ledsolintel.com\/en\/product\/robot-mopa-braava-jet-240-de-irobot\/#primaryimage"},"thumbnailUrl":"https:\/\/ledsolintel.com\/wp-content\/uploads\/2018\/01\/7599-Robot-mopa-Braava-Jet-240-de-iRobot.jpg","datePublished":"2018-01-03T12:57:35+00:00","description":"Le robot balai iRobot Braava Jet balaie et passe la serpilli\u00e8re automatiquement dans la maison. Pulv\u00e9risation d'eau sous pression et syst\u00e8me de nettoyage en trois passages.","breadcrumb":{"@id":"https:\/\/ledsolintel.com\/en\/product\/robot-mopa-braava-jet-240-de-irobot\/#breadcrumb"},"inLanguage":"fr-FR","potentialAction":[{"@type":"ReadAction","target":["https:\/\/ledsolintel.com\/en\/product\/robot-mopa-braava-jet-240-de-irobot\/"]}]},{"@type":"ImageObject","inLanguage":"fr-FR","@id":"https:\/\/ledsolintel.com\/en\/product\/robot-mopa-braava-jet-240-de-irobot\/#primaryimage","url":"https:\/\/ledsolintel.com\/wp-content\/uploads\/2018\/01\/7599-Robot-mopa-Braava-Jet-240-de-iRobot.jpg","contentUrl":"https:\/\/ledsolintel.com\/wp-content\/uploads\/2018\/01\/7599-Robot-mopa-Braava-Jet-240-de-iRobot.jpg","caption":"Robot mopa Braava Jet 240 de iRobot"},{"@type":"BreadcrumbList","@id":"https:\/\/ledsolintel.com\/en\/product\/robot-mopa-braava-jet-240-de-irobot\/#breadcrumb","itemListElement":[{"@type":"ListItem","position":1,"name":"Portada","item":"https:\/\/ledsolintel.com\/fr\/"},{"@type":"ListItem","position":2,"name":"Tienda","item":"https:\/\/ledsolintel.com\/tienda\/"},{"@type":"ListItem","position":3,"name":"Robot mopa Braava Jet 240 de iRobot"}]},{"@type":"WebSite","@id":"https:\/\/ledsolintel.com\/#website","url":"https:\/\/ledsolintel.com\/","name":"Webmenaje","description":"Magasin d'ampoules et de lampes LED pour les professionnels","publisher":{"@id":"https:\/\/ledsolintel.com\/#organization"},"potentialAction":[{"@type":"SearchAction","target":{"@type":"EntryPoint","urlTemplate":"https:\/\/ledsolintel.com\/?s={search_term_string}"},"query-input":{"@type":"PropertyValueSpecification","valueRequired":true,"valueName":"search_term_string"}}],"inLanguage":"fr-FR"},{"@type":"Organization","@id":"https:\/\/ledsolintel.com\/#organization","name":"Solintel Noroeste, S.L.","url":"https:\/\/ledsolintel.com\/","logo":{"@type":"ImageObject","inLanguage":"fr-FR","@id":"https:\/\/ledsolintel.com\/#\/schema\/logo\/image\/","url":"https:\/\/ledsolintel.com\/wp-content\/uploads\/2024\/11\/webmenaje-logo-1508269066.jpg","contentUrl":"https:\/\/ledsolintel.com\/wp-content\/uploads\/2024\/11\/webmenaje-logo-1508269066.jpg","width":370,"height":90,"caption":"Solintel Noroeste, S.L."},"image":{"@id":"https:\/\/ledsolintel.com\/#\/schema\/logo\/image\/"},"sameAs":["http:\/\/www.facebook.com\/webmenaje","https:\/\/x.com\/webmenaje","https:\/\/www.youtube.com\/channel\/UCX2KoVoeCG4LocZjUc6LmSQ","http:\/\/www.pinterest.com\/webmenaje"]}]}},"_links":{"self":[{"href":"https:\/\/ledsolintel.com\/fr\/wp-json\/wp\/v2\/product\/241642","targetHints":{"allow":["GET"]}}],"collection":[{"href":"https:\/\/ledsolintel.com\/fr\/wp-json\/wp\/v2\/product"}],"about":[{"href":"https:\/\/ledsolintel.com\/fr\/wp-json\/wp\/v2\/types\/product"}],"version-history":[{"count":0,"href":"https:\/\/ledsolintel.com\/fr\/wp-json\/wp\/v2\/product\/241642\/revisions"}],"wp:featuredmedia":[{"embeddable":true,"href":"https:\/\/ledsolintel.com\/fr\/wp-json\/wp\/v2\/media\/241641"}],"wp:attachment":[{"href":"https:\/\/ledsolintel.com\/fr\/wp-json\/wp\/v2\/media?parent=241642"}],"wp:term":[{"taxonomy":"product_brand","embeddable":true,"href":"https:\/\/ledsolintel.com\/fr\/wp-json\/wp\/v2\/product_brand?post=241642"},{"taxonomy":"product_cat","embeddable":true,"href":"https:\/\/ledsolintel.com\/fr\/wp-json\/wp\/v2\/product_cat?post=241642"},{"taxonomy":"product_tag","embeddable":true,"href":"https:\/\/ledsolintel.com\/fr\/wp-json\/wp\/v2\/product_tag?post=241642"}],"curies":[{"name":"wp","href":"https:\/\/api.w.org\/{rel}","templated":true}]}}