{"id":241635,"date":"2017-10-17T18:24:39","date_gmt":"2017-10-17T16:24:39","guid":{"rendered":"https:\/\/nueva.ledsolintel.com\/product\/ice-tonalidad-regulable-16w-21w-de-roblan\/"},"modified":"2017-10-17T18:24:39","modified_gmt":"2017-10-17T16:24:39","slug":"ice-tonalidad-regulable-16w-21w-de-roblan","status":"publish","type":"product","link":"https:\/\/ledsolintel.com\/fr\/produit-2\/ice-tonalidad-regulable-16w-21w-de-roblan\/","title":{"rendered":"Plafonnier Roblan ICE, abat-jour graduable"},"content":{"rendered":"<h3>Caract\u00e9ristiques :<\/h3>\n<p>\u00a0<\/p>\n<p><span style=\"text-decoration: underline;\"><span>ICE dimmable 16W<\/span><\/span>:<\/p>\n<ul>\n<li>Puissance : 16W<\/li>\n<li>Tension : 220-240V<\/li>\n<li>Luminosit\u00e9 (lumens) : 1150<\/li>\n<li>Optique : 120\u00ba.<\/li>\n<li>Temp\u00e9rature de couleur : <span style=\"color: #f5a623;\">2700K<\/span><span style=\"color: #7cd320;\">&#8211;<\/span><span style=\"color: #2c9ffd;\">6500K<\/span> r\u00e9glable<\/li>\n<li>Dur\u00e9e de vie (heures) : 25000<\/li>\n<li>Cycles marche-arr\u00eat : 12 000<\/li>\n<li>Protection IP20<\/li>\n<li>C.R.I. &gt; 80<\/li>\n<li>Diam\u00e8tre (mm) : 311<\/li>\n<li>Facteur de puissance &gt; 0,5<\/li>\n<\/ul>\n<p><span style=\"text-decoration: underline;\"><span><span>ICE dimmable 21W<\/span><\/span><\/span>:<\/p>\n<ul>\n<li>Puissance : 21W<\/li>\n<li>Tension : 220-240V<\/li>\n<li>Luminosit\u00e9 (lumens) : 1500<\/li>\n<li>Optique : 120\u00ba.<\/li>\n<li>Temp\u00e9rature de couleur :\u00a0<span style=\"color: #f5a623;\">2700K<\/span><span>&#8211;<\/span><span style=\"color: #2c9ffd;\">6500K<\/span>\u00a0r\u00e9glable<\/li>\n<li>Dur\u00e9e de vie (heures) : 25000<\/li>\n<li>Cycles marche-arr\u00eat : 12 000<\/li>\n<li>Protection IP20<\/li>\n<li>C.R.I. &gt; 80<\/li>\n<li>Diam\u00e8tre (mm) : 411<\/li>\n<li>Facteur de puissance &gt; 0,5<\/li>\n<\/ul>","protected":false},"excerpt":{"rendered":"<p>Plafonnier Roblan ICE avec temp\u00e9rature de couleur r\u00e9glable par t\u00e9l\u00e9commande. Il permet de passer d'un blanc tr\u00e8s chaud \u00e0 un blanc tr\u00e8s froid et de changer l'ambiance de la pi\u00e8ce sans changer la lampe.<\/p>\n<p>Disponible en 16W et 21W.<\/p>","protected":false},"featured_media":241634,"template":"","meta":[],"product_brand":[99355],"product_cat":[99595,99909],"product_tag":[],"class_list":{"0":"post-241635","1":"product","2":"type-product","3":"status-publish","4":"has-post-thumbnail","6":"product_brand-roblan","7":"product_cat-lamparas-con-color-de-luz-regulable","8":"product_cat-plafones-de-superficie","9":"pa_potencia-16w","10":"pa_potencia-21w","13":"instock","14":"taxable","15":"shipping-taxable","16":"purchasable","17":"product-type-variable","18":"has-default-attributes"},"yoast_head":"<!-- This site is optimized with the Yoast SEO plugin v26.6 - https:\/\/yoast.com\/wordpress\/plugins\/seo\/ -->\n<title>ICE tonalidad regulable 16W-21W de Roblan<\/title>\n<meta name=\"description\" content=\"Plaf\u00f3n ICE de Roblan con temperatura de color regulable por mando a distancia. Pasa de blanco muy c\u00e1lido a blanco muy fr\u00edo. Disponible en 16W o 21W\" \/>\n<meta name=\"robots\" content=\"index, follow, max-snippet:-1, max-image-preview:large, max-video-preview:-1\" \/>\n<link rel=\"canonical\" href=\"https:\/\/ledsolintel.com\/fr\/produit-2\/ice-tonalidad-regulable-16w-21w-de-roblan\/\" \/>\n<meta property=\"og:locale\" content=\"fr_FR\" \/>\n<meta property=\"og:type\" content=\"article\" \/>\n<meta property=\"og:title\" content=\"ICE tonalidad regulable 16W-21W de Roblan\" \/>\n<meta property=\"og:description\" content=\"Plaf\u00f3n ICE de Roblan con temperatura de color regulable por mando a distancia. Pasa de blanco muy c\u00e1lido a blanco muy fr\u00edo. Disponible en 16W o 21W\" \/>\n<meta property=\"og:url\" content=\"https:\/\/ledsolintel.com\/fr\/produit-2\/ice-tonalidad-regulable-16w-21w-de-roblan\/\" \/>\n<meta property=\"og:site_name\" content=\"Ledsolintel\" \/>\n<meta property=\"article:publisher\" content=\"http:\/\/www.facebook.com\/webmenaje\" \/>\n<meta property=\"og:image\" content=\"https:\/\/ledsolintel.com\/wp-content\/uploads\/2017\/10\/12253-Plafon-ICE-tonalidad-regulable-de-Roblan.jpg\" \/>\n\t<meta property=\"og:image:width\" content=\"1\" \/>\n\t<meta property=\"og:image:height\" content=\"1\" \/>\n\t<meta property=\"og:image:type\" content=\"image\/jpeg\" \/>\n<meta name=\"twitter:card\" content=\"summary_large_image\" \/>\n<meta name=\"twitter:site\" content=\"@webmenaje\" \/>\n<script type=\"application\/ld+json\" class=\"yoast-schema-graph\">{\"@context\":\"https:\/\/schema.org\",\"@graph\":[{\"@type\":\"WebPage\",\"@id\":\"https:\/\/ledsolintel.com\/product\/ice-tonalidad-regulable-16w-21w-de-roblan\/\",\"url\":\"https:\/\/ledsolintel.com\/product\/ice-tonalidad-regulable-16w-21w-de-roblan\/\",\"name\":\"ICE tonalidad regulable 16W-21W de Roblan\",\"isPartOf\":{\"@id\":\"https:\/\/ledsolintel.com\/#website\"},\"primaryImageOfPage\":{\"@id\":\"https:\/\/ledsolintel.com\/product\/ice-tonalidad-regulable-16w-21w-de-roblan\/#primaryimage\"},\"image\":{\"@id\":\"https:\/\/ledsolintel.com\/product\/ice-tonalidad-regulable-16w-21w-de-roblan\/#primaryimage\"},\"thumbnailUrl\":\"https:\/\/ledsolintel.com\/wp-content\/uploads\/2017\/10\/12253-Plafon-ICE-tonalidad-regulable-de-Roblan.jpg\",\"datePublished\":\"2017-10-17T16:24:39+00:00\",\"description\":\"Plaf\u00f3n ICE de Roblan con temperatura de color regulable por mando a distancia. Pasa de blanco muy c\u00e1lido a blanco muy fr\u00edo. Disponible en 16W o 21W\",\"breadcrumb\":{\"@id\":\"https:\/\/ledsolintel.com\/product\/ice-tonalidad-regulable-16w-21w-de-roblan\/#breadcrumb\"},\"inLanguage\":\"fr-FR\",\"potentialAction\":[{\"@type\":\"ReadAction\",\"target\":[\"https:\/\/ledsolintel.com\/product\/ice-tonalidad-regulable-16w-21w-de-roblan\/\"]}]},{\"@type\":\"ImageObject\",\"inLanguage\":\"fr-FR\",\"@id\":\"https:\/\/ledsolintel.com\/product\/ice-tonalidad-regulable-16w-21w-de-roblan\/#primaryimage\",\"url\":\"https:\/\/ledsolintel.com\/wp-content\/uploads\/2017\/10\/12253-Plafon-ICE-tonalidad-regulable-de-Roblan.jpg\",\"contentUrl\":\"https:\/\/ledsolintel.com\/wp-content\/uploads\/2017\/10\/12253-Plafon-ICE-tonalidad-regulable-de-Roblan.jpg\",\"caption\":\"Plaf\u00f3n ICE tonalidad regulable de Roblan\"},{\"@type\":\"BreadcrumbList\",\"@id\":\"https:\/\/ledsolintel.com\/product\/ice-tonalidad-regulable-16w-21w-de-roblan\/#breadcrumb\",\"itemListElement\":[{\"@type\":\"ListItem\",\"position\":1,\"name\":\"Portada\",\"item\":\"https:\/\/ledsolintel.com\/fr\/\"},{\"@type\":\"ListItem\",\"position\":2,\"name\":\"Tienda\",\"item\":\"https:\/\/ledsolintel.com\/tienda\/\"},{\"@type\":\"ListItem\",\"position\":3,\"name\":\"Plaf\u00f3n ICE tonalidad regulable de Roblan\"}]},{\"@type\":\"WebSite\",\"@id\":\"https:\/\/ledsolintel.com\/#website\",\"url\":\"https:\/\/ledsolintel.com\/\",\"name\":\"Webmenaje\",\"description\":\"Tienda de bombillas y l\u00e1mparas LED para profesionales\",\"publisher\":{\"@id\":\"https:\/\/ledsolintel.com\/#organization\"},\"potentialAction\":[{\"@type\":\"SearchAction\",\"target\":{\"@type\":\"EntryPoint\",\"urlTemplate\":\"https:\/\/ledsolintel.com\/?s={search_term_string}\"},\"query-input\":{\"@type\":\"PropertyValueSpecification\",\"valueRequired\":true,\"valueName\":\"search_term_string\"}}],\"inLanguage\":\"fr-FR\"},{\"@type\":\"Organization\",\"@id\":\"https:\/\/ledsolintel.com\/#organization\",\"name\":\"Solintel Noroeste, S.L.\",\"url\":\"https:\/\/ledsolintel.com\/\",\"logo\":{\"@type\":\"ImageObject\",\"inLanguage\":\"fr-FR\",\"@id\":\"https:\/\/ledsolintel.com\/#\/schema\/logo\/image\/\",\"url\":\"https:\/\/ledsolintel.com\/wp-content\/uploads\/2024\/11\/webmenaje-logo-1508269066.jpg\",\"contentUrl\":\"https:\/\/ledsolintel.com\/wp-content\/uploads\/2024\/11\/webmenaje-logo-1508269066.jpg\",\"width\":370,\"height\":90,\"caption\":\"Solintel Noroeste, S.L.\"},\"image\":{\"@id\":\"https:\/\/ledsolintel.com\/#\/schema\/logo\/image\/\"},\"sameAs\":[\"http:\/\/www.facebook.com\/webmenaje\",\"https:\/\/x.com\/webmenaje\",\"https:\/\/www.youtube.com\/channel\/UCX2KoVoeCG4LocZjUc6LmSQ\",\"http:\/\/www.pinterest.com\/webmenaje\"]}]}<\/script>\n<!-- \/ Yoast SEO plugin. -->","yoast_head_json":{"title":"ICE tonalidad regulable 16W-21W de Roblan","description":"Plaf\u00f3n ICE de Roblan con temperatura de color regulable por mando a distancia. Pasa de blanco muy c\u00e1lido a blanco muy fr\u00edo. Disponible en 16W o 21W","robots":{"index":"index","follow":"follow","max-snippet":"max-snippet:-1","max-image-preview":"max-image-preview:large","max-video-preview":"max-video-preview:-1"},"canonical":"https:\/\/ledsolintel.com\/fr\/produit-2\/ice-tonalidad-regulable-16w-21w-de-roblan\/","og_locale":"fr_FR","og_type":"article","og_title":"ICE tonalidad regulable 16W-21W de Roblan","og_description":"Plaf\u00f3n ICE de Roblan con temperatura de color regulable por mando a distancia. Pasa de blanco muy c\u00e1lido a blanco muy fr\u00edo. Disponible en 16W o 21W","og_url":"https:\/\/ledsolintel.com\/fr\/produit-2\/ice-tonalidad-regulable-16w-21w-de-roblan\/","og_site_name":"Ledsolintel","article_publisher":"http:\/\/www.facebook.com\/webmenaje","og_image":[{"url":"https:\/\/ledsolintel.com\/wp-content\/uploads\/2017\/10\/12253-Plafon-ICE-tonalidad-regulable-de-Roblan.jpg","width":1,"height":1,"type":"image\/jpeg"}],"twitter_card":"summary_large_image","twitter_site":"@webmenaje","schema":{"@context":"https:\/\/schema.org","@graph":[{"@type":"WebPage","@id":"https:\/\/ledsolintel.com\/product\/ice-tonalidad-regulable-16w-21w-de-roblan\/","url":"https:\/\/ledsolintel.com\/product\/ice-tonalidad-regulable-16w-21w-de-roblan\/","name":"ICE tonalidad regulable 16W-21W de Roblan","isPartOf":{"@id":"https:\/\/ledsolintel.com\/#website"},"primaryImageOfPage":{"@id":"https:\/\/ledsolintel.com\/product\/ice-tonalidad-regulable-16w-21w-de-roblan\/#primaryimage"},"image":{"@id":"https:\/\/ledsolintel.com\/product\/ice-tonalidad-regulable-16w-21w-de-roblan\/#primaryimage"},"thumbnailUrl":"https:\/\/ledsolintel.com\/wp-content\/uploads\/2017\/10\/12253-Plafon-ICE-tonalidad-regulable-de-Roblan.jpg","datePublished":"2017-10-17T16:24:39+00:00","description":"Plaf\u00f3n ICE de Roblan con temperatura de color regulable por mando a distancia. Pasa de blanco muy c\u00e1lido a blanco muy fr\u00edo. Disponible en 16W o 21W","breadcrumb":{"@id":"https:\/\/ledsolintel.com\/product\/ice-tonalidad-regulable-16w-21w-de-roblan\/#breadcrumb"},"inLanguage":"fr-FR","potentialAction":[{"@type":"ReadAction","target":["https:\/\/ledsolintel.com\/product\/ice-tonalidad-regulable-16w-21w-de-roblan\/"]}]},{"@type":"ImageObject","inLanguage":"fr-FR","@id":"https:\/\/ledsolintel.com\/product\/ice-tonalidad-regulable-16w-21w-de-roblan\/#primaryimage","url":"https:\/\/ledsolintel.com\/wp-content\/uploads\/2017\/10\/12253-Plafon-ICE-tonalidad-regulable-de-Roblan.jpg","contentUrl":"https:\/\/ledsolintel.com\/wp-content\/uploads\/2017\/10\/12253-Plafon-ICE-tonalidad-regulable-de-Roblan.jpg","caption":"Plaf\u00f3n ICE tonalidad regulable de Roblan"},{"@type":"BreadcrumbList","@id":"https:\/\/ledsolintel.com\/product\/ice-tonalidad-regulable-16w-21w-de-roblan\/#breadcrumb","itemListElement":[{"@type":"ListItem","position":1,"name":"Portada","item":"https:\/\/ledsolintel.com\/fr\/"},{"@type":"ListItem","position":2,"name":"Tienda","item":"https:\/\/ledsolintel.com\/tienda\/"},{"@type":"ListItem","position":3,"name":"Plaf\u00f3n ICE tonalidad regulable de Roblan"}]},{"@type":"WebSite","@id":"https:\/\/ledsolintel.com\/#website","url":"https:\/\/ledsolintel.com\/","name":"Webmenaje","description":"Magasin d'ampoules et de lampes LED pour les professionnels","publisher":{"@id":"https:\/\/ledsolintel.com\/#organization"},"potentialAction":[{"@type":"SearchAction","target":{"@type":"EntryPoint","urlTemplate":"https:\/\/ledsolintel.com\/?s={search_term_string}"},"query-input":{"@type":"PropertyValueSpecification","valueRequired":true,"valueName":"search_term_string"}}],"inLanguage":"fr-FR"},{"@type":"Organization","@id":"https:\/\/ledsolintel.com\/#organization","name":"Solintel Noroeste, S.L.","url":"https:\/\/ledsolintel.com\/","logo":{"@type":"ImageObject","inLanguage":"fr-FR","@id":"https:\/\/ledsolintel.com\/#\/schema\/logo\/image\/","url":"https:\/\/ledsolintel.com\/wp-content\/uploads\/2024\/11\/webmenaje-logo-1508269066.jpg","contentUrl":"https:\/\/ledsolintel.com\/wp-content\/uploads\/2024\/11\/webmenaje-logo-1508269066.jpg","width":370,"height":90,"caption":"Solintel Noroeste, S.L."},"image":{"@id":"https:\/\/ledsolintel.com\/#\/schema\/logo\/image\/"},"sameAs":["http:\/\/www.facebook.com\/webmenaje","https:\/\/x.com\/webmenaje","https:\/\/www.youtube.com\/channel\/UCX2KoVoeCG4LocZjUc6LmSQ","http:\/\/www.pinterest.com\/webmenaje"]}]}},"_links":{"self":[{"href":"https:\/\/ledsolintel.com\/fr\/wp-json\/wp\/v2\/product\/241635","targetHints":{"allow":["GET"]}}],"collection":[{"href":"https:\/\/ledsolintel.com\/fr\/wp-json\/wp\/v2\/product"}],"about":[{"href":"https:\/\/ledsolintel.com\/fr\/wp-json\/wp\/v2\/types\/product"}],"version-history":[{"count":0,"href":"https:\/\/ledsolintel.com\/fr\/wp-json\/wp\/v2\/product\/241635\/revisions"}],"wp:featuredmedia":[{"embeddable":true,"href":"https:\/\/ledsolintel.com\/fr\/wp-json\/wp\/v2\/media\/241634"}],"wp:attachment":[{"href":"https:\/\/ledsolintel.com\/fr\/wp-json\/wp\/v2\/media?parent=241635"}],"wp:term":[{"taxonomy":"product_brand","embeddable":true,"href":"https:\/\/ledsolintel.com\/fr\/wp-json\/wp\/v2\/product_brand?post=241635"},{"taxonomy":"product_cat","embeddable":true,"href":"https:\/\/ledsolintel.com\/fr\/wp-json\/wp\/v2\/product_cat?post=241635"},{"taxonomy":"product_tag","embeddable":true,"href":"https:\/\/ledsolintel.com\/fr\/wp-json\/wp\/v2\/product_tag?post=241635"}],"curies":[{"name":"wp","href":"https:\/\/api.w.org\/{rel}","templated":true}]}}