{"id":241590,"date":"2017-08-09T18:59:24","date_gmt":"2017-08-09T16:59:24","guid":{"rendered":"https:\/\/nueva.ledsolintel.com\/product\/downlight-moon-cuadrado-11w-de-roblan\/"},"modified":"2017-08-09T18:59:24","modified_gmt":"2017-08-09T16:59:24","slug":"downlight-moon-cuadrado-11w-de-roblan","status":"publish","type":"product","link":"https:\/\/ledsolintel.com\/fr\/produit-2\/downlight-moon-cuadrado-11w-de-roblan\/","title":{"rendered":"Spot downlight LED carr\u00e9 MOON de ROBLAN"},"content":{"rendered":"<h1>Spot downlight LED carr\u00e9 MOON de ROBLAN<\/h1>\n<p>\u00a0<\/p>\n<p><span style=\"text-decoration: underline;\">Downlight 11W<\/span>:<\/p>\n<ul>\n<li>Puissance : 11W<\/li>\n<li>Tension : 100 - 277V AC<\/li>\n<li>Dimensions (mm) : 172x172x35\u00a0<\/li>\n<li>Temp\u00e9rature de couleur :\n<ul>\n<li>Blanc chaud 3000K \u00a0 \u00a0<\/li>\n<li>Blanc naturel 4000K \u00a0 \u00a0<\/li>\n<li>Blanc froid 6000K<\/li>\n<\/ul>\n<\/li>\n<li>Flux lumineux : 870 lumens<\/li>\n<li>Angle d'ouverture : 110\u00ba Angle d'ouverture : 110\u00ba Angle d'ouverture : 110\u00ba Angle d'ouverture : 110\u00ba Angle d'ouverture : 110\u00ba Angle d'ouverture : 110<\/li>\n<li>Protection IP44<\/li>\n<li>C.R.I.&gt;80<\/li>\n<li>Facteur de puissance &gt;0,8\u00a0<\/li>\n<\/ul>\n<p><span style=\"text-decoration: underline;\">Downlight 18W<\/span>:<\/p>\n<ul>\n<li>Puissance : 18W<\/li>\n<li>Tension : 100 - 277V AC<\/li>\n<li>Dimensions : Diam\u00e8tre 227 mm Hauteur : 35 mm.<\/li>\n<li>Temp\u00e9rature de couleur :\n<ul>\n<li>Blanc chaud 3000K \u00a0 \u00a0<\/li>\n<li>Blanc naturel 4000K \u00a0 \u00a0<\/li>\n<li>Blanc froid 6000K<\/li>\n<\/ul>\n<\/li>\n<li>Flux lumineux : 1500 lumens<\/li>\n<li>Angle d'ouverture : 120\u00ba Angle d'ouverture : 120\u00ba Angle d'ouverture : 120\u00ba Angle d'ouverture : 120\u00ba Angle d'ouverture : 120\u00ba Angle d'ouverture : 120<\/li>\n<li>Protection IP44<\/li>\n<li>C.R.I.&gt;80<\/li>\n<li>Facteur de puissance &gt;0,8\u00a0<\/li>\n<\/ul>","protected":false},"excerpt":{"rendered":"<p>Downlight LED carr\u00e9 pour montage en saillie de la s\u00e9rie MOON de Roblan. Il poss\u00e8de un driver cach\u00e9 \u00e0 l'int\u00e9rieur et il est possible de le transformer en downlight encastr\u00e9 par une simple op\u00e9ration.<\/p>","protected":false},"featured_media":241589,"template":"","meta":[],"product_brand":[99355],"product_cat":[99909],"product_tag":[],"class_list":{"0":"post-241590","1":"product","2":"type-product","3":"status-publish","4":"has-post-thumbnail","6":"product_brand-roblan","7":"product_cat-plafones-de-superficie","8":"pa_cct-3000k","9":"pa_cct-4000k","10":"pa_cct-6000k","11":"pa_potencia-11w","12":"pa_potencia-18w","15":"instock","16":"taxable","17":"shipping-taxable","18":"purchasable","19":"product-type-variable","20":"has-default-attributes"},"yoast_head":"<!-- This site is optimized with the Yoast SEO plugin v26.6 - https:\/\/yoast.com\/wordpress\/plugins\/seo\/ -->\n<title>Downlight MOON cuadrado 11W de ROBLAN<\/title>\n<meta name=\"description\" content=\"Downlight de superficie cuadrado de la serie MOON de Roblan. Dispone de un driver oculto en el interior y es posible transformarlo en un downlight de empotrar\" \/>\n<meta name=\"robots\" content=\"index, follow, max-snippet:-1, max-image-preview:large, max-video-preview:-1\" \/>\n<link rel=\"canonical\" href=\"https:\/\/ledsolintel.com\/fr\/produit-2\/downlight-moon-cuadrado-11w-de-roblan\/\" \/>\n<meta property=\"og:locale\" content=\"fr_FR\" \/>\n<meta property=\"og:type\" content=\"article\" \/>\n<meta property=\"og:title\" content=\"Downlight MOON cuadrado 11W de ROBLAN\" \/>\n<meta property=\"og:description\" content=\"Downlight de superficie cuadrado de la serie MOON de Roblan. Dispone de un driver oculto en el interior y es posible transformarlo en un downlight de empotrar\" \/>\n<meta property=\"og:url\" content=\"https:\/\/ledsolintel.com\/fr\/produit-2\/downlight-moon-cuadrado-11w-de-roblan\/\" \/>\n<meta property=\"og:site_name\" content=\"Ledsolintel\" \/>\n<meta property=\"article:publisher\" content=\"http:\/\/www.facebook.com\/webmenaje\" \/>\n<meta property=\"og:image\" content=\"https:\/\/ledsolintel.com\/wp-content\/uploads\/2017\/08\/7562-Downlight-MOON-cuadrado-11W18W-de-ROBLAN.jpg\" \/>\n\t<meta property=\"og:image:width\" content=\"1\" \/>\n\t<meta property=\"og:image:height\" content=\"1\" \/>\n\t<meta property=\"og:image:type\" content=\"image\/jpeg\" \/>\n<meta name=\"twitter:card\" content=\"summary_large_image\" \/>\n<meta name=\"twitter:site\" content=\"@webmenaje\" \/>\n<script type=\"application\/ld+json\" class=\"yoast-schema-graph\">{\"@context\":\"https:\/\/schema.org\",\"@graph\":[{\"@type\":\"WebPage\",\"@id\":\"https:\/\/ledsolintel.com\/product\/downlight-moon-cuadrado-11w-de-roblan\/\",\"url\":\"https:\/\/ledsolintel.com\/product\/downlight-moon-cuadrado-11w-de-roblan\/\",\"name\":\"Downlight MOON cuadrado 11W de ROBLAN\",\"isPartOf\":{\"@id\":\"https:\/\/ledsolintel.com\/#website\"},\"primaryImageOfPage\":{\"@id\":\"https:\/\/ledsolintel.com\/product\/downlight-moon-cuadrado-11w-de-roblan\/#primaryimage\"},\"image\":{\"@id\":\"https:\/\/ledsolintel.com\/product\/downlight-moon-cuadrado-11w-de-roblan\/#primaryimage\"},\"thumbnailUrl\":\"https:\/\/ledsolintel.com\/wp-content\/uploads\/2017\/08\/7562-Downlight-MOON-cuadrado-11W18W-de-ROBLAN.jpg\",\"datePublished\":\"2017-08-09T16:59:24+00:00\",\"description\":\"Downlight de superficie cuadrado de la serie MOON de Roblan. Dispone de un driver oculto en el interior y es posible transformarlo en un downlight de empotrar\",\"breadcrumb\":{\"@id\":\"https:\/\/ledsolintel.com\/product\/downlight-moon-cuadrado-11w-de-roblan\/#breadcrumb\"},\"inLanguage\":\"fr-FR\",\"potentialAction\":[{\"@type\":\"ReadAction\",\"target\":[\"https:\/\/ledsolintel.com\/product\/downlight-moon-cuadrado-11w-de-roblan\/\"]}]},{\"@type\":\"ImageObject\",\"inLanguage\":\"fr-FR\",\"@id\":\"https:\/\/ledsolintel.com\/product\/downlight-moon-cuadrado-11w-de-roblan\/#primaryimage\",\"url\":\"https:\/\/ledsolintel.com\/wp-content\/uploads\/2017\/08\/7562-Downlight-MOON-cuadrado-11W18W-de-ROBLAN.jpg\",\"contentUrl\":\"https:\/\/ledsolintel.com\/wp-content\/uploads\/2017\/08\/7562-Downlight-MOON-cuadrado-11W18W-de-ROBLAN.jpg\",\"caption\":\"Downlight MOON cuadrado 11W\/18W de ROBLAN\"},{\"@type\":\"BreadcrumbList\",\"@id\":\"https:\/\/ledsolintel.com\/product\/downlight-moon-cuadrado-11w-de-roblan\/#breadcrumb\",\"itemListElement\":[{\"@type\":\"ListItem\",\"position\":1,\"name\":\"Portada\",\"item\":\"https:\/\/ledsolintel.com\/fr\/\"},{\"@type\":\"ListItem\",\"position\":2,\"name\":\"Tienda\",\"item\":\"https:\/\/ledsolintel.com\/tienda\/\"},{\"@type\":\"ListItem\",\"position\":3,\"name\":\"Downlight LED MOON cuadrado de ROBLAN\"}]},{\"@type\":\"WebSite\",\"@id\":\"https:\/\/ledsolintel.com\/#website\",\"url\":\"https:\/\/ledsolintel.com\/\",\"name\":\"Webmenaje\",\"description\":\"Tienda de bombillas y l\u00e1mparas LED para profesionales\",\"publisher\":{\"@id\":\"https:\/\/ledsolintel.com\/#organization\"},\"potentialAction\":[{\"@type\":\"SearchAction\",\"target\":{\"@type\":\"EntryPoint\",\"urlTemplate\":\"https:\/\/ledsolintel.com\/?s={search_term_string}\"},\"query-input\":{\"@type\":\"PropertyValueSpecification\",\"valueRequired\":true,\"valueName\":\"search_term_string\"}}],\"inLanguage\":\"fr-FR\"},{\"@type\":\"Organization\",\"@id\":\"https:\/\/ledsolintel.com\/#organization\",\"name\":\"Solintel Noroeste, S.L.\",\"url\":\"https:\/\/ledsolintel.com\/\",\"logo\":{\"@type\":\"ImageObject\",\"inLanguage\":\"fr-FR\",\"@id\":\"https:\/\/ledsolintel.com\/#\/schema\/logo\/image\/\",\"url\":\"https:\/\/ledsolintel.com\/wp-content\/uploads\/2024\/11\/webmenaje-logo-1508269066.jpg\",\"contentUrl\":\"https:\/\/ledsolintel.com\/wp-content\/uploads\/2024\/11\/webmenaje-logo-1508269066.jpg\",\"width\":370,\"height\":90,\"caption\":\"Solintel Noroeste, S.L.\"},\"image\":{\"@id\":\"https:\/\/ledsolintel.com\/#\/schema\/logo\/image\/\"},\"sameAs\":[\"http:\/\/www.facebook.com\/webmenaje\",\"https:\/\/x.com\/webmenaje\",\"https:\/\/www.youtube.com\/channel\/UCX2KoVoeCG4LocZjUc6LmSQ\",\"http:\/\/www.pinterest.com\/webmenaje\"]}]}<\/script>\n<!-- \/ Yoast SEO plugin. -->","yoast_head_json":{"title":"Downlight MOON cuadrado 11W de ROBLAN","description":"Downlight de superficie cuadrado de la serie MOON de Roblan. Dispone de un driver oculto en el interior y es posible transformarlo en un downlight de empotrar","robots":{"index":"index","follow":"follow","max-snippet":"max-snippet:-1","max-image-preview":"max-image-preview:large","max-video-preview":"max-video-preview:-1"},"canonical":"https:\/\/ledsolintel.com\/fr\/produit-2\/downlight-moon-cuadrado-11w-de-roblan\/","og_locale":"fr_FR","og_type":"article","og_title":"Downlight MOON cuadrado 11W de ROBLAN","og_description":"Downlight de superficie cuadrado de la serie MOON de Roblan. Dispone de un driver oculto en el interior y es posible transformarlo en un downlight de empotrar","og_url":"https:\/\/ledsolintel.com\/fr\/produit-2\/downlight-moon-cuadrado-11w-de-roblan\/","og_site_name":"Ledsolintel","article_publisher":"http:\/\/www.facebook.com\/webmenaje","og_image":[{"url":"https:\/\/ledsolintel.com\/wp-content\/uploads\/2017\/08\/7562-Downlight-MOON-cuadrado-11W18W-de-ROBLAN.jpg","width":1,"height":1,"type":"image\/jpeg"}],"twitter_card":"summary_large_image","twitter_site":"@webmenaje","schema":{"@context":"https:\/\/schema.org","@graph":[{"@type":"WebPage","@id":"https:\/\/ledsolintel.com\/product\/downlight-moon-cuadrado-11w-de-roblan\/","url":"https:\/\/ledsolintel.com\/product\/downlight-moon-cuadrado-11w-de-roblan\/","name":"Downlight MOON cuadrado 11W de ROBLAN","isPartOf":{"@id":"https:\/\/ledsolintel.com\/#website"},"primaryImageOfPage":{"@id":"https:\/\/ledsolintel.com\/product\/downlight-moon-cuadrado-11w-de-roblan\/#primaryimage"},"image":{"@id":"https:\/\/ledsolintel.com\/product\/downlight-moon-cuadrado-11w-de-roblan\/#primaryimage"},"thumbnailUrl":"https:\/\/ledsolintel.com\/wp-content\/uploads\/2017\/08\/7562-Downlight-MOON-cuadrado-11W18W-de-ROBLAN.jpg","datePublished":"2017-08-09T16:59:24+00:00","description":"Downlight de superficie cuadrado de la serie MOON de Roblan. Dispone de un driver oculto en el interior y es posible transformarlo en un downlight de empotrar","breadcrumb":{"@id":"https:\/\/ledsolintel.com\/product\/downlight-moon-cuadrado-11w-de-roblan\/#breadcrumb"},"inLanguage":"fr-FR","potentialAction":[{"@type":"ReadAction","target":["https:\/\/ledsolintel.com\/product\/downlight-moon-cuadrado-11w-de-roblan\/"]}]},{"@type":"ImageObject","inLanguage":"fr-FR","@id":"https:\/\/ledsolintel.com\/product\/downlight-moon-cuadrado-11w-de-roblan\/#primaryimage","url":"https:\/\/ledsolintel.com\/wp-content\/uploads\/2017\/08\/7562-Downlight-MOON-cuadrado-11W18W-de-ROBLAN.jpg","contentUrl":"https:\/\/ledsolintel.com\/wp-content\/uploads\/2017\/08\/7562-Downlight-MOON-cuadrado-11W18W-de-ROBLAN.jpg","caption":"Downlight MOON cuadrado 11W\/18W de ROBLAN"},{"@type":"BreadcrumbList","@id":"https:\/\/ledsolintel.com\/product\/downlight-moon-cuadrado-11w-de-roblan\/#breadcrumb","itemListElement":[{"@type":"ListItem","position":1,"name":"Portada","item":"https:\/\/ledsolintel.com\/fr\/"},{"@type":"ListItem","position":2,"name":"Tienda","item":"https:\/\/ledsolintel.com\/tienda\/"},{"@type":"ListItem","position":3,"name":"Downlight LED MOON cuadrado de ROBLAN"}]},{"@type":"WebSite","@id":"https:\/\/ledsolintel.com\/#website","url":"https:\/\/ledsolintel.com\/","name":"Webmenaje","description":"Magasin d'ampoules et de lampes LED pour les professionnels","publisher":{"@id":"https:\/\/ledsolintel.com\/#organization"},"potentialAction":[{"@type":"SearchAction","target":{"@type":"EntryPoint","urlTemplate":"https:\/\/ledsolintel.com\/?s={search_term_string}"},"query-input":{"@type":"PropertyValueSpecification","valueRequired":true,"valueName":"search_term_string"}}],"inLanguage":"fr-FR"},{"@type":"Organization","@id":"https:\/\/ledsolintel.com\/#organization","name":"Solintel Noroeste, S.L.","url":"https:\/\/ledsolintel.com\/","logo":{"@type":"ImageObject","inLanguage":"fr-FR","@id":"https:\/\/ledsolintel.com\/#\/schema\/logo\/image\/","url":"https:\/\/ledsolintel.com\/wp-content\/uploads\/2024\/11\/webmenaje-logo-1508269066.jpg","contentUrl":"https:\/\/ledsolintel.com\/wp-content\/uploads\/2024\/11\/webmenaje-logo-1508269066.jpg","width":370,"height":90,"caption":"Solintel Noroeste, S.L."},"image":{"@id":"https:\/\/ledsolintel.com\/#\/schema\/logo\/image\/"},"sameAs":["http:\/\/www.facebook.com\/webmenaje","https:\/\/x.com\/webmenaje","https:\/\/www.youtube.com\/channel\/UCX2KoVoeCG4LocZjUc6LmSQ","http:\/\/www.pinterest.com\/webmenaje"]}]}},"_links":{"self":[{"href":"https:\/\/ledsolintel.com\/fr\/wp-json\/wp\/v2\/product\/241590","targetHints":{"allow":["GET"]}}],"collection":[{"href":"https:\/\/ledsolintel.com\/fr\/wp-json\/wp\/v2\/product"}],"about":[{"href":"https:\/\/ledsolintel.com\/fr\/wp-json\/wp\/v2\/types\/product"}],"version-history":[{"count":0,"href":"https:\/\/ledsolintel.com\/fr\/wp-json\/wp\/v2\/product\/241590\/revisions"}],"wp:featuredmedia":[{"embeddable":true,"href":"https:\/\/ledsolintel.com\/fr\/wp-json\/wp\/v2\/media\/241589"}],"wp:attachment":[{"href":"https:\/\/ledsolintel.com\/fr\/wp-json\/wp\/v2\/media?parent=241590"}],"wp:term":[{"taxonomy":"product_brand","embeddable":true,"href":"https:\/\/ledsolintel.com\/fr\/wp-json\/wp\/v2\/product_brand?post=241590"},{"taxonomy":"product_cat","embeddable":true,"href":"https:\/\/ledsolintel.com\/fr\/wp-json\/wp\/v2\/product_cat?post=241590"},{"taxonomy":"product_tag","embeddable":true,"href":"https:\/\/ledsolintel.com\/fr\/wp-json\/wp\/v2\/product_tag?post=241590"}],"curies":[{"name":"wp","href":"https:\/\/api.w.org\/{rel}","templated":true}]}}