{"id":241568,"date":"2017-08-08T16:02:28","date_gmt":"2017-08-08T14:02:28","guid":{"rendered":"https:\/\/nueva.ledsolintel.com\/product\/estandar-pop-con-altavoces-de-roblan\/"},"modified":"2017-08-08T16:02:28","modified_gmt":"2017-08-08T14:02:28","slug":"pop-standard-avec-enceintes-roblan","status":"publish","type":"product","link":"https:\/\/ledsolintel.com\/fr\/produit-2\/pop-standard-avec-enceintes-roblan\/","title":{"rendered":"Standard LED POP 9W avec haut-parleurs Roblan"},"content":{"rendered":"<h3>Caract\u00e9ristiques :<\/h3>\n<ul>\n<li>Puissance : 9W<\/li>\n<li>Tension : 100-240V<\/li>\n<li>Luminosit\u00e9 (lumens) : 470<\/li>\n<li>Optique : 180<\/li>\n<li>Temp\u00e9rature de couleur :\n<ul>\n<li>Blanc chaud 3000K\u00a0<\/li>\n<li>Blanc froid 6500K<\/li>\n<\/ul>\n<\/li>\n<li>Dur\u00e9e de vie (heures) : 15000<\/li>\n<li>Cycles marche-arr\u00eat : 40000<\/li>\n<li>Protection IP20<\/li>\n<li>C.R.I. &gt; 80<\/li>\n<li>Dimensions ext\u00e9rieures (mm) : 125\u00d766<\/li>\n<li>Facteur de puissance &gt; 0,5<\/li>\n<\/ul>","protected":false},"excerpt":{"rendered":"<p>L'ampoule Roblan POP est \u00e9quip\u00e9e de haut-parleurs int\u00e9gr\u00e9s qui permettent la lecture audio via une connexion Bluetooth. Elle est id\u00e9ale pour cr\u00e9er une musique d'ambiance dans les maisons ou les magasins sans n\u00e9cessiter d'installations ou d'\u00e9quipements suppl\u00e9mentaires.<\/p>\n<p>Disponible en lumi\u00e8re chaude ou froide.<\/p>","protected":false},"featured_media":241566,"template":"","meta":[],"product_brand":[99355],"product_cat":[99571,99893],"product_tag":[],"class_list":{"0":"post-241568","1":"product","2":"type-product","3":"status-publish","4":"has-post-thumbnail","6":"product_brand-roblan","7":"product_cat-bombillas-led","8":"product_cat-bombillas-led-estandar","9":"pa_cct-3000k","10":"pa_cct-6500k","13":"instock","14":"taxable","15":"shipping-taxable","16":"purchasable","17":"product-type-variable","18":"has-default-attributes"},"yoast_head":"<!-- This site is optimized with the Yoast SEO plugin v26.6 - https:\/\/yoast.com\/wordpress\/plugins\/seo\/ -->\n<title>Est\u00e1ndar POP con altavoces de Roblan<\/title>\n<meta name=\"description\" content=\"La bombilla POP de Roblan dispone de altavoces incorporados que permiten reproducir audio mediante una conexi\u00f3n bluetooth sin necesidad de m\u00e1s instalaciones\" \/>\n<meta name=\"robots\" content=\"index, follow, max-snippet:-1, max-image-preview:large, max-video-preview:-1\" \/>\n<link rel=\"canonical\" href=\"https:\/\/ledsolintel.com\/fr\/produit-2\/pop-standard-avec-enceintes-roblan\/\" \/>\n<meta property=\"og:locale\" content=\"fr_FR\" \/>\n<meta property=\"og:type\" content=\"article\" \/>\n<meta property=\"og:title\" content=\"Est\u00e1ndar POP con altavoces de Roblan\" \/>\n<meta property=\"og:description\" content=\"La bombilla POP de Roblan dispone de altavoces incorporados que permiten reproducir audio mediante una conexi\u00f3n bluetooth sin necesidad de m\u00e1s instalaciones\" \/>\n<meta property=\"og:url\" content=\"https:\/\/ledsolintel.com\/fr\/produit-2\/pop-standard-avec-enceintes-roblan\/\" \/>\n<meta property=\"og:site_name\" content=\"Ledsolintel\" \/>\n<meta property=\"article:publisher\" content=\"http:\/\/www.facebook.com\/webmenaje\" \/>\n<meta property=\"og:image\" content=\"https:\/\/ledsolintel.com\/wp-content\/uploads\/2017\/08\/18920-Estandar-LED-POP-9W-con-altavoces-de-Roblan.jpg\" \/>\n\t<meta property=\"og:image:width\" content=\"1\" \/>\n\t<meta property=\"og:image:height\" content=\"1\" \/>\n\t<meta property=\"og:image:type\" content=\"image\/jpeg\" \/>\n<meta name=\"twitter:card\" content=\"summary_large_image\" \/>\n<meta name=\"twitter:site\" content=\"@webmenaje\" \/>\n<script type=\"application\/ld+json\" class=\"yoast-schema-graph\">{\"@context\":\"https:\/\/schema.org\",\"@graph\":[{\"@type\":\"WebPage\",\"@id\":\"https:\/\/ledsolintel.com\/product\/estandar-pop-con-altavoces-de-roblan\/\",\"url\":\"https:\/\/ledsolintel.com\/product\/estandar-pop-con-altavoces-de-roblan\/\",\"name\":\"Est\u00e1ndar POP con altavoces de Roblan\",\"isPartOf\":{\"@id\":\"https:\/\/ledsolintel.com\/#website\"},\"primaryImageOfPage\":{\"@id\":\"https:\/\/ledsolintel.com\/product\/estandar-pop-con-altavoces-de-roblan\/#primaryimage\"},\"image\":{\"@id\":\"https:\/\/ledsolintel.com\/product\/estandar-pop-con-altavoces-de-roblan\/#primaryimage\"},\"thumbnailUrl\":\"https:\/\/ledsolintel.com\/wp-content\/uploads\/2017\/08\/18920-Estandar-LED-POP-9W-con-altavoces-de-Roblan.jpg\",\"datePublished\":\"2017-08-08T14:02:28+00:00\",\"description\":\"La bombilla POP de Roblan dispone de altavoces incorporados que permiten reproducir audio mediante una conexi\u00f3n bluetooth sin necesidad de m\u00e1s instalaciones\",\"breadcrumb\":{\"@id\":\"https:\/\/ledsolintel.com\/product\/estandar-pop-con-altavoces-de-roblan\/#breadcrumb\"},\"inLanguage\":\"fr-FR\",\"potentialAction\":[{\"@type\":\"ReadAction\",\"target\":[\"https:\/\/ledsolintel.com\/product\/estandar-pop-con-altavoces-de-roblan\/\"]}]},{\"@type\":\"ImageObject\",\"inLanguage\":\"fr-FR\",\"@id\":\"https:\/\/ledsolintel.com\/product\/estandar-pop-con-altavoces-de-roblan\/#primaryimage\",\"url\":\"https:\/\/ledsolintel.com\/wp-content\/uploads\/2017\/08\/18920-Estandar-LED-POP-9W-con-altavoces-de-Roblan.jpg\",\"contentUrl\":\"https:\/\/ledsolintel.com\/wp-content\/uploads\/2017\/08\/18920-Estandar-LED-POP-9W-con-altavoces-de-Roblan.jpg\",\"caption\":\"Est\u00e1ndar LED POP 9W con altavoces de Roblan\"},{\"@type\":\"BreadcrumbList\",\"@id\":\"https:\/\/ledsolintel.com\/product\/estandar-pop-con-altavoces-de-roblan\/#breadcrumb\",\"itemListElement\":[{\"@type\":\"ListItem\",\"position\":1,\"name\":\"Portada\",\"item\":\"https:\/\/ledsolintel.com\/fr\/\"},{\"@type\":\"ListItem\",\"position\":2,\"name\":\"Tienda\",\"item\":\"https:\/\/ledsolintel.com\/tienda\/\"},{\"@type\":\"ListItem\",\"position\":3,\"name\":\"Est\u00e1ndar LED POP 9W con altavoces de Roblan\"}]},{\"@type\":\"WebSite\",\"@id\":\"https:\/\/ledsolintel.com\/#website\",\"url\":\"https:\/\/ledsolintel.com\/\",\"name\":\"Webmenaje\",\"description\":\"Tienda de bombillas y l\u00e1mparas LED para profesionales\",\"publisher\":{\"@id\":\"https:\/\/ledsolintel.com\/#organization\"},\"potentialAction\":[{\"@type\":\"SearchAction\",\"target\":{\"@type\":\"EntryPoint\",\"urlTemplate\":\"https:\/\/ledsolintel.com\/?s={search_term_string}\"},\"query-input\":{\"@type\":\"PropertyValueSpecification\",\"valueRequired\":true,\"valueName\":\"search_term_string\"}}],\"inLanguage\":\"fr-FR\"},{\"@type\":\"Organization\",\"@id\":\"https:\/\/ledsolintel.com\/#organization\",\"name\":\"Solintel Noroeste, S.L.\",\"url\":\"https:\/\/ledsolintel.com\/\",\"logo\":{\"@type\":\"ImageObject\",\"inLanguage\":\"fr-FR\",\"@id\":\"https:\/\/ledsolintel.com\/#\/schema\/logo\/image\/\",\"url\":\"https:\/\/ledsolintel.com\/wp-content\/uploads\/2024\/11\/webmenaje-logo-1508269066.jpg\",\"contentUrl\":\"https:\/\/ledsolintel.com\/wp-content\/uploads\/2024\/11\/webmenaje-logo-1508269066.jpg\",\"width\":370,\"height\":90,\"caption\":\"Solintel Noroeste, S.L.\"},\"image\":{\"@id\":\"https:\/\/ledsolintel.com\/#\/schema\/logo\/image\/\"},\"sameAs\":[\"http:\/\/www.facebook.com\/webmenaje\",\"https:\/\/x.com\/webmenaje\",\"https:\/\/www.youtube.com\/channel\/UCX2KoVoeCG4LocZjUc6LmSQ\",\"http:\/\/www.pinterest.com\/webmenaje\"]}]}<\/script>\n<!-- \/ Yoast SEO plugin. -->","yoast_head_json":{"title":"POP standard avec haut-parleurs Roblan","description":"L'ampoule POP de Roblan est dot\u00e9e de haut-parleurs int\u00e9gr\u00e9s qui permettent la lecture audio via une connexion Bluetooth sans qu'il soit n\u00e9cessaire de proc\u00e9der \u00e0 une installation suppl\u00e9mentaire.","robots":{"index":"index","follow":"follow","max-snippet":"max-snippet:-1","max-image-preview":"max-image-preview:large","max-video-preview":"max-video-preview:-1"},"canonical":"https:\/\/ledsolintel.com\/fr\/produit-2\/pop-standard-avec-enceintes-roblan\/","og_locale":"fr_FR","og_type":"article","og_title":"Est\u00e1ndar POP con altavoces de Roblan","og_description":"La bombilla POP de Roblan dispone de altavoces incorporados que permiten reproducir audio mediante una conexi\u00f3n bluetooth sin necesidad de m\u00e1s instalaciones","og_url":"https:\/\/ledsolintel.com\/fr\/produit-2\/pop-standard-avec-enceintes-roblan\/","og_site_name":"Ledsolintel","article_publisher":"http:\/\/www.facebook.com\/webmenaje","og_image":[{"url":"https:\/\/ledsolintel.com\/wp-content\/uploads\/2017\/08\/18920-Estandar-LED-POP-9W-con-altavoces-de-Roblan.jpg","width":1,"height":1,"type":"image\/jpeg"}],"twitter_card":"summary_large_image","twitter_site":"@webmenaje","schema":{"@context":"https:\/\/schema.org","@graph":[{"@type":"WebPage","@id":"https:\/\/ledsolintel.com\/product\/estandar-pop-con-altavoces-de-roblan\/","url":"https:\/\/ledsolintel.com\/product\/estandar-pop-con-altavoces-de-roblan\/","name":"POP standard avec haut-parleurs Roblan","isPartOf":{"@id":"https:\/\/ledsolintel.com\/#website"},"primaryImageOfPage":{"@id":"https:\/\/ledsolintel.com\/product\/estandar-pop-con-altavoces-de-roblan\/#primaryimage"},"image":{"@id":"https:\/\/ledsolintel.com\/product\/estandar-pop-con-altavoces-de-roblan\/#primaryimage"},"thumbnailUrl":"https:\/\/ledsolintel.com\/wp-content\/uploads\/2017\/08\/18920-Estandar-LED-POP-9W-con-altavoces-de-Roblan.jpg","datePublished":"2017-08-08T14:02:28+00:00","description":"L'ampoule POP de Roblan est dot\u00e9e de haut-parleurs int\u00e9gr\u00e9s qui permettent la lecture audio via une connexion Bluetooth sans qu'il soit n\u00e9cessaire de proc\u00e9der \u00e0 une installation suppl\u00e9mentaire.","breadcrumb":{"@id":"https:\/\/ledsolintel.com\/product\/estandar-pop-con-altavoces-de-roblan\/#breadcrumb"},"inLanguage":"fr-FR","potentialAction":[{"@type":"ReadAction","target":["https:\/\/ledsolintel.com\/product\/estandar-pop-con-altavoces-de-roblan\/"]}]},{"@type":"ImageObject","inLanguage":"fr-FR","@id":"https:\/\/ledsolintel.com\/product\/estandar-pop-con-altavoces-de-roblan\/#primaryimage","url":"https:\/\/ledsolintel.com\/wp-content\/uploads\/2017\/08\/18920-Estandar-LED-POP-9W-con-altavoces-de-Roblan.jpg","contentUrl":"https:\/\/ledsolintel.com\/wp-content\/uploads\/2017\/08\/18920-Estandar-LED-POP-9W-con-altavoces-de-Roblan.jpg","caption":"Est\u00e1ndar LED POP 9W con altavoces de Roblan"},{"@type":"BreadcrumbList","@id":"https:\/\/ledsolintel.com\/product\/estandar-pop-con-altavoces-de-roblan\/#breadcrumb","itemListElement":[{"@type":"ListItem","position":1,"name":"Portada","item":"https:\/\/ledsolintel.com\/fr\/"},{"@type":"ListItem","position":2,"name":"Tienda","item":"https:\/\/ledsolintel.com\/tienda\/"},{"@type":"ListItem","position":3,"name":"Est\u00e1ndar LED POP 9W con altavoces de Roblan"}]},{"@type":"WebSite","@id":"https:\/\/ledsolintel.com\/#website","url":"https:\/\/ledsolintel.com\/","name":"Webmenaje","description":"Magasin d'ampoules et de lampes LED pour les professionnels","publisher":{"@id":"https:\/\/ledsolintel.com\/#organization"},"potentialAction":[{"@type":"SearchAction","target":{"@type":"EntryPoint","urlTemplate":"https:\/\/ledsolintel.com\/?s={search_term_string}"},"query-input":{"@type":"PropertyValueSpecification","valueRequired":true,"valueName":"search_term_string"}}],"inLanguage":"fr-FR"},{"@type":"Organization","@id":"https:\/\/ledsolintel.com\/#organization","name":"Solintel Noroeste, S.L.","url":"https:\/\/ledsolintel.com\/","logo":{"@type":"ImageObject","inLanguage":"fr-FR","@id":"https:\/\/ledsolintel.com\/#\/schema\/logo\/image\/","url":"https:\/\/ledsolintel.com\/wp-content\/uploads\/2024\/11\/webmenaje-logo-1508269066.jpg","contentUrl":"https:\/\/ledsolintel.com\/wp-content\/uploads\/2024\/11\/webmenaje-logo-1508269066.jpg","width":370,"height":90,"caption":"Solintel Noroeste, S.L."},"image":{"@id":"https:\/\/ledsolintel.com\/#\/schema\/logo\/image\/"},"sameAs":["http:\/\/www.facebook.com\/webmenaje","https:\/\/x.com\/webmenaje","https:\/\/www.youtube.com\/channel\/UCX2KoVoeCG4LocZjUc6LmSQ","http:\/\/www.pinterest.com\/webmenaje"]}]}},"_links":{"self":[{"href":"https:\/\/ledsolintel.com\/fr\/wp-json\/wp\/v2\/product\/241568","targetHints":{"allow":["GET"]}}],"collection":[{"href":"https:\/\/ledsolintel.com\/fr\/wp-json\/wp\/v2\/product"}],"about":[{"href":"https:\/\/ledsolintel.com\/fr\/wp-json\/wp\/v2\/types\/product"}],"version-history":[{"count":0,"href":"https:\/\/ledsolintel.com\/fr\/wp-json\/wp\/v2\/product\/241568\/revisions"}],"wp:featuredmedia":[{"embeddable":true,"href":"https:\/\/ledsolintel.com\/fr\/wp-json\/wp\/v2\/media\/241566"}],"wp:attachment":[{"href":"https:\/\/ledsolintel.com\/fr\/wp-json\/wp\/v2\/media?parent=241568"}],"wp:term":[{"taxonomy":"product_brand","embeddable":true,"href":"https:\/\/ledsolintel.com\/fr\/wp-json\/wp\/v2\/product_brand?post=241568"},{"taxonomy":"product_cat","embeddable":true,"href":"https:\/\/ledsolintel.com\/fr\/wp-json\/wp\/v2\/product_cat?post=241568"},{"taxonomy":"product_tag","embeddable":true,"href":"https:\/\/ledsolintel.com\/fr\/wp-json\/wp\/v2\/product_tag?post=241568"}],"curies":[{"name":"wp","href":"https:\/\/api.w.org\/{rel}","templated":true}]}}