{"id":241559,"date":"2017-08-08T14:39:31","date_gmt":"2017-08-08T12:39:31","guid":{"rendered":"https:\/\/nueva.ledsolintel.com\/product\/esferica-led-sky-a15-75-w-de-roblan\/"},"modified":"2017-08-08T14:39:31","modified_gmt":"2017-08-08T12:39:31","slug":"esferica-led-sky-a15-75-w-de-roblan","status":"publish","type":"product","link":"https:\/\/ledsolintel.com\/fr\/produit-2\/esferica-led-sky-a15-75-w-de-roblan\/","title":{"rendered":"LED sph\u00e9rique SKY A15 7,5 W de Roblan"},"content":{"rendered":"<h3>Caract\u00e9ristiques :<\/h3>\n<ul>\n<li>Puissance : 7,5 W<\/li>\n<li>Tension : 220-240V<\/li>\n<li>Luminosidad:\u00a0860 lm<\/li>\n<li>\u00d3ptica: 200\u00ba<\/li>\n<li>CCT :\n<ul>\n<li>3000K<\/li>\n<li>4000K<\/li>\n<li>6500K<\/li>\n<\/ul>\n<\/li>\n<li>Vida \u00fatil (horas): 15 000<\/li>\n<li>Protection IP20<\/li>\n<li>C.R.I. &gt; 80<\/li>\n<li>Medida exterior (mm): 86&#215;45<\/li>\n<li>Facteur de puissance &gt; 0,5<\/li>\n<\/ul>","protected":false},"excerpt":{"rendered":"<p>Les ampoules LED sph\u00e9riques SKY A15 de Roblan remplacent les ampoules sph\u00e9riques traditionnelles et offrent une dur\u00e9e de vie plus longue et d'\u00e9normes \u00e9conomies d'\u00e9nergie tout en maintenant la luminosit\u00e9. Pour les \u00e9clairages tr\u00e8s exigeants.<\/p>\n<\/p>\n<p>Disponible en blanc froid, chaud et naturel, connexion E27 ou E14.<\/p>","protected":false},"featured_media":241558,"template":"","meta":[],"product_brand":[99355],"product_cat":[99571,99873],"product_tag":[],"class_list":{"0":"post-241559","1":"product","2":"type-product","3":"status-publish","4":"has-post-thumbnail","6":"product_brand-roblan","7":"product_cat-bombillas-led","8":"product_cat-bombillas-led-esfericas","9":"pa_casquillo-e27","10":"pa_casquillo-e14","11":"pa_cct-3000k","12":"pa_cct-4000k","13":"pa_cct-6500k","16":"instock","17":"taxable","18":"shipping-taxable","19":"purchasable","20":"product-type-variable","21":"has-default-attributes"},"yoast_head":"<!-- This site is optimized with the Yoast SEO plugin v26.6 - https:\/\/yoast.com\/wordpress\/plugins\/seo\/ -->\n<title>Esf\u00e9rica LED SKY A15 7.5 W de Roblan<\/title>\n<meta name=\"description\" content=\"Las bombillas esf\u00e9ricas LED SKY A15 de Roblan sustituyen a las bombillas esf\u00e9ricas tradicionales y aportan una mayor longevidad y ahorro energ\u00e9tico\" \/>\n<meta name=\"robots\" content=\"index, follow, max-snippet:-1, max-image-preview:large, max-video-preview:-1\" \/>\n<link rel=\"canonical\" href=\"https:\/\/ledsolintel.com\/fr\/produit-2\/esferica-led-sky-a15-75-w-de-roblan\/\" \/>\n<meta property=\"og:locale\" content=\"fr_FR\" \/>\n<meta property=\"og:type\" content=\"article\" \/>\n<meta property=\"og:title\" content=\"Esf\u00e9rica LED SKY A15 7.5 W de Roblan\" \/>\n<meta property=\"og:description\" content=\"Las bombillas esf\u00e9ricas LED SKY A15 de Roblan sustituyen a las bombillas esf\u00e9ricas tradicionales y aportan una mayor longevidad y ahorro energ\u00e9tico\" \/>\n<meta property=\"og:url\" content=\"https:\/\/ledsolintel.com\/fr\/produit-2\/esferica-led-sky-a15-75-w-de-roblan\/\" \/>\n<meta property=\"og:site_name\" content=\"Ledsolintel\" \/>\n<meta property=\"article:publisher\" content=\"http:\/\/www.facebook.com\/webmenaje\" \/>\n<meta property=\"og:image\" content=\"https:\/\/ledsolintel.com\/wp-content\/uploads\/2017\/08\/7489-Esferica-LED-SKY-A15-8W-conexion-E27-o-E14-de-Roblan.jpg\" \/>\n\t<meta property=\"og:image:width\" content=\"1\" \/>\n\t<meta property=\"og:image:height\" content=\"1\" \/>\n\t<meta property=\"og:image:type\" content=\"image\/jpeg\" \/>\n<meta name=\"twitter:card\" content=\"summary_large_image\" \/>\n<meta name=\"twitter:site\" content=\"@webmenaje\" \/>\n<script type=\"application\/ld+json\" class=\"yoast-schema-graph\">{\"@context\":\"https:\/\/schema.org\",\"@graph\":[{\"@type\":\"WebPage\",\"@id\":\"https:\/\/ledsolintel.com\/product\/esferica-led-sky-a15-75-w-de-roblan\/\",\"url\":\"https:\/\/ledsolintel.com\/product\/esferica-led-sky-a15-75-w-de-roblan\/\",\"name\":\"Esf\u00e9rica LED SKY A15 7.5 W de Roblan\",\"isPartOf\":{\"@id\":\"https:\/\/ledsolintel.com\/#website\"},\"primaryImageOfPage\":{\"@id\":\"https:\/\/ledsolintel.com\/product\/esferica-led-sky-a15-75-w-de-roblan\/#primaryimage\"},\"image\":{\"@id\":\"https:\/\/ledsolintel.com\/product\/esferica-led-sky-a15-75-w-de-roblan\/#primaryimage\"},\"thumbnailUrl\":\"https:\/\/ledsolintel.com\/wp-content\/uploads\/2017\/08\/7489-Esferica-LED-SKY-A15-8W-conexion-E27-o-E14-de-Roblan.jpg\",\"datePublished\":\"2017-08-08T12:39:31+00:00\",\"description\":\"Las bombillas esf\u00e9ricas LED SKY A15 de Roblan sustituyen a las bombillas esf\u00e9ricas tradicionales y aportan una mayor longevidad y ahorro energ\u00e9tico\",\"breadcrumb\":{\"@id\":\"https:\/\/ledsolintel.com\/product\/esferica-led-sky-a15-75-w-de-roblan\/#breadcrumb\"},\"inLanguage\":\"fr-FR\",\"potentialAction\":[{\"@type\":\"ReadAction\",\"target\":[\"https:\/\/ledsolintel.com\/product\/esferica-led-sky-a15-75-w-de-roblan\/\"]}]},{\"@type\":\"ImageObject\",\"inLanguage\":\"fr-FR\",\"@id\":\"https:\/\/ledsolintel.com\/product\/esferica-led-sky-a15-75-w-de-roblan\/#primaryimage\",\"url\":\"https:\/\/ledsolintel.com\/wp-content\/uploads\/2017\/08\/7489-Esferica-LED-SKY-A15-8W-conexion-E27-o-E14-de-Roblan.jpg\",\"contentUrl\":\"https:\/\/ledsolintel.com\/wp-content\/uploads\/2017\/08\/7489-Esferica-LED-SKY-A15-8W-conexion-E27-o-E14-de-Roblan.jpg\",\"caption\":\"Esf\u00e9rica LED SKY A15 8W conexi\u00f3n E27 o E14 de Roblan\"},{\"@type\":\"BreadcrumbList\",\"@id\":\"https:\/\/ledsolintel.com\/product\/esferica-led-sky-a15-75-w-de-roblan\/#breadcrumb\",\"itemListElement\":[{\"@type\":\"ListItem\",\"position\":1,\"name\":\"Portada\",\"item\":\"https:\/\/ledsolintel.com\/fr\/\"},{\"@type\":\"ListItem\",\"position\":2,\"name\":\"Tienda\",\"item\":\"https:\/\/ledsolintel.com\/tienda\/\"},{\"@type\":\"ListItem\",\"position\":3,\"name\":\"Esf\u00e9rica LED SKY A15 7.5 W de Roblan\"}]},{\"@type\":\"WebSite\",\"@id\":\"https:\/\/ledsolintel.com\/#website\",\"url\":\"https:\/\/ledsolintel.com\/\",\"name\":\"Webmenaje\",\"description\":\"Tienda de bombillas y l\u00e1mparas LED para profesionales\",\"publisher\":{\"@id\":\"https:\/\/ledsolintel.com\/#organization\"},\"potentialAction\":[{\"@type\":\"SearchAction\",\"target\":{\"@type\":\"EntryPoint\",\"urlTemplate\":\"https:\/\/ledsolintel.com\/?s={search_term_string}\"},\"query-input\":{\"@type\":\"PropertyValueSpecification\",\"valueRequired\":true,\"valueName\":\"search_term_string\"}}],\"inLanguage\":\"fr-FR\"},{\"@type\":\"Organization\",\"@id\":\"https:\/\/ledsolintel.com\/#organization\",\"name\":\"Solintel Noroeste, S.L.\",\"url\":\"https:\/\/ledsolintel.com\/\",\"logo\":{\"@type\":\"ImageObject\",\"inLanguage\":\"fr-FR\",\"@id\":\"https:\/\/ledsolintel.com\/#\/schema\/logo\/image\/\",\"url\":\"https:\/\/ledsolintel.com\/wp-content\/uploads\/2024\/11\/webmenaje-logo-1508269066.jpg\",\"contentUrl\":\"https:\/\/ledsolintel.com\/wp-content\/uploads\/2024\/11\/webmenaje-logo-1508269066.jpg\",\"width\":370,\"height\":90,\"caption\":\"Solintel Noroeste, S.L.\"},\"image\":{\"@id\":\"https:\/\/ledsolintel.com\/#\/schema\/logo\/image\/\"},\"sameAs\":[\"http:\/\/www.facebook.com\/webmenaje\",\"https:\/\/x.com\/webmenaje\",\"https:\/\/www.youtube.com\/channel\/UCX2KoVoeCG4LocZjUc6LmSQ\",\"http:\/\/www.pinterest.com\/webmenaje\"]}]}<\/script>\n<!-- \/ Yoast SEO plugin. -->","yoast_head_json":{"title":"LED sph\u00e9rique SKY A15 7,5 W de Roblan","description":"Les ampoules LED sph\u00e9riques SKY A15 de Roblan remplacent les ampoules sph\u00e9riques traditionnelles et offrent une plus grande long\u00e9vit\u00e9 et des \u00e9conomies d'\u00e9nergie.","robots":{"index":"index","follow":"follow","max-snippet":"max-snippet:-1","max-image-preview":"max-image-preview:large","max-video-preview":"max-video-preview:-1"},"canonical":"https:\/\/ledsolintel.com\/fr\/produit-2\/esferica-led-sky-a15-75-w-de-roblan\/","og_locale":"fr_FR","og_type":"article","og_title":"Esf\u00e9rica LED SKY A15 7.5 W de Roblan","og_description":"Las bombillas esf\u00e9ricas LED SKY A15 de Roblan sustituyen a las bombillas esf\u00e9ricas tradicionales y aportan una mayor longevidad y ahorro energ\u00e9tico","og_url":"https:\/\/ledsolintel.com\/fr\/produit-2\/esferica-led-sky-a15-75-w-de-roblan\/","og_site_name":"Ledsolintel","article_publisher":"http:\/\/www.facebook.com\/webmenaje","og_image":[{"url":"https:\/\/ledsolintel.com\/wp-content\/uploads\/2017\/08\/7489-Esferica-LED-SKY-A15-8W-conexion-E27-o-E14-de-Roblan.jpg","width":1,"height":1,"type":"image\/jpeg"}],"twitter_card":"summary_large_image","twitter_site":"@webmenaje","schema":{"@context":"https:\/\/schema.org","@graph":[{"@type":"WebPage","@id":"https:\/\/ledsolintel.com\/product\/esferica-led-sky-a15-75-w-de-roblan\/","url":"https:\/\/ledsolintel.com\/product\/esferica-led-sky-a15-75-w-de-roblan\/","name":"LED sph\u00e9rique SKY A15 7,5 W de Roblan","isPartOf":{"@id":"https:\/\/ledsolintel.com\/#website"},"primaryImageOfPage":{"@id":"https:\/\/ledsolintel.com\/product\/esferica-led-sky-a15-75-w-de-roblan\/#primaryimage"},"image":{"@id":"https:\/\/ledsolintel.com\/product\/esferica-led-sky-a15-75-w-de-roblan\/#primaryimage"},"thumbnailUrl":"https:\/\/ledsolintel.com\/wp-content\/uploads\/2017\/08\/7489-Esferica-LED-SKY-A15-8W-conexion-E27-o-E14-de-Roblan.jpg","datePublished":"2017-08-08T12:39:31+00:00","description":"Les ampoules LED sph\u00e9riques SKY A15 de Roblan remplacent les ampoules sph\u00e9riques traditionnelles et offrent une plus grande long\u00e9vit\u00e9 et des \u00e9conomies d'\u00e9nergie.","breadcrumb":{"@id":"https:\/\/ledsolintel.com\/product\/esferica-led-sky-a15-75-w-de-roblan\/#breadcrumb"},"inLanguage":"fr-FR","potentialAction":[{"@type":"ReadAction","target":["https:\/\/ledsolintel.com\/product\/esferica-led-sky-a15-75-w-de-roblan\/"]}]},{"@type":"ImageObject","inLanguage":"fr-FR","@id":"https:\/\/ledsolintel.com\/product\/esferica-led-sky-a15-75-w-de-roblan\/#primaryimage","url":"https:\/\/ledsolintel.com\/wp-content\/uploads\/2017\/08\/7489-Esferica-LED-SKY-A15-8W-conexion-E27-o-E14-de-Roblan.jpg","contentUrl":"https:\/\/ledsolintel.com\/wp-content\/uploads\/2017\/08\/7489-Esferica-LED-SKY-A15-8W-conexion-E27-o-E14-de-Roblan.jpg","caption":"Esf\u00e9rica LED SKY A15 8W conexi\u00f3n E27 o E14 de Roblan"},{"@type":"BreadcrumbList","@id":"https:\/\/ledsolintel.com\/product\/esferica-led-sky-a15-75-w-de-roblan\/#breadcrumb","itemListElement":[{"@type":"ListItem","position":1,"name":"Portada","item":"https:\/\/ledsolintel.com\/fr\/"},{"@type":"ListItem","position":2,"name":"Tienda","item":"https:\/\/ledsolintel.com\/tienda\/"},{"@type":"ListItem","position":3,"name":"Esf\u00e9rica LED SKY A15 7.5 W de Roblan"}]},{"@type":"WebSite","@id":"https:\/\/ledsolintel.com\/#website","url":"https:\/\/ledsolintel.com\/","name":"Webmenaje","description":"Magasin d'ampoules et de lampes LED pour les professionnels","publisher":{"@id":"https:\/\/ledsolintel.com\/#organization"},"potentialAction":[{"@type":"SearchAction","target":{"@type":"EntryPoint","urlTemplate":"https:\/\/ledsolintel.com\/?s={search_term_string}"},"query-input":{"@type":"PropertyValueSpecification","valueRequired":true,"valueName":"search_term_string"}}],"inLanguage":"fr-FR"},{"@type":"Organization","@id":"https:\/\/ledsolintel.com\/#organization","name":"Solintel Noroeste, S.L.","url":"https:\/\/ledsolintel.com\/","logo":{"@type":"ImageObject","inLanguage":"fr-FR","@id":"https:\/\/ledsolintel.com\/#\/schema\/logo\/image\/","url":"https:\/\/ledsolintel.com\/wp-content\/uploads\/2024\/11\/webmenaje-logo-1508269066.jpg","contentUrl":"https:\/\/ledsolintel.com\/wp-content\/uploads\/2024\/11\/webmenaje-logo-1508269066.jpg","width":370,"height":90,"caption":"Solintel Noroeste, S.L."},"image":{"@id":"https:\/\/ledsolintel.com\/#\/schema\/logo\/image\/"},"sameAs":["http:\/\/www.facebook.com\/webmenaje","https:\/\/x.com\/webmenaje","https:\/\/www.youtube.com\/channel\/UCX2KoVoeCG4LocZjUc6LmSQ","http:\/\/www.pinterest.com\/webmenaje"]}]}},"_links":{"self":[{"href":"https:\/\/ledsolintel.com\/fr\/wp-json\/wp\/v2\/product\/241559","targetHints":{"allow":["GET"]}}],"collection":[{"href":"https:\/\/ledsolintel.com\/fr\/wp-json\/wp\/v2\/product"}],"about":[{"href":"https:\/\/ledsolintel.com\/fr\/wp-json\/wp\/v2\/types\/product"}],"version-history":[{"count":0,"href":"https:\/\/ledsolintel.com\/fr\/wp-json\/wp\/v2\/product\/241559\/revisions"}],"wp:featuredmedia":[{"embeddable":true,"href":"https:\/\/ledsolintel.com\/fr\/wp-json\/wp\/v2\/media\/241558"}],"wp:attachment":[{"href":"https:\/\/ledsolintel.com\/fr\/wp-json\/wp\/v2\/media?parent=241559"}],"wp:term":[{"taxonomy":"product_brand","embeddable":true,"href":"https:\/\/ledsolintel.com\/fr\/wp-json\/wp\/v2\/product_brand?post=241559"},{"taxonomy":"product_cat","embeddable":true,"href":"https:\/\/ledsolintel.com\/fr\/wp-json\/wp\/v2\/product_cat?post=241559"},{"taxonomy":"product_tag","embeddable":true,"href":"https:\/\/ledsolintel.com\/fr\/wp-json\/wp\/v2\/product_tag?post=241559"}],"curies":[{"name":"wp","href":"https:\/\/api.w.org\/{rel}","templated":true}]}}