{"id":241554,"date":"2017-08-08T14:09:06","date_gmt":"2017-08-08T12:09:06","guid":{"rendered":"https:\/\/nueva.ledsolintel.com\/product\/vela-led-sky-c30-8w-conexion-e14-de-roblan\/"},"modified":"2017-08-08T14:09:06","modified_gmt":"2017-08-08T12:09:06","slug":"vela-led-sky-c30-8w-conexion-e14-de-roblan","status":"publish","type":"product","link":"https:\/\/ledsolintel.com\/fr\/produit-2\/vela-led-sky-c30-8w-conexion-e14-de-roblan\/","title":{"rendered":"Roblan SKY C30 LED candle 8W E14 connection"},"content":{"rendered":"<h3>Caract\u00e9ristiques :<\/h3>\n<ul>\n<li>Puissance : 8W<\/li>\n<li>Tension : 220-240V<\/li>\n<li>Luminosit\u00e9 (lumens) : 806<\/li>\n<li>Optique : 280\u00ba.<\/li>\n<li>Temp\u00e9rature de couleur :\n<ul>\n<li>Blanc chaud 3000K<\/li>\n<li>Blanc froid 6500K<\/li>\n<\/ul>\n<\/li>\n<li>Dur\u00e9e de vie (heures) : 25000<\/li>\n<li>Protection IP20<\/li>\n<li>C.R.I. &gt; 80<\/li>\n<li>Dimensions ext\u00e9rieures (mm) : 110\u00d738<\/li>\n<li>Facteur de puissance &gt; 0,8<\/li>\n<\/ul>","protected":false},"excerpt":{"rendered":"<p>L'ampoule \u00e0 LED SKY C30 8W de Roblan remplace les ampoules \u00e0 bougie traditionnelles jusqu'\u00e0 60W, augmentant ainsi les \u00e9conomies d'\u00e9nergie tout en maintenant la luminosit\u00e9. Ampoule pour un \u00e9clairage tr\u00e8s exigeant. Disponible en blanc froid et chaud.<\/p>","protected":false},"featured_media":241553,"template":"","meta":[],"product_brand":[99355],"product_cat":[99571,99925],"product_tag":[],"class_list":{"0":"post-241554","1":"product","2":"type-product","3":"status-publish","4":"has-post-thumbnail","6":"product_brand-roblan","7":"product_cat-bombillas-led","8":"product_cat-bombillas-e14-y-e27-vela-esfericas-y-pequeno-formato","9":"pa_cct-3000k","10":"pa_cct-4000k","11":"pa_cct-6500k","14":"instock","15":"taxable","16":"shipping-taxable","17":"purchasable","18":"product-type-variable","19":"has-default-attributes"},"yoast_head":"<!-- This site is optimized with the Yoast SEO plugin v26.6 - https:\/\/yoast.com\/wordpress\/plugins\/seo\/ -->\n<title>Vela LED SKY C30 8W conexi\u00f3n E14 de Roblan<\/title>\n<meta name=\"description\" content=\"Bombilla vela casquillo E14 y potencia 8W para iluminar zonas que exijan mucha luminosidad y prolongados tiempos de funcionamiento.\" \/>\n<meta name=\"robots\" content=\"index, follow, max-snippet:-1, max-image-preview:large, max-video-preview:-1\" \/>\n<link rel=\"canonical\" href=\"https:\/\/ledsolintel.com\/fr\/produit-2\/vela-led-sky-c30-8w-conexion-e14-de-roblan\/\" \/>\n<meta property=\"og:locale\" content=\"fr_FR\" \/>\n<meta property=\"og:type\" content=\"article\" \/>\n<meta property=\"og:title\" content=\"Vela LED SKY C30 8W conexi\u00f3n E14 de Roblan\" \/>\n<meta property=\"og:description\" content=\"Bombilla vela casquillo E14 y potencia 8W para iluminar zonas que exijan mucha luminosidad y prolongados tiempos de funcionamiento.\" \/>\n<meta property=\"og:url\" content=\"https:\/\/ledsolintel.com\/fr\/produit-2\/vela-led-sky-c30-8w-conexion-e14-de-roblan\/\" \/>\n<meta property=\"og:site_name\" content=\"Ledsolintel\" \/>\n<meta property=\"article:publisher\" content=\"http:\/\/www.facebook.com\/webmenaje\" \/>\n<meta property=\"og:image\" content=\"https:\/\/ledsolintel.com\/wp-content\/uploads\/2017\/08\/7488-Vela-LED-SKY-C30-8W-conexion-E14-de-Roblan.jpg\" \/>\n\t<meta property=\"og:image:width\" content=\"1\" \/>\n\t<meta property=\"og:image:height\" content=\"1\" \/>\n\t<meta property=\"og:image:type\" content=\"image\/jpeg\" \/>\n<meta name=\"twitter:card\" content=\"summary_large_image\" \/>\n<meta name=\"twitter:site\" content=\"@webmenaje\" \/>\n<script type=\"application\/ld+json\" class=\"yoast-schema-graph\">{\"@context\":\"https:\/\/schema.org\",\"@graph\":[{\"@type\":\"WebPage\",\"@id\":\"https:\/\/ledsolintel.com\/product\/vela-led-sky-c30-8w-conexion-e14-de-roblan\/\",\"url\":\"https:\/\/ledsolintel.com\/product\/vela-led-sky-c30-8w-conexion-e14-de-roblan\/\",\"name\":\"Vela LED SKY C30 8W conexi\u00f3n E14 de Roblan\",\"isPartOf\":{\"@id\":\"https:\/\/ledsolintel.com\/#website\"},\"primaryImageOfPage\":{\"@id\":\"https:\/\/ledsolintel.com\/product\/vela-led-sky-c30-8w-conexion-e14-de-roblan\/#primaryimage\"},\"image\":{\"@id\":\"https:\/\/ledsolintel.com\/product\/vela-led-sky-c30-8w-conexion-e14-de-roblan\/#primaryimage\"},\"thumbnailUrl\":\"https:\/\/ledsolintel.com\/wp-content\/uploads\/2017\/08\/7488-Vela-LED-SKY-C30-8W-conexion-E14-de-Roblan.jpg\",\"datePublished\":\"2017-08-08T12:09:06+00:00\",\"description\":\"Bombilla vela casquillo E14 y potencia 8W para iluminar zonas que exijan mucha luminosidad y prolongados tiempos de funcionamiento.\",\"breadcrumb\":{\"@id\":\"https:\/\/ledsolintel.com\/product\/vela-led-sky-c30-8w-conexion-e14-de-roblan\/#breadcrumb\"},\"inLanguage\":\"fr-FR\",\"potentialAction\":[{\"@type\":\"ReadAction\",\"target\":[\"https:\/\/ledsolintel.com\/product\/vela-led-sky-c30-8w-conexion-e14-de-roblan\/\"]}]},{\"@type\":\"ImageObject\",\"inLanguage\":\"fr-FR\",\"@id\":\"https:\/\/ledsolintel.com\/product\/vela-led-sky-c30-8w-conexion-e14-de-roblan\/#primaryimage\",\"url\":\"https:\/\/ledsolintel.com\/wp-content\/uploads\/2017\/08\/7488-Vela-LED-SKY-C30-8W-conexion-E14-de-Roblan.jpg\",\"contentUrl\":\"https:\/\/ledsolintel.com\/wp-content\/uploads\/2017\/08\/7488-Vela-LED-SKY-C30-8W-conexion-E14-de-Roblan.jpg\",\"caption\":\"Vela LED SKY C30 8W conexi\u00f3n E14 de Roblan\"},{\"@type\":\"BreadcrumbList\",\"@id\":\"https:\/\/ledsolintel.com\/product\/vela-led-sky-c30-8w-conexion-e14-de-roblan\/#breadcrumb\",\"itemListElement\":[{\"@type\":\"ListItem\",\"position\":1,\"name\":\"Portada\",\"item\":\"https:\/\/ledsolintel.com\/fr\/\"},{\"@type\":\"ListItem\",\"position\":2,\"name\":\"Tienda\",\"item\":\"https:\/\/ledsolintel.com\/tienda\/\"},{\"@type\":\"ListItem\",\"position\":3,\"name\":\"Vela LED SKY C30 8W conexi\u00f3n E14 de Roblan\"}]},{\"@type\":\"WebSite\",\"@id\":\"https:\/\/ledsolintel.com\/#website\",\"url\":\"https:\/\/ledsolintel.com\/\",\"name\":\"Webmenaje\",\"description\":\"Tienda de bombillas y l\u00e1mparas LED para profesionales\",\"publisher\":{\"@id\":\"https:\/\/ledsolintel.com\/#organization\"},\"potentialAction\":[{\"@type\":\"SearchAction\",\"target\":{\"@type\":\"EntryPoint\",\"urlTemplate\":\"https:\/\/ledsolintel.com\/?s={search_term_string}\"},\"query-input\":{\"@type\":\"PropertyValueSpecification\",\"valueRequired\":true,\"valueName\":\"search_term_string\"}}],\"inLanguage\":\"fr-FR\"},{\"@type\":\"Organization\",\"@id\":\"https:\/\/ledsolintel.com\/#organization\",\"name\":\"Solintel Noroeste, S.L.\",\"url\":\"https:\/\/ledsolintel.com\/\",\"logo\":{\"@type\":\"ImageObject\",\"inLanguage\":\"fr-FR\",\"@id\":\"https:\/\/ledsolintel.com\/#\/schema\/logo\/image\/\",\"url\":\"https:\/\/ledsolintel.com\/wp-content\/uploads\/2024\/11\/webmenaje-logo-1508269066.jpg\",\"contentUrl\":\"https:\/\/ledsolintel.com\/wp-content\/uploads\/2024\/11\/webmenaje-logo-1508269066.jpg\",\"width\":370,\"height\":90,\"caption\":\"Solintel Noroeste, S.L.\"},\"image\":{\"@id\":\"https:\/\/ledsolintel.com\/#\/schema\/logo\/image\/\"},\"sameAs\":[\"http:\/\/www.facebook.com\/webmenaje\",\"https:\/\/x.com\/webmenaje\",\"https:\/\/www.youtube.com\/channel\/UCX2KoVoeCG4LocZjUc6LmSQ\",\"http:\/\/www.pinterest.com\/webmenaje\"]}]}<\/script>\n<!-- \/ Yoast SEO plugin. -->","yoast_head_json":{"title":"Roblan SKY C30 LED candle 8W E14 connection","description":"Bombilla vela casquillo E14 y potencia 8W para iluminar zonas que exijan mucha luminosidad y prolongados tiempos de funcionamiento.","robots":{"index":"index","follow":"follow","max-snippet":"max-snippet:-1","max-image-preview":"max-image-preview:large","max-video-preview":"max-video-preview:-1"},"canonical":"https:\/\/ledsolintel.com\/fr\/produit-2\/vela-led-sky-c30-8w-conexion-e14-de-roblan\/","og_locale":"fr_FR","og_type":"article","og_title":"Vela LED SKY C30 8W conexi\u00f3n E14 de Roblan","og_description":"Bombilla vela casquillo E14 y potencia 8W para iluminar zonas que exijan mucha luminosidad y prolongados tiempos de funcionamiento.","og_url":"https:\/\/ledsolintel.com\/fr\/produit-2\/vela-led-sky-c30-8w-conexion-e14-de-roblan\/","og_site_name":"Ledsolintel","article_publisher":"http:\/\/www.facebook.com\/webmenaje","og_image":[{"url":"https:\/\/ledsolintel.com\/wp-content\/uploads\/2017\/08\/7488-Vela-LED-SKY-C30-8W-conexion-E14-de-Roblan.jpg","width":1,"height":1,"type":"image\/jpeg"}],"twitter_card":"summary_large_image","twitter_site":"@webmenaje","schema":{"@context":"https:\/\/schema.org","@graph":[{"@type":"WebPage","@id":"https:\/\/ledsolintel.com\/product\/vela-led-sky-c30-8w-conexion-e14-de-roblan\/","url":"https:\/\/ledsolintel.com\/product\/vela-led-sky-c30-8w-conexion-e14-de-roblan\/","name":"Roblan SKY C30 LED candle 8W E14 connection","isPartOf":{"@id":"https:\/\/ledsolintel.com\/#website"},"primaryImageOfPage":{"@id":"https:\/\/ledsolintel.com\/product\/vela-led-sky-c30-8w-conexion-e14-de-roblan\/#primaryimage"},"image":{"@id":"https:\/\/ledsolintel.com\/product\/vela-led-sky-c30-8w-conexion-e14-de-roblan\/#primaryimage"},"thumbnailUrl":"https:\/\/ledsolintel.com\/wp-content\/uploads\/2017\/08\/7488-Vela-LED-SKY-C30-8W-conexion-E14-de-Roblan.jpg","datePublished":"2017-08-08T12:09:06+00:00","description":"Bombilla vela casquillo E14 y potencia 8W para iluminar zonas que exijan mucha luminosidad y prolongados tiempos de funcionamiento.","breadcrumb":{"@id":"https:\/\/ledsolintel.com\/product\/vela-led-sky-c30-8w-conexion-e14-de-roblan\/#breadcrumb"},"inLanguage":"fr-FR","potentialAction":[{"@type":"ReadAction","target":["https:\/\/ledsolintel.com\/product\/vela-led-sky-c30-8w-conexion-e14-de-roblan\/"]}]},{"@type":"ImageObject","inLanguage":"fr-FR","@id":"https:\/\/ledsolintel.com\/product\/vela-led-sky-c30-8w-conexion-e14-de-roblan\/#primaryimage","url":"https:\/\/ledsolintel.com\/wp-content\/uploads\/2017\/08\/7488-Vela-LED-SKY-C30-8W-conexion-E14-de-Roblan.jpg","contentUrl":"https:\/\/ledsolintel.com\/wp-content\/uploads\/2017\/08\/7488-Vela-LED-SKY-C30-8W-conexion-E14-de-Roblan.jpg","caption":"Vela LED SKY C30 8W conexi\u00f3n E14 de Roblan"},{"@type":"BreadcrumbList","@id":"https:\/\/ledsolintel.com\/product\/vela-led-sky-c30-8w-conexion-e14-de-roblan\/#breadcrumb","itemListElement":[{"@type":"ListItem","position":1,"name":"Portada","item":"https:\/\/ledsolintel.com\/fr\/"},{"@type":"ListItem","position":2,"name":"Tienda","item":"https:\/\/ledsolintel.com\/tienda\/"},{"@type":"ListItem","position":3,"name":"Vela LED SKY C30 8W conexi\u00f3n E14 de Roblan"}]},{"@type":"WebSite","@id":"https:\/\/ledsolintel.com\/#website","url":"https:\/\/ledsolintel.com\/","name":"Webmenaje","description":"Magasin d'ampoules et de lampes LED pour les professionnels","publisher":{"@id":"https:\/\/ledsolintel.com\/#organization"},"potentialAction":[{"@type":"SearchAction","target":{"@type":"EntryPoint","urlTemplate":"https:\/\/ledsolintel.com\/?s={search_term_string}"},"query-input":{"@type":"PropertyValueSpecification","valueRequired":true,"valueName":"search_term_string"}}],"inLanguage":"fr-FR"},{"@type":"Organization","@id":"https:\/\/ledsolintel.com\/#organization","name":"Solintel Noroeste, S.L.","url":"https:\/\/ledsolintel.com\/","logo":{"@type":"ImageObject","inLanguage":"fr-FR","@id":"https:\/\/ledsolintel.com\/#\/schema\/logo\/image\/","url":"https:\/\/ledsolintel.com\/wp-content\/uploads\/2024\/11\/webmenaje-logo-1508269066.jpg","contentUrl":"https:\/\/ledsolintel.com\/wp-content\/uploads\/2024\/11\/webmenaje-logo-1508269066.jpg","width":370,"height":90,"caption":"Solintel Noroeste, S.L."},"image":{"@id":"https:\/\/ledsolintel.com\/#\/schema\/logo\/image\/"},"sameAs":["http:\/\/www.facebook.com\/webmenaje","https:\/\/x.com\/webmenaje","https:\/\/www.youtube.com\/channel\/UCX2KoVoeCG4LocZjUc6LmSQ","http:\/\/www.pinterest.com\/webmenaje"]}]}},"_links":{"self":[{"href":"https:\/\/ledsolintel.com\/fr\/wp-json\/wp\/v2\/product\/241554","targetHints":{"allow":["GET"]}}],"collection":[{"href":"https:\/\/ledsolintel.com\/fr\/wp-json\/wp\/v2\/product"}],"about":[{"href":"https:\/\/ledsolintel.com\/fr\/wp-json\/wp\/v2\/types\/product"}],"version-history":[{"count":0,"href":"https:\/\/ledsolintel.com\/fr\/wp-json\/wp\/v2\/product\/241554\/revisions"}],"wp:featuredmedia":[{"embeddable":true,"href":"https:\/\/ledsolintel.com\/fr\/wp-json\/wp\/v2\/media\/241553"}],"wp:attachment":[{"href":"https:\/\/ledsolintel.com\/fr\/wp-json\/wp\/v2\/media?parent=241554"}],"wp:term":[{"taxonomy":"product_brand","embeddable":true,"href":"https:\/\/ledsolintel.com\/fr\/wp-json\/wp\/v2\/product_brand?post=241554"},{"taxonomy":"product_cat","embeddable":true,"href":"https:\/\/ledsolintel.com\/fr\/wp-json\/wp\/v2\/product_cat?post=241554"},{"taxonomy":"product_tag","embeddable":true,"href":"https:\/\/ledsolintel.com\/fr\/wp-json\/wp\/v2\/product_tag?post=241554"}],"curies":[{"name":"wp","href":"https:\/\/api.w.org\/{rel}","templated":true}]}}