{"id":241531,"date":"2017-06-22T12:40:16","date_gmt":"2017-06-22T10:40:16","guid":{"rendered":"https:\/\/nueva.ledsolintel.com\/product\/plafon-led-ice-8w-de-roblan\/"},"modified":"2017-06-22T12:40:16","modified_gmt":"2017-06-22T10:40:16","slug":"plafon-led-ice-8w-de-roblan","status":"publish","type":"product","link":"https:\/\/ledsolintel.com\/fr\/produit-2\/plafon-led-ice-8w-de-roblan\/","title":{"rendered":"Plafonnier \u00e0 LED Roblan ICE 8W"},"content":{"rendered":"<h1>Plafonnier \u00e0 LED Roblan ICE 8W\u00a0<\/h1>\n<h1><\/h1>\n<h3>Caract\u00e9ristiques :<\/h3>\n<ul>\n<li>Produit : Roblan ICE 8W LED plafonnier<\/li>\n<li>Puissance : 8W<\/li>\n<li>Tension : 100-240V<\/li>\n<li>Dimensions ovales (mm) : 187x126x76<\/li>\n<li>Dimensions circulaires (mm) : 178\u00d780<\/li>\n<li>Temp\u00e9rature de couleur : blanc naturel 4100K<\/li>\n<li>Flux lumineux : 560 lumens<\/li>\n<li>Angle d'ouverture : 110\u00ba Angle d'ouverture : 110\u00ba Angle d'ouverture : 110\u00ba Angle d'ouverture : 110\u00ba Angle d'ouverture : 110\u00ba Angle d'ouverture : 110<\/li>\n<li>Protection IP54<\/li>\n<li>Protection IK08<\/li>\n<li>Facteur de puissance &gt;0,5<\/li>\n<li>C.R.I. &gt;70<\/li>\n<li>Dur\u00e9e de vie : 25 000 heures<\/li>\n<\/ul>","protected":false},"excerpt":{"rendered":"<p>Le plafonnier LED ICE 8W \u00e9met une lumi\u00e8re diffuse de faible intensit\u00e9 sur un grand angle. Parfait pour l'\u00e9clairage g\u00e9n\u00e9ral dans les environnements clairs o\u00f9 peu de lumi\u00e8re est n\u00e9cessaire. Tr\u00e8s r\u00e9sistant aux chocs, \u00e0 la poussi\u00e8re et \u00e0 l'humidit\u00e9.<\/p>\n<p>Disponible en formes ovales et circulaires.<\/p>","protected":false},"featured_media":241530,"template":"","meta":[],"product_brand":[99355],"product_cat":[99909],"product_tag":[],"class_list":{"0":"post-241531","1":"product","2":"type-product","3":"status-publish","4":"has-post-thumbnail","6":"product_brand-roblan","7":"product_cat-plafones-de-superficie","8":"pa_forma-redondo","9":"pa_forma-oval","12":"instock","13":"taxable","14":"shipping-taxable","15":"purchasable","16":"product-type-variable","17":"has-default-attributes"},"yoast_head":"<!-- This site is optimized with the Yoast SEO plugin v26.6 - https:\/\/yoast.com\/wordpress\/plugins\/seo\/ -->\n<title>Plaf\u00f3n LED ICE 8W de Roblan<\/title>\n<meta name=\"description\" content=\"El plaf\u00f3n LED ICE 8W emite una luz difusa de baja intensidad en un \u00e1ngulo amplio. Perfecto para una iluminaci\u00f3n general donde no haga falta mucha luz.\" \/>\n<meta name=\"robots\" content=\"index, follow, max-snippet:-1, max-image-preview:large, max-video-preview:-1\" \/>\n<link rel=\"canonical\" href=\"https:\/\/ledsolintel.com\/fr\/produit-2\/plafon-led-ice-8w-de-roblan\/\" \/>\n<meta property=\"og:locale\" content=\"fr_FR\" \/>\n<meta property=\"og:type\" content=\"article\" \/>\n<meta property=\"og:title\" content=\"Plaf\u00f3n LED ICE 8W de Roblan\" \/>\n<meta property=\"og:description\" content=\"El plaf\u00f3n LED ICE 8W emite una luz difusa de baja intensidad en un \u00e1ngulo amplio. Perfecto para una iluminaci\u00f3n general donde no haga falta mucha luz.\" \/>\n<meta property=\"og:url\" content=\"https:\/\/ledsolintel.com\/fr\/produit-2\/plafon-led-ice-8w-de-roblan\/\" \/>\n<meta property=\"og:site_name\" content=\"Ledsolintel\" \/>\n<meta property=\"article:publisher\" content=\"http:\/\/www.facebook.com\/webmenaje\" \/>\n<meta property=\"og:image\" content=\"https:\/\/ledsolintel.com\/wp-content\/uploads\/2017\/06\/7477-Plafon-LED-ICE-8W-de-Roblan.jpg\" \/>\n\t<meta property=\"og:image:width\" content=\"1\" \/>\n\t<meta property=\"og:image:height\" content=\"1\" \/>\n\t<meta property=\"og:image:type\" content=\"image\/jpeg\" \/>\n<meta name=\"twitter:card\" content=\"summary_large_image\" \/>\n<meta name=\"twitter:site\" content=\"@webmenaje\" \/>\n<script type=\"application\/ld+json\" class=\"yoast-schema-graph\">{\"@context\":\"https:\/\/schema.org\",\"@graph\":[{\"@type\":\"WebPage\",\"@id\":\"https:\/\/ledsolintel.com\/product\/plafon-led-ice-8w-de-roblan\/\",\"url\":\"https:\/\/ledsolintel.com\/product\/plafon-led-ice-8w-de-roblan\/\",\"name\":\"Plaf\u00f3n LED ICE 8W de Roblan\",\"isPartOf\":{\"@id\":\"https:\/\/ledsolintel.com\/#website\"},\"primaryImageOfPage\":{\"@id\":\"https:\/\/ledsolintel.com\/product\/plafon-led-ice-8w-de-roblan\/#primaryimage\"},\"image\":{\"@id\":\"https:\/\/ledsolintel.com\/product\/plafon-led-ice-8w-de-roblan\/#primaryimage\"},\"thumbnailUrl\":\"https:\/\/ledsolintel.com\/wp-content\/uploads\/2017\/06\/7477-Plafon-LED-ICE-8W-de-Roblan.jpg\",\"datePublished\":\"2017-06-22T10:40:16+00:00\",\"description\":\"El plaf\u00f3n LED ICE 8W emite una luz difusa de baja intensidad en un \u00e1ngulo amplio. Perfecto para una iluminaci\u00f3n general donde no haga falta mucha luz.\",\"breadcrumb\":{\"@id\":\"https:\/\/ledsolintel.com\/product\/plafon-led-ice-8w-de-roblan\/#breadcrumb\"},\"inLanguage\":\"fr-FR\",\"potentialAction\":[{\"@type\":\"ReadAction\",\"target\":[\"https:\/\/ledsolintel.com\/product\/plafon-led-ice-8w-de-roblan\/\"]}]},{\"@type\":\"ImageObject\",\"inLanguage\":\"fr-FR\",\"@id\":\"https:\/\/ledsolintel.com\/product\/plafon-led-ice-8w-de-roblan\/#primaryimage\",\"url\":\"https:\/\/ledsolintel.com\/wp-content\/uploads\/2017\/06\/7477-Plafon-LED-ICE-8W-de-Roblan.jpg\",\"contentUrl\":\"https:\/\/ledsolintel.com\/wp-content\/uploads\/2017\/06\/7477-Plafon-LED-ICE-8W-de-Roblan.jpg\",\"caption\":\"Plaf\u00f3n LED ICE 8W de Roblan\"},{\"@type\":\"BreadcrumbList\",\"@id\":\"https:\/\/ledsolintel.com\/product\/plafon-led-ice-8w-de-roblan\/#breadcrumb\",\"itemListElement\":[{\"@type\":\"ListItem\",\"position\":1,\"name\":\"Portada\",\"item\":\"https:\/\/ledsolintel.com\/fr\/\"},{\"@type\":\"ListItem\",\"position\":2,\"name\":\"Tienda\",\"item\":\"https:\/\/ledsolintel.com\/tienda\/\"},{\"@type\":\"ListItem\",\"position\":3,\"name\":\"Plaf\u00f3n LED ICE 8W de Roblan\"}]},{\"@type\":\"WebSite\",\"@id\":\"https:\/\/ledsolintel.com\/#website\",\"url\":\"https:\/\/ledsolintel.com\/\",\"name\":\"Webmenaje\",\"description\":\"Tienda de bombillas y l\u00e1mparas LED para profesionales\",\"publisher\":{\"@id\":\"https:\/\/ledsolintel.com\/#organization\"},\"potentialAction\":[{\"@type\":\"SearchAction\",\"target\":{\"@type\":\"EntryPoint\",\"urlTemplate\":\"https:\/\/ledsolintel.com\/?s={search_term_string}\"},\"query-input\":{\"@type\":\"PropertyValueSpecification\",\"valueRequired\":true,\"valueName\":\"search_term_string\"}}],\"inLanguage\":\"fr-FR\"},{\"@type\":\"Organization\",\"@id\":\"https:\/\/ledsolintel.com\/#organization\",\"name\":\"Solintel Noroeste, S.L.\",\"url\":\"https:\/\/ledsolintel.com\/\",\"logo\":{\"@type\":\"ImageObject\",\"inLanguage\":\"fr-FR\",\"@id\":\"https:\/\/ledsolintel.com\/#\/schema\/logo\/image\/\",\"url\":\"https:\/\/ledsolintel.com\/wp-content\/uploads\/2024\/11\/webmenaje-logo-1508269066.jpg\",\"contentUrl\":\"https:\/\/ledsolintel.com\/wp-content\/uploads\/2024\/11\/webmenaje-logo-1508269066.jpg\",\"width\":370,\"height\":90,\"caption\":\"Solintel Noroeste, S.L.\"},\"image\":{\"@id\":\"https:\/\/ledsolintel.com\/#\/schema\/logo\/image\/\"},\"sameAs\":[\"http:\/\/www.facebook.com\/webmenaje\",\"https:\/\/x.com\/webmenaje\",\"https:\/\/www.youtube.com\/channel\/UCX2KoVoeCG4LocZjUc6LmSQ\",\"http:\/\/www.pinterest.com\/webmenaje\"]}]}<\/script>\n<!-- \/ Yoast SEO plugin. -->","yoast_head_json":{"title":"Plafonnier \u00e0 LED Roblan ICE 8W","description":"El plaf\u00f3n LED ICE 8W emite una luz difusa de baja intensidad en un \u00e1ngulo amplio. Perfecto para una iluminaci\u00f3n general donde no haga falta mucha luz.","robots":{"index":"index","follow":"follow","max-snippet":"max-snippet:-1","max-image-preview":"max-image-preview:large","max-video-preview":"max-video-preview:-1"},"canonical":"https:\/\/ledsolintel.com\/fr\/produit-2\/plafon-led-ice-8w-de-roblan\/","og_locale":"fr_FR","og_type":"article","og_title":"Plaf\u00f3n LED ICE 8W de Roblan","og_description":"El plaf\u00f3n LED ICE 8W emite una luz difusa de baja intensidad en un \u00e1ngulo amplio. Perfecto para una iluminaci\u00f3n general donde no haga falta mucha luz.","og_url":"https:\/\/ledsolintel.com\/fr\/produit-2\/plafon-led-ice-8w-de-roblan\/","og_site_name":"Ledsolintel","article_publisher":"http:\/\/www.facebook.com\/webmenaje","og_image":[{"url":"https:\/\/ledsolintel.com\/wp-content\/uploads\/2017\/06\/7477-Plafon-LED-ICE-8W-de-Roblan.jpg","width":1,"height":1,"type":"image\/jpeg"}],"twitter_card":"summary_large_image","twitter_site":"@webmenaje","schema":{"@context":"https:\/\/schema.org","@graph":[{"@type":"WebPage","@id":"https:\/\/ledsolintel.com\/product\/plafon-led-ice-8w-de-roblan\/","url":"https:\/\/ledsolintel.com\/product\/plafon-led-ice-8w-de-roblan\/","name":"Plafonnier \u00e0 LED Roblan ICE 8W","isPartOf":{"@id":"https:\/\/ledsolintel.com\/#website"},"primaryImageOfPage":{"@id":"https:\/\/ledsolintel.com\/product\/plafon-led-ice-8w-de-roblan\/#primaryimage"},"image":{"@id":"https:\/\/ledsolintel.com\/product\/plafon-led-ice-8w-de-roblan\/#primaryimage"},"thumbnailUrl":"https:\/\/ledsolintel.com\/wp-content\/uploads\/2017\/06\/7477-Plafon-LED-ICE-8W-de-Roblan.jpg","datePublished":"2017-06-22T10:40:16+00:00","description":"El plaf\u00f3n LED ICE 8W emite una luz difusa de baja intensidad en un \u00e1ngulo amplio. Perfecto para una iluminaci\u00f3n general donde no haga falta mucha luz.","breadcrumb":{"@id":"https:\/\/ledsolintel.com\/product\/plafon-led-ice-8w-de-roblan\/#breadcrumb"},"inLanguage":"fr-FR","potentialAction":[{"@type":"ReadAction","target":["https:\/\/ledsolintel.com\/product\/plafon-led-ice-8w-de-roblan\/"]}]},{"@type":"ImageObject","inLanguage":"fr-FR","@id":"https:\/\/ledsolintel.com\/product\/plafon-led-ice-8w-de-roblan\/#primaryimage","url":"https:\/\/ledsolintel.com\/wp-content\/uploads\/2017\/06\/7477-Plafon-LED-ICE-8W-de-Roblan.jpg","contentUrl":"https:\/\/ledsolintel.com\/wp-content\/uploads\/2017\/06\/7477-Plafon-LED-ICE-8W-de-Roblan.jpg","caption":"Plaf\u00f3n LED ICE 8W de Roblan"},{"@type":"BreadcrumbList","@id":"https:\/\/ledsolintel.com\/product\/plafon-led-ice-8w-de-roblan\/#breadcrumb","itemListElement":[{"@type":"ListItem","position":1,"name":"Portada","item":"https:\/\/ledsolintel.com\/fr\/"},{"@type":"ListItem","position":2,"name":"Tienda","item":"https:\/\/ledsolintel.com\/tienda\/"},{"@type":"ListItem","position":3,"name":"Plaf\u00f3n LED ICE 8W de Roblan"}]},{"@type":"WebSite","@id":"https:\/\/ledsolintel.com\/#website","url":"https:\/\/ledsolintel.com\/","name":"Webmenaje","description":"Magasin d'ampoules et de lampes LED pour les professionnels","publisher":{"@id":"https:\/\/ledsolintel.com\/#organization"},"potentialAction":[{"@type":"SearchAction","target":{"@type":"EntryPoint","urlTemplate":"https:\/\/ledsolintel.com\/?s={search_term_string}"},"query-input":{"@type":"PropertyValueSpecification","valueRequired":true,"valueName":"search_term_string"}}],"inLanguage":"fr-FR"},{"@type":"Organization","@id":"https:\/\/ledsolintel.com\/#organization","name":"Solintel Noroeste, S.L.","url":"https:\/\/ledsolintel.com\/","logo":{"@type":"ImageObject","inLanguage":"fr-FR","@id":"https:\/\/ledsolintel.com\/#\/schema\/logo\/image\/","url":"https:\/\/ledsolintel.com\/wp-content\/uploads\/2024\/11\/webmenaje-logo-1508269066.jpg","contentUrl":"https:\/\/ledsolintel.com\/wp-content\/uploads\/2024\/11\/webmenaje-logo-1508269066.jpg","width":370,"height":90,"caption":"Solintel Noroeste, S.L."},"image":{"@id":"https:\/\/ledsolintel.com\/#\/schema\/logo\/image\/"},"sameAs":["http:\/\/www.facebook.com\/webmenaje","https:\/\/x.com\/webmenaje","https:\/\/www.youtube.com\/channel\/UCX2KoVoeCG4LocZjUc6LmSQ","http:\/\/www.pinterest.com\/webmenaje"]}]}},"_links":{"self":[{"href":"https:\/\/ledsolintel.com\/fr\/wp-json\/wp\/v2\/product\/241531","targetHints":{"allow":["GET"]}}],"collection":[{"href":"https:\/\/ledsolintel.com\/fr\/wp-json\/wp\/v2\/product"}],"about":[{"href":"https:\/\/ledsolintel.com\/fr\/wp-json\/wp\/v2\/types\/product"}],"version-history":[{"count":0,"href":"https:\/\/ledsolintel.com\/fr\/wp-json\/wp\/v2\/product\/241531\/revisions"}],"wp:featuredmedia":[{"embeddable":true,"href":"https:\/\/ledsolintel.com\/fr\/wp-json\/wp\/v2\/media\/241530"}],"wp:attachment":[{"href":"https:\/\/ledsolintel.com\/fr\/wp-json\/wp\/v2\/media?parent=241531"}],"wp:term":[{"taxonomy":"product_brand","embeddable":true,"href":"https:\/\/ledsolintel.com\/fr\/wp-json\/wp\/v2\/product_brand?post=241531"},{"taxonomy":"product_cat","embeddable":true,"href":"https:\/\/ledsolintel.com\/fr\/wp-json\/wp\/v2\/product_cat?post=241531"},{"taxonomy":"product_tag","embeddable":true,"href":"https:\/\/ledsolintel.com\/fr\/wp-json\/wp\/v2\/product_tag?post=241531"}],"curies":[{"name":"wp","href":"https:\/\/api.w.org\/{rel}","templated":true}]}}