{"id":241498,"date":"2017-06-06T13:28:47","date_gmt":"2017-06-06T11:28:47","guid":{"rendered":"https:\/\/nueva.ledsolintel.com\/product\/aplique-con-panel-solar-led-15w-de-roblan\/"},"modified":"2017-06-06T13:28:47","modified_gmt":"2017-06-06T11:28:47","slug":"aplique-con-panel-solar-led-15w-de-roblan","status":"publish","type":"product","link":"https:\/\/ledsolintel.com\/fr\/produit-2\/aplique-con-panel-solar-led-15w-de-roblan\/","title":{"rendered":"Roblan LEDSOL 1.5W panneau solaire applique LEDSOL 1.5W"},"content":{"rendered":"<h3>Caract\u00e9ristiques :<\/h3>\n<ul>\n<li>Puissance : 1,5 W<\/li>\n<li>Tension : 3,7 V<\/li>\n<li>Luminosit\u00e9 : 200 lumens<\/li>\n<li>Couleur de la lumi\u00e8re : blanc naturel 4000K<\/li>\n<li>Dur\u00e9e de vie : 35 000 heures<\/li>\n<li>Optique : 120\u00ba.<\/li>\n<li>Protection IP65<\/li>\n<li>IRC &gt; 80<\/li>\n<li>Il est dot\u00e9 d'un capteur de mise en marche automatique<\/li>\n<\/ul>","protected":false},"excerpt":{"rendered":"<p>Cette applique Roblan se recharge gr\u00e2ce \u00e0 un panneau solaire et \u00e9met une lumi\u00e8re tr\u00e8s discr\u00e8te pour \u00e9clairer les fa\u00e7ades et les espaces ext\u00e9rieurs tels que les terrasses ou les jardins. Avec un temps de recharge de 6 heures, la batterie dure plus de 3 jours. Elle dispose d'un capteur d'allumage automatique.<\/p>\n<p>Disponible en gris et en blanc.<\/p>","protected":false},"featured_media":241496,"template":"","meta":[],"product_brand":[99355],"product_cat":[99603,99575,99589],"product_tag":[],"class_list":{"0":"post-241498","1":"product","2":"type-product","3":"status-publish","4":"has-post-thumbnail","6":"product_brand-roblan","7":"product_cat-apliques-para-exterior","8":"product_cat-iluminacion-para-jardines-y-exteriores","9":"product_cat-lamparas-solares","10":"pa_acabado-blanco","11":"pa_acabado-gris","14":"instock","15":"taxable","16":"shipping-taxable","17":"purchasable","18":"product-type-variable","19":"has-default-attributes"},"yoast_head":"<!-- This site is optimized with the Yoast SEO plugin v26.6 - https:\/\/yoast.com\/wordpress\/plugins\/seo\/ -->\n<title>Aplique con panel solar LED 1.5W de Roblan<\/title>\n<meta name=\"description\" content=\"Aplique recargado con panel solar. Id\u00f3neo para fachadas y \u00e1reas exteriores, especialmente \u00fatil en zonas de mucho sol y casas de vacaciones.\" \/>\n<meta name=\"robots\" content=\"index, follow, max-snippet:-1, max-image-preview:large, max-video-preview:-1\" \/>\n<link rel=\"canonical\" href=\"https:\/\/ledsolintel.com\/fr\/produit-2\/aplique-con-panel-solar-led-15w-de-roblan\/\" \/>\n<meta property=\"og:locale\" content=\"fr_FR\" \/>\n<meta property=\"og:type\" content=\"article\" \/>\n<meta property=\"og:title\" content=\"Aplique con panel solar LED 1.5W de Roblan\" \/>\n<meta property=\"og:description\" content=\"Aplique recargado con panel solar. Id\u00f3neo para fachadas y \u00e1reas exteriores, especialmente \u00fatil en zonas de mucho sol y casas de vacaciones.\" \/>\n<meta property=\"og:url\" content=\"https:\/\/ledsolintel.com\/fr\/produit-2\/aplique-con-panel-solar-led-15w-de-roblan\/\" \/>\n<meta property=\"og:site_name\" content=\"Ledsolintel\" \/>\n<meta property=\"article:publisher\" content=\"http:\/\/www.facebook.com\/webmenaje\" \/>\n<meta property=\"og:image\" content=\"https:\/\/ledsolintel.com\/wp-content\/uploads\/2017\/06\/7458-Aplique-con-panel-solar-LED-1.5W-de-Roblan.jpg\" \/>\n\t<meta property=\"og:image:width\" content=\"1\" \/>\n\t<meta property=\"og:image:height\" content=\"1\" \/>\n\t<meta property=\"og:image:type\" content=\"image\/jpeg\" \/>\n<meta name=\"twitter:card\" content=\"summary_large_image\" \/>\n<meta name=\"twitter:site\" content=\"@webmenaje\" \/>\n<script type=\"application\/ld+json\" class=\"yoast-schema-graph\">{\"@context\":\"https:\/\/schema.org\",\"@graph\":[{\"@type\":\"WebPage\",\"@id\":\"https:\/\/ledsolintel.com\/product\/aplique-con-panel-solar-led-15w-de-roblan\/\",\"url\":\"https:\/\/ledsolintel.com\/product\/aplique-con-panel-solar-led-15w-de-roblan\/\",\"name\":\"Aplique con panel solar LED 1.5W de Roblan\",\"isPartOf\":{\"@id\":\"https:\/\/ledsolintel.com\/#website\"},\"primaryImageOfPage\":{\"@id\":\"https:\/\/ledsolintel.com\/product\/aplique-con-panel-solar-led-15w-de-roblan\/#primaryimage\"},\"image\":{\"@id\":\"https:\/\/ledsolintel.com\/product\/aplique-con-panel-solar-led-15w-de-roblan\/#primaryimage\"},\"thumbnailUrl\":\"https:\/\/ledsolintel.com\/wp-content\/uploads\/2017\/06\/7458-Aplique-con-panel-solar-LED-1.5W-de-Roblan.jpg\",\"datePublished\":\"2017-06-06T11:28:47+00:00\",\"description\":\"Aplique recargado con panel solar. Id\u00f3neo para fachadas y \u00e1reas exteriores, especialmente \u00fatil en zonas de mucho sol y casas de vacaciones.\",\"breadcrumb\":{\"@id\":\"https:\/\/ledsolintel.com\/product\/aplique-con-panel-solar-led-15w-de-roblan\/#breadcrumb\"},\"inLanguage\":\"fr-FR\",\"potentialAction\":[{\"@type\":\"ReadAction\",\"target\":[\"https:\/\/ledsolintel.com\/product\/aplique-con-panel-solar-led-15w-de-roblan\/\"]}]},{\"@type\":\"ImageObject\",\"inLanguage\":\"fr-FR\",\"@id\":\"https:\/\/ledsolintel.com\/product\/aplique-con-panel-solar-led-15w-de-roblan\/#primaryimage\",\"url\":\"https:\/\/ledsolintel.com\/wp-content\/uploads\/2017\/06\/7458-Aplique-con-panel-solar-LED-1.5W-de-Roblan.jpg\",\"contentUrl\":\"https:\/\/ledsolintel.com\/wp-content\/uploads\/2017\/06\/7458-Aplique-con-panel-solar-LED-1.5W-de-Roblan.jpg\",\"caption\":\"Aplique con panel solar LED 1.5W de Roblan\"},{\"@type\":\"BreadcrumbList\",\"@id\":\"https:\/\/ledsolintel.com\/product\/aplique-con-panel-solar-led-15w-de-roblan\/#breadcrumb\",\"itemListElement\":[{\"@type\":\"ListItem\",\"position\":1,\"name\":\"Portada\",\"item\":\"https:\/\/ledsolintel.com\/fr\/\"},{\"@type\":\"ListItem\",\"position\":2,\"name\":\"Tienda\",\"item\":\"https:\/\/ledsolintel.com\/tienda\/\"},{\"@type\":\"ListItem\",\"position\":3,\"name\":\"Aplique con panel solar LEDSOL 1.5W de Roblan\"}]},{\"@type\":\"WebSite\",\"@id\":\"https:\/\/ledsolintel.com\/#website\",\"url\":\"https:\/\/ledsolintel.com\/\",\"name\":\"Webmenaje\",\"description\":\"Tienda de bombillas y l\u00e1mparas LED para profesionales\",\"publisher\":{\"@id\":\"https:\/\/ledsolintel.com\/#organization\"},\"potentialAction\":[{\"@type\":\"SearchAction\",\"target\":{\"@type\":\"EntryPoint\",\"urlTemplate\":\"https:\/\/ledsolintel.com\/?s={search_term_string}\"},\"query-input\":{\"@type\":\"PropertyValueSpecification\",\"valueRequired\":true,\"valueName\":\"search_term_string\"}}],\"inLanguage\":\"fr-FR\"},{\"@type\":\"Organization\",\"@id\":\"https:\/\/ledsolintel.com\/#organization\",\"name\":\"Solintel Noroeste, S.L.\",\"url\":\"https:\/\/ledsolintel.com\/\",\"logo\":{\"@type\":\"ImageObject\",\"inLanguage\":\"fr-FR\",\"@id\":\"https:\/\/ledsolintel.com\/#\/schema\/logo\/image\/\",\"url\":\"https:\/\/ledsolintel.com\/wp-content\/uploads\/2024\/11\/webmenaje-logo-1508269066.jpg\",\"contentUrl\":\"https:\/\/ledsolintel.com\/wp-content\/uploads\/2024\/11\/webmenaje-logo-1508269066.jpg\",\"width\":370,\"height\":90,\"caption\":\"Solintel Noroeste, S.L.\"},\"image\":{\"@id\":\"https:\/\/ledsolintel.com\/#\/schema\/logo\/image\/\"},\"sameAs\":[\"http:\/\/www.facebook.com\/webmenaje\",\"https:\/\/x.com\/webmenaje\",\"https:\/\/www.youtube.com\/channel\/UCX2KoVoeCG4LocZjUc6LmSQ\",\"http:\/\/www.pinterest.com\/webmenaje\"]}]}<\/script>\n<!-- \/ Yoast SEO plugin. -->","yoast_head_json":{"title":"Applique LED Roblan avec panneau solaire 1,5W","description":"Aplique recargado con panel solar. Id\u00f3neo para fachadas y \u00e1reas exteriores, especialmente \u00fatil en zonas de mucho sol y casas de vacaciones.","robots":{"index":"index","follow":"follow","max-snippet":"max-snippet:-1","max-image-preview":"max-image-preview:large","max-video-preview":"max-video-preview:-1"},"canonical":"https:\/\/ledsolintel.com\/fr\/produit-2\/aplique-con-panel-solar-led-15w-de-roblan\/","og_locale":"fr_FR","og_type":"article","og_title":"Aplique con panel solar LED 1.5W de Roblan","og_description":"Aplique recargado con panel solar. Id\u00f3neo para fachadas y \u00e1reas exteriores, especialmente \u00fatil en zonas de mucho sol y casas de vacaciones.","og_url":"https:\/\/ledsolintel.com\/fr\/produit-2\/aplique-con-panel-solar-led-15w-de-roblan\/","og_site_name":"Ledsolintel","article_publisher":"http:\/\/www.facebook.com\/webmenaje","og_image":[{"url":"https:\/\/ledsolintel.com\/wp-content\/uploads\/2017\/06\/7458-Aplique-con-panel-solar-LED-1.5W-de-Roblan.jpg","width":1,"height":1,"type":"image\/jpeg"}],"twitter_card":"summary_large_image","twitter_site":"@webmenaje","schema":{"@context":"https:\/\/schema.org","@graph":[{"@type":"WebPage","@id":"https:\/\/ledsolintel.com\/product\/aplique-con-panel-solar-led-15w-de-roblan\/","url":"https:\/\/ledsolintel.com\/product\/aplique-con-panel-solar-led-15w-de-roblan\/","name":"Applique LED Roblan avec panneau solaire 1,5W","isPartOf":{"@id":"https:\/\/ledsolintel.com\/#website"},"primaryImageOfPage":{"@id":"https:\/\/ledsolintel.com\/product\/aplique-con-panel-solar-led-15w-de-roblan\/#primaryimage"},"image":{"@id":"https:\/\/ledsolintel.com\/product\/aplique-con-panel-solar-led-15w-de-roblan\/#primaryimage"},"thumbnailUrl":"https:\/\/ledsolintel.com\/wp-content\/uploads\/2017\/06\/7458-Aplique-con-panel-solar-LED-1.5W-de-Roblan.jpg","datePublished":"2017-06-06T11:28:47+00:00","description":"Aplique recargado con panel solar. Id\u00f3neo para fachadas y \u00e1reas exteriores, especialmente \u00fatil en zonas de mucho sol y casas de vacaciones.","breadcrumb":{"@id":"https:\/\/ledsolintel.com\/product\/aplique-con-panel-solar-led-15w-de-roblan\/#breadcrumb"},"inLanguage":"fr-FR","potentialAction":[{"@type":"ReadAction","target":["https:\/\/ledsolintel.com\/product\/aplique-con-panel-solar-led-15w-de-roblan\/"]}]},{"@type":"ImageObject","inLanguage":"fr-FR","@id":"https:\/\/ledsolintel.com\/product\/aplique-con-panel-solar-led-15w-de-roblan\/#primaryimage","url":"https:\/\/ledsolintel.com\/wp-content\/uploads\/2017\/06\/7458-Aplique-con-panel-solar-LED-1.5W-de-Roblan.jpg","contentUrl":"https:\/\/ledsolintel.com\/wp-content\/uploads\/2017\/06\/7458-Aplique-con-panel-solar-LED-1.5W-de-Roblan.jpg","caption":"Aplique con panel solar LED 1.5W de Roblan"},{"@type":"BreadcrumbList","@id":"https:\/\/ledsolintel.com\/product\/aplique-con-panel-solar-led-15w-de-roblan\/#breadcrumb","itemListElement":[{"@type":"ListItem","position":1,"name":"Portada","item":"https:\/\/ledsolintel.com\/fr\/"},{"@type":"ListItem","position":2,"name":"Tienda","item":"https:\/\/ledsolintel.com\/tienda\/"},{"@type":"ListItem","position":3,"name":"Aplique con panel solar LEDSOL 1.5W de Roblan"}]},{"@type":"WebSite","@id":"https:\/\/ledsolintel.com\/#website","url":"https:\/\/ledsolintel.com\/","name":"Webmenaje","description":"Magasin d'ampoules et de lampes LED pour les professionnels","publisher":{"@id":"https:\/\/ledsolintel.com\/#organization"},"potentialAction":[{"@type":"SearchAction","target":{"@type":"EntryPoint","urlTemplate":"https:\/\/ledsolintel.com\/?s={search_term_string}"},"query-input":{"@type":"PropertyValueSpecification","valueRequired":true,"valueName":"search_term_string"}}],"inLanguage":"fr-FR"},{"@type":"Organization","@id":"https:\/\/ledsolintel.com\/#organization","name":"Solintel Noroeste, S.L.","url":"https:\/\/ledsolintel.com\/","logo":{"@type":"ImageObject","inLanguage":"fr-FR","@id":"https:\/\/ledsolintel.com\/#\/schema\/logo\/image\/","url":"https:\/\/ledsolintel.com\/wp-content\/uploads\/2024\/11\/webmenaje-logo-1508269066.jpg","contentUrl":"https:\/\/ledsolintel.com\/wp-content\/uploads\/2024\/11\/webmenaje-logo-1508269066.jpg","width":370,"height":90,"caption":"Solintel Noroeste, S.L."},"image":{"@id":"https:\/\/ledsolintel.com\/#\/schema\/logo\/image\/"},"sameAs":["http:\/\/www.facebook.com\/webmenaje","https:\/\/x.com\/webmenaje","https:\/\/www.youtube.com\/channel\/UCX2KoVoeCG4LocZjUc6LmSQ","http:\/\/www.pinterest.com\/webmenaje"]}]}},"_links":{"self":[{"href":"https:\/\/ledsolintel.com\/fr\/wp-json\/wp\/v2\/product\/241498","targetHints":{"allow":["GET"]}}],"collection":[{"href":"https:\/\/ledsolintel.com\/fr\/wp-json\/wp\/v2\/product"}],"about":[{"href":"https:\/\/ledsolintel.com\/fr\/wp-json\/wp\/v2\/types\/product"}],"version-history":[{"count":0,"href":"https:\/\/ledsolintel.com\/fr\/wp-json\/wp\/v2\/product\/241498\/revisions"}],"wp:featuredmedia":[{"embeddable":true,"href":"https:\/\/ledsolintel.com\/fr\/wp-json\/wp\/v2\/media\/241496"}],"wp:attachment":[{"href":"https:\/\/ledsolintel.com\/fr\/wp-json\/wp\/v2\/media?parent=241498"}],"wp:term":[{"taxonomy":"product_brand","embeddable":true,"href":"https:\/\/ledsolintel.com\/fr\/wp-json\/wp\/v2\/product_brand?post=241498"},{"taxonomy":"product_cat","embeddable":true,"href":"https:\/\/ledsolintel.com\/fr\/wp-json\/wp\/v2\/product_cat?post=241498"},{"taxonomy":"product_tag","embeddable":true,"href":"https:\/\/ledsolintel.com\/fr\/wp-json\/wp\/v2\/product_tag?post=241498"}],"curies":[{"name":"wp","href":"https:\/\/api.w.org\/{rel}","templated":true}]}}