{"id":241457,"date":"2017-05-05T13:53:46","date_gmt":"2017-05-05T11:53:46","guid":{"rendered":"https:\/\/nueva.ledsolintel.com\/product\/ventilador-winche-de-faro\/"},"modified":"2017-05-05T13:53:46","modified_gmt":"2017-05-05T11:53:46","slug":"ventilateur-de-treuil-de-phare","status":"publish","type":"product","link":"https:\/\/ledsolintel.com\/fr\/produit-2\/ventilateur-de-treuil-de-phare\/","title":{"rendered":"Ventilateur WINCHE de Faro Barcelona"},"content":{"rendered":"<h3>Caract\u00e9ristiques :<\/h3>\n<ul>\n<li>Fabriqu\u00e9 en acier et en ABS<\/li>\n<li>4 lames<\/li>\n<li>Diam\u00e8tre : 1,30 m<\/li>\n<li>Couleur de la carrosserie : chrome \/ noir<\/li>\n<li>Couleur des lames : bois<\/li>\n<li>RPM : 48 \u00e0 162 (6 vitesses)<\/li>\n<li>Puissance : 3 \u00e0 30 W<\/li>\n<li>Tension : 220-240 V<\/li>\n<li>Conception : Conillas<\/li>\n<\/ul>","protected":false},"excerpt":{"rendered":"<p>Con\u00e7u par CONILLAS, le ventilateur Winche de Faro pr\u00e9sente un aspect moderne avec des lignes d\u00e9finies et deux finitions diff\u00e9rentes, parfaites pour tous les types d'environnements. Il dispose d'une fonction invers\u00e9e pour chauffer la maison en hiver.<\/p>\n<p>Un kit d'\u00e9clairage peut \u00eatre ajout\u00e9 en option.<\/p>","protected":false},"featured_media":241454,"template":"","meta":[],"product_brand":[99359],"product_cat":[99705,99641],"product_tag":[],"class_list":{"0":"post-241457","1":"product","2":"type-product","3":"status-publish","4":"has-post-thumbnail","6":"product_brand-faro-barcelona","7":"product_cat-ventiladores-consin-luz-grandes","8":"product_cat-ventiladores-grandes","9":"pa_acabado-cromo","10":"pa_acabado-negro","13":"instock","14":"taxable","15":"shipping-taxable","16":"purchasable","17":"product-type-variable","18":"has-default-attributes"},"yoast_head":"<!-- This site is optimized with the Yoast SEO plugin v27.4 - https:\/\/yoast.com\/product\/yoast-seo-wordpress\/ -->\n<title>Ventilador Winche de Faro Barcelona<\/title>\n<meta name=\"description\" content=\"Con dise\u00f1o de CONILLAS, el ventilador Winche de Faro Barcelona tiene un aspecto actual con l\u00edneas definidas y dos acabados diferentes.\" \/>\n<meta name=\"robots\" content=\"index, follow, max-snippet:-1, max-image-preview:large, max-video-preview:-1\" \/>\n<link rel=\"canonical\" href=\"https:\/\/ledsolintel.com\/fr\/produit\/ventilateur-de-treuil-de-phare\/\" \/>\n<meta property=\"og:locale\" content=\"fr_FR\" \/>\n<meta property=\"og:type\" content=\"article\" \/>\n<meta property=\"og:title\" content=\"Ventilador Winche de Faro Barcelona\" \/>\n<meta property=\"og:description\" content=\"Con dise\u00f1o de CONILLAS, el ventilador Winche de Faro Barcelona tiene un aspecto actual con l\u00edneas definidas y dos acabados diferentes.\" \/>\n<meta property=\"og:url\" content=\"https:\/\/ledsolintel.com\/fr\/produit\/ventilateur-de-treuil-de-phare\/\" \/>\n<meta property=\"og:site_name\" content=\"Ledsolintel\" \/>\n<meta property=\"article:publisher\" content=\"http:\/\/www.facebook.com\/webmenaje\" \/>\n<meta property=\"og:image\" content=\"https:\/\/ledsolintel.com\/wp-content\/uploads\/2017\/05\/7398-Ventilador-WINCHE-de-Faro.jpg\" \/>\n\t<meta property=\"og:image:width\" content=\"1\" \/>\n\t<meta property=\"og:image:height\" content=\"1\" \/>\n\t<meta property=\"og:image:type\" content=\"image\/jpeg\" \/>\n<meta name=\"twitter:card\" content=\"summary_large_image\" \/>\n<meta name=\"twitter:site\" content=\"@webmenaje\" \/>\n<script type=\"application\/ld+json\" class=\"yoast-schema-graph\">{\"@context\":\"https:\\\/\\\/schema.org\",\"@graph\":[{\"@type\":\"WebPage\",\"@id\":\"https:\\\/\\\/ledsolintel.com\\\/en\\\/product\\\/ventilador-winche-de-faro\\\/\",\"url\":\"https:\\\/\\\/ledsolintel.com\\\/en\\\/product\\\/ventilador-winche-de-faro\\\/\",\"name\":\"Ventilador Winche de Faro Barcelona\",\"isPartOf\":{\"@id\":\"https:\\\/\\\/ledsolintel.com\\\/#website\"},\"primaryImageOfPage\":{\"@id\":\"https:\\\/\\\/ledsolintel.com\\\/en\\\/product\\\/ventilador-winche-de-faro\\\/#primaryimage\"},\"image\":{\"@id\":\"https:\\\/\\\/ledsolintel.com\\\/en\\\/product\\\/ventilador-winche-de-faro\\\/#primaryimage\"},\"thumbnailUrl\":\"https:\\\/\\\/ledsolintel.com\\\/wp-content\\\/uploads\\\/2017\\\/05\\\/7398-Ventilador-WINCHE-de-Faro.jpg\",\"datePublished\":\"2017-05-05T11:53:46+00:00\",\"description\":\"Con dise\u00f1o de CONILLAS, el ventilador Winche de Faro Barcelona tiene un aspecto actual con l\u00edneas definidas y dos acabados diferentes.\",\"breadcrumb\":{\"@id\":\"https:\\\/\\\/ledsolintel.com\\\/en\\\/product\\\/ventilador-winche-de-faro\\\/#breadcrumb\"},\"inLanguage\":\"fr-FR\",\"potentialAction\":[{\"@type\":\"ReadAction\",\"target\":[\"https:\\\/\\\/ledsolintel.com\\\/en\\\/product\\\/ventilador-winche-de-faro\\\/\"]}]},{\"@type\":\"ImageObject\",\"inLanguage\":\"fr-FR\",\"@id\":\"https:\\\/\\\/ledsolintel.com\\\/en\\\/product\\\/ventilador-winche-de-faro\\\/#primaryimage\",\"url\":\"https:\\\/\\\/ledsolintel.com\\\/wp-content\\\/uploads\\\/2017\\\/05\\\/7398-Ventilador-WINCHE-de-Faro.jpg\",\"contentUrl\":\"https:\\\/\\\/ledsolintel.com\\\/wp-content\\\/uploads\\\/2017\\\/05\\\/7398-Ventilador-WINCHE-de-Faro.jpg\",\"caption\":\"Ventilador WINCHE de Faro\"},{\"@type\":\"BreadcrumbList\",\"@id\":\"https:\\\/\\\/ledsolintel.com\\\/en\\\/product\\\/ventilador-winche-de-faro\\\/#breadcrumb\",\"itemListElement\":[{\"@type\":\"ListItem\",\"position\":1,\"name\":\"Portada\",\"item\":\"https:\\\/\\\/ledsolintel.com\\\/fr\\\/\"},{\"@type\":\"ListItem\",\"position\":2,\"name\":\"Tienda\",\"item\":\"https:\\\/\\\/ledsolintel.com\\\/tienda\\\/\"},{\"@type\":\"ListItem\",\"position\":3,\"name\":\"Ventilador WINCHE de Faro Barcelona\"}]},{\"@type\":\"WebSite\",\"@id\":\"https:\\\/\\\/ledsolintel.com\\\/#website\",\"url\":\"https:\\\/\\\/ledsolintel.com\\\/\",\"name\":\"Webmenaje\",\"description\":\"Tienda de bombillas y l\u00e1mparas LED para profesionales\",\"publisher\":{\"@id\":\"https:\\\/\\\/ledsolintel.com\\\/#organization\"},\"potentialAction\":[{\"@type\":\"SearchAction\",\"target\":{\"@type\":\"EntryPoint\",\"urlTemplate\":\"https:\\\/\\\/ledsolintel.com\\\/?s={search_term_string}\"},\"query-input\":{\"@type\":\"PropertyValueSpecification\",\"valueRequired\":true,\"valueName\":\"search_term_string\"}}],\"inLanguage\":\"fr-FR\"},{\"@type\":\"Organization\",\"@id\":\"https:\\\/\\\/ledsolintel.com\\\/#organization\",\"name\":\"Solintel Noroeste, S.L.\",\"url\":\"https:\\\/\\\/ledsolintel.com\\\/\",\"logo\":{\"@type\":\"ImageObject\",\"inLanguage\":\"fr-FR\",\"@id\":\"https:\\\/\\\/ledsolintel.com\\\/#\\\/schema\\\/logo\\\/image\\\/\",\"url\":\"https:\\\/\\\/ledsolintel.com\\\/wp-content\\\/uploads\\\/2024\\\/11\\\/webmenaje-logo-1508269066.jpg\",\"contentUrl\":\"https:\\\/\\\/ledsolintel.com\\\/wp-content\\\/uploads\\\/2024\\\/11\\\/webmenaje-logo-1508269066.jpg\",\"width\":370,\"height\":90,\"caption\":\"Solintel Noroeste, S.L.\"},\"image\":{\"@id\":\"https:\\\/\\\/ledsolintel.com\\\/#\\\/schema\\\/logo\\\/image\\\/\"},\"sameAs\":[\"http:\\\/\\\/www.facebook.com\\\/webmenaje\",\"https:\\\/\\\/x.com\\\/webmenaje\",\"https:\\\/\\\/www.youtube.com\\\/channel\\\/UCX2KoVoeCG4LocZjUc6LmSQ\",\"http:\\\/\\\/www.pinterest.com\\\/webmenaje\"]}]}<\/script>\n<!-- \/ Yoast SEO plugin. -->","yoast_head_json":{"title":"Ventilateur Winche par Faro Barcelona","description":"Con\u00e7u par CONILLAS, le ventilateur Winche de Faro Barcelona pr\u00e9sente un aspect moderne avec des lignes d\u00e9finies et deux finitions diff\u00e9rentes.","robots":{"index":"index","follow":"follow","max-snippet":"max-snippet:-1","max-image-preview":"max-image-preview:large","max-video-preview":"max-video-preview:-1"},"canonical":"https:\/\/ledsolintel.com\/fr\/produit\/ventilateur-de-treuil-de-phare\/","og_locale":"fr_FR","og_type":"article","og_title":"Ventilador Winche de Faro Barcelona","og_description":"Con dise\u00f1o de CONILLAS, el ventilador Winche de Faro Barcelona tiene un aspecto actual con l\u00edneas definidas y dos acabados diferentes.","og_url":"https:\/\/ledsolintel.com\/fr\/produit\/ventilateur-de-treuil-de-phare\/","og_site_name":"Ledsolintel","article_publisher":"http:\/\/www.facebook.com\/webmenaje","og_image":[{"url":"https:\/\/ledsolintel.com\/wp-content\/uploads\/2017\/05\/7398-Ventilador-WINCHE-de-Faro.jpg","width":1,"height":1,"type":"image\/jpeg"}],"twitter_card":"summary_large_image","twitter_site":"@webmenaje","schema":{"@context":"https:\/\/schema.org","@graph":[{"@type":"WebPage","@id":"https:\/\/ledsolintel.com\/en\/product\/ventilador-winche-de-faro\/","url":"https:\/\/ledsolintel.com\/en\/product\/ventilador-winche-de-faro\/","name":"Ventilateur Winche par Faro Barcelona","isPartOf":{"@id":"https:\/\/ledsolintel.com\/#website"},"primaryImageOfPage":{"@id":"https:\/\/ledsolintel.com\/en\/product\/ventilador-winche-de-faro\/#primaryimage"},"image":{"@id":"https:\/\/ledsolintel.com\/en\/product\/ventilador-winche-de-faro\/#primaryimage"},"thumbnailUrl":"https:\/\/ledsolintel.com\/wp-content\/uploads\/2017\/05\/7398-Ventilador-WINCHE-de-Faro.jpg","datePublished":"2017-05-05T11:53:46+00:00","description":"Con\u00e7u par CONILLAS, le ventilateur Winche de Faro Barcelona pr\u00e9sente un aspect moderne avec des lignes d\u00e9finies et deux finitions diff\u00e9rentes.","breadcrumb":{"@id":"https:\/\/ledsolintel.com\/en\/product\/ventilador-winche-de-faro\/#breadcrumb"},"inLanguage":"fr-FR","potentialAction":[{"@type":"ReadAction","target":["https:\/\/ledsolintel.com\/en\/product\/ventilador-winche-de-faro\/"]}]},{"@type":"ImageObject","inLanguage":"fr-FR","@id":"https:\/\/ledsolintel.com\/en\/product\/ventilador-winche-de-faro\/#primaryimage","url":"https:\/\/ledsolintel.com\/wp-content\/uploads\/2017\/05\/7398-Ventilador-WINCHE-de-Faro.jpg","contentUrl":"https:\/\/ledsolintel.com\/wp-content\/uploads\/2017\/05\/7398-Ventilador-WINCHE-de-Faro.jpg","caption":"Ventilador WINCHE de Faro"},{"@type":"BreadcrumbList","@id":"https:\/\/ledsolintel.com\/en\/product\/ventilador-winche-de-faro\/#breadcrumb","itemListElement":[{"@type":"ListItem","position":1,"name":"Portada","item":"https:\/\/ledsolintel.com\/fr\/"},{"@type":"ListItem","position":2,"name":"Tienda","item":"https:\/\/ledsolintel.com\/tienda\/"},{"@type":"ListItem","position":3,"name":"Ventilador WINCHE de Faro Barcelona"}]},{"@type":"WebSite","@id":"https:\/\/ledsolintel.com\/#website","url":"https:\/\/ledsolintel.com\/","name":"Webmenaje","description":"Magasin d'ampoules et de lampes LED pour les professionnels","publisher":{"@id":"https:\/\/ledsolintel.com\/#organization"},"potentialAction":[{"@type":"SearchAction","target":{"@type":"EntryPoint","urlTemplate":"https:\/\/ledsolintel.com\/?s={search_term_string}"},"query-input":{"@type":"PropertyValueSpecification","valueRequired":true,"valueName":"search_term_string"}}],"inLanguage":"fr-FR"},{"@type":"Organization","@id":"https:\/\/ledsolintel.com\/#organization","name":"Solintel Noroeste, S.L.","url":"https:\/\/ledsolintel.com\/","logo":{"@type":"ImageObject","inLanguage":"fr-FR","@id":"https:\/\/ledsolintel.com\/#\/schema\/logo\/image\/","url":"https:\/\/ledsolintel.com\/wp-content\/uploads\/2024\/11\/webmenaje-logo-1508269066.jpg","contentUrl":"https:\/\/ledsolintel.com\/wp-content\/uploads\/2024\/11\/webmenaje-logo-1508269066.jpg","width":370,"height":90,"caption":"Solintel Noroeste, S.L."},"image":{"@id":"https:\/\/ledsolintel.com\/#\/schema\/logo\/image\/"},"sameAs":["http:\/\/www.facebook.com\/webmenaje","https:\/\/x.com\/webmenaje","https:\/\/www.youtube.com\/channel\/UCX2KoVoeCG4LocZjUc6LmSQ","http:\/\/www.pinterest.com\/webmenaje"]}]}},"_links":{"self":[{"href":"https:\/\/ledsolintel.com\/fr\/wp-json\/wp\/v2\/product\/241457","targetHints":{"allow":["GET"]}}],"collection":[{"href":"https:\/\/ledsolintel.com\/fr\/wp-json\/wp\/v2\/product"}],"about":[{"href":"https:\/\/ledsolintel.com\/fr\/wp-json\/wp\/v2\/types\/product"}],"version-history":[{"count":0,"href":"https:\/\/ledsolintel.com\/fr\/wp-json\/wp\/v2\/product\/241457\/revisions"}],"wp:featuredmedia":[{"embeddable":true,"href":"https:\/\/ledsolintel.com\/fr\/wp-json\/wp\/v2\/media\/241454"}],"wp:attachment":[{"href":"https:\/\/ledsolintel.com\/fr\/wp-json\/wp\/v2\/media?parent=241457"}],"wp:term":[{"taxonomy":"product_brand","embeddable":true,"href":"https:\/\/ledsolintel.com\/fr\/wp-json\/wp\/v2\/product_brand?post=241457"},{"taxonomy":"product_cat","embeddable":true,"href":"https:\/\/ledsolintel.com\/fr\/wp-json\/wp\/v2\/product_cat?post=241457"},{"taxonomy":"product_tag","embeddable":true,"href":"https:\/\/ledsolintel.com\/fr\/wp-json\/wp\/v2\/product_tag?post=241457"}],"curies":[{"name":"wp","href":"https:\/\/api.w.org\/{rel}","templated":true}]}}