{"id":241284,"date":"2017-03-18T21:12:27","date_gmt":"2017-03-18T20:12:27","guid":{"rendered":"https:\/\/nueva.ledsolintel.com\/product\/lampara-colgante-vesper-40-cm-de-faro\/"},"modified":"2017-03-18T21:12:27","modified_gmt":"2017-03-18T20:12:27","slug":"lampara-colgante-vesper-40-cm-de-faro","status":"publish","type":"product","link":"https:\/\/ledsolintel.com\/fr\/produit-2\/lampara-colgante-vesper-40-cm-de-faro\/","title":{"rendered":"Lampe suspendue VESPER par Faro Barcelona"},"content":{"rendered":"<h1>Lampe suspendue VESPER par Faro Barcelona<\/h1>\n<\/p>\n<h3>VESPER lampe suspendue 40 cm<\/h3>\n<ul>\n<li>En m\u00e9tal avec abat-jour en textile.<\/li>\n<li>Couleur : blanc<\/li>\n<li>Puissance : 3x20W<\/li>\n<li>Raccordement : E27<\/li>\n<li>Tension : 100-240V<\/li>\n<li>Dimensions (mm) : Longueur : 400, Largeur : 400, Hauteur : 280<\/li>\n<li>Poids : 4,10 kg<\/li>\n<\/ul>\n<p>\u00a0<\/p>\n<h3>VESPER lampe suspendue 60 cm<\/h3>\n<ul>\n<li>En m\u00e9tal avec abat-jour en textile.<\/li>\n<li>Couleur : blanc<\/li>\n<li>Puissance : 2x20W<\/li>\n<li>Raccordement : E27<\/li>\n<li>Tension : 100-240V<\/li>\n<li>Dimensions (mm) : Longueur : 400, Largeur : 200, Hauteur : 280<\/li>\n<li>Poids : 3,58 kg<\/li>\n<\/ul>\n<p>\u00a0<\/p>\n<h4>Remarque : les ampoules ne sont pas incluses. Toutes les ampoules \u00e0 connexion E27 jusqu'\u00e0 un maximum de 20W sont valables. Nous vous recommandons de vous tourner vers des fabricants tels que Roblan ou Beneito Faure, dont vous trouverez les produits sur ce site.<\/h4>","protected":false},"excerpt":{"rendered":"<p>Con\u00e7ue par Nahtrang, la s\u00e9rie Vesper de Faro joue sur la dualit\u00e9 plein-vide pour allier \u00e9clairage et esth\u00e9tique. La lampe suspendue Vesper fonctionne avec deux ou trois ampoules jusqu'\u00e0 20W, ce qui lui conf\u00e8re une \u00e9norme capacit\u00e9 lumineuse pour les grandes pi\u00e8ces.<\/p>\n<p>Disponible en deux tailles<\/p>","protected":false},"featured_media":241282,"template":"","meta":[],"product_brand":[99359],"product_cat":[99883],"product_tag":[],"class_list":{"0":"post-241284","1":"product","2":"type-product","3":"status-publish","4":"has-post-thumbnail","6":"product_brand-faro-barcelona","7":"product_cat-apliques-y-lamparas-de-techo","8":"pa_acabado-blanco","9":"pa_acabado-marron","10":"pa_tamano-40cm","11":"pa_tamano-60cm","14":"instock","15":"sale","16":"taxable","17":"shipping-taxable","18":"purchasable","19":"product-type-variable","20":"has-default-attributes"},"yoast_head":"<!-- This site is optimized with the Yoast SEO plugin v26.6 - https:\/\/yoast.com\/wordpress\/plugins\/seo\/ -->\n<title>L\u00e1mpara colgante VESPER 40 cm de Faro Barcelona<\/title>\n<meta name=\"description\" content=\"Con dise\u00f1o de Nahtrang, la serie Vesper de Faro Barcelona juega con la dualidad lleno-vac\u00edo para combinar la iluminaci\u00f3n con la est\u00e9tica. Tres bombillas de hasta 20W\" \/>\n<meta name=\"robots\" content=\"index, follow, max-snippet:-1, max-image-preview:large, max-video-preview:-1\" \/>\n<link rel=\"canonical\" href=\"https:\/\/ledsolintel.com\/fr\/produit-2\/lampara-colgante-vesper-40-cm-de-faro\/\" \/>\n<meta property=\"og:locale\" content=\"fr_FR\" \/>\n<meta property=\"og:type\" content=\"article\" \/>\n<meta property=\"og:title\" content=\"L\u00e1mpara colgante VESPER 40 cm de Faro Barcelona\" \/>\n<meta property=\"og:description\" content=\"Con dise\u00f1o de Nahtrang, la serie Vesper de Faro Barcelona juega con la dualidad lleno-vac\u00edo para combinar la iluminaci\u00f3n con la est\u00e9tica. Tres bombillas de hasta 20W\" \/>\n<meta property=\"og:url\" content=\"https:\/\/ledsolintel.com\/fr\/produit-2\/lampara-colgante-vesper-40-cm-de-faro\/\" \/>\n<meta property=\"og:site_name\" content=\"Ledsolintel\" \/>\n<meta property=\"article:publisher\" content=\"http:\/\/www.facebook.com\/webmenaje\" \/>\n<meta property=\"og:image\" content=\"https:\/\/ledsolintel.com\/wp-content\/uploads\/2017\/03\/7164-Lampara-colgante-VESPER-40-cm-de-Faro.jpg\" \/>\n\t<meta property=\"og:image:width\" content=\"1\" \/>\n\t<meta property=\"og:image:height\" content=\"1\" \/>\n\t<meta property=\"og:image:type\" content=\"image\/jpeg\" \/>\n<meta name=\"twitter:card\" content=\"summary_large_image\" \/>\n<meta name=\"twitter:site\" content=\"@webmenaje\" \/>\n<meta name=\"twitter:label1\" content=\"Dur\u00e9e de lecture estim\u00e9e\" \/>\n\t<meta name=\"twitter:data1\" content=\"1 minute\" \/>\n<script type=\"application\/ld+json\" class=\"yoast-schema-graph\">{\"@context\":\"https:\/\/schema.org\",\"@graph\":[{\"@type\":\"WebPage\",\"@id\":\"https:\/\/ledsolintel.com\/fr\/product\/lampara-colgante-vesper-40-cm-de-faro\/\",\"url\":\"https:\/\/ledsolintel.com\/fr\/product\/lampara-colgante-vesper-40-cm-de-faro\/\",\"name\":\"L\u00e1mpara colgante VESPER 40 cm de Faro Barcelona\",\"isPartOf\":{\"@id\":\"https:\/\/ledsolintel.com\/#website\"},\"primaryImageOfPage\":{\"@id\":\"https:\/\/ledsolintel.com\/fr\/product\/lampara-colgante-vesper-40-cm-de-faro\/#primaryimage\"},\"image\":{\"@id\":\"https:\/\/ledsolintel.com\/fr\/product\/lampara-colgante-vesper-40-cm-de-faro\/#primaryimage\"},\"thumbnailUrl\":\"https:\/\/ledsolintel.com\/wp-content\/uploads\/2017\/03\/7164-Lampara-colgante-VESPER-40-cm-de-Faro.jpg\",\"datePublished\":\"2017-03-18T20:12:27+00:00\",\"description\":\"Con dise\u00f1o de Nahtrang, la serie Vesper de Faro Barcelona juega con la dualidad lleno-vac\u00edo para combinar la iluminaci\u00f3n con la est\u00e9tica. Tres bombillas de hasta 20W\",\"breadcrumb\":{\"@id\":\"https:\/\/ledsolintel.com\/fr\/product\/lampara-colgante-vesper-40-cm-de-faro\/#breadcrumb\"},\"inLanguage\":\"fr-FR\",\"potentialAction\":[{\"@type\":\"ReadAction\",\"target\":[\"https:\/\/ledsolintel.com\/fr\/product\/lampara-colgante-vesper-40-cm-de-faro\/\"]}]},{\"@type\":\"ImageObject\",\"inLanguage\":\"fr-FR\",\"@id\":\"https:\/\/ledsolintel.com\/fr\/product\/lampara-colgante-vesper-40-cm-de-faro\/#primaryimage\",\"url\":\"https:\/\/ledsolintel.com\/wp-content\/uploads\/2017\/03\/7164-Lampara-colgante-VESPER-40-cm-de-Faro.jpg\",\"contentUrl\":\"https:\/\/ledsolintel.com\/wp-content\/uploads\/2017\/03\/7164-Lampara-colgante-VESPER-40-cm-de-Faro.jpg\",\"caption\":\"L\u00e1mpara colgante VESPER 40 cm de Faro\"},{\"@type\":\"BreadcrumbList\",\"@id\":\"https:\/\/ledsolintel.com\/fr\/product\/lampara-colgante-vesper-40-cm-de-faro\/#breadcrumb\",\"itemListElement\":[{\"@type\":\"ListItem\",\"position\":1,\"name\":\"Portada\",\"item\":\"https:\/\/ledsolintel.com\/fr\/\"},{\"@type\":\"ListItem\",\"position\":2,\"name\":\"Tienda\",\"item\":\"https:\/\/ledsolintel.com\/tienda\/\"},{\"@type\":\"ListItem\",\"position\":3,\"name\":\"L\u00e1mpara colgante VESPER de Faro Barcelona\"}]},{\"@type\":\"WebSite\",\"@id\":\"https:\/\/ledsolintel.com\/#website\",\"url\":\"https:\/\/ledsolintel.com\/\",\"name\":\"Webmenaje\",\"description\":\"Tienda de bombillas y l\u00e1mparas LED para profesionales\",\"publisher\":{\"@id\":\"https:\/\/ledsolintel.com\/#organization\"},\"potentialAction\":[{\"@type\":\"SearchAction\",\"target\":{\"@type\":\"EntryPoint\",\"urlTemplate\":\"https:\/\/ledsolintel.com\/?s={search_term_string}\"},\"query-input\":{\"@type\":\"PropertyValueSpecification\",\"valueRequired\":true,\"valueName\":\"search_term_string\"}}],\"inLanguage\":\"fr-FR\"},{\"@type\":\"Organization\",\"@id\":\"https:\/\/ledsolintel.com\/#organization\",\"name\":\"Solintel Noroeste, S.L.\",\"url\":\"https:\/\/ledsolintel.com\/\",\"logo\":{\"@type\":\"ImageObject\",\"inLanguage\":\"fr-FR\",\"@id\":\"https:\/\/ledsolintel.com\/#\/schema\/logo\/image\/\",\"url\":\"https:\/\/ledsolintel.com\/wp-content\/uploads\/2024\/11\/webmenaje-logo-1508269066.jpg\",\"contentUrl\":\"https:\/\/ledsolintel.com\/wp-content\/uploads\/2024\/11\/webmenaje-logo-1508269066.jpg\",\"width\":370,\"height\":90,\"caption\":\"Solintel Noroeste, S.L.\"},\"image\":{\"@id\":\"https:\/\/ledsolintel.com\/#\/schema\/logo\/image\/\"},\"sameAs\":[\"http:\/\/www.facebook.com\/webmenaje\",\"https:\/\/x.com\/webmenaje\",\"https:\/\/www.youtube.com\/channel\/UCX2KoVoeCG4LocZjUc6LmSQ\",\"http:\/\/www.pinterest.com\/webmenaje\"]}]}<\/script>\n<!-- \/ Yoast SEO plugin. -->","yoast_head_json":{"title":"L\u00e1mpara colgante VESPER 40 cm de Faro Barcelona","description":"Con dise\u00f1o de Nahtrang, la serie Vesper de Faro Barcelona juega con la dualidad lleno-vac\u00edo para combinar la iluminaci\u00f3n con la est\u00e9tica. Tres bombillas de hasta 20W","robots":{"index":"index","follow":"follow","max-snippet":"max-snippet:-1","max-image-preview":"max-image-preview:large","max-video-preview":"max-video-preview:-1"},"canonical":"https:\/\/ledsolintel.com\/fr\/produit-2\/lampara-colgante-vesper-40-cm-de-faro\/","og_locale":"fr_FR","og_type":"article","og_title":"L\u00e1mpara colgante VESPER 40 cm de Faro Barcelona","og_description":"Con dise\u00f1o de Nahtrang, la serie Vesper de Faro Barcelona juega con la dualidad lleno-vac\u00edo para combinar la iluminaci\u00f3n con la est\u00e9tica. Tres bombillas de hasta 20W","og_url":"https:\/\/ledsolintel.com\/fr\/produit-2\/lampara-colgante-vesper-40-cm-de-faro\/","og_site_name":"Ledsolintel","article_publisher":"http:\/\/www.facebook.com\/webmenaje","og_image":[{"url":"https:\/\/ledsolintel.com\/wp-content\/uploads\/2017\/03\/7164-Lampara-colgante-VESPER-40-cm-de-Faro.jpg","width":1,"height":1,"type":"image\/jpeg"}],"twitter_card":"summary_large_image","twitter_site":"@webmenaje","twitter_misc":{"Dur\u00e9e de lecture estim\u00e9e":"1 minute"},"schema":{"@context":"https:\/\/schema.org","@graph":[{"@type":"WebPage","@id":"https:\/\/ledsolintel.com\/fr\/product\/lampara-colgante-vesper-40-cm-de-faro\/","url":"https:\/\/ledsolintel.com\/fr\/product\/lampara-colgante-vesper-40-cm-de-faro\/","name":"L\u00e1mpara colgante VESPER 40 cm de Faro Barcelona","isPartOf":{"@id":"https:\/\/ledsolintel.com\/#website"},"primaryImageOfPage":{"@id":"https:\/\/ledsolintel.com\/fr\/product\/lampara-colgante-vesper-40-cm-de-faro\/#primaryimage"},"image":{"@id":"https:\/\/ledsolintel.com\/fr\/product\/lampara-colgante-vesper-40-cm-de-faro\/#primaryimage"},"thumbnailUrl":"https:\/\/ledsolintel.com\/wp-content\/uploads\/2017\/03\/7164-Lampara-colgante-VESPER-40-cm-de-Faro.jpg","datePublished":"2017-03-18T20:12:27+00:00","description":"Con dise\u00f1o de Nahtrang, la serie Vesper de Faro Barcelona juega con la dualidad lleno-vac\u00edo para combinar la iluminaci\u00f3n con la est\u00e9tica. Tres bombillas de hasta 20W","breadcrumb":{"@id":"https:\/\/ledsolintel.com\/fr\/product\/lampara-colgante-vesper-40-cm-de-faro\/#breadcrumb"},"inLanguage":"fr-FR","potentialAction":[{"@type":"ReadAction","target":["https:\/\/ledsolintel.com\/fr\/product\/lampara-colgante-vesper-40-cm-de-faro\/"]}]},{"@type":"ImageObject","inLanguage":"fr-FR","@id":"https:\/\/ledsolintel.com\/fr\/product\/lampara-colgante-vesper-40-cm-de-faro\/#primaryimage","url":"https:\/\/ledsolintel.com\/wp-content\/uploads\/2017\/03\/7164-Lampara-colgante-VESPER-40-cm-de-Faro.jpg","contentUrl":"https:\/\/ledsolintel.com\/wp-content\/uploads\/2017\/03\/7164-Lampara-colgante-VESPER-40-cm-de-Faro.jpg","caption":"L\u00e1mpara colgante VESPER 40 cm de Faro"},{"@type":"BreadcrumbList","@id":"https:\/\/ledsolintel.com\/fr\/product\/lampara-colgante-vesper-40-cm-de-faro\/#breadcrumb","itemListElement":[{"@type":"ListItem","position":1,"name":"Portada","item":"https:\/\/ledsolintel.com\/fr\/"},{"@type":"ListItem","position":2,"name":"Tienda","item":"https:\/\/ledsolintel.com\/tienda\/"},{"@type":"ListItem","position":3,"name":"L\u00e1mpara colgante VESPER de Faro Barcelona"}]},{"@type":"WebSite","@id":"https:\/\/ledsolintel.com\/#website","url":"https:\/\/ledsolintel.com\/","name":"Webmenaje","description":"Magasin d'ampoules et de lampes LED pour les professionnels","publisher":{"@id":"https:\/\/ledsolintel.com\/#organization"},"potentialAction":[{"@type":"SearchAction","target":{"@type":"EntryPoint","urlTemplate":"https:\/\/ledsolintel.com\/?s={search_term_string}"},"query-input":{"@type":"PropertyValueSpecification","valueRequired":true,"valueName":"search_term_string"}}],"inLanguage":"fr-FR"},{"@type":"Organization","@id":"https:\/\/ledsolintel.com\/#organization","name":"Solintel Noroeste, S.L.","url":"https:\/\/ledsolintel.com\/","logo":{"@type":"ImageObject","inLanguage":"fr-FR","@id":"https:\/\/ledsolintel.com\/#\/schema\/logo\/image\/","url":"https:\/\/ledsolintel.com\/wp-content\/uploads\/2024\/11\/webmenaje-logo-1508269066.jpg","contentUrl":"https:\/\/ledsolintel.com\/wp-content\/uploads\/2024\/11\/webmenaje-logo-1508269066.jpg","width":370,"height":90,"caption":"Solintel Noroeste, S.L."},"image":{"@id":"https:\/\/ledsolintel.com\/#\/schema\/logo\/image\/"},"sameAs":["http:\/\/www.facebook.com\/webmenaje","https:\/\/x.com\/webmenaje","https:\/\/www.youtube.com\/channel\/UCX2KoVoeCG4LocZjUc6LmSQ","http:\/\/www.pinterest.com\/webmenaje"]}]}},"_links":{"self":[{"href":"https:\/\/ledsolintel.com\/fr\/wp-json\/wp\/v2\/product\/241284","targetHints":{"allow":["GET"]}}],"collection":[{"href":"https:\/\/ledsolintel.com\/fr\/wp-json\/wp\/v2\/product"}],"about":[{"href":"https:\/\/ledsolintel.com\/fr\/wp-json\/wp\/v2\/types\/product"}],"version-history":[{"count":0,"href":"https:\/\/ledsolintel.com\/fr\/wp-json\/wp\/v2\/product\/241284\/revisions"}],"wp:featuredmedia":[{"embeddable":true,"href":"https:\/\/ledsolintel.com\/fr\/wp-json\/wp\/v2\/media\/241282"}],"wp:attachment":[{"href":"https:\/\/ledsolintel.com\/fr\/wp-json\/wp\/v2\/media?parent=241284"}],"wp:term":[{"taxonomy":"product_brand","embeddable":true,"href":"https:\/\/ledsolintel.com\/fr\/wp-json\/wp\/v2\/product_brand?post=241284"},{"taxonomy":"product_cat","embeddable":true,"href":"https:\/\/ledsolintel.com\/fr\/wp-json\/wp\/v2\/product_cat?post=241284"},{"taxonomy":"product_tag","embeddable":true,"href":"https:\/\/ledsolintel.com\/fr\/wp-json\/wp\/v2\/product_tag?post=241284"}],"curies":[{"name":"wp","href":"https:\/\/api.w.org\/{rel}","templated":true}]}}