{"id":241254,"date":"2017-03-18T21:12:27","date_gmt":"2017-03-18T20:12:27","guid":{"rendered":"https:\/\/nueva.ledsolintel.com\/product\/lampara-de-sobremesa-volta-de-faro\/"},"modified":"2017-03-18T21:12:27","modified_gmt":"2017-03-18T20:12:27","slug":"lampara-de-sobremesa-volta-de-faro","status":"publish","type":"product","link":"https:\/\/ledsolintel.com\/fr\/produit-2\/lampara-de-sobremesa-volta-de-faro\/","title":{"rendered":"Lampe de table VOLTA par Faro Barcelona"},"content":{"rendered":"<h3>Caract\u00e9ristiques :<\/h3>\n<ul>\n<li>En m\u00e9tal avec abat-jour en textile.<\/li>\n<li>Couleur :\n<ul>\n<li>Blanc<\/li>\n<li>Noir<\/li>\n<\/ul>\n<\/li>\n<li>Puissance : 20W<\/li>\n<li>Raccordement : E27<\/li>\n<li>Tension : 100-240V<\/li>\n<li>Dimensions (mm) :\n<ul>\n<li>Longueur : 310<\/li>\n<li>Largeur : 310<\/li>\n<li>Hauteur : 450<\/li>\n<\/ul>\n<\/li>\n<li>Poids : 1,80 kg<\/li>\n<\/ul>\n<h4>Remarque : les ampoules ne sont pas incluses. Toutes les ampoules \u00e0 connexion E27 jusqu'\u00e0 un maximum de 20W sont valables. Nous vous recommandons de vous tourner vers des fabricants tels que Roblan ou Beneito Faure, dont vous trouverez les produits sur ce site.<\/h4>","protected":false},"excerpt":{"rendered":"<p>La s\u00e9rie Volta de Faro, con\u00e7ue par l'Estudio Ribaud\u00ed, pr\u00e9sente un aspect \u00e9l\u00e9gant et intemporel, avec des d\u00e9tails soigneusement \u00e9tudi\u00e9s. Avec un abat-jour blanc ou noir, la lampe de table Volta est id\u00e9ale pour les zones d'\u00e9tude, les bureaux et les coins lecture.<\/p>","protected":false},"featured_media":241252,"template":"","meta":[],"product_brand":[99359],"product_cat":[99649],"product_tag":[],"class_list":{"0":"post-241254","1":"product","2":"type-product","3":"status-publish","4":"has-post-thumbnail","6":"product_brand-faro-barcelona","7":"product_cat-lamparas-de-mesa-y-flexos","8":"pa_acabado-blanco","9":"pa_acabado-negro","12":"instock","13":"sale","14":"taxable","15":"shipping-taxable","16":"purchasable","17":"product-type-variable","18":"has-default-attributes"},"yoast_head":"<!-- This site is optimized with the Yoast SEO plugin v26.6 - https:\/\/yoast.com\/wordpress\/plugins\/seo\/ -->\n<title>L\u00e1mpara de sobremesa VOLTA de Faro Barcelona<\/title>\n<meta name=\"description\" content=\"La serie Volta de Faro Barcelona, dise\u00f1ada por el Estudio Ribaud\u00ed, presenta un aspecto elegante y atemporal, con detalles muy cuidados. L\u00e1mpara para despachos y estudios.\" \/>\n<meta name=\"robots\" content=\"index, follow, max-snippet:-1, max-image-preview:large, max-video-preview:-1\" \/>\n<link rel=\"canonical\" href=\"https:\/\/ledsolintel.com\/fr\/produit-2\/lampara-de-sobremesa-volta-de-faro\/\" \/>\n<meta property=\"og:locale\" content=\"fr_FR\" \/>\n<meta property=\"og:type\" content=\"article\" \/>\n<meta property=\"og:title\" content=\"L\u00e1mpara de sobremesa VOLTA de Faro Barcelona\" \/>\n<meta property=\"og:description\" content=\"La serie Volta de Faro Barcelona, dise\u00f1ada por el Estudio Ribaud\u00ed, presenta un aspecto elegante y atemporal, con detalles muy cuidados. L\u00e1mpara para despachos y estudios.\" \/>\n<meta property=\"og:url\" content=\"https:\/\/ledsolintel.com\/fr\/produit-2\/lampara-de-sobremesa-volta-de-faro\/\" \/>\n<meta property=\"og:site_name\" content=\"Ledsolintel\" \/>\n<meta property=\"article:publisher\" content=\"http:\/\/www.facebook.com\/webmenaje\" \/>\n<meta property=\"og:image\" content=\"https:\/\/ledsolintel.com\/wp-content\/uploads\/2017\/03\/7152-Lampara-de-sobremesa-VOLTA-de-Faro.jpg\" \/>\n\t<meta property=\"og:image:width\" content=\"1\" \/>\n\t<meta property=\"og:image:height\" content=\"1\" \/>\n\t<meta property=\"og:image:type\" content=\"image\/jpeg\" \/>\n<meta name=\"twitter:card\" content=\"summary_large_image\" \/>\n<meta name=\"twitter:site\" content=\"@webmenaje\" \/>\n<script type=\"application\/ld+json\" class=\"yoast-schema-graph\">{\"@context\":\"https:\/\/schema.org\",\"@graph\":[{\"@type\":\"WebPage\",\"@id\":\"https:\/\/ledsolintel.com\/product\/lampara-de-sobremesa-volta-de-faro\/\",\"url\":\"https:\/\/ledsolintel.com\/product\/lampara-de-sobremesa-volta-de-faro\/\",\"name\":\"L\u00e1mpara de sobremesa VOLTA de Faro Barcelona\",\"isPartOf\":{\"@id\":\"https:\/\/ledsolintel.com\/#website\"},\"primaryImageOfPage\":{\"@id\":\"https:\/\/ledsolintel.com\/product\/lampara-de-sobremesa-volta-de-faro\/#primaryimage\"},\"image\":{\"@id\":\"https:\/\/ledsolintel.com\/product\/lampara-de-sobremesa-volta-de-faro\/#primaryimage\"},\"thumbnailUrl\":\"https:\/\/ledsolintel.com\/wp-content\/uploads\/2017\/03\/7152-Lampara-de-sobremesa-VOLTA-de-Faro.jpg\",\"datePublished\":\"2017-03-18T20:12:27+00:00\",\"description\":\"La serie Volta de Faro Barcelona, dise\u00f1ada por el Estudio Ribaud\u00ed, presenta un aspecto elegante y atemporal, con detalles muy cuidados. L\u00e1mpara para despachos y estudios.\",\"breadcrumb\":{\"@id\":\"https:\/\/ledsolintel.com\/product\/lampara-de-sobremesa-volta-de-faro\/#breadcrumb\"},\"inLanguage\":\"fr-FR\",\"potentialAction\":[{\"@type\":\"ReadAction\",\"target\":[\"https:\/\/ledsolintel.com\/product\/lampara-de-sobremesa-volta-de-faro\/\"]}]},{\"@type\":\"ImageObject\",\"inLanguage\":\"fr-FR\",\"@id\":\"https:\/\/ledsolintel.com\/product\/lampara-de-sobremesa-volta-de-faro\/#primaryimage\",\"url\":\"https:\/\/ledsolintel.com\/wp-content\/uploads\/2017\/03\/7152-Lampara-de-sobremesa-VOLTA-de-Faro.jpg\",\"contentUrl\":\"https:\/\/ledsolintel.com\/wp-content\/uploads\/2017\/03\/7152-Lampara-de-sobremesa-VOLTA-de-Faro.jpg\",\"caption\":\"L\u00e1mpara de sobremesa VOLTA de Faro\"},{\"@type\":\"BreadcrumbList\",\"@id\":\"https:\/\/ledsolintel.com\/product\/lampara-de-sobremesa-volta-de-faro\/#breadcrumb\",\"itemListElement\":[{\"@type\":\"ListItem\",\"position\":1,\"name\":\"Portada\",\"item\":\"https:\/\/ledsolintel.com\/fr\/\"},{\"@type\":\"ListItem\",\"position\":2,\"name\":\"Tienda\",\"item\":\"https:\/\/ledsolintel.com\/tienda\/\"},{\"@type\":\"ListItem\",\"position\":3,\"name\":\"L\u00e1mpara de sobremesa VOLTA de Faro Barcelona\"}]},{\"@type\":\"WebSite\",\"@id\":\"https:\/\/ledsolintel.com\/#website\",\"url\":\"https:\/\/ledsolintel.com\/\",\"name\":\"Webmenaje\",\"description\":\"Tienda de bombillas y l\u00e1mparas LED para profesionales\",\"publisher\":{\"@id\":\"https:\/\/ledsolintel.com\/#organization\"},\"potentialAction\":[{\"@type\":\"SearchAction\",\"target\":{\"@type\":\"EntryPoint\",\"urlTemplate\":\"https:\/\/ledsolintel.com\/?s={search_term_string}\"},\"query-input\":{\"@type\":\"PropertyValueSpecification\",\"valueRequired\":true,\"valueName\":\"search_term_string\"}}],\"inLanguage\":\"fr-FR\"},{\"@type\":\"Organization\",\"@id\":\"https:\/\/ledsolintel.com\/#organization\",\"name\":\"Solintel Noroeste, S.L.\",\"url\":\"https:\/\/ledsolintel.com\/\",\"logo\":{\"@type\":\"ImageObject\",\"inLanguage\":\"fr-FR\",\"@id\":\"https:\/\/ledsolintel.com\/#\/schema\/logo\/image\/\",\"url\":\"https:\/\/ledsolintel.com\/wp-content\/uploads\/2024\/11\/webmenaje-logo-1508269066.jpg\",\"contentUrl\":\"https:\/\/ledsolintel.com\/wp-content\/uploads\/2024\/11\/webmenaje-logo-1508269066.jpg\",\"width\":370,\"height\":90,\"caption\":\"Solintel Noroeste, S.L.\"},\"image\":{\"@id\":\"https:\/\/ledsolintel.com\/#\/schema\/logo\/image\/\"},\"sameAs\":[\"http:\/\/www.facebook.com\/webmenaje\",\"https:\/\/x.com\/webmenaje\",\"https:\/\/www.youtube.com\/channel\/UCX2KoVoeCG4LocZjUc6LmSQ\",\"http:\/\/www.pinterest.com\/webmenaje\"]}]}<\/script>\n<!-- \/ Yoast SEO plugin. -->","yoast_head_json":{"title":"Lampe de table VOLTA par Faro Barcelona","description":"La serie Volta de Faro Barcelona, dise\u00f1ada por el Estudio Ribaud\u00ed, presenta un aspecto elegante y atemporal, con detalles muy cuidados. L\u00e1mpara para despachos y estudios.","robots":{"index":"index","follow":"follow","max-snippet":"max-snippet:-1","max-image-preview":"max-image-preview:large","max-video-preview":"max-video-preview:-1"},"canonical":"https:\/\/ledsolintel.com\/fr\/produit-2\/lampara-de-sobremesa-volta-de-faro\/","og_locale":"fr_FR","og_type":"article","og_title":"L\u00e1mpara de sobremesa VOLTA de Faro Barcelona","og_description":"La serie Volta de Faro Barcelona, dise\u00f1ada por el Estudio Ribaud\u00ed, presenta un aspecto elegante y atemporal, con detalles muy cuidados. L\u00e1mpara para despachos y estudios.","og_url":"https:\/\/ledsolintel.com\/fr\/produit-2\/lampara-de-sobremesa-volta-de-faro\/","og_site_name":"Ledsolintel","article_publisher":"http:\/\/www.facebook.com\/webmenaje","og_image":[{"url":"https:\/\/ledsolintel.com\/wp-content\/uploads\/2017\/03\/7152-Lampara-de-sobremesa-VOLTA-de-Faro.jpg","width":1,"height":1,"type":"image\/jpeg"}],"twitter_card":"summary_large_image","twitter_site":"@webmenaje","schema":{"@context":"https:\/\/schema.org","@graph":[{"@type":"WebPage","@id":"https:\/\/ledsolintel.com\/product\/lampara-de-sobremesa-volta-de-faro\/","url":"https:\/\/ledsolintel.com\/product\/lampara-de-sobremesa-volta-de-faro\/","name":"Lampe de table VOLTA par Faro Barcelona","isPartOf":{"@id":"https:\/\/ledsolintel.com\/#website"},"primaryImageOfPage":{"@id":"https:\/\/ledsolintel.com\/product\/lampara-de-sobremesa-volta-de-faro\/#primaryimage"},"image":{"@id":"https:\/\/ledsolintel.com\/product\/lampara-de-sobremesa-volta-de-faro\/#primaryimage"},"thumbnailUrl":"https:\/\/ledsolintel.com\/wp-content\/uploads\/2017\/03\/7152-Lampara-de-sobremesa-VOLTA-de-Faro.jpg","datePublished":"2017-03-18T20:12:27+00:00","description":"La serie Volta de Faro Barcelona, dise\u00f1ada por el Estudio Ribaud\u00ed, presenta un aspecto elegante y atemporal, con detalles muy cuidados. L\u00e1mpara para despachos y estudios.","breadcrumb":{"@id":"https:\/\/ledsolintel.com\/product\/lampara-de-sobremesa-volta-de-faro\/#breadcrumb"},"inLanguage":"fr-FR","potentialAction":[{"@type":"ReadAction","target":["https:\/\/ledsolintel.com\/product\/lampara-de-sobremesa-volta-de-faro\/"]}]},{"@type":"ImageObject","inLanguage":"fr-FR","@id":"https:\/\/ledsolintel.com\/product\/lampara-de-sobremesa-volta-de-faro\/#primaryimage","url":"https:\/\/ledsolintel.com\/wp-content\/uploads\/2017\/03\/7152-Lampara-de-sobremesa-VOLTA-de-Faro.jpg","contentUrl":"https:\/\/ledsolintel.com\/wp-content\/uploads\/2017\/03\/7152-Lampara-de-sobremesa-VOLTA-de-Faro.jpg","caption":"L\u00e1mpara de sobremesa VOLTA de Faro"},{"@type":"BreadcrumbList","@id":"https:\/\/ledsolintel.com\/product\/lampara-de-sobremesa-volta-de-faro\/#breadcrumb","itemListElement":[{"@type":"ListItem","position":1,"name":"Portada","item":"https:\/\/ledsolintel.com\/fr\/"},{"@type":"ListItem","position":2,"name":"Tienda","item":"https:\/\/ledsolintel.com\/tienda\/"},{"@type":"ListItem","position":3,"name":"L\u00e1mpara de sobremesa VOLTA de Faro Barcelona"}]},{"@type":"WebSite","@id":"https:\/\/ledsolintel.com\/#website","url":"https:\/\/ledsolintel.com\/","name":"Webmenaje","description":"Magasin d'ampoules et de lampes LED pour les professionnels","publisher":{"@id":"https:\/\/ledsolintel.com\/#organization"},"potentialAction":[{"@type":"SearchAction","target":{"@type":"EntryPoint","urlTemplate":"https:\/\/ledsolintel.com\/?s={search_term_string}"},"query-input":{"@type":"PropertyValueSpecification","valueRequired":true,"valueName":"search_term_string"}}],"inLanguage":"fr-FR"},{"@type":"Organization","@id":"https:\/\/ledsolintel.com\/#organization","name":"Solintel Noroeste, S.L.","url":"https:\/\/ledsolintel.com\/","logo":{"@type":"ImageObject","inLanguage":"fr-FR","@id":"https:\/\/ledsolintel.com\/#\/schema\/logo\/image\/","url":"https:\/\/ledsolintel.com\/wp-content\/uploads\/2024\/11\/webmenaje-logo-1508269066.jpg","contentUrl":"https:\/\/ledsolintel.com\/wp-content\/uploads\/2024\/11\/webmenaje-logo-1508269066.jpg","width":370,"height":90,"caption":"Solintel Noroeste, S.L."},"image":{"@id":"https:\/\/ledsolintel.com\/#\/schema\/logo\/image\/"},"sameAs":["http:\/\/www.facebook.com\/webmenaje","https:\/\/x.com\/webmenaje","https:\/\/www.youtube.com\/channel\/UCX2KoVoeCG4LocZjUc6LmSQ","http:\/\/www.pinterest.com\/webmenaje"]}]}},"_links":{"self":[{"href":"https:\/\/ledsolintel.com\/fr\/wp-json\/wp\/v2\/product\/241254","targetHints":{"allow":["GET"]}}],"collection":[{"href":"https:\/\/ledsolintel.com\/fr\/wp-json\/wp\/v2\/product"}],"about":[{"href":"https:\/\/ledsolintel.com\/fr\/wp-json\/wp\/v2\/types\/product"}],"version-history":[{"count":0,"href":"https:\/\/ledsolintel.com\/fr\/wp-json\/wp\/v2\/product\/241254\/revisions"}],"wp:featuredmedia":[{"embeddable":true,"href":"https:\/\/ledsolintel.com\/fr\/wp-json\/wp\/v2\/media\/241252"}],"wp:attachment":[{"href":"https:\/\/ledsolintel.com\/fr\/wp-json\/wp\/v2\/media?parent=241254"}],"wp:term":[{"taxonomy":"product_brand","embeddable":true,"href":"https:\/\/ledsolintel.com\/fr\/wp-json\/wp\/v2\/product_brand?post=241254"},{"taxonomy":"product_cat","embeddable":true,"href":"https:\/\/ledsolintel.com\/fr\/wp-json\/wp\/v2\/product_cat?post=241254"},{"taxonomy":"product_tag","embeddable":true,"href":"https:\/\/ledsolintel.com\/fr\/wp-json\/wp\/v2\/product_tag?post=241254"}],"curies":[{"name":"wp","href":"https:\/\/api.w.org\/{rel}","templated":true}]}}