{"id":241239,"date":"2017-03-18T21:12:27","date_gmt":"2017-03-18T20:12:27","guid":{"rendered":"https:\/\/nueva.ledsolintel.com\/product\/lampara-colgante-fusta-de-faro\/"},"modified":"2017-03-18T21:12:27","modified_gmt":"2017-03-18T20:12:27","slug":"lampara-colgante-fusta-de-faro","status":"publish","type":"product","link":"https:\/\/ledsolintel.com\/fr\/produit-2\/lampara-colgante-fusta-de-faro\/","title":{"rendered":"Lampe suspendue FUSTA par Faro Barcelona"},"content":{"rendered":"<h3>Caract\u00e9ristiques :<\/h3>\n<ul>\n<li>En acier avec abat-jour en textile.<\/li>\n<li>Couleur :<\/li>\n<ul>\n<li>Blanc<\/li>\n<li>Noir<\/li>\n<\/ul>\n<li>Puissance : 20W<\/li>\n<li>Raccordement : E27<\/li>\n<li>Tension : 100-240V<\/li>\n<li>Dimensions (mm)<br \/> \n<ul>\n<li>Longueur : 445<\/li>\n<li>Largeur : 445<\/li>\n<li>Hauteur : 1300<\/li>\n<li>Diam\u00e8tre : 445<\/li>\n<\/ul>\n<\/li>\n<li>Poids : 3,2 kg<\/li>\n<\/ul>\n<h4>Remarque : les ampoules ne sont pas incluses. Toutes les ampoules \u00e0 connexion E27 jusqu'\u00e0 un maximum de 20W sont valables. Nous vous recommandons de vous tourner vers des fabricants tels que Roblan ou Beneito Faure, dont vous trouverez les produits sur ce site.<\/h4>","protected":false},"excerpt":{"rendered":"<p>Con\u00e7ue par \u00c1lex et Manel Llusc\u00e0, la s\u00e9rie Fusta de Faro contraste les finitions blanches les plus simples avec des d\u00e9tails en bois. La lampe suspendue Fusta est id\u00e9ale pour les salons et les lieux \u00e0 hauts plafonds.<\/p>","protected":false},"featured_media":241236,"template":"","meta":[],"product_brand":[99359],"product_cat":[99883],"product_tag":[],"class_list":{"0":"post-241239","1":"product","2":"type-product","3":"status-publish","4":"has-post-thumbnail","6":"product_brand-faro-barcelona","7":"product_cat-apliques-y-lamparas-de-techo","8":"pa_acabado-blanco","9":"pa_acabado-negro","12":"instock","13":"sale","14":"taxable","15":"shipping-taxable","16":"purchasable","17":"product-type-variable","18":"has-default-attributes"},"yoast_head":"<!-- This site is optimized with the Yoast SEO plugin v26.6 - https:\/\/yoast.com\/wordpress\/plugins\/seo\/ -->\n<title>L\u00e1mpara colgante FUSTA de Faro Barcelona<\/title>\n<meta name=\"description\" content=\"Dise\u00f1ada por \u00c1lex y Manel Llusc\u00e0, la serie Fusta de Faro Barcelona contrasta los acabados blancos m\u00e1s sencillos con detalles de madera.\" \/>\n<meta name=\"robots\" content=\"index, follow, max-snippet:-1, max-image-preview:large, max-video-preview:-1\" \/>\n<link rel=\"canonical\" href=\"https:\/\/ledsolintel.com\/fr\/produit\/lampara-colgante-fusta-de-faro\/\" \/>\n<meta property=\"og:locale\" content=\"fr_FR\" \/>\n<meta property=\"og:type\" content=\"article\" \/>\n<meta property=\"og:title\" content=\"L\u00e1mpara colgante FUSTA de Faro Barcelona\" \/>\n<meta property=\"og:description\" content=\"Dise\u00f1ada por \u00c1lex y Manel Llusc\u00e0, la serie Fusta de Faro Barcelona contrasta los acabados blancos m\u00e1s sencillos con detalles de madera.\" \/>\n<meta property=\"og:url\" content=\"https:\/\/ledsolintel.com\/fr\/produit\/lampara-colgante-fusta-de-faro\/\" \/>\n<meta property=\"og:site_name\" content=\"Ledsolintel\" \/>\n<meta property=\"article:publisher\" content=\"http:\/\/www.facebook.com\/webmenaje\" \/>\n<meta property=\"og:image\" content=\"https:\/\/ledsolintel.com\/wp-content\/uploads\/2017\/03\/8489-Lampara-colgante-FUSTA-de-Faro-Barcelona.jpg\" \/>\n\t<meta property=\"og:image:width\" content=\"1\" \/>\n\t<meta property=\"og:image:height\" content=\"1\" \/>\n\t<meta property=\"og:image:type\" content=\"image\/jpeg\" \/>\n<meta name=\"twitter:card\" content=\"summary_large_image\" \/>\n<meta name=\"twitter:site\" content=\"@webmenaje\" \/>\n<script type=\"application\/ld+json\" class=\"yoast-schema-graph\">{\"@context\":\"https:\/\/schema.org\",\"@graph\":[{\"@type\":\"WebPage\",\"@id\":\"https:\/\/ledsolintel.com\/en\/product\/lampara-colgante-fusta-de-faro\/\",\"url\":\"https:\/\/ledsolintel.com\/en\/product\/lampara-colgante-fusta-de-faro\/\",\"name\":\"L\u00e1mpara colgante FUSTA de Faro Barcelona\",\"isPartOf\":{\"@id\":\"https:\/\/ledsolintel.com\/#website\"},\"primaryImageOfPage\":{\"@id\":\"https:\/\/ledsolintel.com\/en\/product\/lampara-colgante-fusta-de-faro\/#primaryimage\"},\"image\":{\"@id\":\"https:\/\/ledsolintel.com\/en\/product\/lampara-colgante-fusta-de-faro\/#primaryimage\"},\"thumbnailUrl\":\"https:\/\/ledsolintel.com\/wp-content\/uploads\/2017\/03\/8489-Lampara-colgante-FUSTA-de-Faro-Barcelona.jpg\",\"datePublished\":\"2017-03-18T20:12:27+00:00\",\"description\":\"Dise\u00f1ada por \u00c1lex y Manel Llusc\u00e0, la serie Fusta de Faro Barcelona contrasta los acabados blancos m\u00e1s sencillos con detalles de madera.\",\"breadcrumb\":{\"@id\":\"https:\/\/ledsolintel.com\/en\/product\/lampara-colgante-fusta-de-faro\/#breadcrumb\"},\"inLanguage\":\"fr-FR\",\"potentialAction\":[{\"@type\":\"ReadAction\",\"target\":[\"https:\/\/ledsolintel.com\/en\/product\/lampara-colgante-fusta-de-faro\/\"]}]},{\"@type\":\"ImageObject\",\"inLanguage\":\"fr-FR\",\"@id\":\"https:\/\/ledsolintel.com\/en\/product\/lampara-colgante-fusta-de-faro\/#primaryimage\",\"url\":\"https:\/\/ledsolintel.com\/wp-content\/uploads\/2017\/03\/8489-Lampara-colgante-FUSTA-de-Faro-Barcelona.jpg\",\"contentUrl\":\"https:\/\/ledsolintel.com\/wp-content\/uploads\/2017\/03\/8489-Lampara-colgante-FUSTA-de-Faro-Barcelona.jpg\",\"caption\":\"L\u00e1mpara colgante FUSTA de Faro Barcelona\"},{\"@type\":\"BreadcrumbList\",\"@id\":\"https:\/\/ledsolintel.com\/en\/product\/lampara-colgante-fusta-de-faro\/#breadcrumb\",\"itemListElement\":[{\"@type\":\"ListItem\",\"position\":1,\"name\":\"Portada\",\"item\":\"https:\/\/ledsolintel.com\/fr\/\"},{\"@type\":\"ListItem\",\"position\":2,\"name\":\"Tienda\",\"item\":\"https:\/\/ledsolintel.com\/tienda\/\"},{\"@type\":\"ListItem\",\"position\":3,\"name\":\"L\u00e1mpara colgante FUSTA de Faro Barcelona\"}]},{\"@type\":\"WebSite\",\"@id\":\"https:\/\/ledsolintel.com\/#website\",\"url\":\"https:\/\/ledsolintel.com\/\",\"name\":\"Webmenaje\",\"description\":\"Tienda de bombillas y l\u00e1mparas LED para profesionales\",\"publisher\":{\"@id\":\"https:\/\/ledsolintel.com\/#organization\"},\"potentialAction\":[{\"@type\":\"SearchAction\",\"target\":{\"@type\":\"EntryPoint\",\"urlTemplate\":\"https:\/\/ledsolintel.com\/?s={search_term_string}\"},\"query-input\":{\"@type\":\"PropertyValueSpecification\",\"valueRequired\":true,\"valueName\":\"search_term_string\"}}],\"inLanguage\":\"fr-FR\"},{\"@type\":\"Organization\",\"@id\":\"https:\/\/ledsolintel.com\/#organization\",\"name\":\"Solintel Noroeste, S.L.\",\"url\":\"https:\/\/ledsolintel.com\/\",\"logo\":{\"@type\":\"ImageObject\",\"inLanguage\":\"fr-FR\",\"@id\":\"https:\/\/ledsolintel.com\/#\/schema\/logo\/image\/\",\"url\":\"https:\/\/ledsolintel.com\/wp-content\/uploads\/2024\/11\/webmenaje-logo-1508269066.jpg\",\"contentUrl\":\"https:\/\/ledsolintel.com\/wp-content\/uploads\/2024\/11\/webmenaje-logo-1508269066.jpg\",\"width\":370,\"height\":90,\"caption\":\"Solintel Noroeste, S.L.\"},\"image\":{\"@id\":\"https:\/\/ledsolintel.com\/#\/schema\/logo\/image\/\"},\"sameAs\":[\"http:\/\/www.facebook.com\/webmenaje\",\"https:\/\/x.com\/webmenaje\",\"https:\/\/www.youtube.com\/channel\/UCX2KoVoeCG4LocZjUc6LmSQ\",\"http:\/\/www.pinterest.com\/webmenaje\"]}]}<\/script>\n<!-- \/ Yoast SEO plugin. -->","yoast_head_json":{"title":"Lampe suspendue FUSTA par Faro Barcelona","description":"Dise\u00f1ada por \u00c1lex y Manel Llusc\u00e0, la serie Fusta de Faro Barcelona contrasta los acabados blancos m\u00e1s sencillos con detalles de madera.","robots":{"index":"index","follow":"follow","max-snippet":"max-snippet:-1","max-image-preview":"max-image-preview:large","max-video-preview":"max-video-preview:-1"},"canonical":"https:\/\/ledsolintel.com\/fr\/produit\/lampara-colgante-fusta-de-faro\/","og_locale":"fr_FR","og_type":"article","og_title":"L\u00e1mpara colgante FUSTA de Faro Barcelona","og_description":"Dise\u00f1ada por \u00c1lex y Manel Llusc\u00e0, la serie Fusta de Faro Barcelona contrasta los acabados blancos m\u00e1s sencillos con detalles de madera.","og_url":"https:\/\/ledsolintel.com\/fr\/produit\/lampara-colgante-fusta-de-faro\/","og_site_name":"Ledsolintel","article_publisher":"http:\/\/www.facebook.com\/webmenaje","og_image":[{"url":"https:\/\/ledsolintel.com\/wp-content\/uploads\/2017\/03\/8489-Lampara-colgante-FUSTA-de-Faro-Barcelona.jpg","width":1,"height":1,"type":"image\/jpeg"}],"twitter_card":"summary_large_image","twitter_site":"@webmenaje","schema":{"@context":"https:\/\/schema.org","@graph":[{"@type":"WebPage","@id":"https:\/\/ledsolintel.com\/en\/product\/lampara-colgante-fusta-de-faro\/","url":"https:\/\/ledsolintel.com\/en\/product\/lampara-colgante-fusta-de-faro\/","name":"Lampe suspendue FUSTA par Faro Barcelona","isPartOf":{"@id":"https:\/\/ledsolintel.com\/#website"},"primaryImageOfPage":{"@id":"https:\/\/ledsolintel.com\/en\/product\/lampara-colgante-fusta-de-faro\/#primaryimage"},"image":{"@id":"https:\/\/ledsolintel.com\/en\/product\/lampara-colgante-fusta-de-faro\/#primaryimage"},"thumbnailUrl":"https:\/\/ledsolintel.com\/wp-content\/uploads\/2017\/03\/8489-Lampara-colgante-FUSTA-de-Faro-Barcelona.jpg","datePublished":"2017-03-18T20:12:27+00:00","description":"Dise\u00f1ada por \u00c1lex y Manel Llusc\u00e0, la serie Fusta de Faro Barcelona contrasta los acabados blancos m\u00e1s sencillos con detalles de madera.","breadcrumb":{"@id":"https:\/\/ledsolintel.com\/en\/product\/lampara-colgante-fusta-de-faro\/#breadcrumb"},"inLanguage":"fr-FR","potentialAction":[{"@type":"ReadAction","target":["https:\/\/ledsolintel.com\/en\/product\/lampara-colgante-fusta-de-faro\/"]}]},{"@type":"ImageObject","inLanguage":"fr-FR","@id":"https:\/\/ledsolintel.com\/en\/product\/lampara-colgante-fusta-de-faro\/#primaryimage","url":"https:\/\/ledsolintel.com\/wp-content\/uploads\/2017\/03\/8489-Lampara-colgante-FUSTA-de-Faro-Barcelona.jpg","contentUrl":"https:\/\/ledsolintel.com\/wp-content\/uploads\/2017\/03\/8489-Lampara-colgante-FUSTA-de-Faro-Barcelona.jpg","caption":"L\u00e1mpara colgante FUSTA de Faro Barcelona"},{"@type":"BreadcrumbList","@id":"https:\/\/ledsolintel.com\/en\/product\/lampara-colgante-fusta-de-faro\/#breadcrumb","itemListElement":[{"@type":"ListItem","position":1,"name":"Portada","item":"https:\/\/ledsolintel.com\/fr\/"},{"@type":"ListItem","position":2,"name":"Tienda","item":"https:\/\/ledsolintel.com\/tienda\/"},{"@type":"ListItem","position":3,"name":"L\u00e1mpara colgante FUSTA de Faro Barcelona"}]},{"@type":"WebSite","@id":"https:\/\/ledsolintel.com\/#website","url":"https:\/\/ledsolintel.com\/","name":"Webmenaje","description":"Magasin d'ampoules et de lampes LED pour les professionnels","publisher":{"@id":"https:\/\/ledsolintel.com\/#organization"},"potentialAction":[{"@type":"SearchAction","target":{"@type":"EntryPoint","urlTemplate":"https:\/\/ledsolintel.com\/?s={search_term_string}"},"query-input":{"@type":"PropertyValueSpecification","valueRequired":true,"valueName":"search_term_string"}}],"inLanguage":"fr-FR"},{"@type":"Organization","@id":"https:\/\/ledsolintel.com\/#organization","name":"Solintel Noroeste, S.L.","url":"https:\/\/ledsolintel.com\/","logo":{"@type":"ImageObject","inLanguage":"fr-FR","@id":"https:\/\/ledsolintel.com\/#\/schema\/logo\/image\/","url":"https:\/\/ledsolintel.com\/wp-content\/uploads\/2024\/11\/webmenaje-logo-1508269066.jpg","contentUrl":"https:\/\/ledsolintel.com\/wp-content\/uploads\/2024\/11\/webmenaje-logo-1508269066.jpg","width":370,"height":90,"caption":"Solintel Noroeste, S.L."},"image":{"@id":"https:\/\/ledsolintel.com\/#\/schema\/logo\/image\/"},"sameAs":["http:\/\/www.facebook.com\/webmenaje","https:\/\/x.com\/webmenaje","https:\/\/www.youtube.com\/channel\/UCX2KoVoeCG4LocZjUc6LmSQ","http:\/\/www.pinterest.com\/webmenaje"]}]}},"_links":{"self":[{"href":"https:\/\/ledsolintel.com\/fr\/wp-json\/wp\/v2\/product\/241239","targetHints":{"allow":["GET"]}}],"collection":[{"href":"https:\/\/ledsolintel.com\/fr\/wp-json\/wp\/v2\/product"}],"about":[{"href":"https:\/\/ledsolintel.com\/fr\/wp-json\/wp\/v2\/types\/product"}],"version-history":[{"count":0,"href":"https:\/\/ledsolintel.com\/fr\/wp-json\/wp\/v2\/product\/241239\/revisions"}],"wp:featuredmedia":[{"embeddable":true,"href":"https:\/\/ledsolintel.com\/fr\/wp-json\/wp\/v2\/media\/241236"}],"wp:attachment":[{"href":"https:\/\/ledsolintel.com\/fr\/wp-json\/wp\/v2\/media?parent=241239"}],"wp:term":[{"taxonomy":"product_brand","embeddable":true,"href":"https:\/\/ledsolintel.com\/fr\/wp-json\/wp\/v2\/product_brand?post=241239"},{"taxonomy":"product_cat","embeddable":true,"href":"https:\/\/ledsolintel.com\/fr\/wp-json\/wp\/v2\/product_cat?post=241239"},{"taxonomy":"product_tag","embeddable":true,"href":"https:\/\/ledsolintel.com\/fr\/wp-json\/wp\/v2\/product_tag?post=241239"}],"curies":[{"name":"wp","href":"https:\/\/api.w.org\/{rel}","templated":true}]}}