{"id":241227,"date":"2017-03-18T21:12:27","date_gmt":"2017-03-18T20:12:27","guid":{"rendered":"https:\/\/nueva.ledsolintel.com\/product\/lampara-de-pie-berni-de-faro\/"},"modified":"2017-03-18T21:12:27","modified_gmt":"2017-03-18T20:12:27","slug":"lampara-de-pie-berni-de-faro","status":"publish","type":"product","link":"https:\/\/ledsolintel.com\/fr\/produit-2\/lampara-de-pie-berni-de-faro\/","title":{"rendered":"Lampadaire BERNI by Faro Barcelona"},"content":{"rendered":"<h3>Caract\u00e9ristiques :<\/h3>\n<ul>\n<li>En m\u00e9tal avec abat-jour en textile.<\/li>\n<li>Couleur :\n<ul>\n<li>Blanc<\/li>\n<li>Noir<\/li>\n<\/ul>\n<\/li>\n<li>Puissance : 100W<\/li>\n<li>Raccordement : E27<\/li>\n<li>Tension : 100-240V<\/li>\n<li>Dimensions (mm) :\n<ul>\n<li>Ancho: 480<\/li>\n<li>Largo: 480<\/li>\n<li>Hauteur : 1510<\/li>\n<\/ul>\n<\/li>\n<li>Peso: 7.80 kg<\/li>\n<\/ul>\n<h4>Attention : les ampoules ne sont pas incluses. Toutes les ampoules \u00e0 connexion E27 jusqu'\u00e0 un maximum de 100W sont valables. Nous vous conseillons de vous adresser \u00e0 des fabricants tels que Roblan ou Beneito Faure, dont vous trouverez les produits sur ce site.<\/h4>","protected":false},"excerpt":{"rendered":"<p>Con dise\u00f1o de Nahtrang, la l\u00ednea Berni ofrece una est\u00e9tica minimal con l\u00edneas rectas y pantallas de tela que difuminan la luz. La l\u00e1mpara de pie Berni es perfecta para salones, dormitorios y zonas de lectura.<\/p>","protected":false},"featured_media":241225,"template":"","meta":[],"product_brand":[99359],"product_cat":[99669],"product_tag":[],"class_list":{"0":"post-241227","1":"product","2":"type-product","3":"status-publish","4":"has-post-thumbnail","6":"product_brand-faro-barcelona","7":"product_cat-flexos-lamparas-de-pie-y-de-mesa","8":"pa_acabado-blanco","9":"pa_acabado-negro","12":"instock","13":"sale","14":"taxable","15":"shipping-taxable","16":"purchasable","17":"product-type-variable","18":"has-default-attributes"},"yoast_head":"<!-- This site is optimized with the Yoast SEO plugin v26.6 - https:\/\/yoast.com\/wordpress\/plugins\/seo\/ -->\n<title>L\u00e1mpara de pie BERNI de Faro Barcelona<\/title>\n<meta name=\"description\" content=\"Con dise\u00f1o de Nahtrang, la l\u00ednea Berni ofrece una est\u00e9tica minimal con l\u00edneas rectas y pantallas de tela que difuminan la luz. Para salones y dormitorios,\" \/>\n<meta name=\"robots\" content=\"index, follow, max-snippet:-1, max-image-preview:large, max-video-preview:-1\" \/>\n<link rel=\"canonical\" href=\"https:\/\/ledsolintel.com\/fr\/produit-2\/lampara-de-pie-berni-de-faro\/\" \/>\n<meta property=\"og:locale\" content=\"fr_FR\" \/>\n<meta property=\"og:type\" content=\"article\" \/>\n<meta property=\"og:title\" content=\"L\u00e1mpara de pie BERNI de Faro Barcelona\" \/>\n<meta property=\"og:description\" content=\"Con dise\u00f1o de Nahtrang, la l\u00ednea Berni ofrece una est\u00e9tica minimal con l\u00edneas rectas y pantallas de tela que difuminan la luz. Para salones y dormitorios,\" \/>\n<meta property=\"og:url\" content=\"https:\/\/ledsolintel.com\/fr\/produit-2\/lampara-de-pie-berni-de-faro\/\" \/>\n<meta property=\"og:site_name\" content=\"Ledsolintel\" \/>\n<meta property=\"article:publisher\" content=\"http:\/\/www.facebook.com\/webmenaje\" \/>\n<meta property=\"og:image\" content=\"https:\/\/ledsolintel.com\/wp-content\/uploads\/2017\/03\/7133-Lampara-de-pie-BERNI-de-Faro.jpg\" \/>\n\t<meta property=\"og:image:width\" content=\"1\" \/>\n\t<meta property=\"og:image:height\" content=\"1\" \/>\n\t<meta property=\"og:image:type\" content=\"image\/jpeg\" \/>\n<meta name=\"twitter:card\" content=\"summary_large_image\" \/>\n<meta name=\"twitter:site\" content=\"@webmenaje\" \/>\n<script type=\"application\/ld+json\" class=\"yoast-schema-graph\">{\"@context\":\"https:\/\/schema.org\",\"@graph\":[{\"@type\":\"WebPage\",\"@id\":\"https:\/\/ledsolintel.com\/fr\/product\/lampara-de-pie-berni-de-faro\/\",\"url\":\"https:\/\/ledsolintel.com\/fr\/product\/lampara-de-pie-berni-de-faro\/\",\"name\":\"L\u00e1mpara de pie BERNI de Faro Barcelona\",\"isPartOf\":{\"@id\":\"https:\/\/ledsolintel.com\/#website\"},\"primaryImageOfPage\":{\"@id\":\"https:\/\/ledsolintel.com\/fr\/product\/lampara-de-pie-berni-de-faro\/#primaryimage\"},\"image\":{\"@id\":\"https:\/\/ledsolintel.com\/fr\/product\/lampara-de-pie-berni-de-faro\/#primaryimage\"},\"thumbnailUrl\":\"https:\/\/ledsolintel.com\/wp-content\/uploads\/2017\/03\/7133-Lampara-de-pie-BERNI-de-Faro.jpg\",\"datePublished\":\"2017-03-18T20:12:27+00:00\",\"description\":\"Con dise\u00f1o de Nahtrang, la l\u00ednea Berni ofrece una est\u00e9tica minimal con l\u00edneas rectas y pantallas de tela que difuminan la luz. Para salones y dormitorios,\",\"breadcrumb\":{\"@id\":\"https:\/\/ledsolintel.com\/fr\/product\/lampara-de-pie-berni-de-faro\/#breadcrumb\"},\"inLanguage\":\"fr-FR\",\"potentialAction\":[{\"@type\":\"ReadAction\",\"target\":[\"https:\/\/ledsolintel.com\/fr\/product\/lampara-de-pie-berni-de-faro\/\"]}]},{\"@type\":\"ImageObject\",\"inLanguage\":\"fr-FR\",\"@id\":\"https:\/\/ledsolintel.com\/fr\/product\/lampara-de-pie-berni-de-faro\/#primaryimage\",\"url\":\"https:\/\/ledsolintel.com\/wp-content\/uploads\/2017\/03\/7133-Lampara-de-pie-BERNI-de-Faro.jpg\",\"contentUrl\":\"https:\/\/ledsolintel.com\/wp-content\/uploads\/2017\/03\/7133-Lampara-de-pie-BERNI-de-Faro.jpg\",\"caption\":\"L\u00e1mpara de pie BERNI de Faro\"},{\"@type\":\"BreadcrumbList\",\"@id\":\"https:\/\/ledsolintel.com\/fr\/product\/lampara-de-pie-berni-de-faro\/#breadcrumb\",\"itemListElement\":[{\"@type\":\"ListItem\",\"position\":1,\"name\":\"Portada\",\"item\":\"https:\/\/ledsolintel.com\/fr\/\"},{\"@type\":\"ListItem\",\"position\":2,\"name\":\"Tienda\",\"item\":\"https:\/\/ledsolintel.com\/tienda\/\"},{\"@type\":\"ListItem\",\"position\":3,\"name\":\"L\u00e1mpara de pie BERNI de Faro Barcelona\"}]},{\"@type\":\"WebSite\",\"@id\":\"https:\/\/ledsolintel.com\/#website\",\"url\":\"https:\/\/ledsolintel.com\/\",\"name\":\"Webmenaje\",\"description\":\"Tienda de bombillas y l\u00e1mparas LED para profesionales\",\"publisher\":{\"@id\":\"https:\/\/ledsolintel.com\/#organization\"},\"potentialAction\":[{\"@type\":\"SearchAction\",\"target\":{\"@type\":\"EntryPoint\",\"urlTemplate\":\"https:\/\/ledsolintel.com\/?s={search_term_string}\"},\"query-input\":{\"@type\":\"PropertyValueSpecification\",\"valueRequired\":true,\"valueName\":\"search_term_string\"}}],\"inLanguage\":\"fr-FR\"},{\"@type\":\"Organization\",\"@id\":\"https:\/\/ledsolintel.com\/#organization\",\"name\":\"Solintel Noroeste, S.L.\",\"url\":\"https:\/\/ledsolintel.com\/\",\"logo\":{\"@type\":\"ImageObject\",\"inLanguage\":\"fr-FR\",\"@id\":\"https:\/\/ledsolintel.com\/#\/schema\/logo\/image\/\",\"url\":\"https:\/\/ledsolintel.com\/wp-content\/uploads\/2024\/11\/webmenaje-logo-1508269066.jpg\",\"contentUrl\":\"https:\/\/ledsolintel.com\/wp-content\/uploads\/2024\/11\/webmenaje-logo-1508269066.jpg\",\"width\":370,\"height\":90,\"caption\":\"Solintel Noroeste, S.L.\"},\"image\":{\"@id\":\"https:\/\/ledsolintel.com\/#\/schema\/logo\/image\/\"},\"sameAs\":[\"http:\/\/www.facebook.com\/webmenaje\",\"https:\/\/x.com\/webmenaje\",\"https:\/\/www.youtube.com\/channel\/UCX2KoVoeCG4LocZjUc6LmSQ\",\"http:\/\/www.pinterest.com\/webmenaje\"]}]}<\/script>\n<!-- \/ Yoast SEO plugin. -->","yoast_head_json":{"title":"Lampadaire BERNI by Faro Barcelona","description":"Con dise\u00f1o de Nahtrang, la l\u00ednea Berni ofrece una est\u00e9tica minimal con l\u00edneas rectas y pantallas de tela que difuminan la luz. Para salones y dormitorios,","robots":{"index":"index","follow":"follow","max-snippet":"max-snippet:-1","max-image-preview":"max-image-preview:large","max-video-preview":"max-video-preview:-1"},"canonical":"https:\/\/ledsolintel.com\/fr\/produit-2\/lampara-de-pie-berni-de-faro\/","og_locale":"fr_FR","og_type":"article","og_title":"L\u00e1mpara de pie BERNI de Faro Barcelona","og_description":"Con dise\u00f1o de Nahtrang, la l\u00ednea Berni ofrece una est\u00e9tica minimal con l\u00edneas rectas y pantallas de tela que difuminan la luz. Para salones y dormitorios,","og_url":"https:\/\/ledsolintel.com\/fr\/produit-2\/lampara-de-pie-berni-de-faro\/","og_site_name":"Ledsolintel","article_publisher":"http:\/\/www.facebook.com\/webmenaje","og_image":[{"url":"https:\/\/ledsolintel.com\/wp-content\/uploads\/2017\/03\/7133-Lampara-de-pie-BERNI-de-Faro.jpg","width":1,"height":1,"type":"image\/jpeg"}],"twitter_card":"summary_large_image","twitter_site":"@webmenaje","schema":{"@context":"https:\/\/schema.org","@graph":[{"@type":"WebPage","@id":"https:\/\/ledsolintel.com\/fr\/product\/lampara-de-pie-berni-de-faro\/","url":"https:\/\/ledsolintel.com\/fr\/product\/lampara-de-pie-berni-de-faro\/","name":"Lampadaire BERNI by Faro Barcelona","isPartOf":{"@id":"https:\/\/ledsolintel.com\/#website"},"primaryImageOfPage":{"@id":"https:\/\/ledsolintel.com\/fr\/product\/lampara-de-pie-berni-de-faro\/#primaryimage"},"image":{"@id":"https:\/\/ledsolintel.com\/fr\/product\/lampara-de-pie-berni-de-faro\/#primaryimage"},"thumbnailUrl":"https:\/\/ledsolintel.com\/wp-content\/uploads\/2017\/03\/7133-Lampara-de-pie-BERNI-de-Faro.jpg","datePublished":"2017-03-18T20:12:27+00:00","description":"Con dise\u00f1o de Nahtrang, la l\u00ednea Berni ofrece una est\u00e9tica minimal con l\u00edneas rectas y pantallas de tela que difuminan la luz. Para salones y dormitorios,","breadcrumb":{"@id":"https:\/\/ledsolintel.com\/fr\/product\/lampara-de-pie-berni-de-faro\/#breadcrumb"},"inLanguage":"fr-FR","potentialAction":[{"@type":"ReadAction","target":["https:\/\/ledsolintel.com\/fr\/product\/lampara-de-pie-berni-de-faro\/"]}]},{"@type":"ImageObject","inLanguage":"fr-FR","@id":"https:\/\/ledsolintel.com\/fr\/product\/lampara-de-pie-berni-de-faro\/#primaryimage","url":"https:\/\/ledsolintel.com\/wp-content\/uploads\/2017\/03\/7133-Lampara-de-pie-BERNI-de-Faro.jpg","contentUrl":"https:\/\/ledsolintel.com\/wp-content\/uploads\/2017\/03\/7133-Lampara-de-pie-BERNI-de-Faro.jpg","caption":"L\u00e1mpara de pie BERNI de Faro"},{"@type":"BreadcrumbList","@id":"https:\/\/ledsolintel.com\/fr\/product\/lampara-de-pie-berni-de-faro\/#breadcrumb","itemListElement":[{"@type":"ListItem","position":1,"name":"Portada","item":"https:\/\/ledsolintel.com\/fr\/"},{"@type":"ListItem","position":2,"name":"Tienda","item":"https:\/\/ledsolintel.com\/tienda\/"},{"@type":"ListItem","position":3,"name":"L\u00e1mpara de pie BERNI de Faro Barcelona"}]},{"@type":"WebSite","@id":"https:\/\/ledsolintel.com\/#website","url":"https:\/\/ledsolintel.com\/","name":"Webmenaje","description":"Magasin d'ampoules et de lampes LED pour les professionnels","publisher":{"@id":"https:\/\/ledsolintel.com\/#organization"},"potentialAction":[{"@type":"SearchAction","target":{"@type":"EntryPoint","urlTemplate":"https:\/\/ledsolintel.com\/?s={search_term_string}"},"query-input":{"@type":"PropertyValueSpecification","valueRequired":true,"valueName":"search_term_string"}}],"inLanguage":"fr-FR"},{"@type":"Organization","@id":"https:\/\/ledsolintel.com\/#organization","name":"Solintel Noroeste, S.L.","url":"https:\/\/ledsolintel.com\/","logo":{"@type":"ImageObject","inLanguage":"fr-FR","@id":"https:\/\/ledsolintel.com\/#\/schema\/logo\/image\/","url":"https:\/\/ledsolintel.com\/wp-content\/uploads\/2024\/11\/webmenaje-logo-1508269066.jpg","contentUrl":"https:\/\/ledsolintel.com\/wp-content\/uploads\/2024\/11\/webmenaje-logo-1508269066.jpg","width":370,"height":90,"caption":"Solintel Noroeste, S.L."},"image":{"@id":"https:\/\/ledsolintel.com\/#\/schema\/logo\/image\/"},"sameAs":["http:\/\/www.facebook.com\/webmenaje","https:\/\/x.com\/webmenaje","https:\/\/www.youtube.com\/channel\/UCX2KoVoeCG4LocZjUc6LmSQ","http:\/\/www.pinterest.com\/webmenaje"]}]}},"_links":{"self":[{"href":"https:\/\/ledsolintel.com\/fr\/wp-json\/wp\/v2\/product\/241227","targetHints":{"allow":["GET"]}}],"collection":[{"href":"https:\/\/ledsolintel.com\/fr\/wp-json\/wp\/v2\/product"}],"about":[{"href":"https:\/\/ledsolintel.com\/fr\/wp-json\/wp\/v2\/types\/product"}],"version-history":[{"count":0,"href":"https:\/\/ledsolintel.com\/fr\/wp-json\/wp\/v2\/product\/241227\/revisions"}],"wp:featuredmedia":[{"embeddable":true,"href":"https:\/\/ledsolintel.com\/fr\/wp-json\/wp\/v2\/media\/241225"}],"wp:attachment":[{"href":"https:\/\/ledsolintel.com\/fr\/wp-json\/wp\/v2\/media?parent=241227"}],"wp:term":[{"taxonomy":"product_brand","embeddable":true,"href":"https:\/\/ledsolintel.com\/fr\/wp-json\/wp\/v2\/product_brand?post=241227"},{"taxonomy":"product_cat","embeddable":true,"href":"https:\/\/ledsolintel.com\/fr\/wp-json\/wp\/v2\/product_cat?post=241227"},{"taxonomy":"product_tag","embeddable":true,"href":"https:\/\/ledsolintel.com\/fr\/wp-json\/wp\/v2\/product_tag?post=241227"}],"curies":[{"name":"wp","href":"https:\/\/api.w.org\/{rel}","templated":true}]}}