{"id":241146,"date":"2017-02-11T02:46:31","date_gmt":"2017-02-11T01:46:31","guid":{"rendered":"https:\/\/nueva.ledsolintel.com\/product\/ventilador-yakarta-de-faro\/"},"modified":"2017-02-11T02:46:31","modified_gmt":"2017-02-11T01:46:31","slug":"ventilador-yakarta-de-faro","status":"publish","type":"product","link":"https:\/\/ledsolintel.com\/fr\/produit-2\/ventilador-yakarta-de-faro\/","title":{"rendered":"L'\u00e9ventail YAKARTA par Faro Barcelona"},"content":{"rendered":"<h3>Caract\u00e9ristiques :<\/h3>\n<p>Ventilateur :<\/p>\n<ul>\n<li>Fabriqu\u00e9 en acier et en bois MDF<\/li>\n<li>4 lames<\/li>\n<li>Di\u00e1metro: 1.21m<\/li>\n<li>Couleurs :\n<ul>\n<li>Cuerpo oro envejecido \/ palas gris y negro (reversibles)<\/li>\n<li>Cuerpo blanco \/ palas blanco y arce (reversibles)<\/li>\n<li>Cuerpo marr\u00f3n \/ palas caoba y roble emblanquecido (reversibles)<\/li>\n<\/ul>\n<\/li>\n<li>RPM: de 115\u00a0a 205 (3 velocidades)<\/li>\n<li>Potencia: de 14 a 51W<\/li>\n<li>Tension : 220-240V<\/li>\n<li>Peso: 6.4 kg<\/li>\n<\/ul>","protected":false},"excerpt":{"rendered":"<p>Con 4 palas reversibles para m\u00e1s versatilidad, el ventilador Yakarta de Faro tiene un dise\u00f1o de corte cl\u00e1sico que pega con estancias de tama\u00f1o medio con cualquier tipo de decoraci\u00f3n. Disponible en tres acabados diferentes y con un kit de luz que puede ser comprado aparte.<\/p>","protected":false},"featured_media":241141,"template":"","meta":[],"product_brand":[99359],"product_cat":[99707,99643],"product_tag":[],"class_list":{"0":"post-241146","1":"product","2":"type-product","3":"status-publish","4":"has-post-thumbnail","6":"product_brand-faro-barcelona","7":"product_cat-ventiladores-consin-luz-medianos","8":"product_cat-ventiladores-medianos","9":"pa_acabado-blanco","10":"pa_acabado-marron","11":"pa_acabado-oroviejo","14":"instock","15":"taxable","16":"shipping-taxable","17":"purchasable","18":"product-type-variable","19":"has-default-attributes"},"yoast_head":"<!-- This site is optimized with the Yoast SEO plugin v27.4 - https:\/\/yoast.com\/product\/yoast-seo-wordpress\/ -->\n<title>Ventilador YAKARTA de Faro Barcelona<\/title>\n<meta name=\"description\" content=\"Con 4 palas reversibles para m\u00e1s versatilidad, el ventilador Yakarta de Faro Barcelona tiene un dise\u00f1o de corte cl\u00e1sico. El kit de luz puede ser comprado aparte.\" \/>\n<meta name=\"robots\" content=\"index, follow, max-snippet:-1, max-image-preview:large, max-video-preview:-1\" \/>\n<link rel=\"canonical\" href=\"https:\/\/ledsolintel.com\/fr\/produit-2\/ventilador-yakarta-de-faro\/\" \/>\n<meta property=\"og:locale\" content=\"fr_FR\" \/>\n<meta property=\"og:type\" content=\"article\" \/>\n<meta property=\"og:title\" content=\"Ventilador YAKARTA de Faro Barcelona\" \/>\n<meta property=\"og:description\" content=\"Con 4 palas reversibles para m\u00e1s versatilidad, el ventilador Yakarta de Faro Barcelona tiene un dise\u00f1o de corte cl\u00e1sico. El kit de luz puede ser comprado aparte.\" \/>\n<meta property=\"og:url\" content=\"https:\/\/ledsolintel.com\/fr\/produit-2\/ventilador-yakarta-de-faro\/\" \/>\n<meta property=\"og:site_name\" content=\"Ledsolintel\" \/>\n<meta property=\"article:publisher\" content=\"http:\/\/www.facebook.com\/webmenaje\" \/>\n<meta property=\"og:image\" content=\"https:\/\/ledsolintel.com\/wp-content\/uploads\/2017\/02\/7059-Ventilador-YAKARTA-de-Faro.jpg\" \/>\n\t<meta property=\"og:image:width\" content=\"1\" \/>\n\t<meta property=\"og:image:height\" content=\"1\" \/>\n\t<meta property=\"og:image:type\" content=\"image\/jpeg\" \/>\n<meta name=\"twitter:card\" content=\"summary_large_image\" \/>\n<meta name=\"twitter:site\" content=\"@webmenaje\" \/>\n<script type=\"application\/ld+json\" class=\"yoast-schema-graph\">{\"@context\":\"https:\\\/\\\/schema.org\",\"@graph\":[{\"@type\":\"WebPage\",\"@id\":\"https:\\\/\\\/ledsolintel.com\\\/product\\\/ventilador-yakarta-de-faro\\\/\",\"url\":\"https:\\\/\\\/ledsolintel.com\\\/product\\\/ventilador-yakarta-de-faro\\\/\",\"name\":\"Ventilador YAKARTA de Faro Barcelona\",\"isPartOf\":{\"@id\":\"https:\\\/\\\/ledsolintel.com\\\/#website\"},\"primaryImageOfPage\":{\"@id\":\"https:\\\/\\\/ledsolintel.com\\\/product\\\/ventilador-yakarta-de-faro\\\/#primaryimage\"},\"image\":{\"@id\":\"https:\\\/\\\/ledsolintel.com\\\/product\\\/ventilador-yakarta-de-faro\\\/#primaryimage\"},\"thumbnailUrl\":\"https:\\\/\\\/ledsolintel.com\\\/wp-content\\\/uploads\\\/2017\\\/02\\\/7059-Ventilador-YAKARTA-de-Faro.jpg\",\"datePublished\":\"2017-02-11T01:46:31+00:00\",\"description\":\"Con 4 palas reversibles para m\u00e1s versatilidad, el ventilador Yakarta de Faro Barcelona tiene un dise\u00f1o de corte cl\u00e1sico. El kit de luz puede ser comprado aparte.\",\"breadcrumb\":{\"@id\":\"https:\\\/\\\/ledsolintel.com\\\/product\\\/ventilador-yakarta-de-faro\\\/#breadcrumb\"},\"inLanguage\":\"fr-FR\",\"potentialAction\":[{\"@type\":\"ReadAction\",\"target\":[\"https:\\\/\\\/ledsolintel.com\\\/product\\\/ventilador-yakarta-de-faro\\\/\"]}]},{\"@type\":\"ImageObject\",\"inLanguage\":\"fr-FR\",\"@id\":\"https:\\\/\\\/ledsolintel.com\\\/product\\\/ventilador-yakarta-de-faro\\\/#primaryimage\",\"url\":\"https:\\\/\\\/ledsolintel.com\\\/wp-content\\\/uploads\\\/2017\\\/02\\\/7059-Ventilador-YAKARTA-de-Faro.jpg\",\"contentUrl\":\"https:\\\/\\\/ledsolintel.com\\\/wp-content\\\/uploads\\\/2017\\\/02\\\/7059-Ventilador-YAKARTA-de-Faro.jpg\",\"caption\":\"Ventilador YAKARTA de Faro\"},{\"@type\":\"BreadcrumbList\",\"@id\":\"https:\\\/\\\/ledsolintel.com\\\/product\\\/ventilador-yakarta-de-faro\\\/#breadcrumb\",\"itemListElement\":[{\"@type\":\"ListItem\",\"position\":1,\"name\":\"Portada\",\"item\":\"https:\\\/\\\/ledsolintel.com\\\/fr\\\/\"},{\"@type\":\"ListItem\",\"position\":2,\"name\":\"Tienda\",\"item\":\"https:\\\/\\\/ledsolintel.com\\\/tienda\\\/\"},{\"@type\":\"ListItem\",\"position\":3,\"name\":\"Ventilador YAKARTA de Faro Barcelona\"}]},{\"@type\":\"WebSite\",\"@id\":\"https:\\\/\\\/ledsolintel.com\\\/#website\",\"url\":\"https:\\\/\\\/ledsolintel.com\\\/\",\"name\":\"Webmenaje\",\"description\":\"Tienda de bombillas y l\u00e1mparas LED para profesionales\",\"publisher\":{\"@id\":\"https:\\\/\\\/ledsolintel.com\\\/#organization\"},\"potentialAction\":[{\"@type\":\"SearchAction\",\"target\":{\"@type\":\"EntryPoint\",\"urlTemplate\":\"https:\\\/\\\/ledsolintel.com\\\/?s={search_term_string}\"},\"query-input\":{\"@type\":\"PropertyValueSpecification\",\"valueRequired\":true,\"valueName\":\"search_term_string\"}}],\"inLanguage\":\"fr-FR\"},{\"@type\":\"Organization\",\"@id\":\"https:\\\/\\\/ledsolintel.com\\\/#organization\",\"name\":\"Solintel Noroeste, S.L.\",\"url\":\"https:\\\/\\\/ledsolintel.com\\\/\",\"logo\":{\"@type\":\"ImageObject\",\"inLanguage\":\"fr-FR\",\"@id\":\"https:\\\/\\\/ledsolintel.com\\\/#\\\/schema\\\/logo\\\/image\\\/\",\"url\":\"https:\\\/\\\/ledsolintel.com\\\/wp-content\\\/uploads\\\/2024\\\/11\\\/webmenaje-logo-1508269066.jpg\",\"contentUrl\":\"https:\\\/\\\/ledsolintel.com\\\/wp-content\\\/uploads\\\/2024\\\/11\\\/webmenaje-logo-1508269066.jpg\",\"width\":370,\"height\":90,\"caption\":\"Solintel Noroeste, S.L.\"},\"image\":{\"@id\":\"https:\\\/\\\/ledsolintel.com\\\/#\\\/schema\\\/logo\\\/image\\\/\"},\"sameAs\":[\"http:\\\/\\\/www.facebook.com\\\/webmenaje\",\"https:\\\/\\\/x.com\\\/webmenaje\",\"https:\\\/\\\/www.youtube.com\\\/channel\\\/UCX2KoVoeCG4LocZjUc6LmSQ\",\"http:\\\/\\\/www.pinterest.com\\\/webmenaje\"]}]}<\/script>\n<!-- \/ Yoast SEO plugin. -->","yoast_head_json":{"title":"L'\u00e9ventail YAKARTA par Faro Barcelona","description":"Con 4 palas reversibles para m\u00e1s versatilidad, el ventilador Yakarta de Faro Barcelona tiene un dise\u00f1o de corte cl\u00e1sico. El kit de luz puede ser comprado aparte.","robots":{"index":"index","follow":"follow","max-snippet":"max-snippet:-1","max-image-preview":"max-image-preview:large","max-video-preview":"max-video-preview:-1"},"canonical":"https:\/\/ledsolintel.com\/fr\/produit-2\/ventilador-yakarta-de-faro\/","og_locale":"fr_FR","og_type":"article","og_title":"Ventilador YAKARTA de Faro Barcelona","og_description":"Con 4 palas reversibles para m\u00e1s versatilidad, el ventilador Yakarta de Faro Barcelona tiene un dise\u00f1o de corte cl\u00e1sico. El kit de luz puede ser comprado aparte.","og_url":"https:\/\/ledsolintel.com\/fr\/produit-2\/ventilador-yakarta-de-faro\/","og_site_name":"Ledsolintel","article_publisher":"http:\/\/www.facebook.com\/webmenaje","og_image":[{"url":"https:\/\/ledsolintel.com\/wp-content\/uploads\/2017\/02\/7059-Ventilador-YAKARTA-de-Faro.jpg","width":1,"height":1,"type":"image\/jpeg"}],"twitter_card":"summary_large_image","twitter_site":"@webmenaje","schema":{"@context":"https:\/\/schema.org","@graph":[{"@type":"WebPage","@id":"https:\/\/ledsolintel.com\/product\/ventilador-yakarta-de-faro\/","url":"https:\/\/ledsolintel.com\/product\/ventilador-yakarta-de-faro\/","name":"L'\u00e9ventail YAKARTA par Faro Barcelona","isPartOf":{"@id":"https:\/\/ledsolintel.com\/#website"},"primaryImageOfPage":{"@id":"https:\/\/ledsolintel.com\/product\/ventilador-yakarta-de-faro\/#primaryimage"},"image":{"@id":"https:\/\/ledsolintel.com\/product\/ventilador-yakarta-de-faro\/#primaryimage"},"thumbnailUrl":"https:\/\/ledsolintel.com\/wp-content\/uploads\/2017\/02\/7059-Ventilador-YAKARTA-de-Faro.jpg","datePublished":"2017-02-11T01:46:31+00:00","description":"Con 4 palas reversibles para m\u00e1s versatilidad, el ventilador Yakarta de Faro Barcelona tiene un dise\u00f1o de corte cl\u00e1sico. El kit de luz puede ser comprado aparte.","breadcrumb":{"@id":"https:\/\/ledsolintel.com\/product\/ventilador-yakarta-de-faro\/#breadcrumb"},"inLanguage":"fr-FR","potentialAction":[{"@type":"ReadAction","target":["https:\/\/ledsolintel.com\/product\/ventilador-yakarta-de-faro\/"]}]},{"@type":"ImageObject","inLanguage":"fr-FR","@id":"https:\/\/ledsolintel.com\/product\/ventilador-yakarta-de-faro\/#primaryimage","url":"https:\/\/ledsolintel.com\/wp-content\/uploads\/2017\/02\/7059-Ventilador-YAKARTA-de-Faro.jpg","contentUrl":"https:\/\/ledsolintel.com\/wp-content\/uploads\/2017\/02\/7059-Ventilador-YAKARTA-de-Faro.jpg","caption":"Ventilador YAKARTA de Faro"},{"@type":"BreadcrumbList","@id":"https:\/\/ledsolintel.com\/product\/ventilador-yakarta-de-faro\/#breadcrumb","itemListElement":[{"@type":"ListItem","position":1,"name":"Portada","item":"https:\/\/ledsolintel.com\/fr\/"},{"@type":"ListItem","position":2,"name":"Tienda","item":"https:\/\/ledsolintel.com\/tienda\/"},{"@type":"ListItem","position":3,"name":"Ventilador YAKARTA de Faro Barcelona"}]},{"@type":"WebSite","@id":"https:\/\/ledsolintel.com\/#website","url":"https:\/\/ledsolintel.com\/","name":"Webmenaje","description":"Magasin d'ampoules et de lampes LED pour les professionnels","publisher":{"@id":"https:\/\/ledsolintel.com\/#organization"},"potentialAction":[{"@type":"SearchAction","target":{"@type":"EntryPoint","urlTemplate":"https:\/\/ledsolintel.com\/?s={search_term_string}"},"query-input":{"@type":"PropertyValueSpecification","valueRequired":true,"valueName":"search_term_string"}}],"inLanguage":"fr-FR"},{"@type":"Organization","@id":"https:\/\/ledsolintel.com\/#organization","name":"Solintel Noroeste, S.L.","url":"https:\/\/ledsolintel.com\/","logo":{"@type":"ImageObject","inLanguage":"fr-FR","@id":"https:\/\/ledsolintel.com\/#\/schema\/logo\/image\/","url":"https:\/\/ledsolintel.com\/wp-content\/uploads\/2024\/11\/webmenaje-logo-1508269066.jpg","contentUrl":"https:\/\/ledsolintel.com\/wp-content\/uploads\/2024\/11\/webmenaje-logo-1508269066.jpg","width":370,"height":90,"caption":"Solintel Noroeste, S.L."},"image":{"@id":"https:\/\/ledsolintel.com\/#\/schema\/logo\/image\/"},"sameAs":["http:\/\/www.facebook.com\/webmenaje","https:\/\/x.com\/webmenaje","https:\/\/www.youtube.com\/channel\/UCX2KoVoeCG4LocZjUc6LmSQ","http:\/\/www.pinterest.com\/webmenaje"]}]}},"_links":{"self":[{"href":"https:\/\/ledsolintel.com\/fr\/wp-json\/wp\/v2\/product\/241146","targetHints":{"allow":["GET"]}}],"collection":[{"href":"https:\/\/ledsolintel.com\/fr\/wp-json\/wp\/v2\/product"}],"about":[{"href":"https:\/\/ledsolintel.com\/fr\/wp-json\/wp\/v2\/types\/product"}],"version-history":[{"count":0,"href":"https:\/\/ledsolintel.com\/fr\/wp-json\/wp\/v2\/product\/241146\/revisions"}],"wp:featuredmedia":[{"embeddable":true,"href":"https:\/\/ledsolintel.com\/fr\/wp-json\/wp\/v2\/media\/241141"}],"wp:attachment":[{"href":"https:\/\/ledsolintel.com\/fr\/wp-json\/wp\/v2\/media?parent=241146"}],"wp:term":[{"taxonomy":"product_brand","embeddable":true,"href":"https:\/\/ledsolintel.com\/fr\/wp-json\/wp\/v2\/product_brand?post=241146"},{"taxonomy":"product_cat","embeddable":true,"href":"https:\/\/ledsolintel.com\/fr\/wp-json\/wp\/v2\/product_cat?post=241146"},{"taxonomy":"product_tag","embeddable":true,"href":"https:\/\/ledsolintel.com\/fr\/wp-json\/wp\/v2\/product_tag?post=241146"}],"curies":[{"name":"wp","href":"https:\/\/api.w.org\/{rel}","templated":true}]}}