{"id":241119,"date":"2017-02-04T13:48:54","date_gmt":"2017-02-04T12:48:54","guid":{"rendered":"https:\/\/nueva.ledsolintel.com\/product\/alumbrado-vial-galaxy-led-40w-de-roblan\/"},"modified":"2017-02-04T13:48:54","modified_gmt":"2017-02-04T12:48:54","slug":"roblan-galaxy-led-40w-eclairage-public","status":"publish","type":"product","link":"https:\/\/ledsolintel.com\/fr\/produit-2\/roblan-galaxy-led-40w-eclairage-public\/","title":{"rendered":"ROBLAN GALAXY LED 40W \u00e9clairage public"},"content":{"rendered":"<h3>Caract\u00e9ristiques :<\/h3>\n<ul>\n<li>Produit : ROBLAN GALAXY LED 40W<\/li>\n<li>Puissance : 40W<\/li>\n<li>Tension : 95-305V<\/li>\n<li>Dimensions (mm) : 475x238x103<\/li>\n<li>Temp\u00e9rature de couleur : blanc naturel 4100K<\/li>\n<li>Flux lumineux : 4200 lumens<\/li>\n<li>Protection IP65<\/li>\n<li>Protection IK08<\/li>\n<li>Peinture anticorrosion<\/li>\n<li>C.R.I. &gt;70<\/li>\n<li>Facteur de puissance : 0,98<\/li>\n<\/ul>\n<p style=\"text-align: justify;\"><span style=\"color: #ffffff; background-color: #d0121a;\">LE GALAXY LED N'EST DISPONIBLE QUE SUR DEMANDE. COMME IL S'AGIT D'UN LUMINAIRE TR\u00c8S SP\u00c9CIALIS\u00c9, NOUS DEVONS BIEN CONNA\u00ceTRE LA SITUATION POUR LE VENDRE, OU ALORS R\u00c9ALISER UNE \u00c9TUDE TECHNIQUE. VEUILLEZ NOUS CONTACTER PAR T\u00c9L\u00c9PHONE (881 991 383) OU PAR E-MAIL (info@solintelnoroeste.com).\u00a0<\/span><\/p>","protected":false},"excerpt":{"rendered":"<p>Luminaire d'\u00e9clairage public ROBLAN GALAXY LED. Fabriqu\u00e9 en fonte d'aluminium, il est tr\u00e8s r\u00e9sistant aux \u00e9l\u00e9ments climatiques et aux chocs. Lampe 40W haute performance, avec un facteur de puissance de 0,98. Tr\u00e8s efficace et avec une longue dur\u00e9e de vie.<\/p>\n<p>DISPONIBLE SUR DEMANDE UNIQUEMENT. VEUILLEZ NOUS CONTACTER PAR T\u00c9L\u00c9PHONE (881 991 383) OU PAR COURRIEL (info@solintelnoroeste.com)<\/p>","protected":false},"featured_media":241118,"template":"","meta":[],"product_brand":[99355],"product_cat":[99579],"product_tag":[],"class_list":{"0":"post-241119","1":"product","2":"type-product","3":"status-publish","4":"has-post-thumbnail","6":"product_brand-roblan","7":"product_cat-iluminacion-vial","10":"instock","11":"taxable","12":"shipping-taxable","13":"purchasable","14":"product-type-simple"},"yoast_head":"<!-- This site is optimized with the Yoast SEO plugin v27.4 - https:\/\/yoast.com\/product\/yoast-seo-wordpress\/ -->\n<title>Alumbrado vial GALAXY LED 40W de ROBLAN<\/title>\n<meta name=\"description\" content=\"Luminaria para alumbrado vial GALAXY LED de ROBLAN. Fabricada en aluminio fundido, tiene gran resistencia. L\u00e1mpara de 40W de alto rendimiento.\" \/>\n<meta name=\"robots\" content=\"index, follow, max-snippet:-1, max-image-preview:large, max-video-preview:-1\" \/>\n<link rel=\"canonical\" href=\"https:\/\/ledsolintel.com\/fr\/produit-2\/roblan-galaxy-led-40w-eclairage-public\/\" \/>\n<meta property=\"og:locale\" content=\"fr_FR\" \/>\n<meta property=\"og:type\" content=\"article\" \/>\n<meta property=\"og:title\" content=\"Alumbrado vial GALAXY LED 40W de ROBLAN\" \/>\n<meta property=\"og:description\" content=\"Luminaria para alumbrado vial GALAXY LED de ROBLAN. Fabricada en aluminio fundido, tiene gran resistencia. L\u00e1mpara de 40W de alto rendimiento.\" \/>\n<meta property=\"og:url\" content=\"https:\/\/ledsolintel.com\/fr\/produit-2\/roblan-galaxy-led-40w-eclairage-public\/\" \/>\n<meta property=\"og:site_name\" content=\"Ledsolintel\" \/>\n<meta property=\"article:publisher\" content=\"http:\/\/www.facebook.com\/webmenaje\" \/>\n<meta property=\"og:image\" content=\"https:\/\/ledsolintel.com\/wp-content\/uploads\/2017\/02\/9064-Alumbrado-vial-GALAXY-LED-40W-de-ROBLAN.jpg\" \/>\n\t<meta property=\"og:image:width\" content=\"1\" \/>\n\t<meta property=\"og:image:height\" content=\"1\" \/>\n\t<meta property=\"og:image:type\" content=\"image\/jpeg\" \/>\n<meta name=\"twitter:card\" content=\"summary_large_image\" \/>\n<meta name=\"twitter:site\" content=\"@webmenaje\" \/>\n<script type=\"application\/ld+json\" class=\"yoast-schema-graph\">{\"@context\":\"https:\\\/\\\/schema.org\",\"@graph\":[{\"@type\":\"WebPage\",\"@id\":\"https:\\\/\\\/ledsolintel.com\\\/product\\\/alumbrado-vial-galaxy-led-40w-de-roblan\\\/\",\"url\":\"https:\\\/\\\/ledsolintel.com\\\/product\\\/alumbrado-vial-galaxy-led-40w-de-roblan\\\/\",\"name\":\"Alumbrado vial GALAXY LED 40W de ROBLAN\",\"isPartOf\":{\"@id\":\"https:\\\/\\\/ledsolintel.com\\\/#website\"},\"primaryImageOfPage\":{\"@id\":\"https:\\\/\\\/ledsolintel.com\\\/product\\\/alumbrado-vial-galaxy-led-40w-de-roblan\\\/#primaryimage\"},\"image\":{\"@id\":\"https:\\\/\\\/ledsolintel.com\\\/product\\\/alumbrado-vial-galaxy-led-40w-de-roblan\\\/#primaryimage\"},\"thumbnailUrl\":\"https:\\\/\\\/ledsolintel.com\\\/wp-content\\\/uploads\\\/2017\\\/02\\\/9064-Alumbrado-vial-GALAXY-LED-40W-de-ROBLAN.jpg\",\"datePublished\":\"2017-02-04T12:48:54+00:00\",\"description\":\"Luminaria para alumbrado vial GALAXY LED de ROBLAN. Fabricada en aluminio fundido, tiene gran resistencia. L\u00e1mpara de 40W de alto rendimiento.\",\"breadcrumb\":{\"@id\":\"https:\\\/\\\/ledsolintel.com\\\/product\\\/alumbrado-vial-galaxy-led-40w-de-roblan\\\/#breadcrumb\"},\"inLanguage\":\"fr-FR\",\"potentialAction\":[{\"@type\":\"ReadAction\",\"target\":[\"https:\\\/\\\/ledsolintel.com\\\/product\\\/alumbrado-vial-galaxy-led-40w-de-roblan\\\/\"]}]},{\"@type\":\"ImageObject\",\"inLanguage\":\"fr-FR\",\"@id\":\"https:\\\/\\\/ledsolintel.com\\\/product\\\/alumbrado-vial-galaxy-led-40w-de-roblan\\\/#primaryimage\",\"url\":\"https:\\\/\\\/ledsolintel.com\\\/wp-content\\\/uploads\\\/2017\\\/02\\\/9064-Alumbrado-vial-GALAXY-LED-40W-de-ROBLAN.jpg\",\"contentUrl\":\"https:\\\/\\\/ledsolintel.com\\\/wp-content\\\/uploads\\\/2017\\\/02\\\/9064-Alumbrado-vial-GALAXY-LED-40W-de-ROBLAN.jpg\",\"caption\":\"Alumbrado vial GALAXY LED 40W de ROBLAN\"},{\"@type\":\"BreadcrumbList\",\"@id\":\"https:\\\/\\\/ledsolintel.com\\\/product\\\/alumbrado-vial-galaxy-led-40w-de-roblan\\\/#breadcrumb\",\"itemListElement\":[{\"@type\":\"ListItem\",\"position\":1,\"name\":\"Portada\",\"item\":\"https:\\\/\\\/ledsolintel.com\\\/fr\\\/\"},{\"@type\":\"ListItem\",\"position\":2,\"name\":\"Tienda\",\"item\":\"https:\\\/\\\/ledsolintel.com\\\/tienda\\\/\"},{\"@type\":\"ListItem\",\"position\":3,\"name\":\"Alumbrado vial GALAXY LED 40W de ROBLAN\"}]},{\"@type\":\"WebSite\",\"@id\":\"https:\\\/\\\/ledsolintel.com\\\/#website\",\"url\":\"https:\\\/\\\/ledsolintel.com\\\/\",\"name\":\"Webmenaje\",\"description\":\"Tienda de bombillas y l\u00e1mparas LED para profesionales\",\"publisher\":{\"@id\":\"https:\\\/\\\/ledsolintel.com\\\/#organization\"},\"potentialAction\":[{\"@type\":\"SearchAction\",\"target\":{\"@type\":\"EntryPoint\",\"urlTemplate\":\"https:\\\/\\\/ledsolintel.com\\\/?s={search_term_string}\"},\"query-input\":{\"@type\":\"PropertyValueSpecification\",\"valueRequired\":true,\"valueName\":\"search_term_string\"}}],\"inLanguage\":\"fr-FR\"},{\"@type\":\"Organization\",\"@id\":\"https:\\\/\\\/ledsolintel.com\\\/#organization\",\"name\":\"Solintel Noroeste, S.L.\",\"url\":\"https:\\\/\\\/ledsolintel.com\\\/\",\"logo\":{\"@type\":\"ImageObject\",\"inLanguage\":\"fr-FR\",\"@id\":\"https:\\\/\\\/ledsolintel.com\\\/#\\\/schema\\\/logo\\\/image\\\/\",\"url\":\"https:\\\/\\\/ledsolintel.com\\\/wp-content\\\/uploads\\\/2024\\\/11\\\/webmenaje-logo-1508269066.jpg\",\"contentUrl\":\"https:\\\/\\\/ledsolintel.com\\\/wp-content\\\/uploads\\\/2024\\\/11\\\/webmenaje-logo-1508269066.jpg\",\"width\":370,\"height\":90,\"caption\":\"Solintel Noroeste, S.L.\"},\"image\":{\"@id\":\"https:\\\/\\\/ledsolintel.com\\\/#\\\/schema\\\/logo\\\/image\\\/\"},\"sameAs\":[\"http:\\\/\\\/www.facebook.com\\\/webmenaje\",\"https:\\\/\\\/x.com\\\/webmenaje\",\"https:\\\/\\\/www.youtube.com\\\/channel\\\/UCX2KoVoeCG4LocZjUc6LmSQ\",\"http:\\\/\\\/www.pinterest.com\\\/webmenaje\"]}]}<\/script>\n<!-- \/ Yoast SEO plugin. -->","yoast_head_json":{"title":"ROBLAN GALAXY LED 40W \u00e9clairage public","description":"Luminaire d'\u00e9clairage public ROBLAN GALAXY LED. Fabriqu\u00e9 en fonte d'aluminium, il est tr\u00e8s r\u00e9sistant. Lampe 40W haute performance.","robots":{"index":"index","follow":"follow","max-snippet":"max-snippet:-1","max-image-preview":"max-image-preview:large","max-video-preview":"max-video-preview:-1"},"canonical":"https:\/\/ledsolintel.com\/fr\/produit-2\/roblan-galaxy-led-40w-eclairage-public\/","og_locale":"fr_FR","og_type":"article","og_title":"Alumbrado vial GALAXY LED 40W de ROBLAN","og_description":"Luminaria para alumbrado vial GALAXY LED de ROBLAN. Fabricada en aluminio fundido, tiene gran resistencia. L\u00e1mpara de 40W de alto rendimiento.","og_url":"https:\/\/ledsolintel.com\/fr\/produit-2\/roblan-galaxy-led-40w-eclairage-public\/","og_site_name":"Ledsolintel","article_publisher":"http:\/\/www.facebook.com\/webmenaje","og_image":[{"url":"https:\/\/ledsolintel.com\/wp-content\/uploads\/2017\/02\/9064-Alumbrado-vial-GALAXY-LED-40W-de-ROBLAN.jpg","width":1,"height":1,"type":"image\/jpeg"}],"twitter_card":"summary_large_image","twitter_site":"@webmenaje","schema":{"@context":"https:\/\/schema.org","@graph":[{"@type":"WebPage","@id":"https:\/\/ledsolintel.com\/product\/alumbrado-vial-galaxy-led-40w-de-roblan\/","url":"https:\/\/ledsolintel.com\/product\/alumbrado-vial-galaxy-led-40w-de-roblan\/","name":"ROBLAN GALAXY LED 40W \u00e9clairage public","isPartOf":{"@id":"https:\/\/ledsolintel.com\/#website"},"primaryImageOfPage":{"@id":"https:\/\/ledsolintel.com\/product\/alumbrado-vial-galaxy-led-40w-de-roblan\/#primaryimage"},"image":{"@id":"https:\/\/ledsolintel.com\/product\/alumbrado-vial-galaxy-led-40w-de-roblan\/#primaryimage"},"thumbnailUrl":"https:\/\/ledsolintel.com\/wp-content\/uploads\/2017\/02\/9064-Alumbrado-vial-GALAXY-LED-40W-de-ROBLAN.jpg","datePublished":"2017-02-04T12:48:54+00:00","description":"Luminaire d'\u00e9clairage public ROBLAN GALAXY LED. Fabriqu\u00e9 en fonte d'aluminium, il est tr\u00e8s r\u00e9sistant. Lampe 40W haute performance.","breadcrumb":{"@id":"https:\/\/ledsolintel.com\/product\/alumbrado-vial-galaxy-led-40w-de-roblan\/#breadcrumb"},"inLanguage":"fr-FR","potentialAction":[{"@type":"ReadAction","target":["https:\/\/ledsolintel.com\/product\/alumbrado-vial-galaxy-led-40w-de-roblan\/"]}]},{"@type":"ImageObject","inLanguage":"fr-FR","@id":"https:\/\/ledsolintel.com\/product\/alumbrado-vial-galaxy-led-40w-de-roblan\/#primaryimage","url":"https:\/\/ledsolintel.com\/wp-content\/uploads\/2017\/02\/9064-Alumbrado-vial-GALAXY-LED-40W-de-ROBLAN.jpg","contentUrl":"https:\/\/ledsolintel.com\/wp-content\/uploads\/2017\/02\/9064-Alumbrado-vial-GALAXY-LED-40W-de-ROBLAN.jpg","caption":"Alumbrado vial GALAXY LED 40W de ROBLAN"},{"@type":"BreadcrumbList","@id":"https:\/\/ledsolintel.com\/product\/alumbrado-vial-galaxy-led-40w-de-roblan\/#breadcrumb","itemListElement":[{"@type":"ListItem","position":1,"name":"Portada","item":"https:\/\/ledsolintel.com\/fr\/"},{"@type":"ListItem","position":2,"name":"Tienda","item":"https:\/\/ledsolintel.com\/tienda\/"},{"@type":"ListItem","position":3,"name":"Alumbrado vial GALAXY LED 40W de ROBLAN"}]},{"@type":"WebSite","@id":"https:\/\/ledsolintel.com\/#website","url":"https:\/\/ledsolintel.com\/","name":"Webmenaje","description":"Magasin d'ampoules et de lampes LED pour les professionnels","publisher":{"@id":"https:\/\/ledsolintel.com\/#organization"},"potentialAction":[{"@type":"SearchAction","target":{"@type":"EntryPoint","urlTemplate":"https:\/\/ledsolintel.com\/?s={search_term_string}"},"query-input":{"@type":"PropertyValueSpecification","valueRequired":true,"valueName":"search_term_string"}}],"inLanguage":"fr-FR"},{"@type":"Organization","@id":"https:\/\/ledsolintel.com\/#organization","name":"Solintel Noroeste, S.L.","url":"https:\/\/ledsolintel.com\/","logo":{"@type":"ImageObject","inLanguage":"fr-FR","@id":"https:\/\/ledsolintel.com\/#\/schema\/logo\/image\/","url":"https:\/\/ledsolintel.com\/wp-content\/uploads\/2024\/11\/webmenaje-logo-1508269066.jpg","contentUrl":"https:\/\/ledsolintel.com\/wp-content\/uploads\/2024\/11\/webmenaje-logo-1508269066.jpg","width":370,"height":90,"caption":"Solintel Noroeste, S.L."},"image":{"@id":"https:\/\/ledsolintel.com\/#\/schema\/logo\/image\/"},"sameAs":["http:\/\/www.facebook.com\/webmenaje","https:\/\/x.com\/webmenaje","https:\/\/www.youtube.com\/channel\/UCX2KoVoeCG4LocZjUc6LmSQ","http:\/\/www.pinterest.com\/webmenaje"]}]}},"_links":{"self":[{"href":"https:\/\/ledsolintel.com\/fr\/wp-json\/wp\/v2\/product\/241119","targetHints":{"allow":["GET"]}}],"collection":[{"href":"https:\/\/ledsolintel.com\/fr\/wp-json\/wp\/v2\/product"}],"about":[{"href":"https:\/\/ledsolintel.com\/fr\/wp-json\/wp\/v2\/types\/product"}],"version-history":[{"count":0,"href":"https:\/\/ledsolintel.com\/fr\/wp-json\/wp\/v2\/product\/241119\/revisions"}],"wp:featuredmedia":[{"embeddable":true,"href":"https:\/\/ledsolintel.com\/fr\/wp-json\/wp\/v2\/media\/241118"}],"wp:attachment":[{"href":"https:\/\/ledsolintel.com\/fr\/wp-json\/wp\/v2\/media?parent=241119"}],"wp:term":[{"taxonomy":"product_brand","embeddable":true,"href":"https:\/\/ledsolintel.com\/fr\/wp-json\/wp\/v2\/product_brand?post=241119"},{"taxonomy":"product_cat","embeddable":true,"href":"https:\/\/ledsolintel.com\/fr\/wp-json\/wp\/v2\/product_cat?post=241119"},{"taxonomy":"product_tag","embeddable":true,"href":"https:\/\/ledsolintel.com\/fr\/wp-json\/wp\/v2\/product_tag?post=241119"}],"curies":[{"name":"wp","href":"https:\/\/api.w.org\/{rel}","templated":true}]}}