{"id":241113,"date":"2017-02-03T18:32:56","date_gmt":"2017-02-03T17:32:56","guid":{"rendered":"https:\/\/nueva.ledsolintel.com\/product\/proyector-arena-240w-de-roblan\/"},"modified":"2017-02-03T18:32:56","modified_gmt":"2017-02-03T17:32:56","slug":"proyector-arena-240w-de-roblan","status":"publish","type":"product","link":"https:\/\/ledsolintel.com\/fr\/produit-2\/proyector-arena-240w-de-roblan\/","title":{"rendered":"ROBLAN ARENA 240W Projecteur industriel \u00e0 LED ARENA 240W"},"content":{"rendered":"<h3>Spot industriel ROBLAN ARENA 240W<\/h3>\n<p>\u00a0<\/p>\n<ul>\n<li>Produit : Projecteur ROBLAN ARENA 240W<\/li>\n<li>Puissance : 240W<\/li>\n<li>Tension : 100-277 V AC<\/li>\n<li>CCT :<\/li>\n<ul>\n<li>4000 K<\/li>\n<li>5000 K<\/li>\n<\/ul>\n<li>Flux lumineux : 29 950- 31 200 lm<\/li>\n<li>Angle d'ouverture : 60\u00bax100\u00ba.<\/li>\n<li>C.R.I. &gt;80<\/li>\n<li>Facteur de puissance &gt; 0,95<\/li>\n<li>Protection IP65<\/li>\n<li>Protection IK10<\/li>\n<li>Dur\u00e9e de vie : 54 000 heures<\/li>\n<li>Alimentation : Meanwell HLG<\/li>\n<li>Type de LED : SMD3030 Lumiled<\/li>\n<li>Protection contre les surtensions : Ligne-Terre:4KV,Ligne-Ligne:2<\/li>\n<\/ul><\/p>","protected":false},"excerpt":{"rendered":"<p>Projecteur professionnel haute puissance ARENA de ROBLAN. Pour les applications n\u00e9cessitant une grande luminosit\u00e9, telles que les stades et les ar\u00e8nes sportives. Angle r\u00e9glable. Disponible en blanc naturel et blanc froid.<\/p><\/p>","protected":false},"featured_media":241112,"template":"","meta":[],"product_brand":[99355],"product_cat":[99653,99577],"product_tag":[],"class_list":{"0":"post-241113","1":"product","2":"type-product","3":"status-publish","4":"has-post-thumbnail","6":"product_brand-roblan","7":"product_cat-proyectores-industriales-led","8":"product_cat-iluminacion-industrial-y-comercial","9":"pa_cct-4000k","10":"pa_cct-5000k","13":"instock","14":"taxable","15":"shipping-taxable","16":"purchasable","17":"product-type-variable","18":"has-default-attributes"},"yoast_head":"<!-- This site is optimized with the Yoast SEO plugin v26.6 - https:\/\/yoast.com\/wordpress\/plugins\/seo\/ -->\n<title>Proyector ARENA de ROBLAN<\/title>\n<meta name=\"description\" content=\"Proyector profesional de alta potencia ARENA de ROBLAN. Para usos donde se requiere una enorme luminosidad, como estadios y pistas deportivas. \u00c1ngulo regulable\" \/>\n<meta name=\"robots\" content=\"index, follow, max-snippet:-1, max-image-preview:large, max-video-preview:-1\" \/>\n<link rel=\"canonical\" href=\"https:\/\/ledsolintel.com\/fr\/produit-2\/proyector-arena-240w-de-roblan\/\" \/>\n<meta property=\"og:locale\" content=\"fr_FR\" \/>\n<meta property=\"og:type\" content=\"article\" \/>\n<meta property=\"og:title\" content=\"Proyector ARENA de ROBLAN\" \/>\n<meta property=\"og:description\" content=\"Proyector profesional de alta potencia ARENA de ROBLAN. Para usos donde se requiere una enorme luminosidad, como estadios y pistas deportivas. \u00c1ngulo regulable\" \/>\n<meta property=\"og:url\" content=\"https:\/\/ledsolintel.com\/fr\/produit-2\/proyector-arena-240w-de-roblan\/\" \/>\n<meta property=\"og:site_name\" content=\"Ledsolintel\" \/>\n<meta property=\"article:publisher\" content=\"http:\/\/www.facebook.com\/webmenaje\" \/>\n<meta property=\"og:image\" content=\"https:\/\/ledsolintel.com\/wp-content\/uploads\/2017\/02\/20411-Proyector-industrial-ARENA-240W-de-ROBLAN.jpg\" \/>\n\t<meta property=\"og:image:width\" content=\"1\" \/>\n\t<meta property=\"og:image:height\" content=\"1\" \/>\n\t<meta property=\"og:image:type\" content=\"image\/jpeg\" \/>\n<meta name=\"twitter:card\" content=\"summary_large_image\" \/>\n<meta name=\"twitter:site\" content=\"@webmenaje\" \/>\n<script type=\"application\/ld+json\" class=\"yoast-schema-graph\">{\"@context\":\"https:\/\/schema.org\",\"@graph\":[{\"@type\":\"WebPage\",\"@id\":\"https:\/\/ledsolintel.com\/product\/proyector-arena-240w-de-roblan\/\",\"url\":\"https:\/\/ledsolintel.com\/product\/proyector-arena-240w-de-roblan\/\",\"name\":\"Proyector ARENA de ROBLAN\",\"isPartOf\":{\"@id\":\"https:\/\/ledsolintel.com\/#website\"},\"primaryImageOfPage\":{\"@id\":\"https:\/\/ledsolintel.com\/product\/proyector-arena-240w-de-roblan\/#primaryimage\"},\"image\":{\"@id\":\"https:\/\/ledsolintel.com\/product\/proyector-arena-240w-de-roblan\/#primaryimage\"},\"thumbnailUrl\":\"https:\/\/ledsolintel.com\/wp-content\/uploads\/2017\/02\/20411-Proyector-industrial-ARENA-240W-de-ROBLAN.jpg\",\"datePublished\":\"2017-02-03T17:32:56+00:00\",\"description\":\"Proyector profesional de alta potencia ARENA de ROBLAN. Para usos donde se requiere una enorme luminosidad, como estadios y pistas deportivas. \u00c1ngulo regulable\",\"breadcrumb\":{\"@id\":\"https:\/\/ledsolintel.com\/product\/proyector-arena-240w-de-roblan\/#breadcrumb\"},\"inLanguage\":\"fr-FR\",\"potentialAction\":[{\"@type\":\"ReadAction\",\"target\":[\"https:\/\/ledsolintel.com\/product\/proyector-arena-240w-de-roblan\/\"]}]},{\"@type\":\"ImageObject\",\"inLanguage\":\"fr-FR\",\"@id\":\"https:\/\/ledsolintel.com\/product\/proyector-arena-240w-de-roblan\/#primaryimage\",\"url\":\"https:\/\/ledsolintel.com\/wp-content\/uploads\/2017\/02\/20411-Proyector-industrial-ARENA-240W-de-ROBLAN.jpg\",\"contentUrl\":\"https:\/\/ledsolintel.com\/wp-content\/uploads\/2017\/02\/20411-Proyector-industrial-ARENA-240W-de-ROBLAN.jpg\",\"caption\":\"Proyector industrial ARENA 240W de ROBLAN\"},{\"@type\":\"BreadcrumbList\",\"@id\":\"https:\/\/ledsolintel.com\/product\/proyector-arena-240w-de-roblan\/#breadcrumb\",\"itemListElement\":[{\"@type\":\"ListItem\",\"position\":1,\"name\":\"Portada\",\"item\":\"https:\/\/ledsolintel.com\/fr\/\"},{\"@type\":\"ListItem\",\"position\":2,\"name\":\"Tienda\",\"item\":\"https:\/\/ledsolintel.com\/tienda\/\"},{\"@type\":\"ListItem\",\"position\":3,\"name\":\"Proyector industrial LED ARENA 240W de ROBLAN\"}]},{\"@type\":\"WebSite\",\"@id\":\"https:\/\/ledsolintel.com\/#website\",\"url\":\"https:\/\/ledsolintel.com\/\",\"name\":\"Webmenaje\",\"description\":\"Tienda de bombillas y l\u00e1mparas LED para profesionales\",\"publisher\":{\"@id\":\"https:\/\/ledsolintel.com\/#organization\"},\"potentialAction\":[{\"@type\":\"SearchAction\",\"target\":{\"@type\":\"EntryPoint\",\"urlTemplate\":\"https:\/\/ledsolintel.com\/?s={search_term_string}\"},\"query-input\":{\"@type\":\"PropertyValueSpecification\",\"valueRequired\":true,\"valueName\":\"search_term_string\"}}],\"inLanguage\":\"fr-FR\"},{\"@type\":\"Organization\",\"@id\":\"https:\/\/ledsolintel.com\/#organization\",\"name\":\"Solintel Noroeste, S.L.\",\"url\":\"https:\/\/ledsolintel.com\/\",\"logo\":{\"@type\":\"ImageObject\",\"inLanguage\":\"fr-FR\",\"@id\":\"https:\/\/ledsolintel.com\/#\/schema\/logo\/image\/\",\"url\":\"https:\/\/ledsolintel.com\/wp-content\/uploads\/2024\/11\/webmenaje-logo-1508269066.jpg\",\"contentUrl\":\"https:\/\/ledsolintel.com\/wp-content\/uploads\/2024\/11\/webmenaje-logo-1508269066.jpg\",\"width\":370,\"height\":90,\"caption\":\"Solintel Noroeste, S.L.\"},\"image\":{\"@id\":\"https:\/\/ledsolintel.com\/#\/schema\/logo\/image\/\"},\"sameAs\":[\"http:\/\/www.facebook.com\/webmenaje\",\"https:\/\/x.com\/webmenaje\",\"https:\/\/www.youtube.com\/channel\/UCX2KoVoeCG4LocZjUc6LmSQ\",\"http:\/\/www.pinterest.com\/webmenaje\"]}]}<\/script>\n<!-- \/ Yoast SEO plugin. -->","yoast_head_json":{"title":"Proyector ARENA de ROBLAN","description":"Proyector profesional de alta potencia ARENA de ROBLAN. Para usos donde se requiere una enorme luminosidad, como estadios y pistas deportivas. \u00c1ngulo regulable","robots":{"index":"index","follow":"follow","max-snippet":"max-snippet:-1","max-image-preview":"max-image-preview:large","max-video-preview":"max-video-preview:-1"},"canonical":"https:\/\/ledsolintel.com\/fr\/produit-2\/proyector-arena-240w-de-roblan\/","og_locale":"fr_FR","og_type":"article","og_title":"Proyector ARENA de ROBLAN","og_description":"Proyector profesional de alta potencia ARENA de ROBLAN. Para usos donde se requiere una enorme luminosidad, como estadios y pistas deportivas. \u00c1ngulo regulable","og_url":"https:\/\/ledsolintel.com\/fr\/produit-2\/proyector-arena-240w-de-roblan\/","og_site_name":"Ledsolintel","article_publisher":"http:\/\/www.facebook.com\/webmenaje","og_image":[{"url":"https:\/\/ledsolintel.com\/wp-content\/uploads\/2017\/02\/20411-Proyector-industrial-ARENA-240W-de-ROBLAN.jpg","width":1,"height":1,"type":"image\/jpeg"}],"twitter_card":"summary_large_image","twitter_site":"@webmenaje","schema":{"@context":"https:\/\/schema.org","@graph":[{"@type":"WebPage","@id":"https:\/\/ledsolintel.com\/product\/proyector-arena-240w-de-roblan\/","url":"https:\/\/ledsolintel.com\/product\/proyector-arena-240w-de-roblan\/","name":"Proyector ARENA de ROBLAN","isPartOf":{"@id":"https:\/\/ledsolintel.com\/#website"},"primaryImageOfPage":{"@id":"https:\/\/ledsolintel.com\/product\/proyector-arena-240w-de-roblan\/#primaryimage"},"image":{"@id":"https:\/\/ledsolintel.com\/product\/proyector-arena-240w-de-roblan\/#primaryimage"},"thumbnailUrl":"https:\/\/ledsolintel.com\/wp-content\/uploads\/2017\/02\/20411-Proyector-industrial-ARENA-240W-de-ROBLAN.jpg","datePublished":"2017-02-03T17:32:56+00:00","description":"Proyector profesional de alta potencia ARENA de ROBLAN. Para usos donde se requiere una enorme luminosidad, como estadios y pistas deportivas. \u00c1ngulo regulable","breadcrumb":{"@id":"https:\/\/ledsolintel.com\/product\/proyector-arena-240w-de-roblan\/#breadcrumb"},"inLanguage":"fr-FR","potentialAction":[{"@type":"ReadAction","target":["https:\/\/ledsolintel.com\/product\/proyector-arena-240w-de-roblan\/"]}]},{"@type":"ImageObject","inLanguage":"fr-FR","@id":"https:\/\/ledsolintel.com\/product\/proyector-arena-240w-de-roblan\/#primaryimage","url":"https:\/\/ledsolintel.com\/wp-content\/uploads\/2017\/02\/20411-Proyector-industrial-ARENA-240W-de-ROBLAN.jpg","contentUrl":"https:\/\/ledsolintel.com\/wp-content\/uploads\/2017\/02\/20411-Proyector-industrial-ARENA-240W-de-ROBLAN.jpg","caption":"Proyector industrial ARENA 240W de ROBLAN"},{"@type":"BreadcrumbList","@id":"https:\/\/ledsolintel.com\/product\/proyector-arena-240w-de-roblan\/#breadcrumb","itemListElement":[{"@type":"ListItem","position":1,"name":"Portada","item":"https:\/\/ledsolintel.com\/fr\/"},{"@type":"ListItem","position":2,"name":"Tienda","item":"https:\/\/ledsolintel.com\/tienda\/"},{"@type":"ListItem","position":3,"name":"Proyector industrial LED ARENA 240W de ROBLAN"}]},{"@type":"WebSite","@id":"https:\/\/ledsolintel.com\/#website","url":"https:\/\/ledsolintel.com\/","name":"Webmenaje","description":"Magasin d'ampoules et de lampes LED pour les professionnels","publisher":{"@id":"https:\/\/ledsolintel.com\/#organization"},"potentialAction":[{"@type":"SearchAction","target":{"@type":"EntryPoint","urlTemplate":"https:\/\/ledsolintel.com\/?s={search_term_string}"},"query-input":{"@type":"PropertyValueSpecification","valueRequired":true,"valueName":"search_term_string"}}],"inLanguage":"fr-FR"},{"@type":"Organization","@id":"https:\/\/ledsolintel.com\/#organization","name":"Solintel Noroeste, S.L.","url":"https:\/\/ledsolintel.com\/","logo":{"@type":"ImageObject","inLanguage":"fr-FR","@id":"https:\/\/ledsolintel.com\/#\/schema\/logo\/image\/","url":"https:\/\/ledsolintel.com\/wp-content\/uploads\/2024\/11\/webmenaje-logo-1508269066.jpg","contentUrl":"https:\/\/ledsolintel.com\/wp-content\/uploads\/2024\/11\/webmenaje-logo-1508269066.jpg","width":370,"height":90,"caption":"Solintel Noroeste, S.L."},"image":{"@id":"https:\/\/ledsolintel.com\/#\/schema\/logo\/image\/"},"sameAs":["http:\/\/www.facebook.com\/webmenaje","https:\/\/x.com\/webmenaje","https:\/\/www.youtube.com\/channel\/UCX2KoVoeCG4LocZjUc6LmSQ","http:\/\/www.pinterest.com\/webmenaje"]}]}},"_links":{"self":[{"href":"https:\/\/ledsolintel.com\/fr\/wp-json\/wp\/v2\/product\/241113","targetHints":{"allow":["GET"]}}],"collection":[{"href":"https:\/\/ledsolintel.com\/fr\/wp-json\/wp\/v2\/product"}],"about":[{"href":"https:\/\/ledsolintel.com\/fr\/wp-json\/wp\/v2\/types\/product"}],"version-history":[{"count":0,"href":"https:\/\/ledsolintel.com\/fr\/wp-json\/wp\/v2\/product\/241113\/revisions"}],"wp:featuredmedia":[{"embeddable":true,"href":"https:\/\/ledsolintel.com\/fr\/wp-json\/wp\/v2\/media\/241112"}],"wp:attachment":[{"href":"https:\/\/ledsolintel.com\/fr\/wp-json\/wp\/v2\/media?parent=241113"}],"wp:term":[{"taxonomy":"product_brand","embeddable":true,"href":"https:\/\/ledsolintel.com\/fr\/wp-json\/wp\/v2\/product_brand?post=241113"},{"taxonomy":"product_cat","embeddable":true,"href":"https:\/\/ledsolintel.com\/fr\/wp-json\/wp\/v2\/product_cat?post=241113"},{"taxonomy":"product_tag","embeddable":true,"href":"https:\/\/ledsolintel.com\/fr\/wp-json\/wp\/v2\/product_tag?post=241113"}],"curies":[{"name":"wp","href":"https:\/\/api.w.org\/{rel}","templated":true}]}}