{"id":241063,"date":"2016-11-24T19:36:11","date_gmt":"2016-11-24T18:36:11","guid":{"rendered":"https:\/\/nueva.ledsolintel.com\/product\/neo-9w-220v-120-led-de-beneito-faure\/"},"modified":"2016-11-24T19:36:11","modified_gmt":"2016-11-24T18:36:11","slug":"neo-9w-220v-120-led-de-beneito-faure","status":"publish","type":"product","link":"https:\/\/ledsolintel.com\/fr\/produit-2\/neo-9w-220v-120-led-de-beneito-faure\/","title":{"rendered":"NEO SENSOR ALUMINIUM 9W 220-240V 120\u00ba LED"},"content":{"rendered":"<h3>Caract\u00e9ristiques :<\/h3>\n<ul>\n<li>Puissance : 9 W<\/li>\n<li>Tension : 220-240 V<\/li>\n<li>Luminosit\u00e9\n<ul>\n<li>Lumens : 690-700<\/li>\n<li>Candelas : 258-262<\/li>\n<\/ul>\n<\/li>\n<li>Optique : 120\u00ba.<\/li>\n<li>Temp\u00e9rature de couleur :\n<ul>\n<li>3000 K<\/li>\n<li>4000 K<\/li>\n<\/ul>\n<\/li>\n<li>Dur\u00e9e de vie : 25 000 heures<\/li>\n<li>Protection IP54<\/li>\n<li>Protection IK08<\/li>\n<li>C.R.I. &gt; 80<\/li>\n<li>Dimensions : 105x164x100 mm<\/li>\n<li>Facteur de puissance &gt;0,7<\/li>\n<\/ul>","protected":false},"excerpt":{"rendered":"<p>Applique Beneito Faure NEO 9W. \u00c9quip\u00e9e d'un d\u00e9tecteur de pr\u00e9sence qui modifie l'angle lumineux. Tr\u00e8s r\u00e9sistante \u00e0 l'environnement et aux chocs.<\/p>\n<p>Disponible en deux teintes de lumi\u00e8re et deux finitions.<\/p>","protected":false},"featured_media":241059,"template":"","meta":[],"product_brand":[99357],"product_cat":[99603,99575],"product_tag":[],"class_list":{"0":"post-241063","1":"product","2":"type-product","3":"status-publish","4":"has-post-thumbnail","6":"product_brand-beneito-faure","7":"product_cat-apliques-para-exterior","8":"product_cat-iluminacion-para-jardines-y-exteriores","9":"pa_acabado-blanco","10":"pa_acabado-negro","11":"pa_cct-calido3000k","12":"pa_cct-natural4000k","13":"pa_sensor-consensor","14":"pa_sensor-sinsensor","17":"instock","18":"taxable","19":"shipping-taxable","20":"purchasable","21":"product-type-variable","22":"has-default-attributes"},"yoast_head":"<!-- This site is optimized with the Yoast SEO plugin v27.4 - https:\/\/yoast.com\/product\/yoast-seo-wordpress\/ -->\n<title>NEO SENSOR ALUMINIUM 9W 220-240V 120\u00ba LED<\/title>\n<meta name=\"description\" content=\"Aplique NEO 9W de Beneito Faure. Equipado con un sensor de presencia que cambia el \u00e1ngulo luminoso. Muy resistente al entorno y a los golpes.\" \/>\n<meta name=\"robots\" content=\"index, follow, max-snippet:-1, max-image-preview:large, max-video-preview:-1\" \/>\n<link rel=\"canonical\" href=\"https:\/\/ledsolintel.com\/fr\/produit-2\/neo-9w-220v-120-led-de-beneito-faure\/\" \/>\n<meta property=\"og:locale\" content=\"fr_FR\" \/>\n<meta property=\"og:type\" content=\"article\" \/>\n<meta property=\"og:title\" content=\"NEO SENSOR ALUMINIUM 9W 220-240V 120\u00ba LED\" \/>\n<meta property=\"og:description\" content=\"Aplique NEO 9W de Beneito Faure. Equipado con un sensor de presencia que cambia el \u00e1ngulo luminoso. Muy resistente al entorno y a los golpes.\" \/>\n<meta property=\"og:url\" content=\"https:\/\/ledsolintel.com\/fr\/produit-2\/neo-9w-220v-120-led-de-beneito-faure\/\" \/>\n<meta property=\"og:site_name\" content=\"Ledsolintel\" \/>\n<meta property=\"article:publisher\" content=\"http:\/\/www.facebook.com\/webmenaje\" \/>\n<meta property=\"og:image\" content=\"https:\/\/ledsolintel.com\/wp-content\/uploads\/2016\/11\/8956-NEO-9W-220V-120o-LED-de-Beneito-Faure.jpg\" \/>\n\t<meta property=\"og:image:width\" content=\"1\" \/>\n\t<meta property=\"og:image:height\" content=\"1\" \/>\n\t<meta property=\"og:image:type\" content=\"image\/jpeg\" \/>\n<meta name=\"twitter:card\" content=\"summary_large_image\" \/>\n<meta name=\"twitter:site\" content=\"@webmenaje\" \/>\n<script type=\"application\/ld+json\" class=\"yoast-schema-graph\">{\"@context\":\"https:\\\/\\\/schema.org\",\"@graph\":[{\"@type\":\"WebPage\",\"@id\":\"https:\\\/\\\/ledsolintel.com\\\/product\\\/neo-9w-220v-120-led-de-beneito-faure\\\/\",\"url\":\"https:\\\/\\\/ledsolintel.com\\\/product\\\/neo-9w-220v-120-led-de-beneito-faure\\\/\",\"name\":\"NEO SENSOR ALUMINIUM 9W 220-240V 120\u00ba LED\",\"isPartOf\":{\"@id\":\"https:\\\/\\\/ledsolintel.com\\\/#website\"},\"primaryImageOfPage\":{\"@id\":\"https:\\\/\\\/ledsolintel.com\\\/product\\\/neo-9w-220v-120-led-de-beneito-faure\\\/#primaryimage\"},\"image\":{\"@id\":\"https:\\\/\\\/ledsolintel.com\\\/product\\\/neo-9w-220v-120-led-de-beneito-faure\\\/#primaryimage\"},\"thumbnailUrl\":\"https:\\\/\\\/ledsolintel.com\\\/wp-content\\\/uploads\\\/2016\\\/11\\\/8956-NEO-9W-220V-120o-LED-de-Beneito-Faure.jpg\",\"datePublished\":\"2016-11-24T18:36:11+00:00\",\"description\":\"Aplique NEO 9W de Beneito Faure. Equipado con un sensor de presencia que cambia el \u00e1ngulo luminoso. Muy resistente al entorno y a los golpes.\",\"breadcrumb\":{\"@id\":\"https:\\\/\\\/ledsolintel.com\\\/product\\\/neo-9w-220v-120-led-de-beneito-faure\\\/#breadcrumb\"},\"inLanguage\":\"fr-FR\",\"potentialAction\":[{\"@type\":\"ReadAction\",\"target\":[\"https:\\\/\\\/ledsolintel.com\\\/product\\\/neo-9w-220v-120-led-de-beneito-faure\\\/\"]}]},{\"@type\":\"ImageObject\",\"inLanguage\":\"fr-FR\",\"@id\":\"https:\\\/\\\/ledsolintel.com\\\/product\\\/neo-9w-220v-120-led-de-beneito-faure\\\/#primaryimage\",\"url\":\"https:\\\/\\\/ledsolintel.com\\\/wp-content\\\/uploads\\\/2016\\\/11\\\/8956-NEO-9W-220V-120o-LED-de-Beneito-Faure.jpg\",\"contentUrl\":\"https:\\\/\\\/ledsolintel.com\\\/wp-content\\\/uploads\\\/2016\\\/11\\\/8956-NEO-9W-220V-120o-LED-de-Beneito-Faure.jpg\",\"caption\":\"NEO 9W 220V 120\u00ba LED de Beneito Faure\"},{\"@type\":\"BreadcrumbList\",\"@id\":\"https:\\\/\\\/ledsolintel.com\\\/product\\\/neo-9w-220v-120-led-de-beneito-faure\\\/#breadcrumb\",\"itemListElement\":[{\"@type\":\"ListItem\",\"position\":1,\"name\":\"Portada\",\"item\":\"https:\\\/\\\/ledsolintel.com\\\/fr\\\/\"},{\"@type\":\"ListItem\",\"position\":2,\"name\":\"Tienda\",\"item\":\"https:\\\/\\\/ledsolintel.com\\\/tienda\\\/\"},{\"@type\":\"ListItem\",\"position\":3,\"name\":\"NEO SENSOR ALUMINIUM 9W 220-240V 120\u00ba LED\"}]},{\"@type\":\"WebSite\",\"@id\":\"https:\\\/\\\/ledsolintel.com\\\/#website\",\"url\":\"https:\\\/\\\/ledsolintel.com\\\/\",\"name\":\"Webmenaje\",\"description\":\"Tienda de bombillas y l\u00e1mparas LED para profesionales\",\"publisher\":{\"@id\":\"https:\\\/\\\/ledsolintel.com\\\/#organization\"},\"potentialAction\":[{\"@type\":\"SearchAction\",\"target\":{\"@type\":\"EntryPoint\",\"urlTemplate\":\"https:\\\/\\\/ledsolintel.com\\\/?s={search_term_string}\"},\"query-input\":{\"@type\":\"PropertyValueSpecification\",\"valueRequired\":true,\"valueName\":\"search_term_string\"}}],\"inLanguage\":\"fr-FR\"},{\"@type\":\"Organization\",\"@id\":\"https:\\\/\\\/ledsolintel.com\\\/#organization\",\"name\":\"Solintel Noroeste, S.L.\",\"url\":\"https:\\\/\\\/ledsolintel.com\\\/\",\"logo\":{\"@type\":\"ImageObject\",\"inLanguage\":\"fr-FR\",\"@id\":\"https:\\\/\\\/ledsolintel.com\\\/#\\\/schema\\\/logo\\\/image\\\/\",\"url\":\"https:\\\/\\\/ledsolintel.com\\\/wp-content\\\/uploads\\\/2024\\\/11\\\/webmenaje-logo-1508269066.jpg\",\"contentUrl\":\"https:\\\/\\\/ledsolintel.com\\\/wp-content\\\/uploads\\\/2024\\\/11\\\/webmenaje-logo-1508269066.jpg\",\"width\":370,\"height\":90,\"caption\":\"Solintel Noroeste, S.L.\"},\"image\":{\"@id\":\"https:\\\/\\\/ledsolintel.com\\\/#\\\/schema\\\/logo\\\/image\\\/\"},\"sameAs\":[\"http:\\\/\\\/www.facebook.com\\\/webmenaje\",\"https:\\\/\\\/x.com\\\/webmenaje\",\"https:\\\/\\\/www.youtube.com\\\/channel\\\/UCX2KoVoeCG4LocZjUc6LmSQ\",\"http:\\\/\\\/www.pinterest.com\\\/webmenaje\"]}]}<\/script>\n<!-- \/ Yoast SEO plugin. -->","yoast_head_json":{"title":"NEO SENSOR ALUMINIUM 9W 220-240V 120\u00ba LED","description":"Applique Beneito Faure NEO 9W. \u00c9quip\u00e9e d'un d\u00e9tecteur de pr\u00e9sence qui modifie l'angle lumineux. Tr\u00e8s r\u00e9sistante \u00e0 l'environnement et aux chocs.","robots":{"index":"index","follow":"follow","max-snippet":"max-snippet:-1","max-image-preview":"max-image-preview:large","max-video-preview":"max-video-preview:-1"},"canonical":"https:\/\/ledsolintel.com\/fr\/produit-2\/neo-9w-220v-120-led-de-beneito-faure\/","og_locale":"fr_FR","og_type":"article","og_title":"NEO SENSOR ALUMINIUM 9W 220-240V 120\u00ba LED","og_description":"Aplique NEO 9W de Beneito Faure. Equipado con un sensor de presencia que cambia el \u00e1ngulo luminoso. Muy resistente al entorno y a los golpes.","og_url":"https:\/\/ledsolintel.com\/fr\/produit-2\/neo-9w-220v-120-led-de-beneito-faure\/","og_site_name":"Ledsolintel","article_publisher":"http:\/\/www.facebook.com\/webmenaje","og_image":[{"url":"https:\/\/ledsolintel.com\/wp-content\/uploads\/2016\/11\/8956-NEO-9W-220V-120o-LED-de-Beneito-Faure.jpg","width":1,"height":1,"type":"image\/jpeg"}],"twitter_card":"summary_large_image","twitter_site":"@webmenaje","schema":{"@context":"https:\/\/schema.org","@graph":[{"@type":"WebPage","@id":"https:\/\/ledsolintel.com\/product\/neo-9w-220v-120-led-de-beneito-faure\/","url":"https:\/\/ledsolintel.com\/product\/neo-9w-220v-120-led-de-beneito-faure\/","name":"NEO SENSOR ALUMINIUM 9W 220-240V 120\u00ba LED","isPartOf":{"@id":"https:\/\/ledsolintel.com\/#website"},"primaryImageOfPage":{"@id":"https:\/\/ledsolintel.com\/product\/neo-9w-220v-120-led-de-beneito-faure\/#primaryimage"},"image":{"@id":"https:\/\/ledsolintel.com\/product\/neo-9w-220v-120-led-de-beneito-faure\/#primaryimage"},"thumbnailUrl":"https:\/\/ledsolintel.com\/wp-content\/uploads\/2016\/11\/8956-NEO-9W-220V-120o-LED-de-Beneito-Faure.jpg","datePublished":"2016-11-24T18:36:11+00:00","description":"Applique Beneito Faure NEO 9W. \u00c9quip\u00e9e d'un d\u00e9tecteur de pr\u00e9sence qui modifie l'angle lumineux. Tr\u00e8s r\u00e9sistante \u00e0 l'environnement et aux chocs.","breadcrumb":{"@id":"https:\/\/ledsolintel.com\/product\/neo-9w-220v-120-led-de-beneito-faure\/#breadcrumb"},"inLanguage":"fr-FR","potentialAction":[{"@type":"ReadAction","target":["https:\/\/ledsolintel.com\/product\/neo-9w-220v-120-led-de-beneito-faure\/"]}]},{"@type":"ImageObject","inLanguage":"fr-FR","@id":"https:\/\/ledsolintel.com\/product\/neo-9w-220v-120-led-de-beneito-faure\/#primaryimage","url":"https:\/\/ledsolintel.com\/wp-content\/uploads\/2016\/11\/8956-NEO-9W-220V-120o-LED-de-Beneito-Faure.jpg","contentUrl":"https:\/\/ledsolintel.com\/wp-content\/uploads\/2016\/11\/8956-NEO-9W-220V-120o-LED-de-Beneito-Faure.jpg","caption":"NEO 9W 220V 120\u00ba LED de Beneito Faure"},{"@type":"BreadcrumbList","@id":"https:\/\/ledsolintel.com\/product\/neo-9w-220v-120-led-de-beneito-faure\/#breadcrumb","itemListElement":[{"@type":"ListItem","position":1,"name":"Portada","item":"https:\/\/ledsolintel.com\/fr\/"},{"@type":"ListItem","position":2,"name":"Tienda","item":"https:\/\/ledsolintel.com\/tienda\/"},{"@type":"ListItem","position":3,"name":"NEO SENSOR ALUMINIUM 9W 220-240V 120\u00ba LED"}]},{"@type":"WebSite","@id":"https:\/\/ledsolintel.com\/#website","url":"https:\/\/ledsolintel.com\/","name":"Webmenaje","description":"Magasin d'ampoules et de lampes LED pour les professionnels","publisher":{"@id":"https:\/\/ledsolintel.com\/#organization"},"potentialAction":[{"@type":"SearchAction","target":{"@type":"EntryPoint","urlTemplate":"https:\/\/ledsolintel.com\/?s={search_term_string}"},"query-input":{"@type":"PropertyValueSpecification","valueRequired":true,"valueName":"search_term_string"}}],"inLanguage":"fr-FR"},{"@type":"Organization","@id":"https:\/\/ledsolintel.com\/#organization","name":"Solintel Noroeste, S.L.","url":"https:\/\/ledsolintel.com\/","logo":{"@type":"ImageObject","inLanguage":"fr-FR","@id":"https:\/\/ledsolintel.com\/#\/schema\/logo\/image\/","url":"https:\/\/ledsolintel.com\/wp-content\/uploads\/2024\/11\/webmenaje-logo-1508269066.jpg","contentUrl":"https:\/\/ledsolintel.com\/wp-content\/uploads\/2024\/11\/webmenaje-logo-1508269066.jpg","width":370,"height":90,"caption":"Solintel Noroeste, S.L."},"image":{"@id":"https:\/\/ledsolintel.com\/#\/schema\/logo\/image\/"},"sameAs":["http:\/\/www.facebook.com\/webmenaje","https:\/\/x.com\/webmenaje","https:\/\/www.youtube.com\/channel\/UCX2KoVoeCG4LocZjUc6LmSQ","http:\/\/www.pinterest.com\/webmenaje"]}]}},"_links":{"self":[{"href":"https:\/\/ledsolintel.com\/fr\/wp-json\/wp\/v2\/product\/241063","targetHints":{"allow":["GET"]}}],"collection":[{"href":"https:\/\/ledsolintel.com\/fr\/wp-json\/wp\/v2\/product"}],"about":[{"href":"https:\/\/ledsolintel.com\/fr\/wp-json\/wp\/v2\/types\/product"}],"version-history":[{"count":0,"href":"https:\/\/ledsolintel.com\/fr\/wp-json\/wp\/v2\/product\/241063\/revisions"}],"wp:featuredmedia":[{"embeddable":true,"href":"https:\/\/ledsolintel.com\/fr\/wp-json\/wp\/v2\/media\/241059"}],"wp:attachment":[{"href":"https:\/\/ledsolintel.com\/fr\/wp-json\/wp\/v2\/media?parent=241063"}],"wp:term":[{"taxonomy":"product_brand","embeddable":true,"href":"https:\/\/ledsolintel.com\/fr\/wp-json\/wp\/v2\/product_brand?post=241063"},{"taxonomy":"product_cat","embeddable":true,"href":"https:\/\/ledsolintel.com\/fr\/wp-json\/wp\/v2\/product_cat?post=241063"},{"taxonomy":"product_tag","embeddable":true,"href":"https:\/\/ledsolintel.com\/fr\/wp-json\/wp\/v2\/product_tag?post=241063"}],"curies":[{"name":"wp","href":"https:\/\/api.w.org\/{rel}","templated":true}]}}