{"id":241023,"date":"2016-10-19T12:22:10","date_gmt":"2016-10-19T10:22:10","guid":{"rendered":"https:\/\/nueva.ledsolintel.com\/product\/led-vintage-esferica-4w-e14e27-de-roblan\/"},"modified":"2016-10-19T12:22:10","modified_gmt":"2016-10-19T10:22:10","slug":"led-vintage-esferica-4w-e14e27-de-roblan","status":"publish","type":"product","link":"https:\/\/ledsolintel.com\/fr\/produit-2\/led-vintage-esferica-4w-e14e27-de-roblan\/","title":{"rendered":"LED sph\u00e9rique VINTAGE 4W de Roblan"},"content":{"rendered":"<h3>Caract\u00e9ristiques :<\/h3>\n<ul>\n<li>Produit : LED Vintage Spherical 4W E14\/E27 de Roblan<\/li>\n<li>No. de r\u00e9f. : VING4504E14C<\/li>\n<li>Puissance : 4 W<\/li>\n<li>Tension : 220 \u00e0 240V AC<\/li>\n<li>Raccordement : E27<\/li>\n<li>Mesures :\n<ul>\n<li>E14 : 78\u00d745 mm<\/li>\n<li>E27 : 83\u00d745 mm<\/li>\n<\/ul>\n<\/li>\n<li>Temp\u00e9rature de couleur : blanc tr\u00e8s chaud 2700K<\/li>\n<li>Flux lumineux : 470 lumens<\/li>\n<li>Angle d'ouverture : 360\u00ba.<\/li>\n<li>IRC : &gt;80<\/li>\n<li>Facteur de puissance : &gt;0,4<\/li>\n<li>Dur\u00e9e de vie : 15 000 heures<\/li>\n<\/ul>","protected":false},"excerpt":{"rendered":"<p>Ampoule LED sph\u00e9rique Roblan 4W de style vintage. Angle d'\u00e9clairage de 360\u00ba pour un \u00e9clairage g\u00e9n\u00e9ral. Couleur blanc tr\u00e8s chaud qui cr\u00e9e des atmosph\u00e8res douces et relaxantes. Disponible avec douille E14 et E27.<\/p>","protected":false},"featured_media":241022,"template":"","meta":[],"product_brand":[99355],"product_cat":[99571,99873,99927],"product_tag":[],"class_list":{"0":"post-241023","1":"product","2":"type-product","3":"status-publish","4":"has-post-thumbnail","6":"product_brand-roblan","7":"product_cat-bombillas-led","8":"product_cat-bombillas-led-esfericas","9":"product_cat-bombillas-e14-y-e27-vintage","10":"pa_casquillo-e14","11":"pa_casquillo-e27","14":"instock","15":"taxable","16":"shipping-taxable","17":"purchasable","18":"product-type-variable","19":"has-default-attributes"},"yoast_head":"<!-- This site is optimized with the Yoast SEO plugin v26.6 - https:\/\/yoast.com\/wordpress\/plugins\/seo\/ -->\n<title>LED Vintage Esf\u00e9rica 4W E14\/E27 de Roblan<\/title>\n<meta name=\"description\" content=\"Bombilla LED esf\u00e9rica 4W de Roblan con estilo vintage. \u00c1ngulo de luz de 360\u00ba para iluminaci\u00f3n general. Color muy c\u00e1lido que genera ambientes tenues, relajantes.\" \/>\n<meta name=\"robots\" content=\"index, follow, max-snippet:-1, max-image-preview:large, max-video-preview:-1\" \/>\n<link rel=\"canonical\" href=\"https:\/\/ledsolintel.com\/fr\/produit-2\/led-vintage-esferica-4w-e14e27-de-roblan\/\" \/>\n<meta property=\"og:locale\" content=\"fr_FR\" \/>\n<meta property=\"og:type\" content=\"article\" \/>\n<meta property=\"og:title\" content=\"LED Vintage Esf\u00e9rica 4W E14\/E27 de Roblan\" \/>\n<meta property=\"og:description\" content=\"Bombilla LED esf\u00e9rica 4W de Roblan con estilo vintage. \u00c1ngulo de luz de 360\u00ba para iluminaci\u00f3n general. Color muy c\u00e1lido que genera ambientes tenues, relajantes.\" \/>\n<meta property=\"og:url\" content=\"https:\/\/ledsolintel.com\/fr\/produit-2\/led-vintage-esferica-4w-e14e27-de-roblan\/\" \/>\n<meta property=\"og:site_name\" content=\"Ledsolintel\" \/>\n<meta property=\"article:publisher\" content=\"http:\/\/www.facebook.com\/webmenaje\" \/>\n<meta property=\"og:image\" content=\"https:\/\/ledsolintel.com\/wp-content\/uploads\/2016\/10\/6908-LED-Vintage-Esferica-4W-E14E27-de-Roblan.jpg\" \/>\n\t<meta property=\"og:image:width\" content=\"1\" \/>\n\t<meta property=\"og:image:height\" content=\"1\" \/>\n\t<meta property=\"og:image:type\" content=\"image\/jpeg\" \/>\n<meta name=\"twitter:card\" content=\"summary_large_image\" \/>\n<meta name=\"twitter:site\" content=\"@webmenaje\" \/>\n<script type=\"application\/ld+json\" class=\"yoast-schema-graph\">{\"@context\":\"https:\/\/schema.org\",\"@graph\":[{\"@type\":\"WebPage\",\"@id\":\"https:\/\/ledsolintel.com\/product\/led-vintage-esferica-4w-e14e27-de-roblan\/\",\"url\":\"https:\/\/ledsolintel.com\/product\/led-vintage-esferica-4w-e14e27-de-roblan\/\",\"name\":\"LED Vintage Esf\u00e9rica 4W E14\/E27 de Roblan\",\"isPartOf\":{\"@id\":\"https:\/\/ledsolintel.com\/#website\"},\"primaryImageOfPage\":{\"@id\":\"https:\/\/ledsolintel.com\/product\/led-vintage-esferica-4w-e14e27-de-roblan\/#primaryimage\"},\"image\":{\"@id\":\"https:\/\/ledsolintel.com\/product\/led-vintage-esferica-4w-e14e27-de-roblan\/#primaryimage\"},\"thumbnailUrl\":\"https:\/\/ledsolintel.com\/wp-content\/uploads\/2016\/10\/6908-LED-Vintage-Esferica-4W-E14E27-de-Roblan.jpg\",\"datePublished\":\"2016-10-19T10:22:10+00:00\",\"description\":\"Bombilla LED esf\u00e9rica 4W de Roblan con estilo vintage. \u00c1ngulo de luz de 360\u00ba para iluminaci\u00f3n general. Color muy c\u00e1lido que genera ambientes tenues, relajantes.\",\"breadcrumb\":{\"@id\":\"https:\/\/ledsolintel.com\/product\/led-vintage-esferica-4w-e14e27-de-roblan\/#breadcrumb\"},\"inLanguage\":\"fr-FR\",\"potentialAction\":[{\"@type\":\"ReadAction\",\"target\":[\"https:\/\/ledsolintel.com\/product\/led-vintage-esferica-4w-e14e27-de-roblan\/\"]}]},{\"@type\":\"ImageObject\",\"inLanguage\":\"fr-FR\",\"@id\":\"https:\/\/ledsolintel.com\/product\/led-vintage-esferica-4w-e14e27-de-roblan\/#primaryimage\",\"url\":\"https:\/\/ledsolintel.com\/wp-content\/uploads\/2016\/10\/6908-LED-Vintage-Esferica-4W-E14E27-de-Roblan.jpg\",\"contentUrl\":\"https:\/\/ledsolintel.com\/wp-content\/uploads\/2016\/10\/6908-LED-Vintage-Esferica-4W-E14E27-de-Roblan.jpg\",\"caption\":\"LED Vintage Esf\u00e9rica 4W E14\/E27 de Roblan\"},{\"@type\":\"BreadcrumbList\",\"@id\":\"https:\/\/ledsolintel.com\/product\/led-vintage-esferica-4w-e14e27-de-roblan\/#breadcrumb\",\"itemListElement\":[{\"@type\":\"ListItem\",\"position\":1,\"name\":\"Portada\",\"item\":\"https:\/\/ledsolintel.com\/fr\/\"},{\"@type\":\"ListItem\",\"position\":2,\"name\":\"Tienda\",\"item\":\"https:\/\/ledsolintel.com\/tienda\/\"},{\"@type\":\"ListItem\",\"position\":3,\"name\":\"Esf\u00e9rica LED VINTAGE 4W de Roblan\"}]},{\"@type\":\"WebSite\",\"@id\":\"https:\/\/ledsolintel.com\/#website\",\"url\":\"https:\/\/ledsolintel.com\/\",\"name\":\"Webmenaje\",\"description\":\"Tienda de bombillas y l\u00e1mparas LED para profesionales\",\"publisher\":{\"@id\":\"https:\/\/ledsolintel.com\/#organization\"},\"potentialAction\":[{\"@type\":\"SearchAction\",\"target\":{\"@type\":\"EntryPoint\",\"urlTemplate\":\"https:\/\/ledsolintel.com\/?s={search_term_string}\"},\"query-input\":{\"@type\":\"PropertyValueSpecification\",\"valueRequired\":true,\"valueName\":\"search_term_string\"}}],\"inLanguage\":\"fr-FR\"},{\"@type\":\"Organization\",\"@id\":\"https:\/\/ledsolintel.com\/#organization\",\"name\":\"Solintel Noroeste, S.L.\",\"url\":\"https:\/\/ledsolintel.com\/\",\"logo\":{\"@type\":\"ImageObject\",\"inLanguage\":\"fr-FR\",\"@id\":\"https:\/\/ledsolintel.com\/#\/schema\/logo\/image\/\",\"url\":\"https:\/\/ledsolintel.com\/wp-content\/uploads\/2024\/11\/webmenaje-logo-1508269066.jpg\",\"contentUrl\":\"https:\/\/ledsolintel.com\/wp-content\/uploads\/2024\/11\/webmenaje-logo-1508269066.jpg\",\"width\":370,\"height\":90,\"caption\":\"Solintel Noroeste, S.L.\"},\"image\":{\"@id\":\"https:\/\/ledsolintel.com\/#\/schema\/logo\/image\/\"},\"sameAs\":[\"http:\/\/www.facebook.com\/webmenaje\",\"https:\/\/x.com\/webmenaje\",\"https:\/\/www.youtube.com\/channel\/UCX2KoVoeCG4LocZjUc6LmSQ\",\"http:\/\/www.pinterest.com\/webmenaje\"]}]}<\/script>\n<!-- \/ Yoast SEO plugin. -->","yoast_head_json":{"title":"Vintage LED Spherical 4W E14\/E27 by Roblan","description":"Bombilla LED esf\u00e9rica 4W de Roblan con estilo vintage. \u00c1ngulo de luz de 360\u00ba para iluminaci\u00f3n general. Color muy c\u00e1lido que genera ambientes tenues, relajantes.","robots":{"index":"index","follow":"follow","max-snippet":"max-snippet:-1","max-image-preview":"max-image-preview:large","max-video-preview":"max-video-preview:-1"},"canonical":"https:\/\/ledsolintel.com\/fr\/produit-2\/led-vintage-esferica-4w-e14e27-de-roblan\/","og_locale":"fr_FR","og_type":"article","og_title":"LED Vintage Esf\u00e9rica 4W E14\/E27 de Roblan","og_description":"Bombilla LED esf\u00e9rica 4W de Roblan con estilo vintage. \u00c1ngulo de luz de 360\u00ba para iluminaci\u00f3n general. Color muy c\u00e1lido que genera ambientes tenues, relajantes.","og_url":"https:\/\/ledsolintel.com\/fr\/produit-2\/led-vintage-esferica-4w-e14e27-de-roblan\/","og_site_name":"Ledsolintel","article_publisher":"http:\/\/www.facebook.com\/webmenaje","og_image":[{"url":"https:\/\/ledsolintel.com\/wp-content\/uploads\/2016\/10\/6908-LED-Vintage-Esferica-4W-E14E27-de-Roblan.jpg","width":1,"height":1,"type":"image\/jpeg"}],"twitter_card":"summary_large_image","twitter_site":"@webmenaje","schema":{"@context":"https:\/\/schema.org","@graph":[{"@type":"WebPage","@id":"https:\/\/ledsolintel.com\/product\/led-vintage-esferica-4w-e14e27-de-roblan\/","url":"https:\/\/ledsolintel.com\/product\/led-vintage-esferica-4w-e14e27-de-roblan\/","name":"Vintage LED Spherical 4W E14\/E27 by Roblan","isPartOf":{"@id":"https:\/\/ledsolintel.com\/#website"},"primaryImageOfPage":{"@id":"https:\/\/ledsolintel.com\/product\/led-vintage-esferica-4w-e14e27-de-roblan\/#primaryimage"},"image":{"@id":"https:\/\/ledsolintel.com\/product\/led-vintage-esferica-4w-e14e27-de-roblan\/#primaryimage"},"thumbnailUrl":"https:\/\/ledsolintel.com\/wp-content\/uploads\/2016\/10\/6908-LED-Vintage-Esferica-4W-E14E27-de-Roblan.jpg","datePublished":"2016-10-19T10:22:10+00:00","description":"Bombilla LED esf\u00e9rica 4W de Roblan con estilo vintage. \u00c1ngulo de luz de 360\u00ba para iluminaci\u00f3n general. Color muy c\u00e1lido que genera ambientes tenues, relajantes.","breadcrumb":{"@id":"https:\/\/ledsolintel.com\/product\/led-vintage-esferica-4w-e14e27-de-roblan\/#breadcrumb"},"inLanguage":"fr-FR","potentialAction":[{"@type":"ReadAction","target":["https:\/\/ledsolintel.com\/product\/led-vintage-esferica-4w-e14e27-de-roblan\/"]}]},{"@type":"ImageObject","inLanguage":"fr-FR","@id":"https:\/\/ledsolintel.com\/product\/led-vintage-esferica-4w-e14e27-de-roblan\/#primaryimage","url":"https:\/\/ledsolintel.com\/wp-content\/uploads\/2016\/10\/6908-LED-Vintage-Esferica-4W-E14E27-de-Roblan.jpg","contentUrl":"https:\/\/ledsolintel.com\/wp-content\/uploads\/2016\/10\/6908-LED-Vintage-Esferica-4W-E14E27-de-Roblan.jpg","caption":"LED Vintage Esf\u00e9rica 4W E14\/E27 de Roblan"},{"@type":"BreadcrumbList","@id":"https:\/\/ledsolintel.com\/product\/led-vintage-esferica-4w-e14e27-de-roblan\/#breadcrumb","itemListElement":[{"@type":"ListItem","position":1,"name":"Portada","item":"https:\/\/ledsolintel.com\/fr\/"},{"@type":"ListItem","position":2,"name":"Tienda","item":"https:\/\/ledsolintel.com\/tienda\/"},{"@type":"ListItem","position":3,"name":"Esf\u00e9rica LED VINTAGE 4W de Roblan"}]},{"@type":"WebSite","@id":"https:\/\/ledsolintel.com\/#website","url":"https:\/\/ledsolintel.com\/","name":"Webmenaje","description":"Magasin d'ampoules et de lampes LED pour les professionnels","publisher":{"@id":"https:\/\/ledsolintel.com\/#organization"},"potentialAction":[{"@type":"SearchAction","target":{"@type":"EntryPoint","urlTemplate":"https:\/\/ledsolintel.com\/?s={search_term_string}"},"query-input":{"@type":"PropertyValueSpecification","valueRequired":true,"valueName":"search_term_string"}}],"inLanguage":"fr-FR"},{"@type":"Organization","@id":"https:\/\/ledsolintel.com\/#organization","name":"Solintel Noroeste, S.L.","url":"https:\/\/ledsolintel.com\/","logo":{"@type":"ImageObject","inLanguage":"fr-FR","@id":"https:\/\/ledsolintel.com\/#\/schema\/logo\/image\/","url":"https:\/\/ledsolintel.com\/wp-content\/uploads\/2024\/11\/webmenaje-logo-1508269066.jpg","contentUrl":"https:\/\/ledsolintel.com\/wp-content\/uploads\/2024\/11\/webmenaje-logo-1508269066.jpg","width":370,"height":90,"caption":"Solintel Noroeste, S.L."},"image":{"@id":"https:\/\/ledsolintel.com\/#\/schema\/logo\/image\/"},"sameAs":["http:\/\/www.facebook.com\/webmenaje","https:\/\/x.com\/webmenaje","https:\/\/www.youtube.com\/channel\/UCX2KoVoeCG4LocZjUc6LmSQ","http:\/\/www.pinterest.com\/webmenaje"]}]}},"_links":{"self":[{"href":"https:\/\/ledsolintel.com\/fr\/wp-json\/wp\/v2\/product\/241023","targetHints":{"allow":["GET"]}}],"collection":[{"href":"https:\/\/ledsolintel.com\/fr\/wp-json\/wp\/v2\/product"}],"about":[{"href":"https:\/\/ledsolintel.com\/fr\/wp-json\/wp\/v2\/types\/product"}],"version-history":[{"count":0,"href":"https:\/\/ledsolintel.com\/fr\/wp-json\/wp\/v2\/product\/241023\/revisions"}],"wp:featuredmedia":[{"embeddable":true,"href":"https:\/\/ledsolintel.com\/fr\/wp-json\/wp\/v2\/media\/241022"}],"wp:attachment":[{"href":"https:\/\/ledsolintel.com\/fr\/wp-json\/wp\/v2\/media?parent=241023"}],"wp:term":[{"taxonomy":"product_brand","embeddable":true,"href":"https:\/\/ledsolintel.com\/fr\/wp-json\/wp\/v2\/product_brand?post=241023"},{"taxonomy":"product_cat","embeddable":true,"href":"https:\/\/ledsolintel.com\/fr\/wp-json\/wp\/v2\/product_cat?post=241023"},{"taxonomy":"product_tag","embeddable":true,"href":"https:\/\/ledsolintel.com\/fr\/wp-json\/wp\/v2\/product_tag?post=241023"}],"curies":[{"name":"wp","href":"https:\/\/api.w.org\/{rel}","templated":true}]}}