{"id":241015,"date":"2016-10-18T19:26:00","date_gmt":"2016-10-18T17:26:00","guid":{"rendered":"https:\/\/nueva.ledsolintel.com\/product\/globo-led-vintage-4w-super-calido-de-roblan\/"},"modified":"2016-10-18T19:26:00","modified_gmt":"2016-10-18T17:26:00","slug":"globo-led-vintage-4w-super-calido-de-roblan","status":"publish","type":"product","link":"https:\/\/ledsolintel.com\/fr\/produit-2\/globo-led-vintage-4w-super-calido-de-roblan\/","title":{"rendered":"Roblan Vintage LED Globe 4W super warm LED globe"},"content":{"rendered":"<h3>Caract\u00e9ristiques :<\/h3>\n<ul>\n<li>Producto:\u00a0Globo LED Vintage 4W s\u00faper c\u00e1lido de Roblan<\/li>\n<li>Referencia:\u00a0VINAMBG12504E27C<\/li>\n<li>Puissance : 4W<\/li>\n<li>Voltaje: 220\u00a0a 240V AC<\/li>\n<li>Raccordement : E27<\/li>\n<li>Mesures :\n<ul>\n<li>Filamento vintage: 138&#215;95 mm \/ 125&#215;173 mm\u00a0<\/li>\n<li>Filamento espiral: 120&#215;80 mm<\/li>\n<\/ul>\n<\/li>\n<li>Temperatura de color: blanco s\u00faper c\u00e1lido 2200 K<\/li>\n<li>Flujo luminoso: 360 lumenes<\/li>\n<li>Angle d'ouverture : 360\u00ba.<\/li>\n<li>CRI :&gt; 80<\/li>\n<li>Facteur de puissance : &gt;0,4<\/li>\n<li>Dur\u00e9e de vie : 15 000 heures<\/li>\n<\/ul>","protected":false},"excerpt":{"rendered":"<p>Bombilla\u00a0Globo LED Vintage 4W de Roblan. Conexi\u00f3n E27. Filamento visto en dos tipos: vintage y espiral. Para iluminaci\u00f3n general y como elemento decorativo. Color s\u00faper c\u00e1lido. Disponible en dos medidas.<\/p>","protected":false},"featured_media":241014,"template":"","meta":[],"product_brand":[99355],"product_cat":[99571,99907,99927],"product_tag":[],"class_list":{"0":"post-241015","1":"product","2":"type-product","3":"status-publish","4":"has-post-thumbnail","6":"product_brand-roblan","7":"product_cat-bombillas-led","8":"product_cat-bombillas-led-globo","9":"product_cat-bombillas-e14-y-e27-vintage","12":"instock","13":"taxable","14":"shipping-taxable","15":"purchasable","16":"product-type-simple"},"yoast_head":"<!-- This site is optimized with the Yoast SEO plugin v27.4 - https:\/\/yoast.com\/product\/yoast-seo-wordpress\/ -->\n<title>Globo LED Vintage 4W s\u00faper c\u00e1lido de Roblan<\/title>\n<meta name=\"description\" content=\"Bombilla Globo LED Vintage 4W de Roblan. Conexi\u00f3n E27. Filamento visto en dos tipos: vintage y espiral. Color s\u00faper c\u00e1lido. Disponible en dos medidas.\" \/>\n<meta name=\"robots\" content=\"index, follow, max-snippet:-1, max-image-preview:large, max-video-preview:-1\" \/>\n<link rel=\"canonical\" href=\"https:\/\/ledsolintel.com\/fr\/produit-2\/globo-led-vintage-4w-super-calido-de-roblan\/\" \/>\n<meta property=\"og:locale\" content=\"fr_FR\" \/>\n<meta property=\"og:type\" content=\"article\" \/>\n<meta property=\"og:title\" content=\"Globo LED Vintage 4W s\u00faper c\u00e1lido de Roblan\" \/>\n<meta property=\"og:description\" content=\"Bombilla Globo LED Vintage 4W de Roblan. Conexi\u00f3n E27. Filamento visto en dos tipos: vintage y espiral. Color s\u00faper c\u00e1lido. Disponible en dos medidas.\" \/>\n<meta property=\"og:url\" content=\"https:\/\/ledsolintel.com\/fr\/produit-2\/globo-led-vintage-4w-super-calido-de-roblan\/\" \/>\n<meta property=\"og:site_name\" content=\"Ledsolintel\" \/>\n<meta property=\"article:publisher\" content=\"http:\/\/www.facebook.com\/webmenaje\" \/>\n<meta property=\"og:image\" content=\"https:\/\/ledsolintel.com\/wp-content\/uploads\/2016\/10\/6904-Globo-LED-Vintage-4W-super-calido-de-Roblan.jpg\" \/>\n\t<meta property=\"og:image:width\" content=\"1\" \/>\n\t<meta property=\"og:image:height\" content=\"1\" \/>\n\t<meta property=\"og:image:type\" content=\"image\/jpeg\" \/>\n<meta name=\"twitter:card\" content=\"summary_large_image\" \/>\n<meta name=\"twitter:site\" content=\"@webmenaje\" \/>\n<script type=\"application\/ld+json\" class=\"yoast-schema-graph\">{\"@context\":\"https:\\\/\\\/schema.org\",\"@graph\":[{\"@type\":\"WebPage\",\"@id\":\"https:\\\/\\\/ledsolintel.com\\\/product\\\/globo-led-vintage-4w-super-calido-de-roblan\\\/\",\"url\":\"https:\\\/\\\/ledsolintel.com\\\/product\\\/globo-led-vintage-4w-super-calido-de-roblan\\\/\",\"name\":\"Globo LED Vintage 4W s\u00faper c\u00e1lido de Roblan\",\"isPartOf\":{\"@id\":\"https:\\\/\\\/ledsolintel.com\\\/#website\"},\"primaryImageOfPage\":{\"@id\":\"https:\\\/\\\/ledsolintel.com\\\/product\\\/globo-led-vintage-4w-super-calido-de-roblan\\\/#primaryimage\"},\"image\":{\"@id\":\"https:\\\/\\\/ledsolintel.com\\\/product\\\/globo-led-vintage-4w-super-calido-de-roblan\\\/#primaryimage\"},\"thumbnailUrl\":\"https:\\\/\\\/ledsolintel.com\\\/wp-content\\\/uploads\\\/2016\\\/10\\\/6904-Globo-LED-Vintage-4W-super-calido-de-Roblan.jpg\",\"datePublished\":\"2016-10-18T17:26:00+00:00\",\"description\":\"Bombilla Globo LED Vintage 4W de Roblan. Conexi\u00f3n E27. Filamento visto en dos tipos: vintage y espiral. Color s\u00faper c\u00e1lido. Disponible en dos medidas.\",\"breadcrumb\":{\"@id\":\"https:\\\/\\\/ledsolintel.com\\\/product\\\/globo-led-vintage-4w-super-calido-de-roblan\\\/#breadcrumb\"},\"inLanguage\":\"fr-FR\",\"potentialAction\":[{\"@type\":\"ReadAction\",\"target\":[\"https:\\\/\\\/ledsolintel.com\\\/product\\\/globo-led-vintage-4w-super-calido-de-roblan\\\/\"]}]},{\"@type\":\"ImageObject\",\"inLanguage\":\"fr-FR\",\"@id\":\"https:\\\/\\\/ledsolintel.com\\\/product\\\/globo-led-vintage-4w-super-calido-de-roblan\\\/#primaryimage\",\"url\":\"https:\\\/\\\/ledsolintel.com\\\/wp-content\\\/uploads\\\/2016\\\/10\\\/6904-Globo-LED-Vintage-4W-super-calido-de-Roblan.jpg\",\"contentUrl\":\"https:\\\/\\\/ledsolintel.com\\\/wp-content\\\/uploads\\\/2016\\\/10\\\/6904-Globo-LED-Vintage-4W-super-calido-de-Roblan.jpg\",\"caption\":\"Globo LED Vintage 4W s\u00faper c\u00e1lido de Roblan\"},{\"@type\":\"BreadcrumbList\",\"@id\":\"https:\\\/\\\/ledsolintel.com\\\/product\\\/globo-led-vintage-4w-super-calido-de-roblan\\\/#breadcrumb\",\"itemListElement\":[{\"@type\":\"ListItem\",\"position\":1,\"name\":\"Portada\",\"item\":\"https:\\\/\\\/ledsolintel.com\\\/fr\\\/\"},{\"@type\":\"ListItem\",\"position\":2,\"name\":\"Tienda\",\"item\":\"https:\\\/\\\/ledsolintel.com\\\/tienda\\\/\"},{\"@type\":\"ListItem\",\"position\":3,\"name\":\"Globo LED Vintage 4W s\u00faper c\u00e1lido de Roblan\"}]},{\"@type\":\"WebSite\",\"@id\":\"https:\\\/\\\/ledsolintel.com\\\/#website\",\"url\":\"https:\\\/\\\/ledsolintel.com\\\/\",\"name\":\"Webmenaje\",\"description\":\"Tienda de bombillas y l\u00e1mparas LED para profesionales\",\"publisher\":{\"@id\":\"https:\\\/\\\/ledsolintel.com\\\/#organization\"},\"potentialAction\":[{\"@type\":\"SearchAction\",\"target\":{\"@type\":\"EntryPoint\",\"urlTemplate\":\"https:\\\/\\\/ledsolintel.com\\\/?s={search_term_string}\"},\"query-input\":{\"@type\":\"PropertyValueSpecification\",\"valueRequired\":true,\"valueName\":\"search_term_string\"}}],\"inLanguage\":\"fr-FR\"},{\"@type\":\"Organization\",\"@id\":\"https:\\\/\\\/ledsolintel.com\\\/#organization\",\"name\":\"Solintel Noroeste, S.L.\",\"url\":\"https:\\\/\\\/ledsolintel.com\\\/\",\"logo\":{\"@type\":\"ImageObject\",\"inLanguage\":\"fr-FR\",\"@id\":\"https:\\\/\\\/ledsolintel.com\\\/#\\\/schema\\\/logo\\\/image\\\/\",\"url\":\"https:\\\/\\\/ledsolintel.com\\\/wp-content\\\/uploads\\\/2024\\\/11\\\/webmenaje-logo-1508269066.jpg\",\"contentUrl\":\"https:\\\/\\\/ledsolintel.com\\\/wp-content\\\/uploads\\\/2024\\\/11\\\/webmenaje-logo-1508269066.jpg\",\"width\":370,\"height\":90,\"caption\":\"Solintel Noroeste, S.L.\"},\"image\":{\"@id\":\"https:\\\/\\\/ledsolintel.com\\\/#\\\/schema\\\/logo\\\/image\\\/\"},\"sameAs\":[\"http:\\\/\\\/www.facebook.com\\\/webmenaje\",\"https:\\\/\\\/x.com\\\/webmenaje\",\"https:\\\/\\\/www.youtube.com\\\/channel\\\/UCX2KoVoeCG4LocZjUc6LmSQ\",\"http:\\\/\\\/www.pinterest.com\\\/webmenaje\"]}]}<\/script>\n<!-- \/ Yoast SEO plugin. -->","yoast_head_json":{"title":"Roblan Vintage LED Globe 4W super warm LED globe","description":"Bombilla Globo LED Vintage 4W de Roblan. Conexi\u00f3n E27. Filamento visto en dos tipos: vintage y espiral. Color s\u00faper c\u00e1lido. Disponible en dos medidas.","robots":{"index":"index","follow":"follow","max-snippet":"max-snippet:-1","max-image-preview":"max-image-preview:large","max-video-preview":"max-video-preview:-1"},"canonical":"https:\/\/ledsolintel.com\/fr\/produit-2\/globo-led-vintage-4w-super-calido-de-roblan\/","og_locale":"fr_FR","og_type":"article","og_title":"Globo LED Vintage 4W s\u00faper c\u00e1lido de Roblan","og_description":"Bombilla Globo LED Vintage 4W de Roblan. Conexi\u00f3n E27. Filamento visto en dos tipos: vintage y espiral. Color s\u00faper c\u00e1lido. Disponible en dos medidas.","og_url":"https:\/\/ledsolintel.com\/fr\/produit-2\/globo-led-vintage-4w-super-calido-de-roblan\/","og_site_name":"Ledsolintel","article_publisher":"http:\/\/www.facebook.com\/webmenaje","og_image":[{"url":"https:\/\/ledsolintel.com\/wp-content\/uploads\/2016\/10\/6904-Globo-LED-Vintage-4W-super-calido-de-Roblan.jpg","width":1,"height":1,"type":"image\/jpeg"}],"twitter_card":"summary_large_image","twitter_site":"@webmenaje","schema":{"@context":"https:\/\/schema.org","@graph":[{"@type":"WebPage","@id":"https:\/\/ledsolintel.com\/product\/globo-led-vintage-4w-super-calido-de-roblan\/","url":"https:\/\/ledsolintel.com\/product\/globo-led-vintage-4w-super-calido-de-roblan\/","name":"Roblan Vintage LED Globe 4W super warm LED globe","isPartOf":{"@id":"https:\/\/ledsolintel.com\/#website"},"primaryImageOfPage":{"@id":"https:\/\/ledsolintel.com\/product\/globo-led-vintage-4w-super-calido-de-roblan\/#primaryimage"},"image":{"@id":"https:\/\/ledsolintel.com\/product\/globo-led-vintage-4w-super-calido-de-roblan\/#primaryimage"},"thumbnailUrl":"https:\/\/ledsolintel.com\/wp-content\/uploads\/2016\/10\/6904-Globo-LED-Vintage-4W-super-calido-de-Roblan.jpg","datePublished":"2016-10-18T17:26:00+00:00","description":"Bombilla Globo LED Vintage 4W de Roblan. Conexi\u00f3n E27. Filamento visto en dos tipos: vintage y espiral. Color s\u00faper c\u00e1lido. Disponible en dos medidas.","breadcrumb":{"@id":"https:\/\/ledsolintel.com\/product\/globo-led-vintage-4w-super-calido-de-roblan\/#breadcrumb"},"inLanguage":"fr-FR","potentialAction":[{"@type":"ReadAction","target":["https:\/\/ledsolintel.com\/product\/globo-led-vintage-4w-super-calido-de-roblan\/"]}]},{"@type":"ImageObject","inLanguage":"fr-FR","@id":"https:\/\/ledsolintel.com\/product\/globo-led-vintage-4w-super-calido-de-roblan\/#primaryimage","url":"https:\/\/ledsolintel.com\/wp-content\/uploads\/2016\/10\/6904-Globo-LED-Vintage-4W-super-calido-de-Roblan.jpg","contentUrl":"https:\/\/ledsolintel.com\/wp-content\/uploads\/2016\/10\/6904-Globo-LED-Vintage-4W-super-calido-de-Roblan.jpg","caption":"Globo LED Vintage 4W s\u00faper c\u00e1lido de Roblan"},{"@type":"BreadcrumbList","@id":"https:\/\/ledsolintel.com\/product\/globo-led-vintage-4w-super-calido-de-roblan\/#breadcrumb","itemListElement":[{"@type":"ListItem","position":1,"name":"Portada","item":"https:\/\/ledsolintel.com\/fr\/"},{"@type":"ListItem","position":2,"name":"Tienda","item":"https:\/\/ledsolintel.com\/tienda\/"},{"@type":"ListItem","position":3,"name":"Globo LED Vintage 4W s\u00faper c\u00e1lido de Roblan"}]},{"@type":"WebSite","@id":"https:\/\/ledsolintel.com\/#website","url":"https:\/\/ledsolintel.com\/","name":"Webmenaje","description":"Magasin d'ampoules et de lampes LED pour les professionnels","publisher":{"@id":"https:\/\/ledsolintel.com\/#organization"},"potentialAction":[{"@type":"SearchAction","target":{"@type":"EntryPoint","urlTemplate":"https:\/\/ledsolintel.com\/?s={search_term_string}"},"query-input":{"@type":"PropertyValueSpecification","valueRequired":true,"valueName":"search_term_string"}}],"inLanguage":"fr-FR"},{"@type":"Organization","@id":"https:\/\/ledsolintel.com\/#organization","name":"Solintel Noroeste, S.L.","url":"https:\/\/ledsolintel.com\/","logo":{"@type":"ImageObject","inLanguage":"fr-FR","@id":"https:\/\/ledsolintel.com\/#\/schema\/logo\/image\/","url":"https:\/\/ledsolintel.com\/wp-content\/uploads\/2024\/11\/webmenaje-logo-1508269066.jpg","contentUrl":"https:\/\/ledsolintel.com\/wp-content\/uploads\/2024\/11\/webmenaje-logo-1508269066.jpg","width":370,"height":90,"caption":"Solintel Noroeste, S.L."},"image":{"@id":"https:\/\/ledsolintel.com\/#\/schema\/logo\/image\/"},"sameAs":["http:\/\/www.facebook.com\/webmenaje","https:\/\/x.com\/webmenaje","https:\/\/www.youtube.com\/channel\/UCX2KoVoeCG4LocZjUc6LmSQ","http:\/\/www.pinterest.com\/webmenaje"]}]}},"_links":{"self":[{"href":"https:\/\/ledsolintel.com\/fr\/wp-json\/wp\/v2\/product\/241015","targetHints":{"allow":["GET"]}}],"collection":[{"href":"https:\/\/ledsolintel.com\/fr\/wp-json\/wp\/v2\/product"}],"about":[{"href":"https:\/\/ledsolintel.com\/fr\/wp-json\/wp\/v2\/types\/product"}],"version-history":[{"count":0,"href":"https:\/\/ledsolintel.com\/fr\/wp-json\/wp\/v2\/product\/241015\/revisions"}],"wp:featuredmedia":[{"embeddable":true,"href":"https:\/\/ledsolintel.com\/fr\/wp-json\/wp\/v2\/media\/241014"}],"wp:attachment":[{"href":"https:\/\/ledsolintel.com\/fr\/wp-json\/wp\/v2\/media?parent=241015"}],"wp:term":[{"taxonomy":"product_brand","embeddable":true,"href":"https:\/\/ledsolintel.com\/fr\/wp-json\/wp\/v2\/product_brand?post=241015"},{"taxonomy":"product_cat","embeddable":true,"href":"https:\/\/ledsolintel.com\/fr\/wp-json\/wp\/v2\/product_cat?post=241015"},{"taxonomy":"product_tag","embeddable":true,"href":"https:\/\/ledsolintel.com\/fr\/wp-json\/wp\/v2\/product_tag?post=241015"}],"curies":[{"name":"wp","href":"https:\/\/api.w.org\/{rel}","templated":true}]}}