{"id":240979,"date":"2016-07-15T11:57:03","date_gmt":"2016-07-15T09:57:03","guid":{"rendered":"https:\/\/nueva.ledsolintel.com\/product\/proa-panel-solar-25w-120o-led-de-beneito-faure\/"},"modified":"2016-07-15T11:57:03","modified_gmt":"2016-07-15T09:57:03","slug":"panneau-solaire-proa-25w-120o-led-de-beneito-faure","status":"publish","type":"product","link":"https:\/\/ledsolintel.com\/fr\/produit-2\/panneau-solaire-proa-25w-120o-led-de-beneito-faure\/","title":{"rendered":"Beneito Faure Applique LED PROA avec panneau solaire 2,5W 120\u00ba LED"},"content":{"rendered":"<h1>PROA SOLAR PANEL 2.5W 120\u00ba LED by Beneito Faure<\/h1>\n<p>\u00a0<\/p>\n<ul>\n<li>Puissance : 2,5 W<\/li>\n<li>Tension : 3,7 V<\/li>\n<li>Luminance : 232 lm<\/li>\n<li>Couleur de la lumi\u00e8re : blanc naturel 4000 K<\/li>\n<li>Optique : 120\u00ba.<\/li>\n<li>Protection IP54<\/li>\n<li>Garantie de deux ans<\/li>\n<\/ul>","protected":false},"excerpt":{"rendered":"<p>PROA SOLAR PANEL 2,5W par Beneito Faure. Charg\u00e9 par un panneau solaire. Faible luminosit\u00e9. Basse tension pour une utilisation en toute s\u00e9curit\u00e9. Faisceau lumineux ouvert. Prot\u00e9g\u00e9 contre la poussi\u00e8re, le contact et les jets d'eau.<\/p>","protected":false},"featured_media":240976,"template":"","meta":[],"product_brand":[99357],"product_cat":[99603,99575,99589],"product_tag":[],"class_list":{"0":"post-240979","1":"product","2":"type-product","3":"status-publish","4":"has-post-thumbnail","6":"product_brand-beneito-faure","7":"product_cat-apliques-para-exterior","8":"product_cat-iluminacion-para-jardines-y-exteriores","9":"product_cat-lamparas-solares","10":"pa_acabado-blanco","11":"pa_acabado-negro","14":"instock","15":"taxable","16":"shipping-taxable","17":"purchasable","18":"product-type-variable","19":"has-default-attributes"},"yoast_head":"<!-- This site is optimized with the Yoast SEO plugin v26.6 - https:\/\/yoast.com\/wordpress\/plugins\/seo\/ -->\n<title>PROA PANEL SOLAR 2,5W 120\u00ba LED de Beneito Faure<\/title>\n<meta name=\"description\" content=\"PROA PANEL SOLAR 1.6W de Beneito Faure. Se carga con panel solar. Poca luminosidad. Protegido contra el polvo y el contacto y contra chorros de agua.\" \/>\n<meta name=\"robots\" content=\"index, follow, max-snippet:-1, max-image-preview:large, max-video-preview:-1\" \/>\n<link rel=\"canonical\" href=\"https:\/\/ledsolintel.com\/fr\/produit-2\/panneau-solaire-proa-25w-120o-led-de-beneito-faure\/\" \/>\n<meta property=\"og:locale\" content=\"fr_FR\" \/>\n<meta property=\"og:type\" content=\"article\" \/>\n<meta property=\"og:title\" content=\"PROA PANEL SOLAR 2,5W 120\u00ba LED de Beneito Faure\" \/>\n<meta property=\"og:description\" content=\"PROA PANEL SOLAR 1.6W de Beneito Faure. Se carga con panel solar. Poca luminosidad. Protegido contra el polvo y el contacto y contra chorros de agua.\" \/>\n<meta property=\"og:url\" content=\"https:\/\/ledsolintel.com\/fr\/produit-2\/panneau-solaire-proa-25w-120o-led-de-beneito-faure\/\" \/>\n<meta property=\"og:site_name\" content=\"Ledsolintel\" \/>\n<meta property=\"article:publisher\" content=\"http:\/\/www.facebook.com\/webmenaje\" \/>\n<meta property=\"og:image\" content=\"https:\/\/ledsolintel.com\/wp-content\/uploads\/2016\/07\/8965-PROA-PANEL-SOLAR-2.5W-120o-LED-de-Beneito-Faure.jpg\" \/>\n\t<meta property=\"og:image:width\" content=\"1\" \/>\n\t<meta property=\"og:image:height\" content=\"1\" \/>\n\t<meta property=\"og:image:type\" content=\"image\/jpeg\" \/>\n<meta name=\"twitter:card\" content=\"summary_large_image\" \/>\n<meta name=\"twitter:site\" content=\"@webmenaje\" \/>\n<script type=\"application\/ld+json\" class=\"yoast-schema-graph\">{\"@context\":\"https:\/\/schema.org\",\"@graph\":[{\"@type\":\"WebPage\",\"@id\":\"https:\/\/ledsolintel.com\/product\/proa-panel-solar-25w-120o-led-de-beneito-faure\/\",\"url\":\"https:\/\/ledsolintel.com\/product\/proa-panel-solar-25w-120o-led-de-beneito-faure\/\",\"name\":\"PROA PANEL SOLAR 2,5W 120\u00ba LED de Beneito Faure\",\"isPartOf\":{\"@id\":\"https:\/\/ledsolintel.com\/#website\"},\"primaryImageOfPage\":{\"@id\":\"https:\/\/ledsolintel.com\/product\/proa-panel-solar-25w-120o-led-de-beneito-faure\/#primaryimage\"},\"image\":{\"@id\":\"https:\/\/ledsolintel.com\/product\/proa-panel-solar-25w-120o-led-de-beneito-faure\/#primaryimage\"},\"thumbnailUrl\":\"https:\/\/ledsolintel.com\/wp-content\/uploads\/2016\/07\/8965-PROA-PANEL-SOLAR-2.5W-120o-LED-de-Beneito-Faure.jpg\",\"datePublished\":\"2016-07-15T09:57:03+00:00\",\"description\":\"PROA PANEL SOLAR 1.6W de Beneito Faure. Se carga con panel solar. Poca luminosidad. Protegido contra el polvo y el contacto y contra chorros de agua.\",\"breadcrumb\":{\"@id\":\"https:\/\/ledsolintel.com\/product\/proa-panel-solar-25w-120o-led-de-beneito-faure\/#breadcrumb\"},\"inLanguage\":\"fr-FR\",\"potentialAction\":[{\"@type\":\"ReadAction\",\"target\":[\"https:\/\/ledsolintel.com\/product\/proa-panel-solar-25w-120o-led-de-beneito-faure\/\"]}]},{\"@type\":\"ImageObject\",\"inLanguage\":\"fr-FR\",\"@id\":\"https:\/\/ledsolintel.com\/product\/proa-panel-solar-25w-120o-led-de-beneito-faure\/#primaryimage\",\"url\":\"https:\/\/ledsolintel.com\/wp-content\/uploads\/2016\/07\/8965-PROA-PANEL-SOLAR-2.5W-120o-LED-de-Beneito-Faure.jpg\",\"contentUrl\":\"https:\/\/ledsolintel.com\/wp-content\/uploads\/2016\/07\/8965-PROA-PANEL-SOLAR-2.5W-120o-LED-de-Beneito-Faure.jpg\",\"caption\":\"PROA PANEL SOLAR 2.5W 120\u00ba LED de Beneito Faure\"},{\"@type\":\"BreadcrumbList\",\"@id\":\"https:\/\/ledsolintel.com\/product\/proa-panel-solar-25w-120o-led-de-beneito-faure\/#breadcrumb\",\"itemListElement\":[{\"@type\":\"ListItem\",\"position\":1,\"name\":\"Portada\",\"item\":\"https:\/\/ledsolintel.com\/fr\/\"},{\"@type\":\"ListItem\",\"position\":2,\"name\":\"Tienda\",\"item\":\"https:\/\/ledsolintel.com\/tienda\/\"},{\"@type\":\"ListItem\",\"position\":3,\"name\":\"Aplique LED PROA con panel solar 2.5W 120\u00ba LED de Beneito Faure\"}]},{\"@type\":\"WebSite\",\"@id\":\"https:\/\/ledsolintel.com\/#website\",\"url\":\"https:\/\/ledsolintel.com\/\",\"name\":\"Webmenaje\",\"description\":\"Tienda de bombillas y l\u00e1mparas LED para profesionales\",\"publisher\":{\"@id\":\"https:\/\/ledsolintel.com\/#organization\"},\"potentialAction\":[{\"@type\":\"SearchAction\",\"target\":{\"@type\":\"EntryPoint\",\"urlTemplate\":\"https:\/\/ledsolintel.com\/?s={search_term_string}\"},\"query-input\":{\"@type\":\"PropertyValueSpecification\",\"valueRequired\":true,\"valueName\":\"search_term_string\"}}],\"inLanguage\":\"fr-FR\"},{\"@type\":\"Organization\",\"@id\":\"https:\/\/ledsolintel.com\/#organization\",\"name\":\"Solintel Noroeste, S.L.\",\"url\":\"https:\/\/ledsolintel.com\/\",\"logo\":{\"@type\":\"ImageObject\",\"inLanguage\":\"fr-FR\",\"@id\":\"https:\/\/ledsolintel.com\/#\/schema\/logo\/image\/\",\"url\":\"https:\/\/ledsolintel.com\/wp-content\/uploads\/2024\/11\/webmenaje-logo-1508269066.jpg\",\"contentUrl\":\"https:\/\/ledsolintel.com\/wp-content\/uploads\/2024\/11\/webmenaje-logo-1508269066.jpg\",\"width\":370,\"height\":90,\"caption\":\"Solintel Noroeste, S.L.\"},\"image\":{\"@id\":\"https:\/\/ledsolintel.com\/#\/schema\/logo\/image\/\"},\"sameAs\":[\"http:\/\/www.facebook.com\/webmenaje\",\"https:\/\/x.com\/webmenaje\",\"https:\/\/www.youtube.com\/channel\/UCX2KoVoeCG4LocZjUc6LmSQ\",\"http:\/\/www.pinterest.com\/webmenaje\"]}]}<\/script>\n<!-- \/ Yoast SEO plugin. -->","yoast_head_json":{"title":"PROA SOLAR PANEL 2,5W 120\u00ba LED by Beneito Faure","description":"PROA SOLAR PANEL 1.6W par Beneito Faure. Charg\u00e9 par un panneau solaire. Faible luminosit\u00e9. Prot\u00e9g\u00e9 contre la poussi\u00e8re et le contact et contre les jets d'eau.","robots":{"index":"index","follow":"follow","max-snippet":"max-snippet:-1","max-image-preview":"max-image-preview:large","max-video-preview":"max-video-preview:-1"},"canonical":"https:\/\/ledsolintel.com\/fr\/produit-2\/panneau-solaire-proa-25w-120o-led-de-beneito-faure\/","og_locale":"fr_FR","og_type":"article","og_title":"PROA PANEL SOLAR 2,5W 120\u00ba LED de Beneito Faure","og_description":"PROA PANEL SOLAR 1.6W de Beneito Faure. Se carga con panel solar. Poca luminosidad. Protegido contra el polvo y el contacto y contra chorros de agua.","og_url":"https:\/\/ledsolintel.com\/fr\/produit-2\/panneau-solaire-proa-25w-120o-led-de-beneito-faure\/","og_site_name":"Ledsolintel","article_publisher":"http:\/\/www.facebook.com\/webmenaje","og_image":[{"url":"https:\/\/ledsolintel.com\/wp-content\/uploads\/2016\/07\/8965-PROA-PANEL-SOLAR-2.5W-120o-LED-de-Beneito-Faure.jpg","width":1,"height":1,"type":"image\/jpeg"}],"twitter_card":"summary_large_image","twitter_site":"@webmenaje","schema":{"@context":"https:\/\/schema.org","@graph":[{"@type":"WebPage","@id":"https:\/\/ledsolintel.com\/product\/proa-panel-solar-25w-120o-led-de-beneito-faure\/","url":"https:\/\/ledsolintel.com\/product\/proa-panel-solar-25w-120o-led-de-beneito-faure\/","name":"PROA SOLAR PANEL 2,5W 120\u00ba LED by Beneito Faure","isPartOf":{"@id":"https:\/\/ledsolintel.com\/#website"},"primaryImageOfPage":{"@id":"https:\/\/ledsolintel.com\/product\/proa-panel-solar-25w-120o-led-de-beneito-faure\/#primaryimage"},"image":{"@id":"https:\/\/ledsolintel.com\/product\/proa-panel-solar-25w-120o-led-de-beneito-faure\/#primaryimage"},"thumbnailUrl":"https:\/\/ledsolintel.com\/wp-content\/uploads\/2016\/07\/8965-PROA-PANEL-SOLAR-2.5W-120o-LED-de-Beneito-Faure.jpg","datePublished":"2016-07-15T09:57:03+00:00","description":"PROA SOLAR PANEL 1.6W par Beneito Faure. Charg\u00e9 par un panneau solaire. Faible luminosit\u00e9. Prot\u00e9g\u00e9 contre la poussi\u00e8re et le contact et contre les jets d'eau.","breadcrumb":{"@id":"https:\/\/ledsolintel.com\/product\/proa-panel-solar-25w-120o-led-de-beneito-faure\/#breadcrumb"},"inLanguage":"fr-FR","potentialAction":[{"@type":"ReadAction","target":["https:\/\/ledsolintel.com\/product\/proa-panel-solar-25w-120o-led-de-beneito-faure\/"]}]},{"@type":"ImageObject","inLanguage":"fr-FR","@id":"https:\/\/ledsolintel.com\/product\/proa-panel-solar-25w-120o-led-de-beneito-faure\/#primaryimage","url":"https:\/\/ledsolintel.com\/wp-content\/uploads\/2016\/07\/8965-PROA-PANEL-SOLAR-2.5W-120o-LED-de-Beneito-Faure.jpg","contentUrl":"https:\/\/ledsolintel.com\/wp-content\/uploads\/2016\/07\/8965-PROA-PANEL-SOLAR-2.5W-120o-LED-de-Beneito-Faure.jpg","caption":"PROA PANEL SOLAR 2.5W 120\u00ba LED de Beneito Faure"},{"@type":"BreadcrumbList","@id":"https:\/\/ledsolintel.com\/product\/proa-panel-solar-25w-120o-led-de-beneito-faure\/#breadcrumb","itemListElement":[{"@type":"ListItem","position":1,"name":"Portada","item":"https:\/\/ledsolintel.com\/fr\/"},{"@type":"ListItem","position":2,"name":"Tienda","item":"https:\/\/ledsolintel.com\/tienda\/"},{"@type":"ListItem","position":3,"name":"Aplique LED PROA con panel solar 2.5W 120\u00ba LED de Beneito Faure"}]},{"@type":"WebSite","@id":"https:\/\/ledsolintel.com\/#website","url":"https:\/\/ledsolintel.com\/","name":"Webmenaje","description":"Magasin d'ampoules et de lampes LED pour les professionnels","publisher":{"@id":"https:\/\/ledsolintel.com\/#organization"},"potentialAction":[{"@type":"SearchAction","target":{"@type":"EntryPoint","urlTemplate":"https:\/\/ledsolintel.com\/?s={search_term_string}"},"query-input":{"@type":"PropertyValueSpecification","valueRequired":true,"valueName":"search_term_string"}}],"inLanguage":"fr-FR"},{"@type":"Organization","@id":"https:\/\/ledsolintel.com\/#organization","name":"Solintel Noroeste, S.L.","url":"https:\/\/ledsolintel.com\/","logo":{"@type":"ImageObject","inLanguage":"fr-FR","@id":"https:\/\/ledsolintel.com\/#\/schema\/logo\/image\/","url":"https:\/\/ledsolintel.com\/wp-content\/uploads\/2024\/11\/webmenaje-logo-1508269066.jpg","contentUrl":"https:\/\/ledsolintel.com\/wp-content\/uploads\/2024\/11\/webmenaje-logo-1508269066.jpg","width":370,"height":90,"caption":"Solintel Noroeste, S.L."},"image":{"@id":"https:\/\/ledsolintel.com\/#\/schema\/logo\/image\/"},"sameAs":["http:\/\/www.facebook.com\/webmenaje","https:\/\/x.com\/webmenaje","https:\/\/www.youtube.com\/channel\/UCX2KoVoeCG4LocZjUc6LmSQ","http:\/\/www.pinterest.com\/webmenaje"]}]}},"_links":{"self":[{"href":"https:\/\/ledsolintel.com\/fr\/wp-json\/wp\/v2\/product\/240979","targetHints":{"allow":["GET"]}}],"collection":[{"href":"https:\/\/ledsolintel.com\/fr\/wp-json\/wp\/v2\/product"}],"about":[{"href":"https:\/\/ledsolintel.com\/fr\/wp-json\/wp\/v2\/types\/product"}],"version-history":[{"count":0,"href":"https:\/\/ledsolintel.com\/fr\/wp-json\/wp\/v2\/product\/240979\/revisions"}],"wp:featuredmedia":[{"embeddable":true,"href":"https:\/\/ledsolintel.com\/fr\/wp-json\/wp\/v2\/media\/240976"}],"wp:attachment":[{"href":"https:\/\/ledsolintel.com\/fr\/wp-json\/wp\/v2\/media?parent=240979"}],"wp:term":[{"taxonomy":"product_brand","embeddable":true,"href":"https:\/\/ledsolintel.com\/fr\/wp-json\/wp\/v2\/product_brand?post=240979"},{"taxonomy":"product_cat","embeddable":true,"href":"https:\/\/ledsolintel.com\/fr\/wp-json\/wp\/v2\/product_cat?post=240979"},{"taxonomy":"product_tag","embeddable":true,"href":"https:\/\/ledsolintel.com\/fr\/wp-json\/wp\/v2\/product_tag?post=240979"}],"curies":[{"name":"wp","href":"https:\/\/api.w.org\/{rel}","templated":true}]}}