{"id":240961,"date":"2016-07-14T11:57:50","date_gmt":"2016-07-14T09:57:50","guid":{"rendered":"https:\/\/nueva.ledsolintel.com\/product\/mr16-7w-12v-15-led-de-beneito-faure\/"},"modified":"2016-07-14T11:57:50","modified_gmt":"2016-07-14T09:57:50","slug":"mr16-7w-12v-15-led-de-beneito-faure","status":"publish","type":"product","link":"https:\/\/ledsolintel.com\/fr\/produit-2\/mr16-7w-12v-15-led-de-beneito-faure\/","title":{"rendered":"Beneito Faure LED NARROW 7W MR16 ampoule dichro\u00efque"},"content":{"rendered":"<h1>NARROW 7W MR16 LED by Beneito Faure<\/h1>\n<p>\u00a0<\/p>\n<ul>\n<li>Puissance : 7W<\/li>\n<li>Tension : 12V<\/li>\n<li>Luminosit\u00e9 :<\/li>\n<ul>\n<li>420 lm<\/li>\n<li>2565 cd<\/li>\n<\/ul>\n<li>Optique : 15<\/li>\n<li>CCT : 3000 K<\/li>\n<li>Dur\u00e9e de vie : 25 000 h<\/li>\n<li>Protection IP40<\/li>\n<li>C.R.I. &gt;80<\/li>\n<li>Dimensions ext\u00e9rieures : 41 x 50 mm<\/li>\n<li>Facteur de puissance &gt; 0,8<\/li>\n<\/ul>","protected":false},"excerpt":{"rendered":"<p>NARROW 7W MR16 LED de Beneito Faure. Angle tr\u00e8s concentr\u00e9 pour l'\u00e9clairage d'objets sp\u00e9cifiques tels que des tableaux ou des vitrines. Temp\u00e9rature de couleur chaude pour les zones de repos. Parfait pour les restaurants, les salons et les salles d'attente.<\/p>","protected":false},"featured_media":240958,"template":"","meta":[],"product_brand":[99357],"product_cat":[99875,99571],"product_tag":[],"class_list":{"0":"post-240961","1":"product","2":"type-product","3":"status-publish","4":"has-post-thumbnail","6":"product_brand-beneito-faure","7":"product_cat-bombillas-con-conexion-mr16-a-12v-con-transformador","8":"product_cat-bombillas-led","11":"instock","12":"taxable","13":"shipping-taxable","14":"purchasable","15":"product-type-simple"},"yoast_head":"<!-- This site is optimized with the Yoast SEO plugin v27.4 - https:\/\/yoast.com\/product\/yoast-seo-wordpress\/ -->\n<title>NARROW 7W MR16 LED de Beneito Faure<\/title>\n<meta name=\"description\" content=\"NARROW 7W MR16 LED de Beneito Faure. \u00c1ngulo muy concentrado para la iluminaci\u00f3n de objetos espec\u00edficos como cuadros o vitrinas. Temperatura de color muy c\u00e1lida\" \/>\n<meta name=\"robots\" content=\"index, follow, max-snippet:-1, max-image-preview:large, max-video-preview:-1\" \/>\n<link rel=\"canonical\" href=\"https:\/\/ledsolintel.com\/fr\/produit-2\/mr16-7w-12v-15-led-de-beneito-faure\/\" \/>\n<meta property=\"og:locale\" content=\"fr_FR\" \/>\n<meta property=\"og:type\" content=\"article\" \/>\n<meta property=\"og:title\" content=\"NARROW 7W MR16 LED de Beneito Faure\" \/>\n<meta property=\"og:description\" content=\"NARROW 7W MR16 LED de Beneito Faure. \u00c1ngulo muy concentrado para la iluminaci\u00f3n de objetos espec\u00edficos como cuadros o vitrinas. Temperatura de color muy c\u00e1lida\" \/>\n<meta property=\"og:url\" content=\"https:\/\/ledsolintel.com\/fr\/produit-2\/mr16-7w-12v-15-led-de-beneito-faure\/\" \/>\n<meta property=\"og:site_name\" content=\"Ledsolintel\" \/>\n<meta property=\"article:publisher\" content=\"http:\/\/www.facebook.com\/webmenaje\" \/>\n<meta property=\"og:image\" content=\"https:\/\/ledsolintel.com\/wp-content\/uploads\/2016\/07\/8970-Dicroica-MR16-7W-12V-15o-LED-de-Beneito-Faure.jpg\" \/>\n\t<meta property=\"og:image:width\" content=\"1\" \/>\n\t<meta property=\"og:image:height\" content=\"1\" \/>\n\t<meta property=\"og:image:type\" content=\"image\/jpeg\" \/>\n<meta name=\"twitter:card\" content=\"summary_large_image\" \/>\n<meta name=\"twitter:site\" content=\"@webmenaje\" \/>\n<script type=\"application\/ld+json\" class=\"yoast-schema-graph\">{\"@context\":\"https:\\\/\\\/schema.org\",\"@graph\":[{\"@type\":\"WebPage\",\"@id\":\"https:\\\/\\\/ledsolintel.com\\\/fr\\\/product\\\/mr16-7w-12v-15-led-de-beneito-faure\\\/\",\"url\":\"https:\\\/\\\/ledsolintel.com\\\/fr\\\/product\\\/mr16-7w-12v-15-led-de-beneito-faure\\\/\",\"name\":\"NARROW 7W MR16 LED de Beneito Faure\",\"isPartOf\":{\"@id\":\"https:\\\/\\\/ledsolintel.com\\\/#website\"},\"primaryImageOfPage\":{\"@id\":\"https:\\\/\\\/ledsolintel.com\\\/fr\\\/product\\\/mr16-7w-12v-15-led-de-beneito-faure\\\/#primaryimage\"},\"image\":{\"@id\":\"https:\\\/\\\/ledsolintel.com\\\/fr\\\/product\\\/mr16-7w-12v-15-led-de-beneito-faure\\\/#primaryimage\"},\"thumbnailUrl\":\"https:\\\/\\\/ledsolintel.com\\\/wp-content\\\/uploads\\\/2016\\\/07\\\/8970-Dicroica-MR16-7W-12V-15o-LED-de-Beneito-Faure.jpg\",\"datePublished\":\"2016-07-14T09:57:50+00:00\",\"description\":\"NARROW 7W MR16 LED de Beneito Faure. \u00c1ngulo muy concentrado para la iluminaci\u00f3n de objetos espec\u00edficos como cuadros o vitrinas. Temperatura de color muy c\u00e1lida\",\"breadcrumb\":{\"@id\":\"https:\\\/\\\/ledsolintel.com\\\/fr\\\/product\\\/mr16-7w-12v-15-led-de-beneito-faure\\\/#breadcrumb\"},\"inLanguage\":\"fr-FR\",\"potentialAction\":[{\"@type\":\"ReadAction\",\"target\":[\"https:\\\/\\\/ledsolintel.com\\\/fr\\\/product\\\/mr16-7w-12v-15-led-de-beneito-faure\\\/\"]}]},{\"@type\":\"ImageObject\",\"inLanguage\":\"fr-FR\",\"@id\":\"https:\\\/\\\/ledsolintel.com\\\/fr\\\/product\\\/mr16-7w-12v-15-led-de-beneito-faure\\\/#primaryimage\",\"url\":\"https:\\\/\\\/ledsolintel.com\\\/wp-content\\\/uploads\\\/2016\\\/07\\\/8970-Dicroica-MR16-7W-12V-15o-LED-de-Beneito-Faure.jpg\",\"contentUrl\":\"https:\\\/\\\/ledsolintel.com\\\/wp-content\\\/uploads\\\/2016\\\/07\\\/8970-Dicroica-MR16-7W-12V-15o-LED-de-Beneito-Faure.jpg\",\"caption\":\"Dicroica MR16 7W 12V 15\u00ba LED de Beneito Faure\"},{\"@type\":\"BreadcrumbList\",\"@id\":\"https:\\\/\\\/ledsolintel.com\\\/fr\\\/product\\\/mr16-7w-12v-15-led-de-beneito-faure\\\/#breadcrumb\",\"itemListElement\":[{\"@type\":\"ListItem\",\"position\":1,\"name\":\"Portada\",\"item\":\"https:\\\/\\\/ledsolintel.com\\\/fr\\\/\"},{\"@type\":\"ListItem\",\"position\":2,\"name\":\"Tienda\",\"item\":\"https:\\\/\\\/ledsolintel.com\\\/tienda\\\/\"},{\"@type\":\"ListItem\",\"position\":3,\"name\":\"Dicroica LED NARROW 7W MR16 de Beneito Faure\"}]},{\"@type\":\"WebSite\",\"@id\":\"https:\\\/\\\/ledsolintel.com\\\/#website\",\"url\":\"https:\\\/\\\/ledsolintel.com\\\/\",\"name\":\"Webmenaje\",\"description\":\"Tienda de bombillas y l\u00e1mparas LED para profesionales\",\"publisher\":{\"@id\":\"https:\\\/\\\/ledsolintel.com\\\/#organization\"},\"potentialAction\":[{\"@type\":\"SearchAction\",\"target\":{\"@type\":\"EntryPoint\",\"urlTemplate\":\"https:\\\/\\\/ledsolintel.com\\\/?s={search_term_string}\"},\"query-input\":{\"@type\":\"PropertyValueSpecification\",\"valueRequired\":true,\"valueName\":\"search_term_string\"}}],\"inLanguage\":\"fr-FR\"},{\"@type\":\"Organization\",\"@id\":\"https:\\\/\\\/ledsolintel.com\\\/#organization\",\"name\":\"Solintel Noroeste, S.L.\",\"url\":\"https:\\\/\\\/ledsolintel.com\\\/\",\"logo\":{\"@type\":\"ImageObject\",\"inLanguage\":\"fr-FR\",\"@id\":\"https:\\\/\\\/ledsolintel.com\\\/#\\\/schema\\\/logo\\\/image\\\/\",\"url\":\"https:\\\/\\\/ledsolintel.com\\\/wp-content\\\/uploads\\\/2024\\\/11\\\/webmenaje-logo-1508269066.jpg\",\"contentUrl\":\"https:\\\/\\\/ledsolintel.com\\\/wp-content\\\/uploads\\\/2024\\\/11\\\/webmenaje-logo-1508269066.jpg\",\"width\":370,\"height\":90,\"caption\":\"Solintel Noroeste, S.L.\"},\"image\":{\"@id\":\"https:\\\/\\\/ledsolintel.com\\\/#\\\/schema\\\/logo\\\/image\\\/\"},\"sameAs\":[\"http:\\\/\\\/www.facebook.com\\\/webmenaje\",\"https:\\\/\\\/x.com\\\/webmenaje\",\"https:\\\/\\\/www.youtube.com\\\/channel\\\/UCX2KoVoeCG4LocZjUc6LmSQ\",\"http:\\\/\\\/www.pinterest.com\\\/webmenaje\"]}]}<\/script>\n<!-- \/ Yoast SEO plugin. -->","yoast_head_json":{"title":"NARROW 7W MR16 LED by Beneito Faure","description":"NARROW 7W MR16 LED de Beneito Faure. Angle tr\u00e8s concentr\u00e9 pour l'\u00e9clairage d'objets sp\u00e9cifiques tels que des tableaux ou des vitrines. Temp\u00e9rature de couleur tr\u00e8s chaude","robots":{"index":"index","follow":"follow","max-snippet":"max-snippet:-1","max-image-preview":"max-image-preview:large","max-video-preview":"max-video-preview:-1"},"canonical":"https:\/\/ledsolintel.com\/fr\/produit-2\/mr16-7w-12v-15-led-de-beneito-faure\/","og_locale":"fr_FR","og_type":"article","og_title":"NARROW 7W MR16 LED de Beneito Faure","og_description":"NARROW 7W MR16 LED de Beneito Faure. \u00c1ngulo muy concentrado para la iluminaci\u00f3n de objetos espec\u00edficos como cuadros o vitrinas. Temperatura de color muy c\u00e1lida","og_url":"https:\/\/ledsolintel.com\/fr\/produit-2\/mr16-7w-12v-15-led-de-beneito-faure\/","og_site_name":"Ledsolintel","article_publisher":"http:\/\/www.facebook.com\/webmenaje","og_image":[{"url":"https:\/\/ledsolintel.com\/wp-content\/uploads\/2016\/07\/8970-Dicroica-MR16-7W-12V-15o-LED-de-Beneito-Faure.jpg","width":1,"height":1,"type":"image\/jpeg"}],"twitter_card":"summary_large_image","twitter_site":"@webmenaje","schema":{"@context":"https:\/\/schema.org","@graph":[{"@type":"WebPage","@id":"https:\/\/ledsolintel.com\/fr\/product\/mr16-7w-12v-15-led-de-beneito-faure\/","url":"https:\/\/ledsolintel.com\/fr\/product\/mr16-7w-12v-15-led-de-beneito-faure\/","name":"NARROW 7W MR16 LED by Beneito Faure","isPartOf":{"@id":"https:\/\/ledsolintel.com\/#website"},"primaryImageOfPage":{"@id":"https:\/\/ledsolintel.com\/fr\/product\/mr16-7w-12v-15-led-de-beneito-faure\/#primaryimage"},"image":{"@id":"https:\/\/ledsolintel.com\/fr\/product\/mr16-7w-12v-15-led-de-beneito-faure\/#primaryimage"},"thumbnailUrl":"https:\/\/ledsolintel.com\/wp-content\/uploads\/2016\/07\/8970-Dicroica-MR16-7W-12V-15o-LED-de-Beneito-Faure.jpg","datePublished":"2016-07-14T09:57:50+00:00","description":"NARROW 7W MR16 LED de Beneito Faure. Angle tr\u00e8s concentr\u00e9 pour l'\u00e9clairage d'objets sp\u00e9cifiques tels que des tableaux ou des vitrines. Temp\u00e9rature de couleur tr\u00e8s chaude","breadcrumb":{"@id":"https:\/\/ledsolintel.com\/fr\/product\/mr16-7w-12v-15-led-de-beneito-faure\/#breadcrumb"},"inLanguage":"fr-FR","potentialAction":[{"@type":"ReadAction","target":["https:\/\/ledsolintel.com\/fr\/product\/mr16-7w-12v-15-led-de-beneito-faure\/"]}]},{"@type":"ImageObject","inLanguage":"fr-FR","@id":"https:\/\/ledsolintel.com\/fr\/product\/mr16-7w-12v-15-led-de-beneito-faure\/#primaryimage","url":"https:\/\/ledsolintel.com\/wp-content\/uploads\/2016\/07\/8970-Dicroica-MR16-7W-12V-15o-LED-de-Beneito-Faure.jpg","contentUrl":"https:\/\/ledsolintel.com\/wp-content\/uploads\/2016\/07\/8970-Dicroica-MR16-7W-12V-15o-LED-de-Beneito-Faure.jpg","caption":"Dicroica MR16 7W 12V 15\u00ba LED de Beneito Faure"},{"@type":"BreadcrumbList","@id":"https:\/\/ledsolintel.com\/fr\/product\/mr16-7w-12v-15-led-de-beneito-faure\/#breadcrumb","itemListElement":[{"@type":"ListItem","position":1,"name":"Portada","item":"https:\/\/ledsolintel.com\/fr\/"},{"@type":"ListItem","position":2,"name":"Tienda","item":"https:\/\/ledsolintel.com\/tienda\/"},{"@type":"ListItem","position":3,"name":"Dicroica LED NARROW 7W MR16 de Beneito Faure"}]},{"@type":"WebSite","@id":"https:\/\/ledsolintel.com\/#website","url":"https:\/\/ledsolintel.com\/","name":"Webmenaje","description":"Magasin d'ampoules et de lampes LED pour les professionnels","publisher":{"@id":"https:\/\/ledsolintel.com\/#organization"},"potentialAction":[{"@type":"SearchAction","target":{"@type":"EntryPoint","urlTemplate":"https:\/\/ledsolintel.com\/?s={search_term_string}"},"query-input":{"@type":"PropertyValueSpecification","valueRequired":true,"valueName":"search_term_string"}}],"inLanguage":"fr-FR"},{"@type":"Organization","@id":"https:\/\/ledsolintel.com\/#organization","name":"Solintel Noroeste, S.L.","url":"https:\/\/ledsolintel.com\/","logo":{"@type":"ImageObject","inLanguage":"fr-FR","@id":"https:\/\/ledsolintel.com\/#\/schema\/logo\/image\/","url":"https:\/\/ledsolintel.com\/wp-content\/uploads\/2024\/11\/webmenaje-logo-1508269066.jpg","contentUrl":"https:\/\/ledsolintel.com\/wp-content\/uploads\/2024\/11\/webmenaje-logo-1508269066.jpg","width":370,"height":90,"caption":"Solintel Noroeste, S.L."},"image":{"@id":"https:\/\/ledsolintel.com\/#\/schema\/logo\/image\/"},"sameAs":["http:\/\/www.facebook.com\/webmenaje","https:\/\/x.com\/webmenaje","https:\/\/www.youtube.com\/channel\/UCX2KoVoeCG4LocZjUc6LmSQ","http:\/\/www.pinterest.com\/webmenaje"]}]}},"_links":{"self":[{"href":"https:\/\/ledsolintel.com\/fr\/wp-json\/wp\/v2\/product\/240961","targetHints":{"allow":["GET"]}}],"collection":[{"href":"https:\/\/ledsolintel.com\/fr\/wp-json\/wp\/v2\/product"}],"about":[{"href":"https:\/\/ledsolintel.com\/fr\/wp-json\/wp\/v2\/types\/product"}],"version-history":[{"count":0,"href":"https:\/\/ledsolintel.com\/fr\/wp-json\/wp\/v2\/product\/240961\/revisions"}],"wp:featuredmedia":[{"embeddable":true,"href":"https:\/\/ledsolintel.com\/fr\/wp-json\/wp\/v2\/media\/240958"}],"wp:attachment":[{"href":"https:\/\/ledsolintel.com\/fr\/wp-json\/wp\/v2\/media?parent=240961"}],"wp:term":[{"taxonomy":"product_brand","embeddable":true,"href":"https:\/\/ledsolintel.com\/fr\/wp-json\/wp\/v2\/product_brand?post=240961"},{"taxonomy":"product_cat","embeddable":true,"href":"https:\/\/ledsolintel.com\/fr\/wp-json\/wp\/v2\/product_cat?post=240961"},{"taxonomy":"product_tag","embeddable":true,"href":"https:\/\/ledsolintel.com\/fr\/wp-json\/wp\/v2\/product_tag?post=240961"}],"curies":[{"name":"wp","href":"https:\/\/api.w.org\/{rel}","templated":true}]}}