{"id":240949,"date":"2016-07-14T10:03:41","date_gmt":"2016-07-14T08:03:41","guid":{"rendered":"https:\/\/nueva.ledsolintel.com\/product\/lynk-ar111-13w-gu10-220v-45o-dimmable-led-de-beneito-faure\/"},"modified":"2016-07-14T10:03:41","modified_gmt":"2016-07-14T08:03:41","slug":"lynk-ar111-13w-gu10-220v-45o-dimmable-led-de-beneito-faure","status":"publish","type":"product","link":"https:\/\/ledsolintel.com\/fr\/produit-2\/lynk-ar111-13w-gu10-220v-45o-dimmable-led-de-beneito-faure\/","title":{"rendered":"Beneito Faure AR111 LED LYNK 13W DIMMABLE lampe dichro\u00efque par Beneito Faure"},"content":{"rendered":"<h3>Caract\u00e9ristiques :<\/h3>\n<ul>\n<li>Puissance : 13 W<\/li>\n<li>Tension : 220-240 V<\/li>\n<li>Luminosit\u00e9 :<\/li>\n<ul>\n<li>880-950 lm<\/li>\n<li>995-1020 cd<\/li>\n<\/ul>\n<li>Optique : 45<\/li>\n<li>Temp\u00e9rature de couleur :<\/li>\n<ul>\n<li>2700 K\u00a0 \u00a0<\/li>\n<li>3000 K \u00a0 \u00a0<\/li>\n<li>4000 K<\/li>\n<\/ul>\n<li>Dur\u00e9e de vie : 25 000 h<\/li>\n<li>Protection IP40<\/li>\n<li>C.R.I. &gt;80<\/li>\n<li>Medida exterior: 111 x 64mm<\/li>\n<li>Facteur de puissance &gt;0,9<\/li>\n<\/ul>","protected":false},"excerpt":{"rendered":"<p>Bombilla AR111 LYNK 13W de Beneito Faure. Regulable. Haz de luz concentrado para iluminaci\u00f3n zonal o de suelos, o para una iluminaci\u00f3n general si\u00a0se colocan\u00a0m\u00faltiples puntos de luz. Disponible en tres colores: blanco c\u00e1lido y muy c\u00e1lido, para\u00a0\u00e1reas\u00a0de descanso, como restaurantes, hoteles o salas de espera; y blanco natural para\u00a0un uso\u00a0m\u00e1s vers\u00e1til.<\/p>","protected":false},"featured_media":240946,"template":"","meta":[],"product_brand":[99357],"product_cat":[99647,99593],"product_tag":[],"class_list":{"0":"post-240949","1":"product","2":"type-product","3":"status-publish","4":"has-post-thumbnail","6":"product_brand-beneito-faure","7":"product_cat-lamparas-ar111-conexion-gu10-y-g53","8":"product_cat-lamparas-dimmables","9":"pa_cct-3000k","10":"pa_cct-4000k","11":"pa_cct-2700k","14":"instock","15":"taxable","16":"shipping-taxable","17":"purchasable","18":"product-type-variable","19":"has-default-attributes"},"yoast_head":"<!-- This site is optimized with the Yoast SEO plugin v26.6 - https:\/\/yoast.com\/wordpress\/plugins\/seo\/ -->\n<title>Dicroica AR111 LED LYNK 13W DIMMABLE de Beneito Faure<\/title>\n<meta name=\"description\" content=\"AR111 LYNK 13W de Beneito Faure. Regulable. Haz de luz concentrado para iluminaci\u00f3n zonal o de suelos, o para una iluminaci\u00f3n general. Disponible en 3 colores.\" \/>\n<meta name=\"robots\" content=\"index, follow, max-snippet:-1, max-image-preview:large, max-video-preview:-1\" \/>\n<link rel=\"canonical\" href=\"https:\/\/ledsolintel.com\/fr\/produit-2\/lynk-ar111-13w-gu10-220v-45o-dimmable-led-de-beneito-faure\/\" \/>\n<meta property=\"og:locale\" content=\"fr_FR\" \/>\n<meta property=\"og:type\" content=\"article\" \/>\n<meta property=\"og:title\" content=\"Dicroica AR111 LED LYNK 13W DIMMABLE de Beneito Faure\" \/>\n<meta property=\"og:description\" content=\"AR111 LYNK 13W de Beneito Faure. Regulable. Haz de luz concentrado para iluminaci\u00f3n zonal o de suelos, o para una iluminaci\u00f3n general. Disponible en 3 colores.\" \/>\n<meta property=\"og:url\" content=\"https:\/\/ledsolintel.com\/fr\/produit-2\/lynk-ar111-13w-gu10-220v-45o-dimmable-led-de-beneito-faure\/\" \/>\n<meta property=\"og:site_name\" content=\"Ledsolintel\" \/>\n<meta property=\"article:publisher\" content=\"http:\/\/www.facebook.com\/webmenaje\" \/>\n<meta property=\"og:image\" content=\"https:\/\/ledsolintel.com\/wp-content\/uploads\/2016\/07\/9027-LYNK-AR111-13W-GU10-220V-45o-DIMMABLE-LED-de-Beneito-Faure.jpg\" \/>\n\t<meta property=\"og:image:width\" content=\"1\" \/>\n\t<meta property=\"og:image:height\" content=\"1\" \/>\n\t<meta property=\"og:image:type\" content=\"image\/jpeg\" \/>\n<meta name=\"twitter:card\" content=\"summary_large_image\" \/>\n<meta name=\"twitter:site\" content=\"@webmenaje\" \/>\n<script type=\"application\/ld+json\" class=\"yoast-schema-graph\">{\"@context\":\"https:\/\/schema.org\",\"@graph\":[{\"@type\":\"WebPage\",\"@id\":\"https:\/\/ledsolintel.com\/product\/lynk-ar111-13w-gu10-220v-45o-dimmable-led-de-beneito-faure\/\",\"url\":\"https:\/\/ledsolintel.com\/product\/lynk-ar111-13w-gu10-220v-45o-dimmable-led-de-beneito-faure\/\",\"name\":\"Dicroica AR111 LED LYNK 13W DIMMABLE de Beneito Faure\",\"isPartOf\":{\"@id\":\"https:\/\/ledsolintel.com\/#website\"},\"primaryImageOfPage\":{\"@id\":\"https:\/\/ledsolintel.com\/product\/lynk-ar111-13w-gu10-220v-45o-dimmable-led-de-beneito-faure\/#primaryimage\"},\"image\":{\"@id\":\"https:\/\/ledsolintel.com\/product\/lynk-ar111-13w-gu10-220v-45o-dimmable-led-de-beneito-faure\/#primaryimage\"},\"thumbnailUrl\":\"https:\/\/ledsolintel.com\/wp-content\/uploads\/2016\/07\/9027-LYNK-AR111-13W-GU10-220V-45o-DIMMABLE-LED-de-Beneito-Faure.jpg\",\"datePublished\":\"2016-07-14T08:03:41+00:00\",\"description\":\"AR111 LYNK 13W de Beneito Faure. Regulable. Haz de luz concentrado para iluminaci\u00f3n zonal o de suelos, o para una iluminaci\u00f3n general. Disponible en 3 colores.\",\"breadcrumb\":{\"@id\":\"https:\/\/ledsolintel.com\/product\/lynk-ar111-13w-gu10-220v-45o-dimmable-led-de-beneito-faure\/#breadcrumb\"},\"inLanguage\":\"fr-FR\",\"potentialAction\":[{\"@type\":\"ReadAction\",\"target\":[\"https:\/\/ledsolintel.com\/product\/lynk-ar111-13w-gu10-220v-45o-dimmable-led-de-beneito-faure\/\"]}]},{\"@type\":\"ImageObject\",\"inLanguage\":\"fr-FR\",\"@id\":\"https:\/\/ledsolintel.com\/product\/lynk-ar111-13w-gu10-220v-45o-dimmable-led-de-beneito-faure\/#primaryimage\",\"url\":\"https:\/\/ledsolintel.com\/wp-content\/uploads\/2016\/07\/9027-LYNK-AR111-13W-GU10-220V-45o-DIMMABLE-LED-de-Beneito-Faure.jpg\",\"contentUrl\":\"https:\/\/ledsolintel.com\/wp-content\/uploads\/2016\/07\/9027-LYNK-AR111-13W-GU10-220V-45o-DIMMABLE-LED-de-Beneito-Faure.jpg\",\"caption\":\"LYNK AR111 13W GU10 220V 45\u00ba DIMMABLE LED de Beneito Faure\"},{\"@type\":\"BreadcrumbList\",\"@id\":\"https:\/\/ledsolintel.com\/product\/lynk-ar111-13w-gu10-220v-45o-dimmable-led-de-beneito-faure\/#breadcrumb\",\"itemListElement\":[{\"@type\":\"ListItem\",\"position\":1,\"name\":\"Portada\",\"item\":\"https:\/\/ledsolintel.com\/fr\/\"},{\"@type\":\"ListItem\",\"position\":2,\"name\":\"Tienda\",\"item\":\"https:\/\/ledsolintel.com\/tienda\/\"},{\"@type\":\"ListItem\",\"position\":3,\"name\":\"Dicroica AR111 LED LYNK 13W DIMMABLE de Beneito Faure\"}]},{\"@type\":\"WebSite\",\"@id\":\"https:\/\/ledsolintel.com\/#website\",\"url\":\"https:\/\/ledsolintel.com\/\",\"name\":\"Webmenaje\",\"description\":\"Tienda de bombillas y l\u00e1mparas LED para profesionales\",\"publisher\":{\"@id\":\"https:\/\/ledsolintel.com\/#organization\"},\"potentialAction\":[{\"@type\":\"SearchAction\",\"target\":{\"@type\":\"EntryPoint\",\"urlTemplate\":\"https:\/\/ledsolintel.com\/?s={search_term_string}\"},\"query-input\":{\"@type\":\"PropertyValueSpecification\",\"valueRequired\":true,\"valueName\":\"search_term_string\"}}],\"inLanguage\":\"fr-FR\"},{\"@type\":\"Organization\",\"@id\":\"https:\/\/ledsolintel.com\/#organization\",\"name\":\"Solintel Noroeste, S.L.\",\"url\":\"https:\/\/ledsolintel.com\/\",\"logo\":{\"@type\":\"ImageObject\",\"inLanguage\":\"fr-FR\",\"@id\":\"https:\/\/ledsolintel.com\/#\/schema\/logo\/image\/\",\"url\":\"https:\/\/ledsolintel.com\/wp-content\/uploads\/2024\/11\/webmenaje-logo-1508269066.jpg\",\"contentUrl\":\"https:\/\/ledsolintel.com\/wp-content\/uploads\/2024\/11\/webmenaje-logo-1508269066.jpg\",\"width\":370,\"height\":90,\"caption\":\"Solintel Noroeste, S.L.\"},\"image\":{\"@id\":\"https:\/\/ledsolintel.com\/#\/schema\/logo\/image\/\"},\"sameAs\":[\"http:\/\/www.facebook.com\/webmenaje\",\"https:\/\/x.com\/webmenaje\",\"https:\/\/www.youtube.com\/channel\/UCX2KoVoeCG4LocZjUc6LmSQ\",\"http:\/\/www.pinterest.com\/webmenaje\"]}]}<\/script>\n<!-- \/ Yoast SEO plugin. -->","yoast_head_json":{"title":"Beneito Faure AR111 LED LYNK 13W DIMMABLE lampe dichro\u00efque par Beneito Faure","description":"AR111 LYNK 13W de Beneito Faure. Regulable. Haz de luz concentrado para iluminaci\u00f3n zonal o de suelos, o para una iluminaci\u00f3n general. Disponible en 3 colores.","robots":{"index":"index","follow":"follow","max-snippet":"max-snippet:-1","max-image-preview":"max-image-preview:large","max-video-preview":"max-video-preview:-1"},"canonical":"https:\/\/ledsolintel.com\/fr\/produit-2\/lynk-ar111-13w-gu10-220v-45o-dimmable-led-de-beneito-faure\/","og_locale":"fr_FR","og_type":"article","og_title":"Dicroica AR111 LED LYNK 13W DIMMABLE de Beneito Faure","og_description":"AR111 LYNK 13W de Beneito Faure. Regulable. Haz de luz concentrado para iluminaci\u00f3n zonal o de suelos, o para una iluminaci\u00f3n general. Disponible en 3 colores.","og_url":"https:\/\/ledsolintel.com\/fr\/produit-2\/lynk-ar111-13w-gu10-220v-45o-dimmable-led-de-beneito-faure\/","og_site_name":"Ledsolintel","article_publisher":"http:\/\/www.facebook.com\/webmenaje","og_image":[{"url":"https:\/\/ledsolintel.com\/wp-content\/uploads\/2016\/07\/9027-LYNK-AR111-13W-GU10-220V-45o-DIMMABLE-LED-de-Beneito-Faure.jpg","width":1,"height":1,"type":"image\/jpeg"}],"twitter_card":"summary_large_image","twitter_site":"@webmenaje","schema":{"@context":"https:\/\/schema.org","@graph":[{"@type":"WebPage","@id":"https:\/\/ledsolintel.com\/product\/lynk-ar111-13w-gu10-220v-45o-dimmable-led-de-beneito-faure\/","url":"https:\/\/ledsolintel.com\/product\/lynk-ar111-13w-gu10-220v-45o-dimmable-led-de-beneito-faure\/","name":"Beneito Faure AR111 LED LYNK 13W DIMMABLE lampe dichro\u00efque par Beneito Faure","isPartOf":{"@id":"https:\/\/ledsolintel.com\/#website"},"primaryImageOfPage":{"@id":"https:\/\/ledsolintel.com\/product\/lynk-ar111-13w-gu10-220v-45o-dimmable-led-de-beneito-faure\/#primaryimage"},"image":{"@id":"https:\/\/ledsolintel.com\/product\/lynk-ar111-13w-gu10-220v-45o-dimmable-led-de-beneito-faure\/#primaryimage"},"thumbnailUrl":"https:\/\/ledsolintel.com\/wp-content\/uploads\/2016\/07\/9027-LYNK-AR111-13W-GU10-220V-45o-DIMMABLE-LED-de-Beneito-Faure.jpg","datePublished":"2016-07-14T08:03:41+00:00","description":"AR111 LYNK 13W de Beneito Faure. Regulable. Haz de luz concentrado para iluminaci\u00f3n zonal o de suelos, o para una iluminaci\u00f3n general. Disponible en 3 colores.","breadcrumb":{"@id":"https:\/\/ledsolintel.com\/product\/lynk-ar111-13w-gu10-220v-45o-dimmable-led-de-beneito-faure\/#breadcrumb"},"inLanguage":"fr-FR","potentialAction":[{"@type":"ReadAction","target":["https:\/\/ledsolintel.com\/product\/lynk-ar111-13w-gu10-220v-45o-dimmable-led-de-beneito-faure\/"]}]},{"@type":"ImageObject","inLanguage":"fr-FR","@id":"https:\/\/ledsolintel.com\/product\/lynk-ar111-13w-gu10-220v-45o-dimmable-led-de-beneito-faure\/#primaryimage","url":"https:\/\/ledsolintel.com\/wp-content\/uploads\/2016\/07\/9027-LYNK-AR111-13W-GU10-220V-45o-DIMMABLE-LED-de-Beneito-Faure.jpg","contentUrl":"https:\/\/ledsolintel.com\/wp-content\/uploads\/2016\/07\/9027-LYNK-AR111-13W-GU10-220V-45o-DIMMABLE-LED-de-Beneito-Faure.jpg","caption":"LYNK AR111 13W GU10 220V 45\u00ba DIMMABLE LED de Beneito Faure"},{"@type":"BreadcrumbList","@id":"https:\/\/ledsolintel.com\/product\/lynk-ar111-13w-gu10-220v-45o-dimmable-led-de-beneito-faure\/#breadcrumb","itemListElement":[{"@type":"ListItem","position":1,"name":"Portada","item":"https:\/\/ledsolintel.com\/fr\/"},{"@type":"ListItem","position":2,"name":"Tienda","item":"https:\/\/ledsolintel.com\/tienda\/"},{"@type":"ListItem","position":3,"name":"Dicroica AR111 LED LYNK 13W DIMMABLE de Beneito Faure"}]},{"@type":"WebSite","@id":"https:\/\/ledsolintel.com\/#website","url":"https:\/\/ledsolintel.com\/","name":"Webmenaje","description":"Magasin d'ampoules et de lampes LED pour les professionnels","publisher":{"@id":"https:\/\/ledsolintel.com\/#organization"},"potentialAction":[{"@type":"SearchAction","target":{"@type":"EntryPoint","urlTemplate":"https:\/\/ledsolintel.com\/?s={search_term_string}"},"query-input":{"@type":"PropertyValueSpecification","valueRequired":true,"valueName":"search_term_string"}}],"inLanguage":"fr-FR"},{"@type":"Organization","@id":"https:\/\/ledsolintel.com\/#organization","name":"Solintel Noroeste, S.L.","url":"https:\/\/ledsolintel.com\/","logo":{"@type":"ImageObject","inLanguage":"fr-FR","@id":"https:\/\/ledsolintel.com\/#\/schema\/logo\/image\/","url":"https:\/\/ledsolintel.com\/wp-content\/uploads\/2024\/11\/webmenaje-logo-1508269066.jpg","contentUrl":"https:\/\/ledsolintel.com\/wp-content\/uploads\/2024\/11\/webmenaje-logo-1508269066.jpg","width":370,"height":90,"caption":"Solintel Noroeste, S.L."},"image":{"@id":"https:\/\/ledsolintel.com\/#\/schema\/logo\/image\/"},"sameAs":["http:\/\/www.facebook.com\/webmenaje","https:\/\/x.com\/webmenaje","https:\/\/www.youtube.com\/channel\/UCX2KoVoeCG4LocZjUc6LmSQ","http:\/\/www.pinterest.com\/webmenaje"]}]}},"_links":{"self":[{"href":"https:\/\/ledsolintel.com\/fr\/wp-json\/wp\/v2\/product\/240949","targetHints":{"allow":["GET"]}}],"collection":[{"href":"https:\/\/ledsolintel.com\/fr\/wp-json\/wp\/v2\/product"}],"about":[{"href":"https:\/\/ledsolintel.com\/fr\/wp-json\/wp\/v2\/types\/product"}],"version-history":[{"count":0,"href":"https:\/\/ledsolintel.com\/fr\/wp-json\/wp\/v2\/product\/240949\/revisions"}],"wp:featuredmedia":[{"embeddable":true,"href":"https:\/\/ledsolintel.com\/fr\/wp-json\/wp\/v2\/media\/240946"}],"wp:attachment":[{"href":"https:\/\/ledsolintel.com\/fr\/wp-json\/wp\/v2\/media?parent=240949"}],"wp:term":[{"taxonomy":"product_brand","embeddable":true,"href":"https:\/\/ledsolintel.com\/fr\/wp-json\/wp\/v2\/product_brand?post=240949"},{"taxonomy":"product_cat","embeddable":true,"href":"https:\/\/ledsolintel.com\/fr\/wp-json\/wp\/v2\/product_cat?post=240949"},{"taxonomy":"product_tag","embeddable":true,"href":"https:\/\/ledsolintel.com\/fr\/wp-json\/wp\/v2\/product_tag?post=240949"}],"curies":[{"name":"wp","href":"https:\/\/api.w.org\/{rel}","templated":true}]}}