{"id":240917,"date":"2016-07-11T14:27:13","date_gmt":"2016-07-11T12:27:13","guid":{"rendered":"https:\/\/nueva.ledsolintel.com\/product\/flama-55w-e14e27-220v-360-led-de-beneito-faure\/"},"modified":"2016-07-11T14:27:13","modified_gmt":"2016-07-11T12:27:13","slug":"flama-55w-e14e27-220v-360-led-de-beneito-faure","status":"publish","type":"product","link":"https:\/\/ledsolintel.com\/fr\/produit-2\/flama-55w-e14e27-220v-360-led-de-beneito-faure\/","title":{"rendered":"LED FLAMA 5,5W E14\/E27 bougie de Beneito Faure"},"content":{"rendered":"<h3>Caract\u00e9ristiques :<\/h3>\n<ul>\n<li>Puissance : 5,5 W<\/li>\n<li>Tension : 220-240V AC<\/li>\n<li>Connexion : E14 et E27<\/li>\n<li>Dimensions : 104\u00d735 mm<\/li>\n<li>Temp\u00e9rature de couleur :\n<ul>\n<li>Blanc tr\u00e8s chaud 2700 K<\/li>\n<li>Blanc chaud 3000 K<\/li>\n<li>Blanc froid 5000 K<\/li>\n<\/ul>\n<\/li>\n<li>Flux lumineux :<\/li>\n<ul>\n<li>450-550 lumens<\/li>\n<li>57-68 cd<\/li>\n<\/ul>\n<li>Angle d'ouverture : 360\u00ba Angle d'ouverture : 360\u00ba Angle d'ouverture : 360\u00ba Angle d'ouverture : 360<\/li>\n<li>Protection IP40<\/li>\n<li>C.R.I. &gt; 80<\/li>\n<li>Facteur de puissance &gt;0,8<\/li>\n<\/ul>","protected":false},"excerpt":{"rendered":"<p>Beneito Faure FLAMA 5,5W ampoule \u00e0 bougie. Ouverture de 360\u00ba pour les lampes orient\u00e9es vers le plafond. Lumi\u00e8re chaude ou tr\u00e8s chaude pour les salles de repos, les restaurants, les h\u00f4tels...<\/p>","protected":false},"featured_media":240916,"template":"","meta":[],"product_brand":[99357],"product_cat":[99571,99925],"product_tag":[],"class_list":{"0":"post-240917","1":"product","2":"type-product","3":"status-publish","4":"has-post-thumbnail","6":"product_brand-beneito-faure","7":"product_cat-bombillas-led","8":"product_cat-bombillas-e14-y-e27-vela-esfericas-y-pequeno-formato","9":"pa_casquillo-e27","10":"pa_casquillo-e14","11":"pa_cct-3000k","12":"pa_cct-5000k","13":"pa_cct-2700k","16":"instock","17":"taxable","18":"shipping-taxable","19":"purchasable","20":"product-type-variable","21":"has-default-attributes"},"yoast_head":"<!-- This site is optimized with the Yoast SEO plugin v26.6 - https:\/\/yoast.com\/wordpress\/plugins\/seo\/ -->\n<title>FLAMA 5,5W E14\/E27 220V 360\u00ba LED de Beneito Faure<\/title>\n<meta name=\"description\" content=\"Bombilla vela FLAMA 5,5W de Beneito Faure. Apertura de 360\u00ba para l\u00e1mparas orientadas al techo. Luz c\u00e1lida o muy c\u00e1lida para ambientes de reposo, restaurantes...\" \/>\n<meta name=\"robots\" content=\"index, follow, max-snippet:-1, max-image-preview:large, max-video-preview:-1\" \/>\n<link rel=\"canonical\" href=\"https:\/\/ledsolintel.com\/fr\/produit-2\/flama-55w-e14e27-220v-360-led-de-beneito-faure\/\" \/>\n<meta property=\"og:locale\" content=\"fr_FR\" \/>\n<meta property=\"og:type\" content=\"article\" \/>\n<meta property=\"og:title\" content=\"FLAMA 5,5W E14\/E27 220V 360\u00ba LED de Beneito Faure\" \/>\n<meta property=\"og:description\" content=\"Bombilla vela FLAMA 5,5W de Beneito Faure. Apertura de 360\u00ba para l\u00e1mparas orientadas al techo. Luz c\u00e1lida o muy c\u00e1lida para ambientes de reposo, restaurantes...\" \/>\n<meta property=\"og:url\" content=\"https:\/\/ledsolintel.com\/fr\/produit-2\/flama-55w-e14e27-220v-360-led-de-beneito-faure\/\" \/>\n<meta property=\"og:site_name\" content=\"Ledsolintel\" \/>\n<meta property=\"article:publisher\" content=\"http:\/\/www.facebook.com\/webmenaje\" \/>\n<meta property=\"og:image\" content=\"https:\/\/ledsolintel.com\/wp-content\/uploads\/2016\/07\/9017-FLAMA-5.5W-E14E27-220V-360o-LED-de-Beneito-Faure.jpg\" \/>\n\t<meta property=\"og:image:width\" content=\"1\" \/>\n\t<meta property=\"og:image:height\" content=\"1\" \/>\n\t<meta property=\"og:image:type\" content=\"image\/jpeg\" \/>\n<meta name=\"twitter:card\" content=\"summary_large_image\" \/>\n<meta name=\"twitter:site\" content=\"@webmenaje\" \/>\n<script type=\"application\/ld+json\" class=\"yoast-schema-graph\">{\"@context\":\"https:\/\/schema.org\",\"@graph\":[{\"@type\":\"WebPage\",\"@id\":\"https:\/\/ledsolintel.com\/product\/flama-55w-e14e27-220v-360-led-de-beneito-faure\/\",\"url\":\"https:\/\/ledsolintel.com\/product\/flama-55w-e14e27-220v-360-led-de-beneito-faure\/\",\"name\":\"FLAMA 5,5W E14\/E27 220V 360\u00ba LED de Beneito Faure\",\"isPartOf\":{\"@id\":\"https:\/\/ledsolintel.com\/#website\"},\"primaryImageOfPage\":{\"@id\":\"https:\/\/ledsolintel.com\/product\/flama-55w-e14e27-220v-360-led-de-beneito-faure\/#primaryimage\"},\"image\":{\"@id\":\"https:\/\/ledsolintel.com\/product\/flama-55w-e14e27-220v-360-led-de-beneito-faure\/#primaryimage\"},\"thumbnailUrl\":\"https:\/\/ledsolintel.com\/wp-content\/uploads\/2016\/07\/9017-FLAMA-5.5W-E14E27-220V-360o-LED-de-Beneito-Faure.jpg\",\"datePublished\":\"2016-07-11T12:27:13+00:00\",\"description\":\"Bombilla vela FLAMA 5,5W de Beneito Faure. Apertura de 360\u00ba para l\u00e1mparas orientadas al techo. Luz c\u00e1lida o muy c\u00e1lida para ambientes de reposo, restaurantes...\",\"breadcrumb\":{\"@id\":\"https:\/\/ledsolintel.com\/product\/flama-55w-e14e27-220v-360-led-de-beneito-faure\/#breadcrumb\"},\"inLanguage\":\"fr-FR\",\"potentialAction\":[{\"@type\":\"ReadAction\",\"target\":[\"https:\/\/ledsolintel.com\/product\/flama-55w-e14e27-220v-360-led-de-beneito-faure\/\"]}]},{\"@type\":\"ImageObject\",\"inLanguage\":\"fr-FR\",\"@id\":\"https:\/\/ledsolintel.com\/product\/flama-55w-e14e27-220v-360-led-de-beneito-faure\/#primaryimage\",\"url\":\"https:\/\/ledsolintel.com\/wp-content\/uploads\/2016\/07\/9017-FLAMA-5.5W-E14E27-220V-360o-LED-de-Beneito-Faure.jpg\",\"contentUrl\":\"https:\/\/ledsolintel.com\/wp-content\/uploads\/2016\/07\/9017-FLAMA-5.5W-E14E27-220V-360o-LED-de-Beneito-Faure.jpg\",\"caption\":\"FLAMA 5.5W E14\/E27 220V 360\u00ba LED de Beneito Faure\"},{\"@type\":\"BreadcrumbList\",\"@id\":\"https:\/\/ledsolintel.com\/product\/flama-55w-e14e27-220v-360-led-de-beneito-faure\/#breadcrumb\",\"itemListElement\":[{\"@type\":\"ListItem\",\"position\":1,\"name\":\"Portada\",\"item\":\"https:\/\/ledsolintel.com\/fr\/\"},{\"@type\":\"ListItem\",\"position\":2,\"name\":\"Tienda\",\"item\":\"https:\/\/ledsolintel.com\/tienda\/\"},{\"@type\":\"ListItem\",\"position\":3,\"name\":\"Vela LED FLAMA 5.5W E14\/E27 de Beneito Faure\"}]},{\"@type\":\"WebSite\",\"@id\":\"https:\/\/ledsolintel.com\/#website\",\"url\":\"https:\/\/ledsolintel.com\/\",\"name\":\"Webmenaje\",\"description\":\"Tienda de bombillas y l\u00e1mparas LED para profesionales\",\"publisher\":{\"@id\":\"https:\/\/ledsolintel.com\/#organization\"},\"potentialAction\":[{\"@type\":\"SearchAction\",\"target\":{\"@type\":\"EntryPoint\",\"urlTemplate\":\"https:\/\/ledsolintel.com\/?s={search_term_string}\"},\"query-input\":{\"@type\":\"PropertyValueSpecification\",\"valueRequired\":true,\"valueName\":\"search_term_string\"}}],\"inLanguage\":\"fr-FR\"},{\"@type\":\"Organization\",\"@id\":\"https:\/\/ledsolintel.com\/#organization\",\"name\":\"Solintel Noroeste, S.L.\",\"url\":\"https:\/\/ledsolintel.com\/\",\"logo\":{\"@type\":\"ImageObject\",\"inLanguage\":\"fr-FR\",\"@id\":\"https:\/\/ledsolintel.com\/#\/schema\/logo\/image\/\",\"url\":\"https:\/\/ledsolintel.com\/wp-content\/uploads\/2024\/11\/webmenaje-logo-1508269066.jpg\",\"contentUrl\":\"https:\/\/ledsolintel.com\/wp-content\/uploads\/2024\/11\/webmenaje-logo-1508269066.jpg\",\"width\":370,\"height\":90,\"caption\":\"Solintel Noroeste, S.L.\"},\"image\":{\"@id\":\"https:\/\/ledsolintel.com\/#\/schema\/logo\/image\/\"},\"sameAs\":[\"http:\/\/www.facebook.com\/webmenaje\",\"https:\/\/x.com\/webmenaje\",\"https:\/\/www.youtube.com\/channel\/UCX2KoVoeCG4LocZjUc6LmSQ\",\"http:\/\/www.pinterest.com\/webmenaje\"]}]}<\/script>\n<!-- \/ Yoast SEO plugin. -->","yoast_head_json":{"title":"FLAMA 5,5W E14\/E27 220V 360\u00ba LED de Beneito Faure","description":"Bombilla vela FLAMA 5,5W de Beneito Faure. Apertura de 360\u00ba para l\u00e1mparas orientadas al techo. Luz c\u00e1lida o muy c\u00e1lida para ambientes de reposo, restaurantes...","robots":{"index":"index","follow":"follow","max-snippet":"max-snippet:-1","max-image-preview":"max-image-preview:large","max-video-preview":"max-video-preview:-1"},"canonical":"https:\/\/ledsolintel.com\/fr\/produit-2\/flama-55w-e14e27-220v-360-led-de-beneito-faure\/","og_locale":"fr_FR","og_type":"article","og_title":"FLAMA 5,5W E14\/E27 220V 360\u00ba LED de Beneito Faure","og_description":"Bombilla vela FLAMA 5,5W de Beneito Faure. Apertura de 360\u00ba para l\u00e1mparas orientadas al techo. Luz c\u00e1lida o muy c\u00e1lida para ambientes de reposo, restaurantes...","og_url":"https:\/\/ledsolintel.com\/fr\/produit-2\/flama-55w-e14e27-220v-360-led-de-beneito-faure\/","og_site_name":"Ledsolintel","article_publisher":"http:\/\/www.facebook.com\/webmenaje","og_image":[{"url":"https:\/\/ledsolintel.com\/wp-content\/uploads\/2016\/07\/9017-FLAMA-5.5W-E14E27-220V-360o-LED-de-Beneito-Faure.jpg","width":1,"height":1,"type":"image\/jpeg"}],"twitter_card":"summary_large_image","twitter_site":"@webmenaje","schema":{"@context":"https:\/\/schema.org","@graph":[{"@type":"WebPage","@id":"https:\/\/ledsolintel.com\/product\/flama-55w-e14e27-220v-360-led-de-beneito-faure\/","url":"https:\/\/ledsolintel.com\/product\/flama-55w-e14e27-220v-360-led-de-beneito-faure\/","name":"FLAMA 5,5W E14\/E27 220V 360\u00ba LED de Beneito Faure","isPartOf":{"@id":"https:\/\/ledsolintel.com\/#website"},"primaryImageOfPage":{"@id":"https:\/\/ledsolintel.com\/product\/flama-55w-e14e27-220v-360-led-de-beneito-faure\/#primaryimage"},"image":{"@id":"https:\/\/ledsolintel.com\/product\/flama-55w-e14e27-220v-360-led-de-beneito-faure\/#primaryimage"},"thumbnailUrl":"https:\/\/ledsolintel.com\/wp-content\/uploads\/2016\/07\/9017-FLAMA-5.5W-E14E27-220V-360o-LED-de-Beneito-Faure.jpg","datePublished":"2016-07-11T12:27:13+00:00","description":"Bombilla vela FLAMA 5,5W de Beneito Faure. Apertura de 360\u00ba para l\u00e1mparas orientadas al techo. Luz c\u00e1lida o muy c\u00e1lida para ambientes de reposo, restaurantes...","breadcrumb":{"@id":"https:\/\/ledsolintel.com\/product\/flama-55w-e14e27-220v-360-led-de-beneito-faure\/#breadcrumb"},"inLanguage":"fr-FR","potentialAction":[{"@type":"ReadAction","target":["https:\/\/ledsolintel.com\/product\/flama-55w-e14e27-220v-360-led-de-beneito-faure\/"]}]},{"@type":"ImageObject","inLanguage":"fr-FR","@id":"https:\/\/ledsolintel.com\/product\/flama-55w-e14e27-220v-360-led-de-beneito-faure\/#primaryimage","url":"https:\/\/ledsolintel.com\/wp-content\/uploads\/2016\/07\/9017-FLAMA-5.5W-E14E27-220V-360o-LED-de-Beneito-Faure.jpg","contentUrl":"https:\/\/ledsolintel.com\/wp-content\/uploads\/2016\/07\/9017-FLAMA-5.5W-E14E27-220V-360o-LED-de-Beneito-Faure.jpg","caption":"FLAMA 5.5W E14\/E27 220V 360\u00ba LED de Beneito Faure"},{"@type":"BreadcrumbList","@id":"https:\/\/ledsolintel.com\/product\/flama-55w-e14e27-220v-360-led-de-beneito-faure\/#breadcrumb","itemListElement":[{"@type":"ListItem","position":1,"name":"Portada","item":"https:\/\/ledsolintel.com\/fr\/"},{"@type":"ListItem","position":2,"name":"Tienda","item":"https:\/\/ledsolintel.com\/tienda\/"},{"@type":"ListItem","position":3,"name":"Vela LED FLAMA 5.5W E14\/E27 de Beneito Faure"}]},{"@type":"WebSite","@id":"https:\/\/ledsolintel.com\/#website","url":"https:\/\/ledsolintel.com\/","name":"Webmenaje","description":"Magasin d'ampoules et de lampes LED pour les professionnels","publisher":{"@id":"https:\/\/ledsolintel.com\/#organization"},"potentialAction":[{"@type":"SearchAction","target":{"@type":"EntryPoint","urlTemplate":"https:\/\/ledsolintel.com\/?s={search_term_string}"},"query-input":{"@type":"PropertyValueSpecification","valueRequired":true,"valueName":"search_term_string"}}],"inLanguage":"fr-FR"},{"@type":"Organization","@id":"https:\/\/ledsolintel.com\/#organization","name":"Solintel Noroeste, S.L.","url":"https:\/\/ledsolintel.com\/","logo":{"@type":"ImageObject","inLanguage":"fr-FR","@id":"https:\/\/ledsolintel.com\/#\/schema\/logo\/image\/","url":"https:\/\/ledsolintel.com\/wp-content\/uploads\/2024\/11\/webmenaje-logo-1508269066.jpg","contentUrl":"https:\/\/ledsolintel.com\/wp-content\/uploads\/2024\/11\/webmenaje-logo-1508269066.jpg","width":370,"height":90,"caption":"Solintel Noroeste, S.L."},"image":{"@id":"https:\/\/ledsolintel.com\/#\/schema\/logo\/image\/"},"sameAs":["http:\/\/www.facebook.com\/webmenaje","https:\/\/x.com\/webmenaje","https:\/\/www.youtube.com\/channel\/UCX2KoVoeCG4LocZjUc6LmSQ","http:\/\/www.pinterest.com\/webmenaje"]}]}},"_links":{"self":[{"href":"https:\/\/ledsolintel.com\/fr\/wp-json\/wp\/v2\/product\/240917","targetHints":{"allow":["GET"]}}],"collection":[{"href":"https:\/\/ledsolintel.com\/fr\/wp-json\/wp\/v2\/product"}],"about":[{"href":"https:\/\/ledsolintel.com\/fr\/wp-json\/wp\/v2\/types\/product"}],"version-history":[{"count":0,"href":"https:\/\/ledsolintel.com\/fr\/wp-json\/wp\/v2\/product\/240917\/revisions"}],"wp:featuredmedia":[{"embeddable":true,"href":"https:\/\/ledsolintel.com\/fr\/wp-json\/wp\/v2\/media\/240916"}],"wp:attachment":[{"href":"https:\/\/ledsolintel.com\/fr\/wp-json\/wp\/v2\/media?parent=240917"}],"wp:term":[{"taxonomy":"product_brand","embeddable":true,"href":"https:\/\/ledsolintel.com\/fr\/wp-json\/wp\/v2\/product_brand?post=240917"},{"taxonomy":"product_cat","embeddable":true,"href":"https:\/\/ledsolintel.com\/fr\/wp-json\/wp\/v2\/product_cat?post=240917"},{"taxonomy":"product_tag","embeddable":true,"href":"https:\/\/ledsolintel.com\/fr\/wp-json\/wp\/v2\/product_tag?post=240917"}],"curies":[{"name":"wp","href":"https:\/\/api.w.org\/{rel}","templated":true}]}}