{"id":240879,"date":"2016-04-22T08:02:26","date_gmt":"2016-04-22T06:02:26","guid":{"rendered":"https:\/\/nueva.ledsolintel.com\/product\/aplique-wally-15w-conexion-e27-de-faro\/"},"modified":"2016-04-22T08:02:26","modified_gmt":"2016-04-22T06:02:26","slug":"aplique-wally-15w-conexion-e27-de-faro","status":"publish","type":"product","link":"https:\/\/ledsolintel.com\/fr\/produit-2\/aplique-wally-15w-conexion-e27-de-faro\/","title":{"rendered":"Lampe murale WALLY 15W par Faro Barcelona"},"content":{"rendered":"<h3>Caract\u00e9ristiques :<\/h3>\n<ul>\n<li>Fabriqu\u00e9 en m\u00e9tal et en verre transparent.<\/li>\n<li>Couleur : brun rouille<\/li>\n<li>Puissance : 15W<\/li>\n<li>Raccordement : E27<\/li>\n<li>Tension : 220-240V<\/li>\n<li>Poids : 1,59 kg<\/li>\n<li>Protection IP44<\/li>\n<\/ul>\n<h4>Remarque : les ampoules ne sont pas incluses. Toutes les ampoules \u00e0 connexion E27 jusqu'\u00e0 15W sont valables. Nous vous recommandons de vous tourner vers des fabricants tels que Roblan ou Beneito Faure, dont vous trouverez les produits sur ce site.<\/h4>","protected":false},"excerpt":{"rendered":"<p>Avec son aspect rustique et rouill\u00e9, l'applique Wally de Faro donne un air pittoresque \u00e0 toute fa\u00e7ade. Elle fonctionne avec une ampoule LED de 15W maximum.<\/p>","protected":false},"featured_media":240878,"template":"","meta":[],"product_brand":[99359],"product_cat":[99603,99575],"product_tag":[],"class_list":{"0":"post-240879","1":"product","2":"type-product","3":"status-publish","4":"has-post-thumbnail","6":"product_brand-faro-barcelona","7":"product_cat-apliques-para-exterior","8":"product_cat-iluminacion-para-jardines-y-exteriores","11":"instock","12":"taxable","13":"shipping-taxable","14":"purchasable","15":"product-type-simple"},"yoast_head":"<!-- This site is optimized with the Yoast SEO plugin v26.6 - https:\/\/yoast.com\/wordpress\/plugins\/seo\/ -->\n<title>Aplique WALLY 15W conexi\u00f3n E27 de Faro Barcelona<\/title>\n<meta name=\"description\" content=\"Con su aspecto r\u00fastico y oxidado, el aplique Wally de Faro Barcelona permite dar un aire pintoresco a cualquier fachada. Funciona con una bombilla LED de hasta 15W\" \/>\n<meta name=\"robots\" content=\"index, follow, max-snippet:-1, max-image-preview:large, max-video-preview:-1\" \/>\n<link rel=\"canonical\" href=\"https:\/\/ledsolintel.com\/fr\/produit-2\/aplique-wally-15w-conexion-e27-de-faro\/\" \/>\n<meta property=\"og:locale\" content=\"fr_FR\" \/>\n<meta property=\"og:type\" content=\"article\" \/>\n<meta property=\"og:title\" content=\"Aplique WALLY 15W conexi\u00f3n E27 de Faro Barcelona\" \/>\n<meta property=\"og:description\" content=\"Con su aspecto r\u00fastico y oxidado, el aplique Wally de Faro Barcelona permite dar un aire pintoresco a cualquier fachada. Funciona con una bombilla LED de hasta 15W\" \/>\n<meta property=\"og:url\" content=\"https:\/\/ledsolintel.com\/fr\/produit-2\/aplique-wally-15w-conexion-e27-de-faro\/\" \/>\n<meta property=\"og:site_name\" content=\"Ledsolintel\" \/>\n<meta property=\"article:publisher\" content=\"http:\/\/www.facebook.com\/webmenaje\" \/>\n<meta property=\"og:image\" content=\"https:\/\/ledsolintel.com\/wp-content\/uploads\/2016\/04\/3514-Aplique-WALLY-15W-de-Faro-Barcelona.jpg\" \/>\n\t<meta property=\"og:image:width\" content=\"1\" \/>\n\t<meta property=\"og:image:height\" content=\"1\" \/>\n\t<meta property=\"og:image:type\" content=\"image\/jpeg\" \/>\n<meta name=\"twitter:card\" content=\"summary_large_image\" \/>\n<meta name=\"twitter:site\" content=\"@webmenaje\" \/>\n<script type=\"application\/ld+json\" class=\"yoast-schema-graph\">{\"@context\":\"https:\/\/schema.org\",\"@graph\":[{\"@type\":\"WebPage\",\"@id\":\"https:\/\/ledsolintel.com\/product\/aplique-wally-15w-conexion-e27-de-faro\/\",\"url\":\"https:\/\/ledsolintel.com\/product\/aplique-wally-15w-conexion-e27-de-faro\/\",\"name\":\"Aplique WALLY 15W conexi\u00f3n E27 de Faro Barcelona\",\"isPartOf\":{\"@id\":\"https:\/\/ledsolintel.com\/#website\"},\"primaryImageOfPage\":{\"@id\":\"https:\/\/ledsolintel.com\/product\/aplique-wally-15w-conexion-e27-de-faro\/#primaryimage\"},\"image\":{\"@id\":\"https:\/\/ledsolintel.com\/product\/aplique-wally-15w-conexion-e27-de-faro\/#primaryimage\"},\"thumbnailUrl\":\"https:\/\/ledsolintel.com\/wp-content\/uploads\/2016\/04\/3514-Aplique-WALLY-15W-de-Faro-Barcelona.jpg\",\"datePublished\":\"2016-04-22T06:02:26+00:00\",\"description\":\"Con su aspecto r\u00fastico y oxidado, el aplique Wally de Faro Barcelona permite dar un aire pintoresco a cualquier fachada. Funciona con una bombilla LED de hasta 15W\",\"breadcrumb\":{\"@id\":\"https:\/\/ledsolintel.com\/product\/aplique-wally-15w-conexion-e27-de-faro\/#breadcrumb\"},\"inLanguage\":\"fr-FR\",\"potentialAction\":[{\"@type\":\"ReadAction\",\"target\":[\"https:\/\/ledsolintel.com\/product\/aplique-wally-15w-conexion-e27-de-faro\/\"]}]},{\"@type\":\"ImageObject\",\"inLanguage\":\"fr-FR\",\"@id\":\"https:\/\/ledsolintel.com\/product\/aplique-wally-15w-conexion-e27-de-faro\/#primaryimage\",\"url\":\"https:\/\/ledsolintel.com\/wp-content\/uploads\/2016\/04\/3514-Aplique-WALLY-15W-de-Faro-Barcelona.jpg\",\"contentUrl\":\"https:\/\/ledsolintel.com\/wp-content\/uploads\/2016\/04\/3514-Aplique-WALLY-15W-de-Faro-Barcelona.jpg\",\"caption\":\"Aplique WALLY 15W de Faro Barcelona\"},{\"@type\":\"BreadcrumbList\",\"@id\":\"https:\/\/ledsolintel.com\/product\/aplique-wally-15w-conexion-e27-de-faro\/#breadcrumb\",\"itemListElement\":[{\"@type\":\"ListItem\",\"position\":1,\"name\":\"Portada\",\"item\":\"https:\/\/ledsolintel.com\/fr\/\"},{\"@type\":\"ListItem\",\"position\":2,\"name\":\"Tienda\",\"item\":\"https:\/\/ledsolintel.com\/tienda\/\"},{\"@type\":\"ListItem\",\"position\":3,\"name\":\"Aplique WALLY 15W de Faro Barcelona\"}]},{\"@type\":\"WebSite\",\"@id\":\"https:\/\/ledsolintel.com\/#website\",\"url\":\"https:\/\/ledsolintel.com\/\",\"name\":\"Webmenaje\",\"description\":\"Tienda de bombillas y l\u00e1mparas LED para profesionales\",\"publisher\":{\"@id\":\"https:\/\/ledsolintel.com\/#organization\"},\"potentialAction\":[{\"@type\":\"SearchAction\",\"target\":{\"@type\":\"EntryPoint\",\"urlTemplate\":\"https:\/\/ledsolintel.com\/?s={search_term_string}\"},\"query-input\":{\"@type\":\"PropertyValueSpecification\",\"valueRequired\":true,\"valueName\":\"search_term_string\"}}],\"inLanguage\":\"fr-FR\"},{\"@type\":\"Organization\",\"@id\":\"https:\/\/ledsolintel.com\/#organization\",\"name\":\"Solintel Noroeste, S.L.\",\"url\":\"https:\/\/ledsolintel.com\/\",\"logo\":{\"@type\":\"ImageObject\",\"inLanguage\":\"fr-FR\",\"@id\":\"https:\/\/ledsolintel.com\/#\/schema\/logo\/image\/\",\"url\":\"https:\/\/ledsolintel.com\/wp-content\/uploads\/2024\/11\/webmenaje-logo-1508269066.jpg\",\"contentUrl\":\"https:\/\/ledsolintel.com\/wp-content\/uploads\/2024\/11\/webmenaje-logo-1508269066.jpg\",\"width\":370,\"height\":90,\"caption\":\"Solintel Noroeste, S.L.\"},\"image\":{\"@id\":\"https:\/\/ledsolintel.com\/#\/schema\/logo\/image\/\"},\"sameAs\":[\"http:\/\/www.facebook.com\/webmenaje\",\"https:\/\/x.com\/webmenaje\",\"https:\/\/www.youtube.com\/channel\/UCX2KoVoeCG4LocZjUc6LmSQ\",\"http:\/\/www.pinterest.com\/webmenaje\"]}]}<\/script>\n<!-- \/ Yoast SEO plugin. -->","yoast_head_json":{"title":"Aplique WALLY 15W conexi\u00f3n E27 de Faro Barcelona","description":"Con su aspecto r\u00fastico y oxidado, el aplique Wally de Faro Barcelona permite dar un aire pintoresco a cualquier fachada. Funciona con una bombilla LED de hasta 15W","robots":{"index":"index","follow":"follow","max-snippet":"max-snippet:-1","max-image-preview":"max-image-preview:large","max-video-preview":"max-video-preview:-1"},"canonical":"https:\/\/ledsolintel.com\/fr\/produit-2\/aplique-wally-15w-conexion-e27-de-faro\/","og_locale":"fr_FR","og_type":"article","og_title":"Aplique WALLY 15W conexi\u00f3n E27 de Faro Barcelona","og_description":"Con su aspecto r\u00fastico y oxidado, el aplique Wally de Faro Barcelona permite dar un aire pintoresco a cualquier fachada. Funciona con una bombilla LED de hasta 15W","og_url":"https:\/\/ledsolintel.com\/fr\/produit-2\/aplique-wally-15w-conexion-e27-de-faro\/","og_site_name":"Ledsolintel","article_publisher":"http:\/\/www.facebook.com\/webmenaje","og_image":[{"url":"https:\/\/ledsolintel.com\/wp-content\/uploads\/2016\/04\/3514-Aplique-WALLY-15W-de-Faro-Barcelona.jpg","width":1,"height":1,"type":"image\/jpeg"}],"twitter_card":"summary_large_image","twitter_site":"@webmenaje","schema":{"@context":"https:\/\/schema.org","@graph":[{"@type":"WebPage","@id":"https:\/\/ledsolintel.com\/product\/aplique-wally-15w-conexion-e27-de-faro\/","url":"https:\/\/ledsolintel.com\/product\/aplique-wally-15w-conexion-e27-de-faro\/","name":"Aplique WALLY 15W conexi\u00f3n E27 de Faro Barcelona","isPartOf":{"@id":"https:\/\/ledsolintel.com\/#website"},"primaryImageOfPage":{"@id":"https:\/\/ledsolintel.com\/product\/aplique-wally-15w-conexion-e27-de-faro\/#primaryimage"},"image":{"@id":"https:\/\/ledsolintel.com\/product\/aplique-wally-15w-conexion-e27-de-faro\/#primaryimage"},"thumbnailUrl":"https:\/\/ledsolintel.com\/wp-content\/uploads\/2016\/04\/3514-Aplique-WALLY-15W-de-Faro-Barcelona.jpg","datePublished":"2016-04-22T06:02:26+00:00","description":"Con su aspecto r\u00fastico y oxidado, el aplique Wally de Faro Barcelona permite dar un aire pintoresco a cualquier fachada. Funciona con una bombilla LED de hasta 15W","breadcrumb":{"@id":"https:\/\/ledsolintel.com\/product\/aplique-wally-15w-conexion-e27-de-faro\/#breadcrumb"},"inLanguage":"fr-FR","potentialAction":[{"@type":"ReadAction","target":["https:\/\/ledsolintel.com\/product\/aplique-wally-15w-conexion-e27-de-faro\/"]}]},{"@type":"ImageObject","inLanguage":"fr-FR","@id":"https:\/\/ledsolintel.com\/product\/aplique-wally-15w-conexion-e27-de-faro\/#primaryimage","url":"https:\/\/ledsolintel.com\/wp-content\/uploads\/2016\/04\/3514-Aplique-WALLY-15W-de-Faro-Barcelona.jpg","contentUrl":"https:\/\/ledsolintel.com\/wp-content\/uploads\/2016\/04\/3514-Aplique-WALLY-15W-de-Faro-Barcelona.jpg","caption":"Aplique WALLY 15W de Faro Barcelona"},{"@type":"BreadcrumbList","@id":"https:\/\/ledsolintel.com\/product\/aplique-wally-15w-conexion-e27-de-faro\/#breadcrumb","itemListElement":[{"@type":"ListItem","position":1,"name":"Portada","item":"https:\/\/ledsolintel.com\/fr\/"},{"@type":"ListItem","position":2,"name":"Tienda","item":"https:\/\/ledsolintel.com\/tienda\/"},{"@type":"ListItem","position":3,"name":"Aplique WALLY 15W de Faro Barcelona"}]},{"@type":"WebSite","@id":"https:\/\/ledsolintel.com\/#website","url":"https:\/\/ledsolintel.com\/","name":"Webmenaje","description":"Magasin d'ampoules et de lampes LED pour les professionnels","publisher":{"@id":"https:\/\/ledsolintel.com\/#organization"},"potentialAction":[{"@type":"SearchAction","target":{"@type":"EntryPoint","urlTemplate":"https:\/\/ledsolintel.com\/?s={search_term_string}"},"query-input":{"@type":"PropertyValueSpecification","valueRequired":true,"valueName":"search_term_string"}}],"inLanguage":"fr-FR"},{"@type":"Organization","@id":"https:\/\/ledsolintel.com\/#organization","name":"Solintel Noroeste, S.L.","url":"https:\/\/ledsolintel.com\/","logo":{"@type":"ImageObject","inLanguage":"fr-FR","@id":"https:\/\/ledsolintel.com\/#\/schema\/logo\/image\/","url":"https:\/\/ledsolintel.com\/wp-content\/uploads\/2024\/11\/webmenaje-logo-1508269066.jpg","contentUrl":"https:\/\/ledsolintel.com\/wp-content\/uploads\/2024\/11\/webmenaje-logo-1508269066.jpg","width":370,"height":90,"caption":"Solintel Noroeste, S.L."},"image":{"@id":"https:\/\/ledsolintel.com\/#\/schema\/logo\/image\/"},"sameAs":["http:\/\/www.facebook.com\/webmenaje","https:\/\/x.com\/webmenaje","https:\/\/www.youtube.com\/channel\/UCX2KoVoeCG4LocZjUc6LmSQ","http:\/\/www.pinterest.com\/webmenaje"]}]}},"_links":{"self":[{"href":"https:\/\/ledsolintel.com\/fr\/wp-json\/wp\/v2\/product\/240879","targetHints":{"allow":["GET"]}}],"collection":[{"href":"https:\/\/ledsolintel.com\/fr\/wp-json\/wp\/v2\/product"}],"about":[{"href":"https:\/\/ledsolintel.com\/fr\/wp-json\/wp\/v2\/types\/product"}],"version-history":[{"count":0,"href":"https:\/\/ledsolintel.com\/fr\/wp-json\/wp\/v2\/product\/240879\/revisions"}],"wp:featuredmedia":[{"embeddable":true,"href":"https:\/\/ledsolintel.com\/fr\/wp-json\/wp\/v2\/media\/240878"}],"wp:attachment":[{"href":"https:\/\/ledsolintel.com\/fr\/wp-json\/wp\/v2\/media?parent=240879"}],"wp:term":[{"taxonomy":"product_brand","embeddable":true,"href":"https:\/\/ledsolintel.com\/fr\/wp-json\/wp\/v2\/product_brand?post=240879"},{"taxonomy":"product_cat","embeddable":true,"href":"https:\/\/ledsolintel.com\/fr\/wp-json\/wp\/v2\/product_cat?post=240879"},{"taxonomy":"product_tag","embeddable":true,"href":"https:\/\/ledsolintel.com\/fr\/wp-json\/wp\/v2\/product_tag?post=240879"}],"curies":[{"name":"wp","href":"https:\/\/api.w.org\/{rel}","templated":true}]}}