{"id":240679,"date":"2016-04-22T08:02:26","date_gmt":"2016-04-22T06:02:26","guid":{"rendered":"https:\/\/nueva.ledsolintel.com\/product\/sobremuro-wilma-conexion-e27-de-faro\/"},"modified":"2016-04-22T08:02:26","modified_gmt":"2016-04-22T06:02:26","slug":"sobremuro-wilma-conexion-e27-de-faro","status":"publish","type":"product","link":"https:\/\/ledsolintel.com\/fr\/produit-2\/sobremuro-wilma-conexion-e27-de-faro\/","title":{"rendered":"Lampe murale WILMA de Faro Barcelona"},"content":{"rendered":"<h3>Caract\u00e9ristiques :<\/h3>\n<ul>\n<li>Fabriqu\u00e9 en aluminium moul\u00e9 sous pression et en polycarbonate translucide.<\/li>\n<li>Couleur : gris fonc\u00e9<\/li>\n<li>Puissance : 11W\/100W<\/li>\n<li>Raccordement : E27<\/li>\n<li>Tension : 100-240V<\/li>\n<li>Ip44<\/li>\n<\/ul>\n<h5>\u00a0\u00a0<\/h5>\n<h4>Remarque : les ampoules ne sont pas incluses. Toute ampoule avec une connexion E27 est valable, que ce soit 11W (pour la petite lampe) ou jusqu'\u00e0 100W (pour la grande). Nous vous recommandons de vous tourner vers des fabricants tels que Roblan ou Beneito Faure, dont vous trouverez les produits sur ce site.<\/h4>","protected":false},"excerpt":{"rendered":"<p>El sobremuro\u00a0Wilma de Faro\u00a0recoge un dise\u00f1o cl\u00e1sico y lo adapta a la tecnolog\u00eda actual, y resulta resistente y perfecta para exteriores.<\/p>\n<p>Elle est disponible en deux tailles, chacune avec une puissance diff\u00e9rente.<\/p>","protected":false},"featured_media":240677,"template":"","meta":[],"product_brand":[99359],"product_cat":[99575,99693],"product_tag":[],"class_list":{"0":"post-240679","1":"product","2":"type-product","3":"status-publish","4":"has-post-thumbnail","6":"product_brand-faro-barcelona","7":"product_cat-iluminacion-para-jardines-y-exteriores","8":"product_cat-sobremuros","9":"pa_potencia-11w","10":"pa_potencia-100w","13":"instock","14":"taxable","15":"shipping-taxable","16":"purchasable","17":"product-type-variable","18":"has-default-attributes"},"yoast_head":"<!-- This site is optimized with the Yoast SEO plugin v26.6 - https:\/\/yoast.com\/wordpress\/plugins\/seo\/ -->\n<title>Sobremuro WILMA conexi\u00f3n E27 de Faro Barcelona<\/title>\n<meta name=\"description\" content=\"El sobremuro Wilma de Faro Barcelona recoge un dise\u00f1o cl\u00e1sico y lo adapta a la tecnolog\u00eda actual, y resulta resistente y perfecta para exteriores.\" \/>\n<meta name=\"robots\" content=\"index, follow, max-snippet:-1, max-image-preview:large, max-video-preview:-1\" \/>\n<link rel=\"canonical\" href=\"https:\/\/ledsolintel.com\/fr\/produit-2\/sobremuro-wilma-conexion-e27-de-faro\/\" \/>\n<meta property=\"og:locale\" content=\"fr_FR\" \/>\n<meta property=\"og:type\" content=\"article\" \/>\n<meta property=\"og:title\" content=\"Sobremuro WILMA conexi\u00f3n E27 de Faro Barcelona\" \/>\n<meta property=\"og:description\" content=\"El sobremuro Wilma de Faro Barcelona recoge un dise\u00f1o cl\u00e1sico y lo adapta a la tecnolog\u00eda actual, y resulta resistente y perfecta para exteriores.\" \/>\n<meta property=\"og:url\" content=\"https:\/\/ledsolintel.com\/fr\/produit-2\/sobremuro-wilma-conexion-e27-de-faro\/\" \/>\n<meta property=\"og:site_name\" content=\"Ledsolintel\" \/>\n<meta property=\"article:publisher\" content=\"http:\/\/www.facebook.com\/webmenaje\" \/>\n<meta property=\"og:image\" content=\"https:\/\/ledsolintel.com\/wp-content\/uploads\/2016\/04\/3352-Sobremuro-WILMA-de-Faro-Barcelona.jpg\" \/>\n\t<meta property=\"og:image:width\" content=\"1\" \/>\n\t<meta property=\"og:image:height\" content=\"1\" \/>\n\t<meta property=\"og:image:type\" content=\"image\/jpeg\" \/>\n<meta name=\"twitter:card\" content=\"summary_large_image\" \/>\n<meta name=\"twitter:site\" content=\"@webmenaje\" \/>\n<script type=\"application\/ld+json\" class=\"yoast-schema-graph\">{\"@context\":\"https:\/\/schema.org\",\"@graph\":[{\"@type\":\"WebPage\",\"@id\":\"https:\/\/ledsolintel.com\/product\/sobremuro-wilma-conexion-e27-de-faro\/\",\"url\":\"https:\/\/ledsolintel.com\/product\/sobremuro-wilma-conexion-e27-de-faro\/\",\"name\":\"Sobremuro WILMA conexi\u00f3n E27 de Faro Barcelona\",\"isPartOf\":{\"@id\":\"https:\/\/ledsolintel.com\/#website\"},\"primaryImageOfPage\":{\"@id\":\"https:\/\/ledsolintel.com\/product\/sobremuro-wilma-conexion-e27-de-faro\/#primaryimage\"},\"image\":{\"@id\":\"https:\/\/ledsolintel.com\/product\/sobremuro-wilma-conexion-e27-de-faro\/#primaryimage\"},\"thumbnailUrl\":\"https:\/\/ledsolintel.com\/wp-content\/uploads\/2016\/04\/3352-Sobremuro-WILMA-de-Faro-Barcelona.jpg\",\"datePublished\":\"2016-04-22T06:02:26+00:00\",\"description\":\"El sobremuro Wilma de Faro Barcelona recoge un dise\u00f1o cl\u00e1sico y lo adapta a la tecnolog\u00eda actual, y resulta resistente y perfecta para exteriores.\",\"breadcrumb\":{\"@id\":\"https:\/\/ledsolintel.com\/product\/sobremuro-wilma-conexion-e27-de-faro\/#breadcrumb\"},\"inLanguage\":\"fr-FR\",\"potentialAction\":[{\"@type\":\"ReadAction\",\"target\":[\"https:\/\/ledsolintel.com\/product\/sobremuro-wilma-conexion-e27-de-faro\/\"]}]},{\"@type\":\"ImageObject\",\"inLanguage\":\"fr-FR\",\"@id\":\"https:\/\/ledsolintel.com\/product\/sobremuro-wilma-conexion-e27-de-faro\/#primaryimage\",\"url\":\"https:\/\/ledsolintel.com\/wp-content\/uploads\/2016\/04\/3352-Sobremuro-WILMA-de-Faro-Barcelona.jpg\",\"contentUrl\":\"https:\/\/ledsolintel.com\/wp-content\/uploads\/2016\/04\/3352-Sobremuro-WILMA-de-Faro-Barcelona.jpg\",\"caption\":\"Sobremuro WILMA de Faro Barcelona\"},{\"@type\":\"BreadcrumbList\",\"@id\":\"https:\/\/ledsolintel.com\/product\/sobremuro-wilma-conexion-e27-de-faro\/#breadcrumb\",\"itemListElement\":[{\"@type\":\"ListItem\",\"position\":1,\"name\":\"Portada\",\"item\":\"https:\/\/ledsolintel.com\/fr\/\"},{\"@type\":\"ListItem\",\"position\":2,\"name\":\"Tienda\",\"item\":\"https:\/\/ledsolintel.com\/tienda\/\"},{\"@type\":\"ListItem\",\"position\":3,\"name\":\"Sobremuro WILMA de Faro Barcelona\"}]},{\"@type\":\"WebSite\",\"@id\":\"https:\/\/ledsolintel.com\/#website\",\"url\":\"https:\/\/ledsolintel.com\/\",\"name\":\"Webmenaje\",\"description\":\"Tienda de bombillas y l\u00e1mparas LED para profesionales\",\"publisher\":{\"@id\":\"https:\/\/ledsolintel.com\/#organization\"},\"potentialAction\":[{\"@type\":\"SearchAction\",\"target\":{\"@type\":\"EntryPoint\",\"urlTemplate\":\"https:\/\/ledsolintel.com\/?s={search_term_string}\"},\"query-input\":{\"@type\":\"PropertyValueSpecification\",\"valueRequired\":true,\"valueName\":\"search_term_string\"}}],\"inLanguage\":\"fr-FR\"},{\"@type\":\"Organization\",\"@id\":\"https:\/\/ledsolintel.com\/#organization\",\"name\":\"Solintel Noroeste, S.L.\",\"url\":\"https:\/\/ledsolintel.com\/\",\"logo\":{\"@type\":\"ImageObject\",\"inLanguage\":\"fr-FR\",\"@id\":\"https:\/\/ledsolintel.com\/#\/schema\/logo\/image\/\",\"url\":\"https:\/\/ledsolintel.com\/wp-content\/uploads\/2024\/11\/webmenaje-logo-1508269066.jpg\",\"contentUrl\":\"https:\/\/ledsolintel.com\/wp-content\/uploads\/2024\/11\/webmenaje-logo-1508269066.jpg\",\"width\":370,\"height\":90,\"caption\":\"Solintel Noroeste, S.L.\"},\"image\":{\"@id\":\"https:\/\/ledsolintel.com\/#\/schema\/logo\/image\/\"},\"sameAs\":[\"http:\/\/www.facebook.com\/webmenaje\",\"https:\/\/x.com\/webmenaje\",\"https:\/\/www.youtube.com\/channel\/UCX2KoVoeCG4LocZjUc6LmSQ\",\"http:\/\/www.pinterest.com\/webmenaje\"]}]}<\/script>\n<!-- \/ Yoast SEO plugin. -->","yoast_head_json":{"title":"Sobremuro WILMA conexi\u00f3n E27 de Faro Barcelona","description":"El sobremuro Wilma de Faro Barcelona recoge un dise\u00f1o cl\u00e1sico y lo adapta a la tecnolog\u00eda actual, y resulta resistente y perfecta para exteriores.","robots":{"index":"index","follow":"follow","max-snippet":"max-snippet:-1","max-image-preview":"max-image-preview:large","max-video-preview":"max-video-preview:-1"},"canonical":"https:\/\/ledsolintel.com\/fr\/produit-2\/sobremuro-wilma-conexion-e27-de-faro\/","og_locale":"fr_FR","og_type":"article","og_title":"Sobremuro WILMA conexi\u00f3n E27 de Faro Barcelona","og_description":"El sobremuro Wilma de Faro Barcelona recoge un dise\u00f1o cl\u00e1sico y lo adapta a la tecnolog\u00eda actual, y resulta resistente y perfecta para exteriores.","og_url":"https:\/\/ledsolintel.com\/fr\/produit-2\/sobremuro-wilma-conexion-e27-de-faro\/","og_site_name":"Ledsolintel","article_publisher":"http:\/\/www.facebook.com\/webmenaje","og_image":[{"url":"https:\/\/ledsolintel.com\/wp-content\/uploads\/2016\/04\/3352-Sobremuro-WILMA-de-Faro-Barcelona.jpg","width":1,"height":1,"type":"image\/jpeg"}],"twitter_card":"summary_large_image","twitter_site":"@webmenaje","schema":{"@context":"https:\/\/schema.org","@graph":[{"@type":"WebPage","@id":"https:\/\/ledsolintel.com\/product\/sobremuro-wilma-conexion-e27-de-faro\/","url":"https:\/\/ledsolintel.com\/product\/sobremuro-wilma-conexion-e27-de-faro\/","name":"Sobremuro WILMA conexi\u00f3n E27 de Faro Barcelona","isPartOf":{"@id":"https:\/\/ledsolintel.com\/#website"},"primaryImageOfPage":{"@id":"https:\/\/ledsolintel.com\/product\/sobremuro-wilma-conexion-e27-de-faro\/#primaryimage"},"image":{"@id":"https:\/\/ledsolintel.com\/product\/sobremuro-wilma-conexion-e27-de-faro\/#primaryimage"},"thumbnailUrl":"https:\/\/ledsolintel.com\/wp-content\/uploads\/2016\/04\/3352-Sobremuro-WILMA-de-Faro-Barcelona.jpg","datePublished":"2016-04-22T06:02:26+00:00","description":"El sobremuro Wilma de Faro Barcelona recoge un dise\u00f1o cl\u00e1sico y lo adapta a la tecnolog\u00eda actual, y resulta resistente y perfecta para exteriores.","breadcrumb":{"@id":"https:\/\/ledsolintel.com\/product\/sobremuro-wilma-conexion-e27-de-faro\/#breadcrumb"},"inLanguage":"fr-FR","potentialAction":[{"@type":"ReadAction","target":["https:\/\/ledsolintel.com\/product\/sobremuro-wilma-conexion-e27-de-faro\/"]}]},{"@type":"ImageObject","inLanguage":"fr-FR","@id":"https:\/\/ledsolintel.com\/product\/sobremuro-wilma-conexion-e27-de-faro\/#primaryimage","url":"https:\/\/ledsolintel.com\/wp-content\/uploads\/2016\/04\/3352-Sobremuro-WILMA-de-Faro-Barcelona.jpg","contentUrl":"https:\/\/ledsolintel.com\/wp-content\/uploads\/2016\/04\/3352-Sobremuro-WILMA-de-Faro-Barcelona.jpg","caption":"Sobremuro WILMA de Faro Barcelona"},{"@type":"BreadcrumbList","@id":"https:\/\/ledsolintel.com\/product\/sobremuro-wilma-conexion-e27-de-faro\/#breadcrumb","itemListElement":[{"@type":"ListItem","position":1,"name":"Portada","item":"https:\/\/ledsolintel.com\/fr\/"},{"@type":"ListItem","position":2,"name":"Tienda","item":"https:\/\/ledsolintel.com\/tienda\/"},{"@type":"ListItem","position":3,"name":"Sobremuro WILMA de Faro Barcelona"}]},{"@type":"WebSite","@id":"https:\/\/ledsolintel.com\/#website","url":"https:\/\/ledsolintel.com\/","name":"Webmenaje","description":"Magasin d'ampoules et de lampes LED pour les professionnels","publisher":{"@id":"https:\/\/ledsolintel.com\/#organization"},"potentialAction":[{"@type":"SearchAction","target":{"@type":"EntryPoint","urlTemplate":"https:\/\/ledsolintel.com\/?s={search_term_string}"},"query-input":{"@type":"PropertyValueSpecification","valueRequired":true,"valueName":"search_term_string"}}],"inLanguage":"fr-FR"},{"@type":"Organization","@id":"https:\/\/ledsolintel.com\/#organization","name":"Solintel Noroeste, S.L.","url":"https:\/\/ledsolintel.com\/","logo":{"@type":"ImageObject","inLanguage":"fr-FR","@id":"https:\/\/ledsolintel.com\/#\/schema\/logo\/image\/","url":"https:\/\/ledsolintel.com\/wp-content\/uploads\/2024\/11\/webmenaje-logo-1508269066.jpg","contentUrl":"https:\/\/ledsolintel.com\/wp-content\/uploads\/2024\/11\/webmenaje-logo-1508269066.jpg","width":370,"height":90,"caption":"Solintel Noroeste, S.L."},"image":{"@id":"https:\/\/ledsolintel.com\/#\/schema\/logo\/image\/"},"sameAs":["http:\/\/www.facebook.com\/webmenaje","https:\/\/x.com\/webmenaje","https:\/\/www.youtube.com\/channel\/UCX2KoVoeCG4LocZjUc6LmSQ","http:\/\/www.pinterest.com\/webmenaje"]}]}},"_links":{"self":[{"href":"https:\/\/ledsolintel.com\/fr\/wp-json\/wp\/v2\/product\/240679","targetHints":{"allow":["GET"]}}],"collection":[{"href":"https:\/\/ledsolintel.com\/fr\/wp-json\/wp\/v2\/product"}],"about":[{"href":"https:\/\/ledsolintel.com\/fr\/wp-json\/wp\/v2\/types\/product"}],"version-history":[{"count":0,"href":"https:\/\/ledsolintel.com\/fr\/wp-json\/wp\/v2\/product\/240679\/revisions"}],"wp:featuredmedia":[{"embeddable":true,"href":"https:\/\/ledsolintel.com\/fr\/wp-json\/wp\/v2\/media\/240677"}],"wp:attachment":[{"href":"https:\/\/ledsolintel.com\/fr\/wp-json\/wp\/v2\/media?parent=240679"}],"wp:term":[{"taxonomy":"product_brand","embeddable":true,"href":"https:\/\/ledsolintel.com\/fr\/wp-json\/wp\/v2\/product_brand?post=240679"},{"taxonomy":"product_cat","embeddable":true,"href":"https:\/\/ledsolintel.com\/fr\/wp-json\/wp\/v2\/product_cat?post=240679"},{"taxonomy":"product_tag","embeddable":true,"href":"https:\/\/ledsolintel.com\/fr\/wp-json\/wp\/v2\/product_tag?post=240679"}],"curies":[{"name":"wp","href":"https:\/\/api.w.org\/{rel}","templated":true}]}}