{"id":240587,"date":"2016-04-22T08:02:26","date_gmt":"2016-04-22T06:02:26","guid":{"rendered":"https:\/\/nueva.ledsolintel.com\/product\/lampara-exterior-balda-de-faro\/"},"modified":"2016-04-22T08:02:26","modified_gmt":"2016-04-22T06:02:26","slug":"lampe-exterieure-etagere-phare","status":"publish","type":"product","link":"https:\/\/ledsolintel.com\/fr\/produit-2\/lampe-exterieure-etagere-phare\/","title":{"rendered":"BALDA 15W lampe d'ext\u00e9rieur par Faro Barcelona"},"content":{"rendered":"<h3>Caract\u00e9ristiques :<\/h3>\n<ul>\n<li>Fabriqu\u00e9 en poly\u00e9thyl\u00e8ne opale.<\/li>\n<li>Tension : 100-240V<\/li>\n<li>Puissance : jusqu'\u00e0 15W<\/li>\n<li>C\u00e2ble de 2m<\/li>\n<li>Protection IP65<\/li>\n<li>1 ampoule E27<\/li>\n<\/ul>\n<p>\u00a0<\/p>\n<h4>Remarque : les ampoules ne sont pas incluses. Toutes les ampoules \u00e0 connexion E27 jusqu'\u00e0 un maximum de 15W sont valables. Nous vous recommandons de vous tourner vers des fabricants tels que Roblan ou Beneito Faure, dont vous trouverez les produits sur ce site.<\/h4>","protected":false},"excerpt":{"rendered":"<p>La lampe d'ext\u00e9rieur Balda de Faro est con\u00e7ue pour \u00eatre pos\u00e9e au sol et constitue un compl\u00e9ment parfait pour \u00eatre plac\u00e9e dans tous les types de jardins, que ce soit \u00e0 c\u00f4t\u00e9 des all\u00e9es ou pour \u00e9clairer la v\u00e9g\u00e9tation.<\/p>","protected":false},"featured_media":240585,"template":"","meta":[],"product_brand":[99359],"product_cat":[99633,99575],"product_tag":[],"class_list":{"0":"post-240587","1":"product","2":"type-product","3":"status-publish","4":"has-post-thumbnail","6":"product_brand-faro-barcelona","7":"product_cat-balizas-sobremuros-y-farolas","8":"product_cat-iluminacion-para-jardines-y-exteriores","9":"pa_tamano-40cm","10":"pa_tamano-50cm","13":"instock","14":"taxable","15":"shipping-taxable","16":"purchasable","17":"product-type-variable","18":"has-default-attributes"},"yoast_head":"<!-- This site is optimized with the Yoast SEO plugin v27.4 - https:\/\/yoast.com\/product\/yoast-seo-wordpress\/ -->\n<title>L\u00e1mpara exterior BALDA de Faro Barcelona<\/title>\n<meta name=\"description\" content=\"La l\u00e1mpara exterior Balda de Faro Barcelona est\u00e1 destinada a su colocaci\u00f3n en suelos y es un complemento perfecto para colocar en todo tipo de jardines\" \/>\n<meta name=\"robots\" content=\"index, follow, max-snippet:-1, max-image-preview:large, max-video-preview:-1\" \/>\n<link rel=\"canonical\" href=\"https:\/\/ledsolintel.com\/fr\/produit\/lampe-exterieure-etagere-phare\/\" \/>\n<meta property=\"og:locale\" content=\"fr_FR\" \/>\n<meta property=\"og:type\" content=\"article\" \/>\n<meta property=\"og:title\" content=\"L\u00e1mpara exterior BALDA de Faro Barcelona\" \/>\n<meta property=\"og:description\" content=\"La l\u00e1mpara exterior Balda de Faro Barcelona est\u00e1 destinada a su colocaci\u00f3n en suelos y es un complemento perfecto para colocar en todo tipo de jardines\" \/>\n<meta property=\"og:url\" content=\"https:\/\/ledsolintel.com\/fr\/produit\/lampe-exterieure-etagere-phare\/\" \/>\n<meta property=\"og:site_name\" content=\"Ledsolintel\" \/>\n<meta property=\"article:publisher\" content=\"http:\/\/www.facebook.com\/webmenaje\" \/>\n<meta property=\"og:image\" content=\"https:\/\/ledsolintel.com\/wp-content\/uploads\/2016\/04\/3242-Lampara-exterior-BALDA-15W-de-Faro-Barcelona.jpg\" \/>\n\t<meta property=\"og:image:width\" content=\"1\" \/>\n\t<meta property=\"og:image:height\" content=\"1\" \/>\n\t<meta property=\"og:image:type\" content=\"image\/jpeg\" \/>\n<meta name=\"twitter:card\" content=\"summary_large_image\" \/>\n<meta name=\"twitter:site\" content=\"@webmenaje\" \/>\n<script type=\"application\/ld+json\" class=\"yoast-schema-graph\">{\"@context\":\"https:\\\/\\\/schema.org\",\"@graph\":[{\"@type\":\"WebPage\",\"@id\":\"https:\\\/\\\/ledsolintel.com\\\/en\\\/product\\\/lampara-exterior-balda-de-faro\\\/\",\"url\":\"https:\\\/\\\/ledsolintel.com\\\/en\\\/product\\\/lampara-exterior-balda-de-faro\\\/\",\"name\":\"L\u00e1mpara exterior BALDA de Faro Barcelona\",\"isPartOf\":{\"@id\":\"https:\\\/\\\/ledsolintel.com\\\/#website\"},\"primaryImageOfPage\":{\"@id\":\"https:\\\/\\\/ledsolintel.com\\\/en\\\/product\\\/lampara-exterior-balda-de-faro\\\/#primaryimage\"},\"image\":{\"@id\":\"https:\\\/\\\/ledsolintel.com\\\/en\\\/product\\\/lampara-exterior-balda-de-faro\\\/#primaryimage\"},\"thumbnailUrl\":\"https:\\\/\\\/ledsolintel.com\\\/wp-content\\\/uploads\\\/2016\\\/04\\\/3242-Lampara-exterior-BALDA-15W-de-Faro-Barcelona.jpg\",\"datePublished\":\"2016-04-22T06:02:26+00:00\",\"description\":\"La l\u00e1mpara exterior Balda de Faro Barcelona est\u00e1 destinada a su colocaci\u00f3n en suelos y es un complemento perfecto para colocar en todo tipo de jardines\",\"breadcrumb\":{\"@id\":\"https:\\\/\\\/ledsolintel.com\\\/en\\\/product\\\/lampara-exterior-balda-de-faro\\\/#breadcrumb\"},\"inLanguage\":\"fr-FR\",\"potentialAction\":[{\"@type\":\"ReadAction\",\"target\":[\"https:\\\/\\\/ledsolintel.com\\\/en\\\/product\\\/lampara-exterior-balda-de-faro\\\/\"]}]},{\"@type\":\"ImageObject\",\"inLanguage\":\"fr-FR\",\"@id\":\"https:\\\/\\\/ledsolintel.com\\\/en\\\/product\\\/lampara-exterior-balda-de-faro\\\/#primaryimage\",\"url\":\"https:\\\/\\\/ledsolintel.com\\\/wp-content\\\/uploads\\\/2016\\\/04\\\/3242-Lampara-exterior-BALDA-15W-de-Faro-Barcelona.jpg\",\"contentUrl\":\"https:\\\/\\\/ledsolintel.com\\\/wp-content\\\/uploads\\\/2016\\\/04\\\/3242-Lampara-exterior-BALDA-15W-de-Faro-Barcelona.jpg\",\"caption\":\"L\u00e1mpara exterior BALDA 15W de Faro Barcelona\"},{\"@type\":\"BreadcrumbList\",\"@id\":\"https:\\\/\\\/ledsolintel.com\\\/en\\\/product\\\/lampara-exterior-balda-de-faro\\\/#breadcrumb\",\"itemListElement\":[{\"@type\":\"ListItem\",\"position\":1,\"name\":\"Portada\",\"item\":\"https:\\\/\\\/ledsolintel.com\\\/fr\\\/\"},{\"@type\":\"ListItem\",\"position\":2,\"name\":\"Tienda\",\"item\":\"https:\\\/\\\/ledsolintel.com\\\/tienda\\\/\"},{\"@type\":\"ListItem\",\"position\":3,\"name\":\"L\u00e1mpara exterior BALDA 15W de Faro Barcelona\"}]},{\"@type\":\"WebSite\",\"@id\":\"https:\\\/\\\/ledsolintel.com\\\/#website\",\"url\":\"https:\\\/\\\/ledsolintel.com\\\/\",\"name\":\"Webmenaje\",\"description\":\"Tienda de bombillas y l\u00e1mparas LED para profesionales\",\"publisher\":{\"@id\":\"https:\\\/\\\/ledsolintel.com\\\/#organization\"},\"potentialAction\":[{\"@type\":\"SearchAction\",\"target\":{\"@type\":\"EntryPoint\",\"urlTemplate\":\"https:\\\/\\\/ledsolintel.com\\\/?s={search_term_string}\"},\"query-input\":{\"@type\":\"PropertyValueSpecification\",\"valueRequired\":true,\"valueName\":\"search_term_string\"}}],\"inLanguage\":\"fr-FR\"},{\"@type\":\"Organization\",\"@id\":\"https:\\\/\\\/ledsolintel.com\\\/#organization\",\"name\":\"Solintel Noroeste, S.L.\",\"url\":\"https:\\\/\\\/ledsolintel.com\\\/\",\"logo\":{\"@type\":\"ImageObject\",\"inLanguage\":\"fr-FR\",\"@id\":\"https:\\\/\\\/ledsolintel.com\\\/#\\\/schema\\\/logo\\\/image\\\/\",\"url\":\"https:\\\/\\\/ledsolintel.com\\\/wp-content\\\/uploads\\\/2024\\\/11\\\/webmenaje-logo-1508269066.jpg\",\"contentUrl\":\"https:\\\/\\\/ledsolintel.com\\\/wp-content\\\/uploads\\\/2024\\\/11\\\/webmenaje-logo-1508269066.jpg\",\"width\":370,\"height\":90,\"caption\":\"Solintel Noroeste, S.L.\"},\"image\":{\"@id\":\"https:\\\/\\\/ledsolintel.com\\\/#\\\/schema\\\/logo\\\/image\\\/\"},\"sameAs\":[\"http:\\\/\\\/www.facebook.com\\\/webmenaje\",\"https:\\\/\\\/x.com\\\/webmenaje\",\"https:\\\/\\\/www.youtube.com\\\/channel\\\/UCX2KoVoeCG4LocZjUc6LmSQ\",\"http:\\\/\\\/www.pinterest.com\\\/webmenaje\"]}]}<\/script>\n<!-- \/ Yoast SEO plugin. -->","yoast_head_json":{"title":"BALDA lampe d'ext\u00e9rieur par Faro Barcelona","description":"La lampe d'ext\u00e9rieur Balda de Faro Barcelona est con\u00e7ue pour \u00eatre pos\u00e9e sur le sol et constitue un compl\u00e9ment parfait \u00e0 placer dans tous les types de jardins.","robots":{"index":"index","follow":"follow","max-snippet":"max-snippet:-1","max-image-preview":"max-image-preview:large","max-video-preview":"max-video-preview:-1"},"canonical":"https:\/\/ledsolintel.com\/fr\/produit\/lampe-exterieure-etagere-phare\/","og_locale":"fr_FR","og_type":"article","og_title":"L\u00e1mpara exterior BALDA de Faro Barcelona","og_description":"La l\u00e1mpara exterior Balda de Faro Barcelona est\u00e1 destinada a su colocaci\u00f3n en suelos y es un complemento perfecto para colocar en todo tipo de jardines","og_url":"https:\/\/ledsolintel.com\/fr\/produit\/lampe-exterieure-etagere-phare\/","og_site_name":"Ledsolintel","article_publisher":"http:\/\/www.facebook.com\/webmenaje","og_image":[{"url":"https:\/\/ledsolintel.com\/wp-content\/uploads\/2016\/04\/3242-Lampara-exterior-BALDA-15W-de-Faro-Barcelona.jpg","width":1,"height":1,"type":"image\/jpeg"}],"twitter_card":"summary_large_image","twitter_site":"@webmenaje","schema":{"@context":"https:\/\/schema.org","@graph":[{"@type":"WebPage","@id":"https:\/\/ledsolintel.com\/en\/product\/lampara-exterior-balda-de-faro\/","url":"https:\/\/ledsolintel.com\/en\/product\/lampara-exterior-balda-de-faro\/","name":"BALDA lampe d'ext\u00e9rieur par Faro Barcelona","isPartOf":{"@id":"https:\/\/ledsolintel.com\/#website"},"primaryImageOfPage":{"@id":"https:\/\/ledsolintel.com\/en\/product\/lampara-exterior-balda-de-faro\/#primaryimage"},"image":{"@id":"https:\/\/ledsolintel.com\/en\/product\/lampara-exterior-balda-de-faro\/#primaryimage"},"thumbnailUrl":"https:\/\/ledsolintel.com\/wp-content\/uploads\/2016\/04\/3242-Lampara-exterior-BALDA-15W-de-Faro-Barcelona.jpg","datePublished":"2016-04-22T06:02:26+00:00","description":"La lampe d'ext\u00e9rieur Balda de Faro Barcelona est con\u00e7ue pour \u00eatre pos\u00e9e sur le sol et constitue un compl\u00e9ment parfait \u00e0 placer dans tous les types de jardins.","breadcrumb":{"@id":"https:\/\/ledsolintel.com\/en\/product\/lampara-exterior-balda-de-faro\/#breadcrumb"},"inLanguage":"fr-FR","potentialAction":[{"@type":"ReadAction","target":["https:\/\/ledsolintel.com\/en\/product\/lampara-exterior-balda-de-faro\/"]}]},{"@type":"ImageObject","inLanguage":"fr-FR","@id":"https:\/\/ledsolintel.com\/en\/product\/lampara-exterior-balda-de-faro\/#primaryimage","url":"https:\/\/ledsolintel.com\/wp-content\/uploads\/2016\/04\/3242-Lampara-exterior-BALDA-15W-de-Faro-Barcelona.jpg","contentUrl":"https:\/\/ledsolintel.com\/wp-content\/uploads\/2016\/04\/3242-Lampara-exterior-BALDA-15W-de-Faro-Barcelona.jpg","caption":"L\u00e1mpara exterior BALDA 15W de Faro Barcelona"},{"@type":"BreadcrumbList","@id":"https:\/\/ledsolintel.com\/en\/product\/lampara-exterior-balda-de-faro\/#breadcrumb","itemListElement":[{"@type":"ListItem","position":1,"name":"Portada","item":"https:\/\/ledsolintel.com\/fr\/"},{"@type":"ListItem","position":2,"name":"Tienda","item":"https:\/\/ledsolintel.com\/tienda\/"},{"@type":"ListItem","position":3,"name":"L\u00e1mpara exterior BALDA 15W de Faro Barcelona"}]},{"@type":"WebSite","@id":"https:\/\/ledsolintel.com\/#website","url":"https:\/\/ledsolintel.com\/","name":"Webmenaje","description":"Magasin d'ampoules et de lampes LED pour les professionnels","publisher":{"@id":"https:\/\/ledsolintel.com\/#organization"},"potentialAction":[{"@type":"SearchAction","target":{"@type":"EntryPoint","urlTemplate":"https:\/\/ledsolintel.com\/?s={search_term_string}"},"query-input":{"@type":"PropertyValueSpecification","valueRequired":true,"valueName":"search_term_string"}}],"inLanguage":"fr-FR"},{"@type":"Organization","@id":"https:\/\/ledsolintel.com\/#organization","name":"Solintel Noroeste, S.L.","url":"https:\/\/ledsolintel.com\/","logo":{"@type":"ImageObject","inLanguage":"fr-FR","@id":"https:\/\/ledsolintel.com\/#\/schema\/logo\/image\/","url":"https:\/\/ledsolintel.com\/wp-content\/uploads\/2024\/11\/webmenaje-logo-1508269066.jpg","contentUrl":"https:\/\/ledsolintel.com\/wp-content\/uploads\/2024\/11\/webmenaje-logo-1508269066.jpg","width":370,"height":90,"caption":"Solintel Noroeste, S.L."},"image":{"@id":"https:\/\/ledsolintel.com\/#\/schema\/logo\/image\/"},"sameAs":["http:\/\/www.facebook.com\/webmenaje","https:\/\/x.com\/webmenaje","https:\/\/www.youtube.com\/channel\/UCX2KoVoeCG4LocZjUc6LmSQ","http:\/\/www.pinterest.com\/webmenaje"]}]}},"_links":{"self":[{"href":"https:\/\/ledsolintel.com\/fr\/wp-json\/wp\/v2\/product\/240587","targetHints":{"allow":["GET"]}}],"collection":[{"href":"https:\/\/ledsolintel.com\/fr\/wp-json\/wp\/v2\/product"}],"about":[{"href":"https:\/\/ledsolintel.com\/fr\/wp-json\/wp\/v2\/types\/product"}],"version-history":[{"count":0,"href":"https:\/\/ledsolintel.com\/fr\/wp-json\/wp\/v2\/product\/240587\/revisions"}],"wp:featuredmedia":[{"embeddable":true,"href":"https:\/\/ledsolintel.com\/fr\/wp-json\/wp\/v2\/media\/240585"}],"wp:attachment":[{"href":"https:\/\/ledsolintel.com\/fr\/wp-json\/wp\/v2\/media?parent=240587"}],"wp:term":[{"taxonomy":"product_brand","embeddable":true,"href":"https:\/\/ledsolintel.com\/fr\/wp-json\/wp\/v2\/product_brand?post=240587"},{"taxonomy":"product_cat","embeddable":true,"href":"https:\/\/ledsolintel.com\/fr\/wp-json\/wp\/v2\/product_cat?post=240587"},{"taxonomy":"product_tag","embeddable":true,"href":"https:\/\/ledsolintel.com\/fr\/wp-json\/wp\/v2\/product_tag?post=240587"}],"curies":[{"name":"wp","href":"https:\/\/api.w.org\/{rel}","templated":true}]}}