{"id":240481,"date":"2016-04-22T08:02:26","date_gmt":"2016-04-22T06:02:26","guid":{"rendered":"https:\/\/nueva.ledsolintel.com\/product\/aplique-suau-con-entrada-usb-de-faro\/"},"modified":"2016-04-22T08:02:26","modified_gmt":"2016-04-22T06:02:26","slug":"lampe-murale-suau-avec-entree-usb-pour-les-phares","status":"publish","type":"product","link":"https:\/\/ledsolintel.com\/fr\/produit-2\/lampe-murale-suau-avec-entree-usb-pour-les-phares\/","title":{"rendered":"Lampe murale SUAU USB par Faro Barcelona"},"content":{"rendered":"<div class=\"product-tabs-container\">\n<div class=\"tab-content pr-tab-content\">\n<div class=\"rte\">\n<h3>Caract\u00e9ristiques techniques<\/h3>\n<ul>\n<li>Fabriqu\u00e9 en acier et en aluminium<\/li>\n<li>Finition :\n<ul>\n<li>Blanc<\/li>\n<li>Gris argent\u00e9<\/li>\n<\/ul>\n<\/li>\n<li>Puissance : 3W<\/li>\n<li>Tension : 100-240V<\/li>\n<li>Luminosit\u00e9 : 140 lumens<\/li>\n<li>Optique : 36<\/li>\n<li>Dimensions (mm) :\n<ul>\n<li>Largeur : 120 mm<\/li>\n<li>Longueur : 280 mm<\/li>\n<li>Hauteur : 155 mm<\/li>\n<\/ul>\n<\/li>\n<li>Poids : 1,58 kg<\/li>\n<\/ul><\/div>\n<\/p><\/div>\n<\/p><\/div>","protected":false},"excerpt":{"rendered":"<p>L'applique Suau combine une lampe de lecture avec un plateau pouvant accueillir des livres, des magazines, des t\u00e9l\u00e9phones ou des tablettes, et dispose d'une entr\u00e9e USB pour brancher un chargeur.\u00a0<\/p>\n<p>Son design Nathrang \u00e0 l'allure \u00e9pur\u00e9e s'adapte \u00e0 tous les espaces et est particuli\u00e8rement recommand\u00e9 pour les h\u00f4tels et autres lieux publics, afin d'\u00e9clairer tout en offrant aux clients un endroit o\u00f9 recharger leurs t\u00e9l\u00e9phones portables.<\/p>","protected":false},"featured_media":240480,"template":"","meta":[],"product_brand":[99359],"product_cat":[99573,99903,99591],"product_tag":[],"class_list":{"0":"post-240481","1":"product","2":"type-product","3":"status-publish","4":"has-post-thumbnail","6":"product_brand-faro-barcelona","7":"product_cat-iluminacion-interior","8":"product_cat-apliques-y-lamparas-de-techo-lamparas-de-pared","9":"product_cat-lamparas-con-cargador","10":"pa_acabado-blanco","11":"pa_acabado-gris","12":"pa_forma-lamparaderecha","13":"pa_forma-lamparaizquierda","16":"instock","17":"taxable","18":"shipping-taxable","19":"purchasable","20":"product-type-variable","21":"has-default-attributes"},"yoast_head":"<!-- This site is optimized with the Yoast SEO plugin v26.6 - https:\/\/yoast.com\/wordpress\/plugins\/seo\/ -->\n<title>Aplique Suau con entrada USB de Faro Barcelona<\/title>\n<meta name=\"description\" content=\"El aplique Suau combina una l\u00e1mpara lectora con una bandeja para libros, m\u00f3viles o tablets, y dispone de una entrada USB para conectar un cargador.\" \/>\n<meta name=\"robots\" content=\"index, follow, max-snippet:-1, max-image-preview:large, max-video-preview:-1\" \/>\n<link rel=\"canonical\" href=\"https:\/\/ledsolintel.com\/fr\/produit-2\/lampe-murale-suau-avec-entree-usb-pour-les-phares\/\" \/>\n<meta property=\"og:locale\" content=\"fr_FR\" \/>\n<meta property=\"og:type\" content=\"article\" \/>\n<meta property=\"og:title\" content=\"Aplique Suau con entrada USB de Faro Barcelona\" \/>\n<meta property=\"og:description\" content=\"El aplique Suau combina una l\u00e1mpara lectora con una bandeja para libros, m\u00f3viles o tablets, y dispone de una entrada USB para conectar un cargador.\" \/>\n<meta property=\"og:url\" content=\"https:\/\/ledsolintel.com\/fr\/produit-2\/lampe-murale-suau-avec-entree-usb-pour-les-phares\/\" \/>\n<meta property=\"og:site_name\" content=\"Ledsolintel\" \/>\n<meta property=\"article:publisher\" content=\"http:\/\/www.facebook.com\/webmenaje\" \/>\n<meta property=\"og:image\" content=\"https:\/\/ledsolintel.com\/wp-content\/uploads\/2016\/04\/2895-Aplique-SUAU-USB-de-Faro-Barcelona.jpg\" \/>\n\t<meta property=\"og:image:width\" content=\"1\" \/>\n\t<meta property=\"og:image:height\" content=\"1\" \/>\n\t<meta property=\"og:image:type\" content=\"image\/jpeg\" \/>\n<meta name=\"twitter:card\" content=\"summary_large_image\" \/>\n<meta name=\"twitter:site\" content=\"@webmenaje\" \/>\n<script type=\"application\/ld+json\" class=\"yoast-schema-graph\">{\"@context\":\"https:\/\/schema.org\",\"@graph\":[{\"@type\":\"WebPage\",\"@id\":\"https:\/\/ledsolintel.com\/product\/aplique-suau-con-entrada-usb-de-faro\/\",\"url\":\"https:\/\/ledsolintel.com\/product\/aplique-suau-con-entrada-usb-de-faro\/\",\"name\":\"Aplique Suau con entrada USB de Faro Barcelona\",\"isPartOf\":{\"@id\":\"https:\/\/ledsolintel.com\/#website\"},\"primaryImageOfPage\":{\"@id\":\"https:\/\/ledsolintel.com\/product\/aplique-suau-con-entrada-usb-de-faro\/#primaryimage\"},\"image\":{\"@id\":\"https:\/\/ledsolintel.com\/product\/aplique-suau-con-entrada-usb-de-faro\/#primaryimage\"},\"thumbnailUrl\":\"https:\/\/ledsolintel.com\/wp-content\/uploads\/2016\/04\/2895-Aplique-SUAU-USB-de-Faro-Barcelona.jpg\",\"datePublished\":\"2016-04-22T06:02:26+00:00\",\"description\":\"El aplique Suau combina una l\u00e1mpara lectora con una bandeja para libros, m\u00f3viles o tablets, y dispone de una entrada USB para conectar un cargador.\",\"breadcrumb\":{\"@id\":\"https:\/\/ledsolintel.com\/product\/aplique-suau-con-entrada-usb-de-faro\/#breadcrumb\"},\"inLanguage\":\"fr-FR\",\"potentialAction\":[{\"@type\":\"ReadAction\",\"target\":[\"https:\/\/ledsolintel.com\/product\/aplique-suau-con-entrada-usb-de-faro\/\"]}]},{\"@type\":\"ImageObject\",\"inLanguage\":\"fr-FR\",\"@id\":\"https:\/\/ledsolintel.com\/product\/aplique-suau-con-entrada-usb-de-faro\/#primaryimage\",\"url\":\"https:\/\/ledsolintel.com\/wp-content\/uploads\/2016\/04\/2895-Aplique-SUAU-USB-de-Faro-Barcelona.jpg\",\"contentUrl\":\"https:\/\/ledsolintel.com\/wp-content\/uploads\/2016\/04\/2895-Aplique-SUAU-USB-de-Faro-Barcelona.jpg\",\"caption\":\"Aplique SUAU USB de Faro Barcelona\"},{\"@type\":\"BreadcrumbList\",\"@id\":\"https:\/\/ledsolintel.com\/product\/aplique-suau-con-entrada-usb-de-faro\/#breadcrumb\",\"itemListElement\":[{\"@type\":\"ListItem\",\"position\":1,\"name\":\"Portada\",\"item\":\"https:\/\/ledsolintel.com\/fr\/\"},{\"@type\":\"ListItem\",\"position\":2,\"name\":\"Tienda\",\"item\":\"https:\/\/ledsolintel.com\/tienda\/\"},{\"@type\":\"ListItem\",\"position\":3,\"name\":\"Aplique SUAU USB de Faro Barcelona\"}]},{\"@type\":\"WebSite\",\"@id\":\"https:\/\/ledsolintel.com\/#website\",\"url\":\"https:\/\/ledsolintel.com\/\",\"name\":\"Webmenaje\",\"description\":\"Tienda de bombillas y l\u00e1mparas LED para profesionales\",\"publisher\":{\"@id\":\"https:\/\/ledsolintel.com\/#organization\"},\"potentialAction\":[{\"@type\":\"SearchAction\",\"target\":{\"@type\":\"EntryPoint\",\"urlTemplate\":\"https:\/\/ledsolintel.com\/?s={search_term_string}\"},\"query-input\":{\"@type\":\"PropertyValueSpecification\",\"valueRequired\":true,\"valueName\":\"search_term_string\"}}],\"inLanguage\":\"fr-FR\"},{\"@type\":\"Organization\",\"@id\":\"https:\/\/ledsolintel.com\/#organization\",\"name\":\"Solintel Noroeste, S.L.\",\"url\":\"https:\/\/ledsolintel.com\/\",\"logo\":{\"@type\":\"ImageObject\",\"inLanguage\":\"fr-FR\",\"@id\":\"https:\/\/ledsolintel.com\/#\/schema\/logo\/image\/\",\"url\":\"https:\/\/ledsolintel.com\/wp-content\/uploads\/2024\/11\/webmenaje-logo-1508269066.jpg\",\"contentUrl\":\"https:\/\/ledsolintel.com\/wp-content\/uploads\/2024\/11\/webmenaje-logo-1508269066.jpg\",\"width\":370,\"height\":90,\"caption\":\"Solintel Noroeste, S.L.\"},\"image\":{\"@id\":\"https:\/\/ledsolintel.com\/#\/schema\/logo\/image\/\"},\"sameAs\":[\"http:\/\/www.facebook.com\/webmenaje\",\"https:\/\/x.com\/webmenaje\",\"https:\/\/www.youtube.com\/channel\/UCX2KoVoeCG4LocZjUc6LmSQ\",\"http:\/\/www.pinterest.com\/webmenaje\"]}]}<\/script>\n<!-- \/ Yoast SEO plugin. -->","yoast_head_json":{"title":"Lampe murale Suau avec prise USB par Faro Barcelona","description":"L'applique Suau combine une lampe de lecture avec un plateau pour livres, mobiles ou tablettes, et dispose d'une entr\u00e9e USB pour brancher un chargeur.","robots":{"index":"index","follow":"follow","max-snippet":"max-snippet:-1","max-image-preview":"max-image-preview:large","max-video-preview":"max-video-preview:-1"},"canonical":"https:\/\/ledsolintel.com\/fr\/produit-2\/lampe-murale-suau-avec-entree-usb-pour-les-phares\/","og_locale":"fr_FR","og_type":"article","og_title":"Aplique Suau con entrada USB de Faro Barcelona","og_description":"El aplique Suau combina una l\u00e1mpara lectora con una bandeja para libros, m\u00f3viles o tablets, y dispone de una entrada USB para conectar un cargador.","og_url":"https:\/\/ledsolintel.com\/fr\/produit-2\/lampe-murale-suau-avec-entree-usb-pour-les-phares\/","og_site_name":"Ledsolintel","article_publisher":"http:\/\/www.facebook.com\/webmenaje","og_image":[{"url":"https:\/\/ledsolintel.com\/wp-content\/uploads\/2016\/04\/2895-Aplique-SUAU-USB-de-Faro-Barcelona.jpg","width":1,"height":1,"type":"image\/jpeg"}],"twitter_card":"summary_large_image","twitter_site":"@webmenaje","schema":{"@context":"https:\/\/schema.org","@graph":[{"@type":"WebPage","@id":"https:\/\/ledsolintel.com\/product\/aplique-suau-con-entrada-usb-de-faro\/","url":"https:\/\/ledsolintel.com\/product\/aplique-suau-con-entrada-usb-de-faro\/","name":"Lampe murale Suau avec prise USB par Faro Barcelona","isPartOf":{"@id":"https:\/\/ledsolintel.com\/#website"},"primaryImageOfPage":{"@id":"https:\/\/ledsolintel.com\/product\/aplique-suau-con-entrada-usb-de-faro\/#primaryimage"},"image":{"@id":"https:\/\/ledsolintel.com\/product\/aplique-suau-con-entrada-usb-de-faro\/#primaryimage"},"thumbnailUrl":"https:\/\/ledsolintel.com\/wp-content\/uploads\/2016\/04\/2895-Aplique-SUAU-USB-de-Faro-Barcelona.jpg","datePublished":"2016-04-22T06:02:26+00:00","description":"L'applique Suau combine une lampe de lecture avec un plateau pour livres, mobiles ou tablettes, et dispose d'une entr\u00e9e USB pour brancher un chargeur.","breadcrumb":{"@id":"https:\/\/ledsolintel.com\/product\/aplique-suau-con-entrada-usb-de-faro\/#breadcrumb"},"inLanguage":"fr-FR","potentialAction":[{"@type":"ReadAction","target":["https:\/\/ledsolintel.com\/product\/aplique-suau-con-entrada-usb-de-faro\/"]}]},{"@type":"ImageObject","inLanguage":"fr-FR","@id":"https:\/\/ledsolintel.com\/product\/aplique-suau-con-entrada-usb-de-faro\/#primaryimage","url":"https:\/\/ledsolintel.com\/wp-content\/uploads\/2016\/04\/2895-Aplique-SUAU-USB-de-Faro-Barcelona.jpg","contentUrl":"https:\/\/ledsolintel.com\/wp-content\/uploads\/2016\/04\/2895-Aplique-SUAU-USB-de-Faro-Barcelona.jpg","caption":"Aplique SUAU USB de Faro Barcelona"},{"@type":"BreadcrumbList","@id":"https:\/\/ledsolintel.com\/product\/aplique-suau-con-entrada-usb-de-faro\/#breadcrumb","itemListElement":[{"@type":"ListItem","position":1,"name":"Portada","item":"https:\/\/ledsolintel.com\/fr\/"},{"@type":"ListItem","position":2,"name":"Tienda","item":"https:\/\/ledsolintel.com\/tienda\/"},{"@type":"ListItem","position":3,"name":"Aplique SUAU USB de Faro Barcelona"}]},{"@type":"WebSite","@id":"https:\/\/ledsolintel.com\/#website","url":"https:\/\/ledsolintel.com\/","name":"Webmenaje","description":"Magasin d'ampoules et de lampes LED pour les professionnels","publisher":{"@id":"https:\/\/ledsolintel.com\/#organization"},"potentialAction":[{"@type":"SearchAction","target":{"@type":"EntryPoint","urlTemplate":"https:\/\/ledsolintel.com\/?s={search_term_string}"},"query-input":{"@type":"PropertyValueSpecification","valueRequired":true,"valueName":"search_term_string"}}],"inLanguage":"fr-FR"},{"@type":"Organization","@id":"https:\/\/ledsolintel.com\/#organization","name":"Solintel Noroeste, S.L.","url":"https:\/\/ledsolintel.com\/","logo":{"@type":"ImageObject","inLanguage":"fr-FR","@id":"https:\/\/ledsolintel.com\/#\/schema\/logo\/image\/","url":"https:\/\/ledsolintel.com\/wp-content\/uploads\/2024\/11\/webmenaje-logo-1508269066.jpg","contentUrl":"https:\/\/ledsolintel.com\/wp-content\/uploads\/2024\/11\/webmenaje-logo-1508269066.jpg","width":370,"height":90,"caption":"Solintel Noroeste, S.L."},"image":{"@id":"https:\/\/ledsolintel.com\/#\/schema\/logo\/image\/"},"sameAs":["http:\/\/www.facebook.com\/webmenaje","https:\/\/x.com\/webmenaje","https:\/\/www.youtube.com\/channel\/UCX2KoVoeCG4LocZjUc6LmSQ","http:\/\/www.pinterest.com\/webmenaje"]}]}},"_links":{"self":[{"href":"https:\/\/ledsolintel.com\/fr\/wp-json\/wp\/v2\/product\/240481","targetHints":{"allow":["GET"]}}],"collection":[{"href":"https:\/\/ledsolintel.com\/fr\/wp-json\/wp\/v2\/product"}],"about":[{"href":"https:\/\/ledsolintel.com\/fr\/wp-json\/wp\/v2\/types\/product"}],"version-history":[{"count":0,"href":"https:\/\/ledsolintel.com\/fr\/wp-json\/wp\/v2\/product\/240481\/revisions"}],"wp:featuredmedia":[{"embeddable":true,"href":"https:\/\/ledsolintel.com\/fr\/wp-json\/wp\/v2\/media\/240480"}],"wp:attachment":[{"href":"https:\/\/ledsolintel.com\/fr\/wp-json\/wp\/v2\/media?parent=240481"}],"wp:term":[{"taxonomy":"product_brand","embeddable":true,"href":"https:\/\/ledsolintel.com\/fr\/wp-json\/wp\/v2\/product_brand?post=240481"},{"taxonomy":"product_cat","embeddable":true,"href":"https:\/\/ledsolintel.com\/fr\/wp-json\/wp\/v2\/product_cat?post=240481"},{"taxonomy":"product_tag","embeddable":true,"href":"https:\/\/ledsolintel.com\/fr\/wp-json\/wp\/v2\/product_tag?post=240481"}],"curies":[{"name":"wp","href":"https:\/\/api.w.org\/{rel}","templated":true}]}}