{"id":240361,"date":"2016-04-22T08:02:26","date_gmt":"2016-04-22T06:02:26","guid":{"rendered":"https:\/\/nueva.ledsolintel.com\/product\/lampara-de-sobremesa-lula-g-de-faro\/"},"modified":"2016-04-22T08:02:26","modified_gmt":"2016-04-22T06:02:26","slug":"lampara-de-sobremesa-lula-g-de-faro","status":"publish","type":"product","link":"https:\/\/ledsolintel.com\/fr\/produit-2\/lampara-de-sobremesa-lula-g-de-faro\/","title":{"rendered":"Lampe de table LULA G par Faro Barcelona"},"content":{"rendered":"<h3>Caract\u00e9ristiques :<\/h3>\n<ul>\n<li>Fabricado en\u00a0metal con pantalla textil<\/li>\n<li>Puissance : 20W<\/li>\n<li>Tension : 100-240V<\/li>\n<li>Protection IP20<\/li>\n<li>Finitions :\u00a0\n<ul>\n<li>Blanc<\/li>\n<li>Noir et blanc<\/li>\n<li>Verde oliva<\/li>\n<\/ul>\n<\/li>\n<li>Dimensions (mm) :\n<ul>\n<li>Largo: 160<\/li>\n<li>Hauteur : 400<\/li>\n<li>Ancho: 150<\/li>\n<\/ul>\n<\/li>\n<li>Peso: 2.9 kg<\/li>\n<li>Longitud del cable: 1.7 m<\/li>\n<\/ul>\n<p>\u00a0<\/p>\n<h4>Attention : les ampoules ne sont pas incluses. Toute ampoule avec connexion E27 jusqu'\u00e0 20W est valable. Nous vous conseillons de vous adresser \u00e0 des fabricants tels que Roblan ou Beneito Faure, dont vous trouverez les produits sur ce site.<\/h4>","protected":false},"excerpt":{"rendered":"<p>Dise\u00f1ada por Marina Mil\u00e0, la familia Lula incluye una serie de l\u00e1mparas de sobremesa en dos tama\u00f1os y tres colores diferentes. Su cuerpo de acero y su pantalla textil se combinan en formas suaves que recuerdan a una vela y son ideales para complementar la decoraci\u00f3n en salones y dormitorios.<\/p>","protected":false},"featured_media":240359,"template":"","meta":[],"product_brand":[99359],"product_cat":[99649],"product_tag":[],"class_list":{"0":"post-240361","1":"product","2":"type-product","3":"status-publish","4":"has-post-thumbnail","6":"product_brand-faro-barcelona","7":"product_cat-lamparas-de-mesa-y-flexos","8":"pa_acabado-blanco","9":"pa_acabado-negro","12":"instock","13":"taxable","14":"shipping-taxable","15":"purchasable","16":"product-type-variable","17":"has-default-attributes"},"yoast_head":"<!-- This site is optimized with the Yoast SEO plugin v26.6 - https:\/\/yoast.com\/wordpress\/plugins\/seo\/ -->\n<title>L\u00e1mpara de sobremesa LULA G de Faro Barcelona<\/title>\n<meta name=\"description\" content=\"Dise\u00f1ada por Marina Mil\u00e0, la familia Lula incluye una serie de l\u00e1mparas de sobremesa en dos tama\u00f1os y tres colores diferentes\" \/>\n<meta name=\"robots\" content=\"index, follow, max-snippet:-1, max-image-preview:large, max-video-preview:-1\" \/>\n<link rel=\"canonical\" href=\"https:\/\/ledsolintel.com\/fr\/produit-2\/lampara-de-sobremesa-lula-g-de-faro\/\" \/>\n<meta property=\"og:locale\" content=\"fr_FR\" \/>\n<meta property=\"og:type\" content=\"article\" \/>\n<meta property=\"og:title\" content=\"L\u00e1mpara de sobremesa LULA G de Faro Barcelona\" \/>\n<meta property=\"og:description\" content=\"Dise\u00f1ada por Marina Mil\u00e0, la familia Lula incluye una serie de l\u00e1mparas de sobremesa en dos tama\u00f1os y tres colores diferentes\" \/>\n<meta property=\"og:url\" content=\"https:\/\/ledsolintel.com\/fr\/produit-2\/lampara-de-sobremesa-lula-g-de-faro\/\" \/>\n<meta property=\"og:site_name\" content=\"Ledsolintel\" \/>\n<meta property=\"article:publisher\" content=\"http:\/\/www.facebook.com\/webmenaje\" \/>\n<meta property=\"og:image\" content=\"https:\/\/ledsolintel.com\/wp-content\/uploads\/2016\/04\/2730-Lampara-de-sobremesa-LULA-G-de-Faro-Barcelona.jpg\" \/>\n\t<meta property=\"og:image:width\" content=\"1\" \/>\n\t<meta property=\"og:image:height\" content=\"1\" \/>\n\t<meta property=\"og:image:type\" content=\"image\/jpeg\" \/>\n<meta name=\"twitter:card\" content=\"summary_large_image\" \/>\n<meta name=\"twitter:site\" content=\"@webmenaje\" \/>\n<script type=\"application\/ld+json\" class=\"yoast-schema-graph\">{\"@context\":\"https:\/\/schema.org\",\"@graph\":[{\"@type\":\"WebPage\",\"@id\":\"https:\/\/ledsolintel.com\/product\/lampara-de-sobremesa-lula-g-de-faro\/\",\"url\":\"https:\/\/ledsolintel.com\/product\/lampara-de-sobremesa-lula-g-de-faro\/\",\"name\":\"L\u00e1mpara de sobremesa LULA G de Faro Barcelona\",\"isPartOf\":{\"@id\":\"https:\/\/ledsolintel.com\/#website\"},\"primaryImageOfPage\":{\"@id\":\"https:\/\/ledsolintel.com\/product\/lampara-de-sobremesa-lula-g-de-faro\/#primaryimage\"},\"image\":{\"@id\":\"https:\/\/ledsolintel.com\/product\/lampara-de-sobremesa-lula-g-de-faro\/#primaryimage\"},\"thumbnailUrl\":\"https:\/\/ledsolintel.com\/wp-content\/uploads\/2016\/04\/2730-Lampara-de-sobremesa-LULA-G-de-Faro-Barcelona.jpg\",\"datePublished\":\"2016-04-22T06:02:26+00:00\",\"description\":\"Dise\u00f1ada por Marina Mil\u00e0, la familia Lula incluye una serie de l\u00e1mparas de sobremesa en dos tama\u00f1os y tres colores diferentes\",\"breadcrumb\":{\"@id\":\"https:\/\/ledsolintel.com\/product\/lampara-de-sobremesa-lula-g-de-faro\/#breadcrumb\"},\"inLanguage\":\"fr-FR\",\"potentialAction\":[{\"@type\":\"ReadAction\",\"target\":[\"https:\/\/ledsolintel.com\/product\/lampara-de-sobremesa-lula-g-de-faro\/\"]}]},{\"@type\":\"ImageObject\",\"inLanguage\":\"fr-FR\",\"@id\":\"https:\/\/ledsolintel.com\/product\/lampara-de-sobremesa-lula-g-de-faro\/#primaryimage\",\"url\":\"https:\/\/ledsolintel.com\/wp-content\/uploads\/2016\/04\/2730-Lampara-de-sobremesa-LULA-G-de-Faro-Barcelona.jpg\",\"contentUrl\":\"https:\/\/ledsolintel.com\/wp-content\/uploads\/2016\/04\/2730-Lampara-de-sobremesa-LULA-G-de-Faro-Barcelona.jpg\",\"caption\":\"L\u00e1mpara de sobremesa LULA G de Faro Barcelona\"},{\"@type\":\"BreadcrumbList\",\"@id\":\"https:\/\/ledsolintel.com\/product\/lampara-de-sobremesa-lula-g-de-faro\/#breadcrumb\",\"itemListElement\":[{\"@type\":\"ListItem\",\"position\":1,\"name\":\"Portada\",\"item\":\"https:\/\/ledsolintel.com\/fr\/\"},{\"@type\":\"ListItem\",\"position\":2,\"name\":\"Tienda\",\"item\":\"https:\/\/ledsolintel.com\/tienda\/\"},{\"@type\":\"ListItem\",\"position\":3,\"name\":\"L\u00e1mpara de sobremesa LULA G de Faro Barcelona\"}]},{\"@type\":\"WebSite\",\"@id\":\"https:\/\/ledsolintel.com\/#website\",\"url\":\"https:\/\/ledsolintel.com\/\",\"name\":\"Webmenaje\",\"description\":\"Tienda de bombillas y l\u00e1mparas LED para profesionales\",\"publisher\":{\"@id\":\"https:\/\/ledsolintel.com\/#organization\"},\"potentialAction\":[{\"@type\":\"SearchAction\",\"target\":{\"@type\":\"EntryPoint\",\"urlTemplate\":\"https:\/\/ledsolintel.com\/?s={search_term_string}\"},\"query-input\":{\"@type\":\"PropertyValueSpecification\",\"valueRequired\":true,\"valueName\":\"search_term_string\"}}],\"inLanguage\":\"fr-FR\"},{\"@type\":\"Organization\",\"@id\":\"https:\/\/ledsolintel.com\/#organization\",\"name\":\"Solintel Noroeste, S.L.\",\"url\":\"https:\/\/ledsolintel.com\/\",\"logo\":{\"@type\":\"ImageObject\",\"inLanguage\":\"fr-FR\",\"@id\":\"https:\/\/ledsolintel.com\/#\/schema\/logo\/image\/\",\"url\":\"https:\/\/ledsolintel.com\/wp-content\/uploads\/2024\/11\/webmenaje-logo-1508269066.jpg\",\"contentUrl\":\"https:\/\/ledsolintel.com\/wp-content\/uploads\/2024\/11\/webmenaje-logo-1508269066.jpg\",\"width\":370,\"height\":90,\"caption\":\"Solintel Noroeste, S.L.\"},\"image\":{\"@id\":\"https:\/\/ledsolintel.com\/#\/schema\/logo\/image\/\"},\"sameAs\":[\"http:\/\/www.facebook.com\/webmenaje\",\"https:\/\/x.com\/webmenaje\",\"https:\/\/www.youtube.com\/channel\/UCX2KoVoeCG4LocZjUc6LmSQ\",\"http:\/\/www.pinterest.com\/webmenaje\"]}]}<\/script>\n<!-- \/ Yoast SEO plugin. -->","yoast_head_json":{"title":"Lampe de table LULA G par Faro Barcelona","description":"Dise\u00f1ada por Marina Mil\u00e0, la familia Lula incluye una serie de l\u00e1mparas de sobremesa en dos tama\u00f1os y tres colores diferentes","robots":{"index":"index","follow":"follow","max-snippet":"max-snippet:-1","max-image-preview":"max-image-preview:large","max-video-preview":"max-video-preview:-1"},"canonical":"https:\/\/ledsolintel.com\/fr\/produit-2\/lampara-de-sobremesa-lula-g-de-faro\/","og_locale":"fr_FR","og_type":"article","og_title":"L\u00e1mpara de sobremesa LULA G de Faro Barcelona","og_description":"Dise\u00f1ada por Marina Mil\u00e0, la familia Lula incluye una serie de l\u00e1mparas de sobremesa en dos tama\u00f1os y tres colores diferentes","og_url":"https:\/\/ledsolintel.com\/fr\/produit-2\/lampara-de-sobremesa-lula-g-de-faro\/","og_site_name":"Ledsolintel","article_publisher":"http:\/\/www.facebook.com\/webmenaje","og_image":[{"url":"https:\/\/ledsolintel.com\/wp-content\/uploads\/2016\/04\/2730-Lampara-de-sobremesa-LULA-G-de-Faro-Barcelona.jpg","width":1,"height":1,"type":"image\/jpeg"}],"twitter_card":"summary_large_image","twitter_site":"@webmenaje","schema":{"@context":"https:\/\/schema.org","@graph":[{"@type":"WebPage","@id":"https:\/\/ledsolintel.com\/product\/lampara-de-sobremesa-lula-g-de-faro\/","url":"https:\/\/ledsolintel.com\/product\/lampara-de-sobremesa-lula-g-de-faro\/","name":"Lampe de table LULA G par Faro Barcelona","isPartOf":{"@id":"https:\/\/ledsolintel.com\/#website"},"primaryImageOfPage":{"@id":"https:\/\/ledsolintel.com\/product\/lampara-de-sobremesa-lula-g-de-faro\/#primaryimage"},"image":{"@id":"https:\/\/ledsolintel.com\/product\/lampara-de-sobremesa-lula-g-de-faro\/#primaryimage"},"thumbnailUrl":"https:\/\/ledsolintel.com\/wp-content\/uploads\/2016\/04\/2730-Lampara-de-sobremesa-LULA-G-de-Faro-Barcelona.jpg","datePublished":"2016-04-22T06:02:26+00:00","description":"Dise\u00f1ada por Marina Mil\u00e0, la familia Lula incluye una serie de l\u00e1mparas de sobremesa en dos tama\u00f1os y tres colores diferentes","breadcrumb":{"@id":"https:\/\/ledsolintel.com\/product\/lampara-de-sobremesa-lula-g-de-faro\/#breadcrumb"},"inLanguage":"fr-FR","potentialAction":[{"@type":"ReadAction","target":["https:\/\/ledsolintel.com\/product\/lampara-de-sobremesa-lula-g-de-faro\/"]}]},{"@type":"ImageObject","inLanguage":"fr-FR","@id":"https:\/\/ledsolintel.com\/product\/lampara-de-sobremesa-lula-g-de-faro\/#primaryimage","url":"https:\/\/ledsolintel.com\/wp-content\/uploads\/2016\/04\/2730-Lampara-de-sobremesa-LULA-G-de-Faro-Barcelona.jpg","contentUrl":"https:\/\/ledsolintel.com\/wp-content\/uploads\/2016\/04\/2730-Lampara-de-sobremesa-LULA-G-de-Faro-Barcelona.jpg","caption":"L\u00e1mpara de sobremesa LULA G de Faro Barcelona"},{"@type":"BreadcrumbList","@id":"https:\/\/ledsolintel.com\/product\/lampara-de-sobremesa-lula-g-de-faro\/#breadcrumb","itemListElement":[{"@type":"ListItem","position":1,"name":"Portada","item":"https:\/\/ledsolintel.com\/fr\/"},{"@type":"ListItem","position":2,"name":"Tienda","item":"https:\/\/ledsolintel.com\/tienda\/"},{"@type":"ListItem","position":3,"name":"L\u00e1mpara de sobremesa LULA G de Faro Barcelona"}]},{"@type":"WebSite","@id":"https:\/\/ledsolintel.com\/#website","url":"https:\/\/ledsolintel.com\/","name":"Webmenaje","description":"Magasin d'ampoules et de lampes LED pour les professionnels","publisher":{"@id":"https:\/\/ledsolintel.com\/#organization"},"potentialAction":[{"@type":"SearchAction","target":{"@type":"EntryPoint","urlTemplate":"https:\/\/ledsolintel.com\/?s={search_term_string}"},"query-input":{"@type":"PropertyValueSpecification","valueRequired":true,"valueName":"search_term_string"}}],"inLanguage":"fr-FR"},{"@type":"Organization","@id":"https:\/\/ledsolintel.com\/#organization","name":"Solintel Noroeste, S.L.","url":"https:\/\/ledsolintel.com\/","logo":{"@type":"ImageObject","inLanguage":"fr-FR","@id":"https:\/\/ledsolintel.com\/#\/schema\/logo\/image\/","url":"https:\/\/ledsolintel.com\/wp-content\/uploads\/2024\/11\/webmenaje-logo-1508269066.jpg","contentUrl":"https:\/\/ledsolintel.com\/wp-content\/uploads\/2024\/11\/webmenaje-logo-1508269066.jpg","width":370,"height":90,"caption":"Solintel Noroeste, S.L."},"image":{"@id":"https:\/\/ledsolintel.com\/#\/schema\/logo\/image\/"},"sameAs":["http:\/\/www.facebook.com\/webmenaje","https:\/\/x.com\/webmenaje","https:\/\/www.youtube.com\/channel\/UCX2KoVoeCG4LocZjUc6LmSQ","http:\/\/www.pinterest.com\/webmenaje"]}]}},"_links":{"self":[{"href":"https:\/\/ledsolintel.com\/fr\/wp-json\/wp\/v2\/product\/240361","targetHints":{"allow":["GET"]}}],"collection":[{"href":"https:\/\/ledsolintel.com\/fr\/wp-json\/wp\/v2\/product"}],"about":[{"href":"https:\/\/ledsolintel.com\/fr\/wp-json\/wp\/v2\/types\/product"}],"version-history":[{"count":0,"href":"https:\/\/ledsolintel.com\/fr\/wp-json\/wp\/v2\/product\/240361\/revisions"}],"wp:featuredmedia":[{"embeddable":true,"href":"https:\/\/ledsolintel.com\/fr\/wp-json\/wp\/v2\/media\/240359"}],"wp:attachment":[{"href":"https:\/\/ledsolintel.com\/fr\/wp-json\/wp\/v2\/media?parent=240361"}],"wp:term":[{"taxonomy":"product_brand","embeddable":true,"href":"https:\/\/ledsolintel.com\/fr\/wp-json\/wp\/v2\/product_brand?post=240361"},{"taxonomy":"product_cat","embeddable":true,"href":"https:\/\/ledsolintel.com\/fr\/wp-json\/wp\/v2\/product_cat?post=240361"},{"taxonomy":"product_tag","embeddable":true,"href":"https:\/\/ledsolintel.com\/fr\/wp-json\/wp\/v2\/product_tag?post=240361"}],"curies":[{"name":"wp","href":"https:\/\/api.w.org\/{rel}","templated":true}]}}