{"id":240229,"date":"2016-04-22T08:02:26","date_gmt":"2016-04-22T06:02:26","guid":{"rendered":"https:\/\/nueva.ledsolintel.com\/product\/ventilador-con-luz-palk-de-faro\/"},"modified":"2016-04-22T08:02:26","modified_gmt":"2016-04-22T06:02:26","slug":"ventilador-con-luz-palk-de-faro","status":"publish","type":"product","link":"https:\/\/ledsolintel.com\/fr\/produit-2\/ventilador-con-luz-palk-de-faro\/","title":{"rendered":"Ventilateur PALK avec lumi\u00e8re par Faro Barcelona"},"content":{"rendered":"<h3>Caract\u00e9ristiques :<\/h3>\n<p>Ventilateur :<\/p>\n<ul>\n<li>Fabricado en acero, contrachapado y cristal opal.<\/li>\n<li>3 lames<\/li>\n<li>Di\u00e1metro: 1,32m<\/li>\n<li>Color del cuerpo: n\u00edquel<\/li>\n<li>Color de las palas: arce<\/li>\n<li>RPM: de 50 a 185 (6 velocidades)<\/li>\n<li>Puissance : 3 \u00e0 32W<\/li>\n<li>Tension : 220-240V<\/li>\n<li>Peso: 6,4kg<\/li>\n<li>Corriente de aire: hasta 198m3\/minuto<\/li>\n<\/ul>\n<p>\u00a0<\/p>\n<p>Lampe :<\/p>\n<ul>\n<li>2 bombillas conexi\u00f3n E14 hasta 40W<\/li>\n<\/ul>\n<p>\u00a0<\/p>\n<h4>Atenci\u00f3n: las bombillas no est\u00e1n incluidas. Es v\u00e1lida cualquier bombilla LED con conexi\u00f3n E14 hasta un m\u00e1ximo de 40W. Nosotros le recomendamos que acuda a fabricantes como Roblan o Beneito Faure, cuyos productos puede encontrar en esta misma web.<\/h4>","protected":false},"excerpt":{"rendered":"<p>Con un dise\u00f1o que conjuga la madera con el n\u00edquel, el ventilador con luz Palk de Faro sirve tanto para espacios con una decoraci\u00f3n moderna como para otros m\u00e1s tradicionales. Permite a\u00f1adir dos potentes bombillas LED de hasta 40W, lo que lo convierte en una eficaz fuente de iluminaci\u00f3n para lugares como dormitorios.<\/p>","protected":false},"featured_media":240224,"template":"","meta":[],"product_brand":[99359],"product_cat":[99899,99641],"product_tag":[],"class_list":{"0":"post-240229","1":"product","2":"type-product","3":"status-publish","4":"has-post-thumbnail","6":"product_brand-faro-barcelona","7":"product_cat-ventiladores-con-luz-grandes","8":"product_cat-ventiladores-grandes","11":"outofstock","12":"taxable","13":"shipping-taxable","14":"purchasable","15":"product-type-simple"},"yoast_head":"<!-- This site is optimized with the Yoast SEO plugin v26.6 - https:\/\/yoast.com\/wordpress\/plugins\/seo\/ -->\n<title>Ventilador con luz PALK de Faro Barcelona<\/title>\n<meta name=\"description\" content=\"Con un dise\u00f1o que conjuga la madera con el n\u00edquel, el ventilador con luz Palk de Faro Barcelona permite a\u00f1adir dos potentes bombillas LED\" \/>\n<meta name=\"robots\" content=\"index, follow, max-snippet:-1, max-image-preview:large, max-video-preview:-1\" \/>\n<link rel=\"canonical\" href=\"https:\/\/ledsolintel.com\/fr\/produit-2\/ventilador-con-luz-palk-de-faro\/\" \/>\n<meta property=\"og:locale\" content=\"fr_FR\" \/>\n<meta property=\"og:type\" content=\"article\" \/>\n<meta property=\"og:title\" content=\"Ventilador con luz PALK de Faro Barcelona\" \/>\n<meta property=\"og:description\" content=\"Con un dise\u00f1o que conjuga la madera con el n\u00edquel, el ventilador con luz Palk de Faro Barcelona permite a\u00f1adir dos potentes bombillas LED\" \/>\n<meta property=\"og:url\" content=\"https:\/\/ledsolintel.com\/fr\/produit-2\/ventilador-con-luz-palk-de-faro\/\" \/>\n<meta property=\"og:site_name\" content=\"Ledsolintel\" \/>\n<meta property=\"article:publisher\" content=\"http:\/\/www.facebook.com\/webmenaje\" \/>\n<meta property=\"og:image\" content=\"https:\/\/ledsolintel.com\/wp-content\/uploads\/2016\/04\/6631-Ventilador-con-luz-PALK-de-Faro.jpg\" \/>\n\t<meta property=\"og:image:width\" content=\"1\" \/>\n\t<meta property=\"og:image:height\" content=\"1\" \/>\n\t<meta property=\"og:image:type\" content=\"image\/jpeg\" \/>\n<meta name=\"twitter:card\" content=\"summary_large_image\" \/>\n<meta name=\"twitter:site\" content=\"@webmenaje\" \/>\n<script type=\"application\/ld+json\" class=\"yoast-schema-graph\">{\"@context\":\"https:\/\/schema.org\",\"@graph\":[{\"@type\":\"WebPage\",\"@id\":\"https:\/\/ledsolintel.com\/product\/ventilador-con-luz-palk-de-faro\/\",\"url\":\"https:\/\/ledsolintel.com\/product\/ventilador-con-luz-palk-de-faro\/\",\"name\":\"Ventilador con luz PALK de Faro Barcelona\",\"isPartOf\":{\"@id\":\"https:\/\/ledsolintel.com\/#website\"},\"primaryImageOfPage\":{\"@id\":\"https:\/\/ledsolintel.com\/product\/ventilador-con-luz-palk-de-faro\/#primaryimage\"},\"image\":{\"@id\":\"https:\/\/ledsolintel.com\/product\/ventilador-con-luz-palk-de-faro\/#primaryimage\"},\"thumbnailUrl\":\"https:\/\/ledsolintel.com\/wp-content\/uploads\/2016\/04\/6631-Ventilador-con-luz-PALK-de-Faro.jpg\",\"datePublished\":\"2016-04-22T06:02:26+00:00\",\"description\":\"Con un dise\u00f1o que conjuga la madera con el n\u00edquel, el ventilador con luz Palk de Faro Barcelona permite a\u00f1adir dos potentes bombillas LED\",\"breadcrumb\":{\"@id\":\"https:\/\/ledsolintel.com\/product\/ventilador-con-luz-palk-de-faro\/#breadcrumb\"},\"inLanguage\":\"fr-FR\",\"potentialAction\":[{\"@type\":\"ReadAction\",\"target\":[\"https:\/\/ledsolintel.com\/product\/ventilador-con-luz-palk-de-faro\/\"]}]},{\"@type\":\"ImageObject\",\"inLanguage\":\"fr-FR\",\"@id\":\"https:\/\/ledsolintel.com\/product\/ventilador-con-luz-palk-de-faro\/#primaryimage\",\"url\":\"https:\/\/ledsolintel.com\/wp-content\/uploads\/2016\/04\/6631-Ventilador-con-luz-PALK-de-Faro.jpg\",\"contentUrl\":\"https:\/\/ledsolintel.com\/wp-content\/uploads\/2016\/04\/6631-Ventilador-con-luz-PALK-de-Faro.jpg\",\"caption\":\"Ventilador con luz PALK de Faro\"},{\"@type\":\"BreadcrumbList\",\"@id\":\"https:\/\/ledsolintel.com\/product\/ventilador-con-luz-palk-de-faro\/#breadcrumb\",\"itemListElement\":[{\"@type\":\"ListItem\",\"position\":1,\"name\":\"Portada\",\"item\":\"https:\/\/ledsolintel.com\/fr\/\"},{\"@type\":\"ListItem\",\"position\":2,\"name\":\"Tienda\",\"item\":\"https:\/\/ledsolintel.com\/tienda\/\"},{\"@type\":\"ListItem\",\"position\":3,\"name\":\"Ventilador con luz PALK de Faro Barcelona\"}]},{\"@type\":\"WebSite\",\"@id\":\"https:\/\/ledsolintel.com\/#website\",\"url\":\"https:\/\/ledsolintel.com\/\",\"name\":\"Webmenaje\",\"description\":\"Tienda de bombillas y l\u00e1mparas LED para profesionales\",\"publisher\":{\"@id\":\"https:\/\/ledsolintel.com\/#organization\"},\"potentialAction\":[{\"@type\":\"SearchAction\",\"target\":{\"@type\":\"EntryPoint\",\"urlTemplate\":\"https:\/\/ledsolintel.com\/?s={search_term_string}\"},\"query-input\":{\"@type\":\"PropertyValueSpecification\",\"valueRequired\":true,\"valueName\":\"search_term_string\"}}],\"inLanguage\":\"fr-FR\"},{\"@type\":\"Organization\",\"@id\":\"https:\/\/ledsolintel.com\/#organization\",\"name\":\"Solintel Noroeste, S.L.\",\"url\":\"https:\/\/ledsolintel.com\/\",\"logo\":{\"@type\":\"ImageObject\",\"inLanguage\":\"fr-FR\",\"@id\":\"https:\/\/ledsolintel.com\/#\/schema\/logo\/image\/\",\"url\":\"https:\/\/ledsolintel.com\/wp-content\/uploads\/2024\/11\/webmenaje-logo-1508269066.jpg\",\"contentUrl\":\"https:\/\/ledsolintel.com\/wp-content\/uploads\/2024\/11\/webmenaje-logo-1508269066.jpg\",\"width\":370,\"height\":90,\"caption\":\"Solintel Noroeste, S.L.\"},\"image\":{\"@id\":\"https:\/\/ledsolintel.com\/#\/schema\/logo\/image\/\"},\"sameAs\":[\"http:\/\/www.facebook.com\/webmenaje\",\"https:\/\/x.com\/webmenaje\",\"https:\/\/www.youtube.com\/channel\/UCX2KoVoeCG4LocZjUc6LmSQ\",\"http:\/\/www.pinterest.com\/webmenaje\"]}]}<\/script>\n<!-- \/ Yoast SEO plugin. -->","yoast_head_json":{"title":"Ventilateur PALK avec lumi\u00e8re par Faro Barcelona","description":"Con un dise\u00f1o que conjuga la madera con el n\u00edquel, el ventilador con luz Palk de Faro Barcelona permite a\u00f1adir dos potentes bombillas LED","robots":{"index":"index","follow":"follow","max-snippet":"max-snippet:-1","max-image-preview":"max-image-preview:large","max-video-preview":"max-video-preview:-1"},"canonical":"https:\/\/ledsolintel.com\/fr\/produit-2\/ventilador-con-luz-palk-de-faro\/","og_locale":"fr_FR","og_type":"article","og_title":"Ventilador con luz PALK de Faro Barcelona","og_description":"Con un dise\u00f1o que conjuga la madera con el n\u00edquel, el ventilador con luz Palk de Faro Barcelona permite a\u00f1adir dos potentes bombillas LED","og_url":"https:\/\/ledsolintel.com\/fr\/produit-2\/ventilador-con-luz-palk-de-faro\/","og_site_name":"Ledsolintel","article_publisher":"http:\/\/www.facebook.com\/webmenaje","og_image":[{"url":"https:\/\/ledsolintel.com\/wp-content\/uploads\/2016\/04\/6631-Ventilador-con-luz-PALK-de-Faro.jpg","width":1,"height":1,"type":"image\/jpeg"}],"twitter_card":"summary_large_image","twitter_site":"@webmenaje","schema":{"@context":"https:\/\/schema.org","@graph":[{"@type":"WebPage","@id":"https:\/\/ledsolintel.com\/product\/ventilador-con-luz-palk-de-faro\/","url":"https:\/\/ledsolintel.com\/product\/ventilador-con-luz-palk-de-faro\/","name":"Ventilateur PALK avec lumi\u00e8re par Faro Barcelona","isPartOf":{"@id":"https:\/\/ledsolintel.com\/#website"},"primaryImageOfPage":{"@id":"https:\/\/ledsolintel.com\/product\/ventilador-con-luz-palk-de-faro\/#primaryimage"},"image":{"@id":"https:\/\/ledsolintel.com\/product\/ventilador-con-luz-palk-de-faro\/#primaryimage"},"thumbnailUrl":"https:\/\/ledsolintel.com\/wp-content\/uploads\/2016\/04\/6631-Ventilador-con-luz-PALK-de-Faro.jpg","datePublished":"2016-04-22T06:02:26+00:00","description":"Con un dise\u00f1o que conjuga la madera con el n\u00edquel, el ventilador con luz Palk de Faro Barcelona permite a\u00f1adir dos potentes bombillas LED","breadcrumb":{"@id":"https:\/\/ledsolintel.com\/product\/ventilador-con-luz-palk-de-faro\/#breadcrumb"},"inLanguage":"fr-FR","potentialAction":[{"@type":"ReadAction","target":["https:\/\/ledsolintel.com\/product\/ventilador-con-luz-palk-de-faro\/"]}]},{"@type":"ImageObject","inLanguage":"fr-FR","@id":"https:\/\/ledsolintel.com\/product\/ventilador-con-luz-palk-de-faro\/#primaryimage","url":"https:\/\/ledsolintel.com\/wp-content\/uploads\/2016\/04\/6631-Ventilador-con-luz-PALK-de-Faro.jpg","contentUrl":"https:\/\/ledsolintel.com\/wp-content\/uploads\/2016\/04\/6631-Ventilador-con-luz-PALK-de-Faro.jpg","caption":"Ventilador con luz PALK de Faro"},{"@type":"BreadcrumbList","@id":"https:\/\/ledsolintel.com\/product\/ventilador-con-luz-palk-de-faro\/#breadcrumb","itemListElement":[{"@type":"ListItem","position":1,"name":"Portada","item":"https:\/\/ledsolintel.com\/fr\/"},{"@type":"ListItem","position":2,"name":"Tienda","item":"https:\/\/ledsolintel.com\/tienda\/"},{"@type":"ListItem","position":3,"name":"Ventilador con luz PALK de Faro Barcelona"}]},{"@type":"WebSite","@id":"https:\/\/ledsolintel.com\/#website","url":"https:\/\/ledsolintel.com\/","name":"Webmenaje","description":"Magasin d'ampoules et de lampes LED pour les professionnels","publisher":{"@id":"https:\/\/ledsolintel.com\/#organization"},"potentialAction":[{"@type":"SearchAction","target":{"@type":"EntryPoint","urlTemplate":"https:\/\/ledsolintel.com\/?s={search_term_string}"},"query-input":{"@type":"PropertyValueSpecification","valueRequired":true,"valueName":"search_term_string"}}],"inLanguage":"fr-FR"},{"@type":"Organization","@id":"https:\/\/ledsolintel.com\/#organization","name":"Solintel Noroeste, S.L.","url":"https:\/\/ledsolintel.com\/","logo":{"@type":"ImageObject","inLanguage":"fr-FR","@id":"https:\/\/ledsolintel.com\/#\/schema\/logo\/image\/","url":"https:\/\/ledsolintel.com\/wp-content\/uploads\/2024\/11\/webmenaje-logo-1508269066.jpg","contentUrl":"https:\/\/ledsolintel.com\/wp-content\/uploads\/2024\/11\/webmenaje-logo-1508269066.jpg","width":370,"height":90,"caption":"Solintel Noroeste, S.L."},"image":{"@id":"https:\/\/ledsolintel.com\/#\/schema\/logo\/image\/"},"sameAs":["http:\/\/www.facebook.com\/webmenaje","https:\/\/x.com\/webmenaje","https:\/\/www.youtube.com\/channel\/UCX2KoVoeCG4LocZjUc6LmSQ","http:\/\/www.pinterest.com\/webmenaje"]}]}},"_links":{"self":[{"href":"https:\/\/ledsolintel.com\/fr\/wp-json\/wp\/v2\/product\/240229","targetHints":{"allow":["GET"]}}],"collection":[{"href":"https:\/\/ledsolintel.com\/fr\/wp-json\/wp\/v2\/product"}],"about":[{"href":"https:\/\/ledsolintel.com\/fr\/wp-json\/wp\/v2\/types\/product"}],"version-history":[{"count":0,"href":"https:\/\/ledsolintel.com\/fr\/wp-json\/wp\/v2\/product\/240229\/revisions"}],"wp:featuredmedia":[{"embeddable":true,"href":"https:\/\/ledsolintel.com\/fr\/wp-json\/wp\/v2\/media\/240224"}],"wp:attachment":[{"href":"https:\/\/ledsolintel.com\/fr\/wp-json\/wp\/v2\/media?parent=240229"}],"wp:term":[{"taxonomy":"product_brand","embeddable":true,"href":"https:\/\/ledsolintel.com\/fr\/wp-json\/wp\/v2\/product_brand?post=240229"},{"taxonomy":"product_cat","embeddable":true,"href":"https:\/\/ledsolintel.com\/fr\/wp-json\/wp\/v2\/product_cat?post=240229"},{"taxonomy":"product_tag","embeddable":true,"href":"https:\/\/ledsolintel.com\/fr\/wp-json\/wp\/v2\/product_tag?post=240229"}],"curies":[{"name":"wp","href":"https:\/\/api.w.org\/{rel}","templated":true}]}}