{"id":240205,"date":"2016-04-22T08:02:26","date_gmt":"2016-04-22T06:02:26","guid":{"rendered":"https:\/\/nueva.ledsolintel.com\/product\/ventilador-con-luz-vulcano-de-faro\/"},"modified":"2016-04-22T08:02:26","modified_gmt":"2016-04-22T06:02:26","slug":"ventilateur-avec-lampe-frontale-vulcano","status":"publish","type":"product","link":"https:\/\/ledsolintel.com\/fr\/produit-2\/ventilateur-avec-lampe-frontale-vulcano\/","title":{"rendered":"Ventilateur VULCANO avec lumi\u00e8re par Faro Barcelona"},"content":{"rendered":"<h3>Caract\u00e9ristiques :<\/h3>\n<p>Ventilateur :<\/p>\n<ul>\n<li>Fabriqu\u00e9 en acier, ABS et verre opale.<\/li>\n<li>3 lames<\/li>\n<li>Diam\u00e8tre : 1,52 m<\/li>\n<li>Couleur de la carrosserie : blanc<\/li>\n<li>Couleur des lames : blanc<\/li>\n<li>RPM : 80 \u00e0 181 (6 vitesses)<\/li>\n<li>Puissance : 6 \u00e0 27W<\/li>\n<li>Tension : 220-240V<\/li>\n<li>Poids : 8,66 kg<\/li>\n<li>D\u00e9bit d'air : jusqu'\u00e0 189 m3\/minute<\/li>\n<\/ul>\n<p>\u00a0<\/p>\n<p>Lampe<\/p>\n<ul>\n<li>LED SMD<\/li>\n<li>Puissance : 25W<\/li>\n<li>Couleur de la lumi\u00e8re : blanc chaud 3000K<\/li>\n<li>Luminosit\u00e9 : 2200 lumens<\/li>\n<li>R\u00e9glable<\/li>\n<\/ul>","protected":false},"excerpt":{"rendered":"<p>Avec son design blanc simple \u00e0 trois pales, le ventilateur Vulcano de Faro allie des fonctions d\u00e9coratives \u00e0 une puissante lumi\u00e8re LED graduable, qui peut fonctionner comme une source de lumi\u00e8re \u00e0 part enti\u00e8re, ce qui lui conf\u00e8re une grande polyvalence fonctionnelle.<\/p>","protected":false},"featured_media":240201,"template":"","meta":[],"product_brand":[99359],"product_cat":[99641,99899],"product_tag":[],"class_list":{"0":"post-240205","1":"product","2":"type-product","3":"status-publish","4":"has-post-thumbnail","6":"product_brand-faro-barcelona","7":"product_cat-ventiladores-grandes","8":"product_cat-ventiladores-con-luz-grandes","11":"outofstock","12":"taxable","13":"shipping-taxable","14":"purchasable","15":"product-type-simple"},"yoast_head":"<!-- This site is optimized with the Yoast SEO plugin v26.6 - https:\/\/yoast.com\/wordpress\/plugins\/seo\/ -->\n<title>Ventilador con luz VULCANO de Faro Barcelona<\/title>\n<meta name=\"description\" content=\"Sencillo dise\u00f1o de 3 palas y color blanco. Combina las funciones decorativas con una potente luz LED\" \/>\n<meta name=\"robots\" content=\"index, follow, max-snippet:-1, max-image-preview:large, max-video-preview:-1\" \/>\n<link rel=\"canonical\" href=\"https:\/\/ledsolintel.com\/fr\/produit-2\/ventilateur-avec-lampe-frontale-vulcano\/\" \/>\n<meta property=\"og:locale\" content=\"fr_FR\" \/>\n<meta property=\"og:type\" content=\"article\" \/>\n<meta property=\"og:title\" content=\"Ventilador con luz VULCANO de Faro Barcelona\" \/>\n<meta property=\"og:description\" content=\"Sencillo dise\u00f1o de 3 palas y color blanco. Combina las funciones decorativas con una potente luz LED\" \/>\n<meta property=\"og:url\" content=\"https:\/\/ledsolintel.com\/fr\/produit-2\/ventilateur-avec-lampe-frontale-vulcano\/\" \/>\n<meta property=\"og:site_name\" content=\"Ledsolintel\" \/>\n<meta property=\"article:publisher\" content=\"http:\/\/www.facebook.com\/webmenaje\" \/>\n<meta property=\"og:image\" content=\"https:\/\/ledsolintel.com\/wp-content\/uploads\/2016\/04\/6612-Ventilador-con-luz-VULCANO-de-Faro.jpg\" \/>\n\t<meta property=\"og:image:width\" content=\"1\" \/>\n\t<meta property=\"og:image:height\" content=\"1\" \/>\n\t<meta property=\"og:image:type\" content=\"image\/jpeg\" \/>\n<meta name=\"twitter:card\" content=\"summary_large_image\" \/>\n<meta name=\"twitter:site\" content=\"@webmenaje\" \/>\n<script type=\"application\/ld+json\" class=\"yoast-schema-graph\">{\"@context\":\"https:\/\/schema.org\",\"@graph\":[{\"@type\":\"WebPage\",\"@id\":\"https:\/\/ledsolintel.com\/fr\/product\/ventilador-con-luz-vulcano-de-faro\/\",\"url\":\"https:\/\/ledsolintel.com\/fr\/product\/ventilador-con-luz-vulcano-de-faro\/\",\"name\":\"Ventilador con luz VULCANO de Faro Barcelona\",\"isPartOf\":{\"@id\":\"https:\/\/ledsolintel.com\/#website\"},\"primaryImageOfPage\":{\"@id\":\"https:\/\/ledsolintel.com\/fr\/product\/ventilador-con-luz-vulcano-de-faro\/#primaryimage\"},\"image\":{\"@id\":\"https:\/\/ledsolintel.com\/fr\/product\/ventilador-con-luz-vulcano-de-faro\/#primaryimage\"},\"thumbnailUrl\":\"https:\/\/ledsolintel.com\/wp-content\/uploads\/2016\/04\/6612-Ventilador-con-luz-VULCANO-de-Faro.jpg\",\"datePublished\":\"2016-04-22T06:02:26+00:00\",\"description\":\"Sencillo dise\u00f1o de 3 palas y color blanco. Combina las funciones decorativas con una potente luz LED\",\"breadcrumb\":{\"@id\":\"https:\/\/ledsolintel.com\/fr\/product\/ventilador-con-luz-vulcano-de-faro\/#breadcrumb\"},\"inLanguage\":\"fr-FR\",\"potentialAction\":[{\"@type\":\"ReadAction\",\"target\":[\"https:\/\/ledsolintel.com\/fr\/product\/ventilador-con-luz-vulcano-de-faro\/\"]}]},{\"@type\":\"ImageObject\",\"inLanguage\":\"fr-FR\",\"@id\":\"https:\/\/ledsolintel.com\/fr\/product\/ventilador-con-luz-vulcano-de-faro\/#primaryimage\",\"url\":\"https:\/\/ledsolintel.com\/wp-content\/uploads\/2016\/04\/6612-Ventilador-con-luz-VULCANO-de-Faro.jpg\",\"contentUrl\":\"https:\/\/ledsolintel.com\/wp-content\/uploads\/2016\/04\/6612-Ventilador-con-luz-VULCANO-de-Faro.jpg\",\"caption\":\"Ventilador con luz VULCANO de Faro\"},{\"@type\":\"BreadcrumbList\",\"@id\":\"https:\/\/ledsolintel.com\/fr\/product\/ventilador-con-luz-vulcano-de-faro\/#breadcrumb\",\"itemListElement\":[{\"@type\":\"ListItem\",\"position\":1,\"name\":\"Portada\",\"item\":\"https:\/\/ledsolintel.com\/fr\/\"},{\"@type\":\"ListItem\",\"position\":2,\"name\":\"Tienda\",\"item\":\"https:\/\/ledsolintel.com\/tienda\/\"},{\"@type\":\"ListItem\",\"position\":3,\"name\":\"Ventilador con luz VULCANO de Faro Barcelona\"}]},{\"@type\":\"WebSite\",\"@id\":\"https:\/\/ledsolintel.com\/#website\",\"url\":\"https:\/\/ledsolintel.com\/\",\"name\":\"Webmenaje\",\"description\":\"Tienda de bombillas y l\u00e1mparas LED para profesionales\",\"publisher\":{\"@id\":\"https:\/\/ledsolintel.com\/#organization\"},\"potentialAction\":[{\"@type\":\"SearchAction\",\"target\":{\"@type\":\"EntryPoint\",\"urlTemplate\":\"https:\/\/ledsolintel.com\/?s={search_term_string}\"},\"query-input\":{\"@type\":\"PropertyValueSpecification\",\"valueRequired\":true,\"valueName\":\"search_term_string\"}}],\"inLanguage\":\"fr-FR\"},{\"@type\":\"Organization\",\"@id\":\"https:\/\/ledsolintel.com\/#organization\",\"name\":\"Solintel Noroeste, S.L.\",\"url\":\"https:\/\/ledsolintel.com\/\",\"logo\":{\"@type\":\"ImageObject\",\"inLanguage\":\"fr-FR\",\"@id\":\"https:\/\/ledsolintel.com\/#\/schema\/logo\/image\/\",\"url\":\"https:\/\/ledsolintel.com\/wp-content\/uploads\/2024\/11\/webmenaje-logo-1508269066.jpg\",\"contentUrl\":\"https:\/\/ledsolintel.com\/wp-content\/uploads\/2024\/11\/webmenaje-logo-1508269066.jpg\",\"width\":370,\"height\":90,\"caption\":\"Solintel Noroeste, S.L.\"},\"image\":{\"@id\":\"https:\/\/ledsolintel.com\/#\/schema\/logo\/image\/\"},\"sameAs\":[\"http:\/\/www.facebook.com\/webmenaje\",\"https:\/\/x.com\/webmenaje\",\"https:\/\/www.youtube.com\/channel\/UCX2KoVoeCG4LocZjUc6LmSQ\",\"http:\/\/www.pinterest.com\/webmenaje\"]}]}<\/script>\n<!-- \/ Yoast SEO plugin. -->","yoast_head_json":{"title":"Ventilateur VULCANO avec lumi\u00e8re par Faro Barcelona","description":"Design simple \u00e0 3 lames en blanc. Combine des fonctions d\u00e9coratives avec une puissante lumi\u00e8re LED.","robots":{"index":"index","follow":"follow","max-snippet":"max-snippet:-1","max-image-preview":"max-image-preview:large","max-video-preview":"max-video-preview:-1"},"canonical":"https:\/\/ledsolintel.com\/fr\/produit-2\/ventilateur-avec-lampe-frontale-vulcano\/","og_locale":"fr_FR","og_type":"article","og_title":"Ventilador con luz VULCANO de Faro Barcelona","og_description":"Sencillo dise\u00f1o de 3 palas y color blanco. Combina las funciones decorativas con una potente luz LED","og_url":"https:\/\/ledsolintel.com\/fr\/produit-2\/ventilateur-avec-lampe-frontale-vulcano\/","og_site_name":"Ledsolintel","article_publisher":"http:\/\/www.facebook.com\/webmenaje","og_image":[{"url":"https:\/\/ledsolintel.com\/wp-content\/uploads\/2016\/04\/6612-Ventilador-con-luz-VULCANO-de-Faro.jpg","width":1,"height":1,"type":"image\/jpeg"}],"twitter_card":"summary_large_image","twitter_site":"@webmenaje","schema":{"@context":"https:\/\/schema.org","@graph":[{"@type":"WebPage","@id":"https:\/\/ledsolintel.com\/fr\/product\/ventilador-con-luz-vulcano-de-faro\/","url":"https:\/\/ledsolintel.com\/fr\/product\/ventilador-con-luz-vulcano-de-faro\/","name":"Ventilateur VULCANO avec lumi\u00e8re par Faro Barcelona","isPartOf":{"@id":"https:\/\/ledsolintel.com\/#website"},"primaryImageOfPage":{"@id":"https:\/\/ledsolintel.com\/fr\/product\/ventilador-con-luz-vulcano-de-faro\/#primaryimage"},"image":{"@id":"https:\/\/ledsolintel.com\/fr\/product\/ventilador-con-luz-vulcano-de-faro\/#primaryimage"},"thumbnailUrl":"https:\/\/ledsolintel.com\/wp-content\/uploads\/2016\/04\/6612-Ventilador-con-luz-VULCANO-de-Faro.jpg","datePublished":"2016-04-22T06:02:26+00:00","description":"Design simple \u00e0 3 lames en blanc. Combine des fonctions d\u00e9coratives avec une puissante lumi\u00e8re LED.","breadcrumb":{"@id":"https:\/\/ledsolintel.com\/fr\/product\/ventilador-con-luz-vulcano-de-faro\/#breadcrumb"},"inLanguage":"fr-FR","potentialAction":[{"@type":"ReadAction","target":["https:\/\/ledsolintel.com\/fr\/product\/ventilador-con-luz-vulcano-de-faro\/"]}]},{"@type":"ImageObject","inLanguage":"fr-FR","@id":"https:\/\/ledsolintel.com\/fr\/product\/ventilador-con-luz-vulcano-de-faro\/#primaryimage","url":"https:\/\/ledsolintel.com\/wp-content\/uploads\/2016\/04\/6612-Ventilador-con-luz-VULCANO-de-Faro.jpg","contentUrl":"https:\/\/ledsolintel.com\/wp-content\/uploads\/2016\/04\/6612-Ventilador-con-luz-VULCANO-de-Faro.jpg","caption":"Ventilador con luz VULCANO de Faro"},{"@type":"BreadcrumbList","@id":"https:\/\/ledsolintel.com\/fr\/product\/ventilador-con-luz-vulcano-de-faro\/#breadcrumb","itemListElement":[{"@type":"ListItem","position":1,"name":"Portada","item":"https:\/\/ledsolintel.com\/fr\/"},{"@type":"ListItem","position":2,"name":"Tienda","item":"https:\/\/ledsolintel.com\/tienda\/"},{"@type":"ListItem","position":3,"name":"Ventilador con luz VULCANO de Faro Barcelona"}]},{"@type":"WebSite","@id":"https:\/\/ledsolintel.com\/#website","url":"https:\/\/ledsolintel.com\/","name":"Webmenaje","description":"Magasin d'ampoules et de lampes LED pour les professionnels","publisher":{"@id":"https:\/\/ledsolintel.com\/#organization"},"potentialAction":[{"@type":"SearchAction","target":{"@type":"EntryPoint","urlTemplate":"https:\/\/ledsolintel.com\/?s={search_term_string}"},"query-input":{"@type":"PropertyValueSpecification","valueRequired":true,"valueName":"search_term_string"}}],"inLanguage":"fr-FR"},{"@type":"Organization","@id":"https:\/\/ledsolintel.com\/#organization","name":"Solintel Noroeste, S.L.","url":"https:\/\/ledsolintel.com\/","logo":{"@type":"ImageObject","inLanguage":"fr-FR","@id":"https:\/\/ledsolintel.com\/#\/schema\/logo\/image\/","url":"https:\/\/ledsolintel.com\/wp-content\/uploads\/2024\/11\/webmenaje-logo-1508269066.jpg","contentUrl":"https:\/\/ledsolintel.com\/wp-content\/uploads\/2024\/11\/webmenaje-logo-1508269066.jpg","width":370,"height":90,"caption":"Solintel Noroeste, S.L."},"image":{"@id":"https:\/\/ledsolintel.com\/#\/schema\/logo\/image\/"},"sameAs":["http:\/\/www.facebook.com\/webmenaje","https:\/\/x.com\/webmenaje","https:\/\/www.youtube.com\/channel\/UCX2KoVoeCG4LocZjUc6LmSQ","http:\/\/www.pinterest.com\/webmenaje"]}]}},"_links":{"self":[{"href":"https:\/\/ledsolintel.com\/fr\/wp-json\/wp\/v2\/product\/240205","targetHints":{"allow":["GET"]}}],"collection":[{"href":"https:\/\/ledsolintel.com\/fr\/wp-json\/wp\/v2\/product"}],"about":[{"href":"https:\/\/ledsolintel.com\/fr\/wp-json\/wp\/v2\/types\/product"}],"version-history":[{"count":0,"href":"https:\/\/ledsolintel.com\/fr\/wp-json\/wp\/v2\/product\/240205\/revisions"}],"wp:featuredmedia":[{"embeddable":true,"href":"https:\/\/ledsolintel.com\/fr\/wp-json\/wp\/v2\/media\/240201"}],"wp:attachment":[{"href":"https:\/\/ledsolintel.com\/fr\/wp-json\/wp\/v2\/media?parent=240205"}],"wp:term":[{"taxonomy":"product_brand","embeddable":true,"href":"https:\/\/ledsolintel.com\/fr\/wp-json\/wp\/v2\/product_brand?post=240205"},{"taxonomy":"product_cat","embeddable":true,"href":"https:\/\/ledsolintel.com\/fr\/wp-json\/wp\/v2\/product_cat?post=240205"},{"taxonomy":"product_tag","embeddable":true,"href":"https:\/\/ledsolintel.com\/fr\/wp-json\/wp\/v2\/product_tag?post=240205"}],"curies":[{"name":"wp","href":"https:\/\/api.w.org\/{rel}","templated":true}]}}