{"id":240103,"date":"2016-02-02T15:22:32","date_gmt":"2016-02-02T14:22:32","guid":{"rendered":"https:\/\/nueva.ledsolintel.com\/product\/lampara-led-ar111-12w-conexion-gu10-de-roblan\/"},"modified":"2016-02-02T15:22:32","modified_gmt":"2016-02-02T14:22:32","slug":"lampe-led-ar111-12w-connection-gu10-de-roblan","status":"publish","type":"product","link":"https:\/\/ledsolintel.com\/fr\/produit-2\/lampe-led-ar111-12w-connection-gu10-de-roblan\/","title":{"rendered":"Roblan AR111 lampe LED 13W GU10 connexion"},"content":{"rendered":"<h1><strong>Lampe Roblan AR111 LED 13W<\/strong><\/h1>\n<p><strong>\u00a0<\/strong><\/p>\n<h3>Caract\u00e9ristiques :<\/h3>\n<ul>\n<li>Puissance : 13W<\/li>\n<li>Tension : 175 - 250V AC<\/li>\n<li>Luminosit\u00e9 : 1020 lm\u00a0<\/li>\n<li>Optique : 48<\/li>\n<li>Temp\u00e9rature de couleur :\n<ul>\n<li>blanc chaud 3000K \u00a0 \u00a0<\/li>\n<li>blanc froid 6000K<\/li>\n<\/ul>\n<\/li>\n<li>Dur\u00e9e de vie : 25 000 heures<\/li>\n<li>Protection IP20<\/li>\n<li>C.R.I. &gt;80<\/li>\n<li>Dimensions : 70 x <span>\u00d8<\/span>111 mm<\/li>\n<li>Facteur de puissance &gt;0,9<\/li>\n<\/ul>","protected":false},"excerpt":{"rendered":"<p>Nouvelle lampe LED AR111 de la gamme LED SKY. Derni\u00e8re g\u00e9n\u00e9ration. Excellente luminosit\u00e9 et haut rendu des couleurs, ce qui les rend adapt\u00e9es \u00e0 l'\u00e9clairage de locaux commerciaux de haut niveau. Egalement pour la maison. Ce type d'ampoule a un raccord GU10.\u00a0<\/p>","protected":false},"featured_media":240102,"template":"","meta":[],"product_brand":[99355],"product_cat":[99647],"product_tag":[],"class_list":{"0":"post-240103","1":"product","2":"type-product","3":"status-publish","4":"has-post-thumbnail","6":"product_brand-roblan","7":"product_cat-lamparas-ar111-conexion-gu10-y-g53","8":"pa_cct-3000k","9":"pa_cct-6000k","12":"instock","13":"taxable","14":"shipping-taxable","15":"purchasable","16":"product-type-variable","17":"has-default-attributes"},"yoast_head":"<!-- This site is optimized with the Yoast SEO plugin v26.6 - https:\/\/yoast.com\/wordpress\/plugins\/seo\/ -->\n<title>L\u00e1mpara LED AR111 13W conexi\u00f3n GU10 de Roblan<\/title>\n<meta name=\"description\" content=\"L\u00e1mpara LED AR111 gama LED SKY. Excelente luminosidad y alto rendimiento cromatico, para iluminaci\u00f3n de locales. Conexion GU10\" \/>\n<meta name=\"robots\" content=\"index, follow, max-snippet:-1, max-image-preview:large, max-video-preview:-1\" \/>\n<link rel=\"canonical\" href=\"https:\/\/ledsolintel.com\/fr\/produit-2\/lampe-led-ar111-12w-connection-gu10-de-roblan\/\" \/>\n<meta property=\"og:locale\" content=\"fr_FR\" \/>\n<meta property=\"og:type\" content=\"article\" \/>\n<meta property=\"og:title\" content=\"L\u00e1mpara LED AR111 13W conexi\u00f3n GU10 de Roblan\" \/>\n<meta property=\"og:description\" content=\"L\u00e1mpara LED AR111 gama LED SKY. Excelente luminosidad y alto rendimiento cromatico, para iluminaci\u00f3n de locales. Conexion GU10\" \/>\n<meta property=\"og:url\" content=\"https:\/\/ledsolintel.com\/fr\/produit-2\/lampe-led-ar111-12w-connection-gu10-de-roblan\/\" \/>\n<meta property=\"og:site_name\" content=\"Ledsolintel\" \/>\n<meta property=\"article:publisher\" content=\"http:\/\/www.facebook.com\/webmenaje\" \/>\n<meta property=\"og:image\" content=\"https:\/\/ledsolintel.com\/wp-content\/uploads\/2016\/02\/7567-Lampara-LED-AR111-13W-conexion-GU10-de-Roblan.jpg\" \/>\n\t<meta property=\"og:image:width\" content=\"1\" \/>\n\t<meta property=\"og:image:height\" content=\"1\" \/>\n\t<meta property=\"og:image:type\" content=\"image\/jpeg\" \/>\n<meta name=\"twitter:card\" content=\"summary_large_image\" \/>\n<meta name=\"twitter:site\" content=\"@webmenaje\" \/>\n<script type=\"application\/ld+json\" class=\"yoast-schema-graph\">{\"@context\":\"https:\/\/schema.org\",\"@graph\":[{\"@type\":\"WebPage\",\"@id\":\"https:\/\/ledsolintel.com\/product\/lampara-led-ar111-12w-conexion-gu10-de-roblan\/\",\"url\":\"https:\/\/ledsolintel.com\/product\/lampara-led-ar111-12w-conexion-gu10-de-roblan\/\",\"name\":\"L\u00e1mpara LED AR111 13W conexi\u00f3n GU10 de Roblan\",\"isPartOf\":{\"@id\":\"https:\/\/ledsolintel.com\/#website\"},\"primaryImageOfPage\":{\"@id\":\"https:\/\/ledsolintel.com\/product\/lampara-led-ar111-12w-conexion-gu10-de-roblan\/#primaryimage\"},\"image\":{\"@id\":\"https:\/\/ledsolintel.com\/product\/lampara-led-ar111-12w-conexion-gu10-de-roblan\/#primaryimage\"},\"thumbnailUrl\":\"https:\/\/ledsolintel.com\/wp-content\/uploads\/2016\/02\/7567-Lampara-LED-AR111-13W-conexion-GU10-de-Roblan.jpg\",\"datePublished\":\"2016-02-02T14:22:32+00:00\",\"description\":\"L\u00e1mpara LED AR111 gama LED SKY. Excelente luminosidad y alto rendimiento cromatico, para iluminaci\u00f3n de locales. Conexion GU10\",\"breadcrumb\":{\"@id\":\"https:\/\/ledsolintel.com\/product\/lampara-led-ar111-12w-conexion-gu10-de-roblan\/#breadcrumb\"},\"inLanguage\":\"fr-FR\",\"potentialAction\":[{\"@type\":\"ReadAction\",\"target\":[\"https:\/\/ledsolintel.com\/product\/lampara-led-ar111-12w-conexion-gu10-de-roblan\/\"]}]},{\"@type\":\"ImageObject\",\"inLanguage\":\"fr-FR\",\"@id\":\"https:\/\/ledsolintel.com\/product\/lampara-led-ar111-12w-conexion-gu10-de-roblan\/#primaryimage\",\"url\":\"https:\/\/ledsolintel.com\/wp-content\/uploads\/2016\/02\/7567-Lampara-LED-AR111-13W-conexion-GU10-de-Roblan.jpg\",\"contentUrl\":\"https:\/\/ledsolintel.com\/wp-content\/uploads\/2016\/02\/7567-Lampara-LED-AR111-13W-conexion-GU10-de-Roblan.jpg\",\"caption\":\"L\u00e1mpara LED AR111 13W conexi\u00f3n GU10 de Roblan\"},{\"@type\":\"BreadcrumbList\",\"@id\":\"https:\/\/ledsolintel.com\/product\/lampara-led-ar111-12w-conexion-gu10-de-roblan\/#breadcrumb\",\"itemListElement\":[{\"@type\":\"ListItem\",\"position\":1,\"name\":\"Portada\",\"item\":\"https:\/\/ledsolintel.com\/fr\/\"},{\"@type\":\"ListItem\",\"position\":2,\"name\":\"Tienda\",\"item\":\"https:\/\/ledsolintel.com\/tienda\/\"},{\"@type\":\"ListItem\",\"position\":3,\"name\":\"L\u00e1mpara LED AR111 13W conexi\u00f3n GU10 de Roblan\"}]},{\"@type\":\"WebSite\",\"@id\":\"https:\/\/ledsolintel.com\/#website\",\"url\":\"https:\/\/ledsolintel.com\/\",\"name\":\"Webmenaje\",\"description\":\"Tienda de bombillas y l\u00e1mparas LED para profesionales\",\"publisher\":{\"@id\":\"https:\/\/ledsolintel.com\/#organization\"},\"potentialAction\":[{\"@type\":\"SearchAction\",\"target\":{\"@type\":\"EntryPoint\",\"urlTemplate\":\"https:\/\/ledsolintel.com\/?s={search_term_string}\"},\"query-input\":{\"@type\":\"PropertyValueSpecification\",\"valueRequired\":true,\"valueName\":\"search_term_string\"}}],\"inLanguage\":\"fr-FR\"},{\"@type\":\"Organization\",\"@id\":\"https:\/\/ledsolintel.com\/#organization\",\"name\":\"Solintel Noroeste, S.L.\",\"url\":\"https:\/\/ledsolintel.com\/\",\"logo\":{\"@type\":\"ImageObject\",\"inLanguage\":\"fr-FR\",\"@id\":\"https:\/\/ledsolintel.com\/#\/schema\/logo\/image\/\",\"url\":\"https:\/\/ledsolintel.com\/wp-content\/uploads\/2024\/11\/webmenaje-logo-1508269066.jpg\",\"contentUrl\":\"https:\/\/ledsolintel.com\/wp-content\/uploads\/2024\/11\/webmenaje-logo-1508269066.jpg\",\"width\":370,\"height\":90,\"caption\":\"Solintel Noroeste, S.L.\"},\"image\":{\"@id\":\"https:\/\/ledsolintel.com\/#\/schema\/logo\/image\/\"},\"sameAs\":[\"http:\/\/www.facebook.com\/webmenaje\",\"https:\/\/x.com\/webmenaje\",\"https:\/\/www.youtube.com\/channel\/UCX2KoVoeCG4LocZjUc6LmSQ\",\"http:\/\/www.pinterest.com\/webmenaje\"]}]}<\/script>\n<!-- \/ Yoast SEO plugin. -->","yoast_head_json":{"title":"Roblan AR111 lampe LED 13W GU10 connexion","description":"Lampe LED AR111, gamme LED SKY. Excellente luminosit\u00e9 et hautes performances chromatiques, pour l'\u00e9clairage local. Connexion GU10","robots":{"index":"index","follow":"follow","max-snippet":"max-snippet:-1","max-image-preview":"max-image-preview:large","max-video-preview":"max-video-preview:-1"},"canonical":"https:\/\/ledsolintel.com\/fr\/produit-2\/lampe-led-ar111-12w-connection-gu10-de-roblan\/","og_locale":"fr_FR","og_type":"article","og_title":"L\u00e1mpara LED AR111 13W conexi\u00f3n GU10 de Roblan","og_description":"L\u00e1mpara LED AR111 gama LED SKY. Excelente luminosidad y alto rendimiento cromatico, para iluminaci\u00f3n de locales. Conexion GU10","og_url":"https:\/\/ledsolintel.com\/fr\/produit-2\/lampe-led-ar111-12w-connection-gu10-de-roblan\/","og_site_name":"Ledsolintel","article_publisher":"http:\/\/www.facebook.com\/webmenaje","og_image":[{"url":"https:\/\/ledsolintel.com\/wp-content\/uploads\/2016\/02\/7567-Lampara-LED-AR111-13W-conexion-GU10-de-Roblan.jpg","width":1,"height":1,"type":"image\/jpeg"}],"twitter_card":"summary_large_image","twitter_site":"@webmenaje","schema":{"@context":"https:\/\/schema.org","@graph":[{"@type":"WebPage","@id":"https:\/\/ledsolintel.com\/product\/lampara-led-ar111-12w-conexion-gu10-de-roblan\/","url":"https:\/\/ledsolintel.com\/product\/lampara-led-ar111-12w-conexion-gu10-de-roblan\/","name":"Roblan AR111 lampe LED 13W GU10 connexion","isPartOf":{"@id":"https:\/\/ledsolintel.com\/#website"},"primaryImageOfPage":{"@id":"https:\/\/ledsolintel.com\/product\/lampara-led-ar111-12w-conexion-gu10-de-roblan\/#primaryimage"},"image":{"@id":"https:\/\/ledsolintel.com\/product\/lampara-led-ar111-12w-conexion-gu10-de-roblan\/#primaryimage"},"thumbnailUrl":"https:\/\/ledsolintel.com\/wp-content\/uploads\/2016\/02\/7567-Lampara-LED-AR111-13W-conexion-GU10-de-Roblan.jpg","datePublished":"2016-02-02T14:22:32+00:00","description":"Lampe LED AR111, gamme LED SKY. Excellente luminosit\u00e9 et hautes performances chromatiques, pour l'\u00e9clairage local. Connexion GU10","breadcrumb":{"@id":"https:\/\/ledsolintel.com\/product\/lampara-led-ar111-12w-conexion-gu10-de-roblan\/#breadcrumb"},"inLanguage":"fr-FR","potentialAction":[{"@type":"ReadAction","target":["https:\/\/ledsolintel.com\/product\/lampara-led-ar111-12w-conexion-gu10-de-roblan\/"]}]},{"@type":"ImageObject","inLanguage":"fr-FR","@id":"https:\/\/ledsolintel.com\/product\/lampara-led-ar111-12w-conexion-gu10-de-roblan\/#primaryimage","url":"https:\/\/ledsolintel.com\/wp-content\/uploads\/2016\/02\/7567-Lampara-LED-AR111-13W-conexion-GU10-de-Roblan.jpg","contentUrl":"https:\/\/ledsolintel.com\/wp-content\/uploads\/2016\/02\/7567-Lampara-LED-AR111-13W-conexion-GU10-de-Roblan.jpg","caption":"L\u00e1mpara LED AR111 13W conexi\u00f3n GU10 de Roblan"},{"@type":"BreadcrumbList","@id":"https:\/\/ledsolintel.com\/product\/lampara-led-ar111-12w-conexion-gu10-de-roblan\/#breadcrumb","itemListElement":[{"@type":"ListItem","position":1,"name":"Portada","item":"https:\/\/ledsolintel.com\/fr\/"},{"@type":"ListItem","position":2,"name":"Tienda","item":"https:\/\/ledsolintel.com\/tienda\/"},{"@type":"ListItem","position":3,"name":"L\u00e1mpara LED AR111 13W conexi\u00f3n GU10 de Roblan"}]},{"@type":"WebSite","@id":"https:\/\/ledsolintel.com\/#website","url":"https:\/\/ledsolintel.com\/","name":"Webmenaje","description":"Magasin d'ampoules et de lampes LED pour les professionnels","publisher":{"@id":"https:\/\/ledsolintel.com\/#organization"},"potentialAction":[{"@type":"SearchAction","target":{"@type":"EntryPoint","urlTemplate":"https:\/\/ledsolintel.com\/?s={search_term_string}"},"query-input":{"@type":"PropertyValueSpecification","valueRequired":true,"valueName":"search_term_string"}}],"inLanguage":"fr-FR"},{"@type":"Organization","@id":"https:\/\/ledsolintel.com\/#organization","name":"Solintel Noroeste, S.L.","url":"https:\/\/ledsolintel.com\/","logo":{"@type":"ImageObject","inLanguage":"fr-FR","@id":"https:\/\/ledsolintel.com\/#\/schema\/logo\/image\/","url":"https:\/\/ledsolintel.com\/wp-content\/uploads\/2024\/11\/webmenaje-logo-1508269066.jpg","contentUrl":"https:\/\/ledsolintel.com\/wp-content\/uploads\/2024\/11\/webmenaje-logo-1508269066.jpg","width":370,"height":90,"caption":"Solintel Noroeste, S.L."},"image":{"@id":"https:\/\/ledsolintel.com\/#\/schema\/logo\/image\/"},"sameAs":["http:\/\/www.facebook.com\/webmenaje","https:\/\/x.com\/webmenaje","https:\/\/www.youtube.com\/channel\/UCX2KoVoeCG4LocZjUc6LmSQ","http:\/\/www.pinterest.com\/webmenaje"]}]}},"_links":{"self":[{"href":"https:\/\/ledsolintel.com\/fr\/wp-json\/wp\/v2\/product\/240103","targetHints":{"allow":["GET"]}}],"collection":[{"href":"https:\/\/ledsolintel.com\/fr\/wp-json\/wp\/v2\/product"}],"about":[{"href":"https:\/\/ledsolintel.com\/fr\/wp-json\/wp\/v2\/types\/product"}],"version-history":[{"count":0,"href":"https:\/\/ledsolintel.com\/fr\/wp-json\/wp\/v2\/product\/240103\/revisions"}],"wp:featuredmedia":[{"embeddable":true,"href":"https:\/\/ledsolintel.com\/fr\/wp-json\/wp\/v2\/media\/240102"}],"wp:attachment":[{"href":"https:\/\/ledsolintel.com\/fr\/wp-json\/wp\/v2\/media?parent=240103"}],"wp:term":[{"taxonomy":"product_brand","embeddable":true,"href":"https:\/\/ledsolintel.com\/fr\/wp-json\/wp\/v2\/product_brand?post=240103"},{"taxonomy":"product_cat","embeddable":true,"href":"https:\/\/ledsolintel.com\/fr\/wp-json\/wp\/v2\/product_cat?post=240103"},{"taxonomy":"product_tag","embeddable":true,"href":"https:\/\/ledsolintel.com\/fr\/wp-json\/wp\/v2\/product_tag?post=240103"}],"curies":[{"name":"wp","href":"https:\/\/api.w.org\/{rel}","templated":true}]}}