{"id":240018,"date":"2015-10-11T04:33:47","date_gmt":"2015-10-11T02:33:47","guid":{"rendered":"https:\/\/nueva.ledsolintel.com\/product\/led-sky-a60-9w-o-10w-e27-de-roblan\/"},"modified":"2025-12-15T12:17:04","modified_gmt":"2025-12-15T11:17:04","slug":"led-sky-a60-9w-o-10w-e27-de-roblan","status":"publish","type":"product","link":"https:\/\/ledsolintel.com\/fr\/produit-2\/led-sky-a60-9w-o-10w-e27-de-roblan\/","title":{"rendered":"Roblan SKY A60 8W LED Standard LED SKY A60 8W"},"content":{"rendered":"<h3>Caract\u00e9ristiques :<\/h3>\n<ul>\n<li>Potencia: 8 W*<\/li>\n<li>Tension : 100-240 V<\/li>\n<li>Luminosidad: 760 lm<\/li>\n<li>\u00d3ptica: 210\u00ba<\/li>\n<li>CCT :<\/li>\n<ul>\n<li>3000 K<\/li>\n<li>4000 K<\/li>\n<li>6500 K<\/li>\n<\/ul>\n<li>Dur\u00e9e de vie : 25000 h<\/li>\n<li>Protection IP20<\/li>\n<li>C.R.I. &gt; 80<\/li>\n<li>Medida exterior: 110 x 60 mm<\/li>\n<li>Facteur de puissance &gt; 0,8<\/li>\n<\/ul>\n<p>\u00a0<\/p>\n<p>*La bombilla LED SKY A60 con CCT = <strong>3000 K<\/strong> tiene una luminosidad similar pero <strong>7.5 W <\/strong><\/p>","protected":false},"excerpt":{"rendered":"<p>Las l\u00e1mparas LED SKY A60 de Roblan sustituyen a bombillas est\u00e1ndar y ahorran energ\u00eda sin p\u00e9rdida de calidad.<\/p>\n<p>Disponibles en blanco fr\u00edo, natural y c\u00e1lido<\/p>","protected":false},"featured_media":240015,"template":"","meta":[],"product_brand":[99355],"product_cat":[99571,99607,99893],"product_tag":[],"class_list":{"0":"post-240018","1":"product","2":"type-product","3":"status-publish","4":"has-post-thumbnail","6":"product_brand-roblan","7":"product_cat-bombillas-led","8":"product_cat-bombillas-led-de-rosca-e14-e27-y-e40","9":"product_cat-bombillas-led-estandar","10":"pa_altura-110mm","11":"pa_cct-3000k","12":"pa_cct-4000k","13":"pa_cct-6500k","14":"pa_ciclosonoff-101218","15":"pa_cri-101172","16":"pa_diametro-60mm","17":"pa_frecuencia-50_60hz","18":"pa_luminosidad-830lm","19":"pa_optica-101177","20":"pa_pf-0_8","21":"pa_potencia-7_5w","22":"pa_proteccionip-ip20","23":"pa_vidautil-25000h","24":"pa_voltaje-100_240v","27":"instock","28":"taxable","29":"shipping-taxable","30":"purchasable","31":"product-type-variable","32":"has-default-attributes"},"yoast_head":"<!-- This site is optimized with the Yoast SEO plugin v27.4 - https:\/\/yoast.com\/product\/yoast-seo-wordpress\/ -->\n<title>COMPRESOR MINI COMPAC + BAL\u00d3N DE SALKI<\/title>\n<meta name=\"robots\" content=\"index, follow, max-snippet:-1, max-image-preview:large, max-video-preview:-1\" \/>\n<link rel=\"canonical\" href=\"https:\/\/ledsolintel.com\/fr\/produit-2\/led-sky-a60-9w-o-10w-e27-de-roblan\/\" \/>\n<meta property=\"og:locale\" content=\"fr_FR\" \/>\n<meta property=\"og:type\" content=\"article\" \/>\n<meta property=\"og:title\" content=\"COMPRESOR MINI COMPAC + BAL\u00d3N DE SALKI\" \/>\n<meta property=\"og:description\" content=\"Las l\u00e1mparas LED SKY A60 de Roblan sustituyen a bombillas est\u00e1ndar y ahorran energ\u00eda sin p\u00e9rdida de calidad. Disponibles en blanco fr\u00edo, natural y c\u00e1lido\" \/>\n<meta property=\"og:url\" content=\"https:\/\/ledsolintel.com\/fr\/produit-2\/led-sky-a60-9w-o-10w-e27-de-roblan\/\" \/>\n<meta property=\"og:site_name\" content=\"Ledsolintel\" \/>\n<meta property=\"article:publisher\" content=\"http:\/\/www.facebook.com\/webmenaje\" \/>\n<meta property=\"article:modified_time\" content=\"2025-12-15T11:17:04+00:00\" \/>\n<meta property=\"og:image\" content=\"https:\/\/ledsolintel.com\/wp-content\/uploads\/2015\/10\/1984-LED-SKY-A60-9W-o-10W-E27-de-Roblan.jpg\" \/>\n\t<meta property=\"og:image:width\" content=\"1\" \/>\n\t<meta property=\"og:image:height\" content=\"1\" \/>\n\t<meta property=\"og:image:type\" content=\"image\/jpeg\" \/>\n<meta name=\"twitter:card\" content=\"summary_large_image\" \/>\n<meta name=\"twitter:site\" content=\"@webmenaje\" \/>\n<script type=\"application\/ld+json\" class=\"yoast-schema-graph\">{\"@context\":\"https:\\\/\\\/schema.org\",\"@graph\":[{\"@type\":\"WebPage\",\"@id\":\"https:\\\/\\\/ledsolintel.com\\\/product\\\/led-sky-a60-9w-o-10w-e27-de-roblan\\\/\",\"url\":\"https:\\\/\\\/ledsolintel.com\\\/product\\\/led-sky-a60-9w-o-10w-e27-de-roblan\\\/\",\"name\":\"COMPRESOR MINI COMPAC + BAL\u00d3N DE SALKI\",\"isPartOf\":{\"@id\":\"https:\\\/\\\/ledsolintel.com\\\/#website\"},\"primaryImageOfPage\":{\"@id\":\"https:\\\/\\\/ledsolintel.com\\\/product\\\/led-sky-a60-9w-o-10w-e27-de-roblan\\\/#primaryimage\"},\"image\":{\"@id\":\"https:\\\/\\\/ledsolintel.com\\\/product\\\/led-sky-a60-9w-o-10w-e27-de-roblan\\\/#primaryimage\"},\"thumbnailUrl\":\"https:\\\/\\\/ledsolintel.com\\\/wp-content\\\/uploads\\\/2015\\\/10\\\/1984-LED-SKY-A60-9W-o-10W-E27-de-Roblan.jpg\",\"datePublished\":\"2015-10-11T02:33:47+00:00\",\"dateModified\":\"2025-12-15T11:17:04+00:00\",\"breadcrumb\":{\"@id\":\"https:\\\/\\\/ledsolintel.com\\\/product\\\/led-sky-a60-9w-o-10w-e27-de-roblan\\\/#breadcrumb\"},\"inLanguage\":\"fr-FR\",\"potentialAction\":[{\"@type\":\"ReadAction\",\"target\":[\"https:\\\/\\\/ledsolintel.com\\\/product\\\/led-sky-a60-9w-o-10w-e27-de-roblan\\\/\"]}]},{\"@type\":\"ImageObject\",\"inLanguage\":\"fr-FR\",\"@id\":\"https:\\\/\\\/ledsolintel.com\\\/product\\\/led-sky-a60-9w-o-10w-e27-de-roblan\\\/#primaryimage\",\"url\":\"https:\\\/\\\/ledsolintel.com\\\/wp-content\\\/uploads\\\/2015\\\/10\\\/1984-LED-SKY-A60-9W-o-10W-E27-de-Roblan.jpg\",\"contentUrl\":\"https:\\\/\\\/ledsolintel.com\\\/wp-content\\\/uploads\\\/2015\\\/10\\\/1984-LED-SKY-A60-9W-o-10W-E27-de-Roblan.jpg\",\"caption\":\"LED SKY A60 9W o 10W E27 de Roblan\"},{\"@type\":\"BreadcrumbList\",\"@id\":\"https:\\\/\\\/ledsolintel.com\\\/product\\\/led-sky-a60-9w-o-10w-e27-de-roblan\\\/#breadcrumb\",\"itemListElement\":[{\"@type\":\"ListItem\",\"position\":1,\"name\":\"Portada\",\"item\":\"https:\\\/\\\/ledsolintel.com\\\/fr\\\/\"},{\"@type\":\"ListItem\",\"position\":2,\"name\":\"Tienda\",\"item\":\"https:\\\/\\\/ledsolintel.com\\\/tienda\\\/\"},{\"@type\":\"ListItem\",\"position\":3,\"name\":\"Est\u00e1ndar LED SKY A60 8W de Roblan\"}]},{\"@type\":\"WebSite\",\"@id\":\"https:\\\/\\\/ledsolintel.com\\\/#website\",\"url\":\"https:\\\/\\\/ledsolintel.com\\\/\",\"name\":\"Webmenaje\",\"description\":\"Tienda de bombillas y l\u00e1mparas LED para profesionales\",\"publisher\":{\"@id\":\"https:\\\/\\\/ledsolintel.com\\\/#organization\"},\"potentialAction\":[{\"@type\":\"SearchAction\",\"target\":{\"@type\":\"EntryPoint\",\"urlTemplate\":\"https:\\\/\\\/ledsolintel.com\\\/?s={search_term_string}\"},\"query-input\":{\"@type\":\"PropertyValueSpecification\",\"valueRequired\":true,\"valueName\":\"search_term_string\"}}],\"inLanguage\":\"fr-FR\"},{\"@type\":\"Organization\",\"@id\":\"https:\\\/\\\/ledsolintel.com\\\/#organization\",\"name\":\"Solintel Noroeste, S.L.\",\"url\":\"https:\\\/\\\/ledsolintel.com\\\/\",\"logo\":{\"@type\":\"ImageObject\",\"inLanguage\":\"fr-FR\",\"@id\":\"https:\\\/\\\/ledsolintel.com\\\/#\\\/schema\\\/logo\\\/image\\\/\",\"url\":\"https:\\\/\\\/ledsolintel.com\\\/wp-content\\\/uploads\\\/2024\\\/11\\\/webmenaje-logo-1508269066.jpg\",\"contentUrl\":\"https:\\\/\\\/ledsolintel.com\\\/wp-content\\\/uploads\\\/2024\\\/11\\\/webmenaje-logo-1508269066.jpg\",\"width\":370,\"height\":90,\"caption\":\"Solintel Noroeste, S.L.\"},\"image\":{\"@id\":\"https:\\\/\\\/ledsolintel.com\\\/#\\\/schema\\\/logo\\\/image\\\/\"},\"sameAs\":[\"http:\\\/\\\/www.facebook.com\\\/webmenaje\",\"https:\\\/\\\/x.com\\\/webmenaje\",\"https:\\\/\\\/www.youtube.com\\\/channel\\\/UCX2KoVoeCG4LocZjUc6LmSQ\",\"http:\\\/\\\/www.pinterest.com\\\/webmenaje\"]}]}<\/script>\n<!-- \/ Yoast SEO plugin. -->","yoast_head_json":{"title":"COMPRESOR MINI COMPAC + BAL\u00d3N DE SALKI","robots":{"index":"index","follow":"follow","max-snippet":"max-snippet:-1","max-image-preview":"max-image-preview:large","max-video-preview":"max-video-preview:-1"},"canonical":"https:\/\/ledsolintel.com\/fr\/produit-2\/led-sky-a60-9w-o-10w-e27-de-roblan\/","og_locale":"fr_FR","og_type":"article","og_title":"COMPRESOR MINI COMPAC + BAL\u00d3N DE SALKI","og_description":"Las l\u00e1mparas LED SKY A60 de Roblan sustituyen a bombillas est\u00e1ndar y ahorran energ\u00eda sin p\u00e9rdida de calidad. Disponibles en blanco fr\u00edo, natural y c\u00e1lido","og_url":"https:\/\/ledsolintel.com\/fr\/produit-2\/led-sky-a60-9w-o-10w-e27-de-roblan\/","og_site_name":"Ledsolintel","article_publisher":"http:\/\/www.facebook.com\/webmenaje","article_modified_time":"2025-12-15T11:17:04+00:00","og_image":[{"url":"https:\/\/ledsolintel.com\/wp-content\/uploads\/2015\/10\/1984-LED-SKY-A60-9W-o-10W-E27-de-Roblan.jpg","width":1,"height":1,"type":"image\/jpeg"}],"twitter_card":"summary_large_image","twitter_site":"@webmenaje","schema":{"@context":"https:\/\/schema.org","@graph":[{"@type":"WebPage","@id":"https:\/\/ledsolintel.com\/product\/led-sky-a60-9w-o-10w-e27-de-roblan\/","url":"https:\/\/ledsolintel.com\/product\/led-sky-a60-9w-o-10w-e27-de-roblan\/","name":"COMPRESOR MINI COMPAC + BAL\u00d3N DE SALKI","isPartOf":{"@id":"https:\/\/ledsolintel.com\/#website"},"primaryImageOfPage":{"@id":"https:\/\/ledsolintel.com\/product\/led-sky-a60-9w-o-10w-e27-de-roblan\/#primaryimage"},"image":{"@id":"https:\/\/ledsolintel.com\/product\/led-sky-a60-9w-o-10w-e27-de-roblan\/#primaryimage"},"thumbnailUrl":"https:\/\/ledsolintel.com\/wp-content\/uploads\/2015\/10\/1984-LED-SKY-A60-9W-o-10W-E27-de-Roblan.jpg","datePublished":"2015-10-11T02:33:47+00:00","dateModified":"2025-12-15T11:17:04+00:00","breadcrumb":{"@id":"https:\/\/ledsolintel.com\/product\/led-sky-a60-9w-o-10w-e27-de-roblan\/#breadcrumb"},"inLanguage":"fr-FR","potentialAction":[{"@type":"ReadAction","target":["https:\/\/ledsolintel.com\/product\/led-sky-a60-9w-o-10w-e27-de-roblan\/"]}]},{"@type":"ImageObject","inLanguage":"fr-FR","@id":"https:\/\/ledsolintel.com\/product\/led-sky-a60-9w-o-10w-e27-de-roblan\/#primaryimage","url":"https:\/\/ledsolintel.com\/wp-content\/uploads\/2015\/10\/1984-LED-SKY-A60-9W-o-10W-E27-de-Roblan.jpg","contentUrl":"https:\/\/ledsolintel.com\/wp-content\/uploads\/2015\/10\/1984-LED-SKY-A60-9W-o-10W-E27-de-Roblan.jpg","caption":"LED SKY A60 9W o 10W E27 de Roblan"},{"@type":"BreadcrumbList","@id":"https:\/\/ledsolintel.com\/product\/led-sky-a60-9w-o-10w-e27-de-roblan\/#breadcrumb","itemListElement":[{"@type":"ListItem","position":1,"name":"Portada","item":"https:\/\/ledsolintel.com\/fr\/"},{"@type":"ListItem","position":2,"name":"Tienda","item":"https:\/\/ledsolintel.com\/tienda\/"},{"@type":"ListItem","position":3,"name":"Est\u00e1ndar LED SKY A60 8W de Roblan"}]},{"@type":"WebSite","@id":"https:\/\/ledsolintel.com\/#website","url":"https:\/\/ledsolintel.com\/","name":"Webmenaje","description":"Magasin d'ampoules et de lampes LED pour les professionnels","publisher":{"@id":"https:\/\/ledsolintel.com\/#organization"},"potentialAction":[{"@type":"SearchAction","target":{"@type":"EntryPoint","urlTemplate":"https:\/\/ledsolintel.com\/?s={search_term_string}"},"query-input":{"@type":"PropertyValueSpecification","valueRequired":true,"valueName":"search_term_string"}}],"inLanguage":"fr-FR"},{"@type":"Organization","@id":"https:\/\/ledsolintel.com\/#organization","name":"Solintel Noroeste, S.L.","url":"https:\/\/ledsolintel.com\/","logo":{"@type":"ImageObject","inLanguage":"fr-FR","@id":"https:\/\/ledsolintel.com\/#\/schema\/logo\/image\/","url":"https:\/\/ledsolintel.com\/wp-content\/uploads\/2024\/11\/webmenaje-logo-1508269066.jpg","contentUrl":"https:\/\/ledsolintel.com\/wp-content\/uploads\/2024\/11\/webmenaje-logo-1508269066.jpg","width":370,"height":90,"caption":"Solintel Noroeste, S.L."},"image":{"@id":"https:\/\/ledsolintel.com\/#\/schema\/logo\/image\/"},"sameAs":["http:\/\/www.facebook.com\/webmenaje","https:\/\/x.com\/webmenaje","https:\/\/www.youtube.com\/channel\/UCX2KoVoeCG4LocZjUc6LmSQ","http:\/\/www.pinterest.com\/webmenaje"]}]}},"_links":{"self":[{"href":"https:\/\/ledsolintel.com\/fr\/wp-json\/wp\/v2\/product\/240018","targetHints":{"allow":["GET"]}}],"collection":[{"href":"https:\/\/ledsolintel.com\/fr\/wp-json\/wp\/v2\/product"}],"about":[{"href":"https:\/\/ledsolintel.com\/fr\/wp-json\/wp\/v2\/types\/product"}],"version-history":[{"count":1,"href":"https:\/\/ledsolintel.com\/fr\/wp-json\/wp\/v2\/product\/240018\/revisions"}],"predecessor-version":[{"id":269583,"href":"https:\/\/ledsolintel.com\/fr\/wp-json\/wp\/v2\/product\/240018\/revisions\/269583"}],"wp:featuredmedia":[{"embeddable":true,"href":"https:\/\/ledsolintel.com\/fr\/wp-json\/wp\/v2\/media\/240015"}],"wp:attachment":[{"href":"https:\/\/ledsolintel.com\/fr\/wp-json\/wp\/v2\/media?parent=240018"}],"wp:term":[{"taxonomy":"product_brand","embeddable":true,"href":"https:\/\/ledsolintel.com\/fr\/wp-json\/wp\/v2\/product_brand?post=240018"},{"taxonomy":"product_cat","embeddable":true,"href":"https:\/\/ledsolintel.com\/fr\/wp-json\/wp\/v2\/product_cat?post=240018"},{"taxonomy":"product_tag","embeddable":true,"href":"https:\/\/ledsolintel.com\/fr\/wp-json\/wp\/v2\/product_tag?post=240018"}],"curies":[{"name":"wp","href":"https:\/\/api.w.org\/{rel}","templated":true}]}}