{"id":240003,"date":"2015-10-10T05:37:47","date_gmt":"2015-10-10T03:37:47","guid":{"rendered":"https:\/\/nueva.ledsolintel.com\/product\/compac-8w-220v-90-led-de-beneito-faure\/"},"modified":"2015-10-10T05:37:47","modified_gmt":"2015-10-10T03:37:47","slug":"compac-8w-220v-90-led-de-beneito-faure","status":"publish","type":"product","link":"https:\/\/ledsolintel.com\/fr\/produit-2\/compac-8w-220v-90-led-de-beneito-faure\/","title":{"rendered":"COMPAC C 8W DIMMABLE LED downlight by Beneito Faure"},"content":{"rendered":"<h3>Caract\u00e9ristiques :<\/h3>\n<ul>\n<li>Puissance : 8 W (avec variateur)<\/li>\n<li>Tension : 220 - 240 V<\/li>\n<li>Luminance : 660 lm<\/li>\n<li>Optique : 360<\/li>\n<li>CCT :<\/li>\n<ul>\n<li>2700 K<\/li>\n<li>3000 K<\/li>\n<li>4000 K<\/li>\n<\/ul>\n<li>Dur\u00e9e de vie : 25 000 h<\/li>\n<li>Protection IP44<\/li>\n<li>IRC &gt; 80<\/li>\n<li>Dimensions ext\u00e9rieures : 90 x 90 mm<\/li>\n<li>PF &gt; 0,8<\/li>\n<\/ul>","protected":false},"excerpt":{"rendered":"<p>Beneito Faure COMPAC LED 8W DIMMABLE downlight. R\u00e9sistant aux \u00e9claboussures, convient aux salles de bains et aux ext\u00e9rieurs prot\u00e9g\u00e9s de l'eau directe.<\/p>","protected":false},"featured_media":239998,"template":"","meta":[],"product_brand":[99357],"product_cat":[99575,99689],"product_tag":[],"class_list":{"0":"post-240003","1":"product","2":"type-product","3":"status-publish","4":"has-post-thumbnail","6":"product_brand-beneito-faure","7":"product_cat-iluminacion-para-jardines-y-exteriores","8":"product_cat-lamparas-de-techo-para-exterior","9":"pa_cct-3000k","10":"pa_cct-4000k","11":"pa_cct-2700k","14":"instock","15":"taxable","16":"shipping-taxable","17":"purchasable","18":"product-type-variable","19":"has-default-attributes"},"yoast_head":"<!-- This site is optimized with the Yoast SEO plugin v26.6 - https:\/\/yoast.com\/wordpress\/plugins\/seo\/ -->\n<title>Downlight COMPAC LED 8W DIMMABLE de Beneito Faure<\/title>\n<meta name=\"description\" content=\"Downlight COMPAC LED 8W DIMMABLE de Beneito Faure. Resistente a salpicaduras, apto para ba\u00f1os y exteriores protegidos del agua directa.\" \/>\n<meta name=\"robots\" content=\"index, follow, max-snippet:-1, max-image-preview:large, max-video-preview:-1\" \/>\n<link rel=\"canonical\" href=\"https:\/\/ledsolintel.com\/fr\/produit-2\/compac-8w-220v-90-led-de-beneito-faure\/\" \/>\n<meta property=\"og:locale\" content=\"fr_FR\" \/>\n<meta property=\"og:type\" content=\"article\" \/>\n<meta property=\"og:title\" content=\"Downlight COMPAC LED 8W DIMMABLE de Beneito Faure\" \/>\n<meta property=\"og:description\" content=\"Downlight COMPAC LED 8W DIMMABLE de Beneito Faure. Resistente a salpicaduras, apto para ba\u00f1os y exteriores protegidos del agua directa.\" \/>\n<meta property=\"og:url\" content=\"https:\/\/ledsolintel.com\/fr\/produit-2\/compac-8w-220v-90-led-de-beneito-faure\/\" \/>\n<meta property=\"og:site_name\" content=\"Ledsolintel\" \/>\n<meta property=\"article:publisher\" content=\"http:\/\/www.facebook.com\/webmenaje\" \/>\n<meta property=\"og:image\" content=\"https:\/\/ledsolintel.com\/wp-content\/uploads\/2015\/10\/12467-COMPAC-8W-220V-90o-DIMMABLE-LED-de-Beneito-Faure.jpg\" \/>\n\t<meta property=\"og:image:width\" content=\"1\" \/>\n\t<meta property=\"og:image:height\" content=\"1\" \/>\n\t<meta property=\"og:image:type\" content=\"image\/jpeg\" \/>\n<meta name=\"twitter:card\" content=\"summary_large_image\" \/>\n<meta name=\"twitter:site\" content=\"@webmenaje\" \/>\n<script type=\"application\/ld+json\" class=\"yoast-schema-graph\">{\"@context\":\"https:\/\/schema.org\",\"@graph\":[{\"@type\":\"WebPage\",\"@id\":\"https:\/\/ledsolintel.com\/product\/compac-8w-220v-90-led-de-beneito-faure\/\",\"url\":\"https:\/\/ledsolintel.com\/product\/compac-8w-220v-90-led-de-beneito-faure\/\",\"name\":\"Downlight COMPAC LED 8W DIMMABLE de Beneito Faure\",\"isPartOf\":{\"@id\":\"https:\/\/ledsolintel.com\/#website\"},\"primaryImageOfPage\":{\"@id\":\"https:\/\/ledsolintel.com\/product\/compac-8w-220v-90-led-de-beneito-faure\/#primaryimage\"},\"image\":{\"@id\":\"https:\/\/ledsolintel.com\/product\/compac-8w-220v-90-led-de-beneito-faure\/#primaryimage\"},\"thumbnailUrl\":\"https:\/\/ledsolintel.com\/wp-content\/uploads\/2015\/10\/12467-COMPAC-8W-220V-90o-DIMMABLE-LED-de-Beneito-Faure.jpg\",\"datePublished\":\"2015-10-10T03:37:47+00:00\",\"description\":\"Downlight COMPAC LED 8W DIMMABLE de Beneito Faure. Resistente a salpicaduras, apto para ba\u00f1os y exteriores protegidos del agua directa.\",\"breadcrumb\":{\"@id\":\"https:\/\/ledsolintel.com\/product\/compac-8w-220v-90-led-de-beneito-faure\/#breadcrumb\"},\"inLanguage\":\"fr-FR\",\"potentialAction\":[{\"@type\":\"ReadAction\",\"target\":[\"https:\/\/ledsolintel.com\/product\/compac-8w-220v-90-led-de-beneito-faure\/\"]}]},{\"@type\":\"ImageObject\",\"inLanguage\":\"fr-FR\",\"@id\":\"https:\/\/ledsolintel.com\/product\/compac-8w-220v-90-led-de-beneito-faure\/#primaryimage\",\"url\":\"https:\/\/ledsolintel.com\/wp-content\/uploads\/2015\/10\/12467-COMPAC-8W-220V-90o-DIMMABLE-LED-de-Beneito-Faure.jpg\",\"contentUrl\":\"https:\/\/ledsolintel.com\/wp-content\/uploads\/2015\/10\/12467-COMPAC-8W-220V-90o-DIMMABLE-LED-de-Beneito-Faure.jpg\",\"caption\":\"COMPAC 8W 220V 90\u00ba DIMMABLE LED de Beneito Faure\"},{\"@type\":\"BreadcrumbList\",\"@id\":\"https:\/\/ledsolintel.com\/product\/compac-8w-220v-90-led-de-beneito-faure\/#breadcrumb\",\"itemListElement\":[{\"@type\":\"ListItem\",\"position\":1,\"name\":\"Portada\",\"item\":\"https:\/\/ledsolintel.com\/fr\/\"},{\"@type\":\"ListItem\",\"position\":2,\"name\":\"Tienda\",\"item\":\"https:\/\/ledsolintel.com\/tienda\/\"},{\"@type\":\"ListItem\",\"position\":3,\"name\":\"Downlight LED COMPAC C 8W DIMMABLE de Beneito Faure\"}]},{\"@type\":\"WebSite\",\"@id\":\"https:\/\/ledsolintel.com\/#website\",\"url\":\"https:\/\/ledsolintel.com\/\",\"name\":\"Webmenaje\",\"description\":\"Tienda de bombillas y l\u00e1mparas LED para profesionales\",\"publisher\":{\"@id\":\"https:\/\/ledsolintel.com\/#organization\"},\"potentialAction\":[{\"@type\":\"SearchAction\",\"target\":{\"@type\":\"EntryPoint\",\"urlTemplate\":\"https:\/\/ledsolintel.com\/?s={search_term_string}\"},\"query-input\":{\"@type\":\"PropertyValueSpecification\",\"valueRequired\":true,\"valueName\":\"search_term_string\"}}],\"inLanguage\":\"fr-FR\"},{\"@type\":\"Organization\",\"@id\":\"https:\/\/ledsolintel.com\/#organization\",\"name\":\"Solintel Noroeste, S.L.\",\"url\":\"https:\/\/ledsolintel.com\/\",\"logo\":{\"@type\":\"ImageObject\",\"inLanguage\":\"fr-FR\",\"@id\":\"https:\/\/ledsolintel.com\/#\/schema\/logo\/image\/\",\"url\":\"https:\/\/ledsolintel.com\/wp-content\/uploads\/2024\/11\/webmenaje-logo-1508269066.jpg\",\"contentUrl\":\"https:\/\/ledsolintel.com\/wp-content\/uploads\/2024\/11\/webmenaje-logo-1508269066.jpg\",\"width\":370,\"height\":90,\"caption\":\"Solintel Noroeste, S.L.\"},\"image\":{\"@id\":\"https:\/\/ledsolintel.com\/#\/schema\/logo\/image\/\"},\"sameAs\":[\"http:\/\/www.facebook.com\/webmenaje\",\"https:\/\/x.com\/webmenaje\",\"https:\/\/www.youtube.com\/channel\/UCX2KoVoeCG4LocZjUc6LmSQ\",\"http:\/\/www.pinterest.com\/webmenaje\"]}]}<\/script>\n<!-- \/ Yoast SEO plugin. -->","yoast_head_json":{"title":"Downlight COMPAC LED 8W DIMMABLE by Beneito Faure","description":"Beneito Faure COMPAC LED 8W DIMMABLE downlight. R\u00e9sistant aux \u00e9claboussures, convient aux salles de bains et aux ext\u00e9rieurs prot\u00e9g\u00e9s de l'eau directe.","robots":{"index":"index","follow":"follow","max-snippet":"max-snippet:-1","max-image-preview":"max-image-preview:large","max-video-preview":"max-video-preview:-1"},"canonical":"https:\/\/ledsolintel.com\/fr\/produit-2\/compac-8w-220v-90-led-de-beneito-faure\/","og_locale":"fr_FR","og_type":"article","og_title":"Downlight COMPAC LED 8W DIMMABLE de Beneito Faure","og_description":"Downlight COMPAC LED 8W DIMMABLE de Beneito Faure. Resistente a salpicaduras, apto para ba\u00f1os y exteriores protegidos del agua directa.","og_url":"https:\/\/ledsolintel.com\/fr\/produit-2\/compac-8w-220v-90-led-de-beneito-faure\/","og_site_name":"Ledsolintel","article_publisher":"http:\/\/www.facebook.com\/webmenaje","og_image":[{"url":"https:\/\/ledsolintel.com\/wp-content\/uploads\/2015\/10\/12467-COMPAC-8W-220V-90o-DIMMABLE-LED-de-Beneito-Faure.jpg","width":1,"height":1,"type":"image\/jpeg"}],"twitter_card":"summary_large_image","twitter_site":"@webmenaje","schema":{"@context":"https:\/\/schema.org","@graph":[{"@type":"WebPage","@id":"https:\/\/ledsolintel.com\/product\/compac-8w-220v-90-led-de-beneito-faure\/","url":"https:\/\/ledsolintel.com\/product\/compac-8w-220v-90-led-de-beneito-faure\/","name":"Downlight COMPAC LED 8W DIMMABLE by Beneito Faure","isPartOf":{"@id":"https:\/\/ledsolintel.com\/#website"},"primaryImageOfPage":{"@id":"https:\/\/ledsolintel.com\/product\/compac-8w-220v-90-led-de-beneito-faure\/#primaryimage"},"image":{"@id":"https:\/\/ledsolintel.com\/product\/compac-8w-220v-90-led-de-beneito-faure\/#primaryimage"},"thumbnailUrl":"https:\/\/ledsolintel.com\/wp-content\/uploads\/2015\/10\/12467-COMPAC-8W-220V-90o-DIMMABLE-LED-de-Beneito-Faure.jpg","datePublished":"2015-10-10T03:37:47+00:00","description":"Beneito Faure COMPAC LED 8W DIMMABLE downlight. R\u00e9sistant aux \u00e9claboussures, convient aux salles de bains et aux ext\u00e9rieurs prot\u00e9g\u00e9s de l'eau directe.","breadcrumb":{"@id":"https:\/\/ledsolintel.com\/product\/compac-8w-220v-90-led-de-beneito-faure\/#breadcrumb"},"inLanguage":"fr-FR","potentialAction":[{"@type":"ReadAction","target":["https:\/\/ledsolintel.com\/product\/compac-8w-220v-90-led-de-beneito-faure\/"]}]},{"@type":"ImageObject","inLanguage":"fr-FR","@id":"https:\/\/ledsolintel.com\/product\/compac-8w-220v-90-led-de-beneito-faure\/#primaryimage","url":"https:\/\/ledsolintel.com\/wp-content\/uploads\/2015\/10\/12467-COMPAC-8W-220V-90o-DIMMABLE-LED-de-Beneito-Faure.jpg","contentUrl":"https:\/\/ledsolintel.com\/wp-content\/uploads\/2015\/10\/12467-COMPAC-8W-220V-90o-DIMMABLE-LED-de-Beneito-Faure.jpg","caption":"COMPAC 8W 220V 90\u00ba DIMMABLE LED de Beneito Faure"},{"@type":"BreadcrumbList","@id":"https:\/\/ledsolintel.com\/product\/compac-8w-220v-90-led-de-beneito-faure\/#breadcrumb","itemListElement":[{"@type":"ListItem","position":1,"name":"Portada","item":"https:\/\/ledsolintel.com\/fr\/"},{"@type":"ListItem","position":2,"name":"Tienda","item":"https:\/\/ledsolintel.com\/tienda\/"},{"@type":"ListItem","position":3,"name":"Downlight LED COMPAC C 8W DIMMABLE de Beneito Faure"}]},{"@type":"WebSite","@id":"https:\/\/ledsolintel.com\/#website","url":"https:\/\/ledsolintel.com\/","name":"Webmenaje","description":"Magasin d'ampoules et de lampes LED pour les professionnels","publisher":{"@id":"https:\/\/ledsolintel.com\/#organization"},"potentialAction":[{"@type":"SearchAction","target":{"@type":"EntryPoint","urlTemplate":"https:\/\/ledsolintel.com\/?s={search_term_string}"},"query-input":{"@type":"PropertyValueSpecification","valueRequired":true,"valueName":"search_term_string"}}],"inLanguage":"fr-FR"},{"@type":"Organization","@id":"https:\/\/ledsolintel.com\/#organization","name":"Solintel Noroeste, S.L.","url":"https:\/\/ledsolintel.com\/","logo":{"@type":"ImageObject","inLanguage":"fr-FR","@id":"https:\/\/ledsolintel.com\/#\/schema\/logo\/image\/","url":"https:\/\/ledsolintel.com\/wp-content\/uploads\/2024\/11\/webmenaje-logo-1508269066.jpg","contentUrl":"https:\/\/ledsolintel.com\/wp-content\/uploads\/2024\/11\/webmenaje-logo-1508269066.jpg","width":370,"height":90,"caption":"Solintel Noroeste, S.L."},"image":{"@id":"https:\/\/ledsolintel.com\/#\/schema\/logo\/image\/"},"sameAs":["http:\/\/www.facebook.com\/webmenaje","https:\/\/x.com\/webmenaje","https:\/\/www.youtube.com\/channel\/UCX2KoVoeCG4LocZjUc6LmSQ","http:\/\/www.pinterest.com\/webmenaje"]}]}},"_links":{"self":[{"href":"https:\/\/ledsolintel.com\/fr\/wp-json\/wp\/v2\/product\/240003","targetHints":{"allow":["GET"]}}],"collection":[{"href":"https:\/\/ledsolintel.com\/fr\/wp-json\/wp\/v2\/product"}],"about":[{"href":"https:\/\/ledsolintel.com\/fr\/wp-json\/wp\/v2\/types\/product"}],"version-history":[{"count":0,"href":"https:\/\/ledsolintel.com\/fr\/wp-json\/wp\/v2\/product\/240003\/revisions"}],"wp:featuredmedia":[{"embeddable":true,"href":"https:\/\/ledsolintel.com\/fr\/wp-json\/wp\/v2\/media\/239998"}],"wp:attachment":[{"href":"https:\/\/ledsolintel.com\/fr\/wp-json\/wp\/v2\/media?parent=240003"}],"wp:term":[{"taxonomy":"product_brand","embeddable":true,"href":"https:\/\/ledsolintel.com\/fr\/wp-json\/wp\/v2\/product_brand?post=240003"},{"taxonomy":"product_cat","embeddable":true,"href":"https:\/\/ledsolintel.com\/fr\/wp-json\/wp\/v2\/product_cat?post=240003"},{"taxonomy":"product_tag","embeddable":true,"href":"https:\/\/ledsolintel.com\/fr\/wp-json\/wp\/v2\/product_tag?post=240003"}],"curies":[{"name":"wp","href":"https:\/\/api.w.org\/{rel}","templated":true}]}}