{"id":239961,"date":"2015-10-07T14:48:36","date_gmt":"2015-10-07T12:48:36","guid":{"rendered":"https:\/\/nueva.ledsolintel.com\/product\/cala-pl-9w-g24-2-pins-220v-135-uniform-line-led-de-beneito-faure\/"},"modified":"2015-10-07T14:48:36","modified_gmt":"2015-10-07T12:48:36","slug":"cala-pl-9w-g24-2-pins-220v-135-uniform-line-led-de-beneito-faure","status":"publish","type":"product","link":"https:\/\/ledsolintel.com\/fr\/produit-2\/cala-pl-9w-g24-2-pins-220v-135-uniform-line-led-de-beneito-faure\/","title":{"rendered":"G24 LED CALA 9W de Beneito Faure"},"content":{"rendered":"<h3>Caract\u00e9ristiques :<\/h3>\n<ul>\n<li>Puissance : 9 W<\/li>\n<li>Tension : 220-240 V<\/li>\n<li>Luminance : 935 lm<\/li>\n<li>Base : G24<\/li>\n<li>Optique : 135\u00ba.<\/li>\n<li>CCT :<\/li>\n<ul>\n<li>3000 K<\/li>\n<li>4000 K<\/li>\n<\/ul>\n<li>Dur\u00e9e de vie : 25 000 h<\/li>\n<li>Protection IP40<\/li>\n<li>IRC &gt; 80<\/li>\n<li>Taille : 161 x 28 mm<\/li>\n<li>PF &gt; 0,8<\/li>\n<\/ul>","protected":false},"excerpt":{"rendered":"<p>G24 LED CALA 9W de Beneito Faure. Fonctionne avec une connexion G24 \u00e0 2 broches. Connexion directe \u00e0 220-240V ou \u00e0 des ballasts \u00e9lectromagn\u00e9tiques.<\/p><\/p>","protected":false},"featured_media":239958,"template":"","meta":[],"product_brand":[99357],"product_cat":[99571,99675],"product_tag":[],"class_list":{"0":"post-239961","1":"product","2":"type-product","3":"status-publish","4":"has-post-thumbnail","6":"product_brand-beneito-faure","7":"product_cat-bombillas-led","8":"product_cat-bombillas-r7s","9":"pa_cct-3000k","10":"pa_cct-4000k","13":"instock","14":"taxable","15":"shipping-taxable","16":"purchasable","17":"product-type-variable","18":"has-default-attributes"},"yoast_head":"<!-- This site is optimized with the Yoast SEO plugin v26.6 - https:\/\/yoast.com\/wordpress\/plugins\/seo\/ -->\n<title>G24 LED CALA 9W de Beneito Faure<\/title>\n<meta name=\"description\" content=\"G24 LED CALA 9W de Beneito Faure. Funciona con una conexi\u00f3n de 2 pins G24. Conexi\u00f3n directa a 220-240V o balastos electromagn\u00e9ticos.\" \/>\n<meta name=\"robots\" content=\"index, follow, max-snippet:-1, max-image-preview:large, max-video-preview:-1\" \/>\n<link rel=\"canonical\" href=\"https:\/\/ledsolintel.com\/fr\/produit-2\/cala-pl-9w-g24-2-pins-220v-135-uniform-line-led-de-beneito-faure\/\" \/>\n<meta property=\"og:locale\" content=\"fr_FR\" \/>\n<meta property=\"og:type\" content=\"article\" \/>\n<meta property=\"og:title\" content=\"G24 LED CALA 9W de Beneito Faure\" \/>\n<meta property=\"og:description\" content=\"G24 LED CALA 9W de Beneito Faure. Funciona con una conexi\u00f3n de 2 pins G24. Conexi\u00f3n directa a 220-240V o balastos electromagn\u00e9ticos.\" \/>\n<meta property=\"og:url\" content=\"https:\/\/ledsolintel.com\/fr\/produit-2\/cala-pl-9w-g24-2-pins-220v-135-uniform-line-led-de-beneito-faure\/\" \/>\n<meta property=\"og:site_name\" content=\"Ledsolintel\" \/>\n<meta property=\"article:publisher\" content=\"http:\/\/www.facebook.com\/webmenaje\" \/>\n<meta property=\"og:image\" content=\"https:\/\/ledsolintel.com\/wp-content\/uploads\/2015\/10\/8989-CALA-PL-9W-G24-2-PINS-220V-135o-UNIFORM-LINE-LED-de-Beneito-Faure.jpg\" \/>\n\t<meta property=\"og:image:width\" content=\"1\" \/>\n\t<meta property=\"og:image:height\" content=\"1\" \/>\n\t<meta property=\"og:image:type\" content=\"image\/jpeg\" \/>\n<meta name=\"twitter:card\" content=\"summary_large_image\" \/>\n<meta name=\"twitter:site\" content=\"@webmenaje\" \/>\n<script type=\"application\/ld+json\" class=\"yoast-schema-graph\">{\"@context\":\"https:\/\/schema.org\",\"@graph\":[{\"@type\":\"WebPage\",\"@id\":\"https:\/\/ledsolintel.com\/product\/cala-pl-9w-g24-2-pins-220v-135-uniform-line-led-de-beneito-faure\/\",\"url\":\"https:\/\/ledsolintel.com\/product\/cala-pl-9w-g24-2-pins-220v-135-uniform-line-led-de-beneito-faure\/\",\"name\":\"G24 LED CALA 9W de Beneito Faure\",\"isPartOf\":{\"@id\":\"https:\/\/ledsolintel.com\/#website\"},\"primaryImageOfPage\":{\"@id\":\"https:\/\/ledsolintel.com\/product\/cala-pl-9w-g24-2-pins-220v-135-uniform-line-led-de-beneito-faure\/#primaryimage\"},\"image\":{\"@id\":\"https:\/\/ledsolintel.com\/product\/cala-pl-9w-g24-2-pins-220v-135-uniform-line-led-de-beneito-faure\/#primaryimage\"},\"thumbnailUrl\":\"https:\/\/ledsolintel.com\/wp-content\/uploads\/2015\/10\/8989-CALA-PL-9W-G24-2-PINS-220V-135o-UNIFORM-LINE-LED-de-Beneito-Faure.jpg\",\"datePublished\":\"2015-10-07T12:48:36+00:00\",\"description\":\"G24 LED CALA 9W de Beneito Faure. Funciona con una conexi\u00f3n de 2 pins G24. Conexi\u00f3n directa a 220-240V o balastos electromagn\u00e9ticos.\",\"breadcrumb\":{\"@id\":\"https:\/\/ledsolintel.com\/product\/cala-pl-9w-g24-2-pins-220v-135-uniform-line-led-de-beneito-faure\/#breadcrumb\"},\"inLanguage\":\"fr-FR\",\"potentialAction\":[{\"@type\":\"ReadAction\",\"target\":[\"https:\/\/ledsolintel.com\/product\/cala-pl-9w-g24-2-pins-220v-135-uniform-line-led-de-beneito-faure\/\"]}]},{\"@type\":\"ImageObject\",\"inLanguage\":\"fr-FR\",\"@id\":\"https:\/\/ledsolintel.com\/product\/cala-pl-9w-g24-2-pins-220v-135-uniform-line-led-de-beneito-faure\/#primaryimage\",\"url\":\"https:\/\/ledsolintel.com\/wp-content\/uploads\/2015\/10\/8989-CALA-PL-9W-G24-2-PINS-220V-135o-UNIFORM-LINE-LED-de-Beneito-Faure.jpg\",\"contentUrl\":\"https:\/\/ledsolintel.com\/wp-content\/uploads\/2015\/10\/8989-CALA-PL-9W-G24-2-PINS-220V-135o-UNIFORM-LINE-LED-de-Beneito-Faure.jpg\",\"caption\":\"CALA PL 9W G24 2 PINS 220V 135\u00ba UNIFORM-LINE LED de Beneito Faure\"},{\"@type\":\"BreadcrumbList\",\"@id\":\"https:\/\/ledsolintel.com\/product\/cala-pl-9w-g24-2-pins-220v-135-uniform-line-led-de-beneito-faure\/#breadcrumb\",\"itemListElement\":[{\"@type\":\"ListItem\",\"position\":1,\"name\":\"Portada\",\"item\":\"https:\/\/ledsolintel.com\/fr\/\"},{\"@type\":\"ListItem\",\"position\":2,\"name\":\"Tienda\",\"item\":\"https:\/\/ledsolintel.com\/tienda\/\"},{\"@type\":\"ListItem\",\"position\":3,\"name\":\"G24 LED CALA 9W de Beneito Faure\"}]},{\"@type\":\"WebSite\",\"@id\":\"https:\/\/ledsolintel.com\/#website\",\"url\":\"https:\/\/ledsolintel.com\/\",\"name\":\"Webmenaje\",\"description\":\"Tienda de bombillas y l\u00e1mparas LED para profesionales\",\"publisher\":{\"@id\":\"https:\/\/ledsolintel.com\/#organization\"},\"potentialAction\":[{\"@type\":\"SearchAction\",\"target\":{\"@type\":\"EntryPoint\",\"urlTemplate\":\"https:\/\/ledsolintel.com\/?s={search_term_string}\"},\"query-input\":{\"@type\":\"PropertyValueSpecification\",\"valueRequired\":true,\"valueName\":\"search_term_string\"}}],\"inLanguage\":\"fr-FR\"},{\"@type\":\"Organization\",\"@id\":\"https:\/\/ledsolintel.com\/#organization\",\"name\":\"Solintel Noroeste, S.L.\",\"url\":\"https:\/\/ledsolintel.com\/\",\"logo\":{\"@type\":\"ImageObject\",\"inLanguage\":\"fr-FR\",\"@id\":\"https:\/\/ledsolintel.com\/#\/schema\/logo\/image\/\",\"url\":\"https:\/\/ledsolintel.com\/wp-content\/uploads\/2024\/11\/webmenaje-logo-1508269066.jpg\",\"contentUrl\":\"https:\/\/ledsolintel.com\/wp-content\/uploads\/2024\/11\/webmenaje-logo-1508269066.jpg\",\"width\":370,\"height\":90,\"caption\":\"Solintel Noroeste, S.L.\"},\"image\":{\"@id\":\"https:\/\/ledsolintel.com\/#\/schema\/logo\/image\/\"},\"sameAs\":[\"http:\/\/www.facebook.com\/webmenaje\",\"https:\/\/x.com\/webmenaje\",\"https:\/\/www.youtube.com\/channel\/UCX2KoVoeCG4LocZjUc6LmSQ\",\"http:\/\/www.pinterest.com\/webmenaje\"]}]}<\/script>\n<!-- \/ Yoast SEO plugin. -->","yoast_head_json":{"title":"G24 LED CALA 9W de Beneito Faure","description":"G24 LED CALA 9W de Beneito Faure. Fonctionne avec une connexion G24 \u00e0 2 broches. Connexion directe \u00e0 220-240V ou \u00e0 des ballasts \u00e9lectromagn\u00e9tiques.","robots":{"index":"index","follow":"follow","max-snippet":"max-snippet:-1","max-image-preview":"max-image-preview:large","max-video-preview":"max-video-preview:-1"},"canonical":"https:\/\/ledsolintel.com\/fr\/produit-2\/cala-pl-9w-g24-2-pins-220v-135-uniform-line-led-de-beneito-faure\/","og_locale":"fr_FR","og_type":"article","og_title":"G24 LED CALA 9W de Beneito Faure","og_description":"G24 LED CALA 9W de Beneito Faure. Funciona con una conexi\u00f3n de 2 pins G24. Conexi\u00f3n directa a 220-240V o balastos electromagn\u00e9ticos.","og_url":"https:\/\/ledsolintel.com\/fr\/produit-2\/cala-pl-9w-g24-2-pins-220v-135-uniform-line-led-de-beneito-faure\/","og_site_name":"Ledsolintel","article_publisher":"http:\/\/www.facebook.com\/webmenaje","og_image":[{"url":"https:\/\/ledsolintel.com\/wp-content\/uploads\/2015\/10\/8989-CALA-PL-9W-G24-2-PINS-220V-135o-UNIFORM-LINE-LED-de-Beneito-Faure.jpg","width":1,"height":1,"type":"image\/jpeg"}],"twitter_card":"summary_large_image","twitter_site":"@webmenaje","schema":{"@context":"https:\/\/schema.org","@graph":[{"@type":"WebPage","@id":"https:\/\/ledsolintel.com\/product\/cala-pl-9w-g24-2-pins-220v-135-uniform-line-led-de-beneito-faure\/","url":"https:\/\/ledsolintel.com\/product\/cala-pl-9w-g24-2-pins-220v-135-uniform-line-led-de-beneito-faure\/","name":"G24 LED CALA 9W de Beneito Faure","isPartOf":{"@id":"https:\/\/ledsolintel.com\/#website"},"primaryImageOfPage":{"@id":"https:\/\/ledsolintel.com\/product\/cala-pl-9w-g24-2-pins-220v-135-uniform-line-led-de-beneito-faure\/#primaryimage"},"image":{"@id":"https:\/\/ledsolintel.com\/product\/cala-pl-9w-g24-2-pins-220v-135-uniform-line-led-de-beneito-faure\/#primaryimage"},"thumbnailUrl":"https:\/\/ledsolintel.com\/wp-content\/uploads\/2015\/10\/8989-CALA-PL-9W-G24-2-PINS-220V-135o-UNIFORM-LINE-LED-de-Beneito-Faure.jpg","datePublished":"2015-10-07T12:48:36+00:00","description":"G24 LED CALA 9W de Beneito Faure. Fonctionne avec une connexion G24 \u00e0 2 broches. Connexion directe \u00e0 220-240V ou \u00e0 des ballasts \u00e9lectromagn\u00e9tiques.","breadcrumb":{"@id":"https:\/\/ledsolintel.com\/product\/cala-pl-9w-g24-2-pins-220v-135-uniform-line-led-de-beneito-faure\/#breadcrumb"},"inLanguage":"fr-FR","potentialAction":[{"@type":"ReadAction","target":["https:\/\/ledsolintel.com\/product\/cala-pl-9w-g24-2-pins-220v-135-uniform-line-led-de-beneito-faure\/"]}]},{"@type":"ImageObject","inLanguage":"fr-FR","@id":"https:\/\/ledsolintel.com\/product\/cala-pl-9w-g24-2-pins-220v-135-uniform-line-led-de-beneito-faure\/#primaryimage","url":"https:\/\/ledsolintel.com\/wp-content\/uploads\/2015\/10\/8989-CALA-PL-9W-G24-2-PINS-220V-135o-UNIFORM-LINE-LED-de-Beneito-Faure.jpg","contentUrl":"https:\/\/ledsolintel.com\/wp-content\/uploads\/2015\/10\/8989-CALA-PL-9W-G24-2-PINS-220V-135o-UNIFORM-LINE-LED-de-Beneito-Faure.jpg","caption":"CALA PL 9W G24 2 PINS 220V 135\u00ba UNIFORM-LINE LED de Beneito Faure"},{"@type":"BreadcrumbList","@id":"https:\/\/ledsolintel.com\/product\/cala-pl-9w-g24-2-pins-220v-135-uniform-line-led-de-beneito-faure\/#breadcrumb","itemListElement":[{"@type":"ListItem","position":1,"name":"Portada","item":"https:\/\/ledsolintel.com\/fr\/"},{"@type":"ListItem","position":2,"name":"Tienda","item":"https:\/\/ledsolintel.com\/tienda\/"},{"@type":"ListItem","position":3,"name":"G24 LED CALA 9W de Beneito Faure"}]},{"@type":"WebSite","@id":"https:\/\/ledsolintel.com\/#website","url":"https:\/\/ledsolintel.com\/","name":"Webmenaje","description":"Magasin d'ampoules et de lampes LED pour les professionnels","publisher":{"@id":"https:\/\/ledsolintel.com\/#organization"},"potentialAction":[{"@type":"SearchAction","target":{"@type":"EntryPoint","urlTemplate":"https:\/\/ledsolintel.com\/?s={search_term_string}"},"query-input":{"@type":"PropertyValueSpecification","valueRequired":true,"valueName":"search_term_string"}}],"inLanguage":"fr-FR"},{"@type":"Organization","@id":"https:\/\/ledsolintel.com\/#organization","name":"Solintel Noroeste, S.L.","url":"https:\/\/ledsolintel.com\/","logo":{"@type":"ImageObject","inLanguage":"fr-FR","@id":"https:\/\/ledsolintel.com\/#\/schema\/logo\/image\/","url":"https:\/\/ledsolintel.com\/wp-content\/uploads\/2024\/11\/webmenaje-logo-1508269066.jpg","contentUrl":"https:\/\/ledsolintel.com\/wp-content\/uploads\/2024\/11\/webmenaje-logo-1508269066.jpg","width":370,"height":90,"caption":"Solintel Noroeste, S.L."},"image":{"@id":"https:\/\/ledsolintel.com\/#\/schema\/logo\/image\/"},"sameAs":["http:\/\/www.facebook.com\/webmenaje","https:\/\/x.com\/webmenaje","https:\/\/www.youtube.com\/channel\/UCX2KoVoeCG4LocZjUc6LmSQ","http:\/\/www.pinterest.com\/webmenaje"]}]}},"_links":{"self":[{"href":"https:\/\/ledsolintel.com\/fr\/wp-json\/wp\/v2\/product\/239961","targetHints":{"allow":["GET"]}}],"collection":[{"href":"https:\/\/ledsolintel.com\/fr\/wp-json\/wp\/v2\/product"}],"about":[{"href":"https:\/\/ledsolintel.com\/fr\/wp-json\/wp\/v2\/types\/product"}],"version-history":[{"count":0,"href":"https:\/\/ledsolintel.com\/fr\/wp-json\/wp\/v2\/product\/239961\/revisions"}],"wp:featuredmedia":[{"embeddable":true,"href":"https:\/\/ledsolintel.com\/fr\/wp-json\/wp\/v2\/media\/239958"}],"wp:attachment":[{"href":"https:\/\/ledsolintel.com\/fr\/wp-json\/wp\/v2\/media?parent=239961"}],"wp:term":[{"taxonomy":"product_brand","embeddable":true,"href":"https:\/\/ledsolintel.com\/fr\/wp-json\/wp\/v2\/product_brand?post=239961"},{"taxonomy":"product_cat","embeddable":true,"href":"https:\/\/ledsolintel.com\/fr\/wp-json\/wp\/v2\/product_cat?post=239961"},{"taxonomy":"product_tag","embeddable":true,"href":"https:\/\/ledsolintel.com\/fr\/wp-json\/wp\/v2\/product_tag?post=239961"}],"curies":[{"name":"wp","href":"https:\/\/api.w.org\/{rel}","templated":true}]}}