{"id":239953,"date":"2015-10-05T18:09:50","date_gmt":"2015-10-05T16:09:50","guid":{"rendered":"https:\/\/nueva.ledsolintel.com\/product\/aplique-de-exterior-led-zibor-12w-de-beneito-faure\/"},"modified":"2015-10-05T18:09:50","modified_gmt":"2015-10-05T16:09:50","slug":"aplique-de-exterior-led-zibor-12w-de-beneito-faure","status":"publish","type":"product","link":"https:\/\/ledsolintel.com\/fr\/produit-2\/aplique-de-exterior-led-zibor-12w-de-beneito-faure\/","title":{"rendered":"ZIBOR LED 12W de Beneito Faure"},"content":{"rendered":"<h1>Beneito Faure ZIBOR Applique ext\u00e9rieure LED 12W<\/h1>\n<p>\u00a0<\/p>\n<ul>\n<li>Puissance : 12W<\/li>\n<li>Tension : 220-240V<\/li>\n<li>Luminosit\u00e9 :<\/li>\n<ul>\n<li>1200-1250 lm<\/li>\n<li>351-360 cd<\/li>\n<\/ul>\n<li>Optique : 120\u00ba.<\/li>\n<li>CCT :<\/li>\n<ul>\n<li>Blanc chaud 3000K<\/li>\n<li>Blanc naturel 4000K<\/li>\n<\/ul>\n<li>Dur\u00e9e de vie : 25 000 h<\/li>\n<li>Protection IP65<\/li>\n<li>C.R.I. &gt; 80<\/li>\n<li>Taille : 178x86x58 mm<\/li>\n<li>Facteur de puissance &gt;0,9<\/li>\n<\/ul>","protected":false},"excerpt":{"rendered":"<p>ZIBOR LED 12W de Beneito Faure. Elle allie une puissance et une qualit\u00e9 d'\u00e9clairage \u00e9lev\u00e9es \u00e0 une parfaite isolation de la poussi\u00e8re et de l'eau, ce qui permet de l'utiliser \u00e0 l'ext\u00e9rieur, pour l'\u00e9clairage des piscines, des jardins, etc. Disponible en blanc naturel et blanc chaud.<\/p>","protected":false},"featured_media":239950,"template":"","meta":[],"product_brand":[99357],"product_cat":[99603,99575],"product_tag":[],"class_list":{"0":"post-239953","1":"product","2":"type-product","3":"status-publish","4":"has-post-thumbnail","6":"product_brand-beneito-faure","7":"product_cat-apliques-para-exterior","8":"product_cat-iluminacion-para-jardines-y-exteriores","9":"pa_acabado-blanco","10":"pa_acabado-negro","11":"pa_cct-3000k","12":"pa_cct-4000k","15":"instock","16":"taxable","17":"shipping-taxable","18":"purchasable","19":"product-type-variable","20":"has-default-attributes"},"yoast_head":"<!-- This site is optimized with the Yoast SEO plugin v26.6 - https:\/\/yoast.com\/wordpress\/plugins\/seo\/ -->\n<title>Aplique de exterior LED ZIBOR 12W de Beneito Faure<\/title>\n<meta name=\"description\" content=\"Aplique de exterior LED ZIBOR 12W de Beneito Faure. Iluminaci\u00f3n potente y de calidad con un aislamiento del polvo y el agua que permite su uso en exteriores\" \/>\n<meta name=\"robots\" content=\"index, follow, max-snippet:-1, max-image-preview:large, max-video-preview:-1\" \/>\n<link rel=\"canonical\" href=\"https:\/\/ledsolintel.com\/fr\/produit-2\/aplique-de-exterior-led-zibor-12w-de-beneito-faure\/\" \/>\n<meta property=\"og:locale\" content=\"fr_FR\" \/>\n<meta property=\"og:type\" content=\"article\" \/>\n<meta property=\"og:title\" content=\"Aplique de exterior LED ZIBOR 12W de Beneito Faure\" \/>\n<meta property=\"og:description\" content=\"Aplique de exterior LED ZIBOR 12W de Beneito Faure. Iluminaci\u00f3n potente y de calidad con un aislamiento del polvo y el agua que permite su uso en exteriores\" \/>\n<meta property=\"og:url\" content=\"https:\/\/ledsolintel.com\/fr\/produit-2\/aplique-de-exterior-led-zibor-12w-de-beneito-faure\/\" \/>\n<meta property=\"og:site_name\" content=\"Ledsolintel\" \/>\n<meta property=\"article:publisher\" content=\"http:\/\/www.facebook.com\/webmenaje\" \/>\n<meta property=\"og:image\" content=\"https:\/\/ledsolintel.com\/wp-content\/uploads\/2015\/10\/20978-ZIBOR-LED-12W-de-Beneito-Faure.jpg\" \/>\n\t<meta property=\"og:image:width\" content=\"1\" \/>\n\t<meta property=\"og:image:height\" content=\"1\" \/>\n\t<meta property=\"og:image:type\" content=\"image\/jpeg\" \/>\n<meta name=\"twitter:card\" content=\"summary_large_image\" \/>\n<meta name=\"twitter:site\" content=\"@webmenaje\" \/>\n<script type=\"application\/ld+json\" class=\"yoast-schema-graph\">{\"@context\":\"https:\/\/schema.org\",\"@graph\":[{\"@type\":\"WebPage\",\"@id\":\"https:\/\/ledsolintel.com\/fr\/product\/aplique-de-exterior-led-zibor-12w-de-beneito-faure\/\",\"url\":\"https:\/\/ledsolintel.com\/fr\/product\/aplique-de-exterior-led-zibor-12w-de-beneito-faure\/\",\"name\":\"Aplique de exterior LED ZIBOR 12W de Beneito Faure\",\"isPartOf\":{\"@id\":\"https:\/\/ledsolintel.com\/#website\"},\"primaryImageOfPage\":{\"@id\":\"https:\/\/ledsolintel.com\/fr\/product\/aplique-de-exterior-led-zibor-12w-de-beneito-faure\/#primaryimage\"},\"image\":{\"@id\":\"https:\/\/ledsolintel.com\/fr\/product\/aplique-de-exterior-led-zibor-12w-de-beneito-faure\/#primaryimage\"},\"thumbnailUrl\":\"https:\/\/ledsolintel.com\/wp-content\/uploads\/2015\/10\/20978-ZIBOR-LED-12W-de-Beneito-Faure.jpg\",\"datePublished\":\"2015-10-05T16:09:50+00:00\",\"description\":\"Aplique de exterior LED ZIBOR 12W de Beneito Faure. Iluminaci\u00f3n potente y de calidad con un aislamiento del polvo y el agua que permite su uso en exteriores\",\"breadcrumb\":{\"@id\":\"https:\/\/ledsolintel.com\/fr\/product\/aplique-de-exterior-led-zibor-12w-de-beneito-faure\/#breadcrumb\"},\"inLanguage\":\"fr-FR\",\"potentialAction\":[{\"@type\":\"ReadAction\",\"target\":[\"https:\/\/ledsolintel.com\/fr\/product\/aplique-de-exterior-led-zibor-12w-de-beneito-faure\/\"]}]},{\"@type\":\"ImageObject\",\"inLanguage\":\"fr-FR\",\"@id\":\"https:\/\/ledsolintel.com\/fr\/product\/aplique-de-exterior-led-zibor-12w-de-beneito-faure\/#primaryimage\",\"url\":\"https:\/\/ledsolintel.com\/wp-content\/uploads\/2015\/10\/20978-ZIBOR-LED-12W-de-Beneito-Faure.jpg\",\"contentUrl\":\"https:\/\/ledsolintel.com\/wp-content\/uploads\/2015\/10\/20978-ZIBOR-LED-12W-de-Beneito-Faure.jpg\",\"caption\":\"ZIBOR LED 12W de Beneito Faure\"},{\"@type\":\"BreadcrumbList\",\"@id\":\"https:\/\/ledsolintel.com\/fr\/product\/aplique-de-exterior-led-zibor-12w-de-beneito-faure\/#breadcrumb\",\"itemListElement\":[{\"@type\":\"ListItem\",\"position\":1,\"name\":\"Portada\",\"item\":\"https:\/\/ledsolintel.com\/fr\/\"},{\"@type\":\"ListItem\",\"position\":2,\"name\":\"Tienda\",\"item\":\"https:\/\/ledsolintel.com\/tienda\/\"},{\"@type\":\"ListItem\",\"position\":3,\"name\":\"ZIBOR LED 12W de Beneito Faure\"}]},{\"@type\":\"WebSite\",\"@id\":\"https:\/\/ledsolintel.com\/#website\",\"url\":\"https:\/\/ledsolintel.com\/\",\"name\":\"Webmenaje\",\"description\":\"Tienda de bombillas y l\u00e1mparas LED para profesionales\",\"publisher\":{\"@id\":\"https:\/\/ledsolintel.com\/#organization\"},\"potentialAction\":[{\"@type\":\"SearchAction\",\"target\":{\"@type\":\"EntryPoint\",\"urlTemplate\":\"https:\/\/ledsolintel.com\/?s={search_term_string}\"},\"query-input\":{\"@type\":\"PropertyValueSpecification\",\"valueRequired\":true,\"valueName\":\"search_term_string\"}}],\"inLanguage\":\"fr-FR\"},{\"@type\":\"Organization\",\"@id\":\"https:\/\/ledsolintel.com\/#organization\",\"name\":\"Solintel Noroeste, S.L.\",\"url\":\"https:\/\/ledsolintel.com\/\",\"logo\":{\"@type\":\"ImageObject\",\"inLanguage\":\"fr-FR\",\"@id\":\"https:\/\/ledsolintel.com\/#\/schema\/logo\/image\/\",\"url\":\"https:\/\/ledsolintel.com\/wp-content\/uploads\/2024\/11\/webmenaje-logo-1508269066.jpg\",\"contentUrl\":\"https:\/\/ledsolintel.com\/wp-content\/uploads\/2024\/11\/webmenaje-logo-1508269066.jpg\",\"width\":370,\"height\":90,\"caption\":\"Solintel Noroeste, S.L.\"},\"image\":{\"@id\":\"https:\/\/ledsolintel.com\/#\/schema\/logo\/image\/\"},\"sameAs\":[\"http:\/\/www.facebook.com\/webmenaje\",\"https:\/\/x.com\/webmenaje\",\"https:\/\/www.youtube.com\/channel\/UCX2KoVoeCG4LocZjUc6LmSQ\",\"http:\/\/www.pinterest.com\/webmenaje\"]}]}<\/script>\n<!-- \/ Yoast SEO plugin. -->","yoast_head_json":{"title":"Beneito Faure ZIBOR Applique ext\u00e9rieure LED 12W","description":"Aplique de exterior LED ZIBOR 12W de Beneito Faure. Iluminaci\u00f3n potente y de calidad con un aislamiento del polvo y el agua que permite su uso en exteriores","robots":{"index":"index","follow":"follow","max-snippet":"max-snippet:-1","max-image-preview":"max-image-preview:large","max-video-preview":"max-video-preview:-1"},"canonical":"https:\/\/ledsolintel.com\/fr\/produit-2\/aplique-de-exterior-led-zibor-12w-de-beneito-faure\/","og_locale":"fr_FR","og_type":"article","og_title":"Aplique de exterior LED ZIBOR 12W de Beneito Faure","og_description":"Aplique de exterior LED ZIBOR 12W de Beneito Faure. Iluminaci\u00f3n potente y de calidad con un aislamiento del polvo y el agua que permite su uso en exteriores","og_url":"https:\/\/ledsolintel.com\/fr\/produit-2\/aplique-de-exterior-led-zibor-12w-de-beneito-faure\/","og_site_name":"Ledsolintel","article_publisher":"http:\/\/www.facebook.com\/webmenaje","og_image":[{"url":"https:\/\/ledsolintel.com\/wp-content\/uploads\/2015\/10\/20978-ZIBOR-LED-12W-de-Beneito-Faure.jpg","width":1,"height":1,"type":"image\/jpeg"}],"twitter_card":"summary_large_image","twitter_site":"@webmenaje","schema":{"@context":"https:\/\/schema.org","@graph":[{"@type":"WebPage","@id":"https:\/\/ledsolintel.com\/fr\/product\/aplique-de-exterior-led-zibor-12w-de-beneito-faure\/","url":"https:\/\/ledsolintel.com\/fr\/product\/aplique-de-exterior-led-zibor-12w-de-beneito-faure\/","name":"Beneito Faure ZIBOR Applique ext\u00e9rieure LED 12W","isPartOf":{"@id":"https:\/\/ledsolintel.com\/#website"},"primaryImageOfPage":{"@id":"https:\/\/ledsolintel.com\/fr\/product\/aplique-de-exterior-led-zibor-12w-de-beneito-faure\/#primaryimage"},"image":{"@id":"https:\/\/ledsolintel.com\/fr\/product\/aplique-de-exterior-led-zibor-12w-de-beneito-faure\/#primaryimage"},"thumbnailUrl":"https:\/\/ledsolintel.com\/wp-content\/uploads\/2015\/10\/20978-ZIBOR-LED-12W-de-Beneito-Faure.jpg","datePublished":"2015-10-05T16:09:50+00:00","description":"Aplique de exterior LED ZIBOR 12W de Beneito Faure. Iluminaci\u00f3n potente y de calidad con un aislamiento del polvo y el agua que permite su uso en exteriores","breadcrumb":{"@id":"https:\/\/ledsolintel.com\/fr\/product\/aplique-de-exterior-led-zibor-12w-de-beneito-faure\/#breadcrumb"},"inLanguage":"fr-FR","potentialAction":[{"@type":"ReadAction","target":["https:\/\/ledsolintel.com\/fr\/product\/aplique-de-exterior-led-zibor-12w-de-beneito-faure\/"]}]},{"@type":"ImageObject","inLanguage":"fr-FR","@id":"https:\/\/ledsolintel.com\/fr\/product\/aplique-de-exterior-led-zibor-12w-de-beneito-faure\/#primaryimage","url":"https:\/\/ledsolintel.com\/wp-content\/uploads\/2015\/10\/20978-ZIBOR-LED-12W-de-Beneito-Faure.jpg","contentUrl":"https:\/\/ledsolintel.com\/wp-content\/uploads\/2015\/10\/20978-ZIBOR-LED-12W-de-Beneito-Faure.jpg","caption":"ZIBOR LED 12W de Beneito Faure"},{"@type":"BreadcrumbList","@id":"https:\/\/ledsolintel.com\/fr\/product\/aplique-de-exterior-led-zibor-12w-de-beneito-faure\/#breadcrumb","itemListElement":[{"@type":"ListItem","position":1,"name":"Portada","item":"https:\/\/ledsolintel.com\/fr\/"},{"@type":"ListItem","position":2,"name":"Tienda","item":"https:\/\/ledsolintel.com\/tienda\/"},{"@type":"ListItem","position":3,"name":"ZIBOR LED 12W de Beneito Faure"}]},{"@type":"WebSite","@id":"https:\/\/ledsolintel.com\/#website","url":"https:\/\/ledsolintel.com\/","name":"Webmenaje","description":"Magasin d'ampoules et de lampes LED pour les professionnels","publisher":{"@id":"https:\/\/ledsolintel.com\/#organization"},"potentialAction":[{"@type":"SearchAction","target":{"@type":"EntryPoint","urlTemplate":"https:\/\/ledsolintel.com\/?s={search_term_string}"},"query-input":{"@type":"PropertyValueSpecification","valueRequired":true,"valueName":"search_term_string"}}],"inLanguage":"fr-FR"},{"@type":"Organization","@id":"https:\/\/ledsolintel.com\/#organization","name":"Solintel Noroeste, S.L.","url":"https:\/\/ledsolintel.com\/","logo":{"@type":"ImageObject","inLanguage":"fr-FR","@id":"https:\/\/ledsolintel.com\/#\/schema\/logo\/image\/","url":"https:\/\/ledsolintel.com\/wp-content\/uploads\/2024\/11\/webmenaje-logo-1508269066.jpg","contentUrl":"https:\/\/ledsolintel.com\/wp-content\/uploads\/2024\/11\/webmenaje-logo-1508269066.jpg","width":370,"height":90,"caption":"Solintel Noroeste, S.L."},"image":{"@id":"https:\/\/ledsolintel.com\/#\/schema\/logo\/image\/"},"sameAs":["http:\/\/www.facebook.com\/webmenaje","https:\/\/x.com\/webmenaje","https:\/\/www.youtube.com\/channel\/UCX2KoVoeCG4LocZjUc6LmSQ","http:\/\/www.pinterest.com\/webmenaje"]}]}},"_links":{"self":[{"href":"https:\/\/ledsolintel.com\/fr\/wp-json\/wp\/v2\/product\/239953","targetHints":{"allow":["GET"]}}],"collection":[{"href":"https:\/\/ledsolintel.com\/fr\/wp-json\/wp\/v2\/product"}],"about":[{"href":"https:\/\/ledsolintel.com\/fr\/wp-json\/wp\/v2\/types\/product"}],"version-history":[{"count":0,"href":"https:\/\/ledsolintel.com\/fr\/wp-json\/wp\/v2\/product\/239953\/revisions"}],"wp:featuredmedia":[{"embeddable":true,"href":"https:\/\/ledsolintel.com\/fr\/wp-json\/wp\/v2\/media\/239950"}],"wp:attachment":[{"href":"https:\/\/ledsolintel.com\/fr\/wp-json\/wp\/v2\/media?parent=239953"}],"wp:term":[{"taxonomy":"product_brand","embeddable":true,"href":"https:\/\/ledsolintel.com\/fr\/wp-json\/wp\/v2\/product_brand?post=239953"},{"taxonomy":"product_cat","embeddable":true,"href":"https:\/\/ledsolintel.com\/fr\/wp-json\/wp\/v2\/product_cat?post=239953"},{"taxonomy":"product_tag","embeddable":true,"href":"https:\/\/ledsolintel.com\/fr\/wp-json\/wp\/v2\/product_tag?post=239953"}],"curies":[{"name":"wp","href":"https:\/\/api.w.org\/{rel}","templated":true}]}}