{"id":239934,"date":"2015-07-24T13:57:17","date_gmt":"2015-07-24T11:57:17","guid":{"rendered":"https:\/\/nueva.ledsolintel.com\/product\/downlight-led-redondo-blanco-de-superficie-modelo-moon-potencia-11w-de-roblan\/"},"modified":"2015-07-24T13:57:17","modified_gmt":"2015-07-24T11:57:17","slug":"downlight-led-redondo-blanco-de-superficie-modelo-moon-potencia-11w-de-roblan","status":"publish","type":"product","link":"https:\/\/ledsolintel.com\/fr\/produit-2\/downlight-led-redondo-blanco-de-superficie-modelo-moon-potencia-11w-de-roblan\/","title":{"rendered":"ROBLAN MOON plafonnier LED rond 11W"},"content":{"rendered":"<h3>ROBLAN MOON downlight LED rond 11W<\/h3>\n<p>\u00a0<\/p>\n<ul>\n<li>Puissance : 11 W<\/li>\n<li>Tension : 100-277 V<\/li>\n<li>Luminance : 860 lm<\/li>\n<li>Base : E27<\/li>\n<li>Optique : 110\u00ba.<\/li>\n<li>CCT :<\/li>\n<ul>\n<li>3000 K<\/li>\n<li>4000 K<\/li>\n<li>6000 K<\/li>\n<\/ul>\n<li>Dur\u00e9e de vie : 55 000 h<\/li>\n<li>Protection IP44<\/li>\n<li>Protection IK03<\/li>\n<li>IRC &gt; 80<\/li>\n<li>Taille : 232 x 39 mm<\/li>\n<li>PF &gt; 0,9<\/li>\n<\/ul>","protected":false},"excerpt":{"rendered":"<p>ROBLAN MOON downlight LED rond de 11W. Efficace et facile \u00e0 installer en surface. Pilote int\u00e9gr\u00e9. Prot\u00e9g\u00e9 contre l'humidit\u00e9, convient aux salles de bains.<\/p>","protected":false},"featured_media":239931,"template":"","meta":[],"product_brand":[99355],"product_cat":[99573,99637,99909,99679],"product_tag":[],"class_list":{"0":"post-239934","1":"product","2":"type-product","3":"status-publish","4":"has-post-thumbnail","6":"product_brand-roblan","7":"product_cat-iluminacion-interior","8":"product_cat-lamparas-de-bano","9":"product_cat-plafones-de-superficie","10":"product_cat-lamparas-de-techo","11":"pa_cct-3000k","12":"pa_cct-4000k","13":"pa_cct-6000k","16":"instock","17":"taxable","18":"shipping-taxable","19":"purchasable","20":"product-type-variable","21":"has-default-attributes"},"yoast_head":"<!-- This site is optimized with the Yoast SEO plugin v26.6 - https:\/\/yoast.com\/wordpress\/plugins\/seo\/ -->\n<title>Downlight LED MOON redondo 11W de ROBLAN<\/title>\n<meta name=\"description\" content=\"Downlight LED MOON redondo 11W de ROBLAN. Eficiente y f\u00e1cil de instalar en superficie. Driver integrado. Protegido contra la humedad, apto para usar en ba\u00f1os.\" \/>\n<meta name=\"robots\" content=\"index, follow, max-snippet:-1, max-image-preview:large, max-video-preview:-1\" \/>\n<link rel=\"canonical\" href=\"https:\/\/ledsolintel.com\/fr\/produit-2\/downlight-led-redondo-blanco-de-superficie-modelo-moon-potencia-11w-de-roblan\/\" \/>\n<meta property=\"og:locale\" content=\"fr_FR\" \/>\n<meta property=\"og:type\" content=\"article\" \/>\n<meta property=\"og:title\" content=\"Downlight LED MOON redondo 11W de ROBLAN\" \/>\n<meta property=\"og:description\" content=\"Downlight LED MOON redondo 11W de ROBLAN. Eficiente y f\u00e1cil de instalar en superficie. Driver integrado. Protegido contra la humedad, apto para usar en ba\u00f1os.\" \/>\n<meta property=\"og:url\" content=\"https:\/\/ledsolintel.com\/fr\/produit-2\/downlight-led-redondo-blanco-de-superficie-modelo-moon-potencia-11w-de-roblan\/\" \/>\n<meta property=\"og:site_name\" content=\"Ledsolintel\" \/>\n<meta property=\"article:publisher\" content=\"http:\/\/www.facebook.com\/webmenaje\" \/>\n<meta property=\"og:image\" content=\"https:\/\/ledsolintel.com\/wp-content\/uploads\/2015\/07\/7561-Downlight-LED-MOON-redondo-11W18W-de-ROBLAN.jpg\" \/>\n\t<meta property=\"og:image:width\" content=\"1\" \/>\n\t<meta property=\"og:image:height\" content=\"1\" \/>\n\t<meta property=\"og:image:type\" content=\"image\/jpeg\" \/>\n<meta name=\"twitter:card\" content=\"summary_large_image\" \/>\n<meta name=\"twitter:site\" content=\"@webmenaje\" \/>\n<script type=\"application\/ld+json\" class=\"yoast-schema-graph\">{\"@context\":\"https:\/\/schema.org\",\"@graph\":[{\"@type\":\"WebPage\",\"@id\":\"https:\/\/ledsolintel.com\/product\/downlight-led-redondo-blanco-de-superficie-modelo-moon-potencia-11w-de-roblan\/\",\"url\":\"https:\/\/ledsolintel.com\/product\/downlight-led-redondo-blanco-de-superficie-modelo-moon-potencia-11w-de-roblan\/\",\"name\":\"Downlight LED MOON redondo 11W de ROBLAN\",\"isPartOf\":{\"@id\":\"https:\/\/ledsolintel.com\/#website\"},\"primaryImageOfPage\":{\"@id\":\"https:\/\/ledsolintel.com\/product\/downlight-led-redondo-blanco-de-superficie-modelo-moon-potencia-11w-de-roblan\/#primaryimage\"},\"image\":{\"@id\":\"https:\/\/ledsolintel.com\/product\/downlight-led-redondo-blanco-de-superficie-modelo-moon-potencia-11w-de-roblan\/#primaryimage\"},\"thumbnailUrl\":\"https:\/\/ledsolintel.com\/wp-content\/uploads\/2015\/07\/7561-Downlight-LED-MOON-redondo-11W18W-de-ROBLAN.jpg\",\"datePublished\":\"2015-07-24T11:57:17+00:00\",\"description\":\"Downlight LED MOON redondo 11W de ROBLAN. Eficiente y f\u00e1cil de instalar en superficie. Driver integrado. Protegido contra la humedad, apto para usar en ba\u00f1os.\",\"breadcrumb\":{\"@id\":\"https:\/\/ledsolintel.com\/product\/downlight-led-redondo-blanco-de-superficie-modelo-moon-potencia-11w-de-roblan\/#breadcrumb\"},\"inLanguage\":\"fr-FR\",\"potentialAction\":[{\"@type\":\"ReadAction\",\"target\":[\"https:\/\/ledsolintel.com\/product\/downlight-led-redondo-blanco-de-superficie-modelo-moon-potencia-11w-de-roblan\/\"]}]},{\"@type\":\"ImageObject\",\"inLanguage\":\"fr-FR\",\"@id\":\"https:\/\/ledsolintel.com\/product\/downlight-led-redondo-blanco-de-superficie-modelo-moon-potencia-11w-de-roblan\/#primaryimage\",\"url\":\"https:\/\/ledsolintel.com\/wp-content\/uploads\/2015\/07\/7561-Downlight-LED-MOON-redondo-11W18W-de-ROBLAN.jpg\",\"contentUrl\":\"https:\/\/ledsolintel.com\/wp-content\/uploads\/2015\/07\/7561-Downlight-LED-MOON-redondo-11W18W-de-ROBLAN.jpg\",\"caption\":\"Downlight LED MOON redondo 11W\/18W de ROBLAN\"},{\"@type\":\"BreadcrumbList\",\"@id\":\"https:\/\/ledsolintel.com\/product\/downlight-led-redondo-blanco-de-superficie-modelo-moon-potencia-11w-de-roblan\/#breadcrumb\",\"itemListElement\":[{\"@type\":\"ListItem\",\"position\":1,\"name\":\"Portada\",\"item\":\"https:\/\/ledsolintel.com\/fr\/\"},{\"@type\":\"ListItem\",\"position\":2,\"name\":\"Tienda\",\"item\":\"https:\/\/ledsolintel.com\/tienda\/\"},{\"@type\":\"ListItem\",\"position\":3,\"name\":\"Plaf\u00f3n LED MOON redondo 11W de ROBLAN\"}]},{\"@type\":\"WebSite\",\"@id\":\"https:\/\/ledsolintel.com\/#website\",\"url\":\"https:\/\/ledsolintel.com\/\",\"name\":\"Webmenaje\",\"description\":\"Tienda de bombillas y l\u00e1mparas LED para profesionales\",\"publisher\":{\"@id\":\"https:\/\/ledsolintel.com\/#organization\"},\"potentialAction\":[{\"@type\":\"SearchAction\",\"target\":{\"@type\":\"EntryPoint\",\"urlTemplate\":\"https:\/\/ledsolintel.com\/?s={search_term_string}\"},\"query-input\":{\"@type\":\"PropertyValueSpecification\",\"valueRequired\":true,\"valueName\":\"search_term_string\"}}],\"inLanguage\":\"fr-FR\"},{\"@type\":\"Organization\",\"@id\":\"https:\/\/ledsolintel.com\/#organization\",\"name\":\"Solintel Noroeste, S.L.\",\"url\":\"https:\/\/ledsolintel.com\/\",\"logo\":{\"@type\":\"ImageObject\",\"inLanguage\":\"fr-FR\",\"@id\":\"https:\/\/ledsolintel.com\/#\/schema\/logo\/image\/\",\"url\":\"https:\/\/ledsolintel.com\/wp-content\/uploads\/2024\/11\/webmenaje-logo-1508269066.jpg\",\"contentUrl\":\"https:\/\/ledsolintel.com\/wp-content\/uploads\/2024\/11\/webmenaje-logo-1508269066.jpg\",\"width\":370,\"height\":90,\"caption\":\"Solintel Noroeste, S.L.\"},\"image\":{\"@id\":\"https:\/\/ledsolintel.com\/#\/schema\/logo\/image\/\"},\"sameAs\":[\"http:\/\/www.facebook.com\/webmenaje\",\"https:\/\/x.com\/webmenaje\",\"https:\/\/www.youtube.com\/channel\/UCX2KoVoeCG4LocZjUc6LmSQ\",\"http:\/\/www.pinterest.com\/webmenaje\"]}]}<\/script>\n<!-- \/ Yoast SEO plugin. -->","yoast_head_json":{"title":"ROBLAN MOON downlight LED rond 11W","description":"ROBLAN MOON downlight LED rond de 11W. Efficace et facile \u00e0 installer en surface. Pilote int\u00e9gr\u00e9. Prot\u00e9g\u00e9 contre l'humidit\u00e9, convient aux salles de bains.","robots":{"index":"index","follow":"follow","max-snippet":"max-snippet:-1","max-image-preview":"max-image-preview:large","max-video-preview":"max-video-preview:-1"},"canonical":"https:\/\/ledsolintel.com\/fr\/produit-2\/downlight-led-redondo-blanco-de-superficie-modelo-moon-potencia-11w-de-roblan\/","og_locale":"fr_FR","og_type":"article","og_title":"Downlight LED MOON redondo 11W de ROBLAN","og_description":"Downlight LED MOON redondo 11W de ROBLAN. Eficiente y f\u00e1cil de instalar en superficie. Driver integrado. Protegido contra la humedad, apto para usar en ba\u00f1os.","og_url":"https:\/\/ledsolintel.com\/fr\/produit-2\/downlight-led-redondo-blanco-de-superficie-modelo-moon-potencia-11w-de-roblan\/","og_site_name":"Ledsolintel","article_publisher":"http:\/\/www.facebook.com\/webmenaje","og_image":[{"url":"https:\/\/ledsolintel.com\/wp-content\/uploads\/2015\/07\/7561-Downlight-LED-MOON-redondo-11W18W-de-ROBLAN.jpg","width":1,"height":1,"type":"image\/jpeg"}],"twitter_card":"summary_large_image","twitter_site":"@webmenaje","schema":{"@context":"https:\/\/schema.org","@graph":[{"@type":"WebPage","@id":"https:\/\/ledsolintel.com\/product\/downlight-led-redondo-blanco-de-superficie-modelo-moon-potencia-11w-de-roblan\/","url":"https:\/\/ledsolintel.com\/product\/downlight-led-redondo-blanco-de-superficie-modelo-moon-potencia-11w-de-roblan\/","name":"ROBLAN MOON downlight LED rond 11W","isPartOf":{"@id":"https:\/\/ledsolintel.com\/#website"},"primaryImageOfPage":{"@id":"https:\/\/ledsolintel.com\/product\/downlight-led-redondo-blanco-de-superficie-modelo-moon-potencia-11w-de-roblan\/#primaryimage"},"image":{"@id":"https:\/\/ledsolintel.com\/product\/downlight-led-redondo-blanco-de-superficie-modelo-moon-potencia-11w-de-roblan\/#primaryimage"},"thumbnailUrl":"https:\/\/ledsolintel.com\/wp-content\/uploads\/2015\/07\/7561-Downlight-LED-MOON-redondo-11W18W-de-ROBLAN.jpg","datePublished":"2015-07-24T11:57:17+00:00","description":"ROBLAN MOON downlight LED rond de 11W. Efficace et facile \u00e0 installer en surface. Pilote int\u00e9gr\u00e9. Prot\u00e9g\u00e9 contre l'humidit\u00e9, convient aux salles de bains.","breadcrumb":{"@id":"https:\/\/ledsolintel.com\/product\/downlight-led-redondo-blanco-de-superficie-modelo-moon-potencia-11w-de-roblan\/#breadcrumb"},"inLanguage":"fr-FR","potentialAction":[{"@type":"ReadAction","target":["https:\/\/ledsolintel.com\/product\/downlight-led-redondo-blanco-de-superficie-modelo-moon-potencia-11w-de-roblan\/"]}]},{"@type":"ImageObject","inLanguage":"fr-FR","@id":"https:\/\/ledsolintel.com\/product\/downlight-led-redondo-blanco-de-superficie-modelo-moon-potencia-11w-de-roblan\/#primaryimage","url":"https:\/\/ledsolintel.com\/wp-content\/uploads\/2015\/07\/7561-Downlight-LED-MOON-redondo-11W18W-de-ROBLAN.jpg","contentUrl":"https:\/\/ledsolintel.com\/wp-content\/uploads\/2015\/07\/7561-Downlight-LED-MOON-redondo-11W18W-de-ROBLAN.jpg","caption":"Downlight LED MOON redondo 11W\/18W de ROBLAN"},{"@type":"BreadcrumbList","@id":"https:\/\/ledsolintel.com\/product\/downlight-led-redondo-blanco-de-superficie-modelo-moon-potencia-11w-de-roblan\/#breadcrumb","itemListElement":[{"@type":"ListItem","position":1,"name":"Portada","item":"https:\/\/ledsolintel.com\/fr\/"},{"@type":"ListItem","position":2,"name":"Tienda","item":"https:\/\/ledsolintel.com\/tienda\/"},{"@type":"ListItem","position":3,"name":"Plaf\u00f3n LED MOON redondo 11W de ROBLAN"}]},{"@type":"WebSite","@id":"https:\/\/ledsolintel.com\/#website","url":"https:\/\/ledsolintel.com\/","name":"Webmenaje","description":"Magasin d'ampoules et de lampes LED pour les professionnels","publisher":{"@id":"https:\/\/ledsolintel.com\/#organization"},"potentialAction":[{"@type":"SearchAction","target":{"@type":"EntryPoint","urlTemplate":"https:\/\/ledsolintel.com\/?s={search_term_string}"},"query-input":{"@type":"PropertyValueSpecification","valueRequired":true,"valueName":"search_term_string"}}],"inLanguage":"fr-FR"},{"@type":"Organization","@id":"https:\/\/ledsolintel.com\/#organization","name":"Solintel Noroeste, S.L.","url":"https:\/\/ledsolintel.com\/","logo":{"@type":"ImageObject","inLanguage":"fr-FR","@id":"https:\/\/ledsolintel.com\/#\/schema\/logo\/image\/","url":"https:\/\/ledsolintel.com\/wp-content\/uploads\/2024\/11\/webmenaje-logo-1508269066.jpg","contentUrl":"https:\/\/ledsolintel.com\/wp-content\/uploads\/2024\/11\/webmenaje-logo-1508269066.jpg","width":370,"height":90,"caption":"Solintel Noroeste, S.L."},"image":{"@id":"https:\/\/ledsolintel.com\/#\/schema\/logo\/image\/"},"sameAs":["http:\/\/www.facebook.com\/webmenaje","https:\/\/x.com\/webmenaje","https:\/\/www.youtube.com\/channel\/UCX2KoVoeCG4LocZjUc6LmSQ","http:\/\/www.pinterest.com\/webmenaje"]}]}},"_links":{"self":[{"href":"https:\/\/ledsolintel.com\/fr\/wp-json\/wp\/v2\/product\/239934","targetHints":{"allow":["GET"]}}],"collection":[{"href":"https:\/\/ledsolintel.com\/fr\/wp-json\/wp\/v2\/product"}],"about":[{"href":"https:\/\/ledsolintel.com\/fr\/wp-json\/wp\/v2\/types\/product"}],"version-history":[{"count":0,"href":"https:\/\/ledsolintel.com\/fr\/wp-json\/wp\/v2\/product\/239934\/revisions"}],"wp:featuredmedia":[{"embeddable":true,"href":"https:\/\/ledsolintel.com\/fr\/wp-json\/wp\/v2\/media\/239931"}],"wp:attachment":[{"href":"https:\/\/ledsolintel.com\/fr\/wp-json\/wp\/v2\/media?parent=239934"}],"wp:term":[{"taxonomy":"product_brand","embeddable":true,"href":"https:\/\/ledsolintel.com\/fr\/wp-json\/wp\/v2\/product_brand?post=239934"},{"taxonomy":"product_cat","embeddable":true,"href":"https:\/\/ledsolintel.com\/fr\/wp-json\/wp\/v2\/product_cat?post=239934"},{"taxonomy":"product_tag","embeddable":true,"href":"https:\/\/ledsolintel.com\/fr\/wp-json\/wp\/v2\/product_tag?post=239934"}],"curies":[{"name":"wp","href":"https:\/\/api.w.org\/{rel}","templated":true}]}}