{"id":239928,"date":"2015-04-24T10:56:14","date_gmt":"2015-04-24T08:56:14","guid":{"rendered":"https:\/\/nueva.ledsolintel.com\/product\/plafon-de-superficie-para-exterior-8w-de-roblan\/"},"modified":"2015-04-24T10:56:14","modified_gmt":"2015-04-24T08:56:14","slug":"plafon-de-superficie-para-exterior-8w-de-roblan","status":"publish","type":"product","link":"https:\/\/ledsolintel.com\/fr\/produit-2\/plafon-de-superficie-para-exterior-8w-de-roblan\/","title":{"rendered":"FPL ROUND 8W plafonnier d'ext\u00e9rieur de Roblan"},"content":{"rendered":"<h3>Caract\u00e9ristiques :<\/h3>\n<ul>\n<li>Puissance : 8W<\/li>\n<li>Tension : 100 - 240V AC<\/li>\n<li>Luminosit\u00e9 : 700 lm<\/li>\n<li>CCT : 4100K<\/li>\n<li>Optique : 110\u00ba.<\/li>\n<li>Dur\u00e9e de vie : 36 000 h<\/li>\n<li>Dimensions : 300 x 100 mm<\/li>\n<li>IRC &gt; 70<\/li>\n<li>Protection IP66<\/li>\n<li>Protection IK08<\/li>\n<li>PF &gt; 0,5<\/li>\n<\/ul>","protected":false},"excerpt":{"rendered":"<p>FPL ROUND 8W plafonnier d'ext\u00e9rieur de Roblan. Lampe \u00e9conomique, r\u00e9sistante \u00e0 l'eau et \u00e0 la poussi\u00e8re pour l'\u00e9clairage des fa\u00e7ades et des terrasses.<\/p>","protected":false},"featured_media":239923,"template":"","meta":[],"product_brand":[99355],"product_cat":[99575,99689],"product_tag":[],"class_list":{"0":"post-239928","1":"product","2":"type-product","3":"status-publish","4":"has-post-thumbnail","6":"product_brand-roblan","7":"product_cat-iluminacion-para-jardines-y-exteriores","8":"product_cat-lamparas-de-techo-para-exterior","9":"pa_forma-redondo","10":"pa_forma-semicircular","13":"instock","14":"taxable","15":"shipping-taxable","16":"purchasable","17":"product-type-variable","18":"has-default-attributes"},"yoast_head":"<!-- This site is optimized with the Yoast SEO plugin v26.6 - https:\/\/yoast.com\/wordpress\/plugins\/seo\/ -->\n<title>Plaf\u00f3n exterior FPL ROUND 8W de Roblan<\/title>\n<meta name=\"description\" content=\"Plaf\u00f3n exterior FPL ROUND 8W de Roblan. L\u00e1mpara econ\u00f3mica y resistente al agua y el polvo, para el alumbrado de fachadas y terrazas.\" \/>\n<meta name=\"robots\" content=\"index, follow, max-snippet:-1, max-image-preview:large, max-video-preview:-1\" \/>\n<link rel=\"canonical\" href=\"https:\/\/ledsolintel.com\/fr\/produit-2\/plafon-de-superficie-para-exterior-8w-de-roblan\/\" \/>\n<meta property=\"og:locale\" content=\"fr_FR\" \/>\n<meta property=\"og:type\" content=\"article\" \/>\n<meta property=\"og:title\" content=\"Plaf\u00f3n exterior FPL ROUND 8W de Roblan\" \/>\n<meta property=\"og:description\" content=\"Plaf\u00f3n exterior FPL ROUND 8W de Roblan. L\u00e1mpara econ\u00f3mica y resistente al agua y el polvo, para el alumbrado de fachadas y terrazas.\" \/>\n<meta property=\"og:url\" content=\"https:\/\/ledsolintel.com\/fr\/produit-2\/plafon-de-superficie-para-exterior-8w-de-roblan\/\" \/>\n<meta property=\"og:site_name\" content=\"Ledsolintel\" \/>\n<meta property=\"article:publisher\" content=\"http:\/\/www.facebook.com\/webmenaje\" \/>\n<meta property=\"og:image\" content=\"https:\/\/ledsolintel.com\/wp-content\/uploads\/2015\/04\/1811-Plafon-de-superficie-para-exterior-8W-redondo-de-Roblan.jpg\" \/>\n\t<meta property=\"og:image:width\" content=\"1\" \/>\n\t<meta property=\"og:image:height\" content=\"1\" \/>\n\t<meta property=\"og:image:type\" content=\"image\/jpeg\" \/>\n<meta name=\"twitter:card\" content=\"summary_large_image\" \/>\n<meta name=\"twitter:site\" content=\"@webmenaje\" \/>\n<script type=\"application\/ld+json\" class=\"yoast-schema-graph\">{\"@context\":\"https:\/\/schema.org\",\"@graph\":[{\"@type\":\"WebPage\",\"@id\":\"https:\/\/ledsolintel.com\/product\/plafon-de-superficie-para-exterior-8w-de-roblan\/\",\"url\":\"https:\/\/ledsolintel.com\/product\/plafon-de-superficie-para-exterior-8w-de-roblan\/\",\"name\":\"Plaf\u00f3n exterior FPL ROUND 8W de Roblan\",\"isPartOf\":{\"@id\":\"https:\/\/ledsolintel.com\/#website\"},\"primaryImageOfPage\":{\"@id\":\"https:\/\/ledsolintel.com\/product\/plafon-de-superficie-para-exterior-8w-de-roblan\/#primaryimage\"},\"image\":{\"@id\":\"https:\/\/ledsolintel.com\/product\/plafon-de-superficie-para-exterior-8w-de-roblan\/#primaryimage\"},\"thumbnailUrl\":\"https:\/\/ledsolintel.com\/wp-content\/uploads\/2015\/04\/1811-Plafon-de-superficie-para-exterior-8W-redondo-de-Roblan.jpg\",\"datePublished\":\"2015-04-24T08:56:14+00:00\",\"description\":\"Plaf\u00f3n exterior FPL ROUND 8W de Roblan. L\u00e1mpara econ\u00f3mica y resistente al agua y el polvo, para el alumbrado de fachadas y terrazas.\",\"breadcrumb\":{\"@id\":\"https:\/\/ledsolintel.com\/product\/plafon-de-superficie-para-exterior-8w-de-roblan\/#breadcrumb\"},\"inLanguage\":\"fr-FR\",\"potentialAction\":[{\"@type\":\"ReadAction\",\"target\":[\"https:\/\/ledsolintel.com\/product\/plafon-de-superficie-para-exterior-8w-de-roblan\/\"]}]},{\"@type\":\"ImageObject\",\"inLanguage\":\"fr-FR\",\"@id\":\"https:\/\/ledsolintel.com\/product\/plafon-de-superficie-para-exterior-8w-de-roblan\/#primaryimage\",\"url\":\"https:\/\/ledsolintel.com\/wp-content\/uploads\/2015\/04\/1811-Plafon-de-superficie-para-exterior-8W-redondo-de-Roblan.jpg\",\"contentUrl\":\"https:\/\/ledsolintel.com\/wp-content\/uploads\/2015\/04\/1811-Plafon-de-superficie-para-exterior-8W-redondo-de-Roblan.jpg\",\"caption\":\"Plaf\u00f3n de superf\u00edcie para exterior 8W redondo de Roblan\"},{\"@type\":\"BreadcrumbList\",\"@id\":\"https:\/\/ledsolintel.com\/product\/plafon-de-superficie-para-exterior-8w-de-roblan\/#breadcrumb\",\"itemListElement\":[{\"@type\":\"ListItem\",\"position\":1,\"name\":\"Portada\",\"item\":\"https:\/\/ledsolintel.com\/fr\/\"},{\"@type\":\"ListItem\",\"position\":2,\"name\":\"Tienda\",\"item\":\"https:\/\/ledsolintel.com\/tienda\/\"},{\"@type\":\"ListItem\",\"position\":3,\"name\":\"Plaf\u00f3n exterior FPL ROUND 8W de Roblan\"}]},{\"@type\":\"WebSite\",\"@id\":\"https:\/\/ledsolintel.com\/#website\",\"url\":\"https:\/\/ledsolintel.com\/\",\"name\":\"Webmenaje\",\"description\":\"Tienda de bombillas y l\u00e1mparas LED para profesionales\",\"publisher\":{\"@id\":\"https:\/\/ledsolintel.com\/#organization\"},\"potentialAction\":[{\"@type\":\"SearchAction\",\"target\":{\"@type\":\"EntryPoint\",\"urlTemplate\":\"https:\/\/ledsolintel.com\/?s={search_term_string}\"},\"query-input\":{\"@type\":\"PropertyValueSpecification\",\"valueRequired\":true,\"valueName\":\"search_term_string\"}}],\"inLanguage\":\"fr-FR\"},{\"@type\":\"Organization\",\"@id\":\"https:\/\/ledsolintel.com\/#organization\",\"name\":\"Solintel Noroeste, S.L.\",\"url\":\"https:\/\/ledsolintel.com\/\",\"logo\":{\"@type\":\"ImageObject\",\"inLanguage\":\"fr-FR\",\"@id\":\"https:\/\/ledsolintel.com\/#\/schema\/logo\/image\/\",\"url\":\"https:\/\/ledsolintel.com\/wp-content\/uploads\/2024\/11\/webmenaje-logo-1508269066.jpg\",\"contentUrl\":\"https:\/\/ledsolintel.com\/wp-content\/uploads\/2024\/11\/webmenaje-logo-1508269066.jpg\",\"width\":370,\"height\":90,\"caption\":\"Solintel Noroeste, S.L.\"},\"image\":{\"@id\":\"https:\/\/ledsolintel.com\/#\/schema\/logo\/image\/\"},\"sameAs\":[\"http:\/\/www.facebook.com\/webmenaje\",\"https:\/\/x.com\/webmenaje\",\"https:\/\/www.youtube.com\/channel\/UCX2KoVoeCG4LocZjUc6LmSQ\",\"http:\/\/www.pinterest.com\/webmenaje\"]}]}<\/script>\n<!-- \/ Yoast SEO plugin. -->","yoast_head_json":{"title":"FPL ROUND 8W plafonnier d'ext\u00e9rieur de Roblan","description":"FPL ROUND 8W plafonnier d'ext\u00e9rieur de Roblan. Lampe \u00e9conomique, r\u00e9sistante \u00e0 l'eau et \u00e0 la poussi\u00e8re pour l'\u00e9clairage des fa\u00e7ades et des terrasses.","robots":{"index":"index","follow":"follow","max-snippet":"max-snippet:-1","max-image-preview":"max-image-preview:large","max-video-preview":"max-video-preview:-1"},"canonical":"https:\/\/ledsolintel.com\/fr\/produit-2\/plafon-de-superficie-para-exterior-8w-de-roblan\/","og_locale":"fr_FR","og_type":"article","og_title":"Plaf\u00f3n exterior FPL ROUND 8W de Roblan","og_description":"Plaf\u00f3n exterior FPL ROUND 8W de Roblan. L\u00e1mpara econ\u00f3mica y resistente al agua y el polvo, para el alumbrado de fachadas y terrazas.","og_url":"https:\/\/ledsolintel.com\/fr\/produit-2\/plafon-de-superficie-para-exterior-8w-de-roblan\/","og_site_name":"Ledsolintel","article_publisher":"http:\/\/www.facebook.com\/webmenaje","og_image":[{"url":"https:\/\/ledsolintel.com\/wp-content\/uploads\/2015\/04\/1811-Plafon-de-superficie-para-exterior-8W-redondo-de-Roblan.jpg","width":1,"height":1,"type":"image\/jpeg"}],"twitter_card":"summary_large_image","twitter_site":"@webmenaje","schema":{"@context":"https:\/\/schema.org","@graph":[{"@type":"WebPage","@id":"https:\/\/ledsolintel.com\/product\/plafon-de-superficie-para-exterior-8w-de-roblan\/","url":"https:\/\/ledsolintel.com\/product\/plafon-de-superficie-para-exterior-8w-de-roblan\/","name":"FPL ROUND 8W plafonnier d'ext\u00e9rieur de Roblan","isPartOf":{"@id":"https:\/\/ledsolintel.com\/#website"},"primaryImageOfPage":{"@id":"https:\/\/ledsolintel.com\/product\/plafon-de-superficie-para-exterior-8w-de-roblan\/#primaryimage"},"image":{"@id":"https:\/\/ledsolintel.com\/product\/plafon-de-superficie-para-exterior-8w-de-roblan\/#primaryimage"},"thumbnailUrl":"https:\/\/ledsolintel.com\/wp-content\/uploads\/2015\/04\/1811-Plafon-de-superficie-para-exterior-8W-redondo-de-Roblan.jpg","datePublished":"2015-04-24T08:56:14+00:00","description":"FPL ROUND 8W plafonnier d'ext\u00e9rieur de Roblan. Lampe \u00e9conomique, r\u00e9sistante \u00e0 l'eau et \u00e0 la poussi\u00e8re pour l'\u00e9clairage des fa\u00e7ades et des terrasses.","breadcrumb":{"@id":"https:\/\/ledsolintel.com\/product\/plafon-de-superficie-para-exterior-8w-de-roblan\/#breadcrumb"},"inLanguage":"fr-FR","potentialAction":[{"@type":"ReadAction","target":["https:\/\/ledsolintel.com\/product\/plafon-de-superficie-para-exterior-8w-de-roblan\/"]}]},{"@type":"ImageObject","inLanguage":"fr-FR","@id":"https:\/\/ledsolintel.com\/product\/plafon-de-superficie-para-exterior-8w-de-roblan\/#primaryimage","url":"https:\/\/ledsolintel.com\/wp-content\/uploads\/2015\/04\/1811-Plafon-de-superficie-para-exterior-8W-redondo-de-Roblan.jpg","contentUrl":"https:\/\/ledsolintel.com\/wp-content\/uploads\/2015\/04\/1811-Plafon-de-superficie-para-exterior-8W-redondo-de-Roblan.jpg","caption":"Plaf\u00f3n de superf\u00edcie para exterior 8W redondo de Roblan"},{"@type":"BreadcrumbList","@id":"https:\/\/ledsolintel.com\/product\/plafon-de-superficie-para-exterior-8w-de-roblan\/#breadcrumb","itemListElement":[{"@type":"ListItem","position":1,"name":"Portada","item":"https:\/\/ledsolintel.com\/fr\/"},{"@type":"ListItem","position":2,"name":"Tienda","item":"https:\/\/ledsolintel.com\/tienda\/"},{"@type":"ListItem","position":3,"name":"Plaf\u00f3n exterior FPL ROUND 8W de Roblan"}]},{"@type":"WebSite","@id":"https:\/\/ledsolintel.com\/#website","url":"https:\/\/ledsolintel.com\/","name":"Webmenaje","description":"Magasin d'ampoules et de lampes LED pour les professionnels","publisher":{"@id":"https:\/\/ledsolintel.com\/#organization"},"potentialAction":[{"@type":"SearchAction","target":{"@type":"EntryPoint","urlTemplate":"https:\/\/ledsolintel.com\/?s={search_term_string}"},"query-input":{"@type":"PropertyValueSpecification","valueRequired":true,"valueName":"search_term_string"}}],"inLanguage":"fr-FR"},{"@type":"Organization","@id":"https:\/\/ledsolintel.com\/#organization","name":"Solintel Noroeste, S.L.","url":"https:\/\/ledsolintel.com\/","logo":{"@type":"ImageObject","inLanguage":"fr-FR","@id":"https:\/\/ledsolintel.com\/#\/schema\/logo\/image\/","url":"https:\/\/ledsolintel.com\/wp-content\/uploads\/2024\/11\/webmenaje-logo-1508269066.jpg","contentUrl":"https:\/\/ledsolintel.com\/wp-content\/uploads\/2024\/11\/webmenaje-logo-1508269066.jpg","width":370,"height":90,"caption":"Solintel Noroeste, S.L."},"image":{"@id":"https:\/\/ledsolintel.com\/#\/schema\/logo\/image\/"},"sameAs":["http:\/\/www.facebook.com\/webmenaje","https:\/\/x.com\/webmenaje","https:\/\/www.youtube.com\/channel\/UCX2KoVoeCG4LocZjUc6LmSQ","http:\/\/www.pinterest.com\/webmenaje"]}]}},"_links":{"self":[{"href":"https:\/\/ledsolintel.com\/fr\/wp-json\/wp\/v2\/product\/239928","targetHints":{"allow":["GET"]}}],"collection":[{"href":"https:\/\/ledsolintel.com\/fr\/wp-json\/wp\/v2\/product"}],"about":[{"href":"https:\/\/ledsolintel.com\/fr\/wp-json\/wp\/v2\/types\/product"}],"version-history":[{"count":0,"href":"https:\/\/ledsolintel.com\/fr\/wp-json\/wp\/v2\/product\/239928\/revisions"}],"wp:featuredmedia":[{"embeddable":true,"href":"https:\/\/ledsolintel.com\/fr\/wp-json\/wp\/v2\/media\/239923"}],"wp:attachment":[{"href":"https:\/\/ledsolintel.com\/fr\/wp-json\/wp\/v2\/media?parent=239928"}],"wp:term":[{"taxonomy":"product_brand","embeddable":true,"href":"https:\/\/ledsolintel.com\/fr\/wp-json\/wp\/v2\/product_brand?post=239928"},{"taxonomy":"product_cat","embeddable":true,"href":"https:\/\/ledsolintel.com\/fr\/wp-json\/wp\/v2\/product_cat?post=239928"},{"taxonomy":"product_tag","embeddable":true,"href":"https:\/\/ledsolintel.com\/fr\/wp-json\/wp\/v2\/product_tag?post=239928"}],"curies":[{"name":"wp","href":"https:\/\/api.w.org\/{rel}","templated":true}]}}