{"id":239904,"date":"2015-04-10T01:57:40","date_gmt":"2015-04-09T23:57:40","guid":{"rendered":"https:\/\/nueva.ledsolintel.com\/product\/par-30-led-10w-de-beneito-faure\/"},"modified":"2015-04-10T01:57:40","modified_gmt":"2015-04-09T23:57:40","slug":"par-30-led-10w-de-beneito-faure","status":"publish","type":"product","link":"https:\/\/ledsolintel.com\/fr\/produit-2\/par-30-led-10w-de-beneito-faure\/","title":{"rendered":"PAR30 LED 10W de Beneito Faure"},"content":{"rendered":"<h3>Paire de 30 LED 10W par Beneito Faure<\/h3>\n<p>\u00a0<\/p>\n<ul>\n<li>Puissance : 10W<\/li>\n<li>Tension : 220-240 V AC<\/li>\n<li>Luminance : 660 lm<\/li>\n<li>Optique : 45<\/li>\n<li>CCT : 300 K<\/li>\n<li>Dur\u00e9e de vie : 25 000 h<\/li>\n<li>Protection IP65<\/li>\n<li>IRC &gt; 80<\/li>\n<li>Taille : 95 x 97 mm<\/li>\n<li>PF &gt; 0,8<\/li>\n<\/ul>","protected":false},"excerpt":{"rendered":"<p>Paire de 30 LED 10W par Beneito Faure. \u00c9tanche, convient \u00e0 l'\u00e9clairage commercial et professionnel ext\u00e9rieur et int\u00e9rieur. Parfait pour les boutiques de mode et l'h\u00f4tellerie.<\/p>","protected":false},"featured_media":239900,"template":"","meta":[],"product_brand":[99357],"product_cat":[99571,99919],"product_tag":[],"class_list":{"0":"post-239904","1":"product","2":"type-product","3":"status-publish","4":"has-post-thumbnail","6":"product_brand-beneito-faure","7":"product_cat-bombillas-led","8":"product_cat-bombillas-led-par","11":"instock","12":"taxable","13":"shipping-taxable","14":"purchasable","15":"product-type-simple"},"yoast_head":"<!-- This site is optimized with the Yoast SEO plugin v26.6 - https:\/\/yoast.com\/wordpress\/plugins\/seo\/ -->\n<title>Par 30 LED 10W de Beneito Faure<\/title>\n<meta name=\"description\" content=\"Par 30 LED 10W de Beneito Faure. Protegidas contra el agua, iluminaci\u00f3n comercial y profesional en exteriores e interiores. Tiendas de moda y hosteler\u00eda.\" \/>\n<meta name=\"robots\" content=\"index, follow, max-snippet:-1, max-image-preview:large, max-video-preview:-1\" \/>\n<link rel=\"canonical\" href=\"https:\/\/ledsolintel.com\/fr\/produit-2\/par-30-led-10w-de-beneito-faure\/\" \/>\n<meta property=\"og:locale\" content=\"fr_FR\" \/>\n<meta property=\"og:type\" content=\"article\" \/>\n<meta property=\"og:title\" content=\"Par 30 LED 10W de Beneito Faure\" \/>\n<meta property=\"og:description\" content=\"Par 30 LED 10W de Beneito Faure. Protegidas contra el agua, iluminaci\u00f3n comercial y profesional en exteriores e interiores. Tiendas de moda y hosteler\u00eda.\" \/>\n<meta property=\"og:url\" content=\"https:\/\/ledsolintel.com\/fr\/produit-2\/par-30-led-10w-de-beneito-faure\/\" \/>\n<meta property=\"og:site_name\" content=\"Ledsolintel\" \/>\n<meta property=\"article:publisher\" content=\"http:\/\/www.facebook.com\/webmenaje\" \/>\n<meta property=\"og:image\" content=\"https:\/\/ledsolintel.com\/wp-content\/uploads\/2015\/04\/8984-PAR-30-10W-E27-220V-45o-R-LINE-LED-de-Beneito-Faure.jpg\" \/>\n\t<meta property=\"og:image:width\" content=\"1\" \/>\n\t<meta property=\"og:image:height\" content=\"1\" \/>\n\t<meta property=\"og:image:type\" content=\"image\/jpeg\" \/>\n<meta name=\"twitter:card\" content=\"summary_large_image\" \/>\n<meta name=\"twitter:site\" content=\"@webmenaje\" \/>\n<script type=\"application\/ld+json\" class=\"yoast-schema-graph\">{\"@context\":\"https:\/\/schema.org\",\"@graph\":[{\"@type\":\"WebPage\",\"@id\":\"https:\/\/ledsolintel.com\/product\/par-30-led-10w-de-beneito-faure\/\",\"url\":\"https:\/\/ledsolintel.com\/product\/par-30-led-10w-de-beneito-faure\/\",\"name\":\"Par 30 LED 10W de Beneito Faure\",\"isPartOf\":{\"@id\":\"https:\/\/ledsolintel.com\/#website\"},\"primaryImageOfPage\":{\"@id\":\"https:\/\/ledsolintel.com\/product\/par-30-led-10w-de-beneito-faure\/#primaryimage\"},\"image\":{\"@id\":\"https:\/\/ledsolintel.com\/product\/par-30-led-10w-de-beneito-faure\/#primaryimage\"},\"thumbnailUrl\":\"https:\/\/ledsolintel.com\/wp-content\/uploads\/2015\/04\/8984-PAR-30-10W-E27-220V-45o-R-LINE-LED-de-Beneito-Faure.jpg\",\"datePublished\":\"2015-04-09T23:57:40+00:00\",\"description\":\"Par 30 LED 10W de Beneito Faure. Protegidas contra el agua, iluminaci\u00f3n comercial y profesional en exteriores e interiores. Tiendas de moda y hosteler\u00eda.\",\"breadcrumb\":{\"@id\":\"https:\/\/ledsolintel.com\/product\/par-30-led-10w-de-beneito-faure\/#breadcrumb\"},\"inLanguage\":\"fr-FR\",\"potentialAction\":[{\"@type\":\"ReadAction\",\"target\":[\"https:\/\/ledsolintel.com\/product\/par-30-led-10w-de-beneito-faure\/\"]}]},{\"@type\":\"ImageObject\",\"inLanguage\":\"fr-FR\",\"@id\":\"https:\/\/ledsolintel.com\/product\/par-30-led-10w-de-beneito-faure\/#primaryimage\",\"url\":\"https:\/\/ledsolintel.com\/wp-content\/uploads\/2015\/04\/8984-PAR-30-10W-E27-220V-45o-R-LINE-LED-de-Beneito-Faure.jpg\",\"contentUrl\":\"https:\/\/ledsolintel.com\/wp-content\/uploads\/2015\/04\/8984-PAR-30-10W-E27-220V-45o-R-LINE-LED-de-Beneito-Faure.jpg\",\"caption\":\"PAR 30 10W E27 220V 45\u00ba R-LINE LED de Beneito Faure\"},{\"@type\":\"BreadcrumbList\",\"@id\":\"https:\/\/ledsolintel.com\/product\/par-30-led-10w-de-beneito-faure\/#breadcrumb\",\"itemListElement\":[{\"@type\":\"ListItem\",\"position\":1,\"name\":\"Portada\",\"item\":\"https:\/\/ledsolintel.com\/fr\/\"},{\"@type\":\"ListItem\",\"position\":2,\"name\":\"Tienda\",\"item\":\"https:\/\/ledsolintel.com\/tienda\/\"},{\"@type\":\"ListItem\",\"position\":3,\"name\":\"PAR30 LED 10W de Beneito Faure\"}]},{\"@type\":\"WebSite\",\"@id\":\"https:\/\/ledsolintel.com\/#website\",\"url\":\"https:\/\/ledsolintel.com\/\",\"name\":\"Webmenaje\",\"description\":\"Tienda de bombillas y l\u00e1mparas LED para profesionales\",\"publisher\":{\"@id\":\"https:\/\/ledsolintel.com\/#organization\"},\"potentialAction\":[{\"@type\":\"SearchAction\",\"target\":{\"@type\":\"EntryPoint\",\"urlTemplate\":\"https:\/\/ledsolintel.com\/?s={search_term_string}\"},\"query-input\":{\"@type\":\"PropertyValueSpecification\",\"valueRequired\":true,\"valueName\":\"search_term_string\"}}],\"inLanguage\":\"fr-FR\"},{\"@type\":\"Organization\",\"@id\":\"https:\/\/ledsolintel.com\/#organization\",\"name\":\"Solintel Noroeste, S.L.\",\"url\":\"https:\/\/ledsolintel.com\/\",\"logo\":{\"@type\":\"ImageObject\",\"inLanguage\":\"fr-FR\",\"@id\":\"https:\/\/ledsolintel.com\/#\/schema\/logo\/image\/\",\"url\":\"https:\/\/ledsolintel.com\/wp-content\/uploads\/2024\/11\/webmenaje-logo-1508269066.jpg\",\"contentUrl\":\"https:\/\/ledsolintel.com\/wp-content\/uploads\/2024\/11\/webmenaje-logo-1508269066.jpg\",\"width\":370,\"height\":90,\"caption\":\"Solintel Noroeste, S.L.\"},\"image\":{\"@id\":\"https:\/\/ledsolintel.com\/#\/schema\/logo\/image\/\"},\"sameAs\":[\"http:\/\/www.facebook.com\/webmenaje\",\"https:\/\/x.com\/webmenaje\",\"https:\/\/www.youtube.com\/channel\/UCX2KoVoeCG4LocZjUc6LmSQ\",\"http:\/\/www.pinterest.com\/webmenaje\"]}]}<\/script>\n<!-- \/ Yoast SEO plugin. -->","yoast_head_json":{"title":"Paire de 30 LED 10W par Beneito Faure","description":"Par 30 LED 10W de Beneito Faure. Protegidas contra el agua, iluminaci\u00f3n comercial y profesional en exteriores e interiores. Tiendas de moda y hosteler\u00eda.","robots":{"index":"index","follow":"follow","max-snippet":"max-snippet:-1","max-image-preview":"max-image-preview:large","max-video-preview":"max-video-preview:-1"},"canonical":"https:\/\/ledsolintel.com\/fr\/produit-2\/par-30-led-10w-de-beneito-faure\/","og_locale":"fr_FR","og_type":"article","og_title":"Par 30 LED 10W de Beneito Faure","og_description":"Par 30 LED 10W de Beneito Faure. Protegidas contra el agua, iluminaci\u00f3n comercial y profesional en exteriores e interiores. Tiendas de moda y hosteler\u00eda.","og_url":"https:\/\/ledsolintel.com\/fr\/produit-2\/par-30-led-10w-de-beneito-faure\/","og_site_name":"Ledsolintel","article_publisher":"http:\/\/www.facebook.com\/webmenaje","og_image":[{"url":"https:\/\/ledsolintel.com\/wp-content\/uploads\/2015\/04\/8984-PAR-30-10W-E27-220V-45o-R-LINE-LED-de-Beneito-Faure.jpg","width":1,"height":1,"type":"image\/jpeg"}],"twitter_card":"summary_large_image","twitter_site":"@webmenaje","schema":{"@context":"https:\/\/schema.org","@graph":[{"@type":"WebPage","@id":"https:\/\/ledsolintel.com\/product\/par-30-led-10w-de-beneito-faure\/","url":"https:\/\/ledsolintel.com\/product\/par-30-led-10w-de-beneito-faure\/","name":"Paire de 30 LED 10W par Beneito Faure","isPartOf":{"@id":"https:\/\/ledsolintel.com\/#website"},"primaryImageOfPage":{"@id":"https:\/\/ledsolintel.com\/product\/par-30-led-10w-de-beneito-faure\/#primaryimage"},"image":{"@id":"https:\/\/ledsolintel.com\/product\/par-30-led-10w-de-beneito-faure\/#primaryimage"},"thumbnailUrl":"https:\/\/ledsolintel.com\/wp-content\/uploads\/2015\/04\/8984-PAR-30-10W-E27-220V-45o-R-LINE-LED-de-Beneito-Faure.jpg","datePublished":"2015-04-09T23:57:40+00:00","description":"Par 30 LED 10W de Beneito Faure. Protegidas contra el agua, iluminaci\u00f3n comercial y profesional en exteriores e interiores. Tiendas de moda y hosteler\u00eda.","breadcrumb":{"@id":"https:\/\/ledsolintel.com\/product\/par-30-led-10w-de-beneito-faure\/#breadcrumb"},"inLanguage":"fr-FR","potentialAction":[{"@type":"ReadAction","target":["https:\/\/ledsolintel.com\/product\/par-30-led-10w-de-beneito-faure\/"]}]},{"@type":"ImageObject","inLanguage":"fr-FR","@id":"https:\/\/ledsolintel.com\/product\/par-30-led-10w-de-beneito-faure\/#primaryimage","url":"https:\/\/ledsolintel.com\/wp-content\/uploads\/2015\/04\/8984-PAR-30-10W-E27-220V-45o-R-LINE-LED-de-Beneito-Faure.jpg","contentUrl":"https:\/\/ledsolintel.com\/wp-content\/uploads\/2015\/04\/8984-PAR-30-10W-E27-220V-45o-R-LINE-LED-de-Beneito-Faure.jpg","caption":"PAR 30 10W E27 220V 45\u00ba R-LINE LED de Beneito Faure"},{"@type":"BreadcrumbList","@id":"https:\/\/ledsolintel.com\/product\/par-30-led-10w-de-beneito-faure\/#breadcrumb","itemListElement":[{"@type":"ListItem","position":1,"name":"Portada","item":"https:\/\/ledsolintel.com\/fr\/"},{"@type":"ListItem","position":2,"name":"Tienda","item":"https:\/\/ledsolintel.com\/tienda\/"},{"@type":"ListItem","position":3,"name":"PAR30 LED 10W de Beneito Faure"}]},{"@type":"WebSite","@id":"https:\/\/ledsolintel.com\/#website","url":"https:\/\/ledsolintel.com\/","name":"Webmenaje","description":"Magasin d'ampoules et de lampes LED pour les professionnels","publisher":{"@id":"https:\/\/ledsolintel.com\/#organization"},"potentialAction":[{"@type":"SearchAction","target":{"@type":"EntryPoint","urlTemplate":"https:\/\/ledsolintel.com\/?s={search_term_string}"},"query-input":{"@type":"PropertyValueSpecification","valueRequired":true,"valueName":"search_term_string"}}],"inLanguage":"fr-FR"},{"@type":"Organization","@id":"https:\/\/ledsolintel.com\/#organization","name":"Solintel Noroeste, S.L.","url":"https:\/\/ledsolintel.com\/","logo":{"@type":"ImageObject","inLanguage":"fr-FR","@id":"https:\/\/ledsolintel.com\/#\/schema\/logo\/image\/","url":"https:\/\/ledsolintel.com\/wp-content\/uploads\/2024\/11\/webmenaje-logo-1508269066.jpg","contentUrl":"https:\/\/ledsolintel.com\/wp-content\/uploads\/2024\/11\/webmenaje-logo-1508269066.jpg","width":370,"height":90,"caption":"Solintel Noroeste, S.L."},"image":{"@id":"https:\/\/ledsolintel.com\/#\/schema\/logo\/image\/"},"sameAs":["http:\/\/www.facebook.com\/webmenaje","https:\/\/x.com\/webmenaje","https:\/\/www.youtube.com\/channel\/UCX2KoVoeCG4LocZjUc6LmSQ","http:\/\/www.pinterest.com\/webmenaje"]}]}},"_links":{"self":[{"href":"https:\/\/ledsolintel.com\/fr\/wp-json\/wp\/v2\/product\/239904","targetHints":{"allow":["GET"]}}],"collection":[{"href":"https:\/\/ledsolintel.com\/fr\/wp-json\/wp\/v2\/product"}],"about":[{"href":"https:\/\/ledsolintel.com\/fr\/wp-json\/wp\/v2\/types\/product"}],"version-history":[{"count":0,"href":"https:\/\/ledsolintel.com\/fr\/wp-json\/wp\/v2\/product\/239904\/revisions"}],"wp:featuredmedia":[{"embeddable":true,"href":"https:\/\/ledsolintel.com\/fr\/wp-json\/wp\/v2\/media\/239900"}],"wp:attachment":[{"href":"https:\/\/ledsolintel.com\/fr\/wp-json\/wp\/v2\/media?parent=239904"}],"wp:term":[{"taxonomy":"product_brand","embeddable":true,"href":"https:\/\/ledsolintel.com\/fr\/wp-json\/wp\/v2\/product_brand?post=239904"},{"taxonomy":"product_cat","embeddable":true,"href":"https:\/\/ledsolintel.com\/fr\/wp-json\/wp\/v2\/product_cat?post=239904"},{"taxonomy":"product_tag","embeddable":true,"href":"https:\/\/ledsolintel.com\/fr\/wp-json\/wp\/v2\/product_tag?post=239904"}],"curies":[{"name":"wp","href":"https:\/\/api.w.org\/{rel}","templated":true}]}}