{"id":239856,"date":"2015-04-04T20:31:18","date_gmt":"2015-04-04T18:31:18","guid":{"rendered":"https:\/\/nueva.ledsolintel.com\/product\/downlight-led-18w-redondo-fabricado-por-roblan-para-ledsolintel\/"},"modified":"2015-04-04T20:31:18","modified_gmt":"2015-04-04T18:31:18","slug":"downlight-led-18w-redondo-fabricado-por-roblan-para-ledsolintel","status":"publish","type":"product","link":"https:\/\/ledsolintel.com\/fr\/produit-2\/downlight-led-18w-redondo-fabricado-por-roblan-para-ledsolintel\/","title":{"rendered":"Downlight LED PANEL SLIM 18W round by Roblan"},"content":{"rendered":"<h3>Downlight LED PANEL SLIM 18W de Roblan<\/h3>\n<p>\u00a0<\/p>\n<ul>\n<li>Puissance : 18 W<\/li>\n<li>Tension : 100 - 240 V AC<\/li>\n<li>Luminance : 1350 lm<\/li>\n<li>Optique : 120\u00ba.<\/li>\n<li>Finition :\n<ul>\n<li>Blanc<\/li>\n<li>Chrom\u00e9 mat<\/li>\n<li>Nickel satin\u00e9<\/li>\n<\/ul>\n<\/li>\n<li>CCT :\n<ul>\n<li>3000 K<\/li>\n<li>4000 K<\/li>\n<li>6500 K<\/li>\n<\/ul>\n<\/li>\n<li>Mesures :\u00a0\n<ul>\n<li>Diam\u00e8tre : 225 mm<\/li>\n<li>Hauteur : 22 mm<\/li>\n<\/ul>\n<\/li>\n<li>Dur\u00e9e de vie : 25 000 h<\/li>\n<li>Protection IP20<\/li>\n<li>IRC &gt; 80<\/li>\n<li>PF &gt; 0,9<\/li>\n<\/ul>","protected":false},"excerpt":{"rendered":"<p>PANEL SLIM 18W LED downlight de Roblan. Polyvalent et \u00e9conomique, pour l'\u00e9clairage domestique et commercial. Id\u00e9al pour les bureaux et les espaces publics.<\/p>","protected":false},"featured_media":239851,"template":"","meta":[],"product_brand":[99355],"product_cat":[99697,99573,99679],"product_tag":[],"class_list":{"0":"post-239856","1":"product","2":"type-product","3":"status-publish","4":"has-post-thumbnail","6":"product_brand-roblan","7":"product_cat-downlights-de-empotrar","8":"product_cat-iluminacion-interior","9":"product_cat-lamparas-de-techo","10":"pa_acabado-blanco","11":"pa_acabado-cromomate","12":"pa_acabado-niquelsatinado","13":"pa_cct-3000k","14":"pa_cct-4000k","15":"pa_cct-6500k","18":"instock","19":"taxable","20":"shipping-taxable","21":"purchasable","22":"product-type-variable","23":"has-default-attributes"},"yoast_head":"<!-- This site is optimized with the Yoast SEO plugin v27.4 - https:\/\/yoast.com\/product\/yoast-seo-wordpress\/ -->\n<title>Downlight LED PANEL SLIM 18W<\/title>\n<meta name=\"description\" content=\"Downlight LED PANEL SLIM 18W de Roblan. Vers\u00e1til y econ\u00f3mico, para iluminaci\u00f3n dom\u00e9stica y comercial. Ideal para oficinas y espacios p\u00fablicos.\" \/>\n<meta name=\"robots\" content=\"index, follow, max-snippet:-1, max-image-preview:large, max-video-preview:-1\" \/>\n<link rel=\"canonical\" href=\"https:\/\/ledsolintel.com\/fr\/produit-2\/downlight-led-18w-redondo-fabricado-por-roblan-para-ledsolintel\/\" \/>\n<meta property=\"og:locale\" content=\"fr_FR\" \/>\n<meta property=\"og:type\" content=\"article\" \/>\n<meta property=\"og:title\" content=\"Downlight LED PANEL SLIM 18W\" \/>\n<meta property=\"og:description\" content=\"Downlight LED PANEL SLIM 18W de Roblan. Vers\u00e1til y econ\u00f3mico, para iluminaci\u00f3n dom\u00e9stica y comercial. Ideal para oficinas y espacios p\u00fablicos.\" \/>\n<meta property=\"og:url\" content=\"https:\/\/ledsolintel.com\/fr\/produit-2\/downlight-led-18w-redondo-fabricado-por-roblan-para-ledsolintel\/\" \/>\n<meta property=\"og:site_name\" content=\"Ledsolintel\" \/>\n<meta property=\"article:publisher\" content=\"http:\/\/www.facebook.com\/webmenaje\" \/>\n<meta property=\"og:image\" content=\"https:\/\/ledsolintel.com\/wp-content\/uploads\/2015\/04\/8806-Downlight-LED-Redondo-18W-de-Roblan.jpg\" \/>\n\t<meta property=\"og:image:width\" content=\"1\" \/>\n\t<meta property=\"og:image:height\" content=\"1\" \/>\n\t<meta property=\"og:image:type\" content=\"image\/jpeg\" \/>\n<meta name=\"twitter:card\" content=\"summary_large_image\" \/>\n<meta name=\"twitter:site\" content=\"@webmenaje\" \/>\n<script type=\"application\/ld+json\" class=\"yoast-schema-graph\">{\"@context\":\"https:\\\/\\\/schema.org\",\"@graph\":[{\"@type\":\"WebPage\",\"@id\":\"https:\\\/\\\/ledsolintel.com\\\/fr\\\/product\\\/downlight-led-18w-redondo-fabricado-por-roblan-para-ledsolintel\\\/\",\"url\":\"https:\\\/\\\/ledsolintel.com\\\/fr\\\/product\\\/downlight-led-18w-redondo-fabricado-por-roblan-para-ledsolintel\\\/\",\"name\":\"Downlight LED PANEL SLIM 18W\",\"isPartOf\":{\"@id\":\"https:\\\/\\\/ledsolintel.com\\\/#website\"},\"primaryImageOfPage\":{\"@id\":\"https:\\\/\\\/ledsolintel.com\\\/fr\\\/product\\\/downlight-led-18w-redondo-fabricado-por-roblan-para-ledsolintel\\\/#primaryimage\"},\"image\":{\"@id\":\"https:\\\/\\\/ledsolintel.com\\\/fr\\\/product\\\/downlight-led-18w-redondo-fabricado-por-roblan-para-ledsolintel\\\/#primaryimage\"},\"thumbnailUrl\":\"https:\\\/\\\/ledsolintel.com\\\/wp-content\\\/uploads\\\/2015\\\/04\\\/8806-Downlight-LED-Redondo-18W-de-Roblan.jpg\",\"datePublished\":\"2015-04-04T18:31:18+00:00\",\"description\":\"Downlight LED PANEL SLIM 18W de Roblan. Vers\u00e1til y econ\u00f3mico, para iluminaci\u00f3n dom\u00e9stica y comercial. Ideal para oficinas y espacios p\u00fablicos.\",\"breadcrumb\":{\"@id\":\"https:\\\/\\\/ledsolintel.com\\\/fr\\\/product\\\/downlight-led-18w-redondo-fabricado-por-roblan-para-ledsolintel\\\/#breadcrumb\"},\"inLanguage\":\"fr-FR\",\"potentialAction\":[{\"@type\":\"ReadAction\",\"target\":[\"https:\\\/\\\/ledsolintel.com\\\/fr\\\/product\\\/downlight-led-18w-redondo-fabricado-por-roblan-para-ledsolintel\\\/\"]}]},{\"@type\":\"ImageObject\",\"inLanguage\":\"fr-FR\",\"@id\":\"https:\\\/\\\/ledsolintel.com\\\/fr\\\/product\\\/downlight-led-18w-redondo-fabricado-por-roblan-para-ledsolintel\\\/#primaryimage\",\"url\":\"https:\\\/\\\/ledsolintel.com\\\/wp-content\\\/uploads\\\/2015\\\/04\\\/8806-Downlight-LED-Redondo-18W-de-Roblan.jpg\",\"contentUrl\":\"https:\\\/\\\/ledsolintel.com\\\/wp-content\\\/uploads\\\/2015\\\/04\\\/8806-Downlight-LED-Redondo-18W-de-Roblan.jpg\",\"caption\":\"Downlight LED Redondo 18W de Roblan\"},{\"@type\":\"BreadcrumbList\",\"@id\":\"https:\\\/\\\/ledsolintel.com\\\/fr\\\/product\\\/downlight-led-18w-redondo-fabricado-por-roblan-para-ledsolintel\\\/#breadcrumb\",\"itemListElement\":[{\"@type\":\"ListItem\",\"position\":1,\"name\":\"Portada\",\"item\":\"https:\\\/\\\/ledsolintel.com\\\/fr\\\/\"},{\"@type\":\"ListItem\",\"position\":2,\"name\":\"Tienda\",\"item\":\"https:\\\/\\\/ledsolintel.com\\\/tienda\\\/\"},{\"@type\":\"ListItem\",\"position\":3,\"name\":\"Downlight LED PANEL SLIM 18W redondo de Roblan\"}]},{\"@type\":\"WebSite\",\"@id\":\"https:\\\/\\\/ledsolintel.com\\\/#website\",\"url\":\"https:\\\/\\\/ledsolintel.com\\\/\",\"name\":\"Webmenaje\",\"description\":\"Tienda de bombillas y l\u00e1mparas LED para profesionales\",\"publisher\":{\"@id\":\"https:\\\/\\\/ledsolintel.com\\\/#organization\"},\"potentialAction\":[{\"@type\":\"SearchAction\",\"target\":{\"@type\":\"EntryPoint\",\"urlTemplate\":\"https:\\\/\\\/ledsolintel.com\\\/?s={search_term_string}\"},\"query-input\":{\"@type\":\"PropertyValueSpecification\",\"valueRequired\":true,\"valueName\":\"search_term_string\"}}],\"inLanguage\":\"fr-FR\"},{\"@type\":\"Organization\",\"@id\":\"https:\\\/\\\/ledsolintel.com\\\/#organization\",\"name\":\"Solintel Noroeste, S.L.\",\"url\":\"https:\\\/\\\/ledsolintel.com\\\/\",\"logo\":{\"@type\":\"ImageObject\",\"inLanguage\":\"fr-FR\",\"@id\":\"https:\\\/\\\/ledsolintel.com\\\/#\\\/schema\\\/logo\\\/image\\\/\",\"url\":\"https:\\\/\\\/ledsolintel.com\\\/wp-content\\\/uploads\\\/2024\\\/11\\\/webmenaje-logo-1508269066.jpg\",\"contentUrl\":\"https:\\\/\\\/ledsolintel.com\\\/wp-content\\\/uploads\\\/2024\\\/11\\\/webmenaje-logo-1508269066.jpg\",\"width\":370,\"height\":90,\"caption\":\"Solintel Noroeste, S.L.\"},\"image\":{\"@id\":\"https:\\\/\\\/ledsolintel.com\\\/#\\\/schema\\\/logo\\\/image\\\/\"},\"sameAs\":[\"http:\\\/\\\/www.facebook.com\\\/webmenaje\",\"https:\\\/\\\/x.com\\\/webmenaje\",\"https:\\\/\\\/www.youtube.com\\\/channel\\\/UCX2KoVoeCG4LocZjUc6LmSQ\",\"http:\\\/\\\/www.pinterest.com\\\/webmenaje\"]}]}<\/script>\n<!-- \/ Yoast SEO plugin. -->","yoast_head_json":{"title":"Downlight LED PANEL SLIM 18W","description":"PANEL SLIM 18W LED downlight de Roblan. Polyvalent et \u00e9conomique, pour l'\u00e9clairage domestique et commercial. Id\u00e9al pour les bureaux et les espaces publics.","robots":{"index":"index","follow":"follow","max-snippet":"max-snippet:-1","max-image-preview":"max-image-preview:large","max-video-preview":"max-video-preview:-1"},"canonical":"https:\/\/ledsolintel.com\/fr\/produit-2\/downlight-led-18w-redondo-fabricado-por-roblan-para-ledsolintel\/","og_locale":"fr_FR","og_type":"article","og_title":"Downlight LED PANEL SLIM 18W","og_description":"Downlight LED PANEL SLIM 18W de Roblan. Vers\u00e1til y econ\u00f3mico, para iluminaci\u00f3n dom\u00e9stica y comercial. Ideal para oficinas y espacios p\u00fablicos.","og_url":"https:\/\/ledsolintel.com\/fr\/produit-2\/downlight-led-18w-redondo-fabricado-por-roblan-para-ledsolintel\/","og_site_name":"Ledsolintel","article_publisher":"http:\/\/www.facebook.com\/webmenaje","og_image":[{"url":"https:\/\/ledsolintel.com\/wp-content\/uploads\/2015\/04\/8806-Downlight-LED-Redondo-18W-de-Roblan.jpg","width":1,"height":1,"type":"image\/jpeg"}],"twitter_card":"summary_large_image","twitter_site":"@webmenaje","schema":{"@context":"https:\/\/schema.org","@graph":[{"@type":"WebPage","@id":"https:\/\/ledsolintel.com\/fr\/product\/downlight-led-18w-redondo-fabricado-por-roblan-para-ledsolintel\/","url":"https:\/\/ledsolintel.com\/fr\/product\/downlight-led-18w-redondo-fabricado-por-roblan-para-ledsolintel\/","name":"Downlight LED PANEL SLIM 18W","isPartOf":{"@id":"https:\/\/ledsolintel.com\/#website"},"primaryImageOfPage":{"@id":"https:\/\/ledsolintel.com\/fr\/product\/downlight-led-18w-redondo-fabricado-por-roblan-para-ledsolintel\/#primaryimage"},"image":{"@id":"https:\/\/ledsolintel.com\/fr\/product\/downlight-led-18w-redondo-fabricado-por-roblan-para-ledsolintel\/#primaryimage"},"thumbnailUrl":"https:\/\/ledsolintel.com\/wp-content\/uploads\/2015\/04\/8806-Downlight-LED-Redondo-18W-de-Roblan.jpg","datePublished":"2015-04-04T18:31:18+00:00","description":"PANEL SLIM 18W LED downlight de Roblan. Polyvalent et \u00e9conomique, pour l'\u00e9clairage domestique et commercial. Id\u00e9al pour les bureaux et les espaces publics.","breadcrumb":{"@id":"https:\/\/ledsolintel.com\/fr\/product\/downlight-led-18w-redondo-fabricado-por-roblan-para-ledsolintel\/#breadcrumb"},"inLanguage":"fr-FR","potentialAction":[{"@type":"ReadAction","target":["https:\/\/ledsolintel.com\/fr\/product\/downlight-led-18w-redondo-fabricado-por-roblan-para-ledsolintel\/"]}]},{"@type":"ImageObject","inLanguage":"fr-FR","@id":"https:\/\/ledsolintel.com\/fr\/product\/downlight-led-18w-redondo-fabricado-por-roblan-para-ledsolintel\/#primaryimage","url":"https:\/\/ledsolintel.com\/wp-content\/uploads\/2015\/04\/8806-Downlight-LED-Redondo-18W-de-Roblan.jpg","contentUrl":"https:\/\/ledsolintel.com\/wp-content\/uploads\/2015\/04\/8806-Downlight-LED-Redondo-18W-de-Roblan.jpg","caption":"Downlight LED Redondo 18W de Roblan"},{"@type":"BreadcrumbList","@id":"https:\/\/ledsolintel.com\/fr\/product\/downlight-led-18w-redondo-fabricado-por-roblan-para-ledsolintel\/#breadcrumb","itemListElement":[{"@type":"ListItem","position":1,"name":"Portada","item":"https:\/\/ledsolintel.com\/fr\/"},{"@type":"ListItem","position":2,"name":"Tienda","item":"https:\/\/ledsolintel.com\/tienda\/"},{"@type":"ListItem","position":3,"name":"Downlight LED PANEL SLIM 18W redondo de Roblan"}]},{"@type":"WebSite","@id":"https:\/\/ledsolintel.com\/#website","url":"https:\/\/ledsolintel.com\/","name":"Webmenaje","description":"Magasin d'ampoules et de lampes LED pour les professionnels","publisher":{"@id":"https:\/\/ledsolintel.com\/#organization"},"potentialAction":[{"@type":"SearchAction","target":{"@type":"EntryPoint","urlTemplate":"https:\/\/ledsolintel.com\/?s={search_term_string}"},"query-input":{"@type":"PropertyValueSpecification","valueRequired":true,"valueName":"search_term_string"}}],"inLanguage":"fr-FR"},{"@type":"Organization","@id":"https:\/\/ledsolintel.com\/#organization","name":"Solintel Noroeste, S.L.","url":"https:\/\/ledsolintel.com\/","logo":{"@type":"ImageObject","inLanguage":"fr-FR","@id":"https:\/\/ledsolintel.com\/#\/schema\/logo\/image\/","url":"https:\/\/ledsolintel.com\/wp-content\/uploads\/2024\/11\/webmenaje-logo-1508269066.jpg","contentUrl":"https:\/\/ledsolintel.com\/wp-content\/uploads\/2024\/11\/webmenaje-logo-1508269066.jpg","width":370,"height":90,"caption":"Solintel Noroeste, S.L."},"image":{"@id":"https:\/\/ledsolintel.com\/#\/schema\/logo\/image\/"},"sameAs":["http:\/\/www.facebook.com\/webmenaje","https:\/\/x.com\/webmenaje","https:\/\/www.youtube.com\/channel\/UCX2KoVoeCG4LocZjUc6LmSQ","http:\/\/www.pinterest.com\/webmenaje"]}]}},"_links":{"self":[{"href":"https:\/\/ledsolintel.com\/fr\/wp-json\/wp\/v2\/product\/239856","targetHints":{"allow":["GET"]}}],"collection":[{"href":"https:\/\/ledsolintel.com\/fr\/wp-json\/wp\/v2\/product"}],"about":[{"href":"https:\/\/ledsolintel.com\/fr\/wp-json\/wp\/v2\/types\/product"}],"version-history":[{"count":0,"href":"https:\/\/ledsolintel.com\/fr\/wp-json\/wp\/v2\/product\/239856\/revisions"}],"wp:featuredmedia":[{"embeddable":true,"href":"https:\/\/ledsolintel.com\/fr\/wp-json\/wp\/v2\/media\/239851"}],"wp:attachment":[{"href":"https:\/\/ledsolintel.com\/fr\/wp-json\/wp\/v2\/media?parent=239856"}],"wp:term":[{"taxonomy":"product_brand","embeddable":true,"href":"https:\/\/ledsolintel.com\/fr\/wp-json\/wp\/v2\/product_brand?post=239856"},{"taxonomy":"product_cat","embeddable":true,"href":"https:\/\/ledsolintel.com\/fr\/wp-json\/wp\/v2\/product_cat?post=239856"},{"taxonomy":"product_tag","embeddable":true,"href":"https:\/\/ledsolintel.com\/fr\/wp-json\/wp\/v2\/product_tag?post=239856"}],"curies":[{"name":"wp","href":"https:\/\/api.w.org\/{rel}","templated":true}]}}