{"id":239699,"date":"2014-02-01T11:03:41","date_gmt":"2014-02-01T10:03:41","guid":{"rendered":"https:\/\/nueva.ledsolintel.com\/product\/bombilla-led-flama-candle-casquillo-e14-potencia-5w-de-roblan\/"},"modified":"2025-12-15T12:17:05","modified_gmt":"2025-12-15T11:17:05","slug":"bombilla-led-flama-candle-casquillo-e14-potencia-5w-de-roblan","status":"publish","type":"product","link":"https:\/\/ledsolintel.com\/fr\/produit-2\/bombilla-led-flama-candle-casquillo-e14-potencia-5w-de-roblan\/","title":{"rendered":"Bougie LED FLAME 5W de ROBLAN"},"content":{"rendered":"<h3>\u00a0Caract\u00e9ristiques :<\/h3>\n<ul>\n<li>Puissance : 5 W<\/li>\n<li>Tension : 220-240 V AC<\/li>\n<li>Connexion : E14<\/li>\n<li>Dimensions : 123 x 35 mm<\/li>\n<li>CCT :<\/li>\n<ul>\n<li>3000 K<\/li>\n<li>4000 K<\/li>\n<li>6500 K<\/li>\n<\/ul>\n<li>Luminance : 470 lm<\/li>\n<li>Optique : 280\u00ba.<\/li>\n<li>Protection IP20<\/li>\n<li>IRC &gt; 80<\/li>\n<li>PF &gt; 0,5<\/li>\n<li>Dur\u00e9e de vie : 20 000 h<\/li>\n<\/ul>","protected":false},"excerpt":{"rendered":"<p>Bougie LED FLAME 5W de ROBLAN. Prise E14, \u00e9clairage doux et ornemental pour les appliques et les suspensions. Convient \u00e0 l'\u00e9clairage commercial et professionnel.<\/p>","protected":false},"featured_media":239698,"template":"","meta":[],"product_brand":[99355],"product_cat":[99571,99925],"product_tag":[],"class_list":{"0":"post-239699","1":"product","2":"type-product","3":"status-publish","4":"has-post-thumbnail","6":"product_brand-roblan","7":"product_cat-bombillas-led","8":"product_cat-bombillas-e14-y-e27-vela-esfericas-y-pequeno-formato","9":"pa_cct-3000k","10":"pa_cct-4000k","11":"pa_cct-6500k","14":"instock","15":"taxable","16":"shipping-taxable","17":"purchasable","18":"product-type-variable","19":"has-default-attributes"},"yoast_head":"<!-- This site is optimized with the Yoast SEO plugin v27.4 - https:\/\/yoast.com\/product\/yoast-seo-wordpress\/ -->\n<title>Vela LED FLAME 5W de ROBLAN<\/title>\n<meta name=\"description\" content=\"Vela LED FLAME 5W de ROBLAN. Casquillo E14, iluminaci\u00f3n suave y ornamental para apliques y l\u00e1mparas de suspensi\u00f3n. Apta para iluminaci\u00f3n comercial y profesional\" \/>\n<meta name=\"robots\" content=\"index, follow, max-snippet:-1, max-image-preview:large, max-video-preview:-1\" \/>\n<link rel=\"canonical\" href=\"https:\/\/ledsolintel.com\/fr\/produit-2\/bombilla-led-flama-candle-casquillo-e14-potencia-5w-de-roblan\/\" \/>\n<meta property=\"og:locale\" content=\"fr_FR\" \/>\n<meta property=\"og:type\" content=\"article\" \/>\n<meta property=\"og:title\" content=\"Vela LED FLAME 5W de ROBLAN\" \/>\n<meta property=\"og:description\" content=\"Vela LED FLAME 5W de ROBLAN. Casquillo E14, iluminaci\u00f3n suave y ornamental para apliques y l\u00e1mparas de suspensi\u00f3n. Apta para iluminaci\u00f3n comercial y profesional\" \/>\n<meta property=\"og:url\" content=\"https:\/\/ledsolintel.com\/fr\/produit-2\/bombilla-led-flama-candle-casquillo-e14-potencia-5w-de-roblan\/\" \/>\n<meta property=\"og:site_name\" content=\"Ledsolintel\" \/>\n<meta property=\"article:publisher\" content=\"http:\/\/www.facebook.com\/webmenaje\" \/>\n<meta property=\"article:modified_time\" content=\"2025-12-15T11:17:05+00:00\" \/>\n<meta property=\"og:image\" content=\"https:\/\/ledsolintel.com\/wp-content\/uploads\/2014\/02\/6880-Bombilla-LED-FLAMA-CANDLE-casquillo-E14-Potencia-5W-de-ROBLAN.jpg\" \/>\n\t<meta property=\"og:image:width\" content=\"1\" \/>\n\t<meta property=\"og:image:height\" content=\"1\" \/>\n\t<meta property=\"og:image:type\" content=\"image\/jpeg\" \/>\n<meta name=\"twitter:card\" content=\"summary_large_image\" \/>\n<meta name=\"twitter:site\" content=\"@webmenaje\" \/>\n<script type=\"application\/ld+json\" class=\"yoast-schema-graph\">{\"@context\":\"https:\\\/\\\/schema.org\",\"@graph\":[{\"@type\":\"WebPage\",\"@id\":\"https:\\\/\\\/ledsolintel.com\\\/product\\\/bombilla-led-flama-candle-casquillo-e14-potencia-5w-de-roblan\\\/\",\"url\":\"https:\\\/\\\/ledsolintel.com\\\/product\\\/bombilla-led-flama-candle-casquillo-e14-potencia-5w-de-roblan\\\/\",\"name\":\"Vela LED FLAME 5W de ROBLAN\",\"isPartOf\":{\"@id\":\"https:\\\/\\\/ledsolintel.com\\\/#website\"},\"primaryImageOfPage\":{\"@id\":\"https:\\\/\\\/ledsolintel.com\\\/product\\\/bombilla-led-flama-candle-casquillo-e14-potencia-5w-de-roblan\\\/#primaryimage\"},\"image\":{\"@id\":\"https:\\\/\\\/ledsolintel.com\\\/product\\\/bombilla-led-flama-candle-casquillo-e14-potencia-5w-de-roblan\\\/#primaryimage\"},\"thumbnailUrl\":\"https:\\\/\\\/ledsolintel.com\\\/wp-content\\\/uploads\\\/2014\\\/02\\\/6880-Bombilla-LED-FLAMA-CANDLE-casquillo-E14-Potencia-5W-de-ROBLAN.jpg\",\"datePublished\":\"2014-02-01T10:03:41+00:00\",\"dateModified\":\"2025-12-15T11:17:05+00:00\",\"description\":\"Vela LED FLAME 5W de ROBLAN. Casquillo E14, iluminaci\u00f3n suave y ornamental para apliques y l\u00e1mparas de suspensi\u00f3n. Apta para iluminaci\u00f3n comercial y profesional\",\"breadcrumb\":{\"@id\":\"https:\\\/\\\/ledsolintel.com\\\/product\\\/bombilla-led-flama-candle-casquillo-e14-potencia-5w-de-roblan\\\/#breadcrumb\"},\"inLanguage\":\"fr-FR\",\"potentialAction\":[{\"@type\":\"ReadAction\",\"target\":[\"https:\\\/\\\/ledsolintel.com\\\/product\\\/bombilla-led-flama-candle-casquillo-e14-potencia-5w-de-roblan\\\/\"]}]},{\"@type\":\"ImageObject\",\"inLanguage\":\"fr-FR\",\"@id\":\"https:\\\/\\\/ledsolintel.com\\\/product\\\/bombilla-led-flama-candle-casquillo-e14-potencia-5w-de-roblan\\\/#primaryimage\",\"url\":\"https:\\\/\\\/ledsolintel.com\\\/wp-content\\\/uploads\\\/2014\\\/02\\\/6880-Bombilla-LED-FLAMA-CANDLE-casquillo-E14-Potencia-5W-de-ROBLAN.jpg\",\"contentUrl\":\"https:\\\/\\\/ledsolintel.com\\\/wp-content\\\/uploads\\\/2014\\\/02\\\/6880-Bombilla-LED-FLAMA-CANDLE-casquillo-E14-Potencia-5W-de-ROBLAN.jpg\",\"caption\":\"Bombilla LED FLAMA CANDLE casquillo E14 Potencia 5W de ROBLAN\"},{\"@type\":\"BreadcrumbList\",\"@id\":\"https:\\\/\\\/ledsolintel.com\\\/product\\\/bombilla-led-flama-candle-casquillo-e14-potencia-5w-de-roblan\\\/#breadcrumb\",\"itemListElement\":[{\"@type\":\"ListItem\",\"position\":1,\"name\":\"Portada\",\"item\":\"https:\\\/\\\/ledsolintel.com\\\/fr\\\/\"},{\"@type\":\"ListItem\",\"position\":2,\"name\":\"Tienda\",\"item\":\"https:\\\/\\\/ledsolintel.com\\\/tienda\\\/\"},{\"@type\":\"ListItem\",\"position\":3,\"name\":\"Vela LED FLAME 5W de ROBLAN\"}]},{\"@type\":\"WebSite\",\"@id\":\"https:\\\/\\\/ledsolintel.com\\\/#website\",\"url\":\"https:\\\/\\\/ledsolintel.com\\\/\",\"name\":\"Webmenaje\",\"description\":\"Tienda de bombillas y l\u00e1mparas LED para profesionales\",\"publisher\":{\"@id\":\"https:\\\/\\\/ledsolintel.com\\\/#organization\"},\"potentialAction\":[{\"@type\":\"SearchAction\",\"target\":{\"@type\":\"EntryPoint\",\"urlTemplate\":\"https:\\\/\\\/ledsolintel.com\\\/?s={search_term_string}\"},\"query-input\":{\"@type\":\"PropertyValueSpecification\",\"valueRequired\":true,\"valueName\":\"search_term_string\"}}],\"inLanguage\":\"fr-FR\"},{\"@type\":\"Organization\",\"@id\":\"https:\\\/\\\/ledsolintel.com\\\/#organization\",\"name\":\"Solintel Noroeste, S.L.\",\"url\":\"https:\\\/\\\/ledsolintel.com\\\/\",\"logo\":{\"@type\":\"ImageObject\",\"inLanguage\":\"fr-FR\",\"@id\":\"https:\\\/\\\/ledsolintel.com\\\/#\\\/schema\\\/logo\\\/image\\\/\",\"url\":\"https:\\\/\\\/ledsolintel.com\\\/wp-content\\\/uploads\\\/2024\\\/11\\\/webmenaje-logo-1508269066.jpg\",\"contentUrl\":\"https:\\\/\\\/ledsolintel.com\\\/wp-content\\\/uploads\\\/2024\\\/11\\\/webmenaje-logo-1508269066.jpg\",\"width\":370,\"height\":90,\"caption\":\"Solintel Noroeste, S.L.\"},\"image\":{\"@id\":\"https:\\\/\\\/ledsolintel.com\\\/#\\\/schema\\\/logo\\\/image\\\/\"},\"sameAs\":[\"http:\\\/\\\/www.facebook.com\\\/webmenaje\",\"https:\\\/\\\/x.com\\\/webmenaje\",\"https:\\\/\\\/www.youtube.com\\\/channel\\\/UCX2KoVoeCG4LocZjUc6LmSQ\",\"http:\\\/\\\/www.pinterest.com\\\/webmenaje\"]}]}<\/script>\n<!-- \/ Yoast SEO plugin. -->","yoast_head_json":{"title":"Bougie LED FLAME 5W de ROBLAN","description":"Vela LED FLAME 5W de ROBLAN. Casquillo E14, iluminaci\u00f3n suave y ornamental para apliques y l\u00e1mparas de suspensi\u00f3n. Apta para iluminaci\u00f3n comercial y profesional","robots":{"index":"index","follow":"follow","max-snippet":"max-snippet:-1","max-image-preview":"max-image-preview:large","max-video-preview":"max-video-preview:-1"},"canonical":"https:\/\/ledsolintel.com\/fr\/produit-2\/bombilla-led-flama-candle-casquillo-e14-potencia-5w-de-roblan\/","og_locale":"fr_FR","og_type":"article","og_title":"Vela LED FLAME 5W de ROBLAN","og_description":"Vela LED FLAME 5W de ROBLAN. Casquillo E14, iluminaci\u00f3n suave y ornamental para apliques y l\u00e1mparas de suspensi\u00f3n. Apta para iluminaci\u00f3n comercial y profesional","og_url":"https:\/\/ledsolintel.com\/fr\/produit-2\/bombilla-led-flama-candle-casquillo-e14-potencia-5w-de-roblan\/","og_site_name":"Ledsolintel","article_publisher":"http:\/\/www.facebook.com\/webmenaje","article_modified_time":"2025-12-15T11:17:05+00:00","og_image":[{"url":"https:\/\/ledsolintel.com\/wp-content\/uploads\/2014\/02\/6880-Bombilla-LED-FLAMA-CANDLE-casquillo-E14-Potencia-5W-de-ROBLAN.jpg","width":1,"height":1,"type":"image\/jpeg"}],"twitter_card":"summary_large_image","twitter_site":"@webmenaje","schema":{"@context":"https:\/\/schema.org","@graph":[{"@type":"WebPage","@id":"https:\/\/ledsolintel.com\/product\/bombilla-led-flama-candle-casquillo-e14-potencia-5w-de-roblan\/","url":"https:\/\/ledsolintel.com\/product\/bombilla-led-flama-candle-casquillo-e14-potencia-5w-de-roblan\/","name":"Bougie LED FLAME 5W de ROBLAN","isPartOf":{"@id":"https:\/\/ledsolintel.com\/#website"},"primaryImageOfPage":{"@id":"https:\/\/ledsolintel.com\/product\/bombilla-led-flama-candle-casquillo-e14-potencia-5w-de-roblan\/#primaryimage"},"image":{"@id":"https:\/\/ledsolintel.com\/product\/bombilla-led-flama-candle-casquillo-e14-potencia-5w-de-roblan\/#primaryimage"},"thumbnailUrl":"https:\/\/ledsolintel.com\/wp-content\/uploads\/2014\/02\/6880-Bombilla-LED-FLAMA-CANDLE-casquillo-E14-Potencia-5W-de-ROBLAN.jpg","datePublished":"2014-02-01T10:03:41+00:00","dateModified":"2025-12-15T11:17:05+00:00","description":"Vela LED FLAME 5W de ROBLAN. Casquillo E14, iluminaci\u00f3n suave y ornamental para apliques y l\u00e1mparas de suspensi\u00f3n. Apta para iluminaci\u00f3n comercial y profesional","breadcrumb":{"@id":"https:\/\/ledsolintel.com\/product\/bombilla-led-flama-candle-casquillo-e14-potencia-5w-de-roblan\/#breadcrumb"},"inLanguage":"fr-FR","potentialAction":[{"@type":"ReadAction","target":["https:\/\/ledsolintel.com\/product\/bombilla-led-flama-candle-casquillo-e14-potencia-5w-de-roblan\/"]}]},{"@type":"ImageObject","inLanguage":"fr-FR","@id":"https:\/\/ledsolintel.com\/product\/bombilla-led-flama-candle-casquillo-e14-potencia-5w-de-roblan\/#primaryimage","url":"https:\/\/ledsolintel.com\/wp-content\/uploads\/2014\/02\/6880-Bombilla-LED-FLAMA-CANDLE-casquillo-E14-Potencia-5W-de-ROBLAN.jpg","contentUrl":"https:\/\/ledsolintel.com\/wp-content\/uploads\/2014\/02\/6880-Bombilla-LED-FLAMA-CANDLE-casquillo-E14-Potencia-5W-de-ROBLAN.jpg","caption":"Bombilla LED FLAMA CANDLE casquillo E14 Potencia 5W de ROBLAN"},{"@type":"BreadcrumbList","@id":"https:\/\/ledsolintel.com\/product\/bombilla-led-flama-candle-casquillo-e14-potencia-5w-de-roblan\/#breadcrumb","itemListElement":[{"@type":"ListItem","position":1,"name":"Portada","item":"https:\/\/ledsolintel.com\/fr\/"},{"@type":"ListItem","position":2,"name":"Tienda","item":"https:\/\/ledsolintel.com\/tienda\/"},{"@type":"ListItem","position":3,"name":"Vela LED FLAME 5W de ROBLAN"}]},{"@type":"WebSite","@id":"https:\/\/ledsolintel.com\/#website","url":"https:\/\/ledsolintel.com\/","name":"Webmenaje","description":"Magasin d'ampoules et de lampes LED pour les professionnels","publisher":{"@id":"https:\/\/ledsolintel.com\/#organization"},"potentialAction":[{"@type":"SearchAction","target":{"@type":"EntryPoint","urlTemplate":"https:\/\/ledsolintel.com\/?s={search_term_string}"},"query-input":{"@type":"PropertyValueSpecification","valueRequired":true,"valueName":"search_term_string"}}],"inLanguage":"fr-FR"},{"@type":"Organization","@id":"https:\/\/ledsolintel.com\/#organization","name":"Solintel Noroeste, S.L.","url":"https:\/\/ledsolintel.com\/","logo":{"@type":"ImageObject","inLanguage":"fr-FR","@id":"https:\/\/ledsolintel.com\/#\/schema\/logo\/image\/","url":"https:\/\/ledsolintel.com\/wp-content\/uploads\/2024\/11\/webmenaje-logo-1508269066.jpg","contentUrl":"https:\/\/ledsolintel.com\/wp-content\/uploads\/2024\/11\/webmenaje-logo-1508269066.jpg","width":370,"height":90,"caption":"Solintel Noroeste, S.L."},"image":{"@id":"https:\/\/ledsolintel.com\/#\/schema\/logo\/image\/"},"sameAs":["http:\/\/www.facebook.com\/webmenaje","https:\/\/x.com\/webmenaje","https:\/\/www.youtube.com\/channel\/UCX2KoVoeCG4LocZjUc6LmSQ","http:\/\/www.pinterest.com\/webmenaje"]}]}},"_links":{"self":[{"href":"https:\/\/ledsolintel.com\/fr\/wp-json\/wp\/v2\/product\/239699","targetHints":{"allow":["GET"]}}],"collection":[{"href":"https:\/\/ledsolintel.com\/fr\/wp-json\/wp\/v2\/product"}],"about":[{"href":"https:\/\/ledsolintel.com\/fr\/wp-json\/wp\/v2\/types\/product"}],"version-history":[{"count":1,"href":"https:\/\/ledsolintel.com\/fr\/wp-json\/wp\/v2\/product\/239699\/revisions"}],"predecessor-version":[{"id":269590,"href":"https:\/\/ledsolintel.com\/fr\/wp-json\/wp\/v2\/product\/239699\/revisions\/269590"}],"wp:featuredmedia":[{"embeddable":true,"href":"https:\/\/ledsolintel.com\/fr\/wp-json\/wp\/v2\/media\/239698"}],"wp:attachment":[{"href":"https:\/\/ledsolintel.com\/fr\/wp-json\/wp\/v2\/media?parent=239699"}],"wp:term":[{"taxonomy":"product_brand","embeddable":true,"href":"https:\/\/ledsolintel.com\/fr\/wp-json\/wp\/v2\/product_brand?post=239699"},{"taxonomy":"product_cat","embeddable":true,"href":"https:\/\/ledsolintel.com\/fr\/wp-json\/wp\/v2\/product_cat?post=239699"},{"taxonomy":"product_tag","embeddable":true,"href":"https:\/\/ledsolintel.com\/fr\/wp-json\/wp\/v2\/product_tag?post=239699"}],"curies":[{"name":"wp","href":"https:\/\/api.w.org\/{rel}","templated":true}]}}