{"id":239649,"date":"2012-12-16T19:12:22","date_gmt":"2012-12-16T18:12:22","guid":{"rendered":"https:\/\/nueva.ledsolintel.com\/product\/bombilla-led-reflectora-r90-15w-conexion-e27-de-roblan\/"},"modified":"2026-04-04T15:11:08","modified_gmt":"2026-04-04T13:11:08","slug":"bombilla-led-reflectora-r90-15w-conexion-e27-de-roblan","status":"publish","type":"product","link":"https:\/\/ledsolintel.com\/fr\/produit-2\/bombilla-led-reflectora-r90-15w-conexion-e27-de-roblan\/","title":{"rendered":"Roblan R-90 15W Projecteur LED R-90 15W"},"content":{"rendered":"<h3>Caract\u00e9ristiques :<\/h3>\n<ul>\n<li>Puissance : 15 W<\/li>\n<li>Tension : 220-240 V AC<\/li>\n<li>Raccordement : E27<\/li>\n<li>Type de LED : SMD<\/li>\n<li>Dimensions : 118 x 90 mm<\/li>\n<li>CCT :<\/li>\n<ul>\n<li>3000 K<\/li>\n<li>4000 K<\/li>\n<li>6500 K<\/li>\n<\/ul>\n<li>Flux lumineux : 1300 lm<\/li>\n<li>Angle d'ouverture : 180\u00ba Angle d'ouverture : 180\u00ba Angle d'ouverture : 180\u00ba Angle d'ouverture : 180\u00ba Angle d'ouverture : 180\u00ba Angle d'ouverture : 180<\/li>\n<li>Protection IP20<\/li>\n<li>IRC &gt; 80<\/li>\n<li>Facteur de puissance &gt; 0,8<\/li>\n<\/ul>","protected":false},"excerpt":{"rendered":"<p>ROBLAN R90 E27 ampoule LED \u00e0 r\u00e9flecteur. Ampoule r\u00e9flectrice qui remplace les ampoules conventionnelles avec ces caract\u00e9ristiques. Haute luminosit\u00e9 et dur\u00e9e. Marque Roblan.<\/p>","protected":false},"featured_media":239647,"template":"","meta":[],"product_brand":[99355],"product_cat":[99571,99917],"product_tag":[101224,101238,101230,101244,101226,101222,101240,101232,101220,101228,101236,101242,101234],"class_list":{"0":"post-239649","1":"product","2":"type-product","3":"status-publish","4":"has-post-thumbnail","6":"product_brand-roblan","7":"product_cat-bombillas-led","8":"product_cat-bombillas-led-reflectoras","9":"product_tag-ahorro-energetico","10":"product_tag-ahorro-led","11":"product_tag-bombillas-de-leds","12":"product_tag-calidad","13":"product_tag-comprar-led","14":"product_tag-iluminacion","15":"product_tag-iluminacion-led","16":"product_tag-lamparas-de-led","17":"product_tag-led","18":"product_tag-led-barato","19":"product_tag-led-online","20":"product_tag-precio","21":"product_tag-tienda-de-led","22":"pa_cct-3000k","23":"pa_cct-4000k","24":"pa_cct-6500k","27":"instock","28":"taxable","29":"shipping-taxable","30":"purchasable","31":"product-type-variable","32":"has-default-attributes"},"yoast_head":"<!-- This site is optimized with the Yoast SEO plugin v26.6 - https:\/\/yoast.com\/wordpress\/plugins\/seo\/ -->\n<title>Bombilla LED reflectora R90 15W conexi\u00f3n E27 de Roblan<\/title>\n<meta name=\"description\" content=\"Bombilla reflectora que sustituye a las convencionales de estas caracter\u00edsticas. Alta luminosidad y duraci\u00f3n. Marca ROBLAN.\" \/>\n<meta name=\"robots\" content=\"index, follow, max-snippet:-1, max-image-preview:large, max-video-preview:-1\" \/>\n<link rel=\"canonical\" href=\"https:\/\/ledsolintel.com\/fr\/produit-2\/bombilla-led-reflectora-r90-15w-conexion-e27-de-roblan\/\" \/>\n<meta property=\"og:locale\" content=\"fr_FR\" \/>\n<meta property=\"og:type\" content=\"article\" \/>\n<meta property=\"og:title\" content=\"Bombilla LED reflectora R90 15W conexi\u00f3n E27 de Roblan\" \/>\n<meta property=\"og:description\" content=\"Bombilla reflectora que sustituye a las convencionales de estas caracter\u00edsticas. Alta luminosidad y duraci\u00f3n. Marca ROBLAN.\" \/>\n<meta property=\"og:url\" content=\"https:\/\/ledsolintel.com\/fr\/produit-2\/bombilla-led-reflectora-r90-15w-conexion-e27-de-roblan\/\" \/>\n<meta property=\"og:site_name\" content=\"Ledsolintel\" \/>\n<meta property=\"article:publisher\" content=\"http:\/\/www.facebook.com\/webmenaje\" \/>\n<meta property=\"article:modified_time\" content=\"2026-04-04T13:11:08+00:00\" \/>\n<meta property=\"og:image\" content=\"https:\/\/ledsolintel.com\/wp-content\/uploads\/2012\/12\/1620-Bombilla-LED-reflectora-R90-E27-Potencia-15W-de-Roblan.jpg\" \/>\n\t<meta property=\"og:image:width\" content=\"1\" \/>\n\t<meta property=\"og:image:height\" content=\"1\" \/>\n\t<meta property=\"og:image:type\" content=\"image\/jpeg\" \/>\n<meta name=\"twitter:card\" content=\"summary_large_image\" \/>\n<meta name=\"twitter:site\" content=\"@webmenaje\" \/>\n<script type=\"application\/ld+json\" class=\"yoast-schema-graph\">{\"@context\":\"https:\/\/schema.org\",\"@graph\":[{\"@type\":\"WebPage\",\"@id\":\"https:\/\/ledsolintel.com\/product\/bombilla-led-reflectora-r90-15w-conexion-e27-de-roblan\/\",\"url\":\"https:\/\/ledsolintel.com\/product\/bombilla-led-reflectora-r90-15w-conexion-e27-de-roblan\/\",\"name\":\"Bombilla LED reflectora R90 15W conexi\u00f3n E27 de Roblan\",\"isPartOf\":{\"@id\":\"https:\/\/ledsolintel.com\/#website\"},\"primaryImageOfPage\":{\"@id\":\"https:\/\/ledsolintel.com\/product\/bombilla-led-reflectora-r90-15w-conexion-e27-de-roblan\/#primaryimage\"},\"image\":{\"@id\":\"https:\/\/ledsolintel.com\/product\/bombilla-led-reflectora-r90-15w-conexion-e27-de-roblan\/#primaryimage\"},\"thumbnailUrl\":\"https:\/\/ledsolintel.com\/wp-content\/uploads\/2012\/12\/1620-Bombilla-LED-reflectora-R90-E27-Potencia-15W-de-Roblan.jpg\",\"datePublished\":\"2012-12-16T18:12:22+00:00\",\"dateModified\":\"2026-04-04T13:11:08+00:00\",\"description\":\"Bombilla reflectora que sustituye a las convencionales de estas caracter\u00edsticas. Alta luminosidad y duraci\u00f3n. Marca ROBLAN.\",\"breadcrumb\":{\"@id\":\"https:\/\/ledsolintel.com\/product\/bombilla-led-reflectora-r90-15w-conexion-e27-de-roblan\/#breadcrumb\"},\"inLanguage\":\"fr-FR\",\"potentialAction\":[{\"@type\":\"ReadAction\",\"target\":[\"https:\/\/ledsolintel.com\/product\/bombilla-led-reflectora-r90-15w-conexion-e27-de-roblan\/\"]}]},{\"@type\":\"ImageObject\",\"inLanguage\":\"fr-FR\",\"@id\":\"https:\/\/ledsolintel.com\/product\/bombilla-led-reflectora-r90-15w-conexion-e27-de-roblan\/#primaryimage\",\"url\":\"https:\/\/ledsolintel.com\/wp-content\/uploads\/2012\/12\/1620-Bombilla-LED-reflectora-R90-E27-Potencia-15W-de-Roblan.jpg\",\"contentUrl\":\"https:\/\/ledsolintel.com\/wp-content\/uploads\/2012\/12\/1620-Bombilla-LED-reflectora-R90-E27-Potencia-15W-de-Roblan.jpg\",\"caption\":\"Bombilla LED reflectora R90 E27 Potencia 15W de Roblan\"},{\"@type\":\"BreadcrumbList\",\"@id\":\"https:\/\/ledsolintel.com\/product\/bombilla-led-reflectora-r90-15w-conexion-e27-de-roblan\/#breadcrumb\",\"itemListElement\":[{\"@type\":\"ListItem\",\"position\":1,\"name\":\"Portada\",\"item\":\"https:\/\/ledsolintel.com\/fr\/\"},{\"@type\":\"ListItem\",\"position\":2,\"name\":\"Tienda\",\"item\":\"https:\/\/ledsolintel.com\/tienda\/\"},{\"@type\":\"ListItem\",\"position\":3,\"name\":\"Reflectora LED R-90 15W de Roblan\"}]},{\"@type\":\"WebSite\",\"@id\":\"https:\/\/ledsolintel.com\/#website\",\"url\":\"https:\/\/ledsolintel.com\/\",\"name\":\"Webmenaje\",\"description\":\"Tienda de bombillas y l\u00e1mparas LED para profesionales\",\"publisher\":{\"@id\":\"https:\/\/ledsolintel.com\/#organization\"},\"potentialAction\":[{\"@type\":\"SearchAction\",\"target\":{\"@type\":\"EntryPoint\",\"urlTemplate\":\"https:\/\/ledsolintel.com\/?s={search_term_string}\"},\"query-input\":{\"@type\":\"PropertyValueSpecification\",\"valueRequired\":true,\"valueName\":\"search_term_string\"}}],\"inLanguage\":\"fr-FR\"},{\"@type\":\"Organization\",\"@id\":\"https:\/\/ledsolintel.com\/#organization\",\"name\":\"Solintel Noroeste, S.L.\",\"url\":\"https:\/\/ledsolintel.com\/\",\"logo\":{\"@type\":\"ImageObject\",\"inLanguage\":\"fr-FR\",\"@id\":\"https:\/\/ledsolintel.com\/#\/schema\/logo\/image\/\",\"url\":\"https:\/\/ledsolintel.com\/wp-content\/uploads\/2024\/11\/webmenaje-logo-1508269066.jpg\",\"contentUrl\":\"https:\/\/ledsolintel.com\/wp-content\/uploads\/2024\/11\/webmenaje-logo-1508269066.jpg\",\"width\":370,\"height\":90,\"caption\":\"Solintel Noroeste, S.L.\"},\"image\":{\"@id\":\"https:\/\/ledsolintel.com\/#\/schema\/logo\/image\/\"},\"sameAs\":[\"http:\/\/www.facebook.com\/webmenaje\",\"https:\/\/x.com\/webmenaje\",\"https:\/\/www.youtube.com\/channel\/UCX2KoVoeCG4LocZjUc6LmSQ\",\"http:\/\/www.pinterest.com\/webmenaje\"]}]}<\/script>\n<!-- \/ Yoast SEO plugin. -->","yoast_head_json":{"title":"Bombilla LED reflectora R90 15W conexi\u00f3n E27 de Roblan","description":"Bombilla reflectora que sustituye a las convencionales de estas caracter\u00edsticas. Alta luminosidad y duraci\u00f3n. Marca ROBLAN.","robots":{"index":"index","follow":"follow","max-snippet":"max-snippet:-1","max-image-preview":"max-image-preview:large","max-video-preview":"max-video-preview:-1"},"canonical":"https:\/\/ledsolintel.com\/fr\/produit-2\/bombilla-led-reflectora-r90-15w-conexion-e27-de-roblan\/","og_locale":"fr_FR","og_type":"article","og_title":"Bombilla LED reflectora R90 15W conexi\u00f3n E27 de Roblan","og_description":"Bombilla reflectora que sustituye a las convencionales de estas caracter\u00edsticas. Alta luminosidad y duraci\u00f3n. Marca ROBLAN.","og_url":"https:\/\/ledsolintel.com\/fr\/produit-2\/bombilla-led-reflectora-r90-15w-conexion-e27-de-roblan\/","og_site_name":"Ledsolintel","article_publisher":"http:\/\/www.facebook.com\/webmenaje","article_modified_time":"2026-04-04T13:11:08+00:00","og_image":[{"url":"https:\/\/ledsolintel.com\/wp-content\/uploads\/2012\/12\/1620-Bombilla-LED-reflectora-R90-E27-Potencia-15W-de-Roblan.jpg","width":1,"height":1,"type":"image\/jpeg"}],"twitter_card":"summary_large_image","twitter_site":"@webmenaje","schema":{"@context":"https:\/\/schema.org","@graph":[{"@type":"WebPage","@id":"https:\/\/ledsolintel.com\/product\/bombilla-led-reflectora-r90-15w-conexion-e27-de-roblan\/","url":"https:\/\/ledsolintel.com\/product\/bombilla-led-reflectora-r90-15w-conexion-e27-de-roblan\/","name":"Bombilla LED reflectora R90 15W conexi\u00f3n E27 de Roblan","isPartOf":{"@id":"https:\/\/ledsolintel.com\/#website"},"primaryImageOfPage":{"@id":"https:\/\/ledsolintel.com\/product\/bombilla-led-reflectora-r90-15w-conexion-e27-de-roblan\/#primaryimage"},"image":{"@id":"https:\/\/ledsolintel.com\/product\/bombilla-led-reflectora-r90-15w-conexion-e27-de-roblan\/#primaryimage"},"thumbnailUrl":"https:\/\/ledsolintel.com\/wp-content\/uploads\/2012\/12\/1620-Bombilla-LED-reflectora-R90-E27-Potencia-15W-de-Roblan.jpg","datePublished":"2012-12-16T18:12:22+00:00","dateModified":"2026-04-04T13:11:08+00:00","description":"Bombilla reflectora que sustituye a las convencionales de estas caracter\u00edsticas. Alta luminosidad y duraci\u00f3n. Marca ROBLAN.","breadcrumb":{"@id":"https:\/\/ledsolintel.com\/product\/bombilla-led-reflectora-r90-15w-conexion-e27-de-roblan\/#breadcrumb"},"inLanguage":"fr-FR","potentialAction":[{"@type":"ReadAction","target":["https:\/\/ledsolintel.com\/product\/bombilla-led-reflectora-r90-15w-conexion-e27-de-roblan\/"]}]},{"@type":"ImageObject","inLanguage":"fr-FR","@id":"https:\/\/ledsolintel.com\/product\/bombilla-led-reflectora-r90-15w-conexion-e27-de-roblan\/#primaryimage","url":"https:\/\/ledsolintel.com\/wp-content\/uploads\/2012\/12\/1620-Bombilla-LED-reflectora-R90-E27-Potencia-15W-de-Roblan.jpg","contentUrl":"https:\/\/ledsolintel.com\/wp-content\/uploads\/2012\/12\/1620-Bombilla-LED-reflectora-R90-E27-Potencia-15W-de-Roblan.jpg","caption":"Bombilla LED reflectora R90 E27 Potencia 15W de Roblan"},{"@type":"BreadcrumbList","@id":"https:\/\/ledsolintel.com\/product\/bombilla-led-reflectora-r90-15w-conexion-e27-de-roblan\/#breadcrumb","itemListElement":[{"@type":"ListItem","position":1,"name":"Portada","item":"https:\/\/ledsolintel.com\/fr\/"},{"@type":"ListItem","position":2,"name":"Tienda","item":"https:\/\/ledsolintel.com\/tienda\/"},{"@type":"ListItem","position":3,"name":"Reflectora LED R-90 15W de Roblan"}]},{"@type":"WebSite","@id":"https:\/\/ledsolintel.com\/#website","url":"https:\/\/ledsolintel.com\/","name":"Webmenaje","description":"Magasin d'ampoules et de lampes LED pour les professionnels","publisher":{"@id":"https:\/\/ledsolintel.com\/#organization"},"potentialAction":[{"@type":"SearchAction","target":{"@type":"EntryPoint","urlTemplate":"https:\/\/ledsolintel.com\/?s={search_term_string}"},"query-input":{"@type":"PropertyValueSpecification","valueRequired":true,"valueName":"search_term_string"}}],"inLanguage":"fr-FR"},{"@type":"Organization","@id":"https:\/\/ledsolintel.com\/#organization","name":"Solintel Noroeste, S.L.","url":"https:\/\/ledsolintel.com\/","logo":{"@type":"ImageObject","inLanguage":"fr-FR","@id":"https:\/\/ledsolintel.com\/#\/schema\/logo\/image\/","url":"https:\/\/ledsolintel.com\/wp-content\/uploads\/2024\/11\/webmenaje-logo-1508269066.jpg","contentUrl":"https:\/\/ledsolintel.com\/wp-content\/uploads\/2024\/11\/webmenaje-logo-1508269066.jpg","width":370,"height":90,"caption":"Solintel Noroeste, S.L."},"image":{"@id":"https:\/\/ledsolintel.com\/#\/schema\/logo\/image\/"},"sameAs":["http:\/\/www.facebook.com\/webmenaje","https:\/\/x.com\/webmenaje","https:\/\/www.youtube.com\/channel\/UCX2KoVoeCG4LocZjUc6LmSQ","http:\/\/www.pinterest.com\/webmenaje"]}]}},"_links":{"self":[{"href":"https:\/\/ledsolintel.com\/fr\/wp-json\/wp\/v2\/product\/239649","targetHints":{"allow":["GET"]}}],"collection":[{"href":"https:\/\/ledsolintel.com\/fr\/wp-json\/wp\/v2\/product"}],"about":[{"href":"https:\/\/ledsolintel.com\/fr\/wp-json\/wp\/v2\/types\/product"}],"version-history":[{"count":0,"href":"https:\/\/ledsolintel.com\/fr\/wp-json\/wp\/v2\/product\/239649\/revisions"}],"wp:featuredmedia":[{"embeddable":true,"href":"https:\/\/ledsolintel.com\/fr\/wp-json\/wp\/v2\/media\/239647"}],"wp:attachment":[{"href":"https:\/\/ledsolintel.com\/fr\/wp-json\/wp\/v2\/media?parent=239649"}],"wp:term":[{"taxonomy":"product_brand","embeddable":true,"href":"https:\/\/ledsolintel.com\/fr\/wp-json\/wp\/v2\/product_brand?post=239649"},{"taxonomy":"product_cat","embeddable":true,"href":"https:\/\/ledsolintel.com\/fr\/wp-json\/wp\/v2\/product_cat?post=239649"},{"taxonomy":"product_tag","embeddable":true,"href":"https:\/\/ledsolintel.com\/fr\/wp-json\/wp\/v2\/product_tag?post=239649"}],"curies":[{"name":"wp","href":"https:\/\/api.w.org\/{rel}","templated":true}]}}