{"id":3,"date":"2024-11-19T12:11:54","date_gmt":"2024-11-19T11:11:54","guid":{"rendered":"https:\/\/nueva.webmenaje.com\/?page_id=3"},"modified":"2025-10-24T12:38:28","modified_gmt":"2025-10-24T10:38:28","slug":"politica-privacidad","status":"publish","type":"page","link":"https:\/\/ledsolintel.com\/fr\/politica-privacidad\/","title":{"rendered":"Politique de confidentialit\u00e9"},"content":{"rendered":"<p>Nom de l'entreprise : SOLINTEL NOROESTE S.L.<\/p>\n\n\n\n<p>Nom commercial : ledsolintel<\/p>\n\n\n\n<p>Si\u00e8ge social : O Casal, Sta. Marta de Bab\u00edo - 15165 Bergondo A Coru\u00f1a<\/p>\n\n\n\n<p>CIF \/ NIF : B70353404<\/p>\n\n\n\n<p>T\u00e9l\u00e9phone : 881 991 383<\/p>\n\n\n\n<p>e-Mail :&nbsp;<a href=\"mailto:info@webmenaje.com\">info@ledsolintel.com<\/a><\/p>\n\n\n\n<p>Inscrit au registre : Inscrit au registre du commerce de La Corogne, volume 3.471, folio 195, page C-49.514, 1\u00e8re inscription.<\/p>\n\n\n\n<p>Nom de domaine :&nbsp;<a href=\"http:\/\/www.webmenaje.com\/\">ledsolintel.com<\/a><\/p>\n\n\n\n<p>Conform\u00e9ment aux dispositions de l'article 5 de la Loi Organique 15\/1999, du 13 d\u00e9cembre, sur la Protection des Donn\u00e9es \u00e0 Caract\u00e8re Personnel (LOPD) et de son r\u00e8glement d'application, le responsable du site web ledsolintel.com informe tous les utilisateurs qui fournissent ou fourniront leurs donn\u00e9es personnelles, que celles-ci seront incorpor\u00e9es \u00e0 un fichier automatis\u00e9 appartenant \u00e0 Solintel Noroeste, S.L., d\u00fbment inscrit aupr\u00e8s de l'Agence Espagnole de Protection des Donn\u00e9es.<\/p>\n\n\n\n<p>Les donn\u00e9es personnelles sont collect\u00e9es via les formulaires d'inscription, les formulaires d'achat et les formulaires de contact. Dans votre compte client, vous pouvez acc\u00e9der \u00e0 ces donn\u00e9es et les modifier.<\/p>\n\n\n\n<p>Les donn\u00e9es fournies par l'utilisateur par le biais de ces formulaires doivent \u00eatre vraies, exactes, compl\u00e8tes et \u00e0 jour ; si les informations fournies sont fausses, inexactes, incompl\u00e8tes ou non actualis\u00e9es, l'utilisateur sera responsable de tout dommage pouvant \u00eatre caus\u00e9 pour cette raison.<\/p>\n\n\n\n<p>Les mineurs de moins de 14 ans qui souhaitent s'enregistrer sur le site ledsolintel.com doivent demander l'autorisation expresse de leurs parents ou tuteurs l\u00e9gaux, qui devront contacter ledsolintel.com avant de fournir les donn\u00e9es personnelles des mineurs.<\/p>\n\n\n\n<p>L'utilisateur peut consentir \u00e0 ce que ledsolintel.com transf\u00e8re ses donn\u00e9es, en acceptant librement et sans \u00e9quivoque que ces donn\u00e9es personnelles soient trait\u00e9es \u00e0 ces fins :<\/p>\n\n\n\n<p>Fournir les services demand\u00e9s par l'utilisateur.<\/p>\n\n\n\n<p>Traitement des commandes et exp\u00e9dition des produits achet\u00e9s.<\/p>\n\n\n\n<p>pour r\u00e9pondre aux doutes et aux questions concernant les produits propos\u00e9s ou les fonctionnalit\u00e9s du site web.<\/p>\n\n\n\n<p>Envoyer des informations sur les commandes et les produits propos\u00e9s.<\/p>\n\n\n\n<p>Activit\u00e9s commerciales de promotion et de publicit\u00e9 pour les produits figurant sur le site web.<\/p>\n\n\n\n<p>R\u00e9aliser des \u00e9tudes statistiques.<\/p>\n\n\n\n<p>Ces objectifs seront g\u00e9n\u00e9ralement g\u00e9r\u00e9s par courrier \u00e9lectronique et, occasionnellement, par d'autres moyens tels que le t\u00e9l\u00e9phone, les SMS, les r\u00e9seaux sociaux ou le courrier ordinaire, ainsi que d'autres moyens \u00e9lectroniques ou physiques permettant d'effectuer des communications commerciales.<\/p>\n\n\n\n<p>ledsolintel.com ne transf\u00e8re pas de donn\u00e9es \u00e0 des tiers, \u00e0 moins qu'ils ne soient directement li\u00e9s \u00e0 ce site web et que leurs services soient n\u00e9cessaires \u00e0 l'ex\u00e9cution des contrats demand\u00e9s.<\/p>\n\n\n\n<p>Conform\u00e9ment au D\u00e9cret Royal 1720\/2007, du 21 d\u00e9cembre, qui approuve le R\u00e8glement de d\u00e9veloppement de la Loi Organique 15\/1999, du 13 d\u00e9cembre, de protection des donn\u00e9es \u00e0 caract\u00e8re personnel, toutes les donn\u00e9es \u00e0 caract\u00e8re personnel que les utilisateurs fournissent \u00e0 ledsolintel.com seront trait\u00e9es avec la plus grande confidentialit\u00e9 et dans le cadre de mesures de s\u00e9curit\u00e9 techniques et organisationnelles afin d'\u00e9viter leur perte, mauvaise utilisation, alt\u00e9ration, acc\u00e8s non autoris\u00e9 et autres risques. Le site Web utilise des techniques de s\u00e9curit\u00e9 de l'information g\u00e9n\u00e9ralement accept\u00e9es dans le secteur, telles que les pare-feu, les proc\u00e9dures de contr\u00f4le d'acc\u00e8s et les m\u00e9canismes cryptographiques, afin d'\u00e9viter l'acc\u00e8s non autoris\u00e9 aux donn\u00e9es ; \u00e0 cette fin, l'utilisateur accepte que ledsolintel.com obtienne des donn\u00e9es pour l'authentification des contr\u00f4les d'acc\u00e8s.&nbsp;<\/p>\n\n\n\n<p>Toutes les donn\u00e9es demand\u00e9es \u00e0 travers le site web sont n\u00e9cessaires pour fournir un service optimal \u00e0 l'utilisateur ; dans le cas o\u00f9 toutes les donn\u00e9es ne seraient pas fournies, ledsolintel.com ne garantit pas que l'information et les services fournis soient totalement adapt\u00e9s \u00e0 vos besoins.  Conform\u00e9ment aux dispositions de la Loi Organique 15\/1999, du 13 d\u00e9cembre, sur la Protection des Donn\u00e9es \u00e0 Caract\u00e8re Personnel, l'utilisateur de ledsolintel.com peut \u00e0 tout moment exercer ses droits d'acc\u00e8s, de rectification, d'annulation et d'opposition, par communication \u00e9crite adress\u00e9e \u00e0 Solintel Noroeste, S.L., Calle Merced 81 bajo - 145009 A Coru\u00f1a ; ou par courrier \u00e9lectronique adress\u00e9 \u00e0 <a href=\"mailto:info@webmenaje.com\">info@ledsolintel.com<\/a>. L'utilisateur doit prouver son identit\u00e9 en joignant une copie de sa carte d'identit\u00e9 nationale, de son passeport ou d'un autre document similaire valide.<\/p>","protected":false},"excerpt":{"rendered":"<p>Denominaci\u00f3n Social:&nbsp;SOLINTEL NOROESTE S.L. Nombre Comercial:&nbsp;ledsolintel Domicilio Social:&nbsp;O Casal, Sta. Marta de Bab\u00edo \u2013 15165 Bergondo &nbsp;A Coru\u00f1a CIF \/ NIF:&nbsp;B70353404 Tel\u00e9fono: 881 991 383 e-Mail:&nbsp;info@ledsolintel.com Inscrita en el Registro:&nbsp;Inscrita en el Registro Mercantil de A Coru\u00f1a, Tomo 3.471, Folio 195, Hoja C-49.514, Inscripci\u00f3n 1\u00aa Nombre de dominio:&nbsp;ledsolintel.com De conformidad y en cumplimiento de lo &hellip; <a href=\"https:\/\/ledsolintel.com\/fr\/politica-privacidad\/\" class=\"more-link\">Continue reading <span class=\"screen-reader-text\">Politique de confidentialit\u00e9<\/span><\/a><\/p>","protected":false},"author":1,"featured_media":0,"parent":0,"menu_order":0,"comment_status":"closed","ping_status":"open","template":"","meta":{"footnotes":""},"class_list":["post-3","page","type-page","status-publish","hentry"],"yoast_head":"<!-- This site is optimized with the Yoast SEO plugin v27.4 - https:\/\/yoast.com\/product\/yoast-seo-wordpress\/ -->\n<title>Pol\u00edtica de privacidad - Ledsolintel<\/title>\n<meta name=\"robots\" content=\"index, follow, max-snippet:-1, max-image-preview:large, max-video-preview:-1\" \/>\n<link rel=\"canonical\" href=\"https:\/\/ledsolintel.com\/fr\/politica-privacidad\/\" \/>\n<meta property=\"og:locale\" content=\"fr_FR\" \/>\n<meta property=\"og:type\" content=\"article\" \/>\n<meta property=\"og:title\" content=\"Pol\u00edtica de privacidad - Ledsolintel\" \/>\n<meta property=\"og:description\" content=\"Denominaci\u00f3n Social:&nbsp;SOLINTEL NOROESTE S.L. Nombre Comercial:&nbsp;ledsolintel Domicilio Social:&nbsp;O Casal, Sta. Marta de Bab\u00edo \u2013 15165 Bergondo &nbsp;A Coru\u00f1a CIF \/ NIF:&nbsp;B70353404 Tel\u00e9fono: 881 991 383 e-Mail:&nbsp;info@ledsolintel.com Inscrita en el Registro:&nbsp;Inscrita en el Registro Mercantil de A Coru\u00f1a, Tomo 3.471, Folio 195, Hoja C-49.514, Inscripci\u00f3n 1\u00aa Nombre de dominio:&nbsp;ledsolintel.com De conformidad y en cumplimiento de lo &hellip; Continue reading Pol\u00edtica de privacidad\" \/>\n<meta property=\"og:url\" content=\"https:\/\/ledsolintel.com\/fr\/politica-privacidad\/\" \/>\n<meta property=\"og:site_name\" content=\"Ledsolintel\" \/>\n<meta property=\"article:publisher\" content=\"http:\/\/www.facebook.com\/webmenaje\" \/>\n<meta property=\"article:modified_time\" content=\"2025-10-24T10:38:28+00:00\" \/>\n<meta name=\"twitter:card\" content=\"summary_large_image\" \/>\n<meta name=\"twitter:site\" content=\"@webmenaje\" \/>\n<meta name=\"twitter:label1\" content=\"Dur\u00e9e de lecture estim\u00e9e\" \/>\n\t<meta name=\"twitter:data1\" content=\"3 minutes\" \/>\n<script type=\"application\/ld+json\" class=\"yoast-schema-graph\">{\"@context\":\"https:\\\/\\\/schema.org\",\"@graph\":[{\"@type\":\"WebPage\",\"@id\":\"https:\\\/\\\/ledsolintel.com\\\/politica-privacidad\\\/\",\"url\":\"https:\\\/\\\/ledsolintel.com\\\/politica-privacidad\\\/\",\"name\":\"Pol\u00edtica de privacidad - Ledsolintel\",\"isPartOf\":{\"@id\":\"https:\\\/\\\/ledsolintel.com\\\/#website\"},\"datePublished\":\"2024-11-19T11:11:54+00:00\",\"dateModified\":\"2025-10-24T10:38:28+00:00\",\"breadcrumb\":{\"@id\":\"https:\\\/\\\/ledsolintel.com\\\/politica-privacidad\\\/#breadcrumb\"},\"inLanguage\":\"fr-FR\",\"potentialAction\":[{\"@type\":\"ReadAction\",\"target\":[\"https:\\\/\\\/ledsolintel.com\\\/politica-privacidad\\\/\"]}]},{\"@type\":\"BreadcrumbList\",\"@id\":\"https:\\\/\\\/ledsolintel.com\\\/politica-privacidad\\\/#breadcrumb\",\"itemListElement\":[{\"@type\":\"ListItem\",\"position\":1,\"name\":\"Portada\",\"item\":\"https:\\\/\\\/ledsolintel.com\\\/fr\\\/\"},{\"@type\":\"ListItem\",\"position\":2,\"name\":\"Pol\u00edtica de privacidad\"}]},{\"@type\":\"WebSite\",\"@id\":\"https:\\\/\\\/ledsolintel.com\\\/#website\",\"url\":\"https:\\\/\\\/ledsolintel.com\\\/\",\"name\":\"Webmenaje\",\"description\":\"Tienda de bombillas y l\u00e1mparas LED para profesionales\",\"publisher\":{\"@id\":\"https:\\\/\\\/ledsolintel.com\\\/#organization\"},\"potentialAction\":[{\"@type\":\"SearchAction\",\"target\":{\"@type\":\"EntryPoint\",\"urlTemplate\":\"https:\\\/\\\/ledsolintel.com\\\/?s={search_term_string}\"},\"query-input\":{\"@type\":\"PropertyValueSpecification\",\"valueRequired\":true,\"valueName\":\"search_term_string\"}}],\"inLanguage\":\"fr-FR\"},{\"@type\":\"Organization\",\"@id\":\"https:\\\/\\\/ledsolintel.com\\\/#organization\",\"name\":\"Solintel Noroeste, S.L.\",\"url\":\"https:\\\/\\\/ledsolintel.com\\\/\",\"logo\":{\"@type\":\"ImageObject\",\"inLanguage\":\"fr-FR\",\"@id\":\"https:\\\/\\\/ledsolintel.com\\\/#\\\/schema\\\/logo\\\/image\\\/\",\"url\":\"https:\\\/\\\/ledsolintel.com\\\/wp-content\\\/uploads\\\/2024\\\/11\\\/webmenaje-logo-1508269066.jpg\",\"contentUrl\":\"https:\\\/\\\/ledsolintel.com\\\/wp-content\\\/uploads\\\/2024\\\/11\\\/webmenaje-logo-1508269066.jpg\",\"width\":370,\"height\":90,\"caption\":\"Solintel Noroeste, S.L.\"},\"image\":{\"@id\":\"https:\\\/\\\/ledsolintel.com\\\/#\\\/schema\\\/logo\\\/image\\\/\"},\"sameAs\":[\"http:\\\/\\\/www.facebook.com\\\/webmenaje\",\"https:\\\/\\\/x.com\\\/webmenaje\",\"https:\\\/\\\/www.youtube.com\\\/channel\\\/UCX2KoVoeCG4LocZjUc6LmSQ\",\"http:\\\/\\\/www.pinterest.com\\\/webmenaje\"]}]}<\/script>\n<!-- \/ Yoast SEO plugin. -->","yoast_head_json":{"title":"Pol\u00edtica de privacidad - Ledsolintel","robots":{"index":"index","follow":"follow","max-snippet":"max-snippet:-1","max-image-preview":"max-image-preview:large","max-video-preview":"max-video-preview:-1"},"canonical":"https:\/\/ledsolintel.com\/fr\/politica-privacidad\/","og_locale":"fr_FR","og_type":"article","og_title":"Pol\u00edtica de privacidad - Ledsolintel","og_description":"Denominaci\u00f3n Social:&nbsp;SOLINTEL NOROESTE S.L. Nombre Comercial:&nbsp;ledsolintel Domicilio Social:&nbsp;O Casal, Sta. Marta de Bab\u00edo \u2013 15165 Bergondo &nbsp;A Coru\u00f1a CIF \/ NIF:&nbsp;B70353404 Tel\u00e9fono: 881 991 383 e-Mail:&nbsp;info@ledsolintel.com Inscrita en el Registro:&nbsp;Inscrita en el Registro Mercantil de A Coru\u00f1a, Tomo 3.471, Folio 195, Hoja C-49.514, Inscripci\u00f3n 1\u00aa Nombre de dominio:&nbsp;ledsolintel.com De conformidad y en cumplimiento de lo &hellip; Continue reading Pol\u00edtica de privacidad","og_url":"https:\/\/ledsolintel.com\/fr\/politica-privacidad\/","og_site_name":"Ledsolintel","article_publisher":"http:\/\/www.facebook.com\/webmenaje","article_modified_time":"2025-10-24T10:38:28+00:00","twitter_card":"summary_large_image","twitter_site":"@webmenaje","twitter_misc":{"Dur\u00e9e de lecture estim\u00e9e":"3 minutes"},"schema":{"@context":"https:\/\/schema.org","@graph":[{"@type":"WebPage","@id":"https:\/\/ledsolintel.com\/politica-privacidad\/","url":"https:\/\/ledsolintel.com\/politica-privacidad\/","name":"Pol\u00edtica de privacidad - Ledsolintel","isPartOf":{"@id":"https:\/\/ledsolintel.com\/#website"},"datePublished":"2024-11-19T11:11:54+00:00","dateModified":"2025-10-24T10:38:28+00:00","breadcrumb":{"@id":"https:\/\/ledsolintel.com\/politica-privacidad\/#breadcrumb"},"inLanguage":"fr-FR","potentialAction":[{"@type":"ReadAction","target":["https:\/\/ledsolintel.com\/politica-privacidad\/"]}]},{"@type":"BreadcrumbList","@id":"https:\/\/ledsolintel.com\/politica-privacidad\/#breadcrumb","itemListElement":[{"@type":"ListItem","position":1,"name":"Portada","item":"https:\/\/ledsolintel.com\/fr\/"},{"@type":"ListItem","position":2,"name":"Pol\u00edtica de privacidad"}]},{"@type":"WebSite","@id":"https:\/\/ledsolintel.com\/#website","url":"https:\/\/ledsolintel.com\/","name":"Webmenaje","description":"Magasin d'ampoules et de lampes LED pour les professionnels","publisher":{"@id":"https:\/\/ledsolintel.com\/#organization"},"potentialAction":[{"@type":"SearchAction","target":{"@type":"EntryPoint","urlTemplate":"https:\/\/ledsolintel.com\/?s={search_term_string}"},"query-input":{"@type":"PropertyValueSpecification","valueRequired":true,"valueName":"search_term_string"}}],"inLanguage":"fr-FR"},{"@type":"Organization","@id":"https:\/\/ledsolintel.com\/#organization","name":"Solintel Noroeste, S.L.","url":"https:\/\/ledsolintel.com\/","logo":{"@type":"ImageObject","inLanguage":"fr-FR","@id":"https:\/\/ledsolintel.com\/#\/schema\/logo\/image\/","url":"https:\/\/ledsolintel.com\/wp-content\/uploads\/2024\/11\/webmenaje-logo-1508269066.jpg","contentUrl":"https:\/\/ledsolintel.com\/wp-content\/uploads\/2024\/11\/webmenaje-logo-1508269066.jpg","width":370,"height":90,"caption":"Solintel Noroeste, S.L."},"image":{"@id":"https:\/\/ledsolintel.com\/#\/schema\/logo\/image\/"},"sameAs":["http:\/\/www.facebook.com\/webmenaje","https:\/\/x.com\/webmenaje","https:\/\/www.youtube.com\/channel\/UCX2KoVoeCG4LocZjUc6LmSQ","http:\/\/www.pinterest.com\/webmenaje"]}]}},"_links":{"self":[{"href":"https:\/\/ledsolintel.com\/fr\/wp-json\/wp\/v2\/pages\/3","targetHints":{"allow":["GET"]}}],"collection":[{"href":"https:\/\/ledsolintel.com\/fr\/wp-json\/wp\/v2\/pages"}],"about":[{"href":"https:\/\/ledsolintel.com\/fr\/wp-json\/wp\/v2\/types\/page"}],"author":[{"embeddable":true,"href":"https:\/\/ledsolintel.com\/fr\/wp-json\/wp\/v2\/users\/1"}],"replies":[{"embeddable":true,"href":"https:\/\/ledsolintel.com\/fr\/wp-json\/wp\/v2\/comments?post=3"}],"version-history":[{"count":1,"href":"https:\/\/ledsolintel.com\/fr\/wp-json\/wp\/v2\/pages\/3\/revisions"}],"predecessor-version":[{"id":256928,"href":"https:\/\/ledsolintel.com\/fr\/wp-json\/wp\/v2\/pages\/3\/revisions\/256928"}],"wp:attachment":[{"href":"https:\/\/ledsolintel.com\/fr\/wp-json\/wp\/v2\/media?parent=3"}],"curies":[{"name":"wp","href":"https:\/\/api.w.org\/{rel}","templated":true}]}}