{"id":256850,"date":"2012-12-12T21:14:21","date_gmt":"2012-12-12T20:14:21","guid":{"rendered":"https:\/\/nueva.ledsolintel.com\/nuestros-proveedores\/"},"modified":"2012-12-12T21:14:21","modified_gmt":"2012-12-12T20:14:21","slug":"nuestros-proveedores","status":"publish","type":"page","link":"https:\/\/ledsolintel.com\/fr\/nuestros-proveedores\/","title":{"rendered":"Nuestras marcas"},"content":{"rendered":"<h2>Nuestras marcas<\/h2>\n<h2><\/h2>\n<p style=\"text-align: justify;\">Tras varios a\u00f1os dedicados a la iluminaci\u00f3n, la\u00a0pol\u00edtica de negocio de\u00a0LEDSOLINTEL se mantiene clara:\u00a0solamente vendemos productos cuya calidad y origen podemos certificar, de forma que ning\u00fan cliente se quede insatisfecho con su compra y pueda reclamar su garant\u00eda en caso de deficiencia t\u00e9cnica. Adem\u00e1s, trabajamos directamente con el fabricante, o bien, en el caso de algunas empresas ubicadas en el extranjero, con sus distribuidores oficiales, de forma que no haya que delegar nunca en intermediarios.<\/p>\n<p style=\"text-align: justify;\">\n<p style=\"text-align: justify;\">Si no conoce a nuestros fabricantes y quiere saber cu\u00e1l es el m\u00e1s adecuado a sus necesidades, este es su lugar.<\/p>\n<p style=\"text-align: justify;\">\u00a0<\/p>\n<p style=\"text-align: justify;\">\u00a0<\/p>\n<h3 style=\"text-align: center;\">\u00a0<img decoding=\"async\" width=\"234\" height=\"106\" alt=\"\" src=\"http:\/\/ledsolintel.com\/img\/cms\/Logo-beneito.jpg\" \/><\/h3>\n<p style=\"text-align: justify;\">La gama m\u00e1s alta de los productos que ofrecemos en Ledsolintel viene de la mano de Beneito Faure.<\/p>\n<p style=\"text-align: justify;\">Esta empresa barcelonesa fabrica las que probablemente sean las l\u00e1mparas LED de mayor calidad de la Pen\u00ednsula Ib\u00e9rica y est\u00e1 ganando una fama muy justa en el mercado internacional. Atentos siempre a la innovaci\u00f3n y al aprovechamiento\u00a0de las tecnolog\u00edas m\u00e1s avanzadas, en Beneito Faure prima la calidad en la t\u00e9cnica y el dise\u00f1o por encima de cualquier otra consideraci\u00f3n.<\/p>\n<p style=\"text-align: justify;\">Los tres controles de calidad consecutivos a los que someten a sus bombillas aseguran que su material\u00a0sale de f\u00e1brica siempre en perfectas condiciones y que los productos defectuosos son virtualmente inexistentes. Si bien sus productos tienen precios m\u00e1s elevados que los de la competencia, esto queda compensado por unas l\u00e1mparas cuya luz presenta una calidad imbatible, un dise\u00f1o atractivo y\u00a0actual y una seguridad y durabilidad que muy pocos fabricantes pueden ofrecer.<\/p>\n<p style=\"text-align: justify;\">Todos sus productos presentan una garant\u00eda de entre 2 y 5 a\u00f1os.<\/p>\n<p style=\"text-align: justify;\">\n<p style=\"text-align: justify;\"><img fetchpriority=\"high\" decoding=\"async\" width=\"870\" height=\"615\" alt=\"\" src=\"http:\/\/ledsolintel.com\/img\/cms\/Iluminacion-Led-Beneito-Faure_1.jpg\" \/><\/p>\n<p style=\"text-align: justify;\">\n<h4 style=\"text-align: justify;\">Pros:<\/h4>\n<ul style=\"text-align: justify;\">\n<li>Calidad de iluminaci\u00f3n y de construcci\u00f3n insuperable.<\/li>\n<li>Elevada durabilidad.<\/li>\n<li>Seguridad frente a los productos defectuosos.<\/li>\n<li>Dise\u00f1o sobrio, preciso y actual.<\/li>\n<\/ul>\n<p style=\"text-align: justify;\">\u00a0<\/p>\n<h4 style=\"text-align: justify;\">Especialmente recomendado para:<\/h4>\n<ul>\n<li style=\"text-align: justify;\">Lugares donde resulte fundamental una buena iluminaci\u00f3n, especialmente tiendas de moda o lujo y negocios centrados en el contacto con el p\u00fablico.<\/li>\n<li style=\"text-align: justify;\">Chalets y pisos de dise\u00f1o y, en general, hogares con una decoraci\u00f3n actual que den importancia al ambiente y a la luz.<\/li>\n<\/ul>\n<p>\u00a0<\/p>\n<h4><strong>Sus mejores productos:<\/strong><\/h4>\n<ul>\n<li>Toda su gama de bombillas.<\/li>\n<li>Sus productos para interiores, sobre todo los plafones y los focos de carril.<\/li>\n<\/ul>\n<p>\u00a0<\/p>\n<p>\u00a0<\/p>\n<p style=\"text-align: center;\"><img decoding=\"async\" width=\"300\" height=\"58\" alt=\"\" src=\"http:\/\/ledsolintel.com\/img\/cms\/logo.png\" \/><\/p>\n<\/p>\n<p>En sus m\u00e1s de 40 a\u00f1os de existencia, Roblan se ha convertido en una de las marcas espa\u00f1olas de referencia en el mercado de la iluminaci\u00f3n tanto en el territorio nacional como en Reino Unido, \u00c1frica\u00a0y Latinoam\u00e9rica. A pesar de su veteran\u00eda han sabido adaptarse a los vaivenes de la tecnolog\u00eda y han confeccionado\u00a0una l\u00ednea sobresaliente de productos LED.<\/p>\n<p>Su cat\u00e1logo se incluye\u00a0en una gama de calidad\u00a0alta o\u00a0media-alta y, prescindiendo de los lujos de otras marcas, son perfectamente capaces de cubrir o de superar las necesidades de\u00a0todos sus clientes. Algunos de sus productos,\u00a0como es el caso de los tubos LED, se cuentan entre las mejores opciones disponibles en el mercado en cualquier rango de precios.<\/p>\n<\/p>\n<p><img loading=\"lazy\" decoding=\"async\" width=\"870\" height=\"553\" alt=\"\" src=\"http:\/\/ledsolintel.com\/img\/cms\/filamento-roblan.jpg\" \/><\/p>\n<\/p>\n<h4>Pros:<\/h4>\n<ul>\n<li>Productos de gran calidad v\u00e1lidos para todos los \u00e1mbitos y necesidades.<\/li>\n<li>Gran durabilidad y ahorro energ\u00e9tico.<\/li>\n<li>\u00d3ptima relaci\u00f3n calidad-precio.<\/li>\n<li>Calidad y servicios avalados por m\u00e1s de 40 a\u00f1os de experiencia.<\/li>\n<\/ul>\n<h4>Especialmente recomendado para:<\/h4>\n<ul>\n<li>L\u00e1mparas todoterreno v\u00e1lidas para\u00a0todos los usos.<\/li>\n<li>Su ajustado precio las hace perfectas para la iluminaci\u00f3n de\u00a0todo tipo de hogares y de negocios, especialmente aquellos donde se valore\u00a0m\u00e1s la relaci\u00f3n calidad-precio que el lujo.<\/li>\n<\/ul>\n<p>\u00a0<\/p>\n<h4><strong>Sus mejores productos:<\/strong><\/h4>\n<ul>\n<li>Toda su gama de bombillas, desde lo b\u00e1sico al smart lighting.<\/li>\n<li>Sus productos de iluminaci\u00f3n industrial y urbana: campanas, proyectores de exterior, etc.<\/li>\n<li>Su iluminaci\u00f3n para zonas p\u00fablicas: paneles LED, tubos, regletas, etc.<\/li>\n<\/ul>\n<p>\u00a0<\/p>\n<p>\u00a0<\/p>\n<p>\u00a0<img loading=\"lazy\" decoding=\"async\" class=\"size-full wp-image-256848\" src=\"https:\/\/ledsolintel.com\/wp-content\/uploads\/2012\/12\/faro_barcelona_iluminacion.jpg\" alt=\"\" width=\"300\" height=\"68\" style=\"display: block; margin-left: auto; margin-right: auto;\" \/><\/p>\n<p>\u00a0<\/p>\n<p>Centrados en mantenerse a la vanguardia del dise\u00f1o, Faro Barcelona ofrece una extensa gama de l\u00e1mparas de interior y de exterior destinadas a la iluminaci\u00f3n ornamental. Sus apliques, l\u00e1mparas colgantes y plafones no se limitan a aportar luz, sino que funcionan como piezas decorativas que dan un aspecto sofisticado a cualquier estancia; y sus balizas y farolas complementan\u00a0el espacio de los jardines y delimitan caminos y zonas de paso.<\/p>\n<p>Con numerosos premios internacionales de dise\u00f1o en su haber, Faro Barcelona es una de las casas de iluminaci\u00f3n con m\u00e1s proyecci\u00f3n en la actualidad. Sus productos son recomendables para proyectos arquitect\u00f3nicos de lujo, para proyectos de interiorismo\u00a0y para aportar un aire elegante a los hogares.<\/p>\n<p>Adem\u00e1s, Faro Barcelona dispone de un cat\u00e1logo muy variado de ventiladores, que comparten la atenci\u00f3n por el dise\u00f1o que caracteriza a su empresa.<\/p>\n<p>\u00a0<\/p>\n<p><img loading=\"lazy\" decoding=\"async\" class=\"size-full wp-image-256849\" src=\"https:\/\/ledsolintel.com\/wp-content\/uploads\/2012\/12\/29691hq4.jpg\" alt=\"\" width=\"870\" height=\"579\" \/><\/p>\n<p>\u00a0<\/p>\n<h4>Pros:<\/h4>\n<ul>\n<li>L\u00e1mparas de dise\u00f1o, exclusivas, actuales y multipremiadas.<\/li>\n<li>Integra la luz y la decoraci\u00f3n en un mismo producto.<\/li>\n<li>Gran variedad de tipos de l\u00e1mpara donde elegir, tanto interiores como exteriores.<\/li>\n<li>Dispone de ventiladores para completar la decoraci\u00f3n y refrescar.<\/li>\n<\/ul>\n<h4>Especialmente recomendado para:<\/h4>\n<ul>\n<li>Proyectos integrales de decoraci\u00f3n, de arquitectura e interiorismo.<\/li>\n<li>Hogares y espacios comerciales que busquen la exclusividad y den prioridad al dise\u00f1o.<\/li>\n<\/ul>\n<p>\u00a0<\/p>\n<h4><strong>Sus mejores productos:<\/strong><\/h4>\n<ul>\n<li>L\u00e1mparas de interior: apliques, plafones, l\u00e1mparas colgantes&#8230;<\/li>\n<li>L\u00e1mparas de exterior: balizas, sobremuros, farolas, apliques para fachadas&#8230;<\/li>\n<li>Ventiladores con y sin iluminaci\u00f3n<\/li>\n<\/ul>","protected":false},"excerpt":{"rendered":"<p>Nuestras marcas Tras varios a\u00f1os dedicados a la iluminaci\u00f3n, la\u00a0pol\u00edtica de negocio de\u00a0LEDSOLINTEL se mantiene clara:\u00a0solamente vendemos productos cuya calidad y origen podemos certificar, de forma que ning\u00fan cliente se quede insatisfecho con su compra y pueda reclamar su garant\u00eda en caso de deficiencia t\u00e9cnica. Adem\u00e1s, trabajamos directamente con el fabricante, o bien, en el &hellip; <a href=\"https:\/\/ledsolintel.com\/fr\/nuestros-proveedores\/\" class=\"more-link\">Continue reading <span class=\"screen-reader-text\">Nuestras marcas<\/span><\/a><\/p>","protected":false},"author":1,"featured_media":256848,"parent":0,"menu_order":15,"comment_status":"closed","ping_status":"closed","template":"","meta":{"footnotes":""},"class_list":["post-256850","page","type-page","status-publish","has-post-thumbnail","hentry"],"yoast_head":"<!-- This site is optimized with the Yoast SEO plugin v26.6 - https:\/\/yoast.com\/wordpress\/plugins\/seo\/ -->\n<title>Nuestras marcas<\/title>\n<meta name=\"description\" content=\"Las marcas profesionales de Ledsolintel\" \/>\n<meta name=\"robots\" content=\"index, follow, max-snippet:-1, max-image-preview:large, max-video-preview:-1\" \/>\n<link rel=\"canonical\" href=\"https:\/\/ledsolintel.com\/fr\/nuestros-proveedores\/\" \/>\n<meta property=\"og:locale\" content=\"fr_FR\" \/>\n<meta property=\"og:type\" content=\"article\" \/>\n<meta property=\"og:title\" content=\"Nuestras marcas\" \/>\n<meta property=\"og:description\" content=\"Las marcas profesionales de Ledsolintel\" \/>\n<meta property=\"og:url\" content=\"https:\/\/ledsolintel.com\/fr\/nuestros-proveedores\/\" \/>\n<meta property=\"og:site_name\" content=\"Ledsolintel\" \/>\n<meta property=\"article:publisher\" content=\"http:\/\/www.facebook.com\/webmenaje\" \/>\n<meta property=\"og:image\" content=\"https:\/\/ledsolintel.com\/wp-content\/uploads\/2012\/12\/faro_barcelona_iluminacion.jpg\" \/>\n\t<meta property=\"og:image:width\" content=\"1\" \/>\n\t<meta property=\"og:image:height\" content=\"1\" \/>\n\t<meta property=\"og:image:type\" content=\"image\/jpeg\" \/>\n<meta name=\"twitter:card\" content=\"summary_large_image\" \/>\n<meta name=\"twitter:site\" content=\"@webmenaje\" \/>\n<meta name=\"twitter:label1\" content=\"Dur\u00e9e de lecture estim\u00e9e\" \/>\n\t<meta name=\"twitter:data1\" content=\"4 minutes\" \/>\n<script type=\"application\/ld+json\" class=\"yoast-schema-graph\">{\"@context\":\"https:\/\/schema.org\",\"@graph\":[{\"@type\":\"WebPage\",\"@id\":\"https:\/\/ledsolintel.com\/nuestros-proveedores\/\",\"url\":\"https:\/\/ledsolintel.com\/nuestros-proveedores\/\",\"name\":\"Nuestras marcas\",\"isPartOf\":{\"@id\":\"https:\/\/ledsolintel.com\/#website\"},\"primaryImageOfPage\":{\"@id\":\"https:\/\/ledsolintel.com\/nuestros-proveedores\/#primaryimage\"},\"image\":{\"@id\":\"https:\/\/ledsolintel.com\/nuestros-proveedores\/#primaryimage\"},\"thumbnailUrl\":\"https:\/\/ledsolintel.com\/wp-content\/uploads\/2012\/12\/faro_barcelona_iluminacion.jpg\",\"datePublished\":\"2012-12-12T20:14:21+00:00\",\"description\":\"Las marcas profesionales de Ledsolintel\",\"breadcrumb\":{\"@id\":\"https:\/\/ledsolintel.com\/nuestros-proveedores\/#breadcrumb\"},\"inLanguage\":\"fr-FR\",\"potentialAction\":[{\"@type\":\"ReadAction\",\"target\":[\"https:\/\/ledsolintel.com\/nuestros-proveedores\/\"]}]},{\"@type\":\"ImageObject\",\"inLanguage\":\"fr-FR\",\"@id\":\"https:\/\/ledsolintel.com\/nuestros-proveedores\/#primaryimage\",\"url\":\"https:\/\/ledsolintel.com\/wp-content\/uploads\/2012\/12\/faro_barcelona_iluminacion.jpg\",\"contentUrl\":\"https:\/\/ledsolintel.com\/wp-content\/uploads\/2012\/12\/faro_barcelona_iluminacion.jpg\"},{\"@type\":\"BreadcrumbList\",\"@id\":\"https:\/\/ledsolintel.com\/nuestros-proveedores\/#breadcrumb\",\"itemListElement\":[{\"@type\":\"ListItem\",\"position\":1,\"name\":\"Portada\",\"item\":\"https:\/\/ledsolintel.com\/fr\/\"},{\"@type\":\"ListItem\",\"position\":2,\"name\":\"Nuestras marcas\"}]},{\"@type\":\"WebSite\",\"@id\":\"https:\/\/ledsolintel.com\/#website\",\"url\":\"https:\/\/ledsolintel.com\/\",\"name\":\"Webmenaje\",\"description\":\"Tienda de bombillas y l\u00e1mparas LED para profesionales\",\"publisher\":{\"@id\":\"https:\/\/ledsolintel.com\/#organization\"},\"potentialAction\":[{\"@type\":\"SearchAction\",\"target\":{\"@type\":\"EntryPoint\",\"urlTemplate\":\"https:\/\/ledsolintel.com\/?s={search_term_string}\"},\"query-input\":{\"@type\":\"PropertyValueSpecification\",\"valueRequired\":true,\"valueName\":\"search_term_string\"}}],\"inLanguage\":\"fr-FR\"},{\"@type\":\"Organization\",\"@id\":\"https:\/\/ledsolintel.com\/#organization\",\"name\":\"Solintel Noroeste, S.L.\",\"url\":\"https:\/\/ledsolintel.com\/\",\"logo\":{\"@type\":\"ImageObject\",\"inLanguage\":\"fr-FR\",\"@id\":\"https:\/\/ledsolintel.com\/#\/schema\/logo\/image\/\",\"url\":\"https:\/\/ledsolintel.com\/wp-content\/uploads\/2024\/11\/webmenaje-logo-1508269066.jpg\",\"contentUrl\":\"https:\/\/ledsolintel.com\/wp-content\/uploads\/2024\/11\/webmenaje-logo-1508269066.jpg\",\"width\":370,\"height\":90,\"caption\":\"Solintel Noroeste, S.L.\"},\"image\":{\"@id\":\"https:\/\/ledsolintel.com\/#\/schema\/logo\/image\/\"},\"sameAs\":[\"http:\/\/www.facebook.com\/webmenaje\",\"https:\/\/x.com\/webmenaje\",\"https:\/\/www.youtube.com\/channel\/UCX2KoVoeCG4LocZjUc6LmSQ\",\"http:\/\/www.pinterest.com\/webmenaje\"]}]}<\/script>\n<!-- \/ Yoast SEO plugin. -->","yoast_head_json":{"title":"Nuestras marcas","description":"Las marcas profesionales de Ledsolintel","robots":{"index":"index","follow":"follow","max-snippet":"max-snippet:-1","max-image-preview":"max-image-preview:large","max-video-preview":"max-video-preview:-1"},"canonical":"https:\/\/ledsolintel.com\/fr\/nuestros-proveedores\/","og_locale":"fr_FR","og_type":"article","og_title":"Nuestras marcas","og_description":"Las marcas profesionales de Ledsolintel","og_url":"https:\/\/ledsolintel.com\/fr\/nuestros-proveedores\/","og_site_name":"Ledsolintel","article_publisher":"http:\/\/www.facebook.com\/webmenaje","og_image":[{"url":"https:\/\/ledsolintel.com\/wp-content\/uploads\/2012\/12\/faro_barcelona_iluminacion.jpg","width":1,"height":1,"type":"image\/jpeg"}],"twitter_card":"summary_large_image","twitter_site":"@webmenaje","twitter_misc":{"Dur\u00e9e de lecture estim\u00e9e":"4 minutes"},"schema":{"@context":"https:\/\/schema.org","@graph":[{"@type":"WebPage","@id":"https:\/\/ledsolintel.com\/nuestros-proveedores\/","url":"https:\/\/ledsolintel.com\/nuestros-proveedores\/","name":"Nuestras marcas","isPartOf":{"@id":"https:\/\/ledsolintel.com\/#website"},"primaryImageOfPage":{"@id":"https:\/\/ledsolintel.com\/nuestros-proveedores\/#primaryimage"},"image":{"@id":"https:\/\/ledsolintel.com\/nuestros-proveedores\/#primaryimage"},"thumbnailUrl":"https:\/\/ledsolintel.com\/wp-content\/uploads\/2012\/12\/faro_barcelona_iluminacion.jpg","datePublished":"2012-12-12T20:14:21+00:00","description":"Las marcas profesionales de Ledsolintel","breadcrumb":{"@id":"https:\/\/ledsolintel.com\/nuestros-proveedores\/#breadcrumb"},"inLanguage":"fr-FR","potentialAction":[{"@type":"ReadAction","target":["https:\/\/ledsolintel.com\/nuestros-proveedores\/"]}]},{"@type":"ImageObject","inLanguage":"fr-FR","@id":"https:\/\/ledsolintel.com\/nuestros-proveedores\/#primaryimage","url":"https:\/\/ledsolintel.com\/wp-content\/uploads\/2012\/12\/faro_barcelona_iluminacion.jpg","contentUrl":"https:\/\/ledsolintel.com\/wp-content\/uploads\/2012\/12\/faro_barcelona_iluminacion.jpg"},{"@type":"BreadcrumbList","@id":"https:\/\/ledsolintel.com\/nuestros-proveedores\/#breadcrumb","itemListElement":[{"@type":"ListItem","position":1,"name":"Portada","item":"https:\/\/ledsolintel.com\/fr\/"},{"@type":"ListItem","position":2,"name":"Nuestras marcas"}]},{"@type":"WebSite","@id":"https:\/\/ledsolintel.com\/#website","url":"https:\/\/ledsolintel.com\/","name":"Webmenaje","description":"Magasin d'ampoules et de lampes LED pour les professionnels","publisher":{"@id":"https:\/\/ledsolintel.com\/#organization"},"potentialAction":[{"@type":"SearchAction","target":{"@type":"EntryPoint","urlTemplate":"https:\/\/ledsolintel.com\/?s={search_term_string}"},"query-input":{"@type":"PropertyValueSpecification","valueRequired":true,"valueName":"search_term_string"}}],"inLanguage":"fr-FR"},{"@type":"Organization","@id":"https:\/\/ledsolintel.com\/#organization","name":"Solintel Noroeste, S.L.","url":"https:\/\/ledsolintel.com\/","logo":{"@type":"ImageObject","inLanguage":"fr-FR","@id":"https:\/\/ledsolintel.com\/#\/schema\/logo\/image\/","url":"https:\/\/ledsolintel.com\/wp-content\/uploads\/2024\/11\/webmenaje-logo-1508269066.jpg","contentUrl":"https:\/\/ledsolintel.com\/wp-content\/uploads\/2024\/11\/webmenaje-logo-1508269066.jpg","width":370,"height":90,"caption":"Solintel Noroeste, S.L."},"image":{"@id":"https:\/\/ledsolintel.com\/#\/schema\/logo\/image\/"},"sameAs":["http:\/\/www.facebook.com\/webmenaje","https:\/\/x.com\/webmenaje","https:\/\/www.youtube.com\/channel\/UCX2KoVoeCG4LocZjUc6LmSQ","http:\/\/www.pinterest.com\/webmenaje"]}]}},"_links":{"self":[{"href":"https:\/\/ledsolintel.com\/fr\/wp-json\/wp\/v2\/pages\/256850","targetHints":{"allow":["GET"]}}],"collection":[{"href":"https:\/\/ledsolintel.com\/fr\/wp-json\/wp\/v2\/pages"}],"about":[{"href":"https:\/\/ledsolintel.com\/fr\/wp-json\/wp\/v2\/types\/page"}],"author":[{"embeddable":true,"href":"https:\/\/ledsolintel.com\/fr\/wp-json\/wp\/v2\/users\/1"}],"replies":[{"embeddable":true,"href":"https:\/\/ledsolintel.com\/fr\/wp-json\/wp\/v2\/comments?post=256850"}],"version-history":[{"count":0,"href":"https:\/\/ledsolintel.com\/fr\/wp-json\/wp\/v2\/pages\/256850\/revisions"}],"wp:featuredmedia":[{"embeddable":true,"href":"https:\/\/ledsolintel.com\/fr\/wp-json\/wp\/v2\/media\/256848"}],"wp:attachment":[{"href":"https:\/\/ledsolintel.com\/fr\/wp-json\/wp\/v2\/media?parent=256850"}],"curies":[{"name":"wp","href":"https:\/\/api.w.org\/{rel}","templated":true}]}}