{"id":256847,"date":"2012-12-12T21:14:21","date_gmt":"2012-12-12T20:14:21","guid":{"rendered":"https:\/\/nueva.ledsolintel.com\/profesionales\/"},"modified":"2025-10-22T14:23:46","modified_gmt":"2025-10-22T12:23:46","slug":"profesionales","status":"publish","type":"page","link":"https:\/\/ledsolintel.com\/fr\/profesionales\/","title":{"rendered":"Professionnels"},"content":{"rendered":"<h2 style=\"text-align: justify;\">Conditions pour les professionnels (installateurs, d\u00e9corateurs, etc.)<\/h2>\n<p style=\"text-align: justify;\">Si vous \u00eates un professionnel de l'\u00e9clairage (installateur, d\u00e9corateur, technicien, etc...) et que vous souhaitez travailler avec nous, sachez que nous pouvons vous aider :<\/p>\n<ul style=\"text-align: justify;\">\n<li>Les prix de LEDSOLINTEL sont adapt\u00e9s aux diff\u00e9rents types de clients. Si vous souhaitez conna\u00eetre nos conditions \u00e9conomiques, contactez-nous par t\u00e9l\u00e9phone ou par mail et nous vous r\u00e9pondrons rapidement.<\/li>\n<\/ul>\n<ul style=\"text-align: justify;\">\n<li>Les principaux fournisseurs de LEDSOLINTEL sont des entreprises espagnoles leaders dans le secteur de l'\u00e9clairage, telles que BENEITO &amp; FAURE ; ROBLAN ; ASN-LED ; ECOLUX ; MU\u00d1OZ E HIJOS, ALEALUZ, LUZNOR, TRQ, etc. Tous garantissent la qualit\u00e9 et la durabilit\u00e9 de leurs produits.<\/li>\n<li>LEDSOLINTEL n'importe pas de produits orientaux de mauvaise qualit\u00e9 et sans marque. En cas de probl\u00e8me, LEDSOLINTEL et les fabricants ou revendeurs en Espagne sont toujours joignables et r\u00e9actifs.<\/li>\n<li>LEDSOLINTEL adapte ses services aux besoins de ses clients, et s'engage \u00e0 proposer les produits les plus adapt\u00e9s en fonction du budget, du lieu d'installation, de ses caract\u00e9ristiques, etc.<\/li>\n<li>L'\u00e9clairage peut transformer un espace en un lieu agr\u00e9able, beau et bien con\u00e7u, mais il peut aussi le transformer en quelque chose d'hostile. L'utilisation de lampes d'origine et de qualit\u00e9 inconnues est toujours un pari risqu\u00e9 ; pour un prix similaire, LEDSOLINTEL garantit la satisfaction de tout client en utilisant toujours des marques de premier plan.<\/li>\n<\/ul>\n<h4 style=\"text-align: justify;\">Contactez-nous \u00e0 l'adresse suivante<\/h4>\n<h5 style=\"text-align: justify;\">881 99 13 83<\/h5>\n<h5 style=\"text-align: justify;\">698 15 55 66<\/h5>\n<h5 style=\"text-align: justify;\">info@ledsolintel.com<\/h5>\n<p><img fetchpriority=\"high\" decoding=\"async\" class=\"aligncenter\" src=\"http:\/\/ledsolintel.com\/\/img\/cms\/profesionales.jpg\" alt=\"instaladores\" width=\"870\" height=\"450\" \/><\/p>","protected":false},"excerpt":{"rendered":"<p>Condiciones para profesionales (Instaladores, decoradores, etc.) Si es usted un profesional relacionado con la iluminaci\u00f3n (instalador, decorador, t\u00e9cnico, etc\u2026) y est\u00e1 interesado en trabajar con nosotros, debe saber que: Los precios de LEDSOLINTEL est\u00e1n adaptados para m\u00faltiples tipolog\u00edas de cliente. Si quiere conocer nuestras condiciones econ\u00f3micas, cont\u00e1ctenos por tel\u00e9fono o por correo y nosotros responderemos &hellip; <a href=\"https:\/\/ledsolintel.com\/fr\/profesionales\/\" class=\"more-link\">Continue reading <span class=\"screen-reader-text\">Professionnels<\/span><\/a><\/p>","protected":false},"author":1,"featured_media":0,"parent":0,"menu_order":14,"comment_status":"closed","ping_status":"closed","template":"","meta":{"footnotes":""},"class_list":["post-256847","page","type-page","status-publish","hentry"],"yoast_head":"<!-- This site is optimized with the Yoast SEO plugin v27.4 - https:\/\/yoast.com\/product\/yoast-seo-wordpress\/ -->\n<title>Profesionales<\/title>\n<meta name=\"description\" content=\"Condiciones especiales a instaladores y clientes profesionales\" \/>\n<meta name=\"robots\" content=\"index, follow, max-snippet:-1, max-image-preview:large, max-video-preview:-1\" \/>\n<link rel=\"canonical\" href=\"https:\/\/ledsolintel.com\/fr\/profesionales\/\" \/>\n<meta property=\"og:locale\" content=\"fr_FR\" \/>\n<meta property=\"og:type\" content=\"article\" \/>\n<meta property=\"og:title\" content=\"Profesionales\" \/>\n<meta property=\"og:description\" content=\"Condiciones especiales a instaladores y clientes profesionales\" \/>\n<meta property=\"og:url\" content=\"https:\/\/ledsolintel.com\/fr\/profesionales\/\" \/>\n<meta property=\"og:site_name\" content=\"Ledsolintel\" \/>\n<meta property=\"article:publisher\" content=\"http:\/\/www.facebook.com\/webmenaje\" \/>\n<meta property=\"article:modified_time\" content=\"2025-10-22T12:23:46+00:00\" \/>\n<meta property=\"og:image\" content=\"http:\/\/ledsolintel.com\/\/img\/cms\/profesionales.jpg\" \/>\n<meta name=\"twitter:card\" content=\"summary_large_image\" \/>\n<meta name=\"twitter:site\" content=\"@webmenaje\" \/>\n<meta name=\"twitter:label1\" content=\"Dur\u00e9e de lecture estim\u00e9e\" \/>\n\t<meta name=\"twitter:data1\" content=\"2 minutes\" \/>\n<script type=\"application\/ld+json\" class=\"yoast-schema-graph\">{\"@context\":\"https:\\\/\\\/schema.org\",\"@graph\":[{\"@type\":\"WebPage\",\"@id\":\"https:\\\/\\\/ledsolintel.com\\\/fr\\\/profesionales\\\/\",\"url\":\"https:\\\/\\\/ledsolintel.com\\\/fr\\\/profesionales\\\/\",\"name\":\"Profesionales\",\"isPartOf\":{\"@id\":\"https:\\\/\\\/ledsolintel.com\\\/#website\"},\"primaryImageOfPage\":{\"@id\":\"https:\\\/\\\/ledsolintel.com\\\/fr\\\/profesionales\\\/#primaryimage\"},\"image\":{\"@id\":\"https:\\\/\\\/ledsolintel.com\\\/fr\\\/profesionales\\\/#primaryimage\"},\"thumbnailUrl\":\"http:\\\/\\\/ledsolintel.com\\\/\\\/img\\\/cms\\\/profesionales.jpg\",\"datePublished\":\"2012-12-12T20:14:21+00:00\",\"dateModified\":\"2025-10-22T12:23:46+00:00\",\"description\":\"Condiciones especiales a instaladores y clientes profesionales\",\"breadcrumb\":{\"@id\":\"https:\\\/\\\/ledsolintel.com\\\/fr\\\/profesionales\\\/#breadcrumb\"},\"inLanguage\":\"fr-FR\",\"potentialAction\":[{\"@type\":\"ReadAction\",\"target\":[\"https:\\\/\\\/ledsolintel.com\\\/fr\\\/profesionales\\\/\"]}]},{\"@type\":\"ImageObject\",\"inLanguage\":\"fr-FR\",\"@id\":\"https:\\\/\\\/ledsolintel.com\\\/fr\\\/profesionales\\\/#primaryimage\",\"url\":\"http:\\\/\\\/ledsolintel.com\\\/\\\/img\\\/cms\\\/profesionales.jpg\",\"contentUrl\":\"http:\\\/\\\/ledsolintel.com\\\/\\\/img\\\/cms\\\/profesionales.jpg\"},{\"@type\":\"BreadcrumbList\",\"@id\":\"https:\\\/\\\/ledsolintel.com\\\/fr\\\/profesionales\\\/#breadcrumb\",\"itemListElement\":[{\"@type\":\"ListItem\",\"position\":1,\"name\":\"Portada\",\"item\":\"https:\\\/\\\/ledsolintel.com\\\/fr\\\/\"},{\"@type\":\"ListItem\",\"position\":2,\"name\":\"Profesionales\"}]},{\"@type\":\"WebSite\",\"@id\":\"https:\\\/\\\/ledsolintel.com\\\/#website\",\"url\":\"https:\\\/\\\/ledsolintel.com\\\/\",\"name\":\"Webmenaje\",\"description\":\"Tienda de bombillas y l\u00e1mparas LED para profesionales\",\"publisher\":{\"@id\":\"https:\\\/\\\/ledsolintel.com\\\/#organization\"},\"potentialAction\":[{\"@type\":\"SearchAction\",\"target\":{\"@type\":\"EntryPoint\",\"urlTemplate\":\"https:\\\/\\\/ledsolintel.com\\\/?s={search_term_string}\"},\"query-input\":{\"@type\":\"PropertyValueSpecification\",\"valueRequired\":true,\"valueName\":\"search_term_string\"}}],\"inLanguage\":\"fr-FR\"},{\"@type\":\"Organization\",\"@id\":\"https:\\\/\\\/ledsolintel.com\\\/#organization\",\"name\":\"Solintel Noroeste, S.L.\",\"url\":\"https:\\\/\\\/ledsolintel.com\\\/\",\"logo\":{\"@type\":\"ImageObject\",\"inLanguage\":\"fr-FR\",\"@id\":\"https:\\\/\\\/ledsolintel.com\\\/#\\\/schema\\\/logo\\\/image\\\/\",\"url\":\"https:\\\/\\\/ledsolintel.com\\\/wp-content\\\/uploads\\\/2024\\\/11\\\/webmenaje-logo-1508269066.jpg\",\"contentUrl\":\"https:\\\/\\\/ledsolintel.com\\\/wp-content\\\/uploads\\\/2024\\\/11\\\/webmenaje-logo-1508269066.jpg\",\"width\":370,\"height\":90,\"caption\":\"Solintel Noroeste, S.L.\"},\"image\":{\"@id\":\"https:\\\/\\\/ledsolintel.com\\\/#\\\/schema\\\/logo\\\/image\\\/\"},\"sameAs\":[\"http:\\\/\\\/www.facebook.com\\\/webmenaje\",\"https:\\\/\\\/x.com\\\/webmenaje\",\"https:\\\/\\\/www.youtube.com\\\/channel\\\/UCX2KoVoeCG4LocZjUc6LmSQ\",\"http:\\\/\\\/www.pinterest.com\\\/webmenaje\"]}]}<\/script>\n<!-- \/ Yoast SEO plugin. -->","yoast_head_json":{"title":"Professionnels","description":"Condiciones especiales a instaladores y clientes profesionales","robots":{"index":"index","follow":"follow","max-snippet":"max-snippet:-1","max-image-preview":"max-image-preview:large","max-video-preview":"max-video-preview:-1"},"canonical":"https:\/\/ledsolintel.com\/fr\/profesionales\/","og_locale":"fr_FR","og_type":"article","og_title":"Profesionales","og_description":"Condiciones especiales a instaladores y clientes profesionales","og_url":"https:\/\/ledsolintel.com\/fr\/profesionales\/","og_site_name":"Ledsolintel","article_publisher":"http:\/\/www.facebook.com\/webmenaje","article_modified_time":"2025-10-22T12:23:46+00:00","og_image":[{"url":"http:\/\/ledsolintel.com\/\/img\/cms\/profesionales.jpg","type":"","width":"","height":""}],"twitter_card":"summary_large_image","twitter_site":"@webmenaje","twitter_misc":{"Dur\u00e9e de lecture estim\u00e9e":"2 minutes"},"schema":{"@context":"https:\/\/schema.org","@graph":[{"@type":"WebPage","@id":"https:\/\/ledsolintel.com\/fr\/profesionales\/","url":"https:\/\/ledsolintel.com\/fr\/profesionales\/","name":"Professionnels","isPartOf":{"@id":"https:\/\/ledsolintel.com\/#website"},"primaryImageOfPage":{"@id":"https:\/\/ledsolintel.com\/fr\/profesionales\/#primaryimage"},"image":{"@id":"https:\/\/ledsolintel.com\/fr\/profesionales\/#primaryimage"},"thumbnailUrl":"http:\/\/ledsolintel.com\/\/img\/cms\/profesionales.jpg","datePublished":"2012-12-12T20:14:21+00:00","dateModified":"2025-10-22T12:23:46+00:00","description":"Condiciones especiales a instaladores y clientes profesionales","breadcrumb":{"@id":"https:\/\/ledsolintel.com\/fr\/profesionales\/#breadcrumb"},"inLanguage":"fr-FR","potentialAction":[{"@type":"ReadAction","target":["https:\/\/ledsolintel.com\/fr\/profesionales\/"]}]},{"@type":"ImageObject","inLanguage":"fr-FR","@id":"https:\/\/ledsolintel.com\/fr\/profesionales\/#primaryimage","url":"http:\/\/ledsolintel.com\/\/img\/cms\/profesionales.jpg","contentUrl":"http:\/\/ledsolintel.com\/\/img\/cms\/profesionales.jpg"},{"@type":"BreadcrumbList","@id":"https:\/\/ledsolintel.com\/fr\/profesionales\/#breadcrumb","itemListElement":[{"@type":"ListItem","position":1,"name":"Portada","item":"https:\/\/ledsolintel.com\/fr\/"},{"@type":"ListItem","position":2,"name":"Profesionales"}]},{"@type":"WebSite","@id":"https:\/\/ledsolintel.com\/#website","url":"https:\/\/ledsolintel.com\/","name":"Webmenaje","description":"Magasin d'ampoules et de lampes LED pour les professionnels","publisher":{"@id":"https:\/\/ledsolintel.com\/#organization"},"potentialAction":[{"@type":"SearchAction","target":{"@type":"EntryPoint","urlTemplate":"https:\/\/ledsolintel.com\/?s={search_term_string}"},"query-input":{"@type":"PropertyValueSpecification","valueRequired":true,"valueName":"search_term_string"}}],"inLanguage":"fr-FR"},{"@type":"Organization","@id":"https:\/\/ledsolintel.com\/#organization","name":"Solintel Noroeste, S.L.","url":"https:\/\/ledsolintel.com\/","logo":{"@type":"ImageObject","inLanguage":"fr-FR","@id":"https:\/\/ledsolintel.com\/#\/schema\/logo\/image\/","url":"https:\/\/ledsolintel.com\/wp-content\/uploads\/2024\/11\/webmenaje-logo-1508269066.jpg","contentUrl":"https:\/\/ledsolintel.com\/wp-content\/uploads\/2024\/11\/webmenaje-logo-1508269066.jpg","width":370,"height":90,"caption":"Solintel Noroeste, S.L."},"image":{"@id":"https:\/\/ledsolintel.com\/#\/schema\/logo\/image\/"},"sameAs":["http:\/\/www.facebook.com\/webmenaje","https:\/\/x.com\/webmenaje","https:\/\/www.youtube.com\/channel\/UCX2KoVoeCG4LocZjUc6LmSQ","http:\/\/www.pinterest.com\/webmenaje"]}]}},"_links":{"self":[{"href":"https:\/\/ledsolintel.com\/fr\/wp-json\/wp\/v2\/pages\/256847","targetHints":{"allow":["GET"]}}],"collection":[{"href":"https:\/\/ledsolintel.com\/fr\/wp-json\/wp\/v2\/pages"}],"about":[{"href":"https:\/\/ledsolintel.com\/fr\/wp-json\/wp\/v2\/types\/page"}],"author":[{"embeddable":true,"href":"https:\/\/ledsolintel.com\/fr\/wp-json\/wp\/v2\/users\/1"}],"replies":[{"embeddable":true,"href":"https:\/\/ledsolintel.com\/fr\/wp-json\/wp\/v2\/comments?post=256847"}],"version-history":[{"count":1,"href":"https:\/\/ledsolintel.com\/fr\/wp-json\/wp\/v2\/pages\/256847\/revisions"}],"predecessor-version":[{"id":256900,"href":"https:\/\/ledsolintel.com\/fr\/wp-json\/wp\/v2\/pages\/256847\/revisions\/256900"}],"wp:attachment":[{"href":"https:\/\/ledsolintel.com\/fr\/wp-json\/wp\/v2\/media?parent=256847"}],"curies":[{"name":"wp","href":"https:\/\/api.w.org\/{rel}","templated":true}]}}