{"id":256840,"date":"2012-12-12T21:14:21","date_gmt":"2012-12-12T20:14:21","guid":{"rendered":"https:\/\/nueva.ledsolintel.com\/quienes-somos\/"},"modified":"2025-10-22T12:38:01","modified_gmt":"2025-10-22T10:38:01","slug":"quienes-somos","status":"publish","type":"page","link":"https:\/\/ledsolintel.com\/fr\/quienes-somos\/","title":{"rendered":"Qui sommes-nous ?"},"content":{"rendered":"<h3>Nos principes<\/h3>\n<p>LEDSOLINTEL a \u00e9t\u00e9 cr\u00e9\u00e9e en r\u00e9ponse au manque d'attention que le march\u00e9 de l'\u00e9clairage LED accorde \u00e0 la sph\u00e8re num\u00e9rique. Notre \u00e9quipe est compos\u00e9e \u00e0 la fois de sp\u00e9cialistes de l'\u00e9clairage et d'experts de la vente en ligne, et leur combinaison donne naissance aux trois principes sur lesquels repose LEDSOLINTEL :<\/p>\n<p style=\"text-align: justify;\">\n<ul>\n<li>Fournir un \u00e9clairage de qualit\u00e9 pour r\u00e9pondre aux besoins sp\u00e9cifiques de votre maison ou de votre entreprise.<\/li>\n<\/ul>\n<ul>\n<li>R\u00e9duisez le co\u00fbt de votre consommation d'\u00e9lectricit\u00e9 de 60 \u00e0 80%, contribuant ainsi \u00e0 la fois aux \u00e9conomies et \u00e0 la pr\u00e9servation de l'environnement.<\/li>\n<\/ul>\n<ul>\n<li>Faciliter les multiples canaux de communication avec le client qui \u00e9liminent l'impersonnalit\u00e9 du commerce num\u00e9rique et nous permettent de le conseiller et de r\u00e9pondre \u00e0 ses questions.<\/li>\n<\/ul>\n<h3 style=\"text-align: justify;\">Nos produits<\/h3>\n<p style=\"text-align: justify;\">Chez LEDSOLINTEL, nous sommes constamment \u00e0 la recherche de nouveaux produits sur le march\u00e9 afin de nous assurer que nos produits sont toujours les plus adapt\u00e9s en termes de qualit\u00e9 de lumi\u00e8re et d'efficacit\u00e9 \u00e9nerg\u00e9tique. Nous ne travaillons qu'avec des marques europ\u00e9ennes ou des importateurs europ\u00e9ens dont la qualit\u00e9 est plus que prouv\u00e9e et qui offrent des garanties au client en cas de d\u00e9fectuosit\u00e9 du mat\u00e9riel.<\/p>\n<h3 style=\"text-align: justify;\">Ce que vous pouvez attendre de nous<\/h3>\n<ul>\n<li>Nous garantissons un service rapide et personnalis\u00e9. Si vous n'\u00eates pas un professionnel ou si vous \u00eates perdu parmi les nombreuses (et souvent d\u00e9routantes) options dans le domaine de l'\u00e9clairage, il vous suffit de nous contacter par t\u00e9l\u00e9phone, whatsapp ou e-mail et de nous exposer votre cas, et nous ferons en sorte de r\u00e9soudre tous vos doutes.<\/li>\n<\/ul>\n<ul style=\"text-align: justify;\">\n<li>Si n\u00e9cessaire, nous offrons la possibilit\u00e9 de r\u00e9aliser une \u00e9tude de l'\u00e9clairage actuel et de la consommation d'\u00e9lectricit\u00e9 de votre maison ou de votre entreprise, et de vous proposer le plan d'\u00e9clairage le mieux adapt\u00e9 \u00e0 votre budget et \u00e0 vos besoins d'\u00e9clairage.<\/li>\n<\/ul>\n<ul style=\"text-align: justify;\">\n<li>Nous vous offrons une transparence absolue sur les caract\u00e9ristiques de nos produits, leurs garanties, nos prix et l'\u00e9tat de votre commande.<\/li>\n<\/ul>\n<ul style=\"text-align: justify;\">\n<li>Transport vers le monde entier. Nous sommes sp\u00e9cialis\u00e9s dans le commerce avec l'Europe.<\/li>\n<\/ul>\n<h3>Ce que vous obtenez avec votre achat<\/h3>\n<p>En utilisant nos produits, votre facture d'\u00e9lectricit\u00e9 sera r\u00e9duite jusqu'\u00e0 80% sans perte de luminosit\u00e9. Cette r\u00e9duction est d\u00e9cisive pour les immeubles d'habitation, les immeubles de bureaux et les locaux commerciaux, o\u00f9 les co\u00fbts d'\u00e9lectricit\u00e9 sont souvent tr\u00e8s \u00e9lev\u00e9s, mais elle permet \u00e9galement aux petits m\u00e9nages de r\u00e9aliser des \u00e9conomies. Gr\u00e2ce \u00e0 leur longue dur\u00e9e de vie et \u00e0 leur faible consommation d'\u00e9nergie, nos ampoules sont des produits extr\u00eamement rentables, dont l'achat est amorti d\u00e8s les deux ou trois premi\u00e8res ann\u00e9es d'utilisation.<\/p>\n<p>Outre l'aspect \u00e9conomique, en optant pour un \u00e9clairage efficace, vous r\u00e9duirez vos besoins en \u00e9nergie et donc l'utilisation de combustibles fossiles et nucl\u00e9aires, et vous contribuerez \u00e0 att\u00e9nuer l'impact de l'homme sur l'environnement. Avec un geste aussi simple que de changer une ampoule, vous faites votre part pour un avenir plus vert et plus durable.<\/p>\n<p style=\"text-align: justify;\"><img fetchpriority=\"high\" decoding=\"async\" src=\"https:\/\/ledsolintel.com\/img\/cms\/casa-iluminada-led.jpg\" alt=\"casa-iluminada-led.jpg\" width=\"870\" height=\"580\" \/><\/p>","protected":false},"excerpt":{"rendered":"<p>Nuestros principios LEDSOLINTEL surge como respuesta a la escasa atenci\u00f3n que el mercado de la iluminaci\u00f3n LED est\u00e1\u00a0dando al \u00e1mbito digital. Nuestra plantilla est\u00e1 compuesta tanto por especialistas en iluminaci\u00f3n como por expertos en la venta online, y de su combinaci\u00f3n surgen los tres principios sobre los que se\u00a0fundamenta LEDSOLINTEL: Ofrecer una iluminaci\u00f3n de calidad &hellip; <a href=\"https:\/\/ledsolintel.com\/fr\/quienes-somos\/\" class=\"more-link\">Continue reading <span class=\"screen-reader-text\">Qui sommes-nous ?<\/span><\/a><\/p>","protected":false},"author":1,"featured_media":0,"parent":0,"menu_order":7,"comment_status":"closed","ping_status":"closed","template":"","meta":{"footnotes":""},"class_list":["post-256840","page","type-page","status-publish","hentry"],"yoast_head":"<!-- This site is optimized with the Yoast SEO plugin v26.6 - https:\/\/yoast.com\/wordpress\/plugins\/seo\/ -->\n<title>qui\u00e9nes somos<\/title>\n<meta name=\"description\" content=\"Grupo de personas que forman el equipo de ledsolintel\" \/>\n<meta name=\"robots\" content=\"index, follow, max-snippet:-1, max-image-preview:large, max-video-preview:-1\" \/>\n<link rel=\"canonical\" href=\"https:\/\/ledsolintel.com\/fr\/quienes-somos\/\" \/>\n<meta property=\"og:locale\" content=\"fr_FR\" \/>\n<meta property=\"og:type\" content=\"article\" \/>\n<meta property=\"og:title\" content=\"qui\u00e9nes somos\" \/>\n<meta property=\"og:description\" content=\"Grupo de personas que forman el equipo de ledsolintel\" \/>\n<meta property=\"og:url\" content=\"https:\/\/ledsolintel.com\/fr\/quienes-somos\/\" \/>\n<meta property=\"og:site_name\" content=\"Ledsolintel\" \/>\n<meta property=\"article:publisher\" content=\"http:\/\/www.facebook.com\/webmenaje\" \/>\n<meta property=\"article:modified_time\" content=\"2025-10-22T10:38:01+00:00\" \/>\n<meta property=\"og:image\" content=\"https:\/\/ledsolintel.com\/img\/cms\/casa-iluminada-led.jpg\" \/>\n<meta name=\"twitter:card\" content=\"summary_large_image\" \/>\n<meta name=\"twitter:site\" content=\"@webmenaje\" \/>\n<meta name=\"twitter:label1\" content=\"Dur\u00e9e de lecture estim\u00e9e\" \/>\n\t<meta name=\"twitter:data1\" content=\"3 minutes\" \/>\n<script type=\"application\/ld+json\" class=\"yoast-schema-graph\">{\"@context\":\"https:\/\/schema.org\",\"@graph\":[{\"@type\":\"WebPage\",\"@id\":\"https:\/\/ledsolintel.com\/quienes-somos\/\",\"url\":\"https:\/\/ledsolintel.com\/quienes-somos\/\",\"name\":\"qui\u00e9nes somos\",\"isPartOf\":{\"@id\":\"https:\/\/ledsolintel.com\/#website\"},\"primaryImageOfPage\":{\"@id\":\"https:\/\/ledsolintel.com\/quienes-somos\/#primaryimage\"},\"image\":{\"@id\":\"https:\/\/ledsolintel.com\/quienes-somos\/#primaryimage\"},\"thumbnailUrl\":\"https:\/\/ledsolintel.com\/img\/cms\/casa-iluminada-led.jpg\",\"datePublished\":\"2012-12-12T20:14:21+00:00\",\"dateModified\":\"2025-10-22T10:38:01+00:00\",\"description\":\"Grupo de personas que forman el equipo de ledsolintel\",\"breadcrumb\":{\"@id\":\"https:\/\/ledsolintel.com\/quienes-somos\/#breadcrumb\"},\"inLanguage\":\"fr-FR\",\"potentialAction\":[{\"@type\":\"ReadAction\",\"target\":[\"https:\/\/ledsolintel.com\/quienes-somos\/\"]}]},{\"@type\":\"ImageObject\",\"inLanguage\":\"fr-FR\",\"@id\":\"https:\/\/ledsolintel.com\/quienes-somos\/#primaryimage\",\"url\":\"https:\/\/ledsolintel.com\/img\/cms\/casa-iluminada-led.jpg\",\"contentUrl\":\"https:\/\/ledsolintel.com\/img\/cms\/casa-iluminada-led.jpg\"},{\"@type\":\"BreadcrumbList\",\"@id\":\"https:\/\/ledsolintel.com\/quienes-somos\/#breadcrumb\",\"itemListElement\":[{\"@type\":\"ListItem\",\"position\":1,\"name\":\"Portada\",\"item\":\"https:\/\/ledsolintel.com\/fr\/\"},{\"@type\":\"ListItem\",\"position\":2,\"name\":\"Qui\u00e9nes somos\"}]},{\"@type\":\"WebSite\",\"@id\":\"https:\/\/ledsolintel.com\/#website\",\"url\":\"https:\/\/ledsolintel.com\/\",\"name\":\"Webmenaje\",\"description\":\"Tienda de bombillas y l\u00e1mparas LED para profesionales\",\"publisher\":{\"@id\":\"https:\/\/ledsolintel.com\/#organization\"},\"potentialAction\":[{\"@type\":\"SearchAction\",\"target\":{\"@type\":\"EntryPoint\",\"urlTemplate\":\"https:\/\/ledsolintel.com\/?s={search_term_string}\"},\"query-input\":{\"@type\":\"PropertyValueSpecification\",\"valueRequired\":true,\"valueName\":\"search_term_string\"}}],\"inLanguage\":\"fr-FR\"},{\"@type\":\"Organization\",\"@id\":\"https:\/\/ledsolintel.com\/#organization\",\"name\":\"Solintel Noroeste, S.L.\",\"url\":\"https:\/\/ledsolintel.com\/\",\"logo\":{\"@type\":\"ImageObject\",\"inLanguage\":\"fr-FR\",\"@id\":\"https:\/\/ledsolintel.com\/#\/schema\/logo\/image\/\",\"url\":\"https:\/\/ledsolintel.com\/wp-content\/uploads\/2024\/11\/webmenaje-logo-1508269066.jpg\",\"contentUrl\":\"https:\/\/ledsolintel.com\/wp-content\/uploads\/2024\/11\/webmenaje-logo-1508269066.jpg\",\"width\":370,\"height\":90,\"caption\":\"Solintel Noroeste, S.L.\"},\"image\":{\"@id\":\"https:\/\/ledsolintel.com\/#\/schema\/logo\/image\/\"},\"sameAs\":[\"http:\/\/www.facebook.com\/webmenaje\",\"https:\/\/x.com\/webmenaje\",\"https:\/\/www.youtube.com\/channel\/UCX2KoVoeCG4LocZjUc6LmSQ\",\"http:\/\/www.pinterest.com\/webmenaje\"]}]}<\/script>\n<!-- \/ Yoast SEO plugin. -->","yoast_head_json":{"title":"qui\u00e9nes somos","description":"Grupo de personas que forman el equipo de ledsolintel","robots":{"index":"index","follow":"follow","max-snippet":"max-snippet:-1","max-image-preview":"max-image-preview:large","max-video-preview":"max-video-preview:-1"},"canonical":"https:\/\/ledsolintel.com\/fr\/quienes-somos\/","og_locale":"fr_FR","og_type":"article","og_title":"qui\u00e9nes somos","og_description":"Grupo de personas que forman el equipo de ledsolintel","og_url":"https:\/\/ledsolintel.com\/fr\/quienes-somos\/","og_site_name":"Ledsolintel","article_publisher":"http:\/\/www.facebook.com\/webmenaje","article_modified_time":"2025-10-22T10:38:01+00:00","og_image":[{"url":"https:\/\/ledsolintel.com\/img\/cms\/casa-iluminada-led.jpg","type":"","width":"","height":""}],"twitter_card":"summary_large_image","twitter_site":"@webmenaje","twitter_misc":{"Dur\u00e9e de lecture estim\u00e9e":"3 minutes"},"schema":{"@context":"https:\/\/schema.org","@graph":[{"@type":"WebPage","@id":"https:\/\/ledsolintel.com\/quienes-somos\/","url":"https:\/\/ledsolintel.com\/quienes-somos\/","name":"qui\u00e9nes somos","isPartOf":{"@id":"https:\/\/ledsolintel.com\/#website"},"primaryImageOfPage":{"@id":"https:\/\/ledsolintel.com\/quienes-somos\/#primaryimage"},"image":{"@id":"https:\/\/ledsolintel.com\/quienes-somos\/#primaryimage"},"thumbnailUrl":"https:\/\/ledsolintel.com\/img\/cms\/casa-iluminada-led.jpg","datePublished":"2012-12-12T20:14:21+00:00","dateModified":"2025-10-22T10:38:01+00:00","description":"Grupo de personas que forman el equipo de ledsolintel","breadcrumb":{"@id":"https:\/\/ledsolintel.com\/quienes-somos\/#breadcrumb"},"inLanguage":"fr-FR","potentialAction":[{"@type":"ReadAction","target":["https:\/\/ledsolintel.com\/quienes-somos\/"]}]},{"@type":"ImageObject","inLanguage":"fr-FR","@id":"https:\/\/ledsolintel.com\/quienes-somos\/#primaryimage","url":"https:\/\/ledsolintel.com\/img\/cms\/casa-iluminada-led.jpg","contentUrl":"https:\/\/ledsolintel.com\/img\/cms\/casa-iluminada-led.jpg"},{"@type":"BreadcrumbList","@id":"https:\/\/ledsolintel.com\/quienes-somos\/#breadcrumb","itemListElement":[{"@type":"ListItem","position":1,"name":"Portada","item":"https:\/\/ledsolintel.com\/fr\/"},{"@type":"ListItem","position":2,"name":"Qui\u00e9nes somos"}]},{"@type":"WebSite","@id":"https:\/\/ledsolintel.com\/#website","url":"https:\/\/ledsolintel.com\/","name":"Webmenaje","description":"Magasin d'ampoules et de lampes LED pour les professionnels","publisher":{"@id":"https:\/\/ledsolintel.com\/#organization"},"potentialAction":[{"@type":"SearchAction","target":{"@type":"EntryPoint","urlTemplate":"https:\/\/ledsolintel.com\/?s={search_term_string}"},"query-input":{"@type":"PropertyValueSpecification","valueRequired":true,"valueName":"search_term_string"}}],"inLanguage":"fr-FR"},{"@type":"Organization","@id":"https:\/\/ledsolintel.com\/#organization","name":"Solintel Noroeste, S.L.","url":"https:\/\/ledsolintel.com\/","logo":{"@type":"ImageObject","inLanguage":"fr-FR","@id":"https:\/\/ledsolintel.com\/#\/schema\/logo\/image\/","url":"https:\/\/ledsolintel.com\/wp-content\/uploads\/2024\/11\/webmenaje-logo-1508269066.jpg","contentUrl":"https:\/\/ledsolintel.com\/wp-content\/uploads\/2024\/11\/webmenaje-logo-1508269066.jpg","width":370,"height":90,"caption":"Solintel Noroeste, S.L."},"image":{"@id":"https:\/\/ledsolintel.com\/#\/schema\/logo\/image\/"},"sameAs":["http:\/\/www.facebook.com\/webmenaje","https:\/\/x.com\/webmenaje","https:\/\/www.youtube.com\/channel\/UCX2KoVoeCG4LocZjUc6LmSQ","http:\/\/www.pinterest.com\/webmenaje"]}]}},"_links":{"self":[{"href":"https:\/\/ledsolintel.com\/fr\/wp-json\/wp\/v2\/pages\/256840","targetHints":{"allow":["GET"]}}],"collection":[{"href":"https:\/\/ledsolintel.com\/fr\/wp-json\/wp\/v2\/pages"}],"about":[{"href":"https:\/\/ledsolintel.com\/fr\/wp-json\/wp\/v2\/types\/page"}],"author":[{"embeddable":true,"href":"https:\/\/ledsolintel.com\/fr\/wp-json\/wp\/v2\/users\/1"}],"replies":[{"embeddable":true,"href":"https:\/\/ledsolintel.com\/fr\/wp-json\/wp\/v2\/comments?post=256840"}],"version-history":[{"count":1,"href":"https:\/\/ledsolintel.com\/fr\/wp-json\/wp\/v2\/pages\/256840\/revisions"}],"predecessor-version":[{"id":256899,"href":"https:\/\/ledsolintel.com\/fr\/wp-json\/wp\/v2\/pages\/256840\/revisions\/256899"}],"wp:attachment":[{"href":"https:\/\/ledsolintel.com\/fr\/wp-json\/wp\/v2\/media?parent=256840"}],"curies":[{"name":"wp","href":"https:\/\/api.w.org\/{rel}","templated":true}]}}